{"id":2402,"date":"2025-02-10T15:35:22","date_gmt":"2025-02-10T07:35:22","guid":{"rendered":"https:\/\/bogonglaser.com\/?post_type=product&#038;p=2402"},"modified":"2026-03-05T11:39:20","modified_gmt":"2026-03-05T03:39:20","slug":"smallest-3020-fiber-laer-cutting-machine-300200mm","status":"publish","type":"product","link":"https:\/\/bogonglaser.com\/tr\/smallest-3020-fiber-laer-cutting-machine-300200mm\/","title":{"rendered":"Profesyonel K\u00fc\u00e7\u00fck Metal Lazer Kesim Makinesi \u00dcreticisi (300 * 200mm)"},"content":{"rendered":"<p><strong>Bogong Smallest Fiber Laser Cutter (300 x 200 mm)<\/strong><\/p>\n<p>Introducing the Smallest <a href=\"https:\/\/bogonglaser.com\/tr\/fiber-laser-cutter\/\">Fiber Lazer Kesici<\/a>, engineered for precision and efficiency in metal fabrication.<\/p>\n<p>With a compact cutting area of 300 x 200 mm, this innovative machine is designed to deliver superior performance in a variety of applications, from small-scale production to intricate prototypes.<\/p>\n<p><img decoding=\"async\" class=\"alignnone size-full wp-image-9094\" src=\"https:\/\/bogonglaser.com\/wp-content\/uploads\/2025\/02\/small-metal-laser-cutter.jpg\" alt=\"\" width=\"800\" height=\"600\" title=\"\" srcset=\"https:\/\/bogonglaser.com\/wp-content\/uploads\/2025\/02\/small-metal-laser-cutter.jpg 800w, https:\/\/bogonglaser.com\/wp-content\/uploads\/2025\/02\/small-metal-laser-cutter-300x225.jpg 300w, https:\/\/bogonglaser.com\/wp-content\/uploads\/2025\/02\/small-metal-laser-cutter-768x576.jpg 768w, https:\/\/bogonglaser.com\/wp-content\/uploads\/2025\/02\/small-metal-laser-cutter-16x12.jpg 16w, https:\/\/bogonglaser.com\/wp-content\/uploads\/2025\/02\/small-metal-laser-cutter-600x450.jpg 600w\" sizes=\"(max-width: 800px) 100vw, 800px\" \/><\/p>\n<p><strong>Core Advantages:<\/strong><\/p>\n<ul>\n<li><strong>High Cutting precision:<\/strong> Smooth cutting edge, high accuracy.<\/li>\n<li><strong>Strong Cutting Ability:<\/strong> High efficiency for various metal materials processing, like stainless steel, Gold, Silver, aluminum alloy, copper, titanium alloy, carbon steel, and various alloy steels<\/li>\n<li><strong>Small &amp; Compact Structure: <\/strong>Space-saving, easy to install and operate.<\/li>\n<li><strong>Geli\u015fmi\u015f Fiber Lazer Teknolojisi:<\/strong> Bogong kesici, y\u00fcksek kaliteli fiber lazer teknolojisi, Hava so\u011futmal\u0131 Lazer kayna\u011f\u0131 ve Lazer kafas\u0131 ekleyerek y\u00fcksek kesim h\u0131zlar\u0131 ve ola\u011fan\u00fcst\u00fc hassasiyet sa\u011flar. Bu, karma\u015f\u0131k tasar\u0131mlarda bile temiz ve do\u011fru kesimlere olanak tan\u0131r.<\/li>\n<li><strong>Factory Direct Supply:<\/strong> Competitive price, strict quality control.<\/li>\n<li><strong>Widely Recognized by Customers: <\/strong>Trusted by global buyers in metal fabrication industry.<\/li>\n<li><strong>Kullan\u0131c\u0131 Dostu Aray\u00fcz:<\/strong> Sezgisel bir kontrol sistemi ile donat\u0131lan makineyi kullan\u0131c\u0131lar kolayca kurup \u00e7al\u0131\u015ft\u0131rabilir, kesim s\u00fcrecini kolayla\u015ft\u0131r\u0131r ve \u00fcretkenli\u011fi art\u0131r\u0131r.<\/li>\n<li><strong>Y\u00fcksek Kararl\u0131l\u0131k ve Uzun \u00d6m\u00fcrl\u00fcl\u00fck:<\/strong> Y\u00fcksek kaliteli bile\u015fenlerle \u00fcretilen Bogong En K\u00fc\u00e7\u00fck Fiber Lazer Kesici, dayan\u0131kl\u0131l\u0131k ve uzun vadeli performans i\u00e7in tasarlanm\u0131\u015ft\u0131r, bak\u0131m maliyetlerini ve ar\u0131za s\u00fcresini azalt\u0131r.<\/li>\n<li><strong>G\u00fcvenlik \u00d6zellikleri:<\/strong> Makine, \u00e7al\u0131\u015fma s\u0131ras\u0131nda operat\u00f6r\u00fcn korunmas\u0131n\u0131 sa\u011flamak i\u00e7in temel g\u00fcvenlik mekanizmalar\u0131yla donat\u0131lm\u0131\u015ft\u0131r ve g\u00fcvenli bir \u00e7al\u0131\u015fma ortam\u0131 sa\u011flar.<\/li>\n<\/ul>\n<figure id=\"attachment_9101\" aria-describedby=\"caption-attachment-9101\" style=\"width: 800px\" class=\"wp-caption alignnone\"><img decoding=\"async\" class=\"size-full wp-image-9101\" src=\"https:\/\/bogonglaser.com\/wp-content\/uploads\/2025\/02\/QQ\u56fe\u724720260305113828.jpeg\" alt=\"small size laser cutter\" width=\"800\" height=\"800\" title=\"\" srcset=\"https:\/\/bogonglaser.com\/wp-content\/uploads\/2025\/02\/QQ\u56fe\u724720260305113828.jpeg 800w, https:\/\/bogonglaser.com\/wp-content\/uploads\/2025\/02\/QQ\u56fe\u724720260305113828-300x300.jpeg 300w, https:\/\/bogonglaser.com\/wp-content\/uploads\/2025\/02\/QQ\u56fe\u724720260305113828-150x150.jpeg 150w, https:\/\/bogonglaser.com\/wp-content\/uploads\/2025\/02\/QQ\u56fe\u724720260305113828-768x768.jpeg 768w, https:\/\/bogonglaser.com\/wp-content\/uploads\/2025\/02\/QQ\u56fe\u724720260305113828-12x12.jpeg 12w, https:\/\/bogonglaser.com\/wp-content\/uploads\/2025\/02\/QQ\u56fe\u724720260305113828-600x600.jpeg 600w, https:\/\/bogonglaser.com\/wp-content\/uploads\/2025\/02\/QQ\u56fe\u724720260305113828-100x100.jpeg 100w\" sizes=\"(max-width: 800px) 100vw, 800px\" \/><figcaption id=\"caption-attachment-9101\" class=\"wp-caption-text\">small size laser cutter<\/figcaption><\/figure>\n<p><strong>Uygulamalar:<\/strong> Elektronik, tabela, metal sanat\u0131 ve otomotiv bile\u015fenleri gibi bir dizi uygulama i\u00e7in m\u00fckemmel \u015fekilde uygun olan bu lazer kesici, ince ayr\u0131nt\u0131lar\u0131 ve karma\u015f\u0131k tasar\u0131mlar\u0131 kolayl\u0131kla sunmada m\u00fckemmeldir.<\/p>\n<p><iframe title=\"300 * 200mm En K\u00fc\u00e7\u00fck Fiber Lazer Kesici | Mini Fiber Lazer Kesim Makinesi\" width=\"1290\" height=\"726\" src=\"https:\/\/www.youtube.com\/embed\/mGV6xBDycsc?feature=oembed\" frameborder=\"0\" allow=\"accelerometer; autoplay; clipboard-write; encrypted-media; gyroscope; picture-in-picture; web-share\" referrerpolicy=\"strict-origin-when-cross-origin\" allowfullscreen><\/iframe><\/p>\n<div class=\"sub-header-divs\">\n<h3>Performans<\/h3>\n<\/div>\n<ul>\n<li>Lazer Ortam\u0131 - Kat\u0131 hal CW 1070nm Fiber Lazer<\/li>\n<li>Lazer G\u00fcc\u00fc - 800W-2000W Fiber Kaynak Se\u00e7enekleri<\/li>\n<li>G\u00fc\u00e7 - <strong>\u00a0220V 1 Faz<\/strong><\/li>\n<li>Konumland\u0131rma hassasiyeti - \u2264\u00b10,03 mm<\/li>\n<li>Tekrarlanabilirlik do\u011frulu\u011fu - \u2264\u00b10,02 mm<\/li>\n<\/ul>\n<div class=\"sub-header-divs\">\n<h3>Sistem<\/h3>\n<\/div>\n<ul>\n<li>S\u00fcr\u00fc\u015f Sistemi - Mod\u00fcl S\u00fcr\u00fcc\u00fcs\u00fc<\/li>\n<li>So\u011futma Modu - Hava Su<\/li>\n<\/ul>\n<p><iframe title=\"K\u00fc\u00e7\u00fck Ama G\u00fc\u00e7l\u00fc Lazer Kesici Metali Hassas \u015eekilde Keser\" width=\"1290\" height=\"726\" src=\"https:\/\/www.youtube.com\/embed\/5BStGlyjEOc?feature=oembed\" frameborder=\"0\" allow=\"accelerometer; autoplay; clipboard-write; encrypted-media; gyroscope; picture-in-picture; web-share\" referrerpolicy=\"strict-origin-when-cross-origin\" allowfullscreen><\/iframe><\/p>\n<p>Customer who visited BOGONG LASER factory for purchase this small metal laser cutting machine<\/p>\n<figure id=\"attachment_9090\" aria-describedby=\"caption-attachment-9090\" style=\"width: 700px\" class=\"wp-caption alignnone\"><img decoding=\"async\" class=\"size-full wp-image-9090\" src=\"https:\/\/bogonglaser.com\/wp-content\/uploads\/2025\/02\/how-about-bogong-laser-cutter.jpg\" alt=\"\" width=\"700\" height=\"600\" title=\"\" srcset=\"https:\/\/bogonglaser.com\/wp-content\/uploads\/2025\/02\/how-about-bogong-laser-cutter.jpg 700w, https:\/\/bogonglaser.com\/wp-content\/uploads\/2025\/02\/how-about-bogong-laser-cutter-300x257.jpg 300w, https:\/\/bogonglaser.com\/wp-content\/uploads\/2025\/02\/how-about-bogong-laser-cutter-14x12.jpg 14w, https:\/\/bogonglaser.com\/wp-content\/uploads\/2025\/02\/how-about-bogong-laser-cutter-600x514.jpg 600w\" sizes=\"(max-width: 700px) 100vw, 700px\" \/><figcaption id=\"caption-attachment-9090\" class=\"wp-caption-text\">small metal laser cutting machine<\/figcaption><\/figure>\n<p>Very good feedback about BOGONG small fiber laser cutter<\/p>\n<p><iframe title=\"BOGONG&#039;u Ziyaret Etti ve 2030 Fiber Lazer Kesici Sipari\u015f Etti | Geri Bildirim BOGONG Lazer Kesim Makinesi\" width=\"1290\" height=\"726\" src=\"https:\/\/www.youtube.com\/embed\/olZXLLVhLls?feature=oembed\" frameborder=\"0\" allow=\"accelerometer; autoplay; clipboard-write; encrypted-media; gyroscope; picture-in-picture; web-share\" referrerpolicy=\"strict-origin-when-cross-origin\" allowfullscreen><\/iframe><\/p>\n<p>BOGONG factory show:<\/p>\n<p><iframe title=\"CHINA OEM ODM LASER MACHINE MANUFACTURER-BOGONG LASER \" width=\"1290\" height=\"726\" src=\"https:\/\/www.youtube.com\/embed\/kMzt58ROsW8?feature=oembed\" frameborder=\"0\" allow=\"accelerometer; autoplay; clipboard-write; encrypted-media; gyroscope; picture-in-picture; web-share\" referrerpolicy=\"strict-origin-when-cross-origin\" allowfullscreen><\/iframe><\/p>\n<p>BOGONG, lazer ekipmanlar\u0131n\u0131n kalitesi ve sat\u0131\u015f sonras\u0131 servis hizmeti ile \u00fcnl\u00fcd\u00fcr, Makinelerimiz \u00e7ok y\u00f6nl\u00fc ve kullan\u0131c\u0131 dostudur, t\u00fcm beceri seviyeleri g\u00f6z \u00f6n\u00fcnde bulundurularak tasarlanm\u0131\u015ft\u0131r. Her \u015feyden \u00f6nce m\u00fc\u015fteri memnuniyetini \u00f6n planda tutuyoruz. \u0130ster deneyimli bir uzman ister yeni ba\u015flayan biri olun, <a href=\"https:\/\/bogonglaser.com\/tr\/\">BOGONG LAZER<\/a> her ad\u0131mda size destek olmak i\u00e7in burada. Ba\u015far\u0131n\u0131z i\u00e7in m\u00fckemmellik ve yenili\u011fin bir araya geldi\u011fi bize ve hizmetimize g\u00fcvenin.<\/p>\n<p>BOGONG have CE FDA SGS Rohs certifcates<\/p>\n<figure id=\"attachment_9096\" aria-describedby=\"caption-attachment-9096\" style=\"width: 1197px\" class=\"wp-caption alignnone\"><img decoding=\"async\" class=\"wp-image-9096\" src=\"https:\/\/bogonglaser.com\/wp-content\/uploads\/2025\/02\/QQ\u56fe\u724720260305110954.png\" alt=\"BOGONG have CE FDA SGS Rohs certifcates\" width=\"1197\" height=\"374\" title=\"\" srcset=\"https:\/\/bogonglaser.com\/wp-content\/uploads\/2025\/02\/QQ\u56fe\u724720260305110954.png 1921w, https:\/\/bogonglaser.com\/wp-content\/uploads\/2025\/02\/QQ\u56fe\u724720260305110954-300x94.png 300w, https:\/\/bogonglaser.com\/wp-content\/uploads\/2025\/02\/QQ\u56fe\u724720260305110954-1024x320.png 1024w, https:\/\/bogonglaser.com\/wp-content\/uploads\/2025\/02\/QQ\u56fe\u724720260305110954-768x240.png 768w, https:\/\/bogonglaser.com\/wp-content\/uploads\/2025\/02\/QQ\u56fe\u724720260305110954-1536x480.png 1536w, https:\/\/bogonglaser.com\/wp-content\/uploads\/2025\/02\/QQ\u56fe\u724720260305110954-18x6.png 18w, https:\/\/bogonglaser.com\/wp-content\/uploads\/2025\/02\/QQ\u56fe\u724720260305110954-600x187.png 600w\" sizes=\"(max-width: 1197px) 100vw, 1197px\" \/><figcaption id=\"caption-attachment-9096\" class=\"wp-caption-text\">BOGONG have CE FDA SGS Rohs certifcates<\/figcaption><\/figure>\n<figure id=\"attachment_9098\" aria-describedby=\"caption-attachment-9098\" style=\"width: 1196px\" class=\"wp-caption alignnone\"><img decoding=\"async\" class=\"wp-image-9098\" src=\"https:\/\/bogonglaser.com\/wp-content\/uploads\/2025\/02\/customer-visiting-bogong-laser.jpg\" alt=\"customer visiting bogong laser\" width=\"1196\" height=\"489\" title=\"\" srcset=\"https:\/\/bogonglaser.com\/wp-content\/uploads\/2025\/02\/customer-visiting-bogong-laser.jpg 1257w, https:\/\/bogonglaser.com\/wp-content\/uploads\/2025\/02\/customer-visiting-bogong-laser-300x123.jpg 300w, https:\/\/bogonglaser.com\/wp-content\/uploads\/2025\/02\/customer-visiting-bogong-laser-1024x419.jpg 1024w, https:\/\/bogonglaser.com\/wp-content\/uploads\/2025\/02\/customer-visiting-bogong-laser-768x314.jpg 768w, https:\/\/bogonglaser.com\/wp-content\/uploads\/2025\/02\/customer-visiting-bogong-laser-18x7.jpg 18w, https:\/\/bogonglaser.com\/wp-content\/uploads\/2025\/02\/customer-visiting-bogong-laser-600x245.jpg 600w\" sizes=\"(max-width: 1196px) 100vw, 1196px\" \/><figcaption id=\"caption-attachment-9098\" class=\"wp-caption-text\">customer visiting bogong laser<\/figcaption><\/figure>","protected":false},"excerpt":{"rendered":"<p>BOGONG is a professional manufacturer of small laser cutting machine with high precision, trong cutting ability and wide recongnition from global customers, Reliable quality, factory direct supply, welcome to inquiry.<\/p>\n<p>Cutting Metal Sheet: stainless steel, Gold, Silver, aluminum alloy, copper, titanium alloy, carbon steel, and various alloy steels.<\/p>\n<ul class=\"tips\">\n<li>50 Sets \/ Month Waiting for Sale In Stock<\/li>\n<li>2 Years Limited Warranty for Entire Machine<\/li>\n<li>Online (PayPal) &amp; Offline (T\/T, Debit &amp; Credit Cards)<\/li>\n<li>Lifetime Free Technical Support for End-Users &amp; Dealers<\/li>\n<\/ul>\n<hr \/>\n<h4><strong>Get a Quote<\/strong><\/h4>\n<p>[contact-form-7 id=&#8221;029fbc1&#8243; title=&#8221;Products Form&#8221;]<\/p>\n","protected":false},"featured_media":9093,"template":"","meta":{"_gspb_post_css":""},"product_brand":[],"product_cat":[117,92,118],"product_tag":[178,105,177,106,176],"class_list":{"0":"post-2402","1":"product","2":"type-product","3":"status-publish","4":"has-post-thumbnail","6":"product_cat-fiber-laser-cutting-machine","7":"product_cat-laser-cutting-machine","8":"product_cat-laser-metal-cutting-machine","9":"product_tag-compact-metal-laser-cutting-equipment","10":"product_tag-fiber-laser-cutting-machine","11":"product_tag-high-precision-mini-metal-laser-cutter","12":"product_tag-laser-cutting-machine","13":"product_tag-small-fiber-laser-cutting-machine-for-metal","15":"first","16":"instock","17":"shipping-taxable","18":"product-type-simple"},"_links":{"self":[{"href":"https:\/\/bogonglaser.com\/tr\/wp-json\/wp\/v2\/product\/2402","targetHints":{"allow":["GET"]}}],"collection":[{"href":"https:\/\/bogonglaser.com\/tr\/wp-json\/wp\/v2\/product"}],"about":[{"href":"https:\/\/bogonglaser.com\/tr\/wp-json\/wp\/v2\/types\/product"}],"wp:featuredmedia":[{"embeddable":true,"href":"https:\/\/bogonglaser.com\/tr\/wp-json\/wp\/v2\/media\/9093"}],"wp:attachment":[{"href":"https:\/\/bogonglaser.com\/tr\/wp-json\/wp\/v2\/media?parent=2402"}],"wp:term":[{"taxonomy":"product_brand","embeddable":true,"href":"https:\/\/bogonglaser.com\/tr\/wp-json\/wp\/v2\/product_brand?post=2402"},{"taxonomy":"product_cat","embeddable":true,"href":"https:\/\/bogonglaser.com\/tr\/wp-json\/wp\/v2\/product_cat?post=2402"},{"taxonomy":"product_tag","embeddable":true,"href":"https:\/\/bogonglaser.com\/tr\/wp-json\/wp\/v2\/product_tag?post=2402"}],"curies":[{"name":"wp","href":"https:\/\/api.w.org\/{rel}","templated":true}]}}