{"id":2129,"date":"2024-12-06T11:26:13","date_gmt":"2024-12-06T03:26:13","guid":{"rendered":"https:\/\/bogonglaser.com\/?post_type=product&#038;p=2129"},"modified":"2025-12-10T17:12:04","modified_gmt":"2025-12-10T09:12:04","slug":"3d-uv-laser-marking-machine-2","status":"publish","type":"product","link":"https:\/\/bogonglaser.com\/tr\/3d-uv-laser-marking-machine-2\/","title":{"rendered":"3D UV Lazer \u0130\u015faretleme Makinesi"},"content":{"rendered":"<h2>3D UV Lazer Markalama Makinesi Nedir?<\/h2>\n<p>UV lazer Kayna\u011f\u0131, 3D U Serisi lazer kafas\u0131, g\u00f6r\u00fcnt\u00fc i\u015fleme i\u00e7in g\u00fc\u00e7l\u00fc lenmark3ds \/ Ezcad3 yaz\u0131l\u0131m\u0131 ile 3D Lazer markalama makinesi, lazer kafas\u0131n\u0131n i\u00e7inde d\u00fczensiz \u015fekle kaz\u0131ma yapabilen dinamik bir lens vard\u0131r. Ana \u00f6zelli\u011fi a\u015fa\u011f\u0131daki gibidir:<\/p>\n<ul>\n<li>UV lazer kayna\u011f\u0131<\/li>\n<li>G\u00f6r\u00fcnt\u00fc i\u015fleme i\u00e7in 3D Grav\u00fcr yaz\u0131l\u0131m\u0131<\/li>\n<li>Y\u00fcz\u00fck ve bileziklerin i\u015faretlenmesi i\u00e7in R ekseni<\/li>\n<li>3D UV dinamik lazer kafas\u0131<\/li>\n<li>Ayarlanabilir odak y\u00fcksekli\u011fi 15 ila 80 mm<\/li>\n<li>Geni\u015f opsiyonel se\u00e7enekler<\/li>\n<li>2 y\u0131l garanti<\/li>\n<\/ul>\n<figure id=\"attachment_7443\" aria-describedby=\"caption-attachment-7443\" style=\"width: 300px\" class=\"wp-caption alignnone\"><img decoding=\"async\" class=\"size-medium wp-image-7443\" src=\"https:\/\/bogonglaser.com\/wp-content\/uploads\/2024\/12\/3D-UV-Laser-Marking-Machine-1-300x200.jpg\" alt=\"3D UV Lazer \u0130\u015faretleme Makinesi\" width=\"300\" height=\"200\" title=\"\" srcset=\"https:\/\/bogonglaser.com\/wp-content\/uploads\/2024\/12\/3D-UV-Laser-Marking-Machine-1-300x200.jpg 300w, https:\/\/bogonglaser.com\/wp-content\/uploads\/2024\/12\/3D-UV-Laser-Marking-Machine-1-18x12.jpg 18w, https:\/\/bogonglaser.com\/wp-content\/uploads\/2024\/12\/3D-UV-Laser-Marking-Machine-1.jpg 600w\" sizes=\"(max-width: 300px) 100vw, 300px\" \/><figcaption id=\"caption-attachment-7443\" class=\"wp-caption-text\">3D UV Lazer \u0130\u015faretleme Makinesi<\/figcaption><\/figure>\n<p><iframe title=\"En \u0130yi \u00c7in 3D Cam Lazer \u0130\u015faretleme Makinesi | Cam i\u00e7in Cam Lazer Kaz\u0131ma Makinesi\" width=\"1290\" height=\"726\" src=\"https:\/\/www.youtube.com\/embed\/Na_1pKoJTMQ?feature=oembed\" frameborder=\"0\" allow=\"accelerometer; autoplay; clipboard-write; encrypted-media; gyroscope; picture-in-picture; web-share\" referrerpolicy=\"strict-origin-when-cross-origin\" allowfullscreen><\/iframe><\/p>\n<h2>3D UV Lazer \u0130\u015faretleme Makinesinin \u00d6zellikleri:<\/h2>\n<p>1. \u00c7ok Y\u00f6nl\u00fc Uygulamalar<br \/>\n3D lazer markalama makinesi, \u00fc\u00e7 boyutlu kavisli y\u00fczey markalama i\u00e7in tasarlanm\u0131\u015ft\u0131r, ince noktalara odaklanabilir ve 0 ila 80 mm tolerans y\u00fcksekli\u011fi aral\u0131\u011f\u0131nda e\u015fit i\u015faretler sa\u011flayabilir. Odak ayarlamalar\u0131na gerek yoktur ve kavisli, e\u011fimli, basamakl\u0131 y\u00fczeyler, k\u00fcreler, silindirler ve koniler gibi d\u00fczensiz \u00fcr\u00fcnlerin tek bir i\u015flemde sorunsuz bir \u015fekilde markalanmas\u0131na olanak tan\u0131r.<\/p>\n<p>2. M\u00fckemmel Derin Oyma Kalitesi<br \/>\n3D hassas markalama sistemi, Ultraviyole Lazer kayna\u011f\u0131 ile donat\u0131lm\u0131\u015f olan makine, kabartma, derin grav\u00fcr ve i\u00e7b\u00fckey \/ d\u0131\u015fb\u00fckey grav\u00fcr dahil olmak \u00fczere \u00e7e\u015fitli grav\u00fcr ihtiya\u00e7lar\u0131nda m\u00fckemmeldir. Y\u00fcksek hassasiyet ve g\u00f6rsel olarak \u00e7ekici sonu\u00e7lar sunar.<\/p>\n<p><iframe title=\"Cam Lazer kaz\u0131ma ve markalama Makinesi | 3D UV Lazer \u0130\u015faretleyici\" width=\"1290\" height=\"726\" src=\"https:\/\/www.youtube.com\/embed\/F-M4iF703pw?feature=oembed\" frameborder=\"0\" allow=\"accelerometer; autoplay; clipboard-write; encrypted-media; gyroscope; picture-in-picture; web-share\" referrerpolicy=\"strict-origin-when-cross-origin\" allowfullscreen><\/iframe><\/p>\n<p><iframe title=\"Cam Kabartma Grav\u00fcr i\u00e7in 3D UV Lazer Grav\u00fcr Makinesi | \u00c7in Sat\u0131l\u0131k 3D UV Lazer \u0130\u015faretleme Makinesi\" width=\"1290\" height=\"726\" src=\"https:\/\/www.youtube.com\/embed\/GPWp4Pm7TFI?feature=oembed\" frameborder=\"0\" allow=\"accelerometer; autoplay; clipboard-write; encrypted-media; gyroscope; picture-in-picture; web-share\" referrerpolicy=\"strict-origin-when-cross-origin\" allowfullscreen><\/iframe><\/p>\n<h3>3D UV Lazer Markalama makinesinin uygulamalar\u0131<\/h3>\n<ul>\n<li>Cam, plastik, ah\u015fap vb. \u00e7e\u015fitli \u015fekillerde i\u015faretleme.<\/li>\n<li>Katmanl\u0131 kaz\u0131 ve cam \u00fczerine 3 boyutlu kabartma grav\u00fcr.<\/li>\n<li>D\u00fcz olmayan y\u00fczeylerde 80 mm'ye kadar d\u00fczensizli\u011fe sahip grav\u00fcrler.<\/li>\n<li>Ticari markalar da dahil olmak \u00fczere foto\u011fraflar\u0131n, isimlerin, tasar\u0131mlar\u0131n ve logolar\u0131n kaz\u0131nmas\u0131.<\/li>\n<\/ul>\n<figure id=\"attachment_7442\" aria-describedby=\"caption-attachment-7442\" style=\"width: 300px\" class=\"wp-caption alignnone\"><img decoding=\"async\" class=\"size-medium wp-image-7442\" src=\"https:\/\/bogonglaser.com\/wp-content\/uploads\/2024\/12\/3D-uv-laser-for-glass-1-300x169.jpg\" alt=\"Cam i\u00e7in 3D uv lazer\" width=\"300\" height=\"169\" title=\"\" srcset=\"https:\/\/bogonglaser.com\/wp-content\/uploads\/2024\/12\/3D-uv-laser-for-glass-1-300x169.jpg 300w, https:\/\/bogonglaser.com\/wp-content\/uploads\/2024\/12\/3D-uv-laser-for-glass-1-600x338.jpg 600w, https:\/\/bogonglaser.com\/wp-content\/uploads\/2024\/12\/3D-uv-laser-for-glass-1-1024x576.jpg 1024w, https:\/\/bogonglaser.com\/wp-content\/uploads\/2024\/12\/3D-uv-laser-for-glass-1-768x432.jpg 768w, https:\/\/bogonglaser.com\/wp-content\/uploads\/2024\/12\/3D-uv-laser-for-glass-1-18x10.jpg 18w, https:\/\/bogonglaser.com\/wp-content\/uploads\/2024\/12\/3D-uv-laser-for-glass-1.jpg 1280w\" sizes=\"(max-width: 300px) 100vw, 300px\" \/><figcaption id=\"caption-attachment-7442\" class=\"wp-caption-text\">Cam i\u00e7in 3D uv lazer<\/figcaption><\/figure>\n<h3>Do\u011fru Se\u00e7im Nas\u0131l Yap\u0131l\u0131r <a href=\"https:\/\/bogonglaser.com\/tr\/laser-marking-machine\/uv-laser-marking-machine-copy\/\">3d UV Lazer \u0130\u015faretleme Makinesi<\/a><\/h3>\n<p>Do\u011fru 3D UV lazer kaz\u0131ma makinesini se\u00e7mek i\u015finiz i\u00e7in \u00f6nemli olacakt\u0131r, makinenin \u00f6zel ihtiya\u00e7lar\u0131n\u0131z\u0131 kar\u015f\u0131lad\u0131\u011f\u0131ndan nas\u0131l emin olabilirsiniz. \u0130\u015fte bilin\u00e7li bir karar vermenize yard\u0131mc\u0131 olacak bir k\u0131lavuz:<\/p>\n<ol>\n<li><strong>Malzeme Uyumlulu\u011fu<\/strong>: Kaz\u0131may\u0131 planlad\u0131\u011f\u0131n\u0131z malzeme t\u00fcrlerini belirleyin (\u00f6rn. ah\u015fap, akrilik, cam). Se\u00e7ti\u011finiz makinenin bu malzemeleri etkili bir \u015fekilde i\u015fleyebildi\u011finden emin olun.<\/li>\n<li><strong>Lazer G\u00fcc\u00fc:<\/strong>\n<ul>\n<li>5W<\/li>\n<li>10W<\/li>\n<li>15W<\/li>\n<\/ul>\n<\/li>\n<li><strong>Kullan\u0131m Kolayl\u0131\u011f\u0131<\/strong>: Kolay tasar\u0131m ve kullan\u0131m sa\u011flayan kullan\u0131c\u0131 dostu yaz\u0131l\u0131ma sahip makineleri aray\u0131n. Lenmark 3DS ve Ezcad3, 3D kabartma grav\u00fcr \u00e7al\u0131\u015fmalar\u0131 i\u00e7in \u00f6nerilmektedir.<\/li>\n<li><strong>M\u00fc\u015fteri Deste\u011fi ve Garanti<\/strong>: \u00dcreticinin destek se\u00e7eneklerini ve sundu\u011fu garantiyi ara\u015ft\u0131r\u0131n. G\u00fcvenilir m\u00fc\u015fteri hizmetleri, sorun giderme ve bak\u0131m i\u00e7in \u00e7ok \u00f6nemli olabilir.<\/li>\n<\/ol>\n<h2>3D Lazer \u0130\u015faretleme Makinesini se\u00e7meniz i\u00e7in neler yapabiliriz?<\/h2>\n<ul>\n<li><span class=\"magic-19\"><b class=\"magic-19\"><span class=\"magic-18\">\u00dccretsiz test \u00f6rnekleri -<\/span><\/b><span class=\"magic-20\" data-spm-anchor-id=\"a2700.details.0.i41.41d82402R4aegi\">\u00dcr\u00fcn malzemenize g\u00f6re \u00fccretsiz markalama efekti testleri ger\u00e7ekle\u015ftirebiliriz<\/span><\/span><\/li>\n<li><span class=\"magic-19\"><b class=\"magic-19\"><span class=\"magic-18\">Video Canl\u0131-<\/span><\/b><span class=\"magic-20\">Makinenin \u00fcretim s\u00fcrecini ve \u00e7al\u0131\u015fmas\u0131n\u0131 \u00e7evrimi\u00e7i videoda izlemek i\u00e7in sat\u0131\u015f dan\u0131\u015fmanlar\u0131m\u0131zla ba\u011flant\u0131 kurabilirsiniz.<\/span><\/span><\/li>\n<li><span class=\"magic-19\"><b class=\"magic-19\"><span class=\"magic-18\">\u00d6zelle\u015ftirilmi\u015f \/OEM-<\/span><\/b><span class=\"magic-20\" data-spm-anchor-id=\"a2700.details.0.i40.41d82402R4aegi\">\u0130stek \u00fczerine \u00f6zelle\u015ftirilmi\u015f makineler \uff0c Bize ula\u015f\u0131n<\/span><\/span><\/li>\n<li>\n<figure id=\"attachment_7441\" aria-describedby=\"caption-attachment-7441\" style=\"width: 300px\" class=\"wp-caption alignnone\"><img decoding=\"async\" class=\"size-medium wp-image-7441\" src=\"https:\/\/bogonglaser.com\/wp-content\/uploads\/2024\/12\/bottle-rotary-device-1-300x117.jpg\" alt=\"\u015fi\u015fe d\u00f6nd\u00fcrme cihaz\u0131\" width=\"300\" height=\"117\" title=\"\" srcset=\"https:\/\/bogonglaser.com\/wp-content\/uploads\/2024\/12\/bottle-rotary-device-1-300x117.jpg 300w, https:\/\/bogonglaser.com\/wp-content\/uploads\/2024\/12\/bottle-rotary-device-1-600x235.jpg 600w, https:\/\/bogonglaser.com\/wp-content\/uploads\/2024\/12\/bottle-rotary-device-1-18x7.jpg 18w, https:\/\/bogonglaser.com\/wp-content\/uploads\/2024\/12\/bottle-rotary-device-1.jpg 608w\" sizes=\"(max-width: 300px) 100vw, 300px\" \/><figcaption id=\"caption-attachment-7441\" class=\"wp-caption-text\">\u015fi\u015fe d\u00f6nd\u00fcrme cihaz\u0131<\/figcaption><\/figure>\n<p><iframe title=\"BOGONG 3D LAZER KAZIMA MAKINESI GIBI | SATILIK EN IYI \u00c7IN 3D LAZER KAZIMA MAKINESI\" width=\"1290\" height=\"726\" src=\"https:\/\/www.youtube.com\/embed\/aoAF09vq8LE?feature=oembed\" frameborder=\"0\" allow=\"accelerometer; autoplay; clipboard-write; encrypted-media; gyroscope; picture-in-picture; web-share\" referrerpolicy=\"strict-origin-when-cross-origin\" allowfullscreen><\/iframe><\/p>\n<p><iframe title=\"BOGONG 3D Lazer Grav\u00fcr Makinesi nas\u0131l? | Hindistan M\u00fc\u015fterisi BOGONG&#039;u Ziyaret Etti ve 3D Lazer Grav\u00fcr Makinesi Sat\u0131n Ald\u0131\" width=\"1290\" height=\"726\" src=\"https:\/\/www.youtube.com\/embed\/bq8eli66vTM?feature=oembed\" frameborder=\"0\" allow=\"accelerometer; autoplay; clipboard-write; encrypted-media; gyroscope; picture-in-picture; web-share\" referrerpolicy=\"strict-origin-when-cross-origin\" allowfullscreen><\/iframe><\/li>\n<\/ul>\n<p>\u00d6deme Ko\u015fullar\u0131<\/p>\n<p>1. Depozito ve Bakiye: Sevkiyattan \u00f6nce \u00f6denmesi gereken bakiye ile \u00f6nceden bir 30% T \/ T depozitosu gereklidir.<\/p>\n<p>2. Alibaba Ticaret G\u00fcvencesi: \u00d6demeler Alibaba Ticaret G\u00fcvencesi arac\u0131l\u0131\u011f\u0131yla ger\u00e7ekle\u015ftirilebilir.<\/p>\n<p>3D UV Lazer Markalama Makinesi i\u00e7in SSS<\/p>\n<p>3d UV Lazer Markalama Makinesi i\u00e7in Ambalaj Nedir?<br \/>\nMakinelerimiz \u00fc\u00e7 katmanl\u0131 bir d\u00fczende paketlenir. D\u0131\u015f katman ah\u015fap bir kasadan olu\u015fur, orta katmanda sars\u0131nt\u0131ya kar\u015f\u0131 koruma sa\u011flamak i\u00e7in k\u00f6p\u00fck dolgu bulunur ve i\u00e7 katman su ge\u00e7irmezlik i\u00e7in kal\u0131n bir plastik torba i\u00e7erir.<\/p>\n<p>Paket Ta\u015f\u0131ma S\u0131ras\u0131nda Zarar G\u00f6recek mi?<br \/>\nAmbalajlar\u0131m\u0131z\u0131 t\u00fcm olas\u0131 hasar fakt\u00f6rlerini ele alacak \u015fekilde titizlikle tasarl\u0131yoruz ve nakliye acentelerimiz g\u00fcvenli ta\u015f\u0131mac\u0131l\u0131k konusunda deneyimlidir. Ba\u015far\u0131l\u0131 bir \u015fekilde 180 \u00fclkeye ihracat yapt\u0131k, bu nedenle paketinizin m\u00fckemmel durumda ula\u015faca\u011f\u0131ndan emin olabilirsiniz.<\/p>\n<figure id=\"attachment_7436\" aria-describedby=\"caption-attachment-7436\" style=\"width: 300px\" class=\"wp-caption alignnone\"><img decoding=\"async\" class=\"size-medium wp-image-7436\" src=\"https:\/\/bogonglaser.com\/wp-content\/uploads\/2024\/10\/3df20-marking-machine-factory-pictures-300x225.png\" alt=\"3df20 marking machine factory pictures\" width=\"300\" height=\"225\" title=\"\" srcset=\"https:\/\/bogonglaser.com\/wp-content\/uploads\/2024\/10\/3df20-marking-machine-factory-pictures-300x225.png 300w, https:\/\/bogonglaser.com\/wp-content\/uploads\/2024\/10\/3df20-marking-machine-factory-pictures-600x450.png 600w, https:\/\/bogonglaser.com\/wp-content\/uploads\/2024\/10\/3df20-marking-machine-factory-pictures-768x576.png 768w, https:\/\/bogonglaser.com\/wp-content\/uploads\/2024\/10\/3df20-marking-machine-factory-pictures-16x12.png 16w, https:\/\/bogonglaser.com\/wp-content\/uploads\/2024\/10\/3df20-marking-machine-factory-pictures.png 800w\" sizes=\"(max-width: 300px) 100vw, 300px\" \/><figcaption id=\"caption-attachment-7436\" class=\"wp-caption-text\">3df20 marking machine factory pictures<\/figcaption><\/figure>\n<figure id=\"attachment_7428\" aria-describedby=\"caption-attachment-7428\" style=\"width: 205px\" class=\"wp-caption alignnone\"><img decoding=\"async\" class=\"size-full wp-image-7428\" src=\"https:\/\/bogonglaser.com\/wp-content\/uploads\/2024\/10\/3d-laser-marker-2-1.jpg\" alt=\"3d lazer i\u015faretleyici\" width=\"205\" height=\"300\" title=\"\" srcset=\"https:\/\/bogonglaser.com\/wp-content\/uploads\/2024\/10\/3d-laser-marker-2-1.jpg 205w, https:\/\/bogonglaser.com\/wp-content\/uploads\/2024\/10\/3d-laser-marker-2-1-8x12.jpg 8w\" sizes=\"(max-width: 205px) 100vw, 205px\" \/><figcaption id=\"caption-attachment-7428\" class=\"wp-caption-text\">3d lazer i\u015faretleyici<\/figcaption><\/figure>\n<p>M\u00fc\u015fterilerin \u00e7o\u011fu UPS \/ DHL express ile ta\u015f\u0131may\u0131 se\u00e7meyi sever, var\u0131\u015f noktas\u0131na yakla\u015f\u0131k 5-7 g\u00fcn ula\u015fabilir, ileti\u015fime ge\u00e7in <a href=\"https:\/\/bogonglaser.com\/tr\/\">BOGONG<\/a> uv lazer markalama makinesi hakk\u0131nda daha fazla bilgi almak i\u00e7in.<\/p>","protected":false},"excerpt":{"rendered":"<h2>3D UV Lazer \u0130\u015faretleme Makinesi<\/h2>\n<p>3D UV lazer markalama makinesi, \u00fc\u00e7 boyutlu y\u00fczeylerde karma\u015f\u0131k tasar\u0131mlar veya metinler olu\u015fturmak i\u00e7in 3D lazer teknolojisini kullan\u0131r, Cam ve plastik \u00fczerinde markalamaya olanak tan\u0131r, 3D UV tarama kafas\u0131, bir lazer \u0131\u015f\u0131n\u0131n\u0131 \u00fc\u00e7 boyutta da ayarlayabilir: X, Y ve Z. Malzemeyi do\u011fru bir \u015fekilde hedeflemek i\u00e7in \u0131\u015f\u0131n\u0131 bir mercekten y\u00f6nlendirmeden \u00f6nce \u0131\u015f\u0131n geni\u015fleticiler ve kayd\u0131rma optiklerinin bir kombinasyonunu benimser.<\/p>\n<ul class=\"tips\">\n<li>350 Tak\u0131m \/ Ay Stokta Sat\u0131\u015f Bekliyor<\/li>\n<li>T\u00fcm Makine i\u00e7in 2 Y\u0131l S\u0131n\u0131rl\u0131 Garanti<\/li>\n<li>3-5 g\u00fcn lazer makinesi haz\u0131rlama, 3-7 g\u00fcn nakliye.<\/li>\n<li>\u00c7evrimi\u00e7i (PayPal) ve \u00c7evrimd\u0131\u015f\u0131 (T \/ T, Banka ve Kredi Kartlar\u0131)<\/li>\n<\/ul>","protected":false},"featured_media":2130,"template":"","meta":{"_gspb_post_css":""},"product_brand":[],"product_cat":[93,96,99],"product_tag":[125,102,124],"class_list":{"0":"post-2129","1":"product","2":"type-product","3":"status-publish","4":"has-post-thumbnail","6":"product_cat-laser-engraving-machine","7":"product_cat-laser-marking-machine","8":"product_cat-uv-laser-marking-machine","9":"product_tag-3d-laser-marking-machine","10":"product_tag-laser-marking-machine","11":"product_tag-uv-laser-marking-machine","13":"first","14":"instock","15":"shipping-taxable","16":"product-type-simple"},"_links":{"self":[{"href":"https:\/\/bogonglaser.com\/tr\/wp-json\/wp\/v2\/product\/2129","targetHints":{"allow":["GET"]}}],"collection":[{"href":"https:\/\/bogonglaser.com\/tr\/wp-json\/wp\/v2\/product"}],"about":[{"href":"https:\/\/bogonglaser.com\/tr\/wp-json\/wp\/v2\/types\/product"}],"wp:featuredmedia":[{"embeddable":true,"href":"https:\/\/bogonglaser.com\/tr\/wp-json\/wp\/v2\/media\/2130"}],"wp:attachment":[{"href":"https:\/\/bogonglaser.com\/tr\/wp-json\/wp\/v2\/media?parent=2129"}],"wp:term":[{"taxonomy":"product_brand","embeddable":true,"href":"https:\/\/bogonglaser.com\/tr\/wp-json\/wp\/v2\/product_brand?post=2129"},{"taxonomy":"product_cat","embeddable":true,"href":"https:\/\/bogonglaser.com\/tr\/wp-json\/wp\/v2\/product_cat?post=2129"},{"taxonomy":"product_tag","embeddable":true,"href":"https:\/\/bogonglaser.com\/tr\/wp-json\/wp\/v2\/product_tag?post=2129"}],"curies":[{"name":"wp","href":"https:\/\/api.w.org\/{rel}","templated":true}]}}