{"id":2127,"date":"2024-12-06T11:23:53","date_gmt":"2024-12-06T03:23:53","guid":{"rendered":"https:\/\/bogonglaser.com\/?post_type=product&#038;p=2127"},"modified":"2025-12-10T17:31:01","modified_gmt":"2025-12-10T09:31:01","slug":"mini-cabinet-laser-marking-machine","status":"publish","type":"product","link":"https:\/\/bogonglaser.com\/tr\/mini-cabinet-laser-marking-machine\/","title":{"rendered":"Mini Kabin Lazer \u0130\u015faretleme Makinesi"},"content":{"rendered":"<p>Kapakl\u0131 fiber lazer markalama makinesi, \u00e7al\u0131\u015fan g\u00fcvenli\u011fi i\u00e7in tamamen kapal\u0131 bir kabine sahiptir ve kompakt, \u00e7ekici bir tasar\u0131ma sahiptir. Bu y\u00fcksek teknoloji \u00fcr\u00fcn\u00fc cihaz lazer, bilgisayar, otomatik kontrol\u00f6r ve hassas makineleri bir araya getirerek metal malzemelerin markalanmas\u0131 i\u00e7in idealdir.<\/p>\n<p>Kap\u0131 manuel olarak a\u00e7\u0131l\u0131r ve kapan\u0131r.<\/p>\n<p>Elektrikli Kald\u0131rma Dire\u011fi<\/p>\n<p><iframe title=\"Koruyucu Kapakl\u0131 Mini Fiber Lazer Grav\u00fcr Makinesi | \u00c7al\u0131\u015fma\" width=\"1290\" height=\"726\" src=\"https:\/\/www.youtube.com\/embed\/buVofWd5OIw?feature=oembed\" frameborder=\"0\" allow=\"accelerometer; autoplay; clipboard-write; encrypted-media; gyroscope; picture-in-picture; web-share\" referrerpolicy=\"strict-origin-when-cross-origin\" allowfullscreen><\/iframe><\/p>\n<p>1. Uzun kullan\u0131m \u00f6mr\u00fc, 100.000 saatin \u00fczerinde.<\/p>\n<p>2. Hava so\u011futmal\u0131 kompakt lazer kayna\u011f\u0131<\/p>\n<p>3. G\u00fcvenli \u00e7al\u0131\u015fma i\u00e7in tam kapakl\u0131 dolap<\/p>\n<p>4. S\u00fcper kaliteli galvanometre tarama sistemi.<\/p>\n<p>5. Galvanometre taray\u0131c\u0131lar ve elektronik kontroller ile her seferinde do\u011fru i\u015faretler i\u00e7in y\u00fcksek do\u011fruluk ve tekrarlanabilirlik<\/p>\n<p>6. Daha istikrarl\u0131 performans<\/p>\n<p>7. Profesyonel kontrol panosu ve i\u015faretleme yaz\u0131l\u0131m\u0131. Yaz\u0131l\u0131m kontrol sistemi windows aray\u00fcz\u00fcne sahiptir ve Coreldraw gibi yaz\u0131l\u0131mlar\u0131n \u00e7\u0131kt\u0131 dosyalar\u0131n\u0131 i\u00e7erir. AutoCAD.Photoshop vb. PLT, DXF, PCX.BMP vb. gibi \u00e7e\u015fitli dosya formatlar\u0131n\u0131 destekleyebilir.<\/p>\n<p>8. \u00c7\u0131k\u0131\u015f g\u00fcc\u00fc sabittir. optik mod iyidir. bcam kalitesi m\u00fckemmeldir<\/p>\n<p>9. Markalama h\u0131z\u0131 h\u0131zl\u0131, verimli ve y\u00fcksek do\u011fruluktad\u0131r.<\/p>\n<p>10. G\u00f6r\u00fcn\u00fcm profesyonel, kullan\u0131m kolay<\/p>\n<h2>Uygulama K\u00fc\u00e7\u00fck Tam kapak Lazer \u0130\u015faretleme Makinesi:<\/h2>\n<p>Metal ve baz\u0131 metal olmayan malzemeleri kaz\u0131yabilir, bu da onu \u00f6zellikle hassasiyetin ve p\u00fcr\u00fczs\u00fcz bir y\u00fczeyin gerekli oldu\u011fu alanlarda kullan\u0131\u015fl\u0131 k\u0131lar.<\/p>\n<p>Bu <a href=\"https:\/\/bogonglaser.com\/tr\/laser-marking-machine\/fiber-laser-marking-machine\/\">Fiber Lazer \u0130\u015faretleme Makinesi<\/a> \u00e7elik, titanyum, bak\u0131r, alt\u0131n, g\u00fcm\u00fc\u015f ve hatta nadir metallerin yan\u0131 s\u0131ra end\u00fcstriyel plastik, kaplamal\u0131 metaller, seramikler ve daha fazlas\u0131 dahil olmak \u00fczere \u00e7e\u015fitli metallerle iyi \u00e7al\u0131\u015f\u0131r.<\/p>\n<p>Genellikle mobil d\u00fc\u011fmeler, elektronik bile\u015fenler, ileti\u015fim \u00fcr\u00fcnleri, g\u00f6zl\u00fckler, saatler, m\u00fccevherler, kutular ve \u00e7antalar i\u00e7in dekoratif d\u00fc\u011fmeler ve paslanmaz \u00e7elik \u00fcr\u00fcnler gibi \u00f6\u011feleri i\u015faretlemek i\u00e7in kullan\u0131l\u0131r.<\/p>\n<p><iframe title=\"Mini Kabin Lazer Grav\u00fcr Makinesi G\u00f6sterisi | EZCAD3 2.5D Lazer \u0130\u015faretleyici koruyucu kapakl\u0131\" width=\"1290\" height=\"726\" src=\"https:\/\/www.youtube.com\/embed\/tbPKDw-UqR0?feature=oembed\" frameborder=\"0\" allow=\"accelerometer; autoplay; clipboard-write; encrypted-media; gyroscope; picture-in-picture; web-share\" referrerpolicy=\"strict-origin-when-cross-origin\" allowfullscreen><\/iframe><\/p>\n<p>\u00d6deme Ko\u015fullar\u0131<\/p>\n<p>1. Depozito ve Bakiye: Sevkiyattan \u00f6nce \u00f6denmesi gereken bakiye ile \u00f6nceden bir 30% T \/ T depozitosu gereklidir.<\/p>\n<p>2. Alibaba Ticaret G\u00fcvencesi: \u00d6demeler Alibaba Ticaret G\u00fcvencesi arac\u0131l\u0131\u011f\u0131yla ger\u00e7ekle\u015ftirilebilir.<\/p>\n<p>3D UV Lazer Markalama Makinesi i\u00e7in SSS<\/p>\n<p>Mni kabin Lazer Markalama Makinesi i\u00e7in Ambalaj Nedir?<br \/>\nMakinelerimiz \u00fc\u00e7 katmanl\u0131 bir d\u00fczende paketlenir. D\u0131\u015f katman ah\u015fap bir kasadan olu\u015fur, orta katmanda sars\u0131nt\u0131ya kar\u015f\u0131 koruma sa\u011flamak i\u00e7in k\u00f6p\u00fck dolgu bulunur ve i\u00e7 katman su ge\u00e7irmezlik i\u00e7in kal\u0131n bir plastik torba i\u00e7erir.<\/p>\n<p>Paket Ta\u015f\u0131ma S\u0131ras\u0131nda Zarar G\u00f6recek mi?<br \/>\nAmbalajlar\u0131m\u0131z\u0131 t\u00fcm olas\u0131 hasar fakt\u00f6rlerini ele alacak \u015fekilde titizlikle tasarl\u0131yoruz ve nakliye acentelerimiz g\u00fcvenli ta\u015f\u0131mac\u0131l\u0131k konusunda deneyimlidir. Ba\u015far\u0131l\u0131 bir \u015fekilde 180 \u00fclkeye ihracat yapt\u0131k, bu nedenle paketinizin m\u00fckemmel durumda ula\u015faca\u011f\u0131ndan emin olabilirsiniz.<\/p>\n<figure id=\"attachment_7472\" aria-describedby=\"caption-attachment-7472\" style=\"width: 300px\" class=\"wp-caption alignnone\"><img decoding=\"async\" class=\"size-medium wp-image-7472\" src=\"https:\/\/bogonglaser.com\/wp-content\/uploads\/2024\/12\/Small-size-enclosed-marking-machine-300x300.jpg\" alt=\"Small-size enclosed marking machine\" width=\"300\" height=\"300\" title=\"\" srcset=\"https:\/\/bogonglaser.com\/wp-content\/uploads\/2024\/12\/Small-size-enclosed-marking-machine-300x300.jpg 300w, https:\/\/bogonglaser.com\/wp-content\/uploads\/2024\/12\/Small-size-enclosed-marking-machine-100x100.jpg 100w, https:\/\/bogonglaser.com\/wp-content\/uploads\/2024\/12\/Small-size-enclosed-marking-machine-600x600.jpg 600w, https:\/\/bogonglaser.com\/wp-content\/uploads\/2024\/12\/Small-size-enclosed-marking-machine-150x150.jpg 150w, https:\/\/bogonglaser.com\/wp-content\/uploads\/2024\/12\/Small-size-enclosed-marking-machine-768x768.jpg 768w, https:\/\/bogonglaser.com\/wp-content\/uploads\/2024\/12\/Small-size-enclosed-marking-machine-12x12.jpg 12w, https:\/\/bogonglaser.com\/wp-content\/uploads\/2024\/12\/Small-size-enclosed-marking-machine.jpg 1000w\" sizes=\"(max-width: 300px) 100vw, 300px\" \/><figcaption id=\"caption-attachment-7472\" class=\"wp-caption-text\">Small-size enclosed marking machine<\/figcaption><\/figure>\n<p>M\u00fc\u015fterilerin \u00e7o\u011fu UPS \/ DHL express ile ta\u015f\u0131may\u0131 se\u00e7meyi sever, yakla\u015f\u0131k 5-7 g\u00fcn var\u0131\u015f noktas\u0131na ula\u015fabilir, uv lazer markalama makinesi hakk\u0131nda daha fazla ayr\u0131nt\u0131 almak i\u00e7in BOGONG ile ileti\u015fime ge\u00e7in.<\/p>","protected":false},"excerpt":{"rendered":"<h2>Tam kapakl\u0131 Lazer Grav\u00fcr Makinesi<\/h2>\n<p>Makine, \u00e7al\u0131\u015fanlar\u0131 g\u00fcvende tutmak i\u00e7in tamamen kapal\u0131 bir kabine sahiptir ve kompakt tasar\u0131m\u0131 harika g\u00f6r\u00fcn\u00fcr. Lazer, bilgisayar, otomatik kontrol\u00f6r ve hassas par\u00e7alar\u0131 bir araya getirerek etkili bir \u015fekilde \u00e7al\u0131\u015fan y\u00fcksek teknolojili bir makinedir.<\/p>\n<ul class=\"tips\">\n<li>350 Tak\u0131m \/ Ay Stokta Sat\u0131\u015f Bekliyor<\/li>\n<li>T\u00fcm Makine i\u00e7in 2 Y\u0131l S\u0131n\u0131rl\u0131 Garanti<\/li>\n<li>3-5 g\u00fcn lazer makinesi haz\u0131rlama, 3-7 g\u00fcn nakliye.<\/li>\n<li>\u00c7evrimi\u00e7i (PayPal) ve \u00c7evrimd\u0131\u015f\u0131 (T \/ T, Banka ve Kredi Kartlar\u0131)<\/li>\n<\/ul>","protected":false},"featured_media":2148,"template":"","meta":{"_gspb_post_css":""},"product_brand":[],"product_cat":[97,93,96],"product_tag":[102],"class_list":{"0":"post-2127","1":"product","2":"type-product","3":"status-publish","4":"has-post-thumbnail","6":"product_cat-fiber-laser-marker","7":"product_cat-laser-engraving-machine","8":"product_cat-laser-marking-machine","9":"product_tag-laser-marking-machine","11":"first","12":"instock","13":"shipping-taxable","14":"product-type-simple"},"_links":{"self":[{"href":"https:\/\/bogonglaser.com\/tr\/wp-json\/wp\/v2\/product\/2127","targetHints":{"allow":["GET"]}}],"collection":[{"href":"https:\/\/bogonglaser.com\/tr\/wp-json\/wp\/v2\/product"}],"about":[{"href":"https:\/\/bogonglaser.com\/tr\/wp-json\/wp\/v2\/types\/product"}],"wp:featuredmedia":[{"embeddable":true,"href":"https:\/\/bogonglaser.com\/tr\/wp-json\/wp\/v2\/media\/2148"}],"wp:attachment":[{"href":"https:\/\/bogonglaser.com\/tr\/wp-json\/wp\/v2\/media?parent=2127"}],"wp:term":[{"taxonomy":"product_brand","embeddable":true,"href":"https:\/\/bogonglaser.com\/tr\/wp-json\/wp\/v2\/product_brand?post=2127"},{"taxonomy":"product_cat","embeddable":true,"href":"https:\/\/bogonglaser.com\/tr\/wp-json\/wp\/v2\/product_cat?post=2127"},{"taxonomy":"product_tag","embeddable":true,"href":"https:\/\/bogonglaser.com\/tr\/wp-json\/wp\/v2\/product_tag?post=2127"}],"curies":[{"name":"wp","href":"https:\/\/api.w.org\/{rel}","templated":true}]}}