{"id":2119,"date":"2024-12-04T17:25:33","date_gmt":"2024-12-04T09:25:33","guid":{"rendered":"https:\/\/bogonglaser.com\/?post_type=product&#038;p=2119"},"modified":"2025-12-10T16:47:52","modified_gmt":"2025-12-10T08:47:52","slug":"30w-fiber-laser-marking-machine","status":"publish","type":"product","link":"https:\/\/bogonglaser.com\/tr\/30w-fiber-laser-marking-machine\/","title":{"rendered":"30W Fiber Lazer \u0130\u015faretleme Makinesi"},"content":{"rendered":"<p>Hem g\u00fc\u00e7 hem de uyarlanabilirlik i\u00e7in tasarlanm\u0131\u015f kompakt ve \u00e7ok y\u00f6nl\u00fc hepsi bir arada fiber lazer i\u015faretleyici olan 30W Fiber Lazer \u0130\u015faretleme Makinesi ile tan\u0131\u015f\u0131n. \u0130ster logolar\u0131, barkodlar\u0131, seri numaralar\u0131n\u0131 ister karma\u015f\u0131k tasar\u0131mlar\u0131 kaz\u0131mak isteyin, bu makine \u00e7ok \u00e7e\u015fitli uygulamalar i\u00e7in ola\u011fan\u00fcst\u00fc sonu\u00e7lar sunar.<\/p>\n<p>Kompakt boyutuna ra\u011fmen etkileyici bir performans sunan bu hepsi bir arada model, dar alanlar ve daha k\u00fc\u00e7\u00fck markalama projeleri i\u00e7in m\u00fckemmeldir. Hafif ve ta\u015f\u0131nabilir tasar\u0131m\u0131, kolay kullan\u0131m sa\u011flar ve her seferinde hassas ve do\u011fru markalamalara olanak tan\u0131rken, ola\u011fan\u00fcst\u00fc verimlilikle y\u00fcksek h\u0131zlarda \u00e7al\u0131\u015f\u0131r.<\/p>\n<p>Bu makine, s\u0131n\u0131rl\u0131 alan nedeniyle performanstan \u00f6d\u00fcn vermeyen g\u00fcvenilir bir markalama \u00e7\u00f6z\u00fcm\u00fc arayan k\u00fc\u00e7\u00fck i\u015fletmeler, at\u00f6lyeler ve DIY merakl\u0131lar\u0131 i\u00e7in m\u00fckemmel bir se\u00e7imdir. \u00c7al\u0131\u015fma alan\u0131n\u0131za sorunsuz bir \u015fekilde uyan verimli bir fiber lazer i\u015faretleyiciye ihtiyac\u0131n\u0131z varsa, bu sizin i\u00e7in m\u00fckemmel bir se\u00e7enektir.<\/p>\n<p><img decoding=\"async\" class=\"size-medium wp-image-7414\" src=\"https:\/\/bogonglaser.com\/wp-content\/uploads\/2024\/12\/2D-mini-all-in-one-PC-factory-photos-1-300x225.png\" alt=\"2D mini all-in-one PC factory photos\" width=\"300\" height=\"225\" title=\"\" srcset=\"https:\/\/bogonglaser.com\/wp-content\/uploads\/2024\/12\/2D-mini-all-in-one-PC-factory-photos-1-300x225.png 300w, https:\/\/bogonglaser.com\/wp-content\/uploads\/2024\/12\/2D-mini-all-in-one-PC-factory-photos-1-600x450.png 600w, https:\/\/bogonglaser.com\/wp-content\/uploads\/2024\/12\/2D-mini-all-in-one-PC-factory-photos-1-768x576.png 768w, https:\/\/bogonglaser.com\/wp-content\/uploads\/2024\/12\/2D-mini-all-in-one-PC-factory-photos-1-16x12.png 16w, https:\/\/bogonglaser.com\/wp-content\/uploads\/2024\/12\/2D-mini-all-in-one-PC-factory-photos-1.png 800w\" sizes=\"(max-width: 300px) 100vw, 300px\" \/><\/p>\n<p>\u0130\u015fte temel \u00f6zellikleri <a href=\"https:\/\/bogonglaser.com\/tr\/laser-marking-machine\/fiber-laser-marking-machine\/\">Fiber Lazer \u0130\u015faretleme Makinesi<\/a>:<\/p>\n<p>1. Fiber Lazer Kayna\u011f\u0131: 30w fiber lazer kayna\u011f\u0131, ayr\u0131ca bu kabinde 50 veya k\u00fc\u00e7\u00fck g\u00fc\u00e7 20w gibi daha b\u00fcy\u00fck g\u00fc\u00e7 se\u00e7ebilirsiniz. JPT, Raycus veya IPG gibi sayg\u0131n markalardan y\u00fcksek kaliteli fiber lazer kaynaklar\u0131. M\u00fckemmel lazer \u0131\u015f\u0131n\u0131 netli\u011finin ve 100.000 saate kadar uzun kullan\u0131m \u00f6mr\u00fcn\u00fcn keyfini \u00e7\u0131karacaks\u0131n\u0131z.<\/p>\n<p>2. Dijital Galvanometre Taray\u0131c\u0131 Sistemi: Bu makine, 8.000 mm\/s'ye kadar markalama h\u0131zlar\u0131na ula\u015fabilen ve verimli \u00e7al\u0131\u015fma sa\u011flayan y\u00fcksek h\u0131zl\u0131 ithal lazer taray\u0131c\u0131 sistemi ile donat\u0131lm\u0131\u015ft\u0131r.<\/p>\n<p>3. PC Ekran Tutucu: Ayarlanabilir Z ekseni 700 mm'ye kadar uzanarak daha kal\u0131n veya daha uzun malzemeler \u00fczerinde markalama yapmak i\u00e7in m\u00fckemmeldir.<\/p>\n<p>4. Kontrol Anahtar\u0131: Kullan\u0131c\u0131 dostu kontrol panelinde acil durdurma, anahtar anahtar\u0131 ve g\u00fc\u00e7 anahtar\u0131 bulunur, bu da kontrollerin \u00e7al\u0131\u015ft\u0131r\u0131lmas\u0131n\u0131 ve tan\u0131mlanmas\u0131n\u0131 kolayla\u015ft\u0131r\u0131r.<\/p>\n<p>5. Kald\u0131rma Sistemi: Makine, lazer odak mesafesinin uygun \u015fekilde ayarlanmas\u0131 i\u00e7in bir el \u00e7ark\u0131 i\u00e7erir ve \u00e7al\u0131\u015fma s\u00fcrecini kolayla\u015ft\u0131r\u0131r.<\/p>\n<p>6. K\u0131rm\u0131z\u0131 I\u015f\u0131k \u0130\u015faret\u00e7isi: Bu kullan\u0131\u015fl\u0131 \u00f6zellik, ger\u00e7ek lazer markalama ba\u015flamadan \u00f6nce markalama alan\u0131n\u0131 vurgulayarak hassasiyeti ve do\u011frulu\u011fu art\u0131r\u0131r.<\/p>\n<p>7. Lazer Markalama Yaz\u0131l\u0131m\u0131: EZCAD markalama yaz\u0131l\u0131m\u0131, QR kodlar\u0131, seri numaralar\u0131 ve \u00e7e\u015fitli logolar olu\u015fturman\u0131za olanak tan\u0131yan g\u00fc\u00e7l\u00fc d\u00fczenleme ara\u00e7lar\u0131yla doludur. DXF ve PLT dosya formatlar\u0131n\u0131 destekler ve her ad\u0131mda size rehberlik edecek ayr\u0131nt\u0131l\u0131 bir \u0130ngilizce kullan\u0131m k\u0131lavuzu ile birlikte gelir.<\/p>\n<p>8. F-teta Tarama Lensi: Y\u00fcksek kaliteli Singapore Ronar-Smith F-theta lens ile donat\u0131lm\u0131\u015f olan bu makine, g\u00f6r\u00fcnt\u00fc alan\u0131 y\u00fcksekli\u011finin tarama a\u00e7\u0131s\u0131yla neredeyse orant\u0131l\u0131 olmas\u0131n\u0131 sa\u011flar. Yaz\u0131l\u0131m d\u00fczeltmesi gerektirmeden 1%'den daha az do\u011frusall\u0131k bozulmas\u0131n\u0131 koruyarak minimum bozulma ve net, berrak sonu\u00e7lar sa\u011flar. Lens ayr\u0131ca g\u00fc\u00e7 kayb\u0131n\u0131 azaltmak ve verimi en \u00fcst d\u00fczeye \u00e7\u0131karmak i\u00e7in y\u00fcksek ge\u00e7irgenlikli AR kaplamalara sahiptir.<\/p>\n<p>Bu geli\u015fmi\u015f \u00f6zelliklere sahip Fiber Lazer Markalama Makinesi, hassasiyet, verimlilik ve kullan\u0131m kolayl\u0131\u011f\u0131 i\u00e7in tasarlanm\u0131\u015ft\u0131r.<\/p>\n<figure id=\"attachment_7413\" aria-describedby=\"caption-attachment-7413\" style=\"width: 300px\" class=\"wp-caption alignnone\"><img decoding=\"async\" class=\"size-medium wp-image-7413\" src=\"https:\/\/bogonglaser.com\/wp-content\/uploads\/2024\/12\/2D-mini-all-in-one-PC-factory-photos-2-300x225.png\" alt=\"2D mini all-in-one PC factory photos\" width=\"300\" height=\"225\" title=\"\" srcset=\"https:\/\/bogonglaser.com\/wp-content\/uploads\/2024\/12\/2D-mini-all-in-one-PC-factory-photos-2-300x225.png 300w, https:\/\/bogonglaser.com\/wp-content\/uploads\/2024\/12\/2D-mini-all-in-one-PC-factory-photos-2-600x450.png 600w, https:\/\/bogonglaser.com\/wp-content\/uploads\/2024\/12\/2D-mini-all-in-one-PC-factory-photos-2-768x576.png 768w, https:\/\/bogonglaser.com\/wp-content\/uploads\/2024\/12\/2D-mini-all-in-one-PC-factory-photos-2-16x12.png 16w, https:\/\/bogonglaser.com\/wp-content\/uploads\/2024\/12\/2D-mini-all-in-one-PC-factory-photos-2.png 800w\" sizes=\"(max-width: 300px) 100vw, 300px\" \/><figcaption id=\"caption-attachment-7413\" class=\"wp-caption-text\">2D mini all-in-one PC factory photos<\/figcaption><\/figure>\n<p>Uygulama: Metal, Plastik ve Daha Fazlas\u0131 i\u00e7in Hepsi Bir Arada Lazer \u0130\u015faretleme Makinesi.<\/p>\n<p>Lazer markalama makinelerimiz metal, plastik ve daha fazlas\u0131 gibi \u00e7e\u015fitli malzemelerin markalanmas\u0131 i\u00e7in \u00e7ok y\u00f6nl\u00fc ve verimli bir \u00e7\u00f6z\u00fcm sunar. \u0130ster logolar\u0131, seri numaralar\u0131n\u0131 ister karma\u015f\u0131k tasar\u0131mlar\u0131 kaz\u0131man\u0131z gereksin, uyarlanabilir lazerimiz \u00e7ok say\u0131da uygulaman\u0131n \u00fcstesinden gelebilir, farkl\u0131 y\u00fczeylerde tutarl\u0131 kalite sa\u011flarken \u00fcretkenli\u011fi art\u0131r\u0131r.<\/p>\n<ul>\n<li><span class=\"magic-19\"><b class=\"magic-19\"><span class=\"magic-18\">\u00dccretsiz test \u00f6rnekleri -<\/span><\/b><span class=\"magic-20\" data-spm-anchor-id=\"a2700.details.0.i41.41d82402R4aegi\">\u00dcr\u00fcn malzemenize g\u00f6re \u00fccretsiz markalama efekti testleri ger\u00e7ekle\u015ftirebiliriz<\/span><\/span><\/li>\n<li><span class=\"magic-19\"><b class=\"magic-19\"><span class=\"magic-18\">Video Canl\u0131-<\/span><\/b><span class=\"magic-20\">Makinenin \u00fcretim s\u00fcrecini ve \u00e7al\u0131\u015fmas\u0131n\u0131 \u00e7evrimi\u00e7i videoda izlemek i\u00e7in sat\u0131\u015f dan\u0131\u015fmanlar\u0131m\u0131zla ba\u011flant\u0131 kurabilirsiniz.<\/span><\/span><\/li>\n<li><span class=\"magic-19\"><b class=\"magic-19\"><span class=\"magic-18\">\u00d6zelle\u015ftirilmi\u015f \/OEM-<\/span><\/b><span class=\"magic-20\" data-spm-anchor-id=\"a2700.details.0.i40.41d82402R4aegi\">Customised machines on request<\/span><\/span><\/li>\n<\/ul>\n<figure id=\"attachment_7412\" aria-describedby=\"caption-attachment-7412\" style=\"width: 300px\" class=\"wp-caption alignnone\"><img decoding=\"async\" class=\"size-medium wp-image-7412\" src=\"https:\/\/bogonglaser.com\/wp-content\/uploads\/2024\/12\/2D-mini-all-in-one-PC-factory-photos-300x300.jpg\" alt=\"2D mini all-in-one PC factory photos\" width=\"300\" height=\"300\" title=\"\" srcset=\"https:\/\/bogonglaser.com\/wp-content\/uploads\/2024\/12\/2D-mini-all-in-one-PC-factory-photos-300x300.jpg 300w, https:\/\/bogonglaser.com\/wp-content\/uploads\/2024\/12\/2D-mini-all-in-one-PC-factory-photos-100x100.jpg 100w, https:\/\/bogonglaser.com\/wp-content\/uploads\/2024\/12\/2D-mini-all-in-one-PC-factory-photos-600x600.jpg 600w, https:\/\/bogonglaser.com\/wp-content\/uploads\/2024\/12\/2D-mini-all-in-one-PC-factory-photos-150x150.jpg 150w, https:\/\/bogonglaser.com\/wp-content\/uploads\/2024\/12\/2D-mini-all-in-one-PC-factory-photos-768x768.jpg 768w, https:\/\/bogonglaser.com\/wp-content\/uploads\/2024\/12\/2D-mini-all-in-one-PC-factory-photos-12x12.jpg 12w, https:\/\/bogonglaser.com\/wp-content\/uploads\/2024\/12\/2D-mini-all-in-one-PC-factory-photos.jpg 1000w\" sizes=\"(max-width: 300px) 100vw, 300px\" \/><figcaption id=\"caption-attachment-7412\" class=\"wp-caption-text\">2D mini all-in-one PC factory photos<\/figcaption><\/figure>\n<p><iframe title=\"Sat\u0131l\u0131k K\u00fc\u00e7\u00fck Hepsi Bir Arada Lazer \u0130\u015faretleme Makinesi\" width=\"1290\" height=\"726\" src=\"https:\/\/www.youtube.com\/embed\/znNbIXDhuHE?feature=oembed\" frameborder=\"0\" allow=\"accelerometer; autoplay; clipboard-write; encrypted-media; gyroscope; picture-in-picture; web-share\" referrerpolicy=\"strict-origin-when-cross-origin\" allowfullscreen><\/iframe><\/p>\n<p>\u00d6deme Ko\u015fullar\u0131<\/p>\n<p>1. Depozito ve Bakiye: Sevkiyattan \u00f6nce \u00f6denmesi gereken bakiye ile \u00f6nceden bir 30% T \/ T depozitosu gereklidir.<\/p>\n<p>2. Alibaba Ticaret G\u00fcvencesi: \u00d6demeler Alibaba Ticaret G\u00fcvencesi arac\u0131l\u0131\u011f\u0131yla ger\u00e7ekle\u015ftirilebilir.<\/p>\n<p>30W Fiber Lazer Markalama Makinesi i\u00e7in SSS<\/p>\n<p>Fiber Lazer Markalama Makinesi i\u00e7in Ambalaj Nedir?<br \/>\nMakinelerimiz \u00fc\u00e7 katmanl\u0131 bir d\u00fczende paketlenir. D\u0131\u015f katman ah\u015fap bir kasadan olu\u015fur, orta katmanda sars\u0131nt\u0131ya kar\u015f\u0131 koruma sa\u011flamak i\u00e7in k\u00f6p\u00fck dolgu bulunur ve i\u00e7 katman su ge\u00e7irmezlik i\u00e7in kal\u0131n bir plastik torba i\u00e7erir.<\/p>\n<p><iframe title=\"K\u00fc\u00e7\u00fck Hepsi Bir Arada Fiber Lazer \u0130\u015faretleme Makinesi | 20W 30W Metal Plastik Lazer \u0130\u015faretleyici Yaz\u0131c\u0131 Grav\u00fcrc\u00fc\" width=\"1290\" height=\"726\" src=\"https:\/\/www.youtube.com\/embed\/1gUXk1ygblo?feature=oembed\" frameborder=\"0\" allow=\"accelerometer; autoplay; clipboard-write; encrypted-media; gyroscope; picture-in-picture; web-share\" referrerpolicy=\"strict-origin-when-cross-origin\" allowfullscreen><\/iframe><\/p>\n<p>Paket Ta\u015f\u0131ma S\u0131ras\u0131nda Zarar G\u00f6recek mi?<br \/>\nAmbalajlar\u0131m\u0131z\u0131 t\u00fcm olas\u0131 hasar fakt\u00f6rlerini ele alacak \u015fekilde titizlikle tasarl\u0131yoruz ve nakliye acentelerimiz g\u00fcvenli ta\u015f\u0131mac\u0131l\u0131k konusunda deneyimlidir. Ba\u015far\u0131l\u0131 bir \u015fekilde 180 \u00fclkeye ihracat yapt\u0131k, bu nedenle paketinizin m\u00fckemmel durumda ula\u015faca\u011f\u0131ndan emin olabilirsiniz.<\/p>\n<p>&nbsp;<\/p>\n<p>M\u00fc\u015fterilerin \u00e7o\u011fu UPS \/ DHL express ile ta\u015f\u0131may\u0131 se\u00e7meyi sever, yakla\u015f\u0131k 5-7 g\u00fcn var\u0131\u015f noktas\u0131na ula\u015fabilir, hakk\u0131nda daha fazla ayr\u0131nt\u0131 almak i\u00e7in BOGONG ile ileti\u015fime ge\u00e7in. <a href=\"https:\/\/bogonglaser.com\/tr\/laser-marking-machine\/fiber-laser-marking-machine\/\">fiber lazer markalama makinesi<\/a>.<\/p>\n<p>&nbsp;<\/p>","protected":false},"excerpt":{"rendered":"<h2>30W Fiber Laser Marking Machine<\/h2>\n<p>BOGONG 30W laser marking machine addopt 30W fiber laser and famous laser galvo head, 1064nm laser wavelength, It works with a variety of materials, such as stainless steel, titanium, aluminum, copper, brass, alloys, silver, and gold, allowing you to engrave names, logos, signs, letters, numbers, patterns, and photos. This all ine one laser marking machine is now available for sale at an affordable price, making it a great option for your budget.<\/p>\n<ul class=\"tips\">\n<li>350 Sets \/ Month Waiting for Sale In Stock<\/li>\n<li>2 Years Limited Warranty for Entire Machine<\/li>\n<li>3-5 days prepare laser machine, 3-7days transport.<\/li>\n<li>Online (PayPal) &amp; Offline (T\/T, Debit &amp; Credit Cards)<\/li>\n<\/ul>\n<hr \/>\n<h4><strong>Get a Quote<\/strong><\/h4>\n<p>[contact-form-7 id=&#8221;029fbc1&#8243; title=&#8221;Products Form&#8221;]<\/p>\n","protected":false},"featured_media":1966,"template":"","meta":{"_gspb_post_css":""},"product_brand":[],"product_cat":[97,93,96],"product_tag":[104,102],"class_list":{"0":"post-2119","1":"product","2":"type-product","3":"status-publish","4":"has-post-thumbnail","6":"product_cat-fiber-laser-marker","7":"product_cat-laser-engraving-machine","8":"product_cat-laser-marking-machine","9":"product_tag-laser-marker","10":"product_tag-laser-marking-machine","12":"first","13":"instock","14":"shipping-taxable","15":"product-type-simple"},"_links":{"self":[{"href":"https:\/\/bogonglaser.com\/tr\/wp-json\/wp\/v2\/product\/2119","targetHints":{"allow":["GET"]}}],"collection":[{"href":"https:\/\/bogonglaser.com\/tr\/wp-json\/wp\/v2\/product"}],"about":[{"href":"https:\/\/bogonglaser.com\/tr\/wp-json\/wp\/v2\/types\/product"}],"wp:featuredmedia":[{"embeddable":true,"href":"https:\/\/bogonglaser.com\/tr\/wp-json\/wp\/v2\/media\/1966"}],"wp:attachment":[{"href":"https:\/\/bogonglaser.com\/tr\/wp-json\/wp\/v2\/media?parent=2119"}],"wp:term":[{"taxonomy":"product_brand","embeddable":true,"href":"https:\/\/bogonglaser.com\/tr\/wp-json\/wp\/v2\/product_brand?post=2119"},{"taxonomy":"product_cat","embeddable":true,"href":"https:\/\/bogonglaser.com\/tr\/wp-json\/wp\/v2\/product_cat?post=2119"},{"taxonomy":"product_tag","embeddable":true,"href":"https:\/\/bogonglaser.com\/tr\/wp-json\/wp\/v2\/product_tag?post=2119"}],"curies":[{"name":"wp","href":"https:\/\/api.w.org\/{rel}","templated":true}]}}