{"id":2118,"date":"2024-12-04T15:48:23","date_gmt":"2024-12-04T07:48:23","guid":{"rendered":"https:\/\/bogonglaser.com\/?post_type=product&#038;p=2118"},"modified":"2025-12-10T17:33:56","modified_gmt":"2025-12-10T09:33:56","slug":"50w-split-fiber-laser-engraving-machine","status":"publish","type":"product","link":"https:\/\/bogonglaser.com\/tr\/50w-split-fiber-laser-engraving-machine\/","title":{"rendered":"Mini Split Fiber Lazer Grav\u00fcr Makinesi"},"content":{"rendered":"<p>\u00d6zel \u00c7\u00f6z\u00fcmler: \u0130ster hediye ister profesyonel grav\u00fcrler ar\u0131yor olun, BOGONG Mini split lazer grav\u00fcr makinesi, yarat\u0131c\u0131 vizyonlar\u0131n\u0131z\u0131 kolayca ger\u00e7ekle\u015ftirmenizi sa\u011flar ve s\u0131n\u0131rs\u0131z olas\u0131l\u0131klar i\u00e7in bir platform sunar.<\/p>\n<p>Grav\u00fcr Alan\u0131: Standart \u00c7al\u0131\u015fma y\u00fczeyi: 100 * 100mm \uff0c 7.9 \u00d7 7.9 in\u00e7 (200 \u00d7 200 mm) ve 300 * 300mm \u00e7al\u0131\u015fma y\u00fczeyi iste\u011fe ba\u011fl\u0131d\u0131r,<\/p>\n<p>Se\u00e7ebilece\u011finiz Lazer G\u00fcc\u00fc \u015funlard\u0131r: 20W 30W 50W 60W 100W ve 10.000 mm\/s'lik etkileyici grav\u00fcr h\u0131z\u0131 ile bu makine \u00e7ok \u00e7e\u015fitli projeler i\u00e7in idealdir. (\u0130ste\u011fe ba\u011fl\u0131 olarak 100 * 100mm ve 300 * 300mm lens)<\/p>\n<figure id=\"attachment_7458\" aria-describedby=\"caption-attachment-7458\" style=\"width: 300px\" class=\"wp-caption alignnone\"><img decoding=\"async\" class=\"size-medium wp-image-7458\" src=\"https:\/\/bogonglaser.com\/wp-content\/uploads\/2024\/10\/bogong-new-design-1-300x225.png\" alt=\"bogong yeni\u0307 tasarim\" width=\"300\" height=\"225\" title=\"\" srcset=\"https:\/\/bogonglaser.com\/wp-content\/uploads\/2024\/10\/bogong-new-design-1-300x225.png 300w, https:\/\/bogonglaser.com\/wp-content\/uploads\/2024\/10\/bogong-new-design-1-600x450.png 600w, https:\/\/bogonglaser.com\/wp-content\/uploads\/2024\/10\/bogong-new-design-1-768x576.png 768w, https:\/\/bogonglaser.com\/wp-content\/uploads\/2024\/10\/bogong-new-design-1-16x12.png 16w, https:\/\/bogonglaser.com\/wp-content\/uploads\/2024\/10\/bogong-new-design-1.png 800w\" sizes=\"(max-width: 300px) 100vw, 300px\" \/><figcaption id=\"caption-attachment-7458\" class=\"wp-caption-text\">bogong yeni\u0307 tasarim<\/figcaption><\/figure>\n<p><iframe title=\"Kar\u015f\u0131n\u0131zda BOOGNG Mini Lazer Grav\u00fcr Makinesi - Nihai Fiber Lazer Grav\u00fcr Deneyiminiz!\" width=\"1290\" height=\"726\" src=\"https:\/\/www.youtube.com\/embed\/DqvsGNxiQBc?feature=oembed\" frameborder=\"0\" allow=\"accelerometer; autoplay; clipboard-write; encrypted-media; gyroscope; picture-in-picture; web-share\" referrerpolicy=\"strict-origin-when-cross-origin\" allowfullscreen><\/iframe><\/p>\n<p>Kullan\u0131c\u0131 Dostu Kontrol Aray\u00fcz\u00fc: Bu lazer makinesi, basit bir kontrol paneli EZCAD2'ye sahiptir ve LightBurn yaz\u0131l\u0131m\u0131 ile uyumludur, bu da onu hem yeni ba\u015flayanlar hem de deneyimli kullan\u0131c\u0131lar i\u00e7in eri\u015filebilir k\u0131lar. Hemen \u00e7al\u0131\u015fmaya ba\u015flayabilir ve i\u015f ak\u0131\u015f\u0131 verimlili\u011finizi art\u0131rabilirsiniz.<\/p>\n<p>\u00c7ok Y\u00f6nl\u00fc Malzeme Se\u00e7enekleri: Pirin\u00e7, karb\u00fcr, granit, paslanmaz \u00e7elik, metal ve plastik gibi \u00e7ok \u00e7e\u015fitli malzemelerin \u00fczerine kolayca kaz\u0131y\u0131n. Bu esneklik, benzersiz DIY projelerinizi ve el yap\u0131m\u0131 kreasyonlar\u0131n\u0131z\u0131 hayata ge\u00e7irmenizi sa\u011flar.<\/p>\n<p>Alan Verimli Tasar\u0131m: 37 kg a\u011f\u0131rl\u0131\u011f\u0131ndaki bu makine, uzun kolonlara ve geni\u015f bir i\u015fleme alan\u0131na sahip b\u00f6l\u00fcnm\u00fc\u015f bir tasar\u0131ma sahiptir, bu da onu s\u0131n\u0131rl\u0131 alana sahip olanlar da dahil olmak \u00fczere \u00e7e\u015fitli \u00e7al\u0131\u015fma ortamlar\u0131 i\u00e7in ideal hale getirir.<\/p>\n<p>Koruyucu Ambalaj: Makineniz, hasar g\u00f6rmeden ula\u015fmas\u0131n\u0131 sa\u011flamak i\u00e7in k\u00f6p\u00fck i\u00e7inde g\u00fcvenli bir \u015fekilde yast\u0131klanm\u0131\u015f olarak gelir. Nakliye s\u0131ras\u0131nda herhangi bir sorun meydana gelirse, tazminat almaya hak kazanabilirsiniz.<\/p>\n<p>Kapsaml\u0131 Sat\u0131\u015f \u00d6ncesi Destek: \u0130ster e-posta g\u00f6ndermeyi, ister aramay\u0131, \u00e7evrimi\u00e7i sohbet etmeyi veya m\u00fc\u015fteri temsilcimizi ziyaret etmeyi tercih edin, \u00f6zel ekibimiz makinenin her y\u00f6n\u00fcn\u00fc anlaman\u0131za yard\u0131mc\u0131 olmak i\u00e7in kapsaml\u0131 destek sa\u011flar. Sorular\u0131n\u0131z\u0131 yan\u0131tlamak ve size ihtiyac\u0131n\u0131z olan g\u00fcveni vermek i\u00e7in buraday\u0131z.<\/p>\n<p>Sat\u0131\u015f Sonras\u0131 Destek: Sanal kurulum oturumlar\u0131 ve uzman teknik yard\u0131m\u0131n yan\u0131 s\u0131ra i\u00e7inizin rahat etmesi i\u00e7in 2 y\u0131la kadar (yaln\u0131zca makine i\u00e7in) garanti sunuyoruz.<\/p>\n<figure id=\"attachment_7459\" aria-describedby=\"caption-attachment-7459\" style=\"width: 300px\" class=\"wp-caption alignnone\"><img decoding=\"async\" class=\"size-medium wp-image-7459\" src=\"https:\/\/bogonglaser.com\/wp-content\/uploads\/2024\/10\/mini-laser-machine-1-1-300x169.jpg\" alt=\"mini lazer makinesi\" width=\"300\" height=\"169\" title=\"\" srcset=\"https:\/\/bogonglaser.com\/wp-content\/uploads\/2024\/10\/mini-laser-machine-1-1-300x169.jpg 300w, https:\/\/bogonglaser.com\/wp-content\/uploads\/2024\/10\/mini-laser-machine-1-1-600x338.jpg 600w, https:\/\/bogonglaser.com\/wp-content\/uploads\/2024\/10\/mini-laser-machine-1-1-768x432.jpg 768w, https:\/\/bogonglaser.com\/wp-content\/uploads\/2024\/10\/mini-laser-machine-1-1-18x10.jpg 18w, https:\/\/bogonglaser.com\/wp-content\/uploads\/2024\/10\/mini-laser-machine-1-1.jpg 800w\" sizes=\"(max-width: 300px) 100vw, 300px\" \/><figcaption id=\"caption-attachment-7459\" class=\"wp-caption-text\">mini lazer makinesi<\/figcaption><\/figure>\n<h3>Mini Split Mini Lazer Grav\u00fcr \u0130\u015faretleme Makinesi<\/h3>\n<p>Alan\u0131 en \u00fcst d\u00fczeye \u00e7\u0131kar\u0131rken verimlili\u011fi ve rahatl\u0131\u011f\u0131 art\u0131r\u0131r, t\u00fcm grav\u00fcr gereksinimleriniz i\u00e7in ideal se\u00e7imdir.<\/p>\n<figure id=\"attachment_7475\" aria-describedby=\"caption-attachment-7475\" style=\"width: 300px\" class=\"wp-caption alignnone\"><img decoding=\"async\" class=\"size-medium wp-image-7475\" src=\"https:\/\/bogonglaser.com\/wp-content\/uploads\/2024\/12\/8099368FDA9E46B0E54E09A3AD53B032-1-300x123.jpg\" alt=\"8099368FDA9E46B0E54E09A3AD53B032\" width=\"300\" height=\"123\" title=\"\" srcset=\"https:\/\/bogonglaser.com\/wp-content\/uploads\/2024\/12\/8099368FDA9E46B0E54E09A3AD53B032-1-300x123.jpg 300w, https:\/\/bogonglaser.com\/wp-content\/uploads\/2024\/12\/8099368FDA9E46B0E54E09A3AD53B032-1-600x245.jpg 600w, https:\/\/bogonglaser.com\/wp-content\/uploads\/2024\/12\/8099368FDA9E46B0E54E09A3AD53B032-1-1024x419.jpg 1024w, https:\/\/bogonglaser.com\/wp-content\/uploads\/2024\/12\/8099368FDA9E46B0E54E09A3AD53B032-1-768x314.jpg 768w, https:\/\/bogonglaser.com\/wp-content\/uploads\/2024\/12\/8099368FDA9E46B0E54E09A3AD53B032-1-18x7.jpg 18w, https:\/\/bogonglaser.com\/wp-content\/uploads\/2024\/12\/8099368FDA9E46B0E54E09A3AD53B032-1.jpg 1247w\" sizes=\"(max-width: 300px) 100vw, 300px\" \/><figcaption id=\"caption-attachment-7475\" class=\"wp-caption-text\">8099368FDA9E46B0E54E09A3AD53B032<\/figcaption><\/figure>\n<h3>Malzeme Kapasitesi<\/h3>\n<div class=\"collapsible-tab__text\">\n<p><strong>Metaller:<\/strong>\u00a0Paslanmaz \u00c7elik, Al\u00fcminyum, Yayg\u0131n Ala\u015f\u0131mlar, anodize al\u00fcminyum, Pirin\u00e7, Krom, Alt\u0131n ve G\u00fcm\u00fc\u015f, Titanyum<\/p>\n<p><strong>Metal olmayanlar:<\/strong>\u00a0Arduvaz, Sert Plastikler, Suni Deri, Renkli Akrilik<\/p>\n<\/div>\n<p><iframe title=\"50W Lazer Grav\u00fcr Kesici Ne Yapabilir? | Sat\u0131l\u0131k en iyi 50 watt Raycus fiber lazer markalama makinesi\" width=\"1290\" height=\"968\" src=\"https:\/\/www.youtube.com\/embed\/1DLnYH3dJXQ?feature=oembed\" frameborder=\"0\" allow=\"accelerometer; autoplay; clipboard-write; encrypted-media; gyroscope; picture-in-picture; web-share\" referrerpolicy=\"strict-origin-when-cross-origin\" allowfullscreen><\/iframe><\/p>\n<p class=\"section-header__title\">Geli\u015fmi\u015f Lazer Teknolojisi<br \/>\nBu fiber markalama makinesindeki istikrarl\u0131 ve \u00fcnl\u00fc lazer kayna\u011f\u0131, tutarl\u0131 ve g\u00fcvenilir performans sa\u011flar ve ortalama 100.000 saatin \u00fczerinde bir ar\u0131za s\u00fcresine sahiptir.<\/p>\n<p><iframe title=\"Kaz\u0131ma i\u015fi i\u00e7in ad\u0131m ad\u0131m Fiber Lazer \u0130\u015faretleme Makinesi Nas\u0131l Kullan\u0131l\u0131r | \u00c7in Lazer Grav\u00fcr Makinesi\" width=\"1290\" height=\"726\" src=\"https:\/\/www.youtube.com\/embed\/WoOi7mteSzM?feature=oembed\" frameborder=\"0\" allow=\"accelerometer; autoplay; clipboard-write; encrypted-media; gyroscope; picture-in-picture; web-share\" referrerpolicy=\"strict-origin-when-cross-origin\" allowfullscreen><\/iframe><\/p>\n<p>Paket \u0130\u00e7eri\u011fi<br \/>\n- 1 x Fiber Lazer \u0130\u015faretleme Makinesi<br \/>\n- 1 x G\u00fc\u00e7 Kablosu<br \/>\n- 1 x Ayak Pedal\u0131<br \/>\n- 1 x \u00c7ift Lazer G\u00fcvenlik G\u00f6zl\u00fc\u011f\u00fc<br \/>\n- 1 x USB Flash S\u00fcr\u00fcc\u00fc<br \/>\n- 1 x Cetvel<br \/>\n- 1 x Kullan\u0131m K\u0131lavuzu<\/p>\n<p>- 1 x Test Al\u00fcminyum Kart\u0131<\/p>\n<p>- 1 x Aletler<\/p>\n<p><iframe title=\"BOGONG MINI Fiber Lazer Grav\u00fcr Makinesi Paketinin A\u00e7\u0131lmas\u0131 | En \u0130yi BOGONG LAZER GRAV\u00dcR\" width=\"1290\" height=\"726\" src=\"https:\/\/www.youtube.com\/embed\/_96ZvRvowGE?feature=oembed\" frameborder=\"0\" allow=\"accelerometer; autoplay; clipboard-write; encrypted-media; gyroscope; picture-in-picture; web-share\" referrerpolicy=\"strict-origin-when-cross-origin\" allowfullscreen><\/iframe><\/p>\n<h2>Do\u011fru Marka Nas\u0131l Se\u00e7ilir<\/h2>\n<p>Yat\u0131r\u0131m yapmak <a href=\"https:\/\/bogonglaser.com\/tr\/laser-engraving-machine\/\">fiber lazer tabanca oyma makinesi<\/a> \u00f6nemli bir karard\u0131r, bu nedenle de\u011fer ve g\u00fcvenilirlik sa\u011flayan bir marka se\u00e7mek \u00e7ok \u00f6nemlidir. \u0130\u015fte ihtiya\u00e7lar\u0131n\u0131z i\u00e7in do\u011fru markay\u0131 se\u00e7erken g\u00f6z \u00f6n\u00fcnde bulundurman\u0131z gereken baz\u0131 \u00f6nemli fakt\u00f6rler:<\/p>\n<p>Marka \u0130tibar\u0131: Markan\u0131n sekt\u00f6rdeki itibar\u0131n\u0131 ve g\u00fcvenilirli\u011fini ara\u015ft\u0131r\u0131n. Kaliteli \u00fcr\u00fcnleriyle bilinen \u015firketleri aray\u0131n.<\/p>\n<p>Sekt\u00f6r Deneyimi: Markan\u0131n lazer kaz\u0131ma alan\u0131ndaki deneyimini ve uzmanl\u0131\u011f\u0131n\u0131 de\u011ferlendirin.<\/p>\n<p>\u00dcr\u00fcn Kalitesi ve Yenilik\u00e7ilik: \u00dcr\u00fcnlerin kalitesini ve sunduklar\u0131 teknolojik yenilikleri g\u00f6z \u00f6n\u00fcnde bulundurun.<\/p>\n<p>Model \u00c7e\u015fitlili\u011fi: \u00d6zel gereksinimlerinizi kar\u015f\u0131lamak i\u00e7in farkl\u0131 \u00f6zelliklere sahip \u00e7e\u015fitli modeller sunan bir marka aray\u0131n.<\/p>\n<p>Sat\u0131\u015f Sonras\u0131 Destek: Sunulan sat\u0131\u015f sonras\u0131 destek d\u00fczeyini kontrol edin. G\u00fcvenilir m\u00fc\u015fteri hizmetleri, ortaya \u00e7\u0131kabilecek sorunlar\u0131 ele almak i\u00e7in \u00e7ok \u00f6nemlidir.<\/p>\n<p>Garanti ve Teminat: Kusur veya sorun durumunda korundu\u011funuzdan emin olmak i\u00e7in \u00fcr\u00fcnleriyle ilgili garanti ve garanti politikalar\u0131n\u0131 inceleyin.<\/p>\n<p>Son olarak, fiyat ve genel de\u011fer \u00f6nemli hususlard\u0131r. Bilin\u00e7li bir karar vermek i\u00e7in kullan\u0131c\u0131 geri bildirimlerini ve \u00f6nerilerini inceledi\u011finizden emin olun.<\/p>\n<p>**Neden BOGONG LAZER'i Se\u00e7melisiniz**<\/p>\n<p>BOGONG, lazer ekipmanlar\u0131n\u0131n kalitesi ve sat\u0131\u015f sonras\u0131 servis hizmeti ile \u00fcnl\u00fcd\u00fcr, Makinelerimiz \u00e7ok y\u00f6nl\u00fc ve kullan\u0131c\u0131 dostudur, t\u00fcm beceri seviyeleri g\u00f6z \u00f6n\u00fcnde bulundurularak tasarlanm\u0131\u015ft\u0131r. Her \u015feyden \u00f6nce m\u00fc\u015fteri memnuniyetini \u00f6n planda tutuyoruz. \u0130ster deneyimli bir uzman ister yeni ba\u015flayan biri olun, <a href=\"https:\/\/bogonglaser.com\/tr\/\">BOGONG LAZER<\/a> her ad\u0131mda size destek olmak i\u00e7in burada. Ba\u015far\u0131n\u0131z i\u00e7in m\u00fckemmellik ve yenili\u011fin bir araya geldi\u011fi bize ve hizmetimize g\u00fcvenin.<\/p>","protected":false},"excerpt":{"rendered":"<h2>Mini Split Mini Fiber Lazer Grav\u00fcr Makinesi<\/h2>\n<p>B\u00f6l\u00fcnm\u00fc\u015f tasar\u0131ml\u0131, hafif ve k\u00fc\u00e7\u00fck boyutlu BOGONG fiber lazer kaz\u0131ma makinesi.<\/p>\n<ul class=\"tips\">\n<li>300 Tak\u0131m \/ Ay Stokta Sat\u0131\u015f Bekliyor<\/li>\n<li>T\u00fcm Makine i\u00e7in 2 Y\u0131l S\u0131n\u0131rl\u0131 Garanti<\/li>\n<li>\u00c7evrimi\u00e7i (PayPal) ve \u00c7evrimd\u0131\u015f\u0131 (T \/ T, Banka ve Kredi Kartlar\u0131)<\/li>\n<li>Son Kullan\u0131c\u0131lar ve Bayiler i\u00e7in \u00d6m\u00fcr Boyu \u00dccretsiz Teknik Destek<\/li>\n<\/ul>","protected":false},"featured_media":1639,"template":"","meta":{"_gspb_post_css":""},"product_brand":[],"product_cat":[97,93,96],"product_tag":[123,102],"class_list":{"0":"post-2118","1":"product","2":"type-product","3":"status-publish","4":"has-post-thumbnail","6":"product_cat-fiber-laser-marker","7":"product_cat-laser-engraving-machine","8":"product_cat-laser-marking-machine","9":"product_tag-fiber-laser-marking-machine","10":"product_tag-laser-marking-machine","12":"first","13":"instock","14":"shipping-taxable","15":"product-type-simple"},"_links":{"self":[{"href":"https:\/\/bogonglaser.com\/tr\/wp-json\/wp\/v2\/product\/2118","targetHints":{"allow":["GET"]}}],"collection":[{"href":"https:\/\/bogonglaser.com\/tr\/wp-json\/wp\/v2\/product"}],"about":[{"href":"https:\/\/bogonglaser.com\/tr\/wp-json\/wp\/v2\/types\/product"}],"wp:featuredmedia":[{"embeddable":true,"href":"https:\/\/bogonglaser.com\/tr\/wp-json\/wp\/v2\/media\/1639"}],"wp:attachment":[{"href":"https:\/\/bogonglaser.com\/tr\/wp-json\/wp\/v2\/media?parent=2118"}],"wp:term":[{"taxonomy":"product_brand","embeddable":true,"href":"https:\/\/bogonglaser.com\/tr\/wp-json\/wp\/v2\/product_brand?post=2118"},{"taxonomy":"product_cat","embeddable":true,"href":"https:\/\/bogonglaser.com\/tr\/wp-json\/wp\/v2\/product_cat?post=2118"},{"taxonomy":"product_tag","embeddable":true,"href":"https:\/\/bogonglaser.com\/tr\/wp-json\/wp\/v2\/product_tag?post=2118"}],"curies":[{"name":"wp","href":"https:\/\/api.w.org\/{rel}","templated":true}]}}