{"id":2099,"date":"2024-12-04T09:34:52","date_gmt":"2024-12-04T01:34:52","guid":{"rendered":"https:\/\/bogonglaser.com\/?post_type=product&#038;p=2099"},"modified":"2025-12-10T16:19:29","modified_gmt":"2025-12-10T08:19:29","slug":"automatic-loading-laser-tube-cutting-machine","status":"publish","type":"product","link":"https:\/\/bogonglaser.com\/tr\/automatic-loading-laser-tube-cutting-machine\/","title":{"rendered":"Otomatik Y\u00fcklemeli Lazer Boru Kesme Makinesi"},"content":{"rendered":"<p>Otomatik T\u00fcp Lazer Kesim Makinesi<\/p>\n<p>The Automatic Tube Laser Cutting Machine features a unique upper feeding structure that optimizes space efficiency.<\/p>\n<p>1. Boru deformasyonunu \u00f6nlemek i\u00e7in \u00fc\u00e7 ayna ayn\u0131 anda kelep\u00e7elenir.<br \/>\n2. Borunun sallanmas\u0131n\u0131 \u00f6nlemek i\u00e7in boru otomatik olarak hizalan\u0131r.<br \/>\n3. Otomatik y\u00fckleme ve bo\u015faltma ile donat\u0131labilir, i\u015f\u00e7ilikten tasarruf sa\u011flar<br \/>\n4. Ultra uzun boru ba\u011flant\u0131 i\u015flemlerini ger\u00e7ekle\u015ftirmek i\u00e7in \u00e7ift \u00e7ekme i\u015flevi.<br \/>\n5. Orta y\u00fczer destek ve takip k\u00f6rleme deste\u011fi<br \/>\n6. Boru sarkmas\u0131n\u0131 \u00f6nleyin, yard\u0131mc\u0131 k\u00f6rleme yap\u0131n, kesim do\u011frulu\u011funu sa\u011flay\u0131n.<br \/>\n7. Kapal\u0131 toz ge\u00e7irmez tasar\u0131m, yap\u0131 \u00f6mr\u00fcn\u00fc uzat\u0131r<br \/>\n8. Herhangi bir karma\u015f\u0131k boru kesme i\u015flemine uyum sa\u011flamak i\u00e7in \u00f6zel bir lazer kesme kafas\u0131 ile donat\u0131labilir<br \/>\n9. Orta taraktan ka\u00e7\u0131nma, \u00fc\u00e7\u00fcnc\u00fc ayna s\u0131k\u0131\u015ft\u0131rma, u\u00e7tan uca d\u00f6n\u00fc\u015ft\u00fcr\u00fclebilir, kolay s\u0131f\u0131r kuyruk malzemesi.<\/p>\n<p><img decoding=\"async\" class=\"size-medium wp-image-7380\" src=\"https:\/\/bogonglaser.com\/wp-content\/uploads\/2024\/12\/Automatic-feeding-pipe-cutting-machine-300x300.jpg\" alt=\"Automatic feeding pipe cutting machine\" width=\"300\" height=\"300\" title=\"\" srcset=\"https:\/\/bogonglaser.com\/wp-content\/uploads\/2024\/12\/Automatic-feeding-pipe-cutting-machine-300x300.jpg 300w, https:\/\/bogonglaser.com\/wp-content\/uploads\/2024\/12\/Automatic-feeding-pipe-cutting-machine-100x100.jpg 100w, https:\/\/bogonglaser.com\/wp-content\/uploads\/2024\/12\/Automatic-feeding-pipe-cutting-machine-600x600.jpg 600w, https:\/\/bogonglaser.com\/wp-content\/uploads\/2024\/12\/Automatic-feeding-pipe-cutting-machine-150x150.jpg 150w, https:\/\/bogonglaser.com\/wp-content\/uploads\/2024\/12\/Automatic-feeding-pipe-cutting-machine-12x12.jpg 12w, https:\/\/bogonglaser.com\/wp-content\/uploads\/2024\/12\/Automatic-feeding-pipe-cutting-machine.jpg 750w\" sizes=\"(max-width: 300px) 100vw, 300px\" \/><\/p>\n<p>&nbsp;<\/p>\n<p><strong>T\u00fcp \u00e7ap\u0131:<\/strong><\/p>\n<p>Bu makine, otomatik besleme i\u00e7in \u03c6 10 ila \u03c6 180 aras\u0131nda de\u011fi\u015fen \u00e7aplarda borular\u0131 i\u015fler, manuel olarak boru y\u00fcklenirse, lazer kesicinin maksimum \u00e7ap\u0131 240 mm'dir.<\/p>\n<p>&nbsp;<\/p>\n<p>Avantajlar:<\/p>\n<p>- H\u0131zl\u0131 kesme h\u0131z\u0131 ve y\u00fcksek verimlilik \u00fcretkenli\u011fi sa\u011flar.<br \/>\n- \u0130stikrarl\u0131 performans ile g\u00fcvenli \u00e7al\u0131\u015fma.<br \/>\n- Minimum deformasyon ile y\u00fcksek kaliteli kesimler, p\u00fcr\u00fczs\u00fcz ve \u00e7ekici bir y\u00fczey elde edilmesini sa\u011flar.<br \/>\n- Geli\u015fmi\u015f kesme hassasiyeti i\u00e7in ithal servo motorlar ve k\u0131lavuz raylarla donat\u0131lm\u0131\u015ft\u0131r.<br \/>\n- Kullan\u0131c\u0131 dostu yaz\u0131l\u0131m, \u00e7e\u015fitli grafik ve metinlerin ger\u00e7ek zamanl\u0131 olarak i\u015flenmesini sa\u011flayarak esnek ve kolay kullan\u0131m sunar.<\/p>\n<p>&nbsp;<\/p>\n<p>Di\u011fer T\u00fcp Lazer Kesici:<\/p>\n<p>Hem manuel hem de otomatik \u00e7al\u0131\u015fma modlar\u0131 sunar.<\/p>\n<div class=\"sub-header-divs\">\n<h3>Performans<\/h3>\n<\/div>\n<ul>\n<li>Lazer Ortam\u0131 - Kat\u0131 hal CW 1070nm Fiber Lazer<\/li>\n<li>Lazer G\u00fcc\u00fc - 1500W -6000W Fiber Kaynak Se\u00e7enekleri<\/li>\n<li>G\u00fc\u00e7 - <strong>220v Tek \/ 380V 3 Faz<\/strong><\/li>\n<li>Konumland\u0131rma hassasiyeti - \u2264\u00b10,03 mm<\/li>\n<li>Tekrarlanabilirlik do\u011frulu\u011fu - \u2264\u00b10,02 mm<\/li>\n<\/ul>\n<div class=\"sub-header-divs\">\n<h3>Sistem<\/h3>\n<\/div>\n<ul>\n<li>S\u00fcr\u00fc\u015f Sistemi - Kapal\u0131 \u00c7evrim Servo<\/li>\n<li>So\u011futma Modu - So\u011futulmu\u015f Su<\/li>\n<\/ul>\n<p><iframe title=\"Profesyonel Fiber Lazer Metal Boru Kesme Makinesi | Boru Lazer Kesim Makinesi\" width=\"1290\" height=\"726\" src=\"https:\/\/www.youtube.com\/embed\/P8_Y7zygTnw?feature=oembed\" frameborder=\"0\" allow=\"accelerometer; autoplay; clipboard-write; encrypted-media; gyroscope; picture-in-picture; web-share\" referrerpolicy=\"strict-origin-when-cross-origin\" allowfullscreen><\/iframe><\/p>\n<p>BOGONG, lazer ekipmanlar\u0131n\u0131n kalitesi ve sat\u0131\u015f sonras\u0131 servis hizmeti ile \u00fcnl\u00fcd\u00fcr, Makinelerimiz \u00e7ok y\u00f6nl\u00fc ve kullan\u0131c\u0131 dostudur, t\u00fcm beceri seviyeleri g\u00f6z \u00f6n\u00fcnde bulundurularak tasarlanm\u0131\u015ft\u0131r. Her \u015feyden \u00f6nce, m\u00fc\u015fteri memnuniyetine \u00f6ncelik veriyoruz. \u0130ster deneyimli bir uzman ister yeni ba\u015flayan biri olun, BOGONG LASER sizi her ad\u0131mda desteklemek i\u00e7in burada. Ba\u015far\u0131n\u0131z i\u00e7in m\u00fckemmellik ve yenili\u011fin bir araya geldi\u011fi bize ve hizmetimize g\u00fcvenin.<\/p>","protected":false},"excerpt":{"rendered":"<p>Paslanmaz \u00e7elik borular, karbon \u00e7elik borular ve galvanizli borular dahil olmak \u00fczere \u00e7e\u015fitli metal malzemeleri i\u015fleme kapasitesine sahiptir. Bu makine, metal imalat\u0131, mutfak e\u015fyalar\u0131 \u00fcretimi, dekoratif malzemeler, dolaplar ve daha fazlas\u0131 gibi sekt\u00f6rlerde yayg\u0131n olarak kullan\u0131lmaktad\u0131r.<\/p>\n<ul class=\"tips\">\n<li>10 Tak\u0131m \/ Ay Stokta Sat\u0131\u015f Bekliyor<\/li>\n<li>T\u00fcm Makine i\u00e7in 2 Y\u0131l S\u0131n\u0131rl\u0131 Garanti<\/li>\n<li>\u00c7evrimi\u00e7i (PayPal) ve \u00c7evrimd\u0131\u015f\u0131 (T \/ T, Banka ve Kredi Kartlar\u0131)<\/li>\n<li>Son Kullan\u0131c\u0131lar ve Bayiler i\u00e7in \u00d6m\u00fcr Boyu \u00dccretsiz Teknik Destek<\/li>\n<\/ul>","protected":false},"featured_media":2101,"template":"","meta":{"_gspb_post_css":""},"product_brand":[],"product_cat":[117,92,118],"product_tag":[122,105],"class_list":{"0":"post-2099","1":"product","2":"type-product","3":"status-publish","4":"has-post-thumbnail","6":"product_cat-fiber-laser-cutting-machine","7":"product_cat-laser-cutting-machine","8":"product_cat-laser-metal-cutting-machine","9":"product_tag-auto-tube-laser-cutting-machine","10":"product_tag-fiber-laser-cutting-machine","12":"first","13":"instock","14":"shipping-taxable","15":"product-type-simple"},"_links":{"self":[{"href":"https:\/\/bogonglaser.com\/tr\/wp-json\/wp\/v2\/product\/2099","targetHints":{"allow":["GET"]}}],"collection":[{"href":"https:\/\/bogonglaser.com\/tr\/wp-json\/wp\/v2\/product"}],"about":[{"href":"https:\/\/bogonglaser.com\/tr\/wp-json\/wp\/v2\/types\/product"}],"wp:featuredmedia":[{"embeddable":true,"href":"https:\/\/bogonglaser.com\/tr\/wp-json\/wp\/v2\/media\/2101"}],"wp:attachment":[{"href":"https:\/\/bogonglaser.com\/tr\/wp-json\/wp\/v2\/media?parent=2099"}],"wp:term":[{"taxonomy":"product_brand","embeddable":true,"href":"https:\/\/bogonglaser.com\/tr\/wp-json\/wp\/v2\/product_brand?post=2099"},{"taxonomy":"product_cat","embeddable":true,"href":"https:\/\/bogonglaser.com\/tr\/wp-json\/wp\/v2\/product_cat?post=2099"},{"taxonomy":"product_tag","embeddable":true,"href":"https:\/\/bogonglaser.com\/tr\/wp-json\/wp\/v2\/product_tag?post=2099"}],"curies":[{"name":"wp","href":"https:\/\/api.w.org\/{rel}","templated":true}]}}