{"id":2079,"date":"2024-11-03T15:07:59","date_gmt":"2024-11-03T07:07:59","guid":{"rendered":"https:\/\/bogonglaser.com\/?post_type=product&#038;p=2079"},"modified":"2025-12-10T16:28:51","modified_gmt":"2025-12-10T08:28:51","slug":"co2-laser-engraver-cutter","status":"publish","type":"product","link":"https:\/\/bogonglaser.com\/tr\/co2-laser-engraver-cutter\/","title":{"rendered":"CO2 Lazer Grav\u00fcr Kesici"},"content":{"rendered":"<p>Y\u00fcksek h\u0131zl\u0131 CO2 lazer sistemleri, yeni bir giri\u015fim ba\u015flatabilecek veya mevcut i\u015finizin k\u00e2r\u0131n\u0131 art\u0131rabilecek uygun fiyatl\u0131, kullan\u0131c\u0131 dostu ve esnek bir ara\u00e7t\u0131r. Lazer kaz\u0131ma ve kesme makinelerimizi masa\u00fcst\u00fc m\u00fcrekkepli yaz\u0131c\u0131lar gibi d\u00fc\u015f\u00fcnebilirsiniz. Resimlerinizi hayata ge\u00e7irmek i\u00e7in benzer hareket kontrol teknolojisini kullan\u0131rlar. Sistemlerimiz, ka\u011f\u0131t \u00fczerine m\u00fcrekkep noktalar\u0131 basmak yerine, tasar\u0131mlar\u0131n\u0131z\u0131 \u00e7ok \u00e7e\u015fitli malzemelere kaz\u0131mak, kesmek ve a\u015f\u0131nd\u0131rmak i\u00e7in bir CO2 lazer \u0131\u015f\u0131n\u0131 kullan\u0131r.<\/p>\n<figure id=\"attachment_7387\" aria-describedby=\"caption-attachment-7387\" style=\"width: 300px\" class=\"wp-caption alignnone\"><img decoding=\"async\" class=\"size-medium wp-image-7387\" src=\"https:\/\/bogonglaser.com\/wp-content\/uploads\/2024\/11\/CO2-Laser-Engraver-Cutter-300x300.jpg\" alt=\"CO2 Lazer Grav\u00fcr Kesici\" width=\"300\" height=\"300\" title=\"\" srcset=\"https:\/\/bogonglaser.com\/wp-content\/uploads\/2024\/11\/CO2-Laser-Engraver-Cutter-300x300.jpg 300w, https:\/\/bogonglaser.com\/wp-content\/uploads\/2024\/11\/CO2-Laser-Engraver-Cutter-100x100.jpg 100w, https:\/\/bogonglaser.com\/wp-content\/uploads\/2024\/11\/CO2-Laser-Engraver-Cutter-150x150.jpg 150w, https:\/\/bogonglaser.com\/wp-content\/uploads\/2024\/11\/CO2-Laser-Engraver-Cutter-12x12.jpg 12w, https:\/\/bogonglaser.com\/wp-content\/uploads\/2024\/11\/CO2-Laser-Engraver-Cutter.jpg 600w\" sizes=\"(max-width: 300px) 100vw, 300px\" \/><figcaption id=\"caption-attachment-7387\" class=\"wp-caption-text\">CO2 Lazer Grav\u00fcr Kesici<\/figcaption><\/figure>\n<div class=\"sub-header-1-div\">\n<h3>ANA \u00d6ZELL\u0130KLER<\/h3>\n<\/div>\n<ul>\n<li>Lazer g\u00fcc\u00fc - 60w 80w 100w 150W 180W<\/li>\n<li>Lazer t\u00fcp\u00fc - CO2 lazer t\u00fcp\u00fc, 10,6 \u00b5m dalga boyu (CO2) <strong>Kullan\u0131m \u00d6mr\u00fc: kadar\u00a0<\/strong>10.000 saat<\/li>\n<li>\u00c7al\u0131\u015fma alan\u0131 - 400*300mm, 900*600mm, 1300*900mm, 1600*100mm, 1300 mm x 2500 mm, vb.<\/li>\n<li>Yaz\u0131l\u0131m RDWorks<\/li>\n<li>\u00c7al\u0131\u015fma platformu - B\u0131\u00e7ak a\u011fz\u0131<\/li>\n<li>G\u00fc\u00e7 kayna\u011f\u0131 - AC 110V (\u00b110%) 60Hz\/ AC 220V 50Hz<\/li>\n<li>\u015eanz\u0131man - Step motor \/ Kay\u0131\u015flar LeadShine (mevcut Servo motor y\u00fckseltmesi).<\/li>\n<li>Ba\u011flant\u0131 - USB Kablosu \/ Ethernet Kablosu<\/li>\n<li>Sertifikasyon - CE, ISO<\/li>\n<li>S\u0131n\u0131f - S\u0131n\u0131f 4 lazer<\/li>\n<\/ul>\n<h2>Sizin i\u00e7in ne yapabiliriz?<\/h2>\n<ul>\n<li><span class=\"magic-19\"><b class=\"magic-19\"><span class=\"magic-18\">\u00dccretsiz test \u00f6rnekleri -<\/span><\/b><span class=\"magic-20\" data-spm-anchor-id=\"a2700.details.0.i41.41d82402R4aegi\">\u00dcr\u00fcn malzemenize g\u00f6re \u00fccretsiz markalama efekti testleri ger\u00e7ekle\u015ftirebiliriz<\/span><\/span><\/li>\n<li><span class=\"magic-19\"><b class=\"magic-19\"><span class=\"magic-18\">Video Canl\u0131-<\/span><\/b><span class=\"magic-20\">Makinenin \u00fcretim s\u00fcrecini ve \u00e7al\u0131\u015fmas\u0131n\u0131 \u00e7evrimi\u00e7i videoda izlemek i\u00e7in sat\u0131\u015f dan\u0131\u015fmanlar\u0131m\u0131zla ba\u011flant\u0131 kurabilirsiniz.<\/span><\/span><\/li>\n<li><span class=\"magic-19\"><b class=\"magic-19\"><span class=\"magic-18\">\u00d6zelle\u015ftirilmi\u015f \/OEM-<\/span><\/b><span class=\"magic-20\" data-spm-anchor-id=\"a2700.details.0.i40.41d82402R4aegi\">\u0130stek \u00fczerine \u00f6zelle\u015ftirilmi\u015f makineler \uff0c Bize ula\u015f\u0131n<\/span><\/span><\/li>\n<\/ul>\n<p><iframe title=\"CO2 LAZER NASIL \u00c7ALI\u015eIR?  |CO2 lazer makinesinin Ruida Yaz\u0131l\u0131m\u0131n\u0131 \u00c7al\u0131\u015ft\u0131r\u0131n\" width=\"1290\" height=\"726\" src=\"https:\/\/www.youtube.com\/embed\/90ApOcSD6OI?feature=oembed\" frameborder=\"0\" allow=\"accelerometer; autoplay; clipboard-write; encrypted-media; gyroscope; picture-in-picture; web-share\" referrerpolicy=\"strict-origin-when-cross-origin\" allowfullscreen><\/iframe><\/p>\n<h3>CO2 Lazer Grav\u00fcr Kesme Makinesi i\u00e7in Hangi Par\u00e7alar\u0131 se\u00e7mem gerekiyor<\/h3>\n<ul>\n<li>D\u00f6ner Cihaz: 50D 65D 80D gibi farkl\u0131 stil ve kelep\u00e7e \u00e7ap\u0131na sahip birka\u00e7 d\u00f6ner cihaz vard\u0131r<\/li>\n<\/ul>\n<p>CO2 Lazer Grav\u00fcr Kesme Makinesi i\u00e7in \u00d6deme Ko\u015fullar\u0131<\/p>\n<p>1. Depozito ve Bakiye: Sevkiyattan \u00f6nce \u00f6denmesi gereken bakiye ile \u00f6nceden bir 30% T \/ T depozitosu gereklidir.<\/p>\n<p>2. Alibaba Ticaret G\u00fcvencesi: \u00d6demeler Alibaba Ticaret G\u00fcvencesi arac\u0131l\u0131\u011f\u0131yla ger\u00e7ekle\u015ftirilebilir.<\/p>\n<p>CO2 Lazer Grav\u00fcr Kesme Makinesi i\u00e7in SSS<\/p>\n<p>Ambalaj i\u00e7in Ambalaj Nedir? <strong>CO2 Lazer Grav\u00fcr Kesme Makinesi<\/strong>?<br \/>\nMakinelerimiz \u00fc\u00e7 katmanl\u0131 bir d\u00fczende paketlenir. D\u0131\u015f katman ah\u015fap bir kasadan olu\u015fur, orta katmanda sars\u0131nt\u0131ya kar\u015f\u0131 koruma sa\u011flamak i\u00e7in k\u00f6p\u00fck dolgu bulunur ve i\u00e7 katman su ge\u00e7irmezlik i\u00e7in kal\u0131n bir plastik torba i\u00e7erir.<\/p>\n<p>Paket Ta\u015f\u0131ma S\u0131ras\u0131nda Zarar G\u00f6recek mi?<br \/>\nAmbalajlar\u0131m\u0131z\u0131 t\u00fcm olas\u0131 hasar fakt\u00f6rlerini ele alacak \u015fekilde titizlikle tasarl\u0131yoruz ve nakliye acentelerimiz g\u00fcvenli ta\u015f\u0131mac\u0131l\u0131k konusunda deneyimlidir. Ba\u015far\u0131l\u0131 bir \u015fekilde 180 \u00fclkeye ihracat yapt\u0131k, bu nedenle paketinizin m\u00fckemmel durumda ula\u015faca\u011f\u0131ndan emin olabilirsiniz.<\/p>","protected":false},"excerpt":{"rendered":"<h2>CO2 Laser Engraving Cutting Machine<\/h2>\n<p>Are you looking for a CO2 laser cutting machine that can effortlessly handle thicker materials? If so, the <a href=\"https:\/\/bogonglaser.com\/\">BOGONG laser<\/a> could be just what you need. Models like the 80W CO2 laser cutter not only boost your capabilities and efficiency as a small business owner but also make the experience of laser cutting and engraving enjoyable and accessible, even for beginners.<\/p>\n<ul class=\"tips\">\n<li>350 Sets \/ Month Waiting for Sale In Stock<\/li>\n<li>2 Years Limited Warranty for Entire Machine<\/li>\n<li>3-5 days prepare laser machine, 3-7days transport.<\/li>\n<li>Online (PayPal) &amp; Offline (T\/T, Debit &amp; Credit Cards)<\/li>\n<\/ul>\n<hr \/>\n<h4><strong>Get a Quote<\/strong><\/h4>\n<p>[contact-form-7 id=&#8221;029fbc1&#8243; title=&#8221;Products Form&#8221;]<\/p>\n","protected":false},"featured_media":2090,"template":"","meta":{"_gspb_post_css":""},"product_brand":[],"product_cat":[120,92],"product_tag":[121],"class_list":{"0":"post-2079","1":"product","2":"type-product","3":"status-publish","4":"has-post-thumbnail","6":"product_cat-co2-laser-cutter","7":"product_cat-laser-cutting-machine","8":"product_tag-co2-laser-cutting-machine","10":"first","11":"instock","12":"shipping-taxable","13":"product-type-simple"},"_links":{"self":[{"href":"https:\/\/bogonglaser.com\/tr\/wp-json\/wp\/v2\/product\/2079","targetHints":{"allow":["GET"]}}],"collection":[{"href":"https:\/\/bogonglaser.com\/tr\/wp-json\/wp\/v2\/product"}],"about":[{"href":"https:\/\/bogonglaser.com\/tr\/wp-json\/wp\/v2\/types\/product"}],"wp:featuredmedia":[{"embeddable":true,"href":"https:\/\/bogonglaser.com\/tr\/wp-json\/wp\/v2\/media\/2090"}],"wp:attachment":[{"href":"https:\/\/bogonglaser.com\/tr\/wp-json\/wp\/v2\/media?parent=2079"}],"wp:term":[{"taxonomy":"product_brand","embeddable":true,"href":"https:\/\/bogonglaser.com\/tr\/wp-json\/wp\/v2\/product_brand?post=2079"},{"taxonomy":"product_cat","embeddable":true,"href":"https:\/\/bogonglaser.com\/tr\/wp-json\/wp\/v2\/product_cat?post=2079"},{"taxonomy":"product_tag","embeddable":true,"href":"https:\/\/bogonglaser.com\/tr\/wp-json\/wp\/v2\/product_tag?post=2079"}],"curies":[{"name":"wp","href":"https:\/\/api.w.org\/{rel}","templated":true}]}}