{"id":2075,"date":"2024-12-02T15:16:04","date_gmt":"2024-12-02T07:16:04","guid":{"rendered":"https:\/\/bogonglaser.com\/?post_type=product&#038;p=2075"},"modified":"2025-12-10T16:33:52","modified_gmt":"2025-12-10T08:33:52","slug":"all-in-one-fiber-laser-metal-cutting-machine-tube-and-metal-sheet-laser-cutting-machine","status":"publish","type":"product","link":"https:\/\/bogonglaser.com\/tr\/all-in-one-fiber-laser-metal-cutting-machine-tube-and-metal-sheet-laser-cutting-machine\/","title":{"rendered":"Lazer Plaka ve T\u00fcp Combo Fiber Lazer Kesim Makinesi"},"content":{"rendered":"<p>Bir sac ve boru lazer kesim makinesi \u00e7ok y\u00f6nl\u00fcd\u00fcr, sadece metal saclar\u0131 de\u011fil borular\u0131 da kesebilir. Bu fiber lazer kesim sistemi, hem sac hem de boru i\u015fleme i\u015flevlerini entegre ederek e\u011fimli kesim, delme ve kanal a\u00e7ma gibi \u00e7e\u015fitli m\u00fc\u015fteri ihtiya\u00e7lar\u0131n\u0131 kar\u015f\u0131lar. Bu kombinasyon, \u00fcretim verimlili\u011fini art\u0131r\u0131rken maliyetlerden ve alandan \u00f6nemli \u00f6l\u00e7\u00fcde tasarruf sa\u011flar.<\/p>\n<p>\u0130ster metal ister metal olmayan malzemelerle \u00e7al\u0131\u015fs\u0131n, sac ve boru lazer kesim makineleri \u00e7e\u015fitli \u015fekil ve boyutlardaki boru ve saclar\u0131 y\u00fcksek hassasiyetle kesebilir. Genellikle ek temizlik, i\u015fleme veya son i\u015flem gerektirmeyen y\u00fcksek kaliteli kenarlar \u00fcretirler, b\u00f6ylece ikincil i\u015flemlere olan ihtiyac\u0131 en aza indirirler.<\/p>\n<p>Bunlar <a href=\"https:\/\/bogonglaser.com\/tr\/fiber-laser-cutter\/\">CNC fiber lazer kesim makineleri<\/a> lazer ayarlar\u0131n\u0131 1 ila 200 mm aras\u0131nda de\u011fi\u015fen farkl\u0131 malzeme t\u00fcrlerine ve kal\u0131nl\u0131klar\u0131na uyacak \u015fekilde kolayca ayarlayabilir. Paslanmaz \u00e7elik, karbon \u00e7eli\u011fi, bak\u0131r, al\u00fcminyum, pirin\u00e7, alt\u0131n, g\u00fcm\u00fc\u015f, demir, titanyum, galvanizli saclar ve \u00e7e\u015fitli ala\u015f\u0131mlar dahil olmak \u00fczere geni\u015f bir metal malzeme yelpazesi i\u00e7in uygundur.<\/p>\n<div class=\"sub-header-divs\">\n<h3>Performans<\/h3>\n<\/div>\n<ul>\n<li>Lazer Ortam\u0131 - Kat\u0131 hal CW 1070nm Fiber Lazer<\/li>\n<li>Lazer G\u00fcc\u00fc - 1500W -10000W Fiber Kaynak Se\u00e7enekleri<\/li>\n<li>G\u00fc\u00e7 - <strong>\u00a0380V 3 Faz<\/strong><\/li>\n<li>Konumland\u0131rma hassasiyeti - \u2264\u00b10,03 mm<\/li>\n<li>Tekrarlanabilirlik do\u011frulu\u011fu - \u2264\u00b10,02 mm<\/li>\n<\/ul>\n<div class=\"sub-header-divs\">\n<h3>Sistem<\/h3>\n<\/div>\n<ul>\n<li>S\u00fcr\u00fc\u015f Sistemi - Kapal\u0131 \u00c7evrim Servo<\/li>\n<li>So\u011futma Modu - So\u011futulmu\u015f Su<\/li>\n<\/ul>\n<p>Levhalar ve borular i\u00e7in fiber lazer kesiciler, tek bir makinede iki i\u015flev sunarak esnek ve \u00e7ok y\u00f6nl\u00fc olman\u0131n yan\u0131 s\u0131ra alan verimlili\u011fi ve maliyet tasarrufu sa\u011flar. \u015eimdi fiyat teklifi isteyin!<\/p>\n<p>BOGONG, lazer ekipmanlar\u0131n\u0131n kalitesi ve sat\u0131\u015f sonras\u0131 servis hizmeti ile \u00fcnl\u00fcd\u00fcr, Makinelerimiz \u00e7ok y\u00f6nl\u00fc ve kullan\u0131c\u0131 dostudur, t\u00fcm beceri seviyeleri g\u00f6z \u00f6n\u00fcnde bulundurularak tasarlanm\u0131\u015ft\u0131r. Her \u015feyden \u00f6nce m\u00fc\u015fteri memnuniyetini \u00f6n planda tutuyoruz. \u0130ster deneyimli bir uzman ister yeni ba\u015flayan biri olun, <a href=\"https:\/\/bogonglaser.com\/tr\/\">BOGONG LAZER<\/a> her ad\u0131mda size destek olmak i\u00e7in burada. Ba\u015far\u0131n\u0131z i\u00e7in m\u00fckemmellik ve yenili\u011fin bir araya geldi\u011fi bize ve hizmetimize g\u00fcvenin.<\/p>","protected":false},"excerpt":{"rendered":"<p>The sheet and tube laser cutting machine is designed to cut a variety of common metal materials, including stainless steel, aluminum alloy, copper, titanium alloy, carbon steel, and various alloy steels. When working with sheet metal, the machine can handle sheet metal. For tube cutting, it can process tubes of various diameters and wall thicknesses, with common diameters ranging from 20 mm to 200 mm. The integrated functionality and high efficiency of this sheet and tube laser cutting machine make it an essential tool in today\u2019s metal processing industry.<\/p>\n<ul class=\"tips\">\n<li>20 Sets \/ Month Waiting for Sale In Stock<\/li>\n<li>2 Years Limited Warranty for Entire Machine<\/li>\n<li>Online (PayPal) &amp; Offline (T\/T, Debit &amp; Credit Cards)<\/li>\n<li>Lifetime Free Technical Support for End-Users &amp; Dealers<\/li>\n<\/ul>\n<hr \/>\n<h4><strong>Get a Quote<\/strong><\/h4>\n<p>[contact-form-7 id=&#8221;029fbc1&#8243; title=&#8221;Products Form&#8221;]<\/p>\n","protected":false},"featured_media":2077,"template":"","meta":{"_gspb_post_css":""},"product_brand":[],"product_cat":[117,92,118],"product_tag":[105,106],"class_list":{"0":"post-2075","1":"product","2":"type-product","3":"status-publish","4":"has-post-thumbnail","6":"product_cat-fiber-laser-cutting-machine","7":"product_cat-laser-cutting-machine","8":"product_cat-laser-metal-cutting-machine","9":"product_tag-fiber-laser-cutting-machine","10":"product_tag-laser-cutting-machine","12":"first","13":"instock","14":"shipping-taxable","15":"product-type-simple"},"_links":{"self":[{"href":"https:\/\/bogonglaser.com\/tr\/wp-json\/wp\/v2\/product\/2075","targetHints":{"allow":["GET"]}}],"collection":[{"href":"https:\/\/bogonglaser.com\/tr\/wp-json\/wp\/v2\/product"}],"about":[{"href":"https:\/\/bogonglaser.com\/tr\/wp-json\/wp\/v2\/types\/product"}],"wp:featuredmedia":[{"embeddable":true,"href":"https:\/\/bogonglaser.com\/tr\/wp-json\/wp\/v2\/media\/2077"}],"wp:attachment":[{"href":"https:\/\/bogonglaser.com\/tr\/wp-json\/wp\/v2\/media?parent=2075"}],"wp:term":[{"taxonomy":"product_brand","embeddable":true,"href":"https:\/\/bogonglaser.com\/tr\/wp-json\/wp\/v2\/product_brand?post=2075"},{"taxonomy":"product_cat","embeddable":true,"href":"https:\/\/bogonglaser.com\/tr\/wp-json\/wp\/v2\/product_cat?post=2075"},{"taxonomy":"product_tag","embeddable":true,"href":"https:\/\/bogonglaser.com\/tr\/wp-json\/wp\/v2\/product_tag?post=2075"}],"curies":[{"name":"wp","href":"https:\/\/api.w.org\/{rel}","templated":true}]}}