{"id":2038,"date":"2024-11-29T15:39:51","date_gmt":"2024-11-29T07:39:51","guid":{"rendered":"https:\/\/bogonglaser.com\/?post_type=product&#038;p=2038"},"modified":"2025-12-10T18:13:03","modified_gmt":"2025-12-10T10:13:03","slug":"trolley-case-type-laser-cleaning-machine","status":"publish","type":"product","link":"https:\/\/bogonglaser.com\/tr\/trolley-case-type-laser-cleaning-machine\/","title":{"rendered":"Arabal\u0131 Kasa tipi Lazer Temizleme Makinesi"},"content":{"rendered":"<div class=\"vc_row wpb_row vc_row-fluid\">\n<div class=\"wpb_column vc_column_container vc_col-sm-12\">\n<div class=\"vc_column-inner\">\n<div class=\"wpb_wrapper\">\n<div class=\"wpb_text_column wpb_content_element\">\n<div class=\"wpb_wrapper\">\n<div class=\"Content-module__content___jmKA6 _content_dc5hu_45\">\n<div class=\"react-scroll-to-bottom--css-kubvu-79elbk _chat-scroller_g10pz_99\">\n<div class=\"react-scroll-to-bottom--css-kubvu-1n7m0yu _chat-scroller__scroll_g10pz_102\">\n<div class=\"_message-list_g10pz_92\">\n<div class=\"_container_g10pz_1\">\n<div class=\"_container__content_g10pz_14\">\n<div class=\"_container__message_g10pz_41 _container__message--assistant_g10pz_61\">\n<div class=\"_message_g10pz_27\">\n<div class=\"_message__content_g10pz_53\">\n<div class=\"MessageContent-module__message-content___Am59P MessageContent-module__message-content--markdown___oLH9Y\">\n<p>Bu makine ne yapabilir?<\/p>\n<p>\u2013 Removing natural oxide films from aluminum alloys before welding.<br \/>\n\u2013 Cleaning black ash oxide after welding battery trays.<br \/>\n\u2013 Preparing train bogie welds for flaw detection.<br \/>\n\u2013 Cleaning automotive sheet metal parts prior to refurbishment.<br \/>\n\u2013 Accessing hard-to-reach areas that traditional wire brushes cannot clean.<\/p>\n<p>Bu \u00e7ok y\u00f6nl\u00fcl\u00fck, \u00fcr\u00fcn\u00fc farkl\u0131 sekt\u00f6rlerde yap\u0131sal b\u00fct\u00fcnl\u00fc\u011f\u00fcn korunmas\u0131 ve kalitenin sa\u011flanmas\u0131 i\u00e7in \u00f6nemli bir ara\u00e7 haline getirmektedir.<\/p>\n<\/div>\n<\/div>\n<\/div>\n<\/div>\n<\/div>\n<\/div>\n<\/div>\n<\/div>\n<\/div>\n<\/div>\n<\/div>\n<\/div>\n<\/div>\n<\/div>\n<\/div>\n<\/div>\n<div class=\"vc_row wpb_row vc_row-fluid\">\n<div class=\"wpb_column vc_column_container vc_col-sm-12\">\n<div class=\"vc_column-inner\">\n<div class=\"wpb_wrapper\">\n<div class=\"wpb_single_image wpb_content_element vc_align_left wpb_content_element\">\n<figure class=\"wpb_wrapper vc_figure\">\n<div class=\"vc_single_image-wrapper   vc_box_border_grey\"><img decoding=\"async\" class=\"vc_single_image-img attachment-full\" title=\"300~500w\u62c9\u7bb1\u5f0f\u6e05\u6d17\u673a6\" src=\"https:\/\/bogonglaser.com\/wp-content\/uploads\/2024\/11\/300500w%E6%8B%89%E7%AE%B1%E5%BC%8F%E6%B8%85%E6%B4%97%E6%9C%BA6.png\" sizes=\"auto, (max-width: 600px) 100vw, 600px\" srcset=\"https:\/\/bogonglaser.com\/wp-content\/uploads\/2024\/11\/300500w\u62c9\u7bb1\u5f0f\u6e05\u6d17\u673a6.png 600w, https:\/\/bogonglaser.com\/wp-content\/uploads\/2024\/11\/300500w\u62c9\u7bb1\u5f0f\u6e05\u6d17\u673a6-300x300.png 300w, https:\/\/bogonglaser.com\/wp-content\/uploads\/2024\/11\/300500w\u62c9\u7bb1\u5f0f\u6e05\u6d17\u673a6-150x150.png 150w, https:\/\/bogonglaser.com\/wp-content\/uploads\/2024\/11\/300500w\u62c9\u7bb1\u5f0f\u6e05\u6d17\u673a6-100x100.png 100w\" alt=\"laggage tipi lazer temizleyici\" width=\"600\" height=\"600\" \/><\/div>\n<\/figure>\n<\/div>\n<\/div>\n<\/div>\n<\/div>\n<\/div>\n<div class=\"vc_row wpb_row vc_row-fluid\">\n<div class=\"wpb_column vc_column_container vc_col-sm-12\">\n<div class=\"vc_column-inner\">\n<div class=\"wpb_wrapper\">\n<div class=\"wpb_text_column wpb_content_element\">\n<div class=\"wpb_wrapper\">\n<div class=\"Content-module__content___jmKA6 _content_dc5hu_45\">\n<div class=\"react-scroll-to-bottom--css-kubvu-79elbk _chat-scroller_g10pz_99\">\n<div class=\"react-scroll-to-bottom--css-kubvu-1n7m0yu _chat-scroller__scroll_g10pz_102\">\n<div class=\"_message-list_g10pz_92\">\n<div class=\"_container_g10pz_1\">\n<div class=\"_container__content_g10pz_14\">\n<div class=\"_container__message_g10pz_41 _container__message--assistant_g10pz_61\">\n<div class=\"_message_g10pz_27\">\n<div class=\"_message__content_g10pz_53\">\n<div class=\"MessageContent-module__message-content___Am59P MessageContent-module__message-content--markdown___oLH9Y\">\n<h2>Trolley tipi Lazer Temizleme Makinesinin Avantajlar\u0131?<\/h2>\n<p>Trolley type laser cleaning machine also belong to Pulse laser cleaning technology, which use 100w\/200w\/300w pulse laser source inside. this kind of laggage type\u00a0laser cleaning machine\u00a0with strong nonmetal case, light weight, and easy move. This method is highly efficient and gentle, ensuring that it doesn\u2019t damage the surfaces of the materials being cleaned, making it perfect for a range of applications.<\/p>\n<\/div>\n<\/div>\n<\/div>\n<\/div>\n<\/div>\n<\/div>\n<\/div>\n<\/div>\n<\/div>\n<\/div>\n<\/div>\n<\/div>\n<\/div>\n<\/div>\n<\/div>\n<\/div>\n<div class=\"vc_row wpb_row vc_row-fluid\">\n<div class=\"wpb_column vc_column_container vc_col-sm-12\">\n<div class=\"vc_column-inner\">\n<div class=\"wpb_wrapper\">\n<div class=\"wpb_text_column wpb_content_element\">\n<div class=\"wpb_wrapper\">\n<div class=\"Content-module__content___jmKA6 _content_dc5hu_45\">\n<div class=\"react-scroll-to-bottom--css-kubvu-79elbk _chat-scroller_g10pz_99\">\n<div class=\"react-scroll-to-bottom--css-kubvu-1n7m0yu _chat-scroller__scroll_g10pz_102\">\n<div class=\"_message-list_g10pz_92\">\n<div class=\"_container_g10pz_1\">\n<div class=\"_container__content_g10pz_14\">\n<div class=\"_container__message_g10pz_41 _container__message--assistant_g10pz_61\">\n<div class=\"_message_g10pz_27\">\n<div class=\"_message__content_g10pz_53\">\n<div class=\"MessageContent-module__message-content___Am59P MessageContent-module__message-content--markdown___oLH9Y\">\n<p>Ana \u00f6zellik a\u015fa\u011f\u0131daki gibidir:<\/p>\n<\/div>\n<\/div>\n<\/div>\n<\/div>\n<\/div>\n<\/div>\n<\/div>\n<\/div>\n<\/div>\n<\/div>\n<ul>\n<li>Lazer Tipi: MOPA Lazer<br \/>\nLazer G\u00fcc\u00fc: 100W\/200W\/300W<br \/>\n\u00c7\u0131k\u0131\u015f Aral\u0131\u011f\u0131 (Ayarlanabilirse): 0-100%<br \/>\nNab\u0131z Olu\u015fumu: MOPA (Kalite Fakt\u00f6r\u00fc)<br \/>\nLazer Jenerat\u00f6r\u00fc: JPT<br \/>\nSo\u011futma Tipi: Hava So\u011futma<br \/>\nSat\u0131\u015f Sonras\u0131: 2 Y\u0131l<\/li>\n<\/ul>\n<\/div>\n<\/div>\n<div class=\"wpb_video_widget wpb_content_element vc_clearfix   vc_video-aspect-ratio-169 vc_video-el-width-80 vc_video-align-left\">\n<div class=\"wpb_wrapper\">\n<h2 class=\"wpb_heading wpb_video_heading\">El Arabas\u0131 \u00c7antas\u0131 Lazer Temizleme Makinesi G\u00f6sterisi<\/h2>\n<div class=\"wpb_video_wrapper\">\n<p><iframe title=\"El Arabas\u0131 \u00c7antas\u0131 Pulse Lazer Temizleyici\" width=\"1290\" height=\"726\" src=\"https:\/\/www.youtube.com\/embed\/5ubKrUXY2Q8?feature=oembed\" frameborder=\"0\" allow=\"accelerometer; autoplay; clipboard-write; encrypted-media; gyroscope; picture-in-picture; web-share\" referrerpolicy=\"strict-origin-when-cross-origin\" allowfullscreen><\/iframe><\/p>\n<\/div>\n<\/div>\n<\/div>\n<\/div>\n<\/div>\n<\/div>\n<\/div>\n<div class=\"vc_row wpb_row vc_row-fluid\">\n<div class=\"wpb_column vc_column_container vc_col-sm-12\">\n<div class=\"vc_column-inner\">\n<div class=\"wpb_wrapper\">\n<div class=\"wpb_text_column wpb_content_element\">\n<div class=\"wpb_wrapper\">\n<div class=\"Content-module__content___jmKA6 _content_dc5hu_45\">\n<div class=\"react-scroll-to-bottom--css-kubvu-79elbk _chat-scroller_g10pz_99\">\n<div class=\"react-scroll-to-bottom--css-kubvu-1n7m0yu _chat-scroller__scroll_g10pz_102\">\n<div class=\"_message-list_g10pz_92\">\n<div class=\"_container_g10pz_1\">\n<div class=\"_container__content_g10pz_14\">\n<div class=\"_container__message_g10pz_41 _container__message--assistant_g10pz_61\">\n<div class=\"_message_g10pz_27\">\n<div class=\"_message__content_g10pz_53\">\n<div class=\"MessageContent-module__message-content___Am59P MessageContent-module__message-content--markdown___oLH9Y\">\n<div class=\"container section-title-container\">\n<h2 class=\"section-title section-title-normal\"><span class=\"section-title-main\">9 Bu makinenin Temizleme Modlar\u0131<\/span><\/h2>\n<\/div>\n<p>Makinenin \u00e7al\u0131\u015fma aray\u00fcz\u00fc 9 temizleme modu sunar:<\/p>\n<ol>\n<li>D\u00fcz \u00c7izgi Modu<\/li>\n<li>Dikd\u00f6rtgen Mod 1<\/li>\n<li>Dikd\u00f6rtgen Mod 2<\/li>\n<li>Dairesel Mod<\/li>\n<li>Sin\u00fczoidal Mod<\/li>\n<li>Spiral Mod<\/li>\n<li>Serbest Mod<\/li>\n<li>Halka Modu<\/li>\n<li>D\u00f6nd\u00fcrme Modu<\/li>\n<\/ol>\n<div id=\"image_1635238231\" class=\"img has-hover x md-x lg-x y md-y lg-y\">\n<div class=\"Content-module__content___jmKA6 _content_dc5hu_45\">\n<div class=\"react-scroll-to-bottom--css-kubvu-79elbk _chat-scroller_g10pz_99\">\n<div class=\"react-scroll-to-bottom--css-kubvu-1n7m0yu _chat-scroller__scroll_g10pz_102\">\n<div class=\"_message-list_g10pz_92\">\n<div class=\"_container_g10pz_1\">\n<div class=\"_container__content_g10pz_14\">\n<div class=\"_container__message_g10pz_41 _container__message--assistant_g10pz_61\">\n<div class=\"_message_g10pz_27\">\n<div class=\"_message__content_g10pz_53\">\n<div class=\"MessageContent-module__message-content___Am59P MessageContent-module__message-content--markdown___oLH9Y\">\n<p>You can change these modes by \u201cScanning Mode\u201d option in the interface.<\/p>\n<p>Baz\u0131 temizlik modlar\u0131 daha naziktir ve hassas bir dokunu\u015f gerektiren malzemeler \u00fczerinde iyi \u00e7al\u0131\u015f\u0131r, makinemiz temizlik sonras\u0131 izleri en aza indirmenize veya tamamen ortadan kald\u0131rman\u0131za yard\u0131mc\u0131 olabilir. \u00d6te yandan, inat\u00e7\u0131 kir veya kaplamalarla m\u00fccadele etmek i\u00e7in m\u00fckemmel olan daha g\u00fc\u00e7l\u00fc modlar da vard\u0131r.<\/p>\n<p>Do\u011fru temizleme modunu se\u00e7mek, y\u00fczeylerinizin harika g\u00f6r\u00fcnmesini ve kalitesini korumas\u0131n\u0131 sa\u011flaman\u0131n anahtar\u0131d\u0131r. Bu \u00f6zellikle otomotiv \u00fcretimi, havac\u0131l\u0131k ve elektronik gibi end\u00fcstrilerde \u00f6nemlidir. BOGONG size boya, pas, ya\u011f vb. temizleme parametreleri sa\u011flar. Bunlar yeni ba\u015flayanlar i\u00e7in harikad\u0131r.<\/p>\n<\/div>\n<\/div>\n<\/div>\n<\/div>\n<\/div>\n<\/div>\n<\/div>\n<\/div>\n<\/div>\n<\/div>\n<div class=\"_message-box_1luju_5\">\n<div class=\"_message-box__content_1luju_15\">\n<form action=\"\">\n<div class=\"MessageBox-module__messagebox___n4MAC\">\n<div class=\"MessageBox-module__messagebox__content___-xFbz\">\n<div class=\"MessageBox-module__messagebox__input-container___njanw\"><\/div>\n<\/div>\n<\/div>\n<input type=\"hidden\" name=\"trp-form-language\" value=\"tr\"\/><\/form>\n<\/div>\n<\/div>\n<\/div>\n<\/div>\n<\/div>\n<\/div>\n<\/div>\n<\/div>\n<\/div>\n<\/div>\n<\/div>\n<\/div>\n<\/div>\n<\/div>\n<\/div>\n<\/div>\n<\/div>\n<\/div>\n<\/div>\n<div class=\"vc_row wpb_row vc_row-fluid\">\n<div class=\"wpb_column vc_column_container vc_col-sm-12\">\n<div class=\"vc_column-inner\">\n<div class=\"wpb_wrapper\">\n<div class=\"wpb_single_image wpb_content_element vc_align_left wpb_content_element\">\n<figure class=\"wpb_wrapper vc_figure\">\n<div class=\"vc_single_image-wrapper   vc_box_border_grey\"><img decoding=\"async\" class=\"vc_single_image-img attachment-full\" title=\"Arabal\u0131 Kasa tipi Lazer Temizleme Makinesi 5\" src=\"https:\/\/bogonglaser.com\/wp-content\/uploads\/2024\/11\/9-cleaning-modes-of-portable-laser-cleaner-1536x616-1.jpg\" sizes=\"auto, (max-width: 1536px) 100vw, 1536px\" srcset=\"https:\/\/bogonglaser.com\/wp-content\/uploads\/2024\/11\/9-cleaning-modes-of-portable-laser-cleaner-1536x616-1.jpg 1536w, https:\/\/bogonglaser.com\/wp-content\/uploads\/2024\/11\/9-cleaning-modes-of-portable-laser-cleaner-1536x616-1-300x120.jpg 300w, https:\/\/bogonglaser.com\/wp-content\/uploads\/2024\/11\/9-cleaning-modes-of-portable-laser-cleaner-1536x616-1-1024x411.jpg 1024w, https:\/\/bogonglaser.com\/wp-content\/uploads\/2024\/11\/9-cleaning-modes-of-portable-laser-cleaner-1536x616-1-768x308.jpg 768w, https:\/\/bogonglaser.com\/wp-content\/uploads\/2024\/11\/9-cleaning-modes-of-portable-laser-cleaner-1536x616-1-600x241.jpg 600w, https:\/\/bogonglaser.com\/wp-content\/uploads\/2024\/11\/9-cleaning-modes-of-portable-laser-cleaner-1536x616-1-1000x401.jpg 1000w\" alt=\"500W LAZER temizli\u011fi\" width=\"1536\" height=\"616\" \/><\/div>\n<\/figure>\n<\/div>\n<\/div>\n<\/div>\n<\/div>\n<\/div>\n<div class=\"vc_row wpb_row vc_row-fluid\">\n<div class=\"wpb_column vc_column_container vc_col-sm-12\">\n<div class=\"vc_column-inner\">\n<div class=\"wpb_wrapper\">\n<div class=\"wpb_text_column wpb_content_element\">\n<div class=\"wpb_wrapper\">\n<h2>Se\u00e7iminiz i\u00e7in 16 Desteklenen Dil vard\u0131r.<\/h2>\n<p>Pulse lazer temizleme makinesi \u015fu anda \u0130ngilizce, Rus\u00e7a, Japonca, \u0130spanyolca, Almanca, Korece, Frans\u0131zca, Leh\u00e7e ve di\u011fer 16 dil dahil olmak \u00fczere birden fazla dili desteklemektedir.<\/p>\n<p>Makinenin aray\u00fcz\u00fcnde bu diller aras\u0131nda kolayca ge\u00e7i\u015f yapabilirsiniz. Ek dillere ihtiyac\u0131n\u0131z varsa, ihtiya\u00e7lar\u0131n\u0131z\u0131 kar\u015f\u0131lamak i\u00e7in \u00f6zelle\u015ftirilmi\u015f dil hizmetleri de sunuyoruz.<\/p>\n<\/div>\n<\/div>\n<\/div>\n<\/div>\n<\/div>\n<\/div>\n<div class=\"vc_row wpb_row vc_row-fluid\">\n<div class=\"wpb_column vc_column_container vc_col-sm-12\">\n<div class=\"vc_column-inner\">\n<div class=\"wpb_wrapper\">\n<div class=\"wpb_single_image wpb_content_element vc_align_left wpb_content_element\">\n<figure class=\"wpb_wrapper vc_figure\">\n<div class=\"vc_single_image-wrapper   vc_box_border_grey\"><img decoding=\"async\" class=\"vc_single_image-img attachment-full\" title=\"500W darbeli lazer sistemi\" src=\"https:\/\/bogonglaser.com\/wp-content\/uploads\/2024\/11\/16-Supported-Languages-for-Laser-Cleaner-768x448-1.webp\" sizes=\"auto, (max-width: 768px) 100vw, 768px\" srcset=\"https:\/\/bogonglaser.com\/wp-content\/uploads\/2024\/11\/16-Supported-Languages-for-Laser-Cleaner-768x448-1.webp 768w, https:\/\/bogonglaser.com\/wp-content\/uploads\/2024\/11\/16-Supported-Languages-for-Laser-Cleaner-768x448-1-300x175.webp 300w, https:\/\/bogonglaser.com\/wp-content\/uploads\/2024\/11\/16-Supported-Languages-for-Laser-Cleaner-768x448-1-600x350.webp 600w\" alt=\"500W darbeli lazer sistemi\" width=\"768\" height=\"448\" \/><\/div>\n<\/figure>\n<\/div>\n<\/div>\n<\/div>\n<\/div>\n<\/div>\n<div class=\"vc_row wpb_row vc_row-fluid\">\n<div class=\"wpb_column vc_column_container vc_col-sm-12\">\n<div class=\"vc_column-inner\">\n<div class=\"wpb_wrapper\">\n<div class=\"wpb_text_column wpb_content_element\">\n<div class=\"wpb_wrapper\">\n<h2>Metal kasa lazer temizleyici ve el arabas\u0131 kasa lazer temizleme makinesi aras\u0131ndaki farklar<\/h2>\n<\/div>\n<\/div>\n<div class=\"wpb_video_widget wpb_content_element vc_clearfix   vc_video-aspect-ratio-169 vc_video-el-width-80 vc_video-align-left\">\n<div class=\"wpb_wrapper\">\n<div class=\"wpb_video_wrapper\">\n<p><iframe title=\"Kar\u015f\u0131la\u015ft\u0131rma: Arabal\u0131 Kasa VS Metal Kabin tipi Pulse Lazer Temizleme Makinesi\" width=\"1290\" height=\"726\" src=\"https:\/\/www.youtube.com\/embed\/j_zWa85DlhQ?feature=oembed\" frameborder=\"0\" allow=\"accelerometer; autoplay; clipboard-write; encrypted-media; gyroscope; picture-in-picture; web-share\" referrerpolicy=\"strict-origin-when-cross-origin\" allowfullscreen><\/iframe><\/p>\n<\/div>\n<\/div>\n<\/div>\n<\/div>\n<\/div>\n<\/div>\n<\/div>\n<div class=\"vc_row wpb_row vc_row-fluid\">\n<div class=\"wpb_column vc_column_container vc_col-sm-12\">\n<div class=\"vc_column-inner\">\n<div class=\"wpb_wrapper\">\n<div class=\"wpb_single_image wpb_content_element vc_align_left wpb_content_element\">\n<figure class=\"wpb_wrapper vc_figure\">\n<div class=\"vc_single_image-wrapper   vc_box_border_grey\"><img decoding=\"async\" class=\"vc_single_image-img attachment-full\" title=\"QQ\u56fe\u724720240814100714\" src=\"https:\/\/bogonglaser.com\/wp-content\/uploads\/2024\/11\/QQ%E5%9B%BE%E7%89%8720240814100714.jpg\" sizes=\"auto, (max-width: 790px) 100vw, 790px\" srcset=\"https:\/\/bogonglaser.com\/wp-content\/uploads\/2024\/11\/QQ\u56fe\u724720240814100714.jpg 790w, https:\/\/bogonglaser.com\/wp-content\/uploads\/2024\/11\/QQ\u56fe\u724720240814100714-265x300.jpg 265w, https:\/\/bogonglaser.com\/wp-content\/uploads\/2024\/11\/QQ\u56fe\u724720240814100714-768x870.jpg 768w, https:\/\/bogonglaser.com\/wp-content\/uploads\/2024\/11\/QQ\u56fe\u724720240814100714-600x680.jpg 600w\" alt=\"lazer temizleyici\" width=\"790\" height=\"895\" \/><\/div>\n<\/figure>\n<\/div>\n<\/div>\n<\/div>\n<\/div>\n<\/div>\n<div class=\"vc_row wpb_row vc_row-fluid\">\n<div class=\"wpb_column vc_column_container vc_col-sm-12\">\n<div class=\"vc_column-inner\">\n<div class=\"wpb_wrapper\">\n<div class=\"wpb_text_column wpb_content_element\">\n<div class=\"wpb_wrapper\">\n<p>\u00d6deme Ko\u015fullar\u0131<\/p>\n<p>1. Depozito ve Bakiye: Sevkiyattan \u00f6nce \u00f6denmesi gereken bakiye ile \u00f6nceden bir 30% T \/ T depozitosu gereklidir.<\/p>\n<p>2. Alibaba Ticaret G\u00fcvencesi: \u00d6demeler Alibaba Ticaret G\u00fcvencesi arac\u0131l\u0131\u011f\u0131yla ger\u00e7ekle\u015ftirilebilir.<\/p>\n<p>El arabas\u0131 kasas\u0131 lazer temizleme makinesi i\u00e7in SSS?<\/p>\n<p>Lazer makinesi i\u00e7in Ambalaj Nedir?<br \/>\nMakinelerimiz \u00fc\u00e7 katmanl\u0131 bir d\u00fczende paketlenir. D\u0131\u015f katman ah\u015fap bir kasadan olu\u015fur, orta katmanda sars\u0131nt\u0131ya kar\u015f\u0131 koruma sa\u011flamak i\u00e7in k\u00f6p\u00fck dolgu bulunur ve i\u00e7 katman su ge\u00e7irmezlik i\u00e7in kal\u0131n bir plastik torba i\u00e7erir.<\/p>\n<p>Paket Ta\u015f\u0131ma S\u0131ras\u0131nda Zarar G\u00f6recek mi?<br \/>\nAmbalajlar\u0131m\u0131z\u0131 t\u00fcm olas\u0131 hasar fakt\u00f6rlerini ele alacak \u015fekilde titizlikle tasarl\u0131yoruz ve nakliye acentelerimiz g\u00fcvenli ta\u015f\u0131mac\u0131l\u0131k konusunda deneyimlidir. Ba\u015far\u0131l\u0131 bir \u015fekilde 180 \u00fclkeye ihracat yapt\u0131k, bu nedenle paketinizin m\u00fckemmel durumda ula\u015faca\u011f\u0131ndan emin olabilirsiniz.<\/p>\n<\/div>\n<\/div>\n<\/div>\n<\/div>\n<\/div>\n<\/div>\n<div class=\"vc_row wpb_row vc_row-fluid\">\n<div class=\"wpb_column vc_column_container vc_col-sm-12\">\n<div class=\"vc_column-inner\">\n<div class=\"wpb_wrapper\">\n<div class=\"wpb_text_column wpb_content_element\">\n<div class=\"wpb_wrapper\">\n<p>Most of customers like choose transport by UPS\/DHL express, it can arrive at destination about 5-7 days, contact with BOGONG to get more detail about 1000W pulse\u00a0laser cleaning machine.<\/p>\n<\/div>\n<\/div>\n<\/div>\n<\/div>\n<\/div>\n<\/div>","protected":false},"excerpt":{"rendered":"<p><strong>Arabal\u0131 Lazer Temizleme Makinesi Nedir?<\/strong><\/p>\n<p>Laggage tipi lazer temizleme makinesi olarak da adland\u0131r\u0131lan arabal\u0131 lazer temizleme makinesi, bu tasar\u0131m\u0131 ile kolayca hareket edebilir.<\/p>\n<ul class=\"tips\">\n<li>100 Tak\u0131m \/ Ay Stokta Sat\u0131\u015f Bekliyor<\/li>\n<li>T\u00fcm Makine i\u00e7in 2 Y\u0131l S\u0131n\u0131rl\u0131 Garanti<\/li>\n<li>3-5 g\u00fcn lazer makinesi haz\u0131rlama, 3-7 g\u00fcn nakliye.<\/li>\n<li>\u00c7evrimi\u00e7i (PayPal) ve \u00c7evrimd\u0131\u015f\u0131 (T \/ T, Banka ve Kredi Kartlar\u0131)<\/li>\n<\/ul>","protected":false},"featured_media":2040,"template":"","meta":{"_gspb_post_css":""},"product_brand":[],"product_cat":[94],"product_tag":[101,100],"class_list":{"0":"post-2038","1":"product","2":"type-product","3":"status-publish","4":"has-post-thumbnail","6":"product_cat-laser-cleaning-machine","7":"product_tag-laser-cleaner","8":"product_tag-laser-cleaning-machine","10":"first","11":"instock","12":"shipping-taxable","13":"product-type-simple"},"_links":{"self":[{"href":"https:\/\/bogonglaser.com\/tr\/wp-json\/wp\/v2\/product\/2038","targetHints":{"allow":["GET"]}}],"collection":[{"href":"https:\/\/bogonglaser.com\/tr\/wp-json\/wp\/v2\/product"}],"about":[{"href":"https:\/\/bogonglaser.com\/tr\/wp-json\/wp\/v2\/types\/product"}],"wp:featuredmedia":[{"embeddable":true,"href":"https:\/\/bogonglaser.com\/tr\/wp-json\/wp\/v2\/media\/2040"}],"wp:attachment":[{"href":"https:\/\/bogonglaser.com\/tr\/wp-json\/wp\/v2\/media?parent=2038"}],"wp:term":[{"taxonomy":"product_brand","embeddable":true,"href":"https:\/\/bogonglaser.com\/tr\/wp-json\/wp\/v2\/product_brand?post=2038"},{"taxonomy":"product_cat","embeddable":true,"href":"https:\/\/bogonglaser.com\/tr\/wp-json\/wp\/v2\/product_cat?post=2038"},{"taxonomy":"product_tag","embeddable":true,"href":"https:\/\/bogonglaser.com\/tr\/wp-json\/wp\/v2\/product_tag?post=2038"}],"curies":[{"name":"wp","href":"https:\/\/api.w.org\/{rel}","templated":true}]}}