{"id":2005,"date":"2024-11-01T11:05:32","date_gmt":"2024-11-01T03:05:32","guid":{"rendered":"https:\/\/bogonglaser.com\/?post_type=product&#038;p=2005"},"modified":"2025-12-10T16:27:16","modified_gmt":"2025-12-10T08:27:16","slug":"bevel-fiber-laser-cutting-machine-groove-cutting-chamfering-by-fiber-laser-cutter","status":"publish","type":"product","link":"https:\/\/bogonglaser.com\/tr\/bevel-fiber-laser-cutting-machine-groove-cutting-chamfering-by-fiber-laser-cutter\/","title":{"rendered":"Konik Fiber Lazer Kesim Makinesi | Oluk Kesme, Fiber lazer kesici ile Pah K\u0131rma"},"content":{"rendered":"<h1>Konik Lazer Kesim Makinesi<\/h1>\n<p>E\u011fimli kesim, hem lazer makinesinin hem de ilgili kesim i\u015flemlerinin hassas bir \u015fekilde anla\u015f\u0131lmas\u0131n\u0131 gerektirir. Gerekli hassasiyet kalitesinin elde edilmesi, belirli bir s\u0131rayla ger\u00e7ekle\u015ftirilmesi gereken k\u00f6\u015felere, giri\u015flere ve \u00e7\u0131k\u0131\u015flara dikkat edilmesini gerektirir. Kesilen par\u00e7alar\u0131n programlanmas\u0131 da hassasiyetin korunmas\u0131nda kritik bir rol oynar ve yaz\u0131l\u0131m\u0131 hassas konik kesim i\u00e7in yap\u0131land\u0131rmak i\u00e7in \u00f6zel yard\u0131mc\u0131 i\u015flevler gerektirir.<\/p>\n<p>BOGONG Kesme Sistemleri, \u00e7e\u015fitli kesme uygulamalar\u0131 i\u00e7in \u00f6zel olarak tasarlanm\u0131\u015f bir dizi e\u011fimli kesme \u00fcnitesi sunar, Otomatik sistemler tamamen kontrol edilir ve manuel ayar gerektirmez, tutarl\u0131 performans sa\u011flar.<\/p>\n<div class=\"sub-header-divs\">\n<h3>Performans<\/h3>\n<\/div>\n<ul>\n<li>Lazer Ortam\u0131 - Kat\u0131 hal CW 1070nm Fiber Lazer<\/li>\n<li>Lazer G\u00fcc\u00fc - 6000W -40000W Fiber Kaynak Se\u00e7enekleri<\/li>\n<li>G\u00fc\u00e7 - <strong>\u00a0380V 3 Faz<\/strong><\/li>\n<li>Konumland\u0131rma hassasiyeti - \u2264\u00b10,03 mm<\/li>\n<li>Tekrarlanabilirlik do\u011frulu\u011fu - \u2264\u00b10,02 mm<\/li>\n<\/ul>\n<div class=\"sub-header-divs\">\n<h3>Sistem<\/h3>\n<\/div>\n<ul>\n<li>S\u00fcr\u00fc\u015f Sistemi - Kapal\u0131 \u00c7evrim Servo<\/li>\n<li>So\u011futma Modu - So\u011futulmu\u015f Su<\/li>\n<\/ul>\n<p>Metal plaka e\u011fimli lazer kesim makinemiz, geleneksel 0\u00b0 d\u00fcz kesimden uzakla\u015farak d\u00fcz y\u00fczeylerde 45\u00b0'ye kadar hassas e\u011fimli kesimlere olanak tan\u0131r. Bu makine, V, X ve Y \u015fekilleri dahil olmak \u00fczere \u00e7e\u015fitli e\u011fim tasar\u0131mlar\u0131n\u0131 verimli bir \u015fekilde i\u015fleyerek kesme ve frezeleme i\u015flemlerini tek bir i\u015flemde tamamlar. Sonu\u00e7 olarak, verimlili\u011fi \u00f6nemli \u00f6l\u00e7\u00fcde art\u0131ran, y\u00fcksek kalite sa\u011flayan ve kaynaklar\u0131 koruyan ola\u011fan\u00fcst\u00fc boyutsal do\u011fruluk ve y\u00fczey kalitesine sahip par\u00e7alar elde edersiniz.<\/p>\n<p><iframe title=\"Fiber Lazer Kesim Makinesi ile BEVEL KES\u0130M\u0130 | Fiber lazer kesici ile Oluk A\u00e7ma, Pah K\u0131rma\" width=\"1290\" height=\"726\" src=\"https:\/\/www.youtube.com\/embed\/2ejtVyjr7UY?feature=oembed\" frameborder=\"0\" allow=\"accelerometer; autoplay; clipboard-write; encrypted-media; gyroscope; picture-in-picture; web-share\" referrerpolicy=\"strict-origin-when-cross-origin\" allowfullscreen><\/iframe><\/p>\n<p>If you&#8217;d like more information or want to inquire about the price of our bevel fiber laser cutting machine, feel free to reach out via email!Achieve perfect bevels in a single pass with our advanced cutting technology! Our machine can perform \u00b145\u00b0 bevel cutting, providing an exceptional fit for welding. The cut-offs produced are ideal for zero gap welding, eliminating the need for extra cutting or grinding. This results in a remarkable 75% increase in efficiency compared to traditional metal cutters.<\/p>\n<p>G\u00fc\u00e7l\u00fc konik kesme kafam\u0131z, hassas a\u00e7\u0131 kontrol\u00fc sa\u011flayan ve her seferinde y\u00fcksek kaliteli konik kesimler sunan geli\u015fmi\u015f bir \u00fc\u00e7 boyutlu be\u015f eksenli kontrol sistemine sahiptir.<\/p>\n<p>Ayr\u0131ca, perforasyondan sonra hassas konumland\u0131rma sa\u011flayan ve genel kesim verimlili\u011fini art\u0131ran e\u011fik perforasyonun avantajlar\u0131n\u0131 da takdir edeceksiniz.<\/p>\n<p>BOGONG, lazer ekipmanlar\u0131n\u0131n kalitesi ve sat\u0131\u015f sonras\u0131 servis hizmeti ile \u00fcnl\u00fcd\u00fcr, Makinelerimiz \u00e7ok y\u00f6nl\u00fc ve kullan\u0131c\u0131 dostudur, t\u00fcm beceri seviyeleri g\u00f6z \u00f6n\u00fcnde bulundurularak tasarlanm\u0131\u015ft\u0131r. Her \u015feyden \u00f6nce, m\u00fc\u015fteri memnuniyetine \u00f6ncelik veriyoruz. \u0130ster deneyimli bir uzman ister yeni ba\u015flayan biri olun, BOGONG LASER sizi her ad\u0131mda desteklemek i\u00e7in burada. Ba\u015far\u0131n\u0131z i\u00e7in m\u00fckemmellik ve yenili\u011fin bir araya geldi\u011fi bize ve hizmetimize g\u00fcvenin.<\/p>","protected":false},"excerpt":{"rendered":"<p>E\u011fimli fiber lazer kesim makinesi, metal e\u011fimli kesim i\u015flemini basitle\u015ftirerek tek ge\u00e7i\u015fte m\u00fckemmel e\u011fimler \u00fcretir. Geli\u015fmi\u015f \u00fc\u00e7 boyutlu be\u015f eksenli kontrol sistemi ile BOGONG Laser'in y\u00fcksek g\u00fc\u00e7l\u00fc kesme kafas\u0131, e\u011fimli kesme a\u00e7\u0131lar\u0131n\u0131 do\u011fru bir \u015fekilde y\u00f6neterek her seferinde y\u00fcksek kaliteli kesimler sa\u011flar. Sonu\u00e7 olarak, bitmi\u015f i\u015f par\u00e7alar\u0131 geleneksel y\u00f6ntemlere k\u0131yasla kesintisiz kaynak i\u00e7in daha uygundur.<\/p>\n<ul class=\"tips\">\n<li>20 Tak\u0131m \/ Ay Stokta Sat\u0131\u015f Bekliyor<\/li>\n<li>T\u00fcm Makine i\u00e7in 2 Y\u0131l S\u0131n\u0131rl\u0131 Garanti<\/li>\n<li>\u00c7evrimi\u00e7i (PayPal) ve \u00c7evrimd\u0131\u015f\u0131 (T \/ T, Banka ve Kredi Kartlar\u0131)<\/li>\n<li>Son Kullan\u0131c\u0131lar ve Bayiler i\u00e7in \u00d6m\u00fcr Boyu \u00dccretsiz Teknik Destek<\/li>\n<\/ul>","protected":false},"featured_media":2007,"template":"","meta":{"_gspb_post_css":""},"product_brand":[],"product_cat":[117,92,118],"product_tag":[105,106],"class_list":{"0":"post-2005","1":"product","2":"type-product","3":"status-publish","4":"has-post-thumbnail","6":"product_cat-fiber-laser-cutting-machine","7":"product_cat-laser-cutting-machine","8":"product_cat-laser-metal-cutting-machine","9":"product_tag-fiber-laser-cutting-machine","10":"product_tag-laser-cutting-machine","12":"first","13":"instock","14":"shipping-taxable","15":"product-type-simple"},"_links":{"self":[{"href":"https:\/\/bogonglaser.com\/tr\/wp-json\/wp\/v2\/product\/2005","targetHints":{"allow":["GET"]}}],"collection":[{"href":"https:\/\/bogonglaser.com\/tr\/wp-json\/wp\/v2\/product"}],"about":[{"href":"https:\/\/bogonglaser.com\/tr\/wp-json\/wp\/v2\/types\/product"}],"wp:featuredmedia":[{"embeddable":true,"href":"https:\/\/bogonglaser.com\/tr\/wp-json\/wp\/v2\/media\/2007"}],"wp:attachment":[{"href":"https:\/\/bogonglaser.com\/tr\/wp-json\/wp\/v2\/media?parent=2005"}],"wp:term":[{"taxonomy":"product_brand","embeddable":true,"href":"https:\/\/bogonglaser.com\/tr\/wp-json\/wp\/v2\/product_brand?post=2005"},{"taxonomy":"product_cat","embeddable":true,"href":"https:\/\/bogonglaser.com\/tr\/wp-json\/wp\/v2\/product_cat?post=2005"},{"taxonomy":"product_tag","embeddable":true,"href":"https:\/\/bogonglaser.com\/tr\/wp-json\/wp\/v2\/product_tag?post=2005"}],"curies":[{"name":"wp","href":"https:\/\/api.w.org\/{rel}","templated":true}]}}