{"id":2000,"date":"2024-11-26T10:39:24","date_gmt":"2024-11-26T02:39:24","guid":{"rendered":"https:\/\/bogonglaser.com\/?post_type=product&#038;p=2000"},"modified":"2025-12-10T16:07:48","modified_gmt":"2025-12-10T08:07:48","slug":"6000w-40kw-high-power-fiber-laser-metal-cutting-machine-for-sale","status":"publish","type":"product","link":"https:\/\/bogonglaser.com\/tr\/6000w-40kw-high-power-fiber-laser-metal-cutting-machine-for-sale\/","title":{"rendered":"Sat\u0131l\u0131k 6000W-40KW Y\u00fcksek G\u00fc\u00e7l\u00fc Fiber Lazer Metal Kesme Makinesi"},"content":{"rendered":"<p>The BOGONG fiber laser metal cutting machine offers impressive features, including faster cutting speeds and a powerful 6000W laser (with options ranging from 2000W to 40000W). This machine provides exceptional cutting quality that sets it apart from other tools.<\/p>\n<p>Son teknoloji IPG lazer jenerat\u00f6r\u00fc ve kullan\u0131c\u0131 dostu CNC kesim yaz\u0131l\u0131m\u0131 ile donat\u0131lm\u0131\u015f olup kullan\u0131m\u0131 kolayd\u0131r. Is\u0131l i\u015flem g\u00f6rm\u00fc\u015f malzemelerden yap\u0131lm\u0131\u015f ve b\u00fcy\u00fck CNC freze makineleri kullan\u0131larak haz\u0131rlanm\u0131\u015f sa\u011flam kaynakl\u0131 yap\u0131s\u0131 dayan\u0131kl\u0131l\u0131k sa\u011flar. Ayr\u0131ca, tamamen kapal\u0131 yanmaz ve toz ge\u00e7irmez g\u00fcvenlik muhafazas\u0131 g\u00fcvenli bir \u00e7al\u0131\u015fma ortam\u0131 sa\u011flar.<\/p>\n<p><img decoding=\"async\" class=\"size-medium wp-image-7375\" src=\"https:\/\/bogonglaser.com\/wp-content\/uploads\/2024\/11\/fiber-laser-cutting-machine-sealed-2-300x300.jpg\" alt=\"fiber lazer kesim makinesi m\u00fch\u00fcrl\u00fc\" width=\"300\" height=\"300\" title=\"\" srcset=\"https:\/\/bogonglaser.com\/wp-content\/uploads\/2024\/11\/fiber-laser-cutting-machine-sealed-2-300x300.jpg 300w, https:\/\/bogonglaser.com\/wp-content\/uploads\/2024\/11\/fiber-laser-cutting-machine-sealed-2-100x100.jpg 100w, https:\/\/bogonglaser.com\/wp-content\/uploads\/2024\/11\/fiber-laser-cutting-machine-sealed-2-150x150.jpg 150w, https:\/\/bogonglaser.com\/wp-content\/uploads\/2024\/11\/fiber-laser-cutting-machine-sealed-2-12x12.jpg 12w, https:\/\/bogonglaser.com\/wp-content\/uploads\/2024\/11\/fiber-laser-cutting-machine-sealed-2.jpg 600w\" sizes=\"(max-width: 300px) 100vw, 300px\" \/><\/p>\n<div class=\"sub-header-divs\">\n<h3>Performans<\/h3>\n<\/div>\n<ul>\n<li>Lazer Ortam\u0131 - Kat\u0131 hal CW 1070nm Fiber Lazer<\/li>\n<li>Lazer G\u00fcc\u00fc - 6000W -40000W Fiber Kaynak Se\u00e7enekleri<\/li>\n<li>G\u00fc\u00e7 - <strong>\u00a0380V 3 Faz<\/strong><\/li>\n<li>Konumland\u0131rma hassasiyeti - \u2264\u00b10,03 mm<\/li>\n<li>Tekrarlanabilirlik do\u011frulu\u011fu - \u2264\u00b10,02 mm<\/li>\n<\/ul>\n<div class=\"sub-header-divs\">\n<h3>Sistem<\/h3>\n<\/div>\n<ul>\n<li>S\u00fcr\u00fc\u015f Sistemi - Kapal\u0131 \u00c7evrim Servo<\/li>\n<li>So\u011futma Modu - So\u011futulmu\u015f Su<\/li>\n<\/ul>\n<p>6000W fiber lazer kesici, lazer metal kesimi i\u00e7in tasarlanm\u0131\u015f profesyonel kalitede, y\u00fcksek g\u00fc\u00e7l\u00fc bir makinedir. Otomatik bir CNC kontrol\u00f6r\u00fcne sahiptir ve \u00e7e\u015fitli metalleri kesmeyi kolayla\u015ft\u0131r\u0131r: 25 mm kal\u0131nl\u0131\u011fa kadar karbon \u00e7eli\u011fi, 18 mm'ye kadar paslanmaz \u00e7elik, 16 mm'ye kadar al\u00fcminyum ve 10 mm'ye kadar bak\u0131r ve pirin\u00e7. Dakikada 60 metrenin \u00fczerinde maksimum kesme h\u0131z\u0131na sahip olan bu makine, \u00e7o\u011fu metal kesme g\u00f6revinin kolayl\u0131kla \u00fcstesinden gelmek i\u00e7in yeterli g\u00fc\u00e7 sa\u011flar.<\/p>\n<p><iframe title=\"Sat\u0131l\u0131k 12KW Fiber Lazer Kesim Makinesi\" width=\"1290\" height=\"726\" src=\"https:\/\/www.youtube.com\/embed\/xYmsQJZBIpU?feature=oembed\" frameborder=\"0\" allow=\"accelerometer; autoplay; clipboard-write; encrypted-media; gyroscope; picture-in-picture; web-share\" referrerpolicy=\"strict-origin-when-cross-origin\" allowfullscreen><\/iframe><\/p>\n<h4>Fiber Lazer Kesim Makinesi Uygulanabilir Sekt\u00f6rler<\/h4>\n<p>Mekanik ve elektrikli ekipmanlar, sac metal imalat\u0131, dolaplar, paslanmaz \u00e7elik \u00fcr\u00fcnler, ayd\u0131nlatma armat\u00fcrleri, otomotiv par\u00e7alar\u0131, cam, donan\u0131m ara\u00e7lar\u0131, reklam tabelalar\u0131, dekoratif \u00fcr\u00fcnler ve di\u011fer end\u00fcstriler.<\/p>\n<p>BOGONG, lazer ekipmanlar\u0131n\u0131n kalitesi ve sat\u0131\u015f sonras\u0131 servis hizmeti ile \u00fcnl\u00fcd\u00fcr, Makinelerimiz \u00e7ok y\u00f6nl\u00fc ve kullan\u0131c\u0131 dostudur, t\u00fcm beceri seviyeleri g\u00f6z \u00f6n\u00fcnde bulundurularak tasarlanm\u0131\u015ft\u0131r. Her \u015feyden \u00f6nce, m\u00fc\u015fteri memnuniyetine \u00f6ncelik veriyoruz. \u0130ster deneyimli bir uzman ister yeni ba\u015flayan biri olun, BOGONG LASER sizi her ad\u0131mda desteklemek i\u00e7in burada. Ba\u015far\u0131n\u0131z i\u00e7in m\u00fckemmellik ve yenili\u011fin bir araya geldi\u011fi bize ve hizmetimize g\u00fcvenin.<\/p>\n<p><img decoding=\"async\" class=\"size-medium wp-image-7376\" src=\"https:\/\/bogonglaser.com\/wp-content\/uploads\/2024\/11\/fiber-laser-cutting-machine-sealed-1-1-300x225.jpg\" alt=\"fiber lazer kesim makinesi m\u00fch\u00fcrl\u00fc\" width=\"300\" height=\"225\" title=\"\" srcset=\"https:\/\/bogonglaser.com\/wp-content\/uploads\/2024\/11\/fiber-laser-cutting-machine-sealed-1-1-300x225.jpg 300w, https:\/\/bogonglaser.com\/wp-content\/uploads\/2024\/11\/fiber-laser-cutting-machine-sealed-1-1-600x450.jpg 600w, https:\/\/bogonglaser.com\/wp-content\/uploads\/2024\/11\/fiber-laser-cutting-machine-sealed-1-1-768x576.jpg 768w, https:\/\/bogonglaser.com\/wp-content\/uploads\/2024\/11\/fiber-laser-cutting-machine-sealed-1-1-16x12.jpg 16w, https:\/\/bogonglaser.com\/wp-content\/uploads\/2024\/11\/fiber-laser-cutting-machine-sealed-1-1.jpg 800w\" sizes=\"(max-width: 300px) 100vw, 300px\" \/><\/p>","protected":false},"excerpt":{"rendered":"<p>The 6000W-40KW fiber laser cutting machine is a powerful CNC fiber laser cutter designed for full-size metal cutting, featuring an exchange pallet for automated metalworking. It offers impressive speed and precision, with power options ranging from 2000W to 40000W, making it an excellent choice for commercial applications in industrial metal fabrication.<\/p>\n<ul class=\"tips\">\n<li>20 Sets \/ Month Waiting for Sale In Stock<\/li>\n<li>2 Years Limited Warranty for Entire Machine<\/li>\n<li>Online (PayPal) &amp; Offline (T\/T, Debit &amp; Credit Cards)<\/li>\n<li>Lifetime Free Technical Support for End-Users &amp; Dealers<\/li>\n<\/ul>\n<hr \/>\n<h4><strong>Get a Quote<\/strong><\/h4>\n<p>[contact-form-7 id=&#8221;029fbc1&#8243; title=&#8221;Products Form&#8221;]<\/p>\n","protected":false},"featured_media":2001,"template":"","meta":{"_gspb_post_css":""},"product_brand":[],"product_cat":[117,92,118],"product_tag":[105,106],"class_list":{"0":"post-2000","1":"product","2":"type-product","3":"status-publish","4":"has-post-thumbnail","6":"product_cat-fiber-laser-cutting-machine","7":"product_cat-laser-cutting-machine","8":"product_cat-laser-metal-cutting-machine","9":"product_tag-fiber-laser-cutting-machine","10":"product_tag-laser-cutting-machine","12":"first","13":"instock","14":"shipping-taxable","15":"product-type-simple"},"_links":{"self":[{"href":"https:\/\/bogonglaser.com\/tr\/wp-json\/wp\/v2\/product\/2000","targetHints":{"allow":["GET"]}}],"collection":[{"href":"https:\/\/bogonglaser.com\/tr\/wp-json\/wp\/v2\/product"}],"about":[{"href":"https:\/\/bogonglaser.com\/tr\/wp-json\/wp\/v2\/types\/product"}],"wp:featuredmedia":[{"embeddable":true,"href":"https:\/\/bogonglaser.com\/tr\/wp-json\/wp\/v2\/media\/2001"}],"wp:attachment":[{"href":"https:\/\/bogonglaser.com\/tr\/wp-json\/wp\/v2\/media?parent=2000"}],"wp:term":[{"taxonomy":"product_brand","embeddable":true,"href":"https:\/\/bogonglaser.com\/tr\/wp-json\/wp\/v2\/product_brand?post=2000"},{"taxonomy":"product_cat","embeddable":true,"href":"https:\/\/bogonglaser.com\/tr\/wp-json\/wp\/v2\/product_cat?post=2000"},{"taxonomy":"product_tag","embeddable":true,"href":"https:\/\/bogonglaser.com\/tr\/wp-json\/wp\/v2\/product_tag?post=2000"}],"curies":[{"name":"wp","href":"https:\/\/api.w.org\/{rel}","templated":true}]}}