{"id":1990,"date":"2024-11-26T09:46:36","date_gmt":"2024-11-26T01:46:36","guid":{"rendered":"https:\/\/bogonglaser.com\/?post_type=product&#038;p=1990"},"modified":"2025-12-10T15:39:04","modified_gmt":"2025-12-10T07:39:04","slug":"5050-small-fiber-laser-cutting-machine","status":"publish","type":"product","link":"https:\/\/bogonglaser.com\/tr\/5050-small-fiber-laser-cutting-machine\/","title":{"rendered":"5050 K\u00fc\u00e7\u00fck Fiber Lazer Kesim Makinesi"},"content":{"rendered":"<p>The BOGONG 5050 Fiber Laser Cutting Machine is an innovative choice for cutting metal, making it easy and quick to create unique, personalized pieces. With a cutting area of 500 x 500 mm and an open design, it produces clean and smooth cuts, which enhances its efficiency for crafting. However, crafting beautiful metal jewelry also demands precision and a bit of artistry, and that\u2019s where the BOGONG small laser jewelry cutter excels. It delivers impressive detail and results that often go above and beyond what you might expect. This machine is also versatile, capable of cutting not just gold and silver but materials like copper and stainless steel as well.<\/p>\n<p>T\u00fcr\u00fcn\u00fcn tek \u00f6rne\u011fi metal tak\u0131lar yaratmak istiyorsan\u0131z, BOGONG LASER'in BOGONG 5050 modeli ihtiyac\u0131n\u0131z olan her \u015feye sahiptir. Kompakt tasar\u0131m\u0131 yerden tasarruf sa\u011flar ve otomatik bir CNC kontrol\u00f6r\u00fc ve kullan\u0131c\u0131 dostu bir yaz\u0131l\u0131mla donat\u0131lm\u0131\u015f olarak gelir, bu da onu yeni ba\u015flayanlardan deneyimli profesyonellere kadar herkes i\u00e7in eri\u015filebilir hale getirir. Hem hobiciler hem de k\u00fc\u00e7\u00fck i\u015fletme sahipleri i\u00e7in harika bir se\u00e7enektir.<\/p>\n<p><img decoding=\"async\" class=\"size-medium wp-image-7371\" src=\"https:\/\/bogonglaser.com\/wp-content\/uploads\/2024\/11\/5050-fiber-laser-cutter-1-300x200.jpg\" alt=\"5050 fiber lazer kesici\" width=\"300\" height=\"200\" title=\"\" srcset=\"https:\/\/bogonglaser.com\/wp-content\/uploads\/2024\/11\/5050-fiber-laser-cutter-1-300x200.jpg 300w, https:\/\/bogonglaser.com\/wp-content\/uploads\/2024\/11\/5050-fiber-laser-cutter-1-18x12.jpg 18w, https:\/\/bogonglaser.com\/wp-content\/uploads\/2024\/11\/5050-fiber-laser-cutter-1.jpg 600w\" sizes=\"(max-width: 300px) 100vw, 300px\" \/><\/p>\n<div class=\"sub-header-divs\">\n<h3>Performans<\/h3>\n<\/div>\n<ul>\n<li>Lazer Ortam\u0131 - Kat\u0131 hal CW 1070nm Fiber Lazer<\/li>\n<li>Lazer G\u00fcc\u00fc - 1000W ila 3000W Fiber Kaynak Se\u00e7enekleri<\/li>\n<li>G\u00fc\u00e7 - 220v\u00a0<strong>tek fazl\u0131\/ 380V 3 Fazl\u0131<\/strong><\/li>\n<li>Konumland\u0131rma hassasiyeti - \u2264\u00b10,03 mm<\/li>\n<li>Tekrarlanabilirlik do\u011frulu\u011fu - \u2264\u00b10,02 mm<\/li>\n<\/ul>\n<div class=\"sub-header-divs\">\n<h3>Sistem<\/h3>\n<\/div>\n<ul>\n<li>S\u00fcr\u00fc\u015f Sistemi - Kapal\u0131 \u00c7evrim Servo<\/li>\n<li>So\u011futma Modu - So\u011futulmu\u015f Su<\/li>\n<\/ul>\n<p>\u00c7e\u015fitli \u015fekillerde metal tak\u0131lar\u0131 lazerle kesmek, ki\u015fiselle\u015ftirilmi\u015f par\u00e7alar olu\u015fturman\u0131n basit ve etkili bir yoludur. H\u0131zl\u0131, temiz ve p\u00fcr\u00fczs\u00fcz kesimler sunar. Bununla birlikte, g\u00fczel metal tak\u0131lar yapmak hassasiyet ve hassas bir dokunu\u015f gerektirir. BOGONG 3030 k\u00fc\u00e7\u00fck lazer kesici i\u015fte bu noktada devreye giriyor. \u0130nan\u0131lmaz detaylar ve beklentilerin \u00f6tesine ge\u00e7en sonu\u00e7lar sunar. Ayr\u0131ca, sadece alt\u0131n ve g\u00fcm\u00fc\u015f\u00fc de\u011fil, bak\u0131r ve paslanmaz \u00e7elik gibi malzemeleri de kesebilir.<\/p>\n<p>Benzersiz metal tak\u0131lar yapmak istiyorsan\u0131z, tek ihtiyac\u0131n\u0131z olan BOGONG LASER'in 3030 Fiber lazer kesicisidir. Kompaktt\u0131r, de\u011ferli \u00e7al\u0131\u015fma alan\u0131ndan tasarruf sa\u011flar ve ister yeni ba\u015flayan ister deneyimli bir profesyonel olun, kullan\u0131m\u0131 kolay sezgisel bir yaz\u0131l\u0131m\u0131n yan\u0131 s\u0131ra otomatik bir CNC denetleyicisi ile donat\u0131lm\u0131\u015ft\u0131r. Hem ev zanaatkarlar\u0131 hem de k\u00fc\u00e7\u00fck i\u015fletme sahipleri i\u00e7in m\u00fckemmel bir se\u00e7imdir.<\/p>\n<p>Metal Tak\u0131 Nedir?<br \/>\nMetal tak\u0131lar, di\u011fer de\u011ferli metallerin yan\u0131 s\u0131ra tipik olarak alt\u0131n, g\u00fcm\u00fc\u015f, bak\u0131r ve renkli paslanmaz \u00e7elik gibi malzemelerden yap\u0131lan y\u00fcz\u00fckler, k\u00fcpeler, kolyeler, bilezikler, bro\u015flar, kolye u\u00e7lar\u0131 ve kol d\u00fc\u011fmeleri gibi geni\u015f bir \u00fcr\u00fcn yelpazesini i\u00e7erir.<\/p>\n<p>Bu tak\u0131lar\u0131n \u00e7o\u011fu, y\u00fcksek d\u00fczeyde kesim hassasiyeti ve minimum at\u0131k gerektiren k\u00fc\u00e7\u00fck par\u00e7alardan olu\u015fur. Geleneksel mekanik kesim y\u00f6ntemleri, m\u00fccevher yap\u0131m\u0131n\u0131n modern taleplerini kar\u015f\u0131layamamaktad\u0131r. Lazer kesim, h\u0131z, do\u011fruluk, y\u00fcksek kalite ve \u00e7evre dostu, tahribats\u0131z s\u00fcre\u00e7ler sunan en iyi \u00e7\u00f6z\u00fcmd\u00fcr. Farkl\u0131 metaller farkl\u0131 yumu\u015fakl\u0131k, sertlik ve yans\u0131tma derecelerine sahip oldu\u011fundan, fiber lazerler metal tak\u0131larda hassas kesimler elde etmek i\u00e7in \u00f6zellikle uygundur.<\/p>\n<p><iframe title=\"600 * 500mm Fiber Lazer Kesici | \u00c7in Metal i\u00e7in K\u00fc\u00e7\u00fck Fiber Lazer Kesim Makinesi | 1000W 1500W 2000W\" width=\"1290\" height=\"726\" src=\"https:\/\/www.youtube.com\/embed\/x7g958Qjxkw?feature=oembed\" frameborder=\"0\" allow=\"accelerometer; autoplay; clipboard-write; encrypted-media; gyroscope; picture-in-picture; web-share\" referrerpolicy=\"strict-origin-when-cross-origin\" allowfullscreen><\/iframe><\/p>\n<h4>Uygulama: Paslanmaz \u00e7elik, karbon \u00e7eli\u011fi, ala\u015f\u0131ml\u0131 \u00e7elik, silikon \u00e7eli\u011fi, galvanizli \u00e7elik, nikel-titanyum ala\u015f\u0131m\u0131, Inconel, titanyum ala\u015f\u0131m\u0131 ve daha fazlas\u0131n\u0131 kesmek.<\/h4>\n<p>Nas\u0131l \u00c7al\u0131\u015f\u0131yor?<br \/>\nLazer metal tak\u0131 kesiciler geli\u015fmi\u015f lazer teknolojisi kullan\u0131r ve malzemelerin lazerle etkile\u015fime girme \u015fekli s\u00fcrecin anahtar\u0131d\u0131r. \u0130\u015fte nas\u0131l \u00e7al\u0131\u015ft\u0131\u011f\u0131na dair basit bir ad\u0131m ad\u0131m d\u00f6k\u00fcm:<\/p>\n<p>1. Tasar\u0131m Girdisi: \u0130lk olarak CAD yaz\u0131l\u0131m\u0131n\u0131 kullanarak tasar\u0131m\u0131n\u0131z\u0131 olu\u015fturursunuz. Bu tasar\u0131m daha sonra CAM yaz\u0131l\u0131m\u0131 kullan\u0131larak makine taraf\u0131ndan okunabilir bir bi\u00e7ime d\u00f6n\u00fc\u015ft\u00fcr\u00fcl\u00fcr.<\/p>\n<p>2. Lazer \u00dcretimi: Kesici, y\u00fcksek s\u0131cakl\u0131kta konsantre bir \u0131\u015f\u0131k demeti \u00fcretmek i\u00e7in bir CO2 veya fiber lazer kullan\u0131r.<\/p>\n<p>3. I\u015f\u0131n Odaklama: Optik sistem, bu g\u00fc\u00e7l\u00fc lazer \u0131\u015f\u0131n\u0131n\u0131 kesmek veya kaz\u0131mak i\u00e7in metal y\u00fczeydeki belirli bir noktaya y\u00f6nlendirir.<\/p>\n<p>4. Malzeme Etkile\u015fimi: Lazerin \u0131s\u0131s\u0131 farkl\u0131 metalleri \u00e7e\u015fitli \u015fekillerde etkiler, bu nedenle ayarlar malzemeye ba\u011fl\u0131 olarak de\u011fi\u015febilir.<\/p>\n<p>5. Kontroll\u00fc Hareket: Lazer, olu\u015fturdu\u011funuz tasar\u0131m modelini takip eder ve yaz\u0131l\u0131m taraf\u0131ndan talimat verildi\u011fi \u015fekilde tam olarak hareket eder.<\/p>\n<p>6. So\u011futma: Bitmi\u015f \u00fcr\u00fcn\u00fcn orijinal \u015feklini ve kalitesini korumas\u0131n\u0131 sa\u011flamak i\u00e7in etkili bir so\u011futma sistemi \u00e7ok \u00f6nemlidir.<\/p>\n<p>7. Kal\u0131nt\u0131lar\u0131n Temizlenmesi: Kesme i\u015fleminden sonra, par\u00e7aya cilal\u0131 bir y\u00fczey kazand\u0131rmak i\u00e7in art\u0131k malzeme temizlenir.<\/p>\n<p>G\u00fcm\u00fc\u015f, Alt\u0131n ve Bak\u0131r Tak\u0131lar\u0131 Kesmek \u0130\u00e7in Neden Hassas Lazer Kesici Se\u00e7melisiniz? - Art\u0131lar\u0131 ve Avantajlar\u0131<br \/>\n\u2714 Kompakt ve G\u00fcvenli Tasar\u0131m: Kesici, CE standard\u0131 anti-radyasyon cam\u0131na sahiptir ve bu da \u00e7al\u0131\u015fmas\u0131n\u0131 daha g\u00fcvenli hale getirir.<\/p>\n<p>\u2714 Y\u00fcksek Hassasiyetli Kesim: H\u0131zl\u0131 ve hassas kesimler i\u00e7in ithal bir Japon AC servo s\u00fcr\u00fcc\u00fc sistemi kullan\u0131r.<\/p>\n<p>\u2714 Do\u011fru Hareket: Y ekseni, y\u00fcksek h\u0131zlarda bile d\u00fcz kesimler sa\u011flayan y\u00fcksek hassasiyetli bir bilyal\u0131 vida \u015fanz\u0131man\u0131 ile tasarlanm\u0131\u015ft\u0131r.<\/p>\n<p>\u2714 Dayan\u0131kl\u0131 Yap\u0131: Makine uzun s\u00fcre dayanacak \u015fekilde \u00fcretilmi\u015ftir ve deformasyona kar\u015f\u0131 dayan\u0131kl\u0131d\u0131r.<\/p>\n<p>\u2714 Verimli Konumland\u0131rma: Pn\u00f6matik kelep\u00e7eler ince malzemeleri g\u00fcvenli bir \u015fekilde tutarken, hareketli bir b\u0131\u00e7ak tablas\u0131 daha kal\u0131n par\u00e7alar\u0131 bar\u0131nd\u0131rarak do\u011fruluk sa\u011flar.<\/p>\n<p>\u2714 Koruyucu Ekranlama: Tamamen kapal\u0131 tasar\u0131m, kesim s\u0131ras\u0131nda metal art\u0131klar\u0131n\u0131n d\u0131\u015far\u0131 \u00e7\u0131kmas\u0131n\u0131 \u00f6nler.<\/p>\n<p>\u2714 Kolay \u00c7\u00f6p Toplama: Kesim masas\u0131n\u0131n alt\u0131ndaki bir toplama tepsisi, art\u0131k malzemenin h\u0131zl\u0131 bir \u015fekilde toplanmas\u0131n\u0131 ve at\u0131lmas\u0131n\u0131 kolayla\u015ft\u0131r\u0131r.<\/p>\n<p>BOGONG, lazer ekipmanlar\u0131n\u0131n kalitesi ve sat\u0131\u015f sonras\u0131 servis hizmeti ile \u00fcnl\u00fcd\u00fcr, Makinelerimiz \u00e7ok y\u00f6nl\u00fc ve kullan\u0131c\u0131 dostudur, t\u00fcm beceri seviyeleri g\u00f6z \u00f6n\u00fcnde bulundurularak tasarlanm\u0131\u015ft\u0131r. Her \u015feyden \u00f6nce, m\u00fc\u015fteri memnuniyetine \u00f6ncelik veriyoruz. \u0130ster deneyimli bir uzman ister yeni ba\u015flayan biri olun, BOGONG LASER sizi her ad\u0131mda desteklemek i\u00e7in burada. Ba\u015far\u0131n\u0131z i\u00e7in m\u00fckemmellik ve yenili\u011fin bir araya geldi\u011fi bize ve hizmetimize g\u00fcvenin.<\/p>\n<p><iframe title=\"600*600mm Fiber Lazer Kesici\" width=\"1290\" height=\"726\" src=\"https:\/\/www.youtube.com\/embed\/-8xJK_v2xVU?feature=oembed\" frameborder=\"0\" allow=\"accelerometer; autoplay; clipboard-write; encrypted-media; gyroscope; picture-in-picture; web-share\" referrerpolicy=\"strict-origin-when-cross-origin\" allowfullscreen><\/iframe><\/p>","protected":false},"excerpt":{"rendered":"<h3>5050 Fiber Lazer Kesim Makinesi<\/h3>\n<p>BOGONG 5050 Fiber Lazer Kesim Makinesi, metal kesimi i\u00e7in ak\u0131ll\u0131 bir \u00e7\u00f6z\u00fcmd\u00fcr ve benzersiz, ki\u015fiselle\u015ftirilmi\u015f par\u00e7alar\u0131 h\u0131zl\u0131 ve kolay bir \u015fekilde olu\u015fturman\u0131n harika bir yolunu sunar. Kesim alan\u0131 500 x 500 mm ve a\u00e7\u0131k tasar\u0131m\u0131 ile temiz ve p\u00fcr\u00fczs\u00fcz kesimler sa\u011flar, bu da onu i\u015f\u00e7ilik i\u00e7in olduk\u00e7a verimli bir ara\u00e7 haline getirir. Bununla birlikte, \u00e7arp\u0131c\u0131 metal tak\u0131lar yaratmak hem hassasiyet hem de sanatsal yetenek gerektirir. BOGONG k\u00fc\u00e7\u00fck lazer tak\u0131 kesicinin parlad\u0131\u011f\u0131 yer buras\u0131d\u0131r. Bu makine, dikkat \u00e7ekici detaylar ve s\u0131kl\u0131kla beklentileri a\u015fan sonu\u00e7lar sa\u011flar. Ayn\u0131 zamanda \u00e7ok y\u00f6nl\u00fcd\u00fcr, sadece alt\u0131n ve g\u00fcm\u00fc\u015f\u00fc de\u011fil, bak\u0131r ve paslanmaz \u00e7elik gibi malzemeleri de kesmede ustad\u0131r.<\/p>\n<p>T\u00fcr\u00fcn\u00fcn tek \u00f6rne\u011fi metal tak\u0131lar yapmak istiyorsan\u0131z, BOGONG LASER'in BOGONG 5050 modeli ihtiyac\u0131n\u0131z olan her \u015feye sahiptir. Kompakt tasar\u0131m\u0131 yerden tasarruf sa\u011flar ve kullan\u0131c\u0131 dostu yaz\u0131l\u0131m\u0131n yan\u0131 s\u0131ra otomatik bir CNC kontrol\u00f6r\u00fcne sahiptir, bu da onu yeni ba\u015flayanlardan deneyimli profesyonellere kadar herkes i\u00e7in uygun hale getirir. Hem hobiciler hem de k\u00fc\u00e7\u00fck i\u015fletme sahipleri i\u00e7in m\u00fckemmel bir se\u00e7imdir.<\/p>\n<ul class=\"tips\">\n<li>200 Tak\u0131m \/ Ay Stokta Sat\u0131\u015f Bekliyor<\/li>\n<li>T\u00fcm Makine i\u00e7in 2 Y\u0131l S\u0131n\u0131rl\u0131 Garanti<\/li>\n<li>\u00c7evrimi\u00e7i (PayPal) ve \u00c7evrimd\u0131\u015f\u0131 (T \/ T, Banka ve Kredi Kartlar\u0131)<\/li>\n<li>Son Kullan\u0131c\u0131lar ve Bayiler i\u00e7in \u00d6m\u00fcr Boyu \u00dccretsiz Teknik Destek<\/li>\n<\/ul>","protected":false},"featured_media":2010,"template":"","meta":{"_gspb_post_css":""},"product_brand":[],"product_cat":[117,92,118],"product_tag":[105,106],"class_list":{"0":"post-1990","1":"product","2":"type-product","3":"status-publish","4":"has-post-thumbnail","6":"product_cat-fiber-laser-cutting-machine","7":"product_cat-laser-cutting-machine","8":"product_cat-laser-metal-cutting-machine","9":"product_tag-fiber-laser-cutting-machine","10":"product_tag-laser-cutting-machine","12":"first","13":"instock","14":"shipping-taxable","15":"product-type-simple"},"_links":{"self":[{"href":"https:\/\/bogonglaser.com\/tr\/wp-json\/wp\/v2\/product\/1990","targetHints":{"allow":["GET"]}}],"collection":[{"href":"https:\/\/bogonglaser.com\/tr\/wp-json\/wp\/v2\/product"}],"about":[{"href":"https:\/\/bogonglaser.com\/tr\/wp-json\/wp\/v2\/types\/product"}],"wp:featuredmedia":[{"embeddable":true,"href":"https:\/\/bogonglaser.com\/tr\/wp-json\/wp\/v2\/media\/2010"}],"wp:attachment":[{"href":"https:\/\/bogonglaser.com\/tr\/wp-json\/wp\/v2\/media?parent=1990"}],"wp:term":[{"taxonomy":"product_brand","embeddable":true,"href":"https:\/\/bogonglaser.com\/tr\/wp-json\/wp\/v2\/product_brand?post=1990"},{"taxonomy":"product_cat","embeddable":true,"href":"https:\/\/bogonglaser.com\/tr\/wp-json\/wp\/v2\/product_cat?post=1990"},{"taxonomy":"product_tag","embeddable":true,"href":"https:\/\/bogonglaser.com\/tr\/wp-json\/wp\/v2\/product_tag?post=1990"}],"curies":[{"name":"wp","href":"https:\/\/api.w.org\/{rel}","templated":true}]}}