{"id":1974,"date":"2024-11-25T13:45:44","date_gmt":"2024-11-25T05:45:44","guid":{"rendered":"https:\/\/bogonglaser.com\/?post_type=product&#038;p=1974"},"modified":"2025-12-10T18:12:19","modified_gmt":"2025-12-10T10:12:19","slug":"200w-300w-pulse-laser-cleaning-machine-with-raycus-max-jpt-laser","status":"publish","type":"product","link":"https:\/\/bogonglaser.com\/tr\/200w-300w-pulse-laser-cleaning-machine-with-raycus-max-jpt-laser\/","title":{"rendered":"Raycus Max JPT Lazer ile Pulse Lazer Temizleme Makinesi"},"content":{"rendered":"<div class=\"vc_row wpb_row vc_row-fluid\">\n<div class=\"wpb_column vc_column_container vc_col-sm-12\">\n<div class=\"vc_column-inner\">\n<div class=\"wpb_wrapper\">\n<div class=\"wpb_text_column wpb_content_element\">\n<div class=\"wpb_wrapper\">\n<p>A pulse\u00a0laser cleaning machine\u00a0is an innovative tool that uses brief, controlled bursts of laser light to effectively remove contaminants from various surfaces. It\u2019s particularly useful for cleaning materials like metal, glass, ceramics, and more. Here are some of its common applications:<\/p>\n<p>\u2013 Removing paint: Effortlessly strip away old paint layers.<br \/>\n\u2013 Rust removal: Eliminate rust to restore surfaces.<br \/>\n\u2013 Oil stains and oxide films: Clean away stubborn oil stains and oxide layers.<br \/>\n\u2013 Weld cleaning: Prepare welds for finishing by removing impurities.<br \/>\n\u2013 Automobile part renovation: Restore and clean auto parts for better performance.<br \/>\n\u2013 Precision parts cleaning: Safeguard the integrity of delicate components.<br \/>\n\u2013 Electronic equipment cleaning: Remove contaminants without damaging sensitive devices.<\/p>\n<p>Bu makine, \u00e7e\u015fitli malzemelerin bak\u0131m\u0131 ve onar\u0131m\u0131 i\u00e7in etkili ve hassas bir yol sa\u011flar.<\/p>\n<p>Ana \u00f6zellik a\u015fa\u011f\u0131daki gibidir:<\/p>\n<ul>\n<li>Lazer Tipi: Fiber Lazer<br \/>\nLazer G\u00fcc\u00fc: 200W 300W<br \/>\n\u00c7\u0131k\u0131\u015f Aral\u0131\u011f\u0131 (Ayarlanabilirse): 0-100%<br \/>\nDarbe Olu\u015fumu: MOPA Q-Anahtarl\u0131 (Kalite Fakt\u00f6r\u00fc)<br \/>\nLazer Jenerat\u00f6r\u00fc: JPT\/Raycus\/Max<br \/>\nTemizleme Alan\u0131: 100*100mm (Opsiyonel 130x130mm, 150x150mm)<br \/>\nFiber Uzunlu\u011fu: 5m<br \/>\nSo\u011futma Tipi: Hava<br \/>\nSat\u0131\u015f Sonras\u0131: 2 Y\u0131l<\/li>\n<\/ul>\n<\/div>\n<\/div>\n<\/div>\n<\/div>\n<\/div>\n<\/div>\n<div class=\"vc_row wpb_row vc_row-fluid\">\n<div class=\"wpb_column vc_column_container vc_col-sm-12\">\n<div class=\"vc_column-inner\">\n<div class=\"wpb_wrapper\">\n<div class=\"wpb_single_image wpb_content_element vc_align_left wpb_content_element\">\n<figure class=\"wpb_wrapper vc_figure\">\n<div class=\"vc_single_image-wrapper vc_box_border_grey\"><img decoding=\"async\" class=\"vc_single_image-img attachment-full\" title=\"\u9ed1\u767d300w\u6e05\u6d17\u673a\u73b0\u573a\u5b9e\u62cd3\" src=\"https:\/\/bogonglaser.com\/wp-content\/uploads\/2024\/11\/%E9%BB%91%E7%99%BD300w%E6%B8%85%E6%B4%97%E6%9C%BA%E7%8E%B0%E5%9C%BA%E5%AE%9E%E6%8B%8D3.png\" sizes=\"auto, (max-width: 800px) 100vw, 800px\" srcset=\"https:\/\/bogonglaser.com\/wp-content\/uploads\/2024\/11\/\u9ed1\u767d300w\u6e05\u6d17\u673a\u73b0\u573a\u5b9e\u62cd3.png 800w, https:\/\/bogonglaser.com\/wp-content\/uploads\/2024\/11\/\u9ed1\u767d300w\u6e05\u6d17\u673a\u73b0\u573a\u5b9e\u62cd3-300x225.png 300w, https:\/\/bogonglaser.com\/wp-content\/uploads\/2024\/11\/\u9ed1\u767d300w\u6e05\u6d17\u673a\u73b0\u573a\u5b9e\u62cd3-768x576.png 768w, https:\/\/bogonglaser.com\/wp-content\/uploads\/2024\/11\/\u9ed1\u767d300w\u6e05\u6d17\u673a\u73b0\u573a\u5b9e\u62cd3-600x450.png 600w\" alt=\"Darbeli lazer temizleyici\" width=\"800\" height=\"600\" \/><\/div>\n<\/figure>\n<\/div>\n<\/div>\n<\/div>\n<\/div>\n<\/div>\n<div class=\"vc_row wpb_row vc_row-fluid\">\n<div class=\"wpb_column vc_column_container vc_col-sm-12\">\n<div class=\"vc_column-inner\">\n<div class=\"wpb_wrapper\">\n<div class=\"wpb_video_widget wpb_content_element vc_clearfix vc_video-aspect-ratio-169 vc_video-el-width-80 vc_video-align-left\">\n<div class=\"wpb_wrapper\">\n<h2 class=\"wpb_heading wpb_video_heading\">Giri\u015f Pulse Lazer Temizleme Makinesi<\/h2>\n<div class=\"wpb_video_wrapper\">\n<p><iframe title=\"300W Darbeli Lazer Temizleme Makinesi Ne Yapabilir? Boya Ya\u011f\u0131 Pas vb. i\u00e7in 300W Darbeli Lazer Temizleyici\" width=\"1290\" height=\"968\" src=\"https:\/\/www.youtube.com\/embed\/bSn_4ZrmhzA?feature=oembed\" frameborder=\"0\" allow=\"accelerometer; autoplay; clipboard-write; encrypted-media; gyroscope; picture-in-picture; web-share\" referrerpolicy=\"strict-origin-when-cross-origin\" allowfullscreen><\/iframe><\/p>\n<\/div>\n<\/div>\n<\/div>\n<\/div>\n<\/div>\n<\/div>\n<\/div>\n<div class=\"vc_row wpb_row vc_row-fluid\">\n<div class=\"wpb_column vc_column_container vc_col-sm-12\">\n<div class=\"vc_column-inner\">\n<div class=\"wpb_wrapper\">\n<div class=\"wpb_text_column wpb_content_element\">\n<div class=\"wpb_wrapper\">\n<p>Pulse Lazer Temizleyicinin \u00d6zellikleri<\/p>\n<p>Darbeli Lazer Temizleyici, \u00e7ift sal\u0131n\u0131ml\u0131 ak\u0131ll\u0131 temizleme ba\u015fl\u0131\u011f\u0131 kullanarak ve \u00e7e\u015fitli uygulamalara hitap etmek i\u00e7in etkileyici bir 8 temizleme modu yelpazesi sunarak s\u00fcrekli (CW) lazer temizleyicilerden ayr\u0131l\u0131r. Bu sistem, darbe geni\u015fli\u011fi ve frekans\u0131 gibi parametreleri ayarlayarak giri\u015f g\u00fcc\u00fcn\u00fc etkin bir \u015fekilde y\u00f6netir, i\u015f par\u00e7as\u0131 i\u00e7in optimum s\u0131cakl\u0131klar\u0131 korurken enerji kayb\u0131n\u0131 en aza indirerek genel verimlili\u011fi art\u0131r\u0131r.<\/p>\n<p>Kullan\u0131c\u0131 Dostu Tasar\u0131m: Kolayl\u0131k d\u00fc\u015f\u00fcn\u00fclerek tasarlanan bu lazer temizleyici, mekansal s\u0131n\u0131rlamalar olmaks\u0131z\u0131n \u00e7al\u0131\u015fma esnekli\u011fi sa\u011flayan 5 metre uzunlu\u011funda bir fiber kablo i\u00e7erir. BOGONG Lazer Makinesi, biri lazer kafas\u0131nda di\u011feri makine kabininde olmak \u00fczere iki dokunmatik ekrana sahiptir ve kolay parametre ayarlamalar\u0131na olanak tan\u0131r. Geni\u015fletilmi\u015f IO aray\u00fcz\u00fc, otomatik temizleme g\u00f6revleri i\u00e7in manip\u00fclat\u00f6rlerle sorunsuz entegrasyon sa\u011flar. Ayr\u0131ca, bu lazer pas s\u00f6k\u00fcc\u00fcn\u00fcn kullan\u0131c\u0131lar\u0131 i\u00e7in sorunsuz ve h\u0131zl\u0131 bir \u00f6\u011frenme e\u011frisi sa\u011flamak i\u00e7in kapsaml\u0131 \u0130ngilizce k\u0131lavuzlar ve e\u011fitici videolar dahildir.<\/p>\n<p>Tek Modlu \u00c7ok Y\u00f6nl\u00fcl\u00fck: 2mJ lazer temizleme makinesi gibi darbeli tek modlu \u00e7al\u0131\u015fma, metal y\u00fczeylerin, otomotiv par\u00e7alar\u0131n\u0131n, ta\u015f, ah\u015fap, plastik ve y\u00fcksek g\u00fc\u00e7l\u00fc temizlik gerektiren di\u011fer malzemelerin temizlenmesi dahil olmak \u00fczere \u00e7e\u015fitli uygulamalar i\u00e7in son derece uyarlanabilir ve uygundur. \u00d6zellikle a\u011f\u0131r pas, oksit tabakalar\u0131 ve kal\u0131n boya gibi g\u00fc\u00e7l\u00fc yap\u0131\u015fma \u00f6zelli\u011fine sahip zorlu i\u015flerin \u00fcstesinden gelmede etkilidir.<\/p>\n<p>\u00c7ok Modlu Hassasiyet: 15mJ kapasiteli darbeli \u00e7ok modlu \u00e7al\u0131\u015fma, hassas par\u00e7alar\u0131n temizlenmesi, elektronik ekipmanlar\u0131n bak\u0131m\u0131 ve mikro bile\u015fenlerin i\u015flenmesi gibi y\u00fcksek hassasiyetli g\u00f6revler i\u00e7in m\u00fckemmeldir. Hafif yap\u0131\u015fma, kolayca \u00e7\u0131kar\u0131labilen kirleticiler ve hafif pas i\u00e7eren senaryolar\u0131n \u00fcstesinden gelmek i\u00e7in \u00f6zel olarak tasarlanm\u0131\u015ft\u0131r; bu da onu kal\u0131p temizli\u011fi gibi hasardan ka\u00e7\u0131nman\u0131n kritik oldu\u011fu uygulamalar i\u00e7in ideal bir se\u00e7im haline getirir.<\/p>\n<\/div>\n<\/div>\n<\/div>\n<\/div>\n<\/div>\n<\/div>\n<div class=\"vc_row wpb_row vc_row-fluid\">\n<div class=\"wpb_column vc_column_container vc_col-sm-12\">\n<div class=\"vc_column-inner\">\n<div class=\"wpb_wrapper\">\n<div class=\"wpb_text_column wpb_content_element\">\n<div class=\"wpb_wrapper\">\n<h3>Neden Bogong Lazer Temizleme Makinesi se\u00e7ilmeli?<\/h3>\n<ul>\n<li>With extensive experience in laser cleaning technology, we specialize in delivering advanced solutions customized to meet your specific requirements. Our team of expert engineers and technicians possesses deep industry knowledge, ensuring you receive the ideal\u00a0laser cleaning machine\u00a0tailored for your unique applications.<\/li>\n<li>Pas\u0131 gidermek, boyamak vb. i\u00e7in zaten parametre kaydediyoruz, ald\u0131ktan sonra kolayca lazer temizli\u011fine ba\u015flayabilirsiniz.<\/li>\n<li>Bogong sadece y\u00fcksek kaliteli lazer cihaz\u0131 sa\u011flamakla kalmaz, ayn\u0131 zamanda ge\u00e7mi\u015f y\u0131llarda en iyi sat\u0131\u015f sonras\u0131 hizmeti de sunar.<\/li>\n<\/ul>\n<\/div>\n<\/div>\n<\/div>\n<\/div>\n<\/div>\n<\/div>\n<div class=\"vc_row wpb_row vc_row-fluid\">\n<div class=\"wpb_column vc_column_container vc_col-sm-12\">\n<div class=\"vc_column-inner\">\n<div class=\"wpb_wrapper\">\n<div class=\"wpb_video_widget wpb_content_element vc_clearfix vc_video-aspect-ratio-169 vc_video-el-width-80 vc_video-align-left\">\n<div class=\"wpb_wrapper\">\n<h2 class=\"wpb_heading wpb_video_heading\">Pulse Lazer ve CW Lazer Temizleyici Aras\u0131ndaki Fark<\/h2>\n<div class=\"wpb_video_wrapper\">\n<p><iframe title=\"300W vs 500W Darbeli Lazer Temizleyici | 300W ve 500W Lazer Temizleme Makinesi Aras\u0131ndaki Fark\" width=\"1290\" height=\"726\" src=\"https:\/\/www.youtube.com\/embed\/qm112yLfgfM?feature=oembed\" frameborder=\"0\" allow=\"accelerometer; autoplay; clipboard-write; encrypted-media; gyroscope; picture-in-picture; web-share\" referrerpolicy=\"strict-origin-when-cross-origin\" allowfullscreen><\/iframe><\/p>\n<\/div>\n<\/div>\n<\/div>\n<\/div>\n<\/div>\n<\/div>\n<\/div>\n<div class=\"vc_row wpb_row vc_row-fluid\">\n<div class=\"wpb_column vc_column_container vc_col-sm-12\">\n<div class=\"vc_column-inner\">\n<div class=\"wpb_wrapper\">\n<div class=\"wpb_text_column wpb_content_element\">\n<div class=\"wpb_wrapper\">\n<h2>Pulse Lazer Temizleme Makinesi Nas\u0131l \u00c7al\u0131\u015f\u0131r?<\/h2>\n<p>Pulse Lazer Temizleme Makinesi, kirleticileri y\u00fczeylerden etkili bir \u015fekilde \u00e7\u0131karmak i\u00e7in geli\u015fmi\u015f lazer teknolojisini kullan\u0131r. \u0130\u015fte nas\u0131l \u00e7al\u0131\u015ft\u0131\u011f\u0131na dair k\u0131sa bir genel bak\u0131\u015f:<\/p>\n<ol>\n<li><strong>Lazer Emisyonu<\/strong>: Hassas temizlik i\u00e7in k\u0131sa enerji patlamalar\u0131 yayan g\u00fc\u00e7l\u00fc bir darbeli lazer \u0131\u015f\u0131n\u0131 \u00fcretir.<\/li>\n<li><strong>Hedefe Y\u00f6nelik Temizlik<\/strong>: Bir y\u00fczey hedeflendi\u011finde, lazer enerjisi pas veya boya gibi kirleticiler taraf\u0131ndan emilir.<\/li>\n<li><strong>Buharla\u015fma<\/strong>: Emilen enerji kirleticileri h\u0131zla \u0131s\u0131tarak alttaki malzemeye zarar vermeden buharla\u015fmalar\u0131na neden olur.<\/li>\n<li><strong>Se\u00e7ici Kald\u0131rma<\/strong>: \u0130\u015flem se\u00e7ici olarak sadece kirleticileri hedef al\u0131r ve y\u00fczeyin b\u00fct\u00fcnl\u00fc\u011f\u00fcn\u00fc korur.<\/li>\n<li><strong>Ayarlanabilir Ayarlar<\/strong>: \u00c7e\u015fitli y\u00fczeyler ve kirlilik seviyeleri i\u00e7in \u00f6zelle\u015ftirilebilir g\u00fc\u00e7 ayarlar\u0131 ve odak se\u00e7enekleri sunar.<\/li>\n<\/ol>\n<p>Genel olarak, Pulse Lazer Temizleme Makinesi end\u00fcstriyel temizlik uygulamalar\u0131 i\u00e7in verimli, hassas ve \u00e7ok y\u00f6nl\u00fc bir \u00e7\u00f6z\u00fcm sunar.<\/p>\n<\/div>\n<\/div>\n<\/div>\n<\/div>\n<\/div>\n<\/div>\n<div class=\"vc_row wpb_row vc_row-fluid\">\n<div class=\"wpb_column vc_column_container vc_col-sm-12\">\n<div class=\"vc_column-inner\">\n<div class=\"wpb_wrapper\">\n<div class=\"wpb_single_image wpb_content_element vc_align_left wpb_content_element\">\n<figure class=\"wpb_wrapper vc_figure\">\n<div class=\"vc_single_image-wrapper vc_box_border_grey\"><img decoding=\"async\" class=\"vc_single_image-img attachment-full\" title=\"\u9ed1\u767d300w\u6e05\u6d17\u673a\u5de5\u5382\u7167\u7247\" src=\"https:\/\/bogonglaser.com\/wp-content\/uploads\/2024\/11\/%E9%BB%91%E7%99%BD300w%E6%B8%85%E6%B4%97%E6%9C%BA%E5%B7%A5%E5%8E%82%E7%85%A7%E7%89%87.png\" sizes=\"auto, (max-width: 800px) 100vw, 800px\" srcset=\"https:\/\/bogonglaser.com\/wp-content\/uploads\/2024\/11\/\u9ed1\u767d300w\u6e05\u6d17\u673a\u5de5\u5382\u7167\u7247.png 800w, https:\/\/bogonglaser.com\/wp-content\/uploads\/2024\/11\/\u9ed1\u767d300w\u6e05\u6d17\u673a\u5de5\u5382\u7167\u7247-300x225.png 300w, https:\/\/bogonglaser.com\/wp-content\/uploads\/2024\/11\/\u9ed1\u767d300w\u6e05\u6d17\u673a\u5de5\u5382\u7167\u7247-768x576.png 768w, https:\/\/bogonglaser.com\/wp-content\/uploads\/2024\/11\/\u9ed1\u767d300w\u6e05\u6d17\u673a\u5de5\u5382\u7167\u7247-600x450.png 600w\" alt=\"\u9ed1\u767d300w\u6e05\u6d17\u673a\u5de5\u5382\u7167\u7247\" width=\"800\" height=\"600\" \/><\/div>\n<\/figure>\n<\/div>\n<\/div>\n<\/div>\n<\/div>\n<\/div>\n<div class=\"vc_row wpb_row vc_row-fluid\">\n<div class=\"wpb_column vc_column_container vc_col-sm-12\">\n<div class=\"vc_column-inner\">\n<div class=\"wpb_wrapper\">\n<div class=\"wpb_text_column wpb_content_element\">\n<div class=\"wpb_wrapper\">\n<h3>Do\u011fru Pulse Lazer Temizleme Makinesi Nas\u0131l Se\u00e7ilir<\/h3>\n<p>Do\u011fru darbeli lazer temizleme makinesini se\u00e7mek i\u015finiz i\u00e7in \u00f6nemli olacakt\u0131r, makinenin \u00f6zel ihtiya\u00e7lar\u0131n\u0131z\u0131 kar\u015f\u0131lad\u0131\u011f\u0131ndan nas\u0131l emin olabilirsiniz. \u0130\u015fte bilin\u00e7li bir karar vermenize yard\u0131mc\u0131 olacak bir k\u0131lavuz:<\/p>\n<ol>\n<li><strong>Malzeme Uyumlulu\u011fu<\/strong>: Temizlemeyi planlad\u0131\u011f\u0131n\u0131z malzeme t\u00fcrlerini belirleyin (\u00f6rne\u011fin, pas, boya, metal ah\u015fap, akrilik, vb.). Se\u00e7ti\u011finiz makinenin bu malzemeleri etkili bir \u015fekilde i\u015fleyebildi\u011finden emin olun.<\/li>\n<li><strong>Lazer Tipi<\/strong>: Farkl\u0131 lazer tipleri 2mj, 5mj ve 15mj, farkl\u0131 lazer farkl\u0131 sonu\u00e7.<\/li>\n<li><strong>\u00c7al\u0131\u015fma Alan\u0131 Boyutu<\/strong>: \u00dcstlenmeyi planlad\u0131\u011f\u0131n\u0131z projelere g\u00f6re temizlik alan\u0131n\u0131n boyutunu de\u011ferlendirin. Makinenin e\u015fyalar\u0131n\u0131z i\u00e7in yeterli bir \u00e7al\u0131\u015fma alan\u0131na sahip oldu\u011fundan emin olun. Do\u011fru F-teta lensi se\u00e7in, l\u00fctfen bu konuda sat\u0131\u015flar\u0131m\u0131za dan\u0131\u015f\u0131n.<\/li>\n<li><strong>Kullan\u0131m Kolayl\u0131\u011f\u0131<\/strong>: Kolay tasar\u0131m ve kullan\u0131m sa\u011flayan kullan\u0131c\u0131 dostu yaz\u0131l\u0131ma sahip makineleri aray\u0131n.<\/li>\n<li><strong>M\u00fc\u015fteri Deste\u011fi ve Garanti<\/strong>: Research the manufacturer\u2019s support options and warranty offered. Reliable customer service can be crucial for troubleshooting and maintenance.<\/li>\n<\/ol>\n<\/div>\n<\/div>\n<\/div>\n<\/div>\n<\/div>\n<\/div>\n<div class=\"vc_row wpb_row vc_row-fluid\">\n<div class=\"wpb_column vc_column_container vc_col-sm-12\">\n<div class=\"vc_column-inner\">\n<div class=\"wpb_wrapper\">\n<div class=\"wpb_text_column wpb_content_element\">\n<div class=\"wpb_wrapper\">\n<p>\u00d6deme Ko\u015fullar\u0131<\/p>\n<p>1. Depozito ve Bakiye: Sevkiyattan \u00f6nce \u00f6denmesi gereken bakiye ile \u00f6nceden bir 30% T \/ T depozitosu gereklidir.<\/p>\n<p>2. Alibaba Ticaret G\u00fcvencesi: \u00d6demeler Alibaba Ticaret G\u00fcvencesi arac\u0131l\u0131\u011f\u0131yla ger\u00e7ekle\u015ftirilebilir.<\/p>\n<p>SSS<\/p>\n<p>Ambalaj Nedir<br \/>\nMakinelerimiz \u00fc\u00e7 katmanl\u0131 bir d\u00fczende paketlenir. D\u0131\u015f katman ah\u015fap bir kasadan olu\u015fur, orta katmanda sars\u0131nt\u0131ya kar\u015f\u0131 koruma sa\u011flamak i\u00e7in k\u00f6p\u00fck dolgu bulunur ve i\u00e7 katman su ge\u00e7irmezlik i\u00e7in kal\u0131n bir plastik torba i\u00e7erir.<\/p>\n<p>Paket Ta\u015f\u0131ma S\u0131ras\u0131nda Zarar G\u00f6recek mi?<br \/>\nAmbalajlar\u0131m\u0131z\u0131 t\u00fcm olas\u0131 hasar fakt\u00f6rlerini ele alacak \u015fekilde titizlikle tasarl\u0131yoruz ve nakliye acentelerimiz g\u00fcvenli ta\u015f\u0131mac\u0131l\u0131k konusunda deneyimlidir. Ba\u015far\u0131l\u0131 bir \u015fekilde 180 \u00fclkeye ihracat yapt\u0131k, bu nedenle paketinizin m\u00fckemmel durumda ula\u015faca\u011f\u0131ndan emin olabilirsiniz.<\/p>\n<\/div>\n<\/div>\n<\/div>\n<\/div>\n<\/div>\n<\/div>\n<div class=\"vc_row wpb_row vc_row-fluid\">\n<div class=\"wpb_column vc_column_container vc_col-sm-12\">\n<div class=\"vc_column-inner\">\n<div class=\"wpb_wrapper\">\n<div class=\"wpb_text_column wpb_content_element\">\n<div class=\"wpb_wrapper\">\n<p>Most of customers like choose transport by UPS\/DHL express, it can arrive at destination about 5-7 days, contact with\u00a0BOGONG Laser\u00a0to get more detail about laser cleaner<\/p>\n<\/div>\n<\/div>\n<\/div>\n<\/div>\n<\/div>\n<\/div>","protected":false},"excerpt":{"rendered":"<h2>Raycus Max JPT Lazer ile Pulse Lazer Temizleme Makinesi<\/h2>\n<p>Verimli malzeme y\u00fczeyi temizleme uygulamalar\u0131 i\u00e7in tasarlanm\u0131\u015f yeni nesil lazer temizleme makinemizle tan\u0131\u015f\u0131n. Kurulumu, \u00e7al\u0131\u015ft\u0131r\u0131lmas\u0131 ve otomatikle\u015ftirilmesi kolayd\u0131r; pas, gres, boya, astar ve daha fazlas\u0131 gibi y\u00fczey kirleticilerini hassas bir \u015fekilde gidermek i\u00e7in idealdir.<\/p>\n<ul class=\"tips\">\n<li>300 Tak\u0131m \/ Ay Stokta Sat\u0131\u015f Bekliyor<\/li>\n<li>T\u00fcm Makine i\u00e7in 2 Y\u0131l S\u0131n\u0131rl\u0131 Garanti<\/li>\n<li>3-5 g\u00fcn lazer makinesi haz\u0131rlama, 3-7 g\u00fcn nakliye.<\/li>\n<li>\u00c7evrimi\u00e7i (PayPal) ve \u00c7evrimd\u0131\u015f\u0131 (T \/ T, Banka ve Kredi Kartlar\u0131)<\/li>\n<\/ul>","protected":false},"featured_media":1975,"template":"","meta":{"_gspb_post_css":""},"product_brand":[],"product_cat":[94],"product_tag":[101,100],"class_list":{"0":"post-1974","1":"product","2":"type-product","3":"status-publish","4":"has-post-thumbnail","6":"product_cat-laser-cleaning-machine","7":"product_tag-laser-cleaner","8":"product_tag-laser-cleaning-machine","10":"first","11":"instock","12":"shipping-taxable","13":"product-type-simple"},"_links":{"self":[{"href":"https:\/\/bogonglaser.com\/tr\/wp-json\/wp\/v2\/product\/1974","targetHints":{"allow":["GET"]}}],"collection":[{"href":"https:\/\/bogonglaser.com\/tr\/wp-json\/wp\/v2\/product"}],"about":[{"href":"https:\/\/bogonglaser.com\/tr\/wp-json\/wp\/v2\/types\/product"}],"wp:featuredmedia":[{"embeddable":true,"href":"https:\/\/bogonglaser.com\/tr\/wp-json\/wp\/v2\/media\/1975"}],"wp:attachment":[{"href":"https:\/\/bogonglaser.com\/tr\/wp-json\/wp\/v2\/media?parent=1974"}],"wp:term":[{"taxonomy":"product_brand","embeddable":true,"href":"https:\/\/bogonglaser.com\/tr\/wp-json\/wp\/v2\/product_brand?post=1974"},{"taxonomy":"product_cat","embeddable":true,"href":"https:\/\/bogonglaser.com\/tr\/wp-json\/wp\/v2\/product_cat?post=1974"},{"taxonomy":"product_tag","embeddable":true,"href":"https:\/\/bogonglaser.com\/tr\/wp-json\/wp\/v2\/product_tag?post=1974"}],"curies":[{"name":"wp","href":"https:\/\/api.w.org\/{rel}","templated":true}]}}