{"id":1965,"date":"2024-11-25T13:11:58","date_gmt":"2024-11-25T05:11:58","guid":{"rendered":"https:\/\/bogonglaser.com\/?post_type=product&#038;p=1965"},"modified":"2025-12-10T17:15:29","modified_gmt":"2025-12-10T09:15:29","slug":"all-in-one-fiber-laser-marking-machine","status":"publish","type":"product","link":"https:\/\/bogonglaser.com\/tr\/all-in-one-fiber-laser-marking-machine\/","title":{"rendered":"Hepsi Bir Arada Fiber Lazer Markalama Makinesi"},"content":{"rendered":"<p>G\u00fc\u00e7 ve \u00e7ok y\u00f6nl\u00fcl\u00fck i\u00e7in tasarlanm\u0131\u015f kompakt bir hepsi bir arada fiber lazer i\u015faretleyici olan ALL-in-One Lazer \u0130\u015faretleme Makinesi ile tan\u0131\u015f\u0131n. Logolar, barkodlar, seri numaralar\u0131 veya karma\u015f\u0131k desenleri i\u015faretlemeniz gerekti\u011finde, bu makine \u00e7e\u015fitli uygulamalarda ola\u011fan\u00fcst\u00fc sonu\u00e7lar sunar.<\/p>\n<p>Bu hepsi bir arada model, k\u00fc\u00e7\u00fck boyutuna ra\u011fmen g\u00fc\u00e7l\u00fc bir etki yaratarak dar alanlar ve k\u00fc\u00e7\u00fck markalama projeleri i\u00e7in idealdir. Hafif ve ta\u015f\u0131nabilir tasar\u0131m\u0131, kolay manevra kabiliyeti sa\u011flayarak her seferinde hassas ve do\u011fru i\u015faretlemeler yap\u0131lmas\u0131n\u0131 sa\u011flar. Ayr\u0131ca, ola\u011fan\u00fcst\u00fc verimlilikle y\u00fcksek h\u0131zlarda \u00e7al\u0131\u015f\u0131r.<\/p>\n<p>Bu makine, s\u0131n\u0131rl\u0131 alan nedeniyle performanstan \u00f6d\u00fcn vermeyen g\u00fcvenilir bir markalama \u00e7\u00f6z\u00fcm\u00fc arayan k\u00fc\u00e7\u00fck i\u015fletmeler, at\u00f6lyeler ve DIY merakl\u0131lar\u0131 i\u00e7in m\u00fckemmel bir se\u00e7imdir. \u00c7al\u0131\u015fma alan\u0131n\u0131za m\u00fckemmel \u015fekilde uyan verimli bir fiber lazer i\u015faretleyiciye ihtiyac\u0131n\u0131z varsa, bu sizin i\u00e7in ideal se\u00e7enektir.<\/p>\n<figure id=\"attachment_7447\" aria-describedby=\"caption-attachment-7447\" style=\"width: 300px\" class=\"wp-caption alignnone\"><img decoding=\"async\" class=\"size-medium wp-image-7447\" src=\"https:\/\/bogonglaser.com\/wp-content\/uploads\/2024\/11\/2D-mini-all-in-one-PC-factory-photos-1-300x300.jpg\" alt=\"2D mini all-in-one PC factory photos\" width=\"300\" height=\"300\" title=\"\" srcset=\"https:\/\/bogonglaser.com\/wp-content\/uploads\/2024\/11\/2D-mini-all-in-one-PC-factory-photos-1-300x300.jpg 300w, https:\/\/bogonglaser.com\/wp-content\/uploads\/2024\/11\/2D-mini-all-in-one-PC-factory-photos-1-100x100.jpg 100w, https:\/\/bogonglaser.com\/wp-content\/uploads\/2024\/11\/2D-mini-all-in-one-PC-factory-photos-1-600x600.jpg 600w, https:\/\/bogonglaser.com\/wp-content\/uploads\/2024\/11\/2D-mini-all-in-one-PC-factory-photos-1-150x150.jpg 150w, https:\/\/bogonglaser.com\/wp-content\/uploads\/2024\/11\/2D-mini-all-in-one-PC-factory-photos-1-768x768.jpg 768w, https:\/\/bogonglaser.com\/wp-content\/uploads\/2024\/11\/2D-mini-all-in-one-PC-factory-photos-1-12x12.jpg 12w, https:\/\/bogonglaser.com\/wp-content\/uploads\/2024\/11\/2D-mini-all-in-one-PC-factory-photos-1.jpg 1000w\" sizes=\"(max-width: 300px) 100vw, 300px\" \/><figcaption id=\"caption-attachment-7447\" class=\"wp-caption-text\">2D mini all-in-one PC factory photos<\/figcaption><\/figure>\n<p>\u0130\u015fte Fiber Lazer Markalama Makinesinin temel \u00f6zellikleri:<\/p>\n<p>1. Fiber Lazer Kayna\u011f\u0131: Bu makine, JPT, Raycus veya IPG'nin y\u00fcksek kaliteli fiber lazer kaynaklar\u0131n\u0131 kullanarak 20W, 30W, 50W veya 60W'l\u0131k iste\u011fe ba\u011fl\u0131 g\u00fc\u00e7 seviyelerinde mevcuttur. M\u00fckemmel bir lazer \u0131\u015f\u0131n\u0131 netli\u011fi ve 100.000 saate kadar uzun bir kullan\u0131m \u00f6mr\u00fc sunar.<\/p>\n<p>2. Dijital Galvanometre Taray\u0131c\u0131 Sistemi: Y\u00fcksek h\u0131zl\u0131 ithal lazer taray\u0131c\u0131 sistemi ile donat\u0131lm\u0131\u015f olan bu makine, 8.000 mm\/s'ye varan markalama h\u0131zlar\u0131na ula\u015farak verimli bir \u00e7al\u0131\u015fma sa\u011flar.<\/p>\n<p>3. PC Ekran Tutucu: Z ekseni 700 mm'ye kadar ayarlanabilir, bu da onu kal\u0131n veya uzun malzemeler \u00fczerinde markalama yapmak i\u00e7in ideal hale getirir.<\/p>\n<p>4. Kontrol Anahtar\u0131: Kullan\u0131c\u0131 dostu kontrol paneli, kolay tan\u0131mlama ve \u00e7al\u0131\u015ft\u0131rma sa\u011flayan bir acil durdurma, anahtar anahtar\u0131 ve g\u00fc\u00e7 anahtar\u0131 i\u00e7erir.<\/p>\n<p>5. Kald\u0131rma Sistemi: Makine, lazer odak mesafesinin kolay ayarlanmas\u0131 i\u00e7in bir el \u00e7ark\u0131na sahiptir ve \u00e7al\u0131\u015fma s\u00fcrecini basitle\u015ftirir.<\/p>\n<p>6. K\u0131rm\u0131z\u0131 I\u015f\u0131k Pointe: Bu kullan\u0131\u015fl\u0131 \u00f6zellik, ger\u00e7ek lazer markalama ba\u015flamadan \u00f6nce markalama alan\u0131n\u0131 g\u00f6sterir ve hassasiyeti art\u0131r\u0131r.<\/p>\n<p>7. Lazer Markalama Yaz\u0131l\u0131m\u0131: EZCAD markalama yaz\u0131l\u0131m\u0131, QR kodlar\u0131n\u0131, seri numaralar\u0131n\u0131 ve \u00e7e\u015fitli logolar\u0131 i\u015faretlemenize olanak tan\u0131yan g\u00fc\u00e7l\u00fc d\u00fczenleme yetenekleriyle birlikte gelir. DXF ve PLT dosya formatlar\u0131n\u0131 destekler ve her ad\u0131mda size rehberlik edecek ayr\u0131nt\u0131l\u0131 bir \u0130ngilizce kullan\u0131m k\u0131lavuzu i\u00e7erir.<\/p>\n<p>8. F-teta Tarama Lensi: Makine, g\u00f6r\u00fcnt\u00fc alan\u0131 y\u00fcksekli\u011finin tarama a\u00e7\u0131s\u0131yla neredeyse orant\u0131l\u0131 olmas\u0131n\u0131 sa\u011flayan bir Singapur Ronar-Smith F-teta lensi ile donat\u0131lm\u0131\u015ft\u0131r. Yaz\u0131l\u0131m d\u00fczeltmesi olmadan 1%'den daha az do\u011frusall\u0131k bozulmas\u0131n\u0131 korur, bu da net sonu\u00e7lar i\u00e7in minimum bozulma anlam\u0131na gelir. Ayr\u0131ca lens, g\u00fc\u00e7 kayb\u0131n\u0131 azaltmak ve verimi art\u0131rmak i\u00e7in y\u00fcksek ge\u00e7irgenli\u011fe sahip AR kaplamalara sahiptir.<\/p>\n<p>Bu geli\u015fmi\u015f \u00f6zellikler sayesinde <a href=\"https:\/\/bogonglaser.com\/tr\/fiber-laser-cutter\/\">Fiber Lazer \u0130\u015faretleme Makinesi<\/a> hassasiyet, verimlilik ve kullan\u0131m kolayl\u0131\u011f\u0131 i\u00e7in tasarlanm\u0131\u015ft\u0131r.<\/p>\n<p><iframe title=\"Sat\u0131l\u0131k K\u00fc\u00e7\u00fck Hepsi Bir Arada Lazer \u0130\u015faretleme Makinesi\" width=\"1290\" height=\"726\" src=\"https:\/\/www.youtube.com\/embed\/znNbIXDhuHE?feature=oembed\" frameborder=\"0\" allow=\"accelerometer; autoplay; clipboard-write; encrypted-media; gyroscope; picture-in-picture; web-share\" referrerpolicy=\"strict-origin-when-cross-origin\" allowfullscreen><\/iframe><\/p>\n<p>Uygulama: Metal, Cam, Plastik ve Daha Fazlas\u0131 i\u00e7in Hepsi Bir Arada Lazer \u0130\u015faretleme Makinesi.<\/p>\n<p>Lazer markalama makinelerimiz metal, plastik ve daha fazlas\u0131 gibi \u00e7e\u015fitli malzemelerin markalanmas\u0131 i\u00e7in \u00e7ok y\u00f6nl\u00fc ve verimli bir \u00e7\u00f6z\u00fcm sunar. \u0130ster logolar\u0131, seri numaralar\u0131n\u0131 ister karma\u015f\u0131k tasar\u0131mlar\u0131 kaz\u0131man\u0131z gereksin, uyarlanabilir lazerimiz \u00e7ok say\u0131da uygulaman\u0131n \u00fcstesinden gelebilir, farkl\u0131 y\u00fczeylerde tutarl\u0131 kalite sa\u011flarken \u00fcretkenli\u011fi art\u0131r\u0131r.<\/p>\n<p><iframe title=\"K\u00fc\u00e7\u00fck Hepsi Bir Arada Fiber Lazer \u0130\u015faretleme Makinesi | 20W 30W Metal Plastik Lazer \u0130\u015faretleyici Yaz\u0131c\u0131 Grav\u00fcrc\u00fc\" width=\"1290\" height=\"726\" src=\"https:\/\/www.youtube.com\/embed\/1gUXk1ygblo?feature=oembed\" frameborder=\"0\" allow=\"accelerometer; autoplay; clipboard-write; encrypted-media; gyroscope; picture-in-picture; web-share\" referrerpolicy=\"strict-origin-when-cross-origin\" allowfullscreen><\/iframe><\/p>\n<h2>Sizin i\u00e7in ne yapabiliriz?<\/h2>\n<ul>\n<li><span class=\"magic-19\"><b class=\"magic-19\"><span class=\"magic-18\">\u00dccretsiz test \u00f6rnekleri -<\/span><\/b><span class=\"magic-20\" data-spm-anchor-id=\"a2700.details.0.i41.41d82402R4aegi\">\u00dcr\u00fcn malzemenize g\u00f6re \u00fccretsiz markalama efekti testleri ger\u00e7ekle\u015ftirebiliriz<\/span><\/span><\/li>\n<li><span class=\"magic-19\"><b class=\"magic-19\"><span class=\"magic-18\">Video Canl\u0131-<\/span><\/b><span class=\"magic-20\">Makinenin \u00fcretim s\u00fcrecini ve \u00e7al\u0131\u015fmas\u0131n\u0131 \u00e7evrimi\u00e7i videoda izlemek i\u00e7in sat\u0131\u015f dan\u0131\u015fmanlar\u0131m\u0131zla ba\u011flant\u0131 kurabilirsiniz.<\/span><\/span><\/li>\n<li><span class=\"magic-19\"><b class=\"magic-19\"><span class=\"magic-18\">\u00d6zelle\u015ftirilmi\u015f \/OEM-<\/span><\/b><span class=\"magic-20\" data-spm-anchor-id=\"a2700.details.0.i40.41d82402R4aegi\">\u0130stek \u00fczerine \u00f6zelle\u015ftirilmi\u015f makineler \uff0c Bize ula\u015f\u0131n<\/span><\/span><\/li>\n<li>\n<p><figure id=\"attachment_7449\" aria-describedby=\"caption-attachment-7449\" style=\"width: 300px\" class=\"wp-caption alignnone\"><img decoding=\"async\" class=\"size-medium wp-image-7449\" src=\"https:\/\/bogonglaser.com\/wp-content\/uploads\/2024\/11\/2D-mini-all-in-one-PC-factory-photos-2-300x225.png\" alt=\"2D mini all-in-one PC factory photos\" width=\"300\" height=\"225\" title=\"\" srcset=\"https:\/\/bogonglaser.com\/wp-content\/uploads\/2024\/11\/2D-mini-all-in-one-PC-factory-photos-2-300x225.png 300w, https:\/\/bogonglaser.com\/wp-content\/uploads\/2024\/11\/2D-mini-all-in-one-PC-factory-photos-2-600x450.png 600w, https:\/\/bogonglaser.com\/wp-content\/uploads\/2024\/11\/2D-mini-all-in-one-PC-factory-photos-2-768x576.png 768w, https:\/\/bogonglaser.com\/wp-content\/uploads\/2024\/11\/2D-mini-all-in-one-PC-factory-photos-2-16x12.png 16w, https:\/\/bogonglaser.com\/wp-content\/uploads\/2024\/11\/2D-mini-all-in-one-PC-factory-photos-2.png 800w\" sizes=\"(max-width: 300px) 100vw, 300px\" \/><figcaption id=\"caption-attachment-7449\" class=\"wp-caption-text\">2D mini all-in-one PC factory photos<\/figcaption><\/figure><\/li>\n<\/ul>\n<p>\u00d6deme Ko\u015fullar\u0131<\/p>\n<p>1. Depozito ve Bakiye: Sevkiyattan \u00f6nce \u00f6denmesi gereken bakiye ile \u00f6nceden bir 30% T \/ T depozitosu gereklidir.<\/p>\n<p>2. Alibaba Ticaret G\u00fcvencesi: \u00d6demeler Alibaba Ticaret G\u00fcvencesi arac\u0131l\u0131\u011f\u0131yla ger\u00e7ekle\u015ftirilebilir.<\/p>\n<p>SSS i\u00e7in <a href=\"https:\/\/bogonglaser.com\/tr\/fiber-laser-cutter\/\">Fiber Lazer \u0130\u015faretleme Makinesi<\/a><\/p>\n<p>Fiber Lazer Markalama Makinesi i\u00e7in Ambalaj Nedir?<br \/>\nMakinelerimiz \u00fc\u00e7 katmanl\u0131 bir d\u00fczende paketlenir. D\u0131\u015f katman ah\u015fap bir kasadan olu\u015fur, orta katmanda sars\u0131nt\u0131ya kar\u015f\u0131 koruma sa\u011flamak i\u00e7in k\u00f6p\u00fck dolgu bulunur ve i\u00e7 katman su ge\u00e7irmezlik i\u00e7in kal\u0131n bir plastik torba i\u00e7erir.<\/p>\n<p>Paket Ta\u015f\u0131ma S\u0131ras\u0131nda Zarar G\u00f6recek mi?<br \/>\nWe meticulously design our packaging to address all potential damage factors, and our shipping agents are experienced in safe transportation. We have successfully exported to 180 countries, so you can rest assured that your parcel will arrive in excellent condition<\/p>\n<p>BOGONG youtube kanal\u0131ndan daha fazla m\u00fc\u015fteri geri bildirimi bulabilirsiniz.<\/p>\n<figure id=\"attachment_7448\" aria-describedby=\"caption-attachment-7448\" style=\"width: 300px\" class=\"wp-caption alignnone\"><img decoding=\"async\" class=\"size-medium wp-image-7448\" src=\"https:\/\/bogonglaser.com\/wp-content\/uploads\/2024\/11\/2D-mini-all-in-one-PC-factory-photos-1-300x225.png\" alt=\"2D mini all-in-one PC factory photos\" width=\"300\" height=\"225\" title=\"\" srcset=\"https:\/\/bogonglaser.com\/wp-content\/uploads\/2024\/11\/2D-mini-all-in-one-PC-factory-photos-1-300x225.png 300w, https:\/\/bogonglaser.com\/wp-content\/uploads\/2024\/11\/2D-mini-all-in-one-PC-factory-photos-1-600x450.png 600w, https:\/\/bogonglaser.com\/wp-content\/uploads\/2024\/11\/2D-mini-all-in-one-PC-factory-photos-1-768x576.png 768w, https:\/\/bogonglaser.com\/wp-content\/uploads\/2024\/11\/2D-mini-all-in-one-PC-factory-photos-1-16x12.png 16w, https:\/\/bogonglaser.com\/wp-content\/uploads\/2024\/11\/2D-mini-all-in-one-PC-factory-photos-1.png 800w\" sizes=\"(max-width: 300px) 100vw, 300px\" \/><figcaption id=\"caption-attachment-7448\" class=\"wp-caption-text\">2D mini all-in-one PC factory photos<\/figcaption><\/figure>\n<p>M\u00fc\u015fterilerin \u00e7o\u011fu UPS \/ DHL express ile ta\u015f\u0131may\u0131 se\u00e7meyi sever, var\u0131\u015f noktas\u0131na yakla\u015f\u0131k 5-7 g\u00fcn ula\u015fabilir, ileti\u015fime ge\u00e7in <a href=\"https:\/\/bogonglaser.com\/tr\/\">BOGONG Lazer<\/a> to get more detail about fiber laser marking Machine.<\/p>","protected":false},"excerpt":{"rendered":"<h2>Hepsi Bir Arada Lazer Markalama Makinesi<\/h2>\n<p>Hepsi bir arada lazer markalama makinesi, y\u00fcz\u00fckler, k\u00fcpeler, bilezikler, kolyeler, kol d\u00fc\u011fmeleri vb. dahil olmak \u00fczere ki\u015fiselle\u015ftirilmi\u015f tak\u0131lar olu\u015fturmak i\u00e7in tasarlanm\u0131\u015ft\u0131r. Paslanmaz \u00e7elik, titanyum, al\u00fcminyum, bak\u0131r, pirin\u00e7, ala\u015f\u0131mlar, g\u00fcm\u00fc\u015f ve alt\u0131n gibi \u00e7e\u015fitli malzemelerle \u00e7al\u0131\u015farak isimleri, logolar\u0131, i\u015faretleri, harfleri, say\u0131lar\u0131, desenleri ve foto\u011fraflar\u0131 kaz\u0131man\u0131za olanak tan\u0131r. Bu hepsi bir arada lazer markalama makinesi \u015fimdi uygun bir fiyata sat\u0131\u015fa sunuluyor ve b\u00fct\u00e7eniz i\u00e7in m\u00fckemmel bir se\u00e7enek haline geliyor.<\/p>\n<ul class=\"tips\">\n<li>350 Tak\u0131m \/ Ay Stokta Sat\u0131\u015f Bekliyor<\/li>\n<li>T\u00fcm Makine i\u00e7in 2 Y\u0131l S\u0131n\u0131rl\u0131 Garanti<\/li>\n<li>3-5 g\u00fcn lazer makinesi haz\u0131rlama, 3-7 g\u00fcn nakliye.<\/li>\n<li>\u00c7evrimi\u00e7i (PayPal) ve \u00c7evrimd\u0131\u015f\u0131 (T \/ T, Banka ve Kredi Kartlar\u0131)<\/li>\n<\/ul>","protected":false},"featured_media":1966,"template":"","meta":{"_gspb_post_css":""},"product_brand":[],"product_cat":[97,93,96],"product_tag":[104,102],"class_list":{"0":"post-1965","1":"product","2":"type-product","3":"status-publish","4":"has-post-thumbnail","6":"product_cat-fiber-laser-marker","7":"product_cat-laser-engraving-machine","8":"product_cat-laser-marking-machine","9":"product_tag-laser-marker","10":"product_tag-laser-marking-machine","12":"first","13":"instock","14":"shipping-taxable","15":"product-type-simple"},"_links":{"self":[{"href":"https:\/\/bogonglaser.com\/tr\/wp-json\/wp\/v2\/product\/1965","targetHints":{"allow":["GET"]}}],"collection":[{"href":"https:\/\/bogonglaser.com\/tr\/wp-json\/wp\/v2\/product"}],"about":[{"href":"https:\/\/bogonglaser.com\/tr\/wp-json\/wp\/v2\/types\/product"}],"wp:featuredmedia":[{"embeddable":true,"href":"https:\/\/bogonglaser.com\/tr\/wp-json\/wp\/v2\/media\/1966"}],"wp:attachment":[{"href":"https:\/\/bogonglaser.com\/tr\/wp-json\/wp\/v2\/media?parent=1965"}],"wp:term":[{"taxonomy":"product_brand","embeddable":true,"href":"https:\/\/bogonglaser.com\/tr\/wp-json\/wp\/v2\/product_brand?post=1965"},{"taxonomy":"product_cat","embeddable":true,"href":"https:\/\/bogonglaser.com\/tr\/wp-json\/wp\/v2\/product_cat?post=1965"},{"taxonomy":"product_tag","embeddable":true,"href":"https:\/\/bogonglaser.com\/tr\/wp-json\/wp\/v2\/product_tag?post=1965"}],"curies":[{"name":"wp","href":"https:\/\/api.w.org\/{rel}","templated":true}]}}