{"id":1889,"date":"2024-11-21T11:05:13","date_gmt":"2024-11-21T03:05:13","guid":{"rendered":"https:\/\/bogonglaser.com\/?post_type=product&#038;p=1889"},"modified":"2025-12-10T18:18:45","modified_gmt":"2025-12-10T10:18:45","slug":"200w-popular-mini-laser-welding-machine-with-ccd","status":"publish","type":"product","link":"https:\/\/bogonglaser.com\/tr\/200w-popular-mini-laser-welding-machine-with-ccd\/","title":{"rendered":"CCD ile 200W Pop\u00fcler Mini Lazer Kaynak Makinesi"},"content":{"rendered":"<div class=\"vc_row wpb_row vc_row-fluid\">\n<div class=\"wpb_column vc_column_container vc_col-sm-12\">\n<div class=\"vc_column-inner\">\n<div class=\"wpb_wrapper\">\n<div class=\"wpb_text_column wpb_content_element\">\n<div class=\"wpb_wrapper\">\n<p>YAG tak\u0131lar\u0131<a href=\"https:\/\/bogonglaser.com\/tr\/laser-welding-machine\/\">\u00a0Lazer Kaynak Makinesi<\/a>\u00a0hassas metal kayna\u011f\u0131 i\u00e7in lazer teknolojisini kullanan kuyumculuk end\u00fcstrisi i\u00e7in \u00f6zel bir ara\u00e7t\u0131r. Bu kompakt ve hassas cihaz, alt\u0131n, g\u00fcm\u00fc\u015f, titanyum ve platinden yap\u0131lm\u0131\u015f tak\u0131lar\u0131n nokta kayna\u011f\u0131, delinmesi, onar\u0131m\u0131, yeniden kaplanmas\u0131 ve yeniden boyutland\u0131r\u0131lmas\u0131n\u0131n yan\u0131 s\u0131ra g\u00f6zl\u00fck \u00e7er\u00e7eveleri, saatler, kal\u0131plar, di\u015f kayna\u011f\u0131 ve k\u00fc\u00e7\u00fck aksesuarlardaki bo\u015fluklar\u0131n k\u00f6pr\u00fclenmesi gibi \u00e7e\u015fitli uygulamalar i\u00e7in tasarlanm\u0131\u015ft\u0131r.<\/p>\n<\/div>\n<\/div>\n<\/div>\n<\/div>\n<\/div>\n<\/div>\n<div class=\"vc_row wpb_row vc_row-fluid\">\n<div class=\"wpb_column vc_column_container vc_col-sm-12\">\n<div class=\"vc_column-inner\">\n<div class=\"wpb_wrapper\">\n<div class=\"wpb_single_image wpb_content_element vc_align_left wpb_content_element\">\n<figure class=\"wpb_wrapper vc_figure\">\n<div class=\"vc_single_image-wrapper vc_box_border_grey\"><img decoding=\"async\" class=\"vc_single_image-img attachment-full\" title=\"\u6a59\u767d\u73e0\u5b9d\u710a\u73b0\u573a\u62cd\u64443\" src=\"https:\/\/bogonglaser.com\/wp-content\/uploads\/2024\/11\/%E6%A9%99%E7%99%BD%E7%8F%A0%E5%AE%9D%E7%84%8A%E7%8E%B0%E5%9C%BA%E6%8B%8D%E6%91%843.png\" sizes=\"auto, (max-width: 800px) 100vw, 800px\" srcset=\"https:\/\/bogonglaser.com\/wp-content\/uploads\/2024\/11\/\u6a59\u767d\u73e0\u5b9d\u710a\u73b0\u573a\u62cd\u64443.png 800w, https:\/\/bogonglaser.com\/wp-content\/uploads\/2024\/11\/\u6a59\u767d\u73e0\u5b9d\u710a\u73b0\u573a\u62cd\u64443-300x225.png 300w, https:\/\/bogonglaser.com\/wp-content\/uploads\/2024\/11\/\u6a59\u767d\u73e0\u5b9d\u710a\u73b0\u573a\u62cd\u64443-768x576.png 768w, https:\/\/bogonglaser.com\/wp-content\/uploads\/2024\/11\/\u6a59\u767d\u73e0\u5b9d\u710a\u73b0\u573a\u62cd\u64443-600x450.png 600w\" alt=\"Tak\u0131 lazer kaynak makinesi\" width=\"800\" height=\"600\" \/><\/div>\n<\/figure>\n<\/div>\n<\/div>\n<\/div>\n<\/div>\n<\/div>\n<div class=\"vc_row wpb_row vc_row-fluid\">\n<div class=\"wpb_column vc_column_container vc_col-sm-12\">\n<div class=\"vc_column-inner\">\n<div class=\"wpb_wrapper\">\n<div class=\"wpb_text_column wpb_content_element\">\n<div class=\"wpb_wrapper\">\n<ul class=\"sisma__products--product-features sisma__typography--s1\">\n<li class=\"is-root\">B\u00fcy\u00fck \u00f6n kap\u0131 operat\u00f6r\u00fc konforu.<\/li>\n<li class=\"is-root\">S\u00fcrekli kaynak kalitesi ve tutarl\u0131l\u0131\u011f\u0131 i\u00e7in ak\u0131ll\u0131 nokta teknolojisi.<\/li>\n<li class=\"is-root\">CCD kamera (iste\u011fe ba\u011fl\u0131)<\/li>\n<\/ul>\n<\/div>\n<\/div>\n<\/div>\n<\/div>\n<\/div>\n<\/div>\n<div class=\"vc_row wpb_row vc_row-fluid\">\n<div class=\"wpb_column vc_column_container vc_col-sm-12\">\n<div class=\"vc_column-inner\">\n<div class=\"wpb_wrapper\">\n<div class=\"wpb_single_image wpb_content_element vc_align_left wpb_content_element\">\n<figure class=\"wpb_wrapper vc_figure\">\n<div class=\"vc_single_image-wrapper vc_box_border_grey\"><img decoding=\"async\" class=\"vc_single_image-img attachment-full\" title=\"\u6a59\u767d\u73e0\u5b9d\u710a\u73b0\u573a\u62cd\u64442\" src=\"https:\/\/bogonglaser.com\/wp-content\/uploads\/2024\/11\/%E6%A9%99%E7%99%BD%E7%8F%A0%E5%AE%9D%E7%84%8A%E7%8E%B0%E5%9C%BA%E6%8B%8D%E6%91%842.png\" sizes=\"auto, (max-width: 800px) 100vw, 800px\" srcset=\"https:\/\/bogonglaser.com\/wp-content\/uploads\/2024\/11\/\u6a59\u767d\u73e0\u5b9d\u710a\u73b0\u573a\u62cd\u64442.png 800w, https:\/\/bogonglaser.com\/wp-content\/uploads\/2024\/11\/\u6a59\u767d\u73e0\u5b9d\u710a\u73b0\u573a\u62cd\u64442-300x225.png 300w, https:\/\/bogonglaser.com\/wp-content\/uploads\/2024\/11\/\u6a59\u767d\u73e0\u5b9d\u710a\u73b0\u573a\u62cd\u64442-768x576.png 768w, https:\/\/bogonglaser.com\/wp-content\/uploads\/2024\/11\/\u6a59\u767d\u73e0\u5b9d\u710a\u73b0\u573a\u62cd\u64442-600x450.png 600w\" alt=\"m\u00fccevher lazer kaynak maki\u0307nesi\u0307\" width=\"800\" height=\"600\" \/><\/div>\n<\/figure>\n<\/div>\n<\/div>\n<\/div>\n<\/div>\n<\/div>\n<div class=\"vc_row wpb_row vc_row-fluid\">\n<div class=\"wpb_column vc_column_container vc_col-sm-12\">\n<div class=\"vc_column-inner\">\n<div class=\"wpb_wrapper\">\n<div class=\"wpb_text_column wpb_content_element\">\n<div class=\"wpb_wrapper\">\n<p>1. Temiz bo\u015fluklarla y\u00fcksek kaynak kalitesi sa\u011flar ve ikincil i\u015flem ihtiyac\u0131n\u0131 ortadan kald\u0131rarak bitmi\u015f \u00fcr\u00fcnlerin ge\u00e7i\u015f oran\u0131n\u0131 \u00f6nemli \u00f6l\u00e7\u00fcde art\u0131r\u0131r.<br \/>\n2. Y\u00fcksek kaynak h\u0131zlar\u0131 ve sessiz \u00e7al\u0131\u015fma ile y\u00fcksek \u00fcretkenli\u011fe sahiptir, verimlili\u011fi b\u00fcy\u00fck \u00f6l\u00e7\u00fcde art\u0131r\u0131r ve kaynak s\u00fcresini azalt\u0131r.<br \/>\n3. Kullan\u0131c\u0131 dostu ve ergonomik kompakt ve zarif bir tasar\u0131ma sahiptir ve yorulmadan uzun s\u00fcreli rahat bir kullan\u0131m sa\u011flar.<br \/>\n4. \u00c7ince, \u0130ngilizce, Rus\u00e7a ve \u0130spanyolca dahil olmak \u00fczere birden fazla dilde kullan\u0131labilen 7 in\u00e7 LED ekran ve \u00fcfleme koruma cihaz\u0131 ile donat\u0131lm\u0131\u015ft\u0131r.<br \/>\n5. Bir CCD izleme sistemi, geli\u015fmi\u015f hassasiyet i\u00e7in 10X mikroskop ile entegre edilebilir.<br \/>\n6. Dahili su deposu ile kompakt yap\u0131 tasar\u0131m\u0131<br \/>\n7. \u00d6zel ihtiya\u00e7lar\u0131 kar\u015f\u0131lamak i\u00e7in ki\u015fiselle\u015ftirilmi\u015f \u00f6zelle\u015ftirme se\u00e7enekleri sunar.<\/p>\n<\/div>\n<\/div>\n<\/div>\n<\/div>\n<\/div>\n<\/div>\n<div class=\"vc_row wpb_row vc_row-fluid\">\n<div class=\"wpb_column vc_column_container vc_col-sm-12\">\n<div class=\"vc_column-inner\">\n<div class=\"wpb_wrapper\">\n<div class=\"wpb_single_image wpb_content_element vc_align_left wpb_content_element\">\n<figure class=\"wpb_wrapper vc_figure\">\n<div class=\"vc_single_image-wrapper vc_box_border_grey\"><img decoding=\"async\" class=\"vc_single_image-img attachment-full\" title=\"\u6a59\u767d\u73e0\u5b9d\u710a\u6837\u54c1\u7167\u7247\" src=\"https:\/\/bogonglaser.com\/wp-content\/uploads\/2024\/11\/%E6%A9%99%E7%99%BD%E7%8F%A0%E5%AE%9D%E7%84%8A%E6%A0%B7%E5%93%81%E7%85%A7%E7%89%87.png\" sizes=\"auto, (max-width: 800px) 100vw, 800px\" srcset=\"https:\/\/bogonglaser.com\/wp-content\/uploads\/2024\/11\/\u6a59\u767d\u73e0\u5b9d\u710a\u6837\u54c1\u7167\u7247.png 800w, https:\/\/bogonglaser.com\/wp-content\/uploads\/2024\/11\/\u6a59\u767d\u73e0\u5b9d\u710a\u6837\u54c1\u7167\u7247-300x225.png 300w, https:\/\/bogonglaser.com\/wp-content\/uploads\/2024\/11\/\u6a59\u767d\u73e0\u5b9d\u710a\u6837\u54c1\u7167\u7247-768x576.png 768w, https:\/\/bogonglaser.com\/wp-content\/uploads\/2024\/11\/\u6a59\u767d\u73e0\u5b9d\u710a\u6837\u54c1\u7167\u7247-600x450.png 600w\" alt=\"m\u00fccevher lazer kaynak\u00e7isi\" width=\"800\" height=\"600\" \/><\/div>\n<\/figure>\n<\/div>\n<\/div>\n<\/div>\n<\/div>\n<\/div>\n<div class=\"vc_row wpb_row vc_row-fluid\">\n<div class=\"wpb_column vc_column_container vc_col-sm-12\">\n<div class=\"vc_column-inner\">\n<div class=\"wpb_wrapper\">\n<div class=\"wpb_video_widget wpb_content_element vc_clearfix vc_video-aspect-ratio-169 vc_video-el-width-70 vc_video-align-left\">\n<div class=\"wpb_wrapper\">\n<div class=\"wpb_video_wrapper\">\n<p><iframe title=\"Sat\u0131l\u0131k En Pop\u00fcler Mini 200W Tak\u0131 Kaynak Lazer Makinesi | Alt\u0131n G\u00fcm\u00fc\u015f SS lazer kaynak\u00e7\u0131\" width=\"1290\" height=\"726\" src=\"https:\/\/www.youtube.com\/embed\/goD9u4uAIak?feature=oembed\" frameborder=\"0\" allow=\"accelerometer; autoplay; clipboard-write; encrypted-media; gyroscope; picture-in-picture; web-share\" referrerpolicy=\"strict-origin-when-cross-origin\" allowfullscreen><\/iframe><\/p>\n<\/div>\n<\/div>\n<\/div>\n<\/div>\n<\/div>\n<\/div>\n<\/div>\n<div class=\"vc_row wpb_row vc_row-fluid\">\n<div class=\"wpb_column vc_column_container vc_col-sm-12\">\n<div class=\"vc_column-inner\">\n<div class=\"wpb_wrapper\">\n<div class=\"wpb_text_column wpb_content_element\">\n<div class=\"wpb_wrapper\">\n<p><strong>Lazer Kaynak \u00d6rnekleri<\/strong><\/p>\n<\/div>\n<\/div>\n<div class=\"wpb_single_image wpb_content_element vc_align_left wpb_content_element\">\n<figure class=\"wpb_wrapper vc_figure\">\n<div class=\"vc_single_image-wrapper vc_box_border_grey\"><img decoding=\"async\" class=\"vc_single_image-img attachment-full\" title=\"\u6a59\u767d\u73e0\u5b9d\u710a\u5de5\u5382\u7167\u7247 (1)\" src=\"https:\/\/bogonglaser.com\/wp-content\/uploads\/2024\/11\/%E6%A9%99%E7%99%BD%E7%8F%A0%E5%AE%9D%E7%84%8A%E5%B7%A5%E5%8E%82%E7%85%A7%E7%89%87-1.png\" sizes=\"auto, (max-width: 800px) 100vw, 800px\" srcset=\"https:\/\/bogonglaser.com\/wp-content\/uploads\/2024\/11\/\u6a59\u767d\u73e0\u5b9d\u710a\u5de5\u5382\u7167\u7247-1.png 800w, https:\/\/bogonglaser.com\/wp-content\/uploads\/2024\/11\/\u6a59\u767d\u73e0\u5b9d\u710a\u5de5\u5382\u7167\u7247-1-300x225.png 300w, https:\/\/bogonglaser.com\/wp-content\/uploads\/2024\/11\/\u6a59\u767d\u73e0\u5b9d\u710a\u5de5\u5382\u7167\u7247-1-768x576.png 768w, https:\/\/bogonglaser.com\/wp-content\/uploads\/2024\/11\/\u6a59\u767d\u73e0\u5b9d\u710a\u5de5\u5382\u7167\u7247-1-600x450.png 600w\" alt=\"m\u00fccevher lazer kaynak\u00e7isi\" width=\"800\" height=\"600\" \/><\/div>\n<\/figure>\n<\/div>\n<\/div>\n<\/div>\n<\/div>\n<\/div>\n<div class=\"vc_row wpb_row vc_row-fluid\">\n<div class=\"wpb_column vc_column_container vc_col-sm-12\">\n<div class=\"vc_column-inner\">\n<div class=\"wpb_wrapper\">\n<div class=\"wpb_text_column wpb_content_element\">\n<div class=\"wpb_wrapper\">\n<p><strong>Lazer kaynak makinesi paketi<\/strong><\/p>\n<\/div>\n<\/div>\n<div class=\"wpb_single_image wpb_content_element vc_align_left wpb_content_element\">\n<figure class=\"wpb_wrapper vc_figure\">\n<div class=\"vc_single_image-wrapper vc_box_border_grey\"><img decoding=\"async\" class=\"vc_single_image-img attachment-full\" title=\"LAZER KAYNAK\u00c7I TAKILARI\" src=\"https:\/\/bogonglaser.com\/wp-content\/uploads\/2024\/11\/LASER-WELDER-JEWELRY.jpg\" sizes=\"auto, (max-width: 800px) 100vw, 800px\" srcset=\"https:\/\/bogonglaser.com\/wp-content\/uploads\/2024\/11\/LASER-WELDER-JEWELRY.jpg 800w, https:\/\/bogonglaser.com\/wp-content\/uploads\/2024\/11\/LASER-WELDER-JEWELRY-300x104.jpg 300w, https:\/\/bogonglaser.com\/wp-content\/uploads\/2024\/11\/LASER-WELDER-JEWELRY-768x265.jpg 768w, https:\/\/bogonglaser.com\/wp-content\/uploads\/2024\/11\/LASER-WELDER-JEWELRY-600x207.jpg 600w\" alt=\"LAZER KAYNAK\u00c7I TAKILARI\" width=\"800\" height=\"276\" \/><\/div>\n<\/figure>\n<\/div>\n<\/div>\n<\/div>\n<\/div>\n<\/div>\n<div class=\"vc_row wpb_row vc_row-fluid\">\n<div class=\"wpb_column vc_column_container vc_col-sm-12\">\n<div class=\"vc_column-inner\">\n<div class=\"wpb_wrapper\">\n<div class=\"wpb_text_column wpb_content_element\">\n<div class=\"wpb_wrapper\">\n<p>**Neden BOGONG LAZER'i Se\u00e7melisiniz**<\/p>\n<p>BOGONG famous for it\u2019s quality of laser equipment and service for aftersale service, Our machines are versatile and user-friendly, designed with all skill levels in mind. Above all, we prioritize customer satisfaction. Whether you\u2019re a seasoned expert or a beginner, BOGONG LASER is here to support you every step of the way. Trust us and our service, where excellence and innovation come together for your success.<\/p>\n<\/div>\n<\/div>\n<\/div>\n<\/div>\n<\/div>\n<\/div>","protected":false},"excerpt":{"rendered":"<h2>S\u0131cak Sat\u0131\u015f M\u00fccevher Lazer Kaynak Makinesi<\/h2>\n<p>Piyasadaki en pop\u00fcler CCD kameral\u0131 bu Mini 200W M\u00fccevherat, y\u00fcksek kaliteli performans ile uygun fiyat.<\/p>\n<ul class=\"tips\">\n<li>350 Tak\u0131m \/ Ay Stokta Sat\u0131\u015f Bekliyor<\/li>\n<li>T\u00fcm Makine i\u00e7in 2 Y\u0131l S\u0131n\u0131rl\u0131 Garanti<\/li>\n<li>\u00c7evrimi\u00e7i (PayPal) ve \u00c7evrimd\u0131\u015f\u0131 (T \/ T, Banka ve Kredi Kartlar\u0131)<\/li>\n<li>Son Kullan\u0131c\u0131lar ve Bayiler i\u00e7in \u00d6m\u00fcr Boyu \u00dccretsiz Teknik Destek<\/li>\n<\/ul>","protected":false},"featured_media":1898,"template":"","meta":{"_gspb_post_css":""},"product_brand":[],"product_cat":[116,95],"product_tag":[114,113,107],"class_list":{"0":"post-1889","1":"product","2":"type-product","3":"status-publish","4":"has-post-thumbnail","6":"product_cat-jewelry-laser-welder","7":"product_cat-laser-welding-machine","8":"product_tag-gold-siver-laser-welder","9":"product_tag-jewelry-laser-welder","10":"product_tag-laser-welding-machine","12":"first","13":"instock","14":"shipping-taxable","15":"product-type-simple"},"_links":{"self":[{"href":"https:\/\/bogonglaser.com\/tr\/wp-json\/wp\/v2\/product\/1889","targetHints":{"allow":["GET"]}}],"collection":[{"href":"https:\/\/bogonglaser.com\/tr\/wp-json\/wp\/v2\/product"}],"about":[{"href":"https:\/\/bogonglaser.com\/tr\/wp-json\/wp\/v2\/types\/product"}],"wp:featuredmedia":[{"embeddable":true,"href":"https:\/\/bogonglaser.com\/tr\/wp-json\/wp\/v2\/media\/1898"}],"wp:attachment":[{"href":"https:\/\/bogonglaser.com\/tr\/wp-json\/wp\/v2\/media?parent=1889"}],"wp:term":[{"taxonomy":"product_brand","embeddable":true,"href":"https:\/\/bogonglaser.com\/tr\/wp-json\/wp\/v2\/product_brand?post=1889"},{"taxonomy":"product_cat","embeddable":true,"href":"https:\/\/bogonglaser.com\/tr\/wp-json\/wp\/v2\/product_cat?post=1889"},{"taxonomy":"product_tag","embeddable":true,"href":"https:\/\/bogonglaser.com\/tr\/wp-json\/wp\/v2\/product_tag?post=1889"}],"curies":[{"name":"wp","href":"https:\/\/api.w.org\/{rel}","templated":true}]}}