{"id":1869,"date":"2024-11-20T16:27:34","date_gmt":"2024-11-20T08:27:34","guid":{"rendered":"https:\/\/bogonglaser.com\/?post_type=product&#038;p=1869"},"modified":"2025-12-10T18:23:35","modified_gmt":"2025-12-10T10:23:35","slug":"air-cooling-handheld-laser-welding-machine-for-sale","status":"publish","type":"product","link":"https:\/\/bogonglaser.com\/tr\/air-cooling-handheld-laser-welding-machine-for-sale\/","title":{"rendered":"Sat\u0131l\u0131k Hava So\u011futmal\u0131 El Lazer Kaynak Makinesi"},"content":{"rendered":"<div class=\"vc_row wpb_row vc_row-fluid\">\n<div class=\"wpb_column vc_column_container vc_col-sm-12\">\n<div class=\"vc_column-inner\">\n<div class=\"wpb_wrapper\">\n<div class=\"wpb_text_column wpb_content_element\">\n<div class=\"wpb_wrapper\">\n<p>Hava so\u011futmal\u0131 lazer kaynak makinesi, metalleri eritmek ve par\u00e7alar\u0131 birle\u015ftirmek i\u00e7in y\u00fcksek enerjili lazer \u0131\u015f\u0131n\u0131 kullanan hassas bir kaynak makinesidir. Is\u0131 da\u011f\u0131l\u0131m\u0131 i\u00e7in bir so\u011futma s\u0131v\u0131s\u0131 gerektiren su so\u011futmal\u0131 sistemlerin aksine, hava so\u011futmal\u0131 lazer kaynak makineleri \u00e7al\u0131\u015fma s\u0131ras\u0131nda so\u011futma i\u00e7in ortam havas\u0131na ba\u011fl\u0131d\u0131r. Bu tasar\u0131m bak\u0131m\u0131 kolayla\u015ft\u0131r\u0131r, ekstra bile\u015fen ihtiyac\u0131n\u0131 azalt\u0131r ve daha kompakt kurulumlara olanak tan\u0131r.<\/p>\n<p>Hava so\u011futmal\u0131 lazer kaynak makineleri, k\u00fc\u00e7\u00fck at\u00f6lyeler veya yerinde onar\u0131mlar gibi ta\u015f\u0131nabilirlik ve kullan\u0131m kolayl\u0131\u011f\u0131n\u0131n gerekli oldu\u011fu senaryolarda \u00f6zellikle pop\u00fclerdir. Ayr\u0131ca otomotiv, havac\u0131l\u0131k, gemi yap\u0131m\u0131 ve elektronik end\u00fcstrileri dahil olmak \u00fczere hassas kaynak gerektiren end\u00fcstriyel uygulamalarda da yayg\u0131n olarak kullan\u0131l\u0131rlar.<\/p>\n<\/div>\n<\/div>\n<\/div>\n<\/div>\n<\/div>\n<\/div>\n<div class=\"vc_row wpb_row vc_row-fluid\">\n<div class=\"wpb_column vc_column_container vc_col-sm-12\">\n<div class=\"vc_column-inner\">\n<div class=\"wpb_wrapper\">\n<div class=\"wpb_video_widget wpb_content_element vc_clearfix   vc_video-aspect-ratio-169 vc_video-el-width-60 vc_video-align-left\">\n<div class=\"wpb_wrapper\">\n<h2 class=\"wpb_heading wpb_video_heading\">Hava So\u011futmal\u0131 Lazer Kaynak\u00e7\u0131 g\u00f6sterisi<\/h2>\n<div class=\"wpb_video_wrapper\">\n<p><iframe title=\"Hava So\u011futmal\u0131 El Tipi Lazer Kaynak\u00e7\u0131 | En K\u00fc\u00e7\u00fck Ta\u015f\u0131nabilir Lazer Kaynak Makinesi\" width=\"1290\" height=\"726\" src=\"https:\/\/www.youtube.com\/embed\/LVOF1nyCNCs?feature=oembed\" frameborder=\"0\" allow=\"accelerometer; autoplay; clipboard-write; encrypted-media; gyroscope; picture-in-picture; web-share\" referrerpolicy=\"strict-origin-when-cross-origin\" allowfullscreen><\/iframe><\/p>\n<\/div>\n<\/div>\n<\/div>\n<\/div>\n<\/div>\n<\/div>\n<\/div>\n<div class=\"vc_row wpb_row vc_row-fluid\">\n<div class=\"wpb_column vc_column_container vc_col-sm-12\">\n<div class=\"vc_column-inner\">\n<div class=\"wpb_wrapper\">\n<div class=\"wpb_single_image wpb_content_element vc_align_left wpb_content_element\">\n<figure class=\"wpb_wrapper vc_figure\">\n<div class=\"vc_single_image-wrapper   vc_box_border_grey\"><img decoding=\"async\" class=\"vc_single_image-img attachment-full\" title=\"hava so\u011futmali lazer kaynak\u00e7i\" src=\"https:\/\/bogonglaser.com\/wp-content\/uploads\/2024\/11\/air-cooling-laser-welder.jpg\" sizes=\"auto, (max-width: 600px) 100vw, 600px\" srcset=\"https:\/\/bogonglaser.com\/wp-content\/uploads\/2024\/11\/air-cooling-laser-welder.jpg 600w, https:\/\/bogonglaser.com\/wp-content\/uploads\/2024\/11\/air-cooling-laser-welder-300x300.jpg 300w, https:\/\/bogonglaser.com\/wp-content\/uploads\/2024\/11\/air-cooling-laser-welder-150x150.jpg 150w, https:\/\/bogonglaser.com\/wp-content\/uploads\/2024\/11\/air-cooling-laser-welder-100x100.jpg 100w\" alt=\"hava so\u011futmali lazer kaynak\u00e7i\" width=\"600\" height=\"600\" \/><\/div>\n<\/figure>\n<\/div>\n<\/div>\n<\/div>\n<\/div>\n<\/div>\n<div class=\"vc_row wpb_row vc_row-fluid\">\n<div class=\"wpb_column vc_column_container vc_col-sm-12\">\n<div class=\"vc_column-inner\">\n<div class=\"wpb_wrapper\">\n<div class=\"wpb_text_column wpb_content_element\">\n<div class=\"wpb_wrapper\">\n<p>Ta\u015f\u0131nabilirlik<br \/>\nThe air-cooled\u00a0handheld laser welder\u00a0has a compact and lightweight design, making it highly portable.<\/p>\n<p>Esnek Fiber Optik Kablo<br \/>\nThe laser beam is transmitted to the workpiece via a flexible fiber optic cable, allowing for precise direction of the laser where it\u2019s needed.<\/p>\n<p>Ayarlanabilir Odak<br \/>\nLazer \u0131\u015f\u0131n\u0131 \u00e7ok ince bir noktaya odaklanabilir ve y\u00fcksek hassasiyetli kaynak sa\u011flar. Odak derinli\u011fi de \u00e7e\u015fitli kal\u0131nl\u0131ktaki malzemelere uyum sa\u011flayacak \u015fekilde ayarlanabilir.<\/p>\n<p>Kolay Kullan\u0131m<br \/>\nAk\u0131ll\u0131 kontrol paneli, h\u0131zl\u0131 ve basit ayarlamalar i\u00e7in kullan\u0131c\u0131 dostu bir aray\u00fcze sahiptir ve kullan\u0131c\u0131lar\u0131n kaynak projelerini tek bir kurulumdan verimli bir \u015fekilde y\u00f6netmelerini sa\u011flar.<\/p>\n<p>\u00c7ok Y\u00f6nl\u00fc<br \/>\nFarkl\u0131 kaynak ihtiya\u00e7lar\u0131 i\u00e7in bak\u0131r nozullar dahil edilmi\u015ftir ve \u00e7e\u015fitli kaynak a\u00e7\u0131lar\u0131, malzemeler ve istenen efektlerle ba\u015fa \u00e7\u0131kmak i\u00e7in daha fazla esneklik sa\u011flar.<\/p>\n<\/div>\n<\/div>\n<\/div>\n<\/div>\n<\/div>\n<\/div>\n<div class=\"vc_row wpb_row vc_row-fluid\">\n<div class=\"wpb_column vc_column_container vc_col-sm-12\">\n<div class=\"vc_column-inner\">\n<div class=\"wpb_wrapper\">\n<div class=\"wpb_single_image wpb_content_element vc_align_left wpb_content_element\">\n<figure class=\"wpb_wrapper vc_figure\">\n<div class=\"vc_single_image-wrapper   vc_box_border_grey\"><img decoding=\"async\" class=\"vc_single_image-img attachment-full\" title=\"hava so\u011futmal\u0131 lazer kaynak makinesi\" src=\"https:\/\/bogonglaser.com\/wp-content\/uploads\/2024\/11\/air-cooling-laser-welding-machine.jpg\" sizes=\"auto, (max-width: 600px) 100vw, 600px\" srcset=\"https:\/\/bogonglaser.com\/wp-content\/uploads\/2024\/11\/air-cooling-laser-welding-machine.jpg 600w, https:\/\/bogonglaser.com\/wp-content\/uploads\/2024\/11\/air-cooling-laser-welding-machine-300x300.jpg 300w, https:\/\/bogonglaser.com\/wp-content\/uploads\/2024\/11\/air-cooling-laser-welding-machine-150x150.jpg 150w, https:\/\/bogonglaser.com\/wp-content\/uploads\/2024\/11\/air-cooling-laser-welding-machine-100x100.jpg 100w\" alt=\"hava so\u011futmal\u0131 lazer kaynak makinesi\" width=\"600\" height=\"600\" \/><\/div>\n<\/figure>\n<\/div>\n<\/div>\n<\/div>\n<\/div>\n<\/div>\n<div class=\"vc_row wpb_row vc_row-fluid\">\n<div class=\"wpb_column vc_column_container vc_col-sm-12\">\n<div class=\"vc_column-inner\">\n<div class=\"wpb_wrapper\">\n<div class=\"wpb_text_column wpb_content_element\">\n<div class=\"wpb_wrapper\">\n<p>Fiber Lazer Jenerat\u00f6r\u00fc<br \/>\nBu geli\u015fmi\u015f lazer jenerat\u00f6r\u00fc ba\u011f\u0131ms\u0131z fikri m\u00fclkiyet haklar\u0131na sahiptir. D\u00fc\u015f\u00fck g\u00fc\u00e7 t\u00fcketimine sahiptir, bak\u0131m gerektirmez ve montaj\u0131 kolayd\u0131r, bu da onu kaynak, kesme ve temizleme alanlar\u0131ndaki end\u00fcstriyel uygulamalar i\u00e7in ideal bir lazer kayna\u011f\u0131 haline getirir.<\/p>\n<p>Lazer Kaynak Tabancas\u0131<br \/>\nHafif ve kullan\u0131c\u0131 dostu olacak \u015fekilde tasarlanan lazer kaynak tabancas\u0131 \u00e7ift koruyucu lense sahiptir. \u0130\u00e7 lens h\u0131zl\u0131 de\u011fi\u015fim i\u00e7in kolayca \u00e7\u0131kar\u0131labilir, istikrarl\u0131 ve g\u00fcvenilir performans sa\u011flar.<\/p>\n<p>Kontrol\u00f6r<br \/>\nSezgisel \u00e7al\u0131\u015fma paneli dokunmatik kontroller i\u00e7erir ve kaynak, temizleme ve kesme modlar\u0131 dahil olmak \u00fczere \u00e7ok \u00e7e\u015fitli i\u015flevler sunar. Ayr\u0131ca, lazer kayna\u011f\u0131 verilerini izlemek i\u00e7in \u00f6zel bir sayfan\u0131n yan\u0131 s\u0131ra \u00e7e\u015fitli m\u00fc\u015fteri ihtiya\u00e7lar\u0131n\u0131 kar\u015f\u0131layan 20'den fazla dilde teknik bilgi ve destek sunar.<\/p>\n<p>Otomatik Tel Besleyici<br \/>\nDaha fazla kaynak g\u00fcc\u00fc gerektiren uygulamalar veya b\u00fcy\u00fck bir kaynak bo\u015flu\u011fu oldu\u011funda, otomatik bir tel besleme cihaz\u0131 dahildir.<\/p>\n<p>\u2013 It accommodates various welding wire specifications, including 0.8\/1.0\/1.2\/1.6 mm.<br \/>\n\u2013 The wire feeding speed is adjustable, allowing for quick and convenient operation.<\/p>\n<\/div>\n<\/div>\n<\/div>\n<\/div>\n<\/div>\n<\/div>\n<div class=\"vc_row wpb_row vc_row-fluid\">\n<div class=\"wpb_column vc_column_container vc_col-sm-12\">\n<div class=\"vc_column-inner\">\n<div class=\"wpb_wrapper\">\n<div class=\"wpb_single_image wpb_content_element vc_align_left wpb_content_element\">\n<figure class=\"wpb_wrapper vc_figure\">\n<div class=\"vc_single_image-wrapper   vc_box_border_grey\"><img decoding=\"async\" class=\"vc_single_image-img attachment-full\" title=\"hava so\u011futmali kaynak\u00e7i\" src=\"https:\/\/bogonglaser.com\/wp-content\/uploads\/2024\/11\/air-cooling-welder.jpg\" sizes=\"auto, (max-width: 600px) 100vw, 600px\" srcset=\"https:\/\/bogonglaser.com\/wp-content\/uploads\/2024\/11\/air-cooling-welder.jpg 600w, https:\/\/bogonglaser.com\/wp-content\/uploads\/2024\/11\/air-cooling-welder-300x300.jpg 300w, https:\/\/bogonglaser.com\/wp-content\/uploads\/2024\/11\/air-cooling-welder-150x150.jpg 150w, https:\/\/bogonglaser.com\/wp-content\/uploads\/2024\/11\/air-cooling-welder-100x100.jpg 100w\" alt=\"hava so\u011futmali kaynak\u00e7i\" width=\"600\" height=\"600\" \/><\/div>\n<\/figure>\n<\/div>\n<\/div>\n<\/div>\n<\/div>\n<\/div>\n<div class=\"vc_row wpb_row vc_row-fluid\">\n<div class=\"wpb_column vc_column_container vc_col-sm-12\">\n<div class=\"vc_column-inner\">\n<div class=\"wpb_wrapper\">\n<div class=\"wpb_text_column wpb_content_element\">\n<div class=\"wpb_wrapper\">\n<p>Hava so\u011futmal\u0131 lazer kaynak makinesi uygulamalar\u0131 ve kullan\u0131m alanlar\u0131<br \/>\nHava so\u011futmal\u0131 fiber lazerler paslanmaz \u00e7elik, karbon \u00e7eli\u011fi, al\u00fcminyum, titanyum, bak\u0131r ve nikel ala\u015f\u0131mlar\u0131 dahil olmak \u00fczere \u00e7ok \u00e7e\u015fitli metallere kaynak yapabilmektedir. Nihai kayna\u011f\u0131n etkinli\u011fi, kullan\u0131lan metallerin spesifik \u00f6zelliklerine, kal\u0131nl\u0131klar\u0131na ve kaynak yap\u0131lan ba\u011flant\u0131 t\u00fcr\u00fcne ba\u011fl\u0131d\u0131r.<\/p>\n<p>Bu hava so\u011futmal\u0131 lazer kaynak makineleri, dolap imalat\u0131, mutfak ekipmanlar\u0131, merdiven asans\u00f6rleri, raflar, f\u0131r\u0131nlar, paslanmaz \u00e7elik kap\u0131 ve pencere korkuluklar\u0131, da\u011f\u0131t\u0131m kutular\u0131 ve paslanmaz \u00e7elik ev mobilyalar\u0131 gibi karma\u015f\u0131k ve d\u00fczensiz kaynak i\u015fleri gerektiren sekt\u00f6rlerde \u00f6zellikle de\u011ferlidir.<\/p>\n<p>Projeler<br \/>\nHava so\u011futmal\u0131 lazer kaynak makineleri \u00e7e\u015fitli a\u00e7\u0131larda \u00e7al\u0131\u015fabilir, bu da onlar\u0131 al\u0131n, bindirme, k\u00f6\u015fe, tee ve kenar ba\u011flant\u0131lar\u0131 gibi farkl\u0131 metal ba\u011flant\u0131 t\u00fcrleri i\u00e7in \u00e7ok y\u00f6nl\u00fc hale getirir. Konumland\u0131rmadaki bu esneklik, karma\u015f\u0131k \u015fekillerin ve profillerin etkili bir \u015fekilde kaynaklanmas\u0131na olanak tan\u0131r.<\/p>\n<\/div>\n<\/div>\n<\/div>\n<\/div>\n<\/div>\n<\/div>\n<div class=\"vc_row wpb_row vc_row-fluid\">\n<div class=\"wpb_column vc_column_container vc_col-sm-12\">\n<div class=\"vc_column-inner\">\n<div class=\"wpb_wrapper\">\n<div class=\"wpb_single_image wpb_content_element vc_align_left wpb_content_element\">\n<figure class=\"wpb_wrapper vc_figure\">\n<div class=\"vc_single_image-wrapper   vc_box_border_grey\"><img decoding=\"async\" class=\"vc_single_image-img attachment-full\" title=\"el lazer kayna\u011f\u0131\" src=\"https:\/\/bogonglaser.com\/wp-content\/uploads\/2024\/11\/handheld-laser-welding.jpg\" sizes=\"auto, (max-width: 600px) 100vw, 600px\" srcset=\"https:\/\/bogonglaser.com\/wp-content\/uploads\/2024\/11\/handheld-laser-welding.jpg 600w, https:\/\/bogonglaser.com\/wp-content\/uploads\/2024\/11\/handheld-laser-welding-243x300.jpg 243w\" alt=\"el lazer kayna\u011f\u0131\" width=\"600\" height=\"742\" \/><\/div>\n<\/figure>\n<\/div>\n<\/div>\n<\/div>\n<\/div>\n<\/div>\n<div class=\"vc_row wpb_row vc_row-fluid\">\n<div class=\"wpb_column vc_column_container vc_col-sm-12\">\n<div class=\"vc_column-inner\">\n<div class=\"wpb_wrapper\">\n<div class=\"wpb_text_column wpb_content_element\">\n<div class=\"wpb_wrapper\">\n<p><strong>Lazer kaynak makinesi paketi<\/strong><\/p>\n<\/div>\n<\/div>\n<div class=\"wpb_single_image wpb_content_element vc_align_left wpb_content_element\">\n<figure class=\"wpb_wrapper vc_figure\">\n<div class=\"vc_single_image-wrapper   vc_box_border_grey\"><img decoding=\"async\" class=\"vc_single_image-img attachment-full\" title=\"el lazer kaynak makinesi\" src=\"https:\/\/bogonglaser.com\/wp-content\/uploads\/2024\/11\/handheld-laser-welder-machine.jpg\" sizes=\"auto, (max-width: 600px) 100vw, 600px\" srcset=\"https:\/\/bogonglaser.com\/wp-content\/uploads\/2024\/11\/handheld-laser-welder-machine.jpg 600w, https:\/\/bogonglaser.com\/wp-content\/uploads\/2024\/11\/handheld-laser-welder-machine-300x154.jpg 300w\" alt=\"el lazer kaynak makinesi\" width=\"600\" height=\"308\" \/><\/div>\n<\/figure>\n<\/div>\n<\/div>\n<\/div>\n<\/div>\n<\/div>\n<div class=\"vc_row wpb_row vc_row-fluid\">\n<div class=\"wpb_column vc_column_container vc_col-sm-12\">\n<div class=\"vc_column-inner\">\n<div class=\"wpb_wrapper\">\n<div class=\"wpb_text_column wpb_content_element\">\n<div class=\"wpb_wrapper\">\n<p>**Neden BOGONG LAZER'i Se\u00e7melisiniz**<\/p>\n<p>BOGONG famous for it\u2019s quality of laser equipment and service for aftersale service, Our machines are versatile and user-friendly, designed with all skill levels in mind. Above all, we prioritize customer satisfaction. Whether you\u2019re a seasoned expert or a beginner,\u00a0BOGONG LASER\u00a0is here to support you every step of the way. Trust us and our service, where excellence and innovation come together for your success.<\/p>\n<\/div>\n<\/div>\n<\/div>\n<\/div>\n<\/div>\n<\/div>","protected":false},"excerpt":{"rendered":"<h2>El Kaynak Tabancal\u0131 Hava So\u011futmal\u0131 Ta\u015f\u0131nabilir Lazer Kaynak\u00e7\u0131<\/h2>\n<p>Hassas metal ba\u011flant\u0131lar\u0131 i\u00e7in uygun fiyatl\u0131 bir kaynak makinesi mi ar\u0131yorsunuz? El tipi lazer kaynak tabancas\u0131na sahip bu acemi dostu, hava so\u011futmal\u0131 ta\u015f\u0131nabilir lazer kaynak makinesine g\u00f6z at\u0131n.<\/p>\n<ul class=\"tips\">\n<li>350 Tak\u0131m \/ Ay Stokta Sat\u0131\u015f Bekliyor<\/li>\n<li>T\u00fcm Makine i\u00e7in 2 Y\u0131l S\u0131n\u0131rl\u0131 Garanti<\/li>\n<li>\u00c7evrimi\u00e7i (PayPal) ve \u00c7evrimd\u0131\u015f\u0131 (T \/ T, Banka ve Kredi Kartlar\u0131)<\/li>\n<li>Son Kullan\u0131c\u0131lar ve Bayiler i\u00e7in \u00d6m\u00fcr Boyu \u00dccretsiz Teknik Destek<\/li>\n<\/ul>","protected":false},"featured_media":1870,"template":"","meta":{"_gspb_post_css":""},"product_brand":[],"product_cat":[115,95],"product_tag":[109,108,107],"class_list":{"0":"post-1869","1":"product","2":"type-product","3":"status-publish","4":"has-post-thumbnail","6":"product_cat-handheld-laser-welder","7":"product_cat-laser-welding-machine","8":"product_tag-fiber-laser-welder","9":"product_tag-handheld-laser-welder","10":"product_tag-laser-welding-machine","12":"first","13":"instock","14":"shipping-taxable","15":"product-type-simple"},"_links":{"self":[{"href":"https:\/\/bogonglaser.com\/tr\/wp-json\/wp\/v2\/product\/1869","targetHints":{"allow":["GET"]}}],"collection":[{"href":"https:\/\/bogonglaser.com\/tr\/wp-json\/wp\/v2\/product"}],"about":[{"href":"https:\/\/bogonglaser.com\/tr\/wp-json\/wp\/v2\/types\/product"}],"wp:featuredmedia":[{"embeddable":true,"href":"https:\/\/bogonglaser.com\/tr\/wp-json\/wp\/v2\/media\/1870"}],"wp:attachment":[{"href":"https:\/\/bogonglaser.com\/tr\/wp-json\/wp\/v2\/media?parent=1869"}],"wp:term":[{"taxonomy":"product_brand","embeddable":true,"href":"https:\/\/bogonglaser.com\/tr\/wp-json\/wp\/v2\/product_brand?post=1869"},{"taxonomy":"product_cat","embeddable":true,"href":"https:\/\/bogonglaser.com\/tr\/wp-json\/wp\/v2\/product_cat?post=1869"},{"taxonomy":"product_tag","embeddable":true,"href":"https:\/\/bogonglaser.com\/tr\/wp-json\/wp\/v2\/product_tag?post=1869"}],"curies":[{"name":"wp","href":"https:\/\/api.w.org\/{rel}","templated":true}]}}