{"id":1828,"date":"2024-11-14T15:48:52","date_gmt":"2024-11-14T07:48:52","guid":{"rendered":"https:\/\/bogonglaser.com\/?post_type=product&#038;p=1828"},"modified":"2025-12-10T18:27:09","modified_gmt":"2025-12-10T10:27:09","slug":"best-handheld-laser-welder","status":"publish","type":"product","link":"https:\/\/bogonglaser.com\/tr\/best-handheld-laser-welder\/","title":{"rendered":"En \u0130yi El Tipi Lazer Kaynak\u00e7\u0131 Kaynak Makinesi"},"content":{"rendered":"<div class=\"vc_row wpb_row vc_row-fluid\">\n<div class=\"wpb_column vc_column_container vc_col-sm-12\">\n<div class=\"vc_column-inner\">\n<div class=\"wpb_wrapper\">\n<div class=\"wpb_text_column wpb_content_element\">\n<div class=\"wpb_wrapper\">\n<p>BOGONG en iyi Ta\u015f\u0131nabilir el lazer kaynak makinelerini sa\u011flar<\/p>\n<p>Kullan\u0131m kolayl\u0131\u011f\u0131 i\u00e7in tasarlanan bu ta\u015f\u0131nabilir lazer kaynak makineleri manevra kabiliyetine sahiptir ve el tipi bir kaynak tabancas\u0131yla \u00e7al\u0131\u015ft\u0131r\u0131larak hem i\u00e7 hem de d\u0131\u015f mekanlarda metal ba\u011flant\u0131lar\u0131 i\u00e7in idealdir.<\/p>\n<p>Bu makineler karma\u015f\u0131k bile\u015fenler i\u00e7in temass\u0131z kaynak avantaj\u0131 sunar. Manuel lazer \u0131\u015f\u0131n\u0131 kaynak makinesi, spektrumu zaman ve enerjiye g\u00f6re etkili bir \u015fekilde ay\u0131rabilir ve birden fazla e\u015fzamanl\u0131 kayna\u011fa izin verir. Geleneksel MIG, TIG ve elektrikli kaynak y\u00f6ntemleriyle kar\u015f\u0131la\u015ft\u0131r\u0131ld\u0131\u011f\u0131nda, bu teknoloji kaynak i\u015fleminde geli\u015fmi\u015f hassasiyet sa\u011flar.<\/p>\n<\/div>\n<\/div>\n<\/div>\n<\/div>\n<\/div>\n<\/div>\n<div class=\"vc_row wpb_row vc_row-fluid\">\n<div class=\"wpb_column vc_column_container vc_col-sm-12\">\n<div class=\"vc_column-inner\">\n<div class=\"wpb_wrapper\">\n<div class=\"wpb_single_image wpb_content_element vc_align_left wpb_content_element\">\n<figure class=\"wpb_wrapper vc_figure\">\n<div class=\"vc_single_image-wrapper vc_box_border_grey\"><img decoding=\"async\" class=\"vc_single_image-img attachment-full\" title=\"el tipi lazer kaynak\u00e7\u0131\" src=\"https:\/\/bogonglaser.com\/wp-content\/uploads\/2024\/11\/laser-welder-handheld-1.jpg\" sizes=\"auto, (max-width: 600px) 100vw, 600px\" srcset=\"https:\/\/bogonglaser.com\/wp-content\/uploads\/2024\/11\/laser-welder-handheld-1.jpg 600w, https:\/\/bogonglaser.com\/wp-content\/uploads\/2024\/11\/laser-welder-handheld-1-300x300.jpg 300w, https:\/\/bogonglaser.com\/wp-content\/uploads\/2024\/11\/laser-welder-handheld-1-150x150.jpg 150w, https:\/\/bogonglaser.com\/wp-content\/uploads\/2024\/11\/laser-welder-handheld-1-100x100.jpg 100w\" alt=\"lazer kaynak\u00e7\u0131 el tipi 1\" width=\"600\" height=\"600\" \/><\/div>\n<\/figure>\n<\/div>\n<\/div>\n<\/div>\n<\/div>\n<\/div>\n<div class=\"vc_row wpb_row vc_row-fluid\">\n<div class=\"wpb_column vc_column_container vc_col-sm-12\">\n<div class=\"vc_column-inner\">\n<div class=\"wpb_wrapper\">\n<div class=\"wpb_text_column wpb_content_element\">\n<div class=\"wpb_wrapper\">\n<h2>Avantaj\u0131\u00a0<a href=\"https:\/\/bogonglaser.com\/tr\/laser-welding-machine\/handheld-laser-welder\/\">El Tipi Lazer Kaynak\u00e7\u0131<\/a>:<\/h2>\n<p>\u2714 Farkl\u0131 penetrasyon derinlikleri i\u00e7in \u00e7e\u015fitli Lazer g\u00fcc\u00fc se\u00e7enekleri (1500W, 2000W, 3000W) sunar.<\/p>\n<p>\u2714 Ta\u015f\u0131nabilir ve kullan\u0131m\u0131 kolay, hem i\u00e7 hem de d\u0131\u015f mekan kaynak projeleri i\u00e7in idealdir.<\/p>\n<p>\u2714 Y\u00fcksek kaynak h\u0131zlar\u0131-2 geleneksel MMA, TIG ve MIG kaynak\u00e7\u0131lardan 10 kat daha h\u0131zl\u0131.<\/p>\n<p>Derin n\u00fcfuziyet ve minimum koniklik ile p\u00fcr\u00fczs\u00fcz ve temiz, d\u00fcz ve d\u00fczg\u00fcn kaynakl\u0131 diki\u015fler \u00fcreterek parlatma ihtiyac\u0131n\u0131 ortadan kald\u0131r\u0131r ve hem zamandan hem de maliyetten tasarruf sa\u011flar.<\/p>\n<p>\u2714 Deformasyon olmadan g\u00fc\u00e7l\u00fc metal ba\u011flant\u0131lar olu\u015fturur ve yara izini azalt\u0131r.<\/p>\n<p>\u2714 Daha d\u00fc\u015f\u00fck malzeme ve enerji t\u00fcketimi, daha uzun bir hizmet \u00f6mr\u00fcne katk\u0131da bulunur.<\/p>\n<p>\u2714 \u00c7evre dostu \u00e7al\u0131\u015fma ile kullan\u0131c\u0131 dostu ve g\u00fcvenli.<\/p>\n<\/div>\n<\/div>\n<\/div>\n<\/div>\n<\/div>\n<\/div>\n<div class=\"vc_row wpb_row vc_row-fluid\">\n<div class=\"wpb_column vc_column_container vc_col-sm-12\">\n<div class=\"vc_column-inner\">\n<div class=\"wpb_wrapper\">\n<div class=\"wpb_single_image wpb_content_element vc_align_left wpb_content_element\">\n<figure class=\"wpb_wrapper vc_figure\">\n<div class=\"vc_single_image-wrapper vc_box_border_grey\"><img decoding=\"async\" class=\"vc_single_image-img attachment-full\" title=\"fiber lazer kaynak\u00e7\u0131\" src=\"https:\/\/bogonglaser.com\/wp-content\/uploads\/2024\/11\/fiber-laser-welder-1.jpg\" sizes=\"auto, (max-width: 600px) 100vw, 600px\" srcset=\"https:\/\/bogonglaser.com\/wp-content\/uploads\/2024\/11\/fiber-laser-welder-1.jpg 600w, https:\/\/bogonglaser.com\/wp-content\/uploads\/2024\/11\/fiber-laser-welder-1-300x300.jpg 300w, https:\/\/bogonglaser.com\/wp-content\/uploads\/2024\/11\/fiber-laser-welder-1-150x150.jpg 150w, https:\/\/bogonglaser.com\/wp-content\/uploads\/2024\/11\/fiber-laser-welder-1-100x100.jpg 100w\" alt=\"fiber lazer kaynak\u00e7\u0131 1\" width=\"600\" height=\"600\" \/><\/div>\n<\/figure>\n<\/div>\n<\/div>\n<\/div>\n<\/div>\n<\/div>\n<div class=\"vc_row wpb_row vc_row-fluid\">\n<div class=\"wpb_column vc_column_container vc_col-sm-12\">\n<div class=\"vc_column-inner\">\n<div class=\"wpb_wrapper\">\n<div class=\"wpb_text_column wpb_content_element\">\n<div class=\"wpb_wrapper\">\n<h2>Ta\u015f\u0131nabilir Fiber Lazer Kaynak Makinesinin \u00d6zellikleri<\/h2>\n<p>Minimum termal etki alan\u0131 ile y\u00fcksek lazer enerjisi yo\u011funlu\u011fu sa\u011flayarak deformasyon riskini azalt\u0131r ve kapsaml\u0131 m\u00fcteakip i\u015fleme ihtiyac\u0131n\u0131 ortadan kald\u0131r\u0131r.<\/p>\n<p>Lazer jenerat\u00f6r\u00fc, g\u00fc\u00e7 paketi, end\u00fcstriyel su so\u011futucu ve kontrol \u00fcnitesini i\u00e7eren kompakt hepsi bir arada kontrol kabini - g\u00fc\u00e7l\u00fc ancak ta\u015f\u0131nmas\u0131 kolay.<\/p>\n<p>Nokta, diki\u015f, \u00e7ivi, al\u0131n, bindirme, ekleme, kenar, y\u0131\u011f\u0131n, k\u0131vr\u0131m ve tee kayna\u011f\u0131 dahil olmak \u00fczere \u00e7e\u015fitli kaynak tekniklerini destekler.<\/p>\n<p>\u21f2 Geli\u015fmi\u015f alg\u0131lama ve koruma \u00f6zellikleri, uzun s\u00fcreli istikrarl\u0131 \u00e7al\u0131\u015fma sa\u011flayarak olas\u0131 kay\u0131plar\u0131 ve g\u00fcvenlik risklerini en aza indirir.<\/p>\n<p>Temass\u0131z \u00e7al\u0131\u015fma stressiz, g\u00fcr\u00fclt\u00fcs\u00fcz ve \u00e7evre dostudur, ye\u015fil i\u015fleme standartlar\u0131yla uyumludur.<\/p>\n<p>P\u00fcr\u00fczs\u00fcz, temiz bir fini\u015fe sahip y\u00fcksek kaliteli kaynaklar \u00fcretir.<\/p>\n<p>\u0130leti\u015fim \u00f6zellikleri, t\u00fcm lazer verilerinin ger\u00e7ek zamanl\u0131 olarak izlenmesini sa\u011flar.<\/p>\n<p>\u21f2 K\u00fc\u00e7\u00fck lehim darbelerini kaynaklamak i\u00e7in \u00f6zel bir fiber ile donat\u0131lm\u0131\u015ft\u0131r.<\/p>\n<p>Y\u00fcksek kaliteli fiber lazer \u0131\u015f\u0131n\u0131, y\u00fcksek d\u00f6n\u00fc\u015f\u00fcm verimlili\u011fi sa\u011flayarak h\u0131zl\u0131 i\u015fleme h\u0131z\u0131, y\u00fcksek en-boy oran\u0131 ve g\u00fc\u00e7l\u00fc kaynaklar elde edilmesini sa\u011flar.<\/p>\n<p>\u21f2 Geli\u015fmi\u015f spektral sistem enerji kayb\u0131n\u0131 azaltarak t\u00fcm fiberlerde e\u015fit lazer enerjisi sa\u011flar.<\/p>\n<p>Uzaktan kaynak i\u00e7in fiber optik iletim kullan\u0131n ve otomatik \u00e7al\u0131\u015fma tezgahlar\u0131, manip\u00fclat\u00f6rler ve montaj hatlar\u0131 ile kolayca entegre olabilir, b\u00f6ylece daha d\u00fczg\u00fcn \u0131\u015f\u0131k noktalar\u0131 ve estetik a\u00e7\u0131dan ho\u015f lehim ba\u011flant\u0131lar\u0131 elde edilir.<\/p>\n<p>\u21f2 \u00c7oklu giri\u015f ve \u00e7\u0131k\u0131\u015f sinyalleri otomatik \u00fcretim ve montaj hatt\u0131 entegrasyonunu kolayla\u015ft\u0131r\u0131r.<\/p>\n<p>\u21f2 \u00c7evre dostu lehim ba\u011flant\u0131lar\u0131, ana metalle kar\u015f\u0131la\u015ft\u0131r\u0131labilir veya onu a\u015fan g\u00fc\u00e7 ve tokluk sergiler.<\/p>\n<p>\u21f2 \u00d6\u011frenmesi kolay sezgisel i\u015fletim sistemi ile basit kurulum ve \u00e7al\u0131\u015ft\u0131rma i\u00e7in kullan\u0131c\u0131 dostu dokunmatik ekran aray\u00fcz\u00fc.<\/p>\n<p>\u21f2 Farkl\u0131 kaynak projesi gereksinimlerini kar\u015f\u0131lamak i\u00e7in \u00e7e\u015fitli a\u00e7\u0131l\u0131 nozullar ve tel besleme nozullar\u0131 i\u00e7in spesifikasyonlar mevcuttur.<\/p>\n<\/div>\n<\/div>\n<\/div>\n<\/div>\n<\/div>\n<\/div>\n<div class=\"vc_row wpb_row vc_row-fluid\">\n<div class=\"wpb_column vc_column_container vc_col-sm-12\">\n<div class=\"vc_column-inner\">\n<div class=\"wpb_wrapper\">\n<div class=\"wpb_single_image wpb_content_element vc_align_left wpb_content_element\">\n<figure class=\"wpb_wrapper vc_figure\">\n<div class=\"vc_single_image-wrapper vc_box_border_grey\"><img decoding=\"async\" class=\"vc_single_image-img attachment-full\" title=\"lazer kaynak maki\u0307neleri\u0307\" src=\"https:\/\/bogonglaser.com\/wp-content\/uploads\/2024\/11\/laser-welder-machines.jpg\" sizes=\"auto, (max-width: 600px) 100vw, 600px\" srcset=\"https:\/\/bogonglaser.com\/wp-content\/uploads\/2024\/11\/laser-welder-machines.jpg 600w, https:\/\/bogonglaser.com\/wp-content\/uploads\/2024\/11\/laser-welder-machines-300x300.jpg 300w, https:\/\/bogonglaser.com\/wp-content\/uploads\/2024\/11\/laser-welder-machines-150x150.jpg 150w, https:\/\/bogonglaser.com\/wp-content\/uploads\/2024\/11\/laser-welder-machines-100x100.jpg 100w\" alt=\"lazer kaynak maki\u0307neleri\u0307\" width=\"600\" height=\"600\" \/><\/div>\n<\/figure>\n<\/div>\n<\/div>\n<\/div>\n<\/div>\n<\/div>\n<div class=\"vc_row wpb_row vc_row-fluid\">\n<div class=\"wpb_column vc_column_container vc_col-sm-12\">\n<div class=\"vc_column-inner\">\n<div class=\"wpb_wrapper\">\n<div class=\"wpb_text_column wpb_content_element\">\n<div class=\"wpb_wrapper\">\n<h3>El Tipi Lazer Kaynak Tabancas\u0131 Nedir<\/h3>\n<p>El tipi lazer kaynak tabancas\u0131, lazer jenerat\u00f6r\u00fc, kontrol\u00f6r, so\u011futma sistemi ve otomatik tel besleyiciyi tek bir cihazda birle\u015ftiren ta\u015f\u0131nabilir bir kaynak \u00e7\u00f6z\u00fcm\u00fcd\u00fcr. Bu \u00e7ok y\u00f6nl\u00fc alet, diki\u015f, \u00e7ivi, al\u0131n, bindirme, kenar, k\u0131vr\u0131m ve T kayna\u011f\u0131 gibi \u00e7e\u015fitli kaynak tekniklerini uygulayabilir ve farkl\u0131 metal ba\u011flant\u0131 t\u00fcrleri i\u00e7in m\u00fckemmeldir. Esnekli\u011fi ve kullan\u0131c\u0131 dostu tasar\u0131m\u0131, uzun mesafeli ve a\u00e7\u0131k havada kaynak yap\u0131lmas\u0131na olanak tan\u0131yarak operat\u00f6rlerin kaynak yap\u0131labilir par\u00e7alar \u00fczerinde her a\u00e7\u0131dan veya konumdan kolayca \u00e7al\u0131\u015fmas\u0131n\u0131 sa\u011flar; bu da karma\u015f\u0131k metal ba\u011flant\u0131lar\u0131n \u00fcstesinden gelmek i\u00e7in idealdir.<\/p>\n<p>Kaynak tabancas\u0131 bir tabanca g\u00f6vdesi, bir so\u011futma odas\u0131 ve bir koruyucu gaz odas\u0131 ile in\u015fa edilmi\u015ftir. Kompakt ve basit tasar\u0131m\u0131 sayesinde kullan\u0131m\u0131 ve ta\u015f\u0131nmas\u0131 kolayd\u0131r. Lazer tabancas\u0131n\u0131 so\u011futmaya yard\u0131mc\u0131 olan ve \u00e7al\u0131\u015fma alan\u0131 etraf\u0131nda koruyucu bir gaz atmosferi olu\u015fturarak tutarl\u0131 kaynak kalitesi sa\u011flayan bir so\u011futma ortam\u0131na ve koruyucu bir gaz kayna\u011f\u0131na kolayca ba\u011flayabilirsiniz.<\/p>\n<p>BOGONG, aralar\u0131ndan se\u00e7im yapabilece\u011finiz \u00e7e\u015fitli lazer kafalar\u0131 markalar\u0131 sunmaktad\u0131r; daha fazla bilgi i\u00e7in a\u015fa\u011f\u0131daki videoya g\u00f6z at\u0131n.<\/p>\n<\/div>\n<\/div>\n<\/div>\n<\/div>\n<\/div>\n<\/div>\n<div class=\"vc_row wpb_row vc_row-fluid\">\n<div class=\"wpb_column vc_column_container vc_col-sm-12\">\n<div class=\"vc_column-inner\">\n<div class=\"wpb_wrapper\">\n<div class=\"wpb_video_widget wpb_content_element vc_clearfix vc_video-aspect-ratio-169 vc_video-el-width-100 vc_video-align-left\">\n<div class=\"wpb_wrapper\">\n<div class=\"wpb_video_wrapper\">\n<p><iframe title=\"Birka\u00e7 El Tipi Fiber Lazer Kaynak Kafas\u0131 Markas\u0131 G\u00f6ster | Hangi Lazer Kaynak\u00e7\u0131 Kafas\u0131 \u0130yi?\" width=\"1290\" height=\"726\" src=\"https:\/\/www.youtube.com\/embed\/NSdcJZEIYs8?feature=oembed\" frameborder=\"0\" allow=\"accelerometer; autoplay; clipboard-write; encrypted-media; gyroscope; picture-in-picture; web-share\" referrerpolicy=\"strict-origin-when-cross-origin\" allowfullscreen><\/iframe><\/p>\n<\/div>\n<\/div>\n<\/div>\n<\/div>\n<\/div>\n<\/div>\n<\/div>\n<div class=\"vc_row wpb_row vc_row-fluid\">\n<div class=\"wpb_column vc_column_container vc_col-sm-12\">\n<div class=\"vc_column-inner\">\n<div class=\"wpb_wrapper\">\n<div class=\"wpb_text_column wpb_content_element\">\n<div class=\"wpb_wrapper\">\n<p><strong>Lazer kaynak makinesi paketi<\/strong><\/p>\n<\/div>\n<\/div>\n<div class=\"wpb_single_image wpb_content_element vc_align_left wpb_content_element\">\n<figure class=\"wpb_wrapper vc_figure\">\n<div class=\"vc_single_image-wrapper vc_box_border_grey\"><img decoding=\"async\" class=\"vc_single_image-img attachment-full\" title=\"el lazer kaynak makinesi\" src=\"https:\/\/bogonglaser.com\/wp-content\/uploads\/2024\/11\/handheld-laser-welder-machine.jpg\" sizes=\"auto, (max-width: 600px) 100vw, 600px\" srcset=\"https:\/\/bogonglaser.com\/wp-content\/uploads\/2024\/11\/handheld-laser-welder-machine.jpg 600w, https:\/\/bogonglaser.com\/wp-content\/uploads\/2024\/11\/handheld-laser-welder-machine-300x154.jpg 300w\" alt=\"el lazer kaynak makinesi\" width=\"600\" height=\"308\" \/><\/div>\n<\/figure>\n<\/div>\n<\/div>\n<\/div>\n<\/div>\n<\/div>\n<div class=\"vc_row wpb_row vc_row-fluid\">\n<div class=\"wpb_column vc_column_container vc_col-sm-12\">\n<div class=\"vc_column-inner\">\n<div class=\"wpb_wrapper\">\n<div class=\"wpb_text_column wpb_content_element\">\n<div class=\"wpb_wrapper\">\n<p>**Neden BOGONG LAZER'i Se\u00e7melisiniz**<\/p>\n<p>BOGONG famous for it\u2019s quality of laser equipment and service for aftersale service, Our machines are versatile and user-friendly, designed with all skill levels in mind. Above all, we prioritize customer satisfaction. Whether you\u2019re a seasoned expert or a beginner,\u00a0<a href=\"https:\/\/bogonglaser.com\/tr\/\">BOGONG LAZER<\/a>\u00a0her ad\u0131mda size destek olmak i\u00e7in burada. Ba\u015far\u0131n\u0131z i\u00e7in m\u00fckemmellik ve yenili\u011fin bir araya geldi\u011fi bize ve hizmetimize g\u00fcvenin.<\/p>\n<\/div>\n<\/div>\n<\/div>\n<\/div>\n<\/div>\n<\/div>","protected":false},"excerpt":{"rendered":"<p>Sat\u0131l\u0131k 2024 Ta\u015f\u0131nabilir El Tipi Lazer Kaynak Makinesini Ke\u015ffedin<\/p>\n<p>Fiber lazer kaynak tabancalar\u0131 ve 1500W, 2000W ve 3000W se\u00e7eneklerinde mevcut g\u00fc\u00e7l\u00fc bir lazer kayna\u011f\u0131 i\u00e7eren 2024'\u00fcn en iyi ta\u015f\u0131nabilir lazer kaynak makinesiyle tan\u0131\u015f\u0131n. Bu makine otomatik tel besleyici ile donat\u0131lm\u0131\u015ft\u0131r ve kenar, al\u0131n, ti\u015f\u00f6rt, k\u00f6\u015fe ve bindirme ba\u011flant\u0131lar\u0131 dahil olmak \u00fczere \u00e7e\u015fitli metal ba\u011flant\u0131lar\u0131n kayna\u011f\u0131 i\u00e7in m\u00fckemmeldir.<\/p>\n<p>Bu \u00e7ok y\u00f6nl\u00fc el tipi lazer kaynak makinesi, karbon \u00e7eli\u011fi, paslanmaz \u00e7elik, al\u00fcminyum, pirin\u00e7, bak\u0131r, demir, g\u00fcm\u00fc\u015f ve alt\u0131n gibi \u00e7ok \u00e7e\u015fitli malzemelerle levha, boru ve profil gibi formlarda sorunsuz bir \u015fekilde \u00e7al\u0131\u015fmak \u00fczere tasarlanm\u0131\u015ft\u0131r. Metal bile\u015fenleri birle\u015ftirmek i\u00e7in argon ark, MIG, TIG ve elektrikli kaynak\u00e7\u0131lar gibi geleneksel kaynak y\u00f6ntemlerinin yerini alarak ba\u015fvurulacak bir \u00e7\u00f6z\u00fcm olmaya haz\u0131rlan\u0131yor.<\/p>\n<ul class=\"tips\">\n<li>350 Tak\u0131m \/ Ay Stokta Sat\u0131\u015f Bekliyor<\/li>\n<li>T\u00fcm Makine i\u00e7in 2 Y\u0131l S\u0131n\u0131rl\u0131 Garanti<\/li>\n<li>\u00c7evrimi\u00e7i (PayPal) ve \u00c7evrimd\u0131\u015f\u0131 (T \/ T, Banka ve Kredi Kartlar\u0131)<\/li>\n<li>Son Kullan\u0131c\u0131lar ve Bayiler i\u00e7in \u00d6m\u00fcr Boyu \u00dccretsiz Teknik Destek<\/li>\n<\/ul>","protected":false},"featured_media":1855,"template":"","meta":{"_gspb_post_css":""},"product_brand":[],"product_cat":[115,95],"product_tag":[109,108,107],"class_list":{"0":"post-1828","1":"product","2":"type-product","3":"status-publish","4":"has-post-thumbnail","6":"product_cat-handheld-laser-welder","7":"product_cat-laser-welding-machine","8":"product_tag-fiber-laser-welder","9":"product_tag-handheld-laser-welder","10":"product_tag-laser-welding-machine","12":"first","13":"instock","14":"shipping-taxable","15":"product-type-simple"},"_links":{"self":[{"href":"https:\/\/bogonglaser.com\/tr\/wp-json\/wp\/v2\/product\/1828","targetHints":{"allow":["GET"]}}],"collection":[{"href":"https:\/\/bogonglaser.com\/tr\/wp-json\/wp\/v2\/product"}],"about":[{"href":"https:\/\/bogonglaser.com\/tr\/wp-json\/wp\/v2\/types\/product"}],"wp:featuredmedia":[{"embeddable":true,"href":"https:\/\/bogonglaser.com\/tr\/wp-json\/wp\/v2\/media\/1855"}],"wp:attachment":[{"href":"https:\/\/bogonglaser.com\/tr\/wp-json\/wp\/v2\/media?parent=1828"}],"wp:term":[{"taxonomy":"product_brand","embeddable":true,"href":"https:\/\/bogonglaser.com\/tr\/wp-json\/wp\/v2\/product_brand?post=1828"},{"taxonomy":"product_cat","embeddable":true,"href":"https:\/\/bogonglaser.com\/tr\/wp-json\/wp\/v2\/product_cat?post=1828"},{"taxonomy":"product_tag","embeddable":true,"href":"https:\/\/bogonglaser.com\/tr\/wp-json\/wp\/v2\/product_tag?post=1828"}],"curies":[{"name":"wp","href":"https:\/\/api.w.org\/{rel}","templated":true}]}}