{"id":1820,"date":"2024-11-14T09:28:00","date_gmt":"2024-11-14T01:28:00","guid":{"rendered":"https:\/\/bogonglaser.com\/?post_type=product&#038;p=1820"},"modified":"2025-12-10T18:20:27","modified_gmt":"2025-12-10T10:20:27","slug":"2024-popular-portable-handheld-laser-welding-machine-for-sale","status":"publish","type":"product","link":"https:\/\/bogonglaser.com\/tr\/2024-popular-portable-handheld-laser-welding-machine-for-sale\/","title":{"rendered":"2024 Sat\u0131l\u0131k Pop\u00fcler Ta\u015f\u0131nabilir El Lazer Kaynak Makinesi"},"content":{"rendered":"<div class=\"vc_row wpb_row vc_row-fluid\">\n<div class=\"wpb_column vc_column_container vc_col-sm-12\">\n<div class=\"vc_column-inner\">\n<div class=\"wpb_wrapper\">\n<div class=\"wpb_text_column wpb_content_element\">\n<div class=\"wpb_wrapper\">\n<p>Portable\u00a0handheld laser welding machines\u00a0are advanced tools designed for precise welding across various industries. These machines use a high-energy laser beam, which is transmitted through an optical fiber. The beam is then converted into parallel light using a collimating lens and focused on the weldable metal parts, generating heat to bond them together.<\/p>\n<p>Bu ta\u015f\u0131nabilir lazer kaynak makinelerinin manevra kabiliyeti ve el tipi lazer kaynak tabancas\u0131 ile kullan\u0131m\u0131 kolayd\u0131r, bu da onlar\u0131 hem i\u00e7 hem de d\u0131\u015f mekanlarda metal ba\u011flant\u0131lar\u0131 i\u00e7in uygun hale getirir. Kullan\u0131c\u0131 dostu tasar\u0131mlar\u0131 hem yeni ba\u015flayanlara hem de profesyonellere hitap eder.<\/p>\n<p>Esneklikleri, zorlu bile\u015fenlerin temass\u0131z kayna\u011f\u0131na olanak tan\u0131r. Manuel lazer \u0131\u015f\u0131n\u0131 kaynak makinesi, spektrumu zaman ve enerjiye g\u00f6re etkili bir \u015fekilde ay\u0131rabilir ve birden fazla e\u015fzamanl\u0131 kayna\u011f\u0131n olu\u015fturulmas\u0131n\u0131 sa\u011flar. Geleneksel MIG, TIG ve elektrikli kaynak\u00e7\u0131larla kar\u015f\u0131la\u015ft\u0131r\u0131ld\u0131\u011f\u0131nda, bu teknoloji kaynakta \u00fcst\u00fcn hassasiyet sa\u011flar.<\/p>\n<\/div>\n<\/div>\n<\/div>\n<\/div>\n<\/div>\n<\/div>\n<div class=\"vc_row wpb_row vc_row-fluid\">\n<div class=\"wpb_column vc_column_container vc_col-sm-12\">\n<div class=\"vc_column-inner\">\n<div class=\"wpb_wrapper\">\n<div class=\"wpb_single_image wpb_content_element vc_align_left wpb_content_element\">\n<figure class=\"wpb_wrapper vc_figure\">\n<div class=\"vc_single_image-wrapper   vc_box_border_grey\"><img decoding=\"async\" class=\"vc_single_image-img attachment-full\" title=\"LAZER KAYNAK\u00c7I\" src=\"https:\/\/bogonglaser.com\/wp-content\/uploads\/2024\/11\/LASER-WELDER.jpg\" sizes=\"auto, (max-width: 700px) 100vw, 700px\" srcset=\"https:\/\/bogonglaser.com\/wp-content\/uploads\/2024\/11\/LASER-WELDER.jpg 700w, https:\/\/bogonglaser.com\/wp-content\/uploads\/2024\/11\/LASER-WELDER-300x169.jpg 300w, https:\/\/bogonglaser.com\/wp-content\/uploads\/2024\/11\/LASER-WELDER-600x338.jpg 600w\" alt=\"LAZER KAYNAK\u00c7I\" width=\"700\" height=\"394\" \/><\/div>\n<\/figure>\n<\/div>\n<\/div>\n<\/div>\n<\/div>\n<\/div>\n<div class=\"vc_row wpb_row vc_row-fluid\">\n<div class=\"wpb_column vc_column_container vc_col-sm-12\">\n<div class=\"vc_column-inner\">\n<div class=\"wpb_wrapper\">\n<div class=\"wpb_text_column wpb_content_element\">\n<div class=\"wpb_wrapper\">\n<h2>El Tipi Lazer Kaynak\u00e7\u0131n\u0131n Avantaj\u0131:<\/h2>\n<p>\u2714 Farkl\u0131 penetrasyon derinlikleri i\u00e7in \u00e7e\u015fitli Lazer g\u00fcc\u00fc se\u00e7enekleri (1500W, 2000W, 3000W) sunar.<\/p>\n<p>\u2714 Ta\u015f\u0131nabilir ve kullan\u0131m\u0131 kolay, hem i\u00e7 hem de d\u0131\u015f mekan kaynak projeleri i\u00e7in idealdir.<\/p>\n<p>\u2714 Y\u00fcksek kaynak h\u0131zlar\u0131-2 geleneksel MMA, TIG ve MIG kaynak\u00e7\u0131lardan 10 kat daha h\u0131zl\u0131.<\/p>\n<p>Derin n\u00fcfuziyet ve minimum koniklik ile p\u00fcr\u00fczs\u00fcz ve temiz, d\u00fcz ve d\u00fczg\u00fcn kaynakl\u0131 diki\u015fler \u00fcreterek parlatma ihtiyac\u0131n\u0131 ortadan kald\u0131r\u0131r ve hem zamandan hem de maliyetten tasarruf sa\u011flar.<\/p>\n<p>\u2714 Deformasyon olmadan g\u00fc\u00e7l\u00fc metal ba\u011flant\u0131lar olu\u015fturur ve yara izini azalt\u0131r.<\/p>\n<p>\u2714 Daha d\u00fc\u015f\u00fck malzeme ve enerji t\u00fcketimi, daha uzun bir hizmet \u00f6mr\u00fcne katk\u0131da bulunur.<\/p>\n<p>\u2714 \u00c7evre dostu \u00e7al\u0131\u015fma ile kullan\u0131c\u0131 dostu ve g\u00fcvenli.<\/p>\n<\/div>\n<\/div>\n<\/div>\n<\/div>\n<\/div>\n<\/div>\n<div class=\"vc_row wpb_row vc_row-fluid\">\n<div class=\"wpb_column vc_column_container vc_col-sm-12\">\n<div class=\"vc_column-inner\">\n<div class=\"wpb_wrapper\">\n<div class=\"wpb_single_image wpb_content_element vc_align_left wpb_content_element\">\n<figure class=\"wpb_wrapper vc_figure\">\n<div class=\"vc_single_image-wrapper   vc_box_border_grey\"><img decoding=\"async\" class=\"vc_single_image-img attachment-full\" title=\"el tipi lazer temizleyici\" src=\"https:\/\/bogonglaser.com\/wp-content\/uploads\/2024\/11\/handheld-laser-cleaner.jpg\" sizes=\"auto, (max-width: 700px) 100vw, 700px\" srcset=\"https:\/\/bogonglaser.com\/wp-content\/uploads\/2024\/11\/handheld-laser-cleaner.jpg 700w, https:\/\/bogonglaser.com\/wp-content\/uploads\/2024\/11\/handheld-laser-cleaner-300x169.jpg 300w, https:\/\/bogonglaser.com\/wp-content\/uploads\/2024\/11\/handheld-laser-cleaner-600x338.jpg 600w\" alt=\"el tipi lazer temizleyici\" width=\"700\" height=\"394\" \/><\/div>\n<\/figure>\n<\/div>\n<\/div>\n<\/div>\n<\/div>\n<\/div>\n<div class=\"vc_row wpb_row vc_row-fluid\">\n<div class=\"wpb_column vc_column_container vc_col-sm-12\">\n<div class=\"vc_column-inner\">\n<div class=\"wpb_wrapper\">\n<div class=\"wpb_text_column wpb_content_element\">\n<div class=\"wpb_wrapper\">\n<h2>Ta\u015f\u0131nabilir Fiber Lazer Kaynak Makinesinin \u00d6zellikleri<\/h2>\n<p>Minimum termal etki alan\u0131 ile y\u00fcksek lazer enerjisi yo\u011funlu\u011fu sa\u011flayarak deformasyon riskini azalt\u0131r ve kapsaml\u0131 m\u00fcteakip i\u015fleme ihtiyac\u0131n\u0131 ortadan kald\u0131r\u0131r.<\/p>\n<p>Lazer jenerat\u00f6r\u00fc, g\u00fc\u00e7 paketi, end\u00fcstriyel su so\u011futucu ve kontrol \u00fcnitesini i\u00e7eren kompakt hepsi bir arada kontrol kabini - g\u00fc\u00e7l\u00fc ancak ta\u015f\u0131nmas\u0131 kolay.<\/p>\n<p>Nokta, diki\u015f, \u00e7ivi, al\u0131n, bindirme, ekleme, kenar, y\u0131\u011f\u0131n, k\u0131vr\u0131m ve tee kayna\u011f\u0131 dahil olmak \u00fczere \u00e7e\u015fitli kaynak tekniklerini destekler.<\/p>\n<p>\u21f2 Geli\u015fmi\u015f alg\u0131lama ve koruma \u00f6zellikleri, uzun s\u00fcreli istikrarl\u0131 \u00e7al\u0131\u015fma sa\u011flayarak olas\u0131 kay\u0131plar\u0131 ve g\u00fcvenlik risklerini en aza indirir.<\/p>\n<p>Temass\u0131z \u00e7al\u0131\u015fma stressiz, g\u00fcr\u00fclt\u00fcs\u00fcz ve \u00e7evre dostudur, ye\u015fil i\u015fleme standartlar\u0131yla uyumludur.<\/p>\n<p>P\u00fcr\u00fczs\u00fcz, temiz bir fini\u015fe sahip y\u00fcksek kaliteli kaynaklar \u00fcretir.<\/p>\n<p>\u0130leti\u015fim \u00f6zellikleri, t\u00fcm lazer verilerinin ger\u00e7ek zamanl\u0131 olarak izlenmesini sa\u011flar.<\/p>\n<p>\u21f2 K\u00fc\u00e7\u00fck lehim darbelerini kaynaklamak i\u00e7in \u00f6zel bir fiber ile donat\u0131lm\u0131\u015ft\u0131r.<\/p>\n<p>Y\u00fcksek kaliteli fiber lazer \u0131\u015f\u0131n\u0131, y\u00fcksek d\u00f6n\u00fc\u015f\u00fcm verimlili\u011fi sa\u011flayarak h\u0131zl\u0131 i\u015fleme h\u0131z\u0131, y\u00fcksek en-boy oran\u0131 ve g\u00fc\u00e7l\u00fc kaynaklar elde edilmesini sa\u011flar.<\/p>\n<p>\u21f2 Geli\u015fmi\u015f spektral sistem enerji kayb\u0131n\u0131 azaltarak t\u00fcm fiberlerde e\u015fit lazer enerjisi sa\u011flar.<\/p>\n<p>Uzaktan kaynak i\u00e7in fiber optik iletim kullan\u0131n ve otomatik \u00e7al\u0131\u015fma tezgahlar\u0131, manip\u00fclat\u00f6rler ve montaj hatlar\u0131 ile kolayca entegre olabilir, b\u00f6ylece daha d\u00fczg\u00fcn \u0131\u015f\u0131k noktalar\u0131 ve estetik a\u00e7\u0131dan ho\u015f lehim ba\u011flant\u0131lar\u0131 elde edilir.<\/p>\n<p>\u21f2 \u00c7oklu giri\u015f ve \u00e7\u0131k\u0131\u015f sinyalleri otomatik \u00fcretim ve montaj hatt\u0131 entegrasyonunu kolayla\u015ft\u0131r\u0131r.<\/p>\n<p>\u21f2 \u00c7evre dostu lehim ba\u011flant\u0131lar\u0131, ana metalle kar\u015f\u0131la\u015ft\u0131r\u0131labilir veya onu a\u015fan g\u00fc\u00e7 ve tokluk sergiler.<\/p>\n<p>\u21f2 \u00d6\u011frenmesi kolay sezgisel i\u015fletim sistemi ile basit kurulum ve \u00e7al\u0131\u015ft\u0131rma i\u00e7in kullan\u0131c\u0131 dostu dokunmatik ekran aray\u00fcz\u00fc.<\/p>\n<p>\u21f2 Farkl\u0131 kaynak projesi gereksinimlerini kar\u015f\u0131lamak i\u00e7in \u00e7e\u015fitli a\u00e7\u0131l\u0131 nozullar ve tel besleme nozullar\u0131 i\u00e7in spesifikasyonlar mevcuttur.<\/p>\n<\/div>\n<\/div>\n<\/div>\n<\/div>\n<\/div>\n<\/div>\n<div class=\"vc_row wpb_row vc_row-fluid\">\n<div class=\"wpb_column vc_column_container vc_col-sm-12\">\n<div class=\"vc_column-inner\">\n<div class=\"wpb_wrapper\">\n<div class=\"wpb_single_image wpb_content_element vc_align_left wpb_content_element\">\n<figure class=\"wpb_wrapper vc_figure\">\n<div class=\"vc_single_image-wrapper   vc_box_border_grey\"><img decoding=\"async\" class=\"vc_single_image-img attachment-full\" title=\"el tipi lazer kaynak\u00e7\u0131\" src=\"https:\/\/bogonglaser.com\/wp-content\/uploads\/2024\/11\/laser-welder-handheld.jpg\" sizes=\"auto, (max-width: 700px) 100vw, 700px\" srcset=\"https:\/\/bogonglaser.com\/wp-content\/uploads\/2024\/11\/laser-welder-handheld.jpg 700w, https:\/\/bogonglaser.com\/wp-content\/uploads\/2024\/11\/laser-welder-handheld-300x169.jpg 300w, https:\/\/bogonglaser.com\/wp-content\/uploads\/2024\/11\/laser-welder-handheld-600x338.jpg 600w\" alt=\"el tipi lazer kaynak\u00e7\u0131\" width=\"700\" height=\"394\" \/><\/div>\n<\/figure>\n<\/div>\n<\/div>\n<\/div>\n<\/div>\n<\/div>\n<div class=\"vc_row wpb_row vc_row-fluid\">\n<div class=\"wpb_column vc_column_container vc_col-sm-12\">\n<div class=\"vc_column-inner\">\n<div class=\"wpb_wrapper\">\n<div class=\"wpb_text_column wpb_content_element\">\n<div class=\"wpb_wrapper\">\n<h3>El Tipi Lazer Kaynak Tabancas\u0131 Nedir<\/h3>\n<p>El tipi lazer kaynak tabancas\u0131, bir lazer jenerat\u00f6r\u00fc, kontrol\u00f6r, so\u011futma sistemi ve otomatik tel besleyiciyi entegre eden ta\u015f\u0131nabilir bir kaynak\u00e7\u0131d\u0131r. Bu \u00e7ok y\u00f6nl\u00fc alet, diki\u015f, \u00e7ivi, al\u0131n, bindirme, kenar, k\u0131vr\u0131m ve T kayna\u011f\u0131 dahil olmak \u00fczere \u00e7e\u015fitli kaynak tekniklerine izin vererek \u00e7e\u015fitli metal ba\u011flant\u0131lar i\u00e7in uygun hale getirir. Esnekli\u011fi ve kullan\u0131m kolayl\u0131\u011f\u0131, uzun mesafeli ve a\u00e7\u0131k havada kaynak yap\u0131lmas\u0131na olanak tan\u0131yarak operat\u00f6rlerin kaynaklanabilir par\u00e7alar \u00fczerinde herhangi bir a\u00e7\u0131 veya konumda \u00e7al\u0131\u015fmas\u0131na olanak tan\u0131r ve bu da karma\u015f\u0131k metal ba\u011flant\u0131lar\u0131n i\u015flenmesi i\u00e7in idealdir.<\/p>\n<p>El tipi lazer kaynak tabancas\u0131n\u0131n yap\u0131s\u0131 bir tabanca g\u00f6vdesi, bir so\u011futma odas\u0131 ve bir koruyucu gaz odas\u0131 i\u00e7erir. Kompakt ve basit tasar\u0131m\u0131 sayesinde kullan\u0131m\u0131 ve ta\u015f\u0131nmas\u0131 kolayd\u0131r. Bir so\u011futma ortam\u0131na ve koruyucu bir gaz kayna\u011f\u0131na kolayca ba\u011flanabilir, lazer tabancas\u0131n\u0131 etkili bir \u015fekilde so\u011futur ve \u00e7al\u0131\u015fma alan\u0131 \u00e7evresinde koruyucu bir gaz atmosferi olu\u015fturur. Bu kurulum g\u00fcvenilir kaynak kalitesi sa\u011flar.<\/p>\n<p>BOGONG size iste\u011fe ba\u011fl\u0131 olarak birka\u00e7 marka lazer kafas\u0131 sa\u011flar, a\u015fa\u011f\u0131daki videoyu g\u00f6rebilirsiniz<\/p>\n<\/div>\n<\/div>\n<\/div>\n<\/div>\n<\/div>\n<\/div>\n<div class=\"vc_row wpb_row vc_row-fluid\">\n<div class=\"wpb_column vc_column_container vc_col-sm-12\">\n<div class=\"vc_column-inner\">\n<div class=\"wpb_wrapper\">\n<div class=\"wpb_video_widget wpb_content_element vc_clearfix   vc_video-aspect-ratio-169 vc_video-el-width-100 vc_video-align-left\">\n<div class=\"wpb_wrapper\">\n<div class=\"wpb_video_wrapper\">\n<p><iframe title=\"Birka\u00e7 El Tipi Fiber Lazer Kaynak Kafas\u0131 Markas\u0131 G\u00f6ster | Hangi Lazer Kaynak\u00e7\u0131 Kafas\u0131 \u0130yi?\" width=\"1290\" height=\"726\" src=\"https:\/\/www.youtube.com\/embed\/NSdcJZEIYs8?feature=oembed\" frameborder=\"0\" allow=\"accelerometer; autoplay; clipboard-write; encrypted-media; gyroscope; picture-in-picture; web-share\" referrerpolicy=\"strict-origin-when-cross-origin\" allowfullscreen><\/iframe><\/p>\n<\/div>\n<\/div>\n<\/div>\n<\/div>\n<\/div>\n<\/div>\n<\/div>\n<div class=\"vc_row wpb_row vc_row-fluid\">\n<div class=\"wpb_column vc_column_container vc_col-sm-12\">\n<div class=\"vc_column-inner\">\n<div class=\"wpb_wrapper\">\n<div class=\"wpb_text_column wpb_content_element\">\n<div class=\"wpb_wrapper\">\n<h2>Ta\u015f\u0131nabilir Lazer Kaynak\u00e7\u0131 Uygulamalar\u0131<\/h2>\n<p>Ta\u015f\u0131nabilir lazer kaynak makineleri paslanmaz \u00e7elik, karbon \u00e7eli\u011fi, pirin\u00e7, bak\u0131r, al\u00fcminyum, alt\u0131n, krom, g\u00fcm\u00fc\u015f, titanyum, nikel, platin, rodyum, tantal, niyobyum, tungsten, molibden ve daha fazlas\u0131 dahil olmak \u00fczere \u00e7ok \u00e7e\u015fitli metal ve ala\u015f\u0131mlar\u0131 kaynaklayabilen \u00e7ok y\u00f6nl\u00fc ara\u00e7lard\u0131r. Pirin\u00e7 ile paslanmaz \u00e7eli\u011fin, bak\u0131r ile pirincin, titanyum ile molibdenin, titanyum ile alt\u0131n\u0131n ve nikel ile bak\u0131r\u0131n kaynaklanmas\u0131 gibi farkl\u0131 malzeme kombinasyonlar\u0131n\u0131n \u00fcstesinden gelebilirler.<\/p>\n<p>Handheld\u00a0laser welding machines\u00a0find applications across various industries, from home use to large-scale manufacturing:<\/p>\n<p>Havac\u0131l\u0131k<br \/>\nMotor muhafazalar\u0131, kanat ara par\u00e7alar\u0131, g\u00f6vde kaplamalar\u0131 ve nerv\u00fcrleri, duvar panelleri ve k\u00f6r\u00fckler i\u00e7in kullan\u0131l\u0131r.<\/p>\n<p>Elektronik Aletler<br \/>\nEntegre devre u\u00e7lar\u0131n\u0131, resim t\u00fcp\u00fc elektron tabancalar\u0131n\u0131, all-tantal kapasit\u00f6rleri, h\u0131z kontrol t\u00fcplerini ve alet sa\u00e7 yaylar\u0131n\u0131 kaynak yapar.<\/p>\n<p>Makine<br \/>\nHassas yaylar, nokta vuru\u015flu yaz\u0131c\u0131 par\u00e7alar\u0131, metal ince duvarl\u0131 k\u00f6r\u00fckler, termokupllar ve elektro-hidrolik servo valfler i\u00e7in idealdir.<\/p>\n<p>\u00c7elik Metalurjisi<br \/>\nY\u00fcksek, orta ve d\u00fc\u015f\u00fck karbonlu \u00e7elik ve paslanmaz \u00e7elik dahil olmak \u00fczere 0,2 mm'den 8 mm'ye kadar kal\u0131nl\u0131klara ve 0,5 mm'den 1,8 mm'ye kadar geni\u015fliklere sahip silikon \u00e7elik saclar\u0131n kayna\u011f\u0131nda 100 cm \/ dak ile 1000 cm \/ dak aras\u0131nda de\u011fi\u015fen kaynak h\u0131zlar\u0131yla etkilidir.<\/p>\n<p>Otomotiv<br \/>\nTavanlar, g\u00f6vde panelleri, yan \u00e7er\u00e7eveler, \u015fasi, \u015fanz\u0131man bile\u015fenleri, di\u015fli tertibatlar\u0131 ve ate\u015fleme sistemi par\u00e7alar\u0131 gibi par\u00e7alar\u0131n kayna\u011f\u0131 i\u00e7in kullan\u0131l\u0131r.<\/p>\n<p>Y\u00fcksek H\u0131zl\u0131 Tren<br \/>\nTren vagon g\u00f6vdelerinin petek yap\u0131lar\u0131n\u0131n kayna\u011f\u0131 i\u00e7in etkilidir.<\/p>\n<p>Gemi \u0130n\u015faat\u0131<br \/>\nG\u00fcverteler, kabin perdeleri, duvarlar ve d\u00fcz plakal\u0131 sandvi\u00e7 elemanlar \u00fczerinde \u00e7al\u0131\u015fmak i\u00e7in kullan\u0131l\u0131r.<\/p>\n<p>T\u0131bbi<br \/>\nKalp pilleri ve bu cihazlarda kullan\u0131lan lityum-iyot pillerin \u00fcretiminde yer ald\u0131.<\/p>\n<p>G\u0131da End\u00fcstrisi<br \/>\nG\u0131da kutular\u0131n\u0131 kaynaklayarak geleneksel lehimleme ve temasl\u0131 y\u00fcksek frekansl\u0131 kaynak y\u00f6ntemlerinin yerini al\u0131r. Bu i\u015flem toksik de\u011fildir, h\u0131zl\u0131d\u0131r, malzeme a\u00e7\u0131s\u0131ndan verimlidir ve m\u00fckemmel performansa sahip estetik a\u00e7\u0131dan ho\u015f ba\u011flant\u0131lar \u00fcretir.<\/p>\n<p>Di\u011fer Uygulamalar<br \/>\nGaz t\u00fcrbinleri, \u0131s\u0131 e\u015fanj\u00f6rleri, kuru h\u00fccre \u00e7inko ve bak\u0131r muhafazalar ve n\u00fckleer reakt\u00f6rler i\u00e7in bile\u015fenler i\u00e7in kaynak i\u00e7erir.<\/p>\n<\/div>\n<\/div>\n<\/div>\n<\/div>\n<\/div>\n<\/div>\n<div class=\"vc_row wpb_row vc_row-fluid\">\n<div class=\"wpb_column vc_column_container vc_col-sm-12\">\n<div class=\"vc_column-inner\">\n<div class=\"wpb_wrapper\">\n<div class=\"wpb_text_column wpb_content_element\">\n<div class=\"wpb_wrapper\">\n<p><strong>Lazer Kaynak \u00d6rnekleri<\/strong><\/p>\n<\/div>\n<\/div>\n<div class=\"wpb_single_image wpb_content_element vc_align_left wpb_content_element\">\n<figure class=\"wpb_wrapper vc_figure\">\n<div class=\"vc_single_image-wrapper   vc_box_border_grey\"><img decoding=\"async\" class=\"vc_single_image-img attachment-full\" title=\"\u9ed1\u767d1500~2000w\u710a\u63a5\u673a\u710a\u63a5\u6837\u54c12 (1)\" src=\"https:\/\/bogonglaser.com\/wp-content\/uploads\/2024\/11\/%E9%BB%91%E7%99%BD15002000w%E7%84%8A%E6%8E%A5%E6%9C%BA%E7%84%8A%E6%8E%A5%E6%A0%B7%E5%93%812-1.png\" sizes=\"auto, (max-width: 800px) 100vw, 800px\" srcset=\"https:\/\/bogonglaser.com\/wp-content\/uploads\/2024\/11\/\u9ed1\u767d15002000w\u710a\u63a5\u673a\u710a\u63a5\u6837\u54c12-1.png 800w, https:\/\/bogonglaser.com\/wp-content\/uploads\/2024\/11\/\u9ed1\u767d15002000w\u710a\u63a5\u673a\u710a\u63a5\u6837\u54c12-1-300x225.png 300w, https:\/\/bogonglaser.com\/wp-content\/uploads\/2024\/11\/\u9ed1\u767d15002000w\u710a\u63a5\u673a\u710a\u63a5\u6837\u54c12-1-768x576.png 768w, https:\/\/bogonglaser.com\/wp-content\/uploads\/2024\/11\/\u9ed1\u767d15002000w\u710a\u63a5\u673a\u710a\u63a5\u6837\u54c12-1-600x450.png 600w\" alt=\"lazer kaynak \u00f6rnekleri\u0307\" width=\"800\" height=\"600\" \/><\/div>\n<\/figure>\n<\/div>\n<\/div>\n<\/div>\n<\/div>\n<\/div>\n<div class=\"vc_row wpb_row vc_row-fluid\">\n<div class=\"wpb_column vc_column_container vc_col-sm-12\">\n<div class=\"vc_column-inner\">\n<div class=\"wpb_wrapper\">\n<div class=\"wpb_text_column wpb_content_element\">\n<div class=\"wpb_wrapper\">\n<p>Lazer Kaynak\u00e7\u0131 vs. MMA Kaynak\u00e7\u0131 vs. MIG Kaynak\u00e7\u0131 vs. TIG Kaynak\u00e7\u0131<\/p>\n<p>MMA Kaynak\u00e7\u0131 (Manuel Metal Ark Kaynak\u00e7\u0131s\u0131):<br \/>\nMMAW veya SMAW (Korumal\u0131 Metal Ark Kaynak\u00e7\u0131s\u0131) olarak da bilinen MMA kaynak\u00e7\u0131lar\u0131 \u00e7ok fazla kaynak s\u0131\u00e7ramas\u0131 \u00fcretme e\u011filimindedir ve dolgu metali kullan\u0131m\u0131 s\u00f6z konusu oldu\u011funda d\u00fc\u015f\u00fck verimlili\u011fe sahiptir. Kaynak i\u015flemini yava\u015flatan ve genel \u00fcretim verimlili\u011fini azaltan d\u00fczenli c\u00fcruf giderme ve s\u0131k \u00e7ubuk de\u011fi\u015fimi gerektirirler. Ayr\u0131ca, bu kaynak t\u00fcr\u00fc b\u00fcy\u00fck \u00f6l\u00e7\u00fcde kaynak\u00e7\u0131n\u0131n beceri ve deneyimine dayan\u0131r.<\/p>\n<p>MIG Kaynak\u00e7\u0131 (Metal \u0130nert Gaz Kaynak\u00e7\u0131):<br \/>\nMIG kaynak\u00e7\u0131lar\u0131 y\u00fcksek tel t\u00fcketimine sahiptir ve \u00f6nemli \u00f6l\u00e7\u00fcde \u0131s\u0131 \u00fcretir, bu da ince metal levhalar\u0131n b\u00fck\u00fclmesini veya yanmas\u0131n\u0131 kolayla\u015ft\u0131r\u0131r. Orta kal\u0131nl\u0131ktaki plakalar i\u00e7in kaynak genellikle oluklar olu\u015fturmay\u0131 gerektirir ve bu da daha sonra parlat\u0131lmas\u0131 gereken p\u00fcr\u00fczl\u00fc diki\u015flere yol a\u00e7ar.<\/p>\n<p>TIG Kaynak\u00e7\u0131 (Tungsten \u0130nert Gaz Kaynak\u00e7\u0131):<br \/>\nTIG kaynak makineleri s\u0131\u011f penetrasyon \u00fcretir ve geni\u015f bir erime alan\u0131 yarat\u0131r, bu da onlar\u0131 \u00f6ncelikle ince sac metaller i\u00e7in uygun hale getirir, ancak b\u00fcy\u00fck deformasyonlara neden olabilirler. Ak\u0131m \u00e7ok y\u00fcksekse, tungsten elektrot eriyip buharla\u015fabilir ve manuel tel besleme zor ve verimsiz olabilir.<\/p>\n<p>El Tipi Lazer Kaynak\u00e7\u0131:<br \/>\nBuna kar\u015f\u0131l\u0131k, el tipi lazer kaynak makineleri \u00e7evre dostudur ve derin penetrasyon ve y\u00fcksek h\u0131zlarla temiz, p\u00fcr\u00fczs\u00fcz kaynaklar \u00fcreterek minimum deformasyona yol a\u00e7ar. Bu, takip eden ta\u015flama veya parlatma ihtiyac\u0131n\u0131 \u00f6nemli \u00f6l\u00e7\u00fcde azalt\u0131r ve y\u00fcksek vas\u0131fl\u0131 operat\u00f6rlere ihtiya\u00e7 duymadan d\u00fcz, d\u00fczg\u00fcn kaynaklar elde edilmesini sa\u011flar.<\/p>\n<p>MMA, TIG ve MIG kayna\u011f\u0131 tipik olarak deneyimli kaynak\u00e7\u0131lar ve \u00f6nemli bir e\u011fitim gerektirirken, el tipi lazer kaynak makineleri kullan\u0131c\u0131 dostu ve basittir. Yayg\u0131n olarak kullan\u0131lan parametrelerle \u00f6nceden ayarlanm\u0131\u015f olarak gelirler ve kullan\u0131c\u0131lar ayarlar\u0131 \u00f6zelle\u015ftirebilir ve tercihleri kaydedebilir, bu da yeni ba\u015flayanlar\u0131n sadece birka\u00e7 saatlik pratikten sonra ba\u015flamas\u0131n\u0131 kolayla\u015ft\u0131r\u0131r.<\/p>\n<p>H\u0131z a\u00e7\u0131s\u0131ndan, geleneksel MMA, TIG ve MIG kaynak makineleri genellikle saniyede maksimum 1 santimetre h\u0131zla \u00e7al\u0131\u015f\u0131rken, el tipi lazer kaynak makineleri saniyede 2 ila 10 santimetre h\u0131za ula\u015fabilir ve manuel ark kaynak\u00e7\u0131lar\u0131ndan 2 ila 10 kat daha fazla verimlilik sunar. Bu ta\u015f\u0131nabilir lazer kaynak makineleri karbon \u00e7eli\u011fi, paslanmaz \u00e7elik, galvanizli \u00e7elik, al\u00fcminyum ala\u015f\u0131mlar\u0131 ve pirin\u00e7 dahil olmak \u00fczere \u00e7e\u015fitli metal t\u00fcrlerini i\u015fleyebilir ve \u00e7elik i\u00e7in 8 mm'ye ve al\u00fcminyum veya pirin\u00e7 i\u00e7in 6 mm'ye kadar kaynak penetrasyon derinlikleri elde edebilir.<\/p>\n<\/div>\n<\/div>\n<\/div>\n<\/div>\n<\/div>\n<\/div>\n<div class=\"vc_row wpb_row vc_row-fluid\">\n<div class=\"wpb_column vc_column_container vc_col-sm-12\">\n<div class=\"vc_column-inner\">\n<div class=\"wpb_wrapper\">\n<div class=\"wpb_text_column wpb_content_element\">\n<div class=\"wpb_wrapper\">\n<p><strong>Lazer kaynak makinesi paketi<\/strong><\/p>\n<\/div>\n<\/div>\n<div class=\"wpb_single_image wpb_content_element vc_align_left wpb_content_element\">\n<figure class=\"wpb_wrapper vc_figure\">\n<div class=\"vc_single_image-wrapper   vc_box_border_grey\"><img decoding=\"async\" class=\"vc_single_image-img attachment-full\" title=\"lazer kaynak makinesi (1)\" src=\"https:\/\/bogonglaser.com\/wp-content\/uploads\/2024\/11\/laser-welder-machine-1.jpg\" sizes=\"auto, (max-width: 719px) 100vw, 719px\" srcset=\"https:\/\/bogonglaser.com\/wp-content\/uploads\/2024\/11\/laser-welder-machine-1.jpg 719w, https:\/\/bogonglaser.com\/wp-content\/uploads\/2024\/11\/laser-welder-machine-1-300x117.jpg 300w, https:\/\/bogonglaser.com\/wp-content\/uploads\/2024\/11\/laser-welder-machine-1-600x234.jpg 600w\" alt=\"lazer kaynak maki\u0307nesi\u0307 1\" width=\"719\" height=\"280\" \/><\/div>\n<\/figure>\n<\/div>\n<\/div>\n<\/div>\n<\/div>\n<\/div>\n<div class=\"vc_row wpb_row vc_row-fluid\">\n<div class=\"wpb_column vc_column_container vc_col-sm-12\">\n<div class=\"vc_column-inner\">\n<div class=\"wpb_wrapper\">\n<div class=\"wpb_text_column wpb_content_element\">\n<div class=\"wpb_wrapper\">\n<p>**Neden BOGONG LAZER'i Se\u00e7melisiniz**<\/p>\n<p>BOGONG famous for it\u2019s quality of laser equipment and service for aftersale service, Our machines are versatile and user-friendly, designed with all skill levels in mind. Above all, we prioritize customer satisfaction. Whether you\u2019re a seasoned expert or a beginner,\u00a0BOGONG LASER\u00a0is here to support you every step of the way. Trust us and our service, where excellence and innovation come together for your success.<\/p>\n<\/div>\n<\/div>\n<\/div>\n<\/div>\n<\/div>\n<\/div>","protected":false},"excerpt":{"rendered":"<h2>2024 Sat\u0131l\u0131k Pop\u00fcler Ta\u015f\u0131nabilir El Lazer Kaynak Makinesi<\/h2>\n<p>Fiber lazer kaynak tabancalar\u0131na sahip 2024 en iyi ta\u015f\u0131nabilir lazer kaynak makinesi, 1500W, 2000W ve 3000W se\u00e7eneklerine sahip g\u00fc\u00e7l\u00fc lazer kayna\u011f\u0131 ve kenar, al\u0131n, tee, k\u00f6\u015fe ve bindirme ba\u011flant\u0131lar\u0131 dahil olmak \u00fczere \u00e7e\u015fitli metal ba\u011flant\u0131lar\u0131n kayna\u011f\u0131 i\u00e7in otomatik bir tel besleyici ile birlikte. Bu \u00e7ok y\u00f6nl\u00fc el tipi lazer kaynak makinesi, karbon \u00e7eli\u011fi, paslanmaz \u00e7elik, al\u00fcminyum, pirin\u00e7, bak\u0131r, demir, g\u00fcm\u00fc\u015f, alt\u0131n ve daha fazlas\u0131 gibi bir dizi malzemenin levha, boru ve profil \u015feklinde kaynaklanmas\u0131 i\u00e7in uygundur. Metal bile\u015fenleri birle\u015ftirmek i\u00e7in argon ark, MIG, TIG ve elektrikli kaynak\u00e7\u0131lar gibi geleneksel kaynak y\u00f6ntemlerinin yerini alacak \u015fekilde ayarlanm\u0131\u015ft\u0131r.<\/p>\n<ul class=\"tips\">\n<li>350 Tak\u0131m \/ Ay Stokta Sat\u0131\u015f Bekliyor<\/li>\n<li>T\u00fcm Makine i\u00e7in 2 Y\u0131l S\u0131n\u0131rl\u0131 Garanti<\/li>\n<li>\u00c7evrimi\u00e7i (PayPal) ve \u00c7evrimd\u0131\u015f\u0131 (T \/ T, Banka ve Kredi Kartlar\u0131)<\/li>\n<li>Son Kullan\u0131c\u0131lar ve Bayiler i\u00e7in \u00d6m\u00fcr Boyu \u00dccretsiz Teknik Destek<\/li>\n<\/ul>","protected":false},"featured_media":1821,"template":"","meta":{"_gspb_post_css":""},"product_brand":[],"product_cat":[115,95],"product_tag":[109,108,107],"class_list":{"0":"post-1820","1":"product","2":"type-product","3":"status-publish","4":"has-post-thumbnail","6":"product_cat-handheld-laser-welder","7":"product_cat-laser-welding-machine","8":"product_tag-fiber-laser-welder","9":"product_tag-handheld-laser-welder","10":"product_tag-laser-welding-machine","12":"first","13":"instock","14":"shipping-taxable","15":"product-type-simple"},"_links":{"self":[{"href":"https:\/\/bogonglaser.com\/tr\/wp-json\/wp\/v2\/product\/1820","targetHints":{"allow":["GET"]}}],"collection":[{"href":"https:\/\/bogonglaser.com\/tr\/wp-json\/wp\/v2\/product"}],"about":[{"href":"https:\/\/bogonglaser.com\/tr\/wp-json\/wp\/v2\/types\/product"}],"wp:featuredmedia":[{"embeddable":true,"href":"https:\/\/bogonglaser.com\/tr\/wp-json\/wp\/v2\/media\/1821"}],"wp:attachment":[{"href":"https:\/\/bogonglaser.com\/tr\/wp-json\/wp\/v2\/media?parent=1820"}],"wp:term":[{"taxonomy":"product_brand","embeddable":true,"href":"https:\/\/bogonglaser.com\/tr\/wp-json\/wp\/v2\/product_brand?post=1820"},{"taxonomy":"product_cat","embeddable":true,"href":"https:\/\/bogonglaser.com\/tr\/wp-json\/wp\/v2\/product_cat?post=1820"},{"taxonomy":"product_tag","embeddable":true,"href":"https:\/\/bogonglaser.com\/tr\/wp-json\/wp\/v2\/product_tag?post=1820"}],"curies":[{"name":"wp","href":"https:\/\/api.w.org\/{rel}","templated":true}]}}