{"id":1788,"date":"2024-11-12T10:41:34","date_gmt":"2024-11-12T02:41:34","guid":{"rendered":"https:\/\/bogonglaser.com\/?post_type=product&#038;p=1788"},"modified":"2025-12-10T16:33:11","modified_gmt":"2025-12-10T08:33:11","slug":"fiber-laser-cutting-machine","status":"publish","type":"product","link":"https:\/\/bogonglaser.com\/tr\/fiber-laser-cutting-machine\/","title":{"rendered":"Fiber Lazer Kesim Makinesi"},"content":{"rendered":"<p>This popular fiber laser cutting machine with standard cutting size 1500*3000mm, Laser power options ranging from 1000W to 6000W, the BGC3015 delivers outstanding performance through its powerful laser sourced from top manufacturers like Raycus, IPG, or MAX. Its versatility allows for efficient cutting of materials including steel, titanium, aluminum, brass, copper, alloys, gold, silver, and iron, making it easy to tackle any project.<\/p>\n<p>D\u00fc\u015f\u00fck fiyat\u0131na ra\u011fmen \u00f6zelliklerinden veya kalitesinden \u00f6d\u00fcn vermez. Lazer kesim kafas\u0131 ve Tayvan\/Japon Servo Motor ile donat\u0131lm\u0131\u015f olan bu makine, hassas kesimler ve tutarl\u0131 performans sa\u011flayarak projelerinizin en y\u00fcksek standartlar\u0131 kar\u015f\u0131lamas\u0131n\u0131 garanti eder.<\/p>\n<p>BGC3015 ayr\u0131ca otomatik ya\u011f temizleme sistemi, sorunsuz \u00e7al\u0131\u015fma i\u00e7in kullan\u0131c\u0131 dostu d\u00fc\u011fmeler gibi geli\u015fmi\u015f \u00f6zelliklere sahiptir ve t\u00fcm \u00fcretim ihtiya\u00e7lar\u0131n\u0131z i\u00e7in size maksimum esneklik sa\u011flar.<\/p>\n<p>BGC3015, \u00fcretimi art\u0131rmak isteyen k\u00fc\u00e7\u00fck i\u015fletme sahipleri veya yeni metal i\u015fleme olanaklar\u0131n\u0131 ke\u015ffetmeye hevesli hobiciler i\u00e7in m\u00fckemmel bir \u00e7\u00f6z\u00fcmd\u00fcr. BOGONG LASER'\u0131n BGC3015'i ile b\u00fct\u00e7enizi sarsmadan hassas metal i\u015fleri yapabilirsiniz.<\/p>\n<div class=\"sub-header-divs\">\n<h3>Performans<\/h3>\n<\/div>\n<ul>\n<li>Lazer Ortam\u0131 - Kat\u0131 hal CW 1070nm Fiber Lazer<\/li>\n<li>Lazer G\u00fcc\u00fc - 1000W ila 6000W Fiber Kaynak Se\u00e7enekleri<\/li>\n<li>G\u00fc\u00e7 - 220v\u00a0<strong>tek fazl\u0131\/ 380V 3 Fazl\u0131<\/strong><\/li>\n<li>Konumland\u0131rma hassasiyeti - \u2264\u00b10,03 mm<\/li>\n<li>Tekrarlanabilirlik do\u011frulu\u011fu - \u2264\u00b10,02 mm<\/li>\n<\/ul>\n<div class=\"sub-header-divs\">\n<h3>Sistem<\/h3>\n<\/div>\n<ul>\n<li>S\u00fcr\u00fc\u015f Sistemi - Kapal\u0131 \u00c7evrim Servo<\/li>\n<li>So\u011futma Modu - So\u011futulmu\u015f Su<\/li>\n<\/ul>\n<p><img decoding=\"async\" class=\"size-medium wp-image-7393\" src=\"https:\/\/bogonglaser.com\/wp-content\/uploads\/2024\/11\/laser-cutting-machine-fiber-1-300x225.jpg\" alt=\"lazer kesim makinesi fiber\" width=\"300\" height=\"225\" title=\"\" srcset=\"https:\/\/bogonglaser.com\/wp-content\/uploads\/2024\/11\/laser-cutting-machine-fiber-1-300x225.jpg 300w, https:\/\/bogonglaser.com\/wp-content\/uploads\/2024\/11\/laser-cutting-machine-fiber-1-600x450.jpg 600w, https:\/\/bogonglaser.com\/wp-content\/uploads\/2024\/11\/laser-cutting-machine-fiber-1-768x576.jpg 768w, https:\/\/bogonglaser.com\/wp-content\/uploads\/2024\/11\/laser-cutting-machine-fiber-1-16x12.jpg 16w, https:\/\/bogonglaser.com\/wp-content\/uploads\/2024\/11\/laser-cutting-machine-fiber-1.jpg 800w\" sizes=\"(max-width: 300px) 100vw, 300px\" \/><\/p>\n<h4>Fiber Lazer Kesim Makinesi Nedir?<\/h4>\n<p>Fiber lazer kesim makinesi, y\u00fcksek kaliteli, y\u00fcksek h\u0131zl\u0131 ve y\u00fcksek hassasiyetli metal kesimi i\u00e7in tasarlanm\u0131\u015f geli\u015fmi\u015f bir CNC arac\u0131d\u0131r. Metal imalat\u0131yla u\u011fra\u015fan herkes i\u00e7in ideal bir ortakt\u0131r.<\/p>\n<p>Bu birinci s\u0131n\u0131f fiber lazer kesiciler, metal levhalar\u0131 ve plakalar\u0131 verimli bir \u015fekilde kesmek i\u00e7in \u00e7e\u015fitli g\u00fc\u00e7 se\u00e7enekleri (1000W, 1500W, 2000W, 3000W, 6000W) sunar. Paslanmaz \u00e7elik, karbon \u00e7eli\u011fi, elektrikli \u00e7elik, galvanizli \u00e7elik, al\u00fcminyum \u00e7inko plakalar, al\u00fcminyum, al\u00fcminyum ala\u015f\u0131mlar\u0131, titanyum ala\u015f\u0131mlar\u0131, bak\u0131r, pirin\u00e7, demir ve daha fazlas\u0131 dahil olmak \u00fczere \u00e7ok \u00e7e\u015fitli malzemeleri i\u015fleyebilir ve farkl\u0131 kal\u0131nl\u0131klara uyum sa\u011flayabilirler.<\/p>\n<p>Kullan\u0131c\u0131 dostu tasar\u0131mlar\u0131 ve g\u00fc\u00e7l\u00fc kesim yetenekleriyle bu makineler, profesyonel metal kesme ara\u00e7lar\u0131 olarak ger\u00e7ekten m\u00fckemmeldir. Lazer Metal Kesme Makineleri se\u00e7kimizi inceleyerek bu se\u00e7enekler hakk\u0131nda daha fazla bilgi edinebilirsiniz.<\/p>\n<p><iframe title=\"1530 Fiber Lazer Kesim Makinesi | Metal i\u00e7in 1000W -6000W A\u00e7\u0131k Tip Lazer Kesici\" width=\"1290\" height=\"726\" src=\"https:\/\/www.youtube.com\/embed\/yXmwSwHldWo?feature=oembed\" frameborder=\"0\" allow=\"accelerometer; autoplay; clipboard-write; encrypted-media; gyroscope; picture-in-picture; web-share\" referrerpolicy=\"strict-origin-when-cross-origin\" allowfullscreen><\/iframe><\/p>\n<p><img decoding=\"async\" class=\"size-medium wp-image-7392\" src=\"https:\/\/bogonglaser.com\/wp-content\/uploads\/2024\/11\/laser-cutting-machine-fiber-4-300x225.jpg\" alt=\"lazer kesim makinesi fiber\" width=\"300\" height=\"225\" title=\"\" srcset=\"https:\/\/bogonglaser.com\/wp-content\/uploads\/2024\/11\/laser-cutting-machine-fiber-4-300x225.jpg 300w, https:\/\/bogonglaser.com\/wp-content\/uploads\/2024\/11\/laser-cutting-machine-fiber-4-600x450.jpg 600w, https:\/\/bogonglaser.com\/wp-content\/uploads\/2024\/11\/laser-cutting-machine-fiber-4-768x576.jpg 768w, https:\/\/bogonglaser.com\/wp-content\/uploads\/2024\/11\/laser-cutting-machine-fiber-4-16x12.jpg 16w, https:\/\/bogonglaser.com\/wp-content\/uploads\/2024\/11\/laser-cutting-machine-fiber-4.jpg 800w\" sizes=\"(max-width: 300px) 100vw, 300px\" \/><\/p>\n<p><img decoding=\"async\" class=\"size-medium wp-image-7391\" src=\"https:\/\/bogonglaser.com\/wp-content\/uploads\/2024\/11\/laser-cutting-machine-fiber-3-300x225.jpg\" alt=\"lazer kesim makinesi fiber\" width=\"300\" height=\"225\" title=\"\" srcset=\"https:\/\/bogonglaser.com\/wp-content\/uploads\/2024\/11\/laser-cutting-machine-fiber-3-300x225.jpg 300w, https:\/\/bogonglaser.com\/wp-content\/uploads\/2024\/11\/laser-cutting-machine-fiber-3-600x450.jpg 600w, https:\/\/bogonglaser.com\/wp-content\/uploads\/2024\/11\/laser-cutting-machine-fiber-3-768x576.jpg 768w, https:\/\/bogonglaser.com\/wp-content\/uploads\/2024\/11\/laser-cutting-machine-fiber-3-16x12.jpg 16w, https:\/\/bogonglaser.com\/wp-content\/uploads\/2024\/11\/laser-cutting-machine-fiber-3.jpg 800w\" sizes=\"(max-width: 300px) 100vw, 300px\" \/><\/p>\n<p>&nbsp;<\/p>\n<p><img decoding=\"async\" class=\"size-medium wp-image-7390\" src=\"https:\/\/bogonglaser.com\/wp-content\/uploads\/2024\/11\/laser-cutting-machine-fiber-2-300x225.jpg\" alt=\"lazer kesim makinesi fiber\" width=\"300\" height=\"225\" title=\"\" srcset=\"https:\/\/bogonglaser.com\/wp-content\/uploads\/2024\/11\/laser-cutting-machine-fiber-2-300x225.jpg 300w, https:\/\/bogonglaser.com\/wp-content\/uploads\/2024\/11\/laser-cutting-machine-fiber-2-600x450.jpg 600w, https:\/\/bogonglaser.com\/wp-content\/uploads\/2024\/11\/laser-cutting-machine-fiber-2-768x576.jpg 768w, https:\/\/bogonglaser.com\/wp-content\/uploads\/2024\/11\/laser-cutting-machine-fiber-2-16x12.jpg 16w, https:\/\/bogonglaser.com\/wp-content\/uploads\/2024\/11\/laser-cutting-machine-fiber-2.jpg 800w\" sizes=\"(max-width: 300px) 100vw, 300px\" \/><\/p>\n<h4>Fiber Lazer Kesim Makinesi Uygulanabilir Sekt\u00f6rler<\/h4>\n<p>Mechanical and electrical equipment, sheet metal fabrication, cabinets, stainless steel products, lighting fixtures, automotive parts, glass, hardware tools, advertising signs, decorative items, and other industries<\/p>\n<p><iframe title=\"CNC F\u0130BER LAZER KES\u0130M MAK\u0130NES\u0130 NASIL \u00c7ALI\u015eIR? En \u0130yi \u00c7in Optik Fiber Lazer Kesici\" width=\"1290\" height=\"726\" src=\"https:\/\/www.youtube.com\/embed\/gToqINLwTWw?feature=oembed\" frameborder=\"0\" allow=\"accelerometer; autoplay; clipboard-write; encrypted-media; gyroscope; picture-in-picture; web-share\" referrerpolicy=\"strict-origin-when-cross-origin\" allowfullscreen><\/iframe><\/p>\n<p>BOGONG, lazer ekipmanlar\u0131n\u0131n kalitesi ve sat\u0131\u015f sonras\u0131 servis hizmeti ile \u00fcnl\u00fcd\u00fcr, Makinelerimiz \u00e7ok y\u00f6nl\u00fc ve kullan\u0131c\u0131 dostudur, t\u00fcm beceri seviyeleri g\u00f6z \u00f6n\u00fcnde bulundurularak tasarlanm\u0131\u015ft\u0131r. Her \u015feyden \u00f6nce m\u00fc\u015fteri memnuniyetini \u00f6n planda tutuyoruz. \u0130ster deneyimli bir uzman ister yeni ba\u015flayan biri olun, <a href=\"https:\/\/bogonglaser.com\/tr\/\">BOGONG LAZER<\/a> her ad\u0131mda size destek olmak i\u00e7in burada. Ba\u015far\u0131n\u0131z i\u00e7in m\u00fckemmellik ve yenili\u011fin bir araya geldi\u011fi bize ve hizmetimize g\u00fcvenin.<\/p>\n<p><img decoding=\"async\" class=\"size-medium wp-image-7376\" src=\"https:\/\/bogonglaser.com\/wp-content\/uploads\/2024\/11\/fiber-laser-cutting-machine-sealed-1-1-300x225.jpg\" alt=\"fiber lazer kesim makinesi m\u00fch\u00fcrl\u00fc\" width=\"300\" height=\"225\" title=\"\" srcset=\"https:\/\/bogonglaser.com\/wp-content\/uploads\/2024\/11\/fiber-laser-cutting-machine-sealed-1-1-300x225.jpg 300w, https:\/\/bogonglaser.com\/wp-content\/uploads\/2024\/11\/fiber-laser-cutting-machine-sealed-1-1-600x450.jpg 600w, https:\/\/bogonglaser.com\/wp-content\/uploads\/2024\/11\/fiber-laser-cutting-machine-sealed-1-1-768x576.jpg 768w, https:\/\/bogonglaser.com\/wp-content\/uploads\/2024\/11\/fiber-laser-cutting-machine-sealed-1-1-16x12.jpg 16w, https:\/\/bogonglaser.com\/wp-content\/uploads\/2024\/11\/fiber-laser-cutting-machine-sealed-1-1.jpg 800w\" sizes=\"(max-width: 300px) 100vw, 300px\" \/><\/p>","protected":false},"excerpt":{"rendered":"<h3>Sat\u0131l\u0131k En Pop\u00fcler Fiber Lazer Metal Kesici<\/h3>\n<p>2024 \u00fcst s\u0131n\u0131f fiber lazer kesim makinesi \u00e7elik, titanyum, al\u00fcminyum, pirin\u00e7, bak\u0131r, ala\u015f\u0131mlar, alt\u0131n, g\u00fcm\u00fc\u015f ve demir gibi malzemeleri kesebilir. 1000W, 1500W, 2000W, 3000W ve 6000W g\u00fc\u00e7 se\u00e7enekleri sunar. \u015eu anda, bu uygun maliyetli fiber lazer kesici, \u00fcst\u00fcn bir lazer metal kesme sistemi i\u00e7in profesyonel servis ve destek ile birlikte cazip bir fiyata mevcuttur.<\/p>\n<ul class=\"tips\">\n<li>200 Tak\u0131m \/ Ay Stokta Sat\u0131\u015f Bekliyor<\/li>\n<li>T\u00fcm Makine i\u00e7in 2 Y\u0131l S\u0131n\u0131rl\u0131 Garanti<\/li>\n<li>\u00c7evrimi\u00e7i (PayPal) ve \u00c7evrimd\u0131\u015f\u0131 (T \/ T, Banka ve Kredi Kartlar\u0131)<\/li>\n<li>Son Kullan\u0131c\u0131lar ve Bayiler i\u00e7in \u00d6m\u00fcr Boyu \u00dccretsiz Teknik Destek<\/li>\n<\/ul>","protected":false},"featured_media":5174,"template":"","meta":{"_gspb_post_css":""},"product_brand":[],"product_cat":[117,92,118],"product_tag":[105,106],"class_list":{"0":"post-1788","1":"product","2":"type-product","3":"status-publish","4":"has-post-thumbnail","6":"product_cat-fiber-laser-cutting-machine","7":"product_cat-laser-cutting-machine","8":"product_cat-laser-metal-cutting-machine","9":"product_tag-fiber-laser-cutting-machine","10":"product_tag-laser-cutting-machine","12":"first","13":"instock","14":"shipping-taxable","15":"product-type-simple"},"_links":{"self":[{"href":"https:\/\/bogonglaser.com\/tr\/wp-json\/wp\/v2\/product\/1788","targetHints":{"allow":["GET"]}}],"collection":[{"href":"https:\/\/bogonglaser.com\/tr\/wp-json\/wp\/v2\/product"}],"about":[{"href":"https:\/\/bogonglaser.com\/tr\/wp-json\/wp\/v2\/types\/product"}],"wp:featuredmedia":[{"embeddable":true,"href":"https:\/\/bogonglaser.com\/tr\/wp-json\/wp\/v2\/media\/5174"}],"wp:attachment":[{"href":"https:\/\/bogonglaser.com\/tr\/wp-json\/wp\/v2\/media?parent=1788"}],"wp:term":[{"taxonomy":"product_brand","embeddable":true,"href":"https:\/\/bogonglaser.com\/tr\/wp-json\/wp\/v2\/product_brand?post=1788"},{"taxonomy":"product_cat","embeddable":true,"href":"https:\/\/bogonglaser.com\/tr\/wp-json\/wp\/v2\/product_cat?post=1788"},{"taxonomy":"product_tag","embeddable":true,"href":"https:\/\/bogonglaser.com\/tr\/wp-json\/wp\/v2\/product_tag?post=1788"}],"curies":[{"name":"wp","href":"https:\/\/api.w.org\/{rel}","templated":true}]}}