{"id":1784,"date":"2024-11-11T16:28:51","date_gmt":"2024-11-11T08:28:51","guid":{"rendered":"https:\/\/bogonglaser.com\/?post_type=product&#038;p=1784"},"modified":"2025-12-10T17:17:38","modified_gmt":"2025-12-10T09:17:38","slug":"co2-laser-marking-machine","status":"publish","type":"product","link":"https:\/\/bogonglaser.com\/tr\/co2-laser-marking-machine\/","title":{"rendered":"CO2 Lazer \u0130\u015faretleme Makinesi"},"content":{"rendered":"<h2>CO2 Lazer nedir?<\/h2>\n<p>CO2 lazerler, elektrik de\u015farj\u0131 i\u00e7in elektrotlarla donat\u0131lm\u0131\u015f bir t\u00fcp i\u00e7inde bulunan CO2 gaz\u0131n\u0131 ortam olarak kullan\u0131r. Bir elektrik bo\u015falmas\u0131 meydana geldi\u011finde, gazda plazma olu\u015fturur ve ortaya \u00e7\u0131kan \u0131\u015f\u0131k, toplam yans\u0131t\u0131c\u0131 bir ayna ile bir \u00e7\u0131k\u0131\u015f kupl\u00f6r\u00fc aras\u0131nda sekerken y\u00fckseltilir. Bu g\u00fc\u00e7lendirilmi\u015f \u0131\u015f\u0131k daha sonra lazer olarak yay\u0131l\u0131r.<\/p>\n<p>CO2 lazer i\u015faretleyiciler, geleneksel fiber lazerlerden 10 kat daha uzun bir dalga boyuna sahiptir. \u00d6zellikle plastik, ka\u011f\u0131t, re\u00e7ine, ah\u015fap, kau\u00e7uk gibi malzemelerin ve hatta cam ve PET gibi \u015feffaf maddelerin markalanmas\u0131nda etkilidirler.<\/p>\n<figure id=\"attachment_7450\" aria-describedby=\"caption-attachment-7450\" style=\"width: 300px\" class=\"wp-caption alignnone\"><img decoding=\"async\" class=\"size-medium wp-image-7450\" src=\"https:\/\/bogonglaser.com\/wp-content\/uploads\/2024\/11\/CO2-Laser-marking-machine-1-300x225.jpg\" alt=\"CO2 Lazer markalama makinesi\" width=\"300\" height=\"225\" title=\"\" srcset=\"https:\/\/bogonglaser.com\/wp-content\/uploads\/2024\/11\/CO2-Laser-marking-machine-1-300x225.jpg 300w, https:\/\/bogonglaser.com\/wp-content\/uploads\/2024\/11\/CO2-Laser-marking-machine-1-600x450.jpg 600w, https:\/\/bogonglaser.com\/wp-content\/uploads\/2024\/11\/CO2-Laser-marking-machine-1-768x576.jpg 768w, https:\/\/bogonglaser.com\/wp-content\/uploads\/2024\/11\/CO2-Laser-marking-machine-1-16x12.jpg 16w, https:\/\/bogonglaser.com\/wp-content\/uploads\/2024\/11\/CO2-Laser-marking-machine-1.jpg 800w\" sizes=\"(max-width: 300px) 100vw, 300px\" \/><figcaption id=\"caption-attachment-7450\" class=\"wp-caption-text\">CO2 Lazer markalama makinesi<\/figcaption><\/figure>\n<p><iframe title=\"CO2 Lazer Markalama Makinesi ne yapabilir?\" width=\"1290\" height=\"726\" src=\"https:\/\/www.youtube.com\/embed\/RFstd3JMNEw?feature=oembed\" frameborder=\"0\" allow=\"accelerometer; autoplay; clipboard-write; encrypted-media; gyroscope; picture-in-picture; web-share\" referrerpolicy=\"strict-origin-when-cross-origin\" allowfullscreen><\/iframe><\/p>\n<p>CO2 Lazer Markalama Makinesi: Markalama Uygulamalar\u0131<\/p>\n<p><a href=\"https:\/\/bogonglaser.com\/tr\/laser-marking-machine\/co2-laser-marking-machine\/\">CO2 lazer markalama makineleri<\/a> \u00e7ok \u00e7e\u015fitli metalik olmayan malzemeleri i\u015faretleme yetene\u011fine sahiptir. Buna bambu, ah\u015fap, ka\u011f\u0131t, ABS, PVC, epoksi re\u00e7ine, akrilik, deri, cam, seramik karolar ve kau\u00e7uk gibi malzemeler dahildir. \u0130la\u00e7 ambalaj\u0131, g\u0131da ambalaj\u0131, i\u00e7ecek ambalaj\u0131, plastik, tekstil, deri, ah\u015fap el sanatlar\u0131, elektronik, ileti\u015fim, saat, g\u00f6zl\u00fck, bask\u0131 ve daha fazlas\u0131 dahil olmak \u00fczere \u00e7e\u015fitli end\u00fcstrilerde uygulama.<\/p>\n<figure id=\"attachment_7451\" aria-describedby=\"caption-attachment-7451\" style=\"width: 300px\" class=\"wp-caption alignnone\"><img decoding=\"async\" class=\"size-medium wp-image-7451\" src=\"https:\/\/bogonglaser.com\/wp-content\/uploads\/2024\/11\/CO2-Laser-marking-machine-300x225.png\" alt=\"CO2 Lazer markalama makinesi\" width=\"300\" height=\"225\" title=\"\" srcset=\"https:\/\/bogonglaser.com\/wp-content\/uploads\/2024\/11\/CO2-Laser-marking-machine-300x225.png 300w, https:\/\/bogonglaser.com\/wp-content\/uploads\/2024\/11\/CO2-Laser-marking-machine-600x450.png 600w, https:\/\/bogonglaser.com\/wp-content\/uploads\/2024\/11\/CO2-Laser-marking-machine-768x576.png 768w, https:\/\/bogonglaser.com\/wp-content\/uploads\/2024\/11\/CO2-Laser-marking-machine-16x12.png 16w, https:\/\/bogonglaser.com\/wp-content\/uploads\/2024\/11\/CO2-Laser-marking-machine.png 800w\" sizes=\"(max-width: 300px) 100vw, 300px\" \/><figcaption id=\"caption-attachment-7451\" class=\"wp-caption-text\">CO2 Lazer markalama makinesi<\/figcaption><\/figure>\n<h2>Sizin i\u00e7in ne yapabiliriz?<\/h2>\n<ul>\n<li><span class=\"magic-19\"><b class=\"magic-19\"><span class=\"magic-18\">\u00dccretsiz test \u00f6rnekleri -<\/span><\/b><span class=\"magic-20\" data-spm-anchor-id=\"a2700.details.0.i41.41d82402R4aegi\">\u00dcr\u00fcn malzemenize g\u00f6re \u00fccretsiz markalama efekti testleri ger\u00e7ekle\u015ftirebiliriz<\/span><\/span><\/li>\n<li><span class=\"magic-19\"><b class=\"magic-19\"><span class=\"magic-18\">Video Canl\u0131-<\/span><\/b><span class=\"magic-20\">Makinenin \u00fcretim s\u00fcrecini ve \u00e7al\u0131\u015fmas\u0131n\u0131 \u00e7evrimi\u00e7i videoda izlemek i\u00e7in sat\u0131\u015f dan\u0131\u015fmanlar\u0131m\u0131zla ba\u011flant\u0131 kurabilirsiniz.<\/span><\/span><\/li>\n<li><span class=\"magic-19\"><b class=\"magic-19\"><span class=\"magic-18\">\u00d6zelle\u015ftirilmi\u015f \/OEM-<\/span><\/b><span class=\"magic-20\" data-spm-anchor-id=\"a2700.details.0.i40.41d82402R4aegi\">\u0130stek \u00fczerine \u00f6zelle\u015ftirilmi\u015f makineler \uff0c Bize ula\u015f\u0131n<\/span><\/span><\/li>\n<\/ul>\n<p>&nbsp;<\/p>\n<h3>CO2 Lazer Markalama Makinesi i\u00e7in hangi Par\u00e7alar\u0131 se\u00e7mem gerekiyor<\/h3>\n<ul>\n<li>D\u00f6ner Cihaz: 50D 65D 80D gibi farkl\u0131 stil ve kelep\u00e7e \u00e7ap\u0131na sahip birka\u00e7 d\u00f6ner cihaz vard\u0131r<\/li>\n<\/ul>\n<p>CO2 Lazer \u0130\u015faretleme Makinesi i\u00e7in \u00d6deme Ko\u015fullar\u0131<\/p>\n<p>1. Depozito ve Bakiye: Sevkiyattan \u00f6nce \u00f6denmesi gereken bakiye ile \u00f6nceden bir 30% T \/ T depozitosu gereklidir.<\/p>\n<p>2. Alibaba Ticaret G\u00fcvencesi: \u00d6demeler Alibaba Ticaret G\u00fcvencesi arac\u0131l\u0131\u011f\u0131yla ger\u00e7ekle\u015ftirilebilir.<\/p>\n<p>CO2 Lazer Markalama Makinesi i\u00e7in SSS<\/p>\n<p>Ambalaj i\u00e7in Ambalaj Nedir? <a href=\"https:\/\/bogonglaser.com\/tr\/laser-marking-machine\/co2-laser-marking-machine\/\">CO2 Lazer \u0130\u015faretleme Makinesi<\/a>?<br \/>\nMakinelerimiz \u00fc\u00e7 katmanl\u0131 bir d\u00fczende paketlenir. D\u0131\u015f katman ah\u015fap bir kasadan olu\u015fur, orta katmanda sars\u0131nt\u0131ya kar\u015f\u0131 koruma sa\u011flamak i\u00e7in k\u00f6p\u00fck dolgu bulunur ve i\u00e7 katman su ge\u00e7irmezlik i\u00e7in kal\u0131n bir plastik torba i\u00e7erir.<\/p>\n<p>Paket Ta\u015f\u0131ma S\u0131ras\u0131nda Zarar G\u00f6recek mi?<br \/>\nWe meticulously design our packaging to address all potential damage factors, and our shipping agents are experienced in safe transportation. We have successfully exported to 180 countries, so you can rest assured that your parcel will arrive in excellent condition<\/p>\n<p>M\u00fc\u015fterilerin \u00e7o\u011fu UPS \/ DHL express ile ta\u015f\u0131may\u0131 se\u00e7meyi sever, var\u0131\u015f noktas\u0131na yakla\u015f\u0131k 5-7 g\u00fcn ula\u015fabilir, ileti\u015fime ge\u00e7in <a href=\"https:\/\/bogonglaser.com\/tr\/\">BOGONG Lazer<\/a> g\u00fcm\u00fc\u015f pirin\u00e7 alt\u0131n bak\u0131r i\u00e7in fiber lazer metal grav\u00fcr makinesi hakk\u0131nda daha fazla ayr\u0131nt\u0131 almak i\u00e7in.<\/p>","protected":false},"excerpt":{"rendered":"<h2>CO2 Lazer \u0130\u015faretleme Makinesi<\/h2>\n<p>CO\u2082 lazer kaz\u0131y\u0131c\u0131lar, lazer ortam\u0131 olarak CO\u2082 gaz\u0131 kulland\u0131klar\u0131 i\u00e7in adland\u0131r\u0131lm\u0131\u015ft\u0131r. \u0130\u015flem, bir t\u00fcp i\u00e7indeki CO\u2082 gaz\u0131ndan plazma \u00fcretilmesini i\u00e7erir. Bu \u0131\u015f\u0131k daha sonra bir lazer \u0131\u015f\u0131n\u0131 olarak serbest b\u0131rak\u0131lmadan \u00f6nce yans\u0131t\u0131c\u0131 bir ayna ve bir \u00e7\u0131k\u0131\u015f kupl\u00f6r\u00fc aras\u0131nda y\u00fckseltilir. Lazerin dalga boyu 10600 nm'dir ve bu da onu y\u00fcksek oranda \u0131s\u0131ya ba\u011f\u0131ml\u0131 hale getirir. CO\u2082 lazerler \u00f6zellikle malzeme kald\u0131rma ve karton, plastik, cam ve ah\u015fap gibi organik malzemelerin i\u015faretlenmesi i\u00e7in etkilidir.<\/p>\n<ul class=\"tips\">\n<li>350 Tak\u0131m \/ Ay Stokta Sat\u0131\u015f Bekliyor<\/li>\n<li>T\u00fcm Makine i\u00e7in 2 Y\u0131l S\u0131n\u0131rl\u0131 Garanti<\/li>\n<li>3-5 g\u00fcn lazer makinesi haz\u0131rlama, 3-7 g\u00fcn nakliye.<\/li>\n<li>\u00c7evrimi\u00e7i (PayPal) ve \u00c7evrimd\u0131\u015f\u0131 (T \/ T, Banka ve Kredi Kartlar\u0131)<\/li>\n<\/ul>","protected":false},"featured_media":1800,"template":"","meta":{"_gspb_post_css":""},"product_brand":[],"product_cat":[98,93,96],"product_tag":[102],"class_list":{"0":"post-1784","1":"product","2":"type-product","3":"status-publish","4":"has-post-thumbnail","6":"product_cat-co2-laser-marker","7":"product_cat-laser-engraving-machine","8":"product_cat-laser-marking-machine","9":"product_tag-laser-marking-machine","11":"first","12":"instock","13":"shipping-taxable","14":"product-type-simple"},"_links":{"self":[{"href":"https:\/\/bogonglaser.com\/tr\/wp-json\/wp\/v2\/product\/1784","targetHints":{"allow":["GET"]}}],"collection":[{"href":"https:\/\/bogonglaser.com\/tr\/wp-json\/wp\/v2\/product"}],"about":[{"href":"https:\/\/bogonglaser.com\/tr\/wp-json\/wp\/v2\/types\/product"}],"wp:featuredmedia":[{"embeddable":true,"href":"https:\/\/bogonglaser.com\/tr\/wp-json\/wp\/v2\/media\/1800"}],"wp:attachment":[{"href":"https:\/\/bogonglaser.com\/tr\/wp-json\/wp\/v2\/media?parent=1784"}],"wp:term":[{"taxonomy":"product_brand","embeddable":true,"href":"https:\/\/bogonglaser.com\/tr\/wp-json\/wp\/v2\/product_brand?post=1784"},{"taxonomy":"product_cat","embeddable":true,"href":"https:\/\/bogonglaser.com\/tr\/wp-json\/wp\/v2\/product_cat?post=1784"},{"taxonomy":"product_tag","embeddable":true,"href":"https:\/\/bogonglaser.com\/tr\/wp-json\/wp\/v2\/product_tag?post=1784"}],"curies":[{"name":"wp","href":"https:\/\/api.w.org\/{rel}","templated":true}]}}