{"id":1780,"date":"2024-11-11T14:52:48","date_gmt":"2024-11-11T06:52:48","guid":{"rendered":"https:\/\/bogonglaser.com\/?post_type=product&#038;p=1780"},"modified":"2025-12-10T17:40:40","modified_gmt":"2025-12-10T09:40:40","slug":"1000w-pulse-laser-cleaning-machine-%e5%a4%8d%e5%88%b6","status":"publish","type":"product","link":"https:\/\/bogonglaser.com\/tr\/1000w-pulse-laser-cleaning-machine-%e5%a4%8d%e5%88%b6\/","title":{"rendered":"1000W Darbeli Lazer Temizleme Makinesi"},"content":{"rendered":"<div class=\"Content-module__content___jmKA6 _content_dc5hu_45\">\n<div class=\"react-scroll-to-bottom--css-kubvu-79elbk _chat-scroller_g10pz_99\">\n<div class=\"react-scroll-to-bottom--css-kubvu-1n7m0yu _chat-scroller__scroll_g10pz_102\">\n<div class=\"_message-list_g10pz_92\">\n<div class=\"_container_g10pz_1\">\n<div class=\"_container__content_g10pz_14\">\n<div class=\"_container__message_g10pz_41 _container__message--assistant_g10pz_61\">\n<div class=\"_message_g10pz_27\">\n<div class=\"_message__content_g10pz_53\">\n<div class=\"MessageContent-module__message-content___Am59P MessageContent-module__message-content--markdown___oLH9Y\">\n<h2>1000W Pulse Lazer Temizleme Makinesinin Avantajlar\u0131?<\/h2>\n<p>Darbeli lazer temizleme teknolojisi, y\u00fczeyleri temizlemek i\u00e7in 1000W'l\u0131k g\u00fc\u00e7l\u00fc bir darbeli lazer kullan\u0131r, h\u0131zla y\u00fcksek s\u0131cakl\u0131klar ve termal genle\u015fme \u00fcreterek kirleticilerin giderilmesine yard\u0131mc\u0131 olur. Bu y\u00f6ntem son derece verimli ve naziktir, temizlenen malzemelerin y\u00fczeylerine zarar vermemesini sa\u011flayarak \u00e7e\u015fitli uygulamalar i\u00e7in m\u00fckemmeldir.<\/p>\n<\/div>\n<\/div>\n<\/div>\n<\/div>\n<\/div>\n<\/div>\n<\/div>\n<\/div>\n<\/div>\n<\/div>\n<figure id=\"attachment_7479\" aria-describedby=\"caption-attachment-7479\" style=\"width: 300px\" class=\"wp-caption alignnone\"><img decoding=\"async\" class=\"size-medium wp-image-7479\" src=\"https:\/\/bogonglaser.com\/wp-content\/uploads\/2024\/11\/500w-laser-cleaning-machine-1-300x233.jpg\" alt=\"500w lazer temizleme makinesi\" width=\"300\" height=\"233\" title=\"\" srcset=\"https:\/\/bogonglaser.com\/wp-content\/uploads\/2024\/11\/500w-laser-cleaning-machine-1-300x233.jpg 300w, https:\/\/bogonglaser.com\/wp-content\/uploads\/2024\/11\/500w-laser-cleaning-machine-1-15x12.jpg 15w, https:\/\/bogonglaser.com\/wp-content\/uploads\/2024\/11\/500w-laser-cleaning-machine-1.jpg 502w\" sizes=\"(max-width: 300px) 100vw, 300px\" \/><figcaption id=\"caption-attachment-7479\" class=\"wp-caption-text\">500w lazer temizleme makinesi<\/figcaption><\/figure>\n<div class=\"Content-module__content___jmKA6 _content_dc5hu_45\">\n<div class=\"react-scroll-to-bottom--css-kubvu-79elbk _chat-scroller_g10pz_99\">\n<div class=\"react-scroll-to-bottom--css-kubvu-1n7m0yu _chat-scroller__scroll_g10pz_102\">\n<div class=\"_message-list_g10pz_92\">\n<div class=\"_container_g10pz_1\">\n<div class=\"_container__content_g10pz_14\">\n<div class=\"_container__message_g10pz_41 _container__message--assistant_g10pz_61\">\n<div class=\"_message_g10pz_27\">\n<div class=\"_message__content_g10pz_53\">\n<div class=\"MessageContent-module__message-content___Am59P MessageContent-module__message-content--markdown___oLH9Y\">\n<p>Ana \u00f6zellik a\u015fa\u011f\u0131daki gibidir:<\/p>\n<\/div>\n<\/div>\n<\/div>\n<\/div>\n<\/div>\n<\/div>\n<\/div>\n<\/div>\n<\/div>\n<\/div>\n<ul>\n<li>Lazer Tipi: MOPA Lazer<br \/>\nLazer G\u00fcc\u00fc: 1000W<br \/>\n\u00c7\u0131k\u0131\u015f Aral\u0131\u011f\u0131 (Ayarlanabilirse): 0-100%<br \/>\nNab\u0131z Olu\u015fumu: MOPA (Kalite Fakt\u00f6r\u00fc)<br \/>\nLazer Jenerat\u00f6r\u00fc: JPT<br \/>\nFiber Uzunlu\u011fu: 5m<br \/>\nSo\u011futma Tipi: Su So\u011futma, BOGONG ayr\u0131ca size hava so\u011futmal\u0131 lazer makinesi sa\u011flar, a\u015fa\u011f\u0131daki makalede bulabilirsiniz<br \/>\nSat\u0131\u015f Sonras\u0131: 2 Y\u0131l<\/li>\n<\/ul>\n<figure id=\"attachment_7483\" aria-describedby=\"caption-attachment-7483\" style=\"width: 300px\" class=\"wp-caption alignnone\"><img decoding=\"async\" class=\"size-medium wp-image-7483\" src=\"https:\/\/bogonglaser.com\/wp-content\/uploads\/2024\/11\/500w-pulse-laser-cleaning-machine-1-300x181.jpg\" alt=\"500w darbeli lazer temizleme makinesi\" width=\"300\" height=\"181\" title=\"\" srcset=\"https:\/\/bogonglaser.com\/wp-content\/uploads\/2024\/11\/500w-pulse-laser-cleaning-machine-1-300x181.jpg 300w, https:\/\/bogonglaser.com\/wp-content\/uploads\/2024\/11\/500w-pulse-laser-cleaning-machine-1-600x362.jpg 600w, https:\/\/bogonglaser.com\/wp-content\/uploads\/2024\/11\/500w-pulse-laser-cleaning-machine-1-18x12.jpg 18w, https:\/\/bogonglaser.com\/wp-content\/uploads\/2024\/11\/500w-pulse-laser-cleaning-machine-1.jpg 732w\" sizes=\"(max-width: 300px) 100vw, 300px\" \/><figcaption id=\"caption-attachment-7483\" class=\"wp-caption-text\">500w darbeli lazer temizleme makinesi<\/figcaption><\/figure>\n<div class=\"Content-module__content___jmKA6 _content_dc5hu_45\">\n<div class=\"react-scroll-to-bottom--css-kubvu-79elbk _chat-scroller_g10pz_99\">\n<div class=\"react-scroll-to-bottom--css-kubvu-1n7m0yu _chat-scroller__scroll_g10pz_102\">\n<div class=\"_message-list_g10pz_92\">\n<div class=\"_container_g10pz_1\">\n<div class=\"_container__content_g10pz_14\">\n<div class=\"_container__message_g10pz_41 _container__message--assistant_g10pz_61\">\n<div class=\"_message_g10pz_27\">\n<div class=\"_message__content_g10pz_53\">\n<div class=\"MessageContent-module__message-content___Am59P MessageContent-module__message-content--markdown___oLH9Y\">\n<div class=\"container section-title-container\">\n<p><iframe title=\"G\u00fc\u00e7l\u00fc 1000W Darbeli Lazer Temizleyici | En \u0130yi 1kw Lazer Temizleme Makinesi\" width=\"1290\" height=\"726\" src=\"https:\/\/www.youtube.com\/embed\/KfdLMoQN_kg?feature=oembed\" frameborder=\"0\" allow=\"accelerometer; autoplay; clipboard-write; encrypted-media; gyroscope; picture-in-picture; web-share\" referrerpolicy=\"strict-origin-when-cross-origin\" allowfullscreen><\/iframe><\/p>\n<h2 class=\"section-title section-title-normal\"><span class=\"section-title-main\">9 Lazer E\u011fme Makinesinin Temizleme Modlar\u0131<\/span><\/h2>\n<\/div>\n<p>BOGONG darbeli lazer temizleme makinesinin \u00e7al\u0131\u015fma aray\u00fcz\u00fc 9 temizleme modu sunar:<\/p>\n<ol>\n<li>D\u00fcz \u00c7izgi Modu<\/li>\n<li>Dikd\u00f6rtgen Mod 1<\/li>\n<li>Dikd\u00f6rtgen Mod 2<\/li>\n<li>Dairesel Mod<\/li>\n<li>Sin\u00fczoidal Mod<\/li>\n<li>Spiral Mod<\/li>\n<li>Serbest Mod<\/li>\n<li>Halka Modu<\/li>\n<li>D\u00f6nd\u00fcrme Modu<\/li>\n<\/ol>\n<div id=\"image_1635238231\" class=\"img has-hover x md-x lg-x y md-y lg-y\">\n<div class=\"Content-module__content___jmKA6 _content_dc5hu_45\">\n<div class=\"react-scroll-to-bottom--css-kubvu-79elbk _chat-scroller_g10pz_99\">\n<div class=\"react-scroll-to-bottom--css-kubvu-1n7m0yu _chat-scroller__scroll_g10pz_102\">\n<div class=\"_message-list_g10pz_92\">\n<div class=\"_container_g10pz_1\">\n<div class=\"_container__content_g10pz_14\">\n<div class=\"_container__message_g10pz_41 _container__message--assistant_g10pz_61\">\n<div class=\"_message_g10pz_27\">\n<div class=\"_message__content_g10pz_53\">\n<div class=\"MessageContent-module__message-content___Am59P MessageContent-module__message-content--markdown___oLH9Y\">\n<p>Bu modlar\u0131 aray\u00fczdeki \"Tarama Modu\" se\u00e7ene\u011fi ile de\u011fi\u015ftirebilirsiniz.<\/p>\n<p>Baz\u0131 temizlik modlar\u0131 daha naziktir ve hassas bir dokunu\u015f gerektiren malzemeler \u00fczerinde iyi \u00e7al\u0131\u015f\u0131r, makinemiz temizlik sonras\u0131 izleri en aza indirmenize veya tamamen ortadan kald\u0131rman\u0131za yard\u0131mc\u0131 olabilir. \u00d6te yandan, inat\u00e7\u0131 kir veya kaplamalarla m\u00fccadele etmek i\u00e7in m\u00fckemmel olan daha g\u00fc\u00e7l\u00fc modlar da vard\u0131r.<\/p>\n<p>Do\u011fru temizleme modunu se\u00e7mek, y\u00fczeylerinizin harika g\u00f6r\u00fcnmesini ve kalitesini korumas\u0131n\u0131 sa\u011flaman\u0131n anahtar\u0131d\u0131r. Bu \u00f6zellikle otomotiv \u00fcretimi, havac\u0131l\u0131k ve elektronik gibi end\u00fcstrilerde \u00f6nemlidir. BOGONG size boya, pas, ya\u011f vb. temizleme parametreleri sa\u011flar. Bunlar yeni ba\u015flayanlar i\u00e7in harikad\u0131r.<\/p>\n<\/div>\n<\/div>\n<\/div>\n<\/div>\n<\/div>\n<\/div>\n<\/div>\n<\/div>\n<\/div>\n<\/div>\n<div class=\"_message-box_1luju_5\">\n<div class=\"_message-box__content_1luju_15\">\n<form action=\"\">\n<div class=\"MessageBox-module__messagebox___n4MAC\">\n<div class=\"MessageBox-module__messagebox__content___-xFbz\">\n<figure id=\"attachment_7482\" aria-describedby=\"caption-attachment-7482\" style=\"width: 300px\" class=\"wp-caption alignnone\"><img decoding=\"async\" class=\"size-medium wp-image-7482\" src=\"https:\/\/bogonglaser.com\/wp-content\/uploads\/2024\/11\/9-cleaning-modes-of-portable-laser-cleaner--300x120.jpg\" alt=\"Ta\u015f\u0131nabilir lazer temizleyicinin 9 temizleme modu\" width=\"300\" height=\"120\" title=\"\" srcset=\"https:\/\/bogonglaser.com\/wp-content\/uploads\/2024\/11\/9-cleaning-modes-of-portable-laser-cleaner--300x120.jpg 300w, https:\/\/bogonglaser.com\/wp-content\/uploads\/2024\/11\/9-cleaning-modes-of-portable-laser-cleaner--600x241.jpg 600w, https:\/\/bogonglaser.com\/wp-content\/uploads\/2024\/11\/9-cleaning-modes-of-portable-laser-cleaner--1024x411.jpg 1024w, https:\/\/bogonglaser.com\/wp-content\/uploads\/2024\/11\/9-cleaning-modes-of-portable-laser-cleaner--768x308.jpg 768w, https:\/\/bogonglaser.com\/wp-content\/uploads\/2024\/11\/9-cleaning-modes-of-portable-laser-cleaner--18x7.jpg 18w, https:\/\/bogonglaser.com\/wp-content\/uploads\/2024\/11\/9-cleaning-modes-of-portable-laser-cleaner-.jpg 1536w\" sizes=\"(max-width: 300px) 100vw, 300px\" \/><figcaption id=\"caption-attachment-7482\" class=\"wp-caption-text\">Ta\u015f\u0131nabilir lazer temizleyicinin 9 temizleme modu<\/figcaption><\/figure>\n<\/div>\n<\/div>\n<input type=\"hidden\" name=\"trp-form-language\" value=\"tr\"\/><\/form>\n<\/div>\n<\/div>\n<\/div>\n<\/div>\n<\/div>\n<\/div>\n<\/div>\n<\/div>\n<\/div>\n<\/div>\n<\/div>\n<\/div>\n<\/div>\n<h2>Se\u00e7iminiz i\u00e7in 16 Desteklenen Dil vard\u0131r.<\/h2>\n<p>Nab\u0131z <a href=\"https:\/\/bogonglaser.com\/tr\/laser-cleaning-machine\/\">lazer temizleme makinesi<\/a> \u015eu anda \u0130ngilizce, Rus\u00e7a, Japonca, \u0130spanyolca, Almanca, Korece, Frans\u0131zca, Leh\u00e7e ve di\u011fer 16 dil dahil olmak \u00fczere birden fazla dili desteklemektedir.<\/p>\n<p>Makinenin aray\u00fcz\u00fcnde bu diller aras\u0131nda kolayca ge\u00e7i\u015f yapabilirsiniz. Ek dillere ihtiyac\u0131n\u0131z varsa, ihtiya\u00e7lar\u0131n\u0131z\u0131 kar\u015f\u0131lamak i\u00e7in \u00f6zelle\u015ftirilmi\u015f dil hizmetleri de sunuyoruz.<\/p>\n<figure id=\"attachment_7481\" aria-describedby=\"caption-attachment-7481\" style=\"width: 300px\" class=\"wp-caption alignnone\"><img decoding=\"async\" class=\"size-medium wp-image-7481\" src=\"https:\/\/bogonglaser.com\/wp-content\/uploads\/2024\/11\/16-Supported-Languages-for-Laser-Cleaner--300x175.webp\" alt=\"Lazer Temizleyici i\u00e7in 16 Desteklenen Dil\" width=\"300\" height=\"175\" title=\"\" srcset=\"https:\/\/bogonglaser.com\/wp-content\/uploads\/2024\/11\/16-Supported-Languages-for-Laser-Cleaner--300x175.webp 300w, https:\/\/bogonglaser.com\/wp-content\/uploads\/2024\/11\/16-Supported-Languages-for-Laser-Cleaner--600x350.webp 600w, https:\/\/bogonglaser.com\/wp-content\/uploads\/2024\/11\/16-Supported-Languages-for-Laser-Cleaner--18x12.webp 18w, https:\/\/bogonglaser.com\/wp-content\/uploads\/2024\/11\/16-Supported-Languages-for-Laser-Cleaner-.webp 768w\" sizes=\"(max-width: 300px) 100vw, 300px\" \/><figcaption id=\"caption-attachment-7481\" class=\"wp-caption-text\">Lazer Temizleyici i\u00e7in 16 Desteklenen Dil<\/figcaption><\/figure>\n<h2>1000W Darbeli Lazer Temizleme Makinesi \u00d6zelli\u011fi<\/h2>\n<ul>\n<li><strong>Y\u00fcksek G\u00fc\u00e7l\u00fc 1000W Darbeli Lazer Teknolojisi:<\/strong> Pas, ya\u011f ve kal\u0131nt\u0131lar\u0131 h\u0131zl\u0131 ve etkili bir \u015fekilde gideren g\u00fc\u00e7l\u00fc enerji darbeleri sa\u011flar.<\/li>\n<li><strong>\u0130nce Temizlik Yetenekleri:<\/strong> Hassas temizlik sonu\u00e7lar\u0131 sa\u011flayarak titiz dikkat gerektiren uygulamalar i\u00e7in idealdir.<\/li>\n<li><strong>Y\u00fcksek Verimlilik:<\/strong> Geleneksel y\u00f6ntemlere k\u0131yasla temizlik s\u00fcresini \u00f6nemli \u00f6l\u00e7\u00fcde k\u0131saltarak \u00fcretkenli\u011fi art\u0131r\u0131r ve i\u015fletme maliyetlerini azalt\u0131r.<\/li>\n<li><strong>Tahribats\u0131z Temizlik:<\/strong> Alttaki malzemeyi koruyan ve hasar riskini ortadan kald\u0131ran temass\u0131z ve a\u015f\u0131nd\u0131r\u0131c\u0131 olmayan bir yakla\u015f\u0131m kullan\u0131r.<\/li>\n<li><strong>Kullan\u0131c\u0131 Dostu \u00c7al\u0131\u015fma:<\/strong> Kolay kullan\u0131m i\u00e7in sezgisel bir aray\u00fcze ve ergonomik tasar\u0131ma sahiptir, minimum e\u011fitim gerektirir.<\/li>\n<\/ul>\n<p><strong>Avantajlar:<\/strong><\/p>\n<ul>\n<li><strong>\u00dcst\u00fcn Temizlik Performans\u0131:<\/strong> \u00c7e\u015fitli end\u00fcstriyel ortamlarda optimum performans i\u00e7in gerekli olan y\u00fcksek temizlik seviyesine ula\u015f\u0131n.<\/li>\n<li><strong>Uygun Maliyetli \u00c7\u00f6z\u00fcm:<\/strong> Kimyasallar ve a\u015f\u0131nd\u0131r\u0131c\u0131lar gibi sarf malzemelerine olan ihtiyac\u0131 azaltarak uzun vadeli tasarruf sa\u011flar.<\/li>\n<li><strong>\u00c7evre Dostu:<\/strong> Minimum at\u0131k \u00fcretir ve zararl\u0131 kimyasallar\u0131 ortadan kald\u0131rarak daha g\u00fcvenli ve daha ye\u015fil bir i\u015fyerine katk\u0131da bulunur.<\/li>\n<li><strong>\u00c7ok Y\u00f6nl\u00fc Uygulamalar:<\/strong> Farkl\u0131 end\u00fcstrilerde metaller ve kompozitler de dahil olmak \u00fczere \u00e7ok \u00e7e\u015fitli malzemelerin temizli\u011finde etkilidir.<\/li>\n<\/ul>\n<p><strong>Uygulamalar:<\/strong><\/p>\n<ul>\n<li><strong>Pas S\u00f6kme:<\/strong> Metal y\u00fczeylerdeki korozyonu etkili bir \u015fekilde ortadan kald\u0131r\u0131r, a\u015f\u0131nd\u0131r\u0131c\u0131 y\u00f6ntemler kullanmadan orijinal durumlar\u0131na geri getirir.<\/li>\n<li><strong>Ya\u011f ve Gres Temizli\u011fi:<\/strong> \u00dcretim s\u00fcre\u00e7lerinde performans\u0131 veya yap\u0131\u015fmay\u0131 etkileyebilecek ya\u011flar\u0131, ya\u011flay\u0131c\u0131lar\u0131 ve di\u011fer kirleticileri giderir.<\/li>\n<li><strong>Y\u00fczey Haz\u0131rl\u0131\u011f\u0131:<\/strong> Y\u00fczeylerin temiz ve kirletici maddelerden ar\u0131nd\u0131r\u0131lm\u0131\u015f olmas\u0131n\u0131 sa\u011flayarak boyama, kaplama veya kaynak i\u00e7in haz\u0131rlar.<\/li>\n<li><strong>Bak\u0131m ve Restorasyon:<\/strong> Makine, alet ve ekipmanlar\u0131n temizlenmesi, kullan\u0131m \u00f6m\u00fcrlerinin uzat\u0131lmas\u0131 ve i\u015flevselliklerinin en \u00fcst d\u00fczeyde tutulmas\u0131 i\u00e7in m\u00fckemmeldir.<\/li>\n<li>\n<p><figure id=\"attachment_7480\" aria-describedby=\"caption-attachment-7480\" style=\"width: 265px\" class=\"wp-caption alignnone\"><img decoding=\"async\" class=\"size-medium wp-image-7480\" src=\"https:\/\/bogonglaser.com\/wp-content\/uploads\/2024\/11\/500w-laser-cleaning-machine-2-265x300.jpg\" alt=\"500w lazer temizleme makinesi\" width=\"265\" height=\"300\" title=\"\" srcset=\"https:\/\/bogonglaser.com\/wp-content\/uploads\/2024\/11\/500w-laser-cleaning-machine-2-265x300.jpg 265w, https:\/\/bogonglaser.com\/wp-content\/uploads\/2024\/11\/500w-laser-cleaning-machine-2-600x680.jpg 600w, https:\/\/bogonglaser.com\/wp-content\/uploads\/2024\/11\/500w-laser-cleaning-machine-2-768x870.jpg 768w, https:\/\/bogonglaser.com\/wp-content\/uploads\/2024\/11\/500w-laser-cleaning-machine-2-11x12.jpg 11w, https:\/\/bogonglaser.com\/wp-content\/uploads\/2024\/11\/500w-laser-cleaning-machine-2.jpg 790w\" sizes=\"(max-width: 265px) 100vw, 265px\" \/><figcaption id=\"caption-attachment-7480\" class=\"wp-caption-text\">500w lazer temizleme makinesi<\/figcaption><\/figure><\/li>\n<li><\/li>\n<\/ul>\n<p>\u00d6deme Ko\u015fullar\u0131<\/p>\n<p>1. Depozito ve Bakiye: Sevkiyattan \u00f6nce \u00f6denmesi gereken bakiye ile \u00f6nceden bir 30% T \/ T depozitosu gereklidir.<\/p>\n<p>2. Alibaba Ticaret G\u00fcvencesi: \u00d6demeler Alibaba Ticaret G\u00fcvencesi arac\u0131l\u0131\u011f\u0131yla ger\u00e7ekle\u015ftirilebilir.<\/p>\n<p>1000w Fiber Lazer Temizleme makinesi i\u00e7in SSS<\/p>\n<p>Lazer Temizleyicinin Ambalaj\u0131 Nas\u0131ld\u0131r?<br \/>\nMakinelerimiz \u00fc\u00e7 katmanl\u0131 bir d\u00fczende paketlenir. D\u0131\u015f katman ah\u015fap bir kasadan olu\u015fur, orta katmanda sars\u0131nt\u0131ya kar\u015f\u0131 koruma sa\u011flamak i\u00e7in k\u00f6p\u00fck dolgu bulunur ve i\u00e7 katman su ge\u00e7irmezlik i\u00e7in kal\u0131n bir plastik torba i\u00e7erir.<\/p>\n<p>Paket Ta\u015f\u0131ma S\u0131ras\u0131nda Zarar G\u00f6recek mi?<br \/>\nAmbalajlar\u0131m\u0131z\u0131 t\u00fcm olas\u0131 hasar fakt\u00f6rlerini ele alacak \u015fekilde titizlikle tasarl\u0131yoruz ve nakliye acentelerimiz g\u00fcvenli ta\u015f\u0131mac\u0131l\u0131k konusunda deneyimlidir. Ba\u015far\u0131l\u0131 bir \u015fekilde 180 \u00fclkeye ihracat yapt\u0131k, bu nedenle paketinizin m\u00fckemmel durumda ula\u015faca\u011f\u0131ndan emin olabilirsiniz.<\/p>\n<p>M\u00fc\u015fterilerin \u00e7o\u011fu UPS \/ DHL express ile ta\u015f\u0131may\u0131 se\u00e7meyi sever, var\u0131\u015f noktas\u0131na yakla\u015f\u0131k 5-7 g\u00fcn ula\u015fabilir, ileti\u015fime ge\u00e7in <a href=\"https:\/\/bogonglaser.com\/tr\/\">BOGONG Lazer<\/a> 1000W nab\u0131z hakk\u0131nda daha fazla bilgi almak i\u00e7in<a href=\"https:\/\/bogonglaser.com\/tr\/laser-cleaning-machine\/\"> lazer temizleme makinesi<\/a>.<\/p>\n<p><a class=\"elementor-accordion-title\" tabindex=\"0\">1000W Pulse Lazer Temizleme Makinesi Fiyat\u0131 Ne Kadar?<\/a><\/p>","protected":false},"excerpt":{"rendered":"<h2>1000W Darbeli Lazer Temizleme Makinesi<\/h2>\n<p>1000W darbeli lazer temizleme makinesi, pas, boya, kaplamalar, ya\u011f lekeleri ve oksit filmler dahil olmak \u00fczere metal y\u00fczeylerdeki \u00e7e\u015fitli kirleticileri etkili bir \u015fekilde temizlemek i\u00e7in \u00f6zel olarak tasarlanm\u0131\u015ft\u0131r. Ayr\u0131ca seramik, cam ve kompozit malzemeler gibi metal olmayan y\u00fczeylerin temizlenmesi i\u00e7in de uygundur.<\/p>\n<p>Yayg\u0131n uygulama senaryolar\u0131 \u015funlar\u0131 i\u00e7erir:<\/p>\n<p>- Kaynak \u00f6ncesi al\u00fcminyum ala\u015f\u0131mlar\u0131ndan do\u011fal oksit filmlerinin \u00e7\u0131kar\u0131lmas\u0131.<br \/>\n- Ak\u00fc tepsilerine kaynak yap\u0131ld\u0131ktan sonra siyah k\u00fcl oksitin temizlenmesi.<br \/>\n- Tren bojisi kaynaklar\u0131n\u0131n hata tespiti i\u00e7in haz\u0131rlanmas\u0131.<br \/>\n- Yenileme \u00f6ncesinde otomotiv sac par\u00e7alar\u0131n\u0131n temizlenmesi.<br \/>\n- Geleneksel tel f\u0131r\u00e7alar\u0131n temizleyemedi\u011fi ula\u015f\u0131lmas\u0131 zor alanlara eri\u015fim.<\/p>\n<p>Bu \u00e7ok y\u00f6nl\u00fcl\u00fck, \u00fcr\u00fcn\u00fc farkl\u0131 sekt\u00f6rlerde yap\u0131sal b\u00fct\u00fcnl\u00fc\u011f\u00fcn korunmas\u0131 ve kalitenin sa\u011flanmas\u0131 i\u00e7in \u00f6nemli bir ara\u00e7 haline getirmektedir.<\/p>\n<ul class=\"tips\">\n<li>100 Tak\u0131m \/ Ay Stokta Sat\u0131\u015f Bekliyor<\/li>\n<li>T\u00fcm Makine i\u00e7in 2 Y\u0131l S\u0131n\u0131rl\u0131 Garanti<\/li>\n<li>3-5 g\u00fcn lazer makinesi haz\u0131rlama, 3-7 g\u00fcn nakliye.<\/li>\n<li>\u00c7evrimi\u00e7i (PayPal) ve \u00c7evrimd\u0131\u015f\u0131 (T \/ T, Banka ve Kredi Kartlar\u0131)<\/li>\n<\/ul>","protected":false},"featured_media":1761,"template":"","meta":{"_gspb_post_css":""},"product_brand":[],"product_cat":[94],"product_tag":[101,100],"class_list":{"0":"post-1780","1":"product","2":"type-product","3":"status-publish","4":"has-post-thumbnail","6":"product_cat-laser-cleaning-machine","7":"product_tag-laser-cleaner","8":"product_tag-laser-cleaning-machine","10":"first","11":"instock","12":"shipping-taxable","13":"product-type-simple"},"_links":{"self":[{"href":"https:\/\/bogonglaser.com\/tr\/wp-json\/wp\/v2\/product\/1780","targetHints":{"allow":["GET"]}}],"collection":[{"href":"https:\/\/bogonglaser.com\/tr\/wp-json\/wp\/v2\/product"}],"about":[{"href":"https:\/\/bogonglaser.com\/tr\/wp-json\/wp\/v2\/types\/product"}],"wp:featuredmedia":[{"embeddable":true,"href":"https:\/\/bogonglaser.com\/tr\/wp-json\/wp\/v2\/media\/1761"}],"wp:attachment":[{"href":"https:\/\/bogonglaser.com\/tr\/wp-json\/wp\/v2\/media?parent=1780"}],"wp:term":[{"taxonomy":"product_brand","embeddable":true,"href":"https:\/\/bogonglaser.com\/tr\/wp-json\/wp\/v2\/product_brand?post=1780"},{"taxonomy":"product_cat","embeddable":true,"href":"https:\/\/bogonglaser.com\/tr\/wp-json\/wp\/v2\/product_cat?post=1780"},{"taxonomy":"product_tag","embeddable":true,"href":"https:\/\/bogonglaser.com\/tr\/wp-json\/wp\/v2\/product_tag?post=1780"}],"curies":[{"name":"wp","href":"https:\/\/api.w.org\/{rel}","templated":true}]}}