{"id":1668,"date":"2024-10-29T17:30:42","date_gmt":"2024-10-29T09:30:42","guid":{"rendered":"https:\/\/bogonglaser.com\/?post_type=product&#038;p=1668"},"modified":"2025-12-10T16:57:58","modified_gmt":"2025-12-10T08:57:58","slug":"3d-fiber-laser-engraver-for-metal-2","status":"publish","type":"product","link":"https:\/\/bogonglaser.com\/tr\/3d-fiber-laser-engraver-for-metal-2\/","title":{"rendered":"Metal \u0130\u00e7in 3D Fiber Lazer Grav\u00fcr Makinesi"},"content":{"rendered":"<h2>Metal i\u00e7in 3D Lazer Grav\u00fcr Makinesi Nedir?<\/h2>\n<p><a href=\"https:\/\/bogonglaser.com\/tr\/laser-engraving-machine\/\">3D Lazer kaz\u0131ma makinesi<\/a> darbeli fiber lazer, g\u00f6r\u00fcnt\u00fc i\u015fleme i\u00e7in 3D lenmark3ds \/ Ezcad3 yaz\u0131l\u0131m\u0131 ile, lazer kafas\u0131n\u0131n i\u00e7inde d\u00fczensiz \u015fekle kaz\u0131ma yapabilen dinamik bir lens vard\u0131r. Ana \u00f6zelli\u011fi a\u015fa\u011f\u0131daki gibidir:<\/p>\n<ul>\n<li>Darbeli fiber lazer<\/li>\n<li>G\u00f6r\u00fcnt\u00fc i\u015fleme i\u00e7in 3D Grav\u00fcr yaz\u0131l\u0131m\u0131<\/li>\n<li>Y\u00fcz\u00fck ve bileziklerin i\u015faretlenmesi i\u00e7in R ekseni<\/li>\n<li>3D dinamik lazer kafas\u0131<\/li>\n<li>Ayarlanabilir odak y\u00fcksekli\u011fi 15 ila 80 mm<\/li>\n<li>Geni\u015f opsiyonel se\u00e7enekler<\/li>\n<li>2 y\u0131l garanti<\/li>\n<\/ul>\n<figure id=\"attachment_7418\" aria-describedby=\"caption-attachment-7418\" style=\"width: 300px\" class=\"wp-caption alignnone\"><img decoding=\"async\" class=\"size-medium wp-image-7418\" src=\"https:\/\/bogonglaser.com\/wp-content\/uploads\/2024\/10\/3d-laser-marker-2-300x227.jpg\" alt=\"3d lazer i\u015faretleyici\" width=\"300\" height=\"227\" title=\"\" srcset=\"https:\/\/bogonglaser.com\/wp-content\/uploads\/2024\/10\/3d-laser-marker-2-300x227.jpg 300w, https:\/\/bogonglaser.com\/wp-content\/uploads\/2024\/10\/3d-laser-marker-2-16x12.jpg 16w, https:\/\/bogonglaser.com\/wp-content\/uploads\/2024\/10\/3d-laser-marker-2.jpg 600w\" sizes=\"(max-width: 300px) 100vw, 300px\" \/><figcaption id=\"caption-attachment-7418\" class=\"wp-caption-text\">3d lazer i\u015faretleyici<\/figcaption><\/figure>\n<figure id=\"attachment_7417\" aria-describedby=\"caption-attachment-7417\" style=\"width: 300px\" class=\"wp-caption alignnone\"><img decoding=\"async\" class=\"size-medium wp-image-7417\" src=\"https:\/\/bogonglaser.com\/wp-content\/uploads\/2024\/10\/bogong-new-cabinet-1-300x150.png\" alt=\"bogong yeni\u0307 kabi\u0307ne\" width=\"300\" height=\"150\" title=\"\" srcset=\"https:\/\/bogonglaser.com\/wp-content\/uploads\/2024\/10\/bogong-new-cabinet-1-300x150.png 300w, https:\/\/bogonglaser.com\/wp-content\/uploads\/2024\/10\/bogong-new-cabinet-1-600x300.png 600w, https:\/\/bogonglaser.com\/wp-content\/uploads\/2024\/10\/bogong-new-cabinet-1-768x384.png 768w, https:\/\/bogonglaser.com\/wp-content\/uploads\/2024\/10\/bogong-new-cabinet-1-18x9.png 18w, https:\/\/bogonglaser.com\/wp-content\/uploads\/2024\/10\/bogong-new-cabinet-1.png 800w\" sizes=\"(max-width: 300px) 100vw, 300px\" \/><figcaption id=\"caption-attachment-7417\" class=\"wp-caption-text\">bogong yeni\u0307 kabi\u0307ne<\/figcaption><\/figure>\n<h2>3D Lazer Markalama Makinesinin \u00d6zellikleri:<\/h2>\n<p><iframe title=\"2025 En \u0130yi 3D Lazer Grav\u00fcr Makinesi | 3D Lazer Grav\u00fcr Nedir? 3D Lazer Grav\u00fcr Nas\u0131l \u00c7al\u0131\u015f\u0131r? 3D \u0130\u015faret\" width=\"1290\" height=\"726\" src=\"https:\/\/www.youtube.com\/embed\/_A-XUjBEmxM?feature=oembed\" frameborder=\"0\" allow=\"accelerometer; autoplay; clipboard-write; encrypted-media; gyroscope; picture-in-picture; web-share\" referrerpolicy=\"strict-origin-when-cross-origin\" allowfullscreen><\/iframe><\/p>\n<p><iframe title=\"2025 En \u0130yi 3D Lazer Grav\u00fcr Makinesi | 3D Lazer Grav\u00fcr Nedir? 3D Lazer Grav\u00fcr Nas\u0131l \u00c7al\u0131\u015f\u0131r? 3D \u0130\u015faret\" width=\"1290\" height=\"726\" src=\"https:\/\/www.youtube.com\/embed\/_A-XUjBEmxM?feature=oembed\" frameborder=\"0\" allow=\"accelerometer; autoplay; clipboard-write; encrypted-media; gyroscope; picture-in-picture; web-share\" referrerpolicy=\"strict-origin-when-cross-origin\" allowfullscreen><\/iframe><\/p>\n<p>1. \u00c7ok Y\u00f6nl\u00fc Uygulamalar<br \/>\n3D lazer markalama makinesi, \u00fc\u00e7 boyutlu kavisli y\u00fczey markalama i\u00e7in tasarlanm\u0131\u015ft\u0131r, ince noktalara odaklanabilir ve 0 ila 80 mm tolerans y\u00fcksekli\u011fi aral\u0131\u011f\u0131nda e\u015fit i\u015faretler sa\u011flayabilir. Odak ayarlamalar\u0131na gerek yoktur ve kavisli, e\u011fimli, basamakl\u0131 y\u00fczeyler, k\u00fcreler, silindirler ve koniler gibi d\u00fczensiz \u00fcr\u00fcnlerin tek bir i\u015flemde sorunsuz bir \u015fekilde markalanmas\u0131na olanak tan\u0131r.<\/p>\n<p>2. M\u00fckemmel Derin Oyma Kalitesi<br \/>\n3D ince markalama sistemi ile donat\u0131lm\u0131\u015f olan makine, kabartma, derin grav\u00fcr ve i\u00e7b\u00fckey\/d\u0131\u015fb\u00fckey grav\u00fcr dahil olmak \u00fczere \u00e7e\u015fitli grav\u00fcr ihtiya\u00e7lar\u0131nda \u00fcst\u00fcnl\u00fck sa\u011flar. Y\u00fcksek hassasiyet ve g\u00f6rsel olarak \u00e7ekici sonu\u00e7lar sunar. Bu makine \u00fc\u00e7 \u0131\u015f\u0131k kayna\u011f\u0131n\u0131 destekler: fiber, ultraviyole ve karbondioksit, hem metal hem de metal olmayan malzemeler \u00fczerinde grav\u00fcr yap\u0131lmas\u0131n\u0131 sa\u011flar.<\/p>\n<p>&nbsp;<\/p>\n<p><iframe title=\"\u00c7in Metal i\u00e7in En \u0130yi 3D Lazer Grav\u00fcr Kesme Makinesi | Sat\u0131l\u0131k 3D Lazer Grav\u00fcr Makinesi\" width=\"1290\" height=\"726\" src=\"https:\/\/www.youtube.com\/embed\/rdjhRIaqMNM?feature=oembed\" frameborder=\"0\" allow=\"accelerometer; autoplay; clipboard-write; encrypted-media; gyroscope; picture-in-picture; web-share\" referrerpolicy=\"strict-origin-when-cross-origin\" allowfullscreen><\/iframe><\/p>\n<h3>3D Fiber Lazer Grav\u00fcr makinesinin uygulamalar\u0131<\/h3>\n<ul>\n<li>Katmanl\u0131 kaz\u0131 ve 3 boyutlu kabartma grav\u00fcr.<\/li>\n<li>D\u00fcz olmayan y\u00fczeylerde 80 mm'ye kadar d\u00fczensizli\u011fe sahip grav\u00fcrler.<\/li>\n<li>Y\u00fcz\u00fckler, bilezikler, madalyonlar ve d\u00fcz y\u00fczeyler \u00fczerine grav\u00fcrler.<\/li>\n<li>Ticari markalar da dahil olmak \u00fczere foto\u011fraflar\u0131n, isimlerin, tasar\u0131mlar\u0131n ve logolar\u0131n kaz\u0131nmas\u0131.<\/li>\n<li>Herhangi bir metal malzemeden yap\u0131lm\u0131\u015f saat kadranlar\u0131 ve g\u00f6zl\u00fckler \u00fczerindeki grav\u00fcrler.<\/li>\n<li>Tek tek par\u00e7alar\u0131n manuel kesimi veya seri \u00fcretim i\u00e7in otomatik \u00e7\u00f6z\u00fcmler<\/li>\n<\/ul>\n<p><iframe title=\"3D LAZER GRAV\u00dcR MAK\u0130NES\u0130 NE YAPAB\u0130L\u0130R? | Metal \u00dczerine 3D Lazer Grav\u00fcr Kesici\" width=\"1290\" height=\"726\" src=\"https:\/\/www.youtube.com\/embed\/v_rWKxbDr04?feature=oembed\" frameborder=\"0\" allow=\"accelerometer; autoplay; clipboard-write; encrypted-media; gyroscope; picture-in-picture; web-share\" referrerpolicy=\"strict-origin-when-cross-origin\" allowfullscreen><\/iframe><\/p>\n<p>&nbsp;<\/p>\n<figure id=\"attachment_7419\" aria-describedby=\"caption-attachment-7419\" style=\"width: 300px\" class=\"wp-caption alignnone\"><img decoding=\"async\" class=\"size-medium wp-image-7419\" src=\"https:\/\/bogonglaser.com\/wp-content\/uploads\/2024\/10\/bogong-new-cabinet-300x143.jpg\" alt=\"bogong yeni\u0307 kabi\u0307ne\" width=\"300\" height=\"143\" title=\"\" srcset=\"https:\/\/bogonglaser.com\/wp-content\/uploads\/2024\/10\/bogong-new-cabinet-300x143.jpg 300w, https:\/\/bogonglaser.com\/wp-content\/uploads\/2024\/10\/bogong-new-cabinet-600x286.jpg 600w, https:\/\/bogonglaser.com\/wp-content\/uploads\/2024\/10\/bogong-new-cabinet-1024x488.jpg 1024w, https:\/\/bogonglaser.com\/wp-content\/uploads\/2024\/10\/bogong-new-cabinet-768x366.jpg 768w, https:\/\/bogonglaser.com\/wp-content\/uploads\/2024\/10\/bogong-new-cabinet-18x9.jpg 18w, https:\/\/bogonglaser.com\/wp-content\/uploads\/2024\/10\/bogong-new-cabinet.jpg 1251w\" sizes=\"(max-width: 300px) 100vw, 300px\" \/><figcaption id=\"caption-attachment-7419\" class=\"wp-caption-text\">bogong yeni\u0307 kabi\u0307ne<\/figcaption><\/figure>\n<h2>3D Lazer Grav\u00fcr Nas\u0131l \u00c7al\u0131\u015f\u0131r?<\/h2>\n<p>Bir 3D Lazer sistemi, kavisli y\u00fczeylerde ve 3D konturlarda nokta kalitesi kayb\u0131n\u0131 en aza indirmek i\u00e7in lazer noktas\u0131n\u0131 otomatik olarak ayarlar. Bu sistemler karma\u015f\u0131k \u015fekilleri i\u015flemek i\u00e7in idealdir ve \u00e7e\u015fitli \u00f6\u011feleri verimli bir \u015fekilde kaz\u0131yabilir.<\/p>\n<p>Ayr\u0131ca, farkl\u0131 y\u00fcksekliklere sahip par\u00e7alar\u0131 derinlemesine oyarak kabartma grav\u00fcrler olu\u015fturabilirler, bu da onlar\u0131 ki\u015fiselle\u015ftirilmi\u015f hediyeler veya m\u00fccevher par\u00e7alar\u0131 i\u00e7in m\u00fckemmel hale getirir.<\/p>\n<p><iframe title=\"BOGONG 3D LAZER KAZIMA MAKINESI GIBI | SATILIK EN IYI \u00c7IN 3D LAZER KAZIMA MAKINESI\" width=\"1290\" height=\"726\" src=\"https:\/\/www.youtube.com\/embed\/aoAF09vq8LE?feature=oembed\" frameborder=\"0\" allow=\"accelerometer; autoplay; clipboard-write; encrypted-media; gyroscope; picture-in-picture; web-share\" referrerpolicy=\"strict-origin-when-cross-origin\" allowfullscreen><\/iframe><\/p>\n<p><iframe title=\"BOGONG 3D Lazer Grav\u00fcr Makinesi nas\u0131l? | Hindistan M\u00fc\u015fterisi BOGONG&#039;u Ziyaret Etti ve 3D Lazer Grav\u00fcr Makinesi Sat\u0131n Ald\u0131\" width=\"1290\" height=\"726\" src=\"https:\/\/www.youtube.com\/embed\/bq8eli66vTM?feature=oembed\" frameborder=\"0\" allow=\"accelerometer; autoplay; clipboard-write; encrypted-media; gyroscope; picture-in-picture; web-share\" referrerpolicy=\"strict-origin-when-cross-origin\" allowfullscreen><\/iframe><\/p>\n<h3>Do\u011fru 3d Lazer Makinesi Nas\u0131l Se\u00e7ilir<\/h3>\n<p>Do\u011fru 3D lazer kaz\u0131ma makinesini se\u00e7mek i\u015finiz i\u00e7in \u00f6nemli olacakt\u0131r, makinenin \u00f6zel ihtiya\u00e7lar\u0131n\u0131z\u0131 kar\u015f\u0131lad\u0131\u011f\u0131ndan nas\u0131l emin olabilirsiniz. \u0130\u015fte bilin\u00e7li bir karar vermenize yard\u0131mc\u0131 olacak bir k\u0131lavuz:<\/p>\n<ol>\n<li><strong>Malzeme Uyumlulu\u011fu<\/strong>: Kaz\u0131may\u0131 planlad\u0131\u011f\u0131n\u0131z malzeme t\u00fcrlerini belirleyin (\u00f6rne\u011fin, metal, ah\u015fap, akrilik, cam). Se\u00e7ti\u011finiz makinenin bu malzemeleri etkili bir \u015fekilde i\u015fleyebildi\u011finden emin olun.<\/li>\n<li><strong>Lazer Tipi<\/strong>: Farkl\u0131 lazer t\u00fcrleri (fiber, CO2, UV) farkl\u0131 ama\u00e7lara hizmet eder.\n<ul>\n<li><strong>Fiber lazerler<\/strong>\u00a0metaller i\u00e7in uygundur ve y\u00fcksek hassasiyetleri ile bilinirler.<\/li>\n<li><strong>CO2 lazerler<\/strong> metal olmayan malzemeler i\u00e7indir, \u00e7o\u011funlukla etiket kesme vb. gibi b\u00fcy\u00fck boyutlu kesme i\u015fleri i\u00e7in kullan\u0131l\u0131r<\/li>\n<li><strong>UV lazerler<\/strong>\u00a0cam ve plastik gibi malzemeler \u00fczerine hassas grav\u00fcr yapmak i\u00e7in idealdir.<\/li>\n<\/ul>\n<\/li>\n<li><strong>Grav\u00fcr Derinli\u011fi ve Detay<\/strong>: Baz\u0131 m\u00fc\u015fteriler 200 * 200mm'den b\u00fcy\u00fck 3D tasar\u0131m kaz\u0131mak isterler, bu lazeri CNC router'lar\u0131n\u0131n yerine kullanmak isterler, l\u00fctfen 3D lazer makinesinin 40 * 40mm, 50 * 50mm, 60 * 60mm gibi hassas k\u00fc\u00e7\u00fck tasar\u0131m kabartma kaz\u0131ma i\u00e7in uygun oldu\u011fundan emin olun.<\/li>\n<li><strong>\u00c7al\u0131\u015fma Alan\u0131 Boyutu<\/strong>: \u00dcstlenmeyi planlad\u0131\u011f\u0131n\u0131z projelere g\u00f6re grav\u00fcr alan\u0131n\u0131n boyutunu de\u011ferlendirin. Makinenin en b\u00fcy\u00fck \u00f6\u011feleriniz i\u00e7in yeterli bir \u00e7al\u0131\u015fma alan\u0131na sahip oldu\u011fundan emin olun. BOGONG F10 3D Lazer makinesi, grav\u00fcr boyutu 200 * 200mm, Z ekseni 80mm'ye kadar \u00e7\u0131kabilir.<\/li>\n<li><strong>Kullan\u0131m Kolayl\u0131\u011f\u0131<\/strong>: Kolay tasar\u0131m ve kullan\u0131m sa\u011flayan kullan\u0131c\u0131 dostu yaz\u0131l\u0131ma sahip makineleri aray\u0131n. Lenmark 3DS ve Ezcad3, 3D kabartma grav\u00fcr \u00e7al\u0131\u015fmalar\u0131 i\u00e7in \u00f6nerilmektedir.<\/li>\n<li><strong>M\u00fc\u015fteri Deste\u011fi ve Garanti<\/strong>: \u00dcreticinin destek se\u00e7eneklerini ve sundu\u011fu garantiyi ara\u015ft\u0131r\u0131n. G\u00fcvenilir m\u00fc\u015fteri hizmetleri, sorun giderme ve bak\u0131m i\u00e7in \u00e7ok \u00f6nemli olabilir.<\/li>\n<li><strong>B\u00fct\u00e7e<\/strong>: Bir b\u00fct\u00e7e belirleyin ve bu aral\u0131ktaki farkl\u0131 modelleri kar\u015f\u0131la\u015ft\u0131r\u0131n. Bak\u0131m ve aksesuarlarla ilgili uzun vadeli maliyetleri g\u00f6z \u00f6n\u00fcnde bulundurun. B\u00fct\u00e7e yeterliyse, bir MOPA Lazer se\u00e7mek detay \u00e7al\u0131\u015fmalar\u0131 i\u00e7in iyi olacakt\u0131r, \u00e7\u00fcnk\u00fc MOPA lazer p\u00fcr\u00fczs\u00fcz alt elde etmek i\u00e7in darbe geni\u015fli\u011fini ve frekans\u0131n\u0131 kontrol edebilir.<\/li>\n<\/ol>\n<p>&nbsp;<\/p>\n<figure id=\"attachment_7426\" aria-describedby=\"caption-attachment-7426\" style=\"width: 300px\" class=\"wp-caption alignnone\"><img decoding=\"async\" class=\"size-full wp-image-7426\" src=\"https:\/\/bogonglaser.com\/wp-content\/uploads\/2024\/10\/mini-laser-machine-2.jpg\" alt=\"mini lazer makinesi\" width=\"300\" height=\"225\" title=\"\" srcset=\"https:\/\/bogonglaser.com\/wp-content\/uploads\/2024\/10\/mini-laser-machine-2.jpg 300w, https:\/\/bogonglaser.com\/wp-content\/uploads\/2024\/10\/mini-laser-machine-2-16x12.jpg 16w\" sizes=\"(max-width: 300px) 100vw, 300px\" \/><figcaption id=\"caption-attachment-7426\" class=\"wp-caption-text\">mini lazer makinesi<\/figcaption><\/figure>\n<figure id=\"attachment_7427\" aria-describedby=\"caption-attachment-7427\" style=\"width: 300px\" class=\"wp-caption alignnone\"><img decoding=\"async\" class=\"size-full wp-image-7427\" src=\"https:\/\/bogonglaser.com\/wp-content\/uploads\/2024\/10\/uv-pro-laser-engraving-machine.jpg\" alt=\"uv pro laser engraving machine\" width=\"300\" height=\"300\" title=\"\" srcset=\"https:\/\/bogonglaser.com\/wp-content\/uploads\/2024\/10\/uv-pro-laser-engraving-machine.jpg 300w, https:\/\/bogonglaser.com\/wp-content\/uploads\/2024\/10\/uv-pro-laser-engraving-machine-100x100.jpg 100w, https:\/\/bogonglaser.com\/wp-content\/uploads\/2024\/10\/uv-pro-laser-engraving-machine-150x150.jpg 150w, https:\/\/bogonglaser.com\/wp-content\/uploads\/2024\/10\/uv-pro-laser-engraving-machine-12x12.jpg 12w\" sizes=\"(max-width: 300px) 100vw, 300px\" \/><figcaption id=\"caption-attachment-7427\" class=\"wp-caption-text\">uv pro laser engraving machine<\/figcaption><\/figure>\n<figure id=\"attachment_7428\" aria-describedby=\"caption-attachment-7428\" style=\"width: 205px\" class=\"wp-caption alignnone\"><img decoding=\"async\" class=\"size-full wp-image-7428\" src=\"https:\/\/bogonglaser.com\/wp-content\/uploads\/2024\/10\/3d-laser-marker-2-1.jpg\" alt=\"3d lazer i\u015faretleyici\" width=\"205\" height=\"300\" title=\"\" srcset=\"https:\/\/bogonglaser.com\/wp-content\/uploads\/2024\/10\/3d-laser-marker-2-1.jpg 205w, https:\/\/bogonglaser.com\/wp-content\/uploads\/2024\/10\/3d-laser-marker-2-1-8x12.jpg 8w\" sizes=\"(max-width: 205px) 100vw, 205px\" \/><figcaption id=\"caption-attachment-7428\" class=\"wp-caption-text\">3d lazer i\u015faretleyici<\/figcaption><\/figure>\n<figure id=\"attachment_7429\" aria-describedby=\"caption-attachment-7429\" style=\"width: 300px\" class=\"wp-caption alignnone\"><img decoding=\"async\" class=\"size-full wp-image-7429\" src=\"https:\/\/bogonglaser.com\/wp-content\/uploads\/2024\/10\/3d-laser-marker-3.jpg\" alt=\"3d lazer i\u015faretleyici\" width=\"300\" height=\"227\" title=\"\" srcset=\"https:\/\/bogonglaser.com\/wp-content\/uploads\/2024\/10\/3d-laser-marker-3.jpg 300w, https:\/\/bogonglaser.com\/wp-content\/uploads\/2024\/10\/3d-laser-marker-3-16x12.jpg 16w\" sizes=\"(max-width: 300px) 100vw, 300px\" \/><figcaption id=\"caption-attachment-7429\" class=\"wp-caption-text\">3d lazer i\u015faretleyici<\/figcaption><\/figure>\n<h2>3D Lazer Grav\u00fcrc\u00fcy\u00fc se\u00e7meniz i\u00e7in ne yapabiliriz?<\/h2>\n<ul>\n<li><span class=\"magic-19\"><b class=\"magic-19\"><span class=\"magic-18\">\u00dccretsiz test \u00f6rnekleri -<\/span><\/b><span class=\"magic-20\" data-spm-anchor-id=\"a2700.details.0.i41.41d82402R4aegi\">\u00dcr\u00fcn malzemenize g\u00f6re \u00fccretsiz markalama efekti testleri ger\u00e7ekle\u015ftirebiliriz<\/span><\/span><\/li>\n<li><span class=\"magic-19\"><b class=\"magic-19\"><span class=\"magic-18\">Video Canl\u0131-<\/span><\/b><span class=\"magic-20\">Makinenin \u00fcretim s\u00fcrecini ve \u00e7al\u0131\u015fmas\u0131n\u0131 \u00e7evrimi\u00e7i videoda izlemek i\u00e7in sat\u0131\u015f dan\u0131\u015fmanlar\u0131m\u0131zla ba\u011flant\u0131 kurabilirsiniz.<\/span><\/span><\/li>\n<li><span class=\"magic-19\"><b class=\"magic-19\"><span class=\"magic-18\">\u00d6zelle\u015ftirilmi\u015f \/OEM-<\/span><\/b><span class=\"magic-20\" data-spm-anchor-id=\"a2700.details.0.i40.41d82402R4aegi\">\u0130stek \u00fczerine \u00f6zelle\u015ftirilmi\u015f makineler \uff0c Bize ula\u015f\u0131n<\/span><\/span><\/li>\n<\/ul>\n<p>&nbsp;<\/p>\n<h3>3D Lazer Grav\u00fcr Kesme Makinesi i\u00e7in Hangi Par\u00e7alar\u0131 se\u00e7mem gerekiyor<\/h3>\n<ul>\n<li>D\u00f6ner Cihaz: 50D 65D 80D, 100D, vb. gibi farkl\u0131 stil ve kelep\u00e7e \u00e7ap\u0131na sahip birka\u00e7 d\u00f6ner cihaz vard\u0131r, e\u011fer kuyumculuk i\u015findeyseniz, 50D veya 65D'yi se\u00e7in.<\/li>\n<li>Alt\u0131n G\u00fcm\u00fc\u015f Tutucu: alt\u0131n g\u00fcm\u00fc\u015f metal levhan\u0131z\u0131 kesmek i\u00e7in kelep\u00e7elemek i\u00e7in, \u00e7\u00fcnk\u00fc kesme i\u015fi s\u0131ras\u0131nda \u00e7ok fazla \u0131s\u0131 vard\u0131r, metal shee kolay deformasyon. Kuyumculuk i\u015fi i\u00e7in uygundur.<\/li>\n<\/ul>\n<p>&nbsp;<\/p>\n<p>&nbsp;<\/p>\n<p>&nbsp;<\/p>\n<p>\u00d6deme Ko\u015fullar\u0131<\/p>\n<p>1. Depozito ve Bakiye: Sevkiyattan \u00f6nce \u00f6denmesi gereken bakiye ile \u00f6nceden bir 30% T \/ T depozitosu gereklidir.<\/p>\n<p>2. Alibaba Ticaret G\u00fcvencesi: \u00d6demeler Alibaba Ticaret G\u00fcvencesi arac\u0131l\u0131\u011f\u0131yla ger\u00e7ekle\u015ftirilebilir.<\/p>\n<p>3D Fiber Lazer Metal Grav\u00fcr Kesici i\u00e7in SSS<\/p>\n<p>3d Fiber Lazer Markalama Makinesi i\u00e7in Ambalaj Nedir?<br \/>\nMakinelerimiz \u00fc\u00e7 katmanl\u0131 bir d\u00fczende paketlenir. D\u0131\u015f katman ah\u015fap bir kasadan olu\u015fur, orta katmanda sars\u0131nt\u0131ya kar\u015f\u0131 koruma sa\u011flamak i\u00e7in k\u00f6p\u00fck dolgu bulunur ve i\u00e7 katman su ge\u00e7irmezlik i\u00e7in kal\u0131n bir plastik torba i\u00e7erir.<\/p>\n<p>Paket Ta\u015f\u0131ma S\u0131ras\u0131nda Zarar G\u00f6recek mi?<br \/>\nAmbalajlar\u0131m\u0131z\u0131 t\u00fcm olas\u0131 hasar fakt\u00f6rlerini ele alacak \u015fekilde titizlikle tasarl\u0131yoruz ve nakliye acentelerimiz g\u00fcvenli ta\u015f\u0131mac\u0131l\u0131k konusunda deneyimlidir. Ba\u015far\u0131l\u0131 bir \u015fekilde 180 \u00fclkeye ihracat yapt\u0131k, bu nedenle paketinizin m\u00fckemmel durumda ula\u015faca\u011f\u0131ndan emin olabilirsiniz.<\/p>\n<p>M\u00fc\u015fterilerin \u00e7o\u011fu UPS \/ DHL express ile ta\u015f\u0131may\u0131 se\u00e7meyi sever, yakla\u015f\u0131k 5-7 g\u00fcn var\u0131\u015f noktas\u0131na ula\u015fabilir, g\u00fcm\u00fc\u015f pirin\u00e7 alt\u0131n bak\u0131r i\u00e7in fiber lazer metal grav\u00fcr makinesi hakk\u0131nda daha fazla ayr\u0131nt\u0131 almak i\u00e7in BOGONG ile ileti\u015fime ge\u00e7in.<\/p>","protected":false},"excerpt":{"rendered":"<h2>Metal R\u00f6lyef ve Tekst\u00fcre i\u00e7in 3D Fiber Lazer \u0130\u015faretleme Makinesi<\/h2>\n<p>3D fiber lazer markalama makinesi, \u00fc\u00e7 boyutlu y\u00fczeylerde karma\u015f\u0131k tasar\u0131mlar veya metinler olu\u015fturmak i\u00e7in 3D lazer teknolojisini kullan\u0131r, metal kal\u0131plar \u00fczerinde dokular\u0131n ve kabartmalar\u0131n derinlemesine kaz\u0131nmas\u0131n\u0131 sa\u011flar. Bir 3D tarama kafas\u0131, bir lazer \u0131\u015f\u0131n\u0131n\u0131 \u00fc\u00e7 boyutta da ayarlayabilir: X, Y ve Z. Malzemeyi do\u011fru bir \u015fekilde hedeflemek i\u00e7in \u0131\u015f\u0131n\u0131 bir mercekten y\u00f6nlendirmeden \u00f6nce \u0131\u015f\u0131n geni\u015fleticiler ve kayd\u0131rma optiklerinin bir kombinasyonunu benimser.<\/p>\n<ul class=\"\\&quot;tips\\&quot;\">\n<li>350 Tak\u0131m \/ Ay Stokta Sat\u0131\u015f Bekliyor<\/li>\n<li>T\u00fcm Makine i\u00e7in 2 Y\u0131l S\u0131n\u0131rl\u0131 Garanti<\/li>\n<li>3-5 g\u00fcn lazer makinesi haz\u0131rlama, 3-7 g\u00fcn nakliye.<\/li>\n<li>\u00c7evrimi\u00e7i (PayPal) ve \u00c7evrimd\u0131\u015f\u0131 (T \/ T, Banka ve Kredi Kartlar\u0131)<\/li>\n<\/ul>","protected":false},"featured_media":1660,"template":"","meta":{"_gspb_post_css":""},"product_brand":[],"product_cat":[97,93,96],"product_tag":[102],"class_list":{"0":"post-1668","1":"product","2":"type-product","3":"status-publish","4":"has-post-thumbnail","6":"product_cat-fiber-laser-marker","7":"product_cat-laser-engraving-machine","8":"product_cat-laser-marking-machine","9":"product_tag-laser-marking-machine","11":"first","12":"instock","13":"shipping-taxable","14":"product-type-simple"},"_links":{"self":[{"href":"https:\/\/bogonglaser.com\/tr\/wp-json\/wp\/v2\/product\/1668","targetHints":{"allow":["GET"]}}],"collection":[{"href":"https:\/\/bogonglaser.com\/tr\/wp-json\/wp\/v2\/product"}],"about":[{"href":"https:\/\/bogonglaser.com\/tr\/wp-json\/wp\/v2\/types\/product"}],"wp:featuredmedia":[{"embeddable":true,"href":"https:\/\/bogonglaser.com\/tr\/wp-json\/wp\/v2\/media\/1660"}],"wp:attachment":[{"href":"https:\/\/bogonglaser.com\/tr\/wp-json\/wp\/v2\/media?parent=1668"}],"wp:term":[{"taxonomy":"product_brand","embeddable":true,"href":"https:\/\/bogonglaser.com\/tr\/wp-json\/wp\/v2\/product_brand?post=1668"},{"taxonomy":"product_cat","embeddable":true,"href":"https:\/\/bogonglaser.com\/tr\/wp-json\/wp\/v2\/product_cat?post=1668"},{"taxonomy":"product_tag","embeddable":true,"href":"https:\/\/bogonglaser.com\/tr\/wp-json\/wp\/v2\/product_tag?post=1668"}],"curies":[{"name":"wp","href":"https:\/\/api.w.org\/{rel}","templated":true}]}}