{"id":1640,"date":"2024-10-28T16:03:42","date_gmt":"2024-10-28T08:03:42","guid":{"rendered":"https:\/\/bogonglaser.com\/?post_type=product&#038;p=1640"},"modified":"2025-12-10T17:25:15","modified_gmt":"2025-12-10T09:25:15","slug":"fiber-laser-engraving-cutting-machine-for-metal-jewelry","status":"publish","type":"product","link":"https:\/\/bogonglaser.com\/tr\/fiber-laser-engraving-cutting-machine-for-metal-jewelry\/","title":{"rendered":"Metal Tak\u0131 \u0130\u00e7in Fiber Lazer Grav\u00fcr Kesme Makinesi"},"content":{"rendered":"<h2>G\u00fcm\u00fc\u015f, Alt\u0131n ve Bak\u0131r Tak\u0131lar i\u00e7in Lazer Metal Grav\u00fcr Makinesi Nedir?<\/h2>\n<p>Lazer metal tak\u0131 grav\u00fcr ve kesme makinesi, y\u00fcz\u00fckler, kolyeler, k\u00fcpeler, bilezikler, kolyeler, kol d\u00fc\u011fmeleri, bro\u015flar ve di\u011fer ki\u015fisel s\u00fcs e\u015fyalar\u0131 dahil olmak \u00fczere \u00e7e\u015fitli tak\u0131 t\u00fcrlerini kaz\u0131mak ve kesmek i\u00e7in bir fiber lazer kayna\u011f\u0131 kullanan bir CNC Lazer sistemidir. Paslanmaz \u00e7elik, ala\u015f\u0131ml\u0131 \u00e7elik, g\u00fcm\u00fc\u015f, bak\u0131r, pirin\u00e7, titanyum, anodize al\u00fcminyum, al\u00fcminyum, krom, silikon gofretler ve alt\u0131n gibi bir\u00e7ok malzeme \u00fczerinde \u00e7al\u0131\u015fabilir.<\/p>\n<p>50-100W lazer g\u00fcc\u00fcne sahip en iyi lazer grav\u00fcr makineleri, metal y\u00fczeylerde i\u015faretlerin, desenlerin, logolar\u0131n, harflerin, say\u0131lar\u0131n ve g\u00f6r\u00fcnt\u00fclerin derin grav\u00fcr\u00fcn\u00fc ve hassas kesimini sa\u011flar. Bu \u00e7ok y\u00f6nl\u00fc lazer metal grav\u00fcr makinesi, \u00f6zel tak\u0131lar, metal el sanatlar\u0131, metal sanat, metal bile\u015fenler, metal hediyeler, elektronik par\u00e7alar, donan\u0131m, enstr\u00fcmanlar, yiyecek ve i\u00e7ecek grav\u00fcrleri, klavye tasar\u0131mlar\u0131, cep telefonu k\u0131l\u0131flar\u0131 ve ambalajlar olu\u015fturmak i\u00e7in idealdir.<\/p>\n<figure id=\"attachment_7459\" aria-describedby=\"caption-attachment-7459\" style=\"width: 300px\" class=\"wp-caption alignnone\"><img decoding=\"async\" class=\"size-medium wp-image-7459\" src=\"https:\/\/bogonglaser.com\/wp-content\/uploads\/2024\/10\/mini-laser-machine-1-1-300x169.jpg\" alt=\"mini lazer makinesi \" width=\"300\" height=\"169\" title=\"\" srcset=\"https:\/\/bogonglaser.com\/wp-content\/uploads\/2024\/10\/mini-laser-machine-1-1-300x169.jpg 300w, https:\/\/bogonglaser.com\/wp-content\/uploads\/2024\/10\/mini-laser-machine-1-1-600x338.jpg 600w, https:\/\/bogonglaser.com\/wp-content\/uploads\/2024\/10\/mini-laser-machine-1-1-768x432.jpg 768w, https:\/\/bogonglaser.com\/wp-content\/uploads\/2024\/10\/mini-laser-machine-1-1-18x10.jpg 18w, https:\/\/bogonglaser.com\/wp-content\/uploads\/2024\/10\/mini-laser-machine-1-1.jpg 800w\" sizes=\"(max-width: 300px) 100vw, 300px\" \/><figcaption id=\"caption-attachment-7459\" class=\"wp-caption-text\">mini lazer makinesi<\/figcaption><\/figure>\n<p>G\u00fcm\u00fc\u015f, Alt\u0131n ve Bak\u0131r Tak\u0131lar i\u00e7in Fiber Lazer Metal Grav\u00fcr Kesicinin \u00d6zellikleri<\/p>\n<p>1. Y\u00fcksek Kaliteli Lazer I\u015f\u0131n\u0131: \u00dcst\u00fcn fotoelektrik d\u00f6n\u00fc\u015f\u00fcm ile bu grav\u00fcr makinesi ola\u011fan\u00fcst\u00fc grav\u00fcr kalitesi ve hassasiyeti sunar.<\/p>\n<p>2. D\u00fc\u015f\u00fck Bak\u0131m: Rahat ve g\u00fcvenli olmas\u0131 i\u00e7in tasarlanan lazer kayna\u011f\u0131n\u0131n \u00f6mr\u00fc 100.000 saate kadar \u00e7\u0131kabilir.<\/p>\n<p>3. Dayan\u0131kl\u0131 \u0130\u015faretler: Hem g\u00fcvenilir hem de uzun \u00f6m\u00fcrl\u00fc kal\u0131c\u0131, y\u00fcksek kaliteli i\u015faretler olu\u015fturur.<\/p>\n<p>4. Tutarl\u0131 Hassasiyet: Verimli \u00fcretim i\u00e7in y\u00fcksek tekrarlanabilirlik ve h\u0131zl\u0131 grav\u00fcr h\u0131zlar\u0131.<\/p>\n<p>5. Kullan\u0131c\u0131 Dostu: Bu lazer metal kaz\u0131ma makinesinin kullan\u0131m\u0131, \u00f6nceden deneyimi olmayanlar i\u00e7in bile kolayd\u0131r.<\/p>\n<p>6. Temass\u0131z Markalama: Temass\u0131z kaz\u0131ma i\u015flemi malzeme gerilimini \u00f6nleyerek \u00fcr\u00fcnlerinizin b\u00fct\u00fcnl\u00fc\u011f\u00fcn\u00fc sa\u011flar.<\/p>\n<p>7. \u00c7ok Y\u00f6nl\u00fc Yaz\u0131l\u0131m: Makine, WINDOWS platformuyla uyumlu \u00e7ok i\u015flevli grav\u00fcr yaz\u0131l\u0131m\u0131 i\u00e7erir ve \u0130ngilizce bir aray\u00fcze sahiptir. CorelDRAW, AutoCAD ve Photoshop gibi \u00e7e\u015fitli uygulamalarla sorunsuz \u00e7al\u0131\u015f\u0131r ve PCX, DXF, PLT, BMP, SHX ve TTF yaz\u0131 tipleri gibi dosya formatlar\u0131n\u0131 destekler.<\/p>\n<p><iframe title=\"Metal i\u00e7in Fiber Lazer Grav\u00fcr Kesme Makinesi | Sat\u0131l\u0131k BOGONG LAZER \u0130\u015eARETLEME MAK\u0130NES\u0130\" width=\"1290\" height=\"726\" src=\"https:\/\/www.youtube.com\/embed\/2a9qdSpo948?feature=oembed\" frameborder=\"0\" allow=\"accelerometer; autoplay; clipboard-write; encrypted-media; gyroscope; picture-in-picture; web-share\" referrerpolicy=\"strict-origin-when-cross-origin\" allowfullscreen><\/iframe><\/p>\n<h3>G\u00fcm\u00fc\u015f, Alt\u0131n ve Bak\u0131r Tak\u0131lar i\u00e7in Fiber Lazer Metal Grav\u00fcr Kesici Uygulamalar\u0131<\/h3>\n<p>Uygulanabilir End\u00fcstriler:<\/p>\n<p>Fiber lazer metal oyma makinesi Metal Sanatlar\u0131, Metal El Sanatlar\u0131, Metal Hediyeler, Metal Kredi Kartlar\u0131, Metal Par\u00e7alar, Elektronik Bile\u015fenler, Aletler ve Saya\u00e7lar, Donan\u0131m, Yiyecek ve \u0130\u00e7ecek, M\u00fccevher, Klavyeler, Ambalaj ve Cep Telefonu K\u0131l\u0131flar\u0131 yapabilir.<\/p>\n<p>Uygulanabilir Malzemeler:<\/p>\n<p>Bu fiber lazer metal grav\u00fcr makinesi \u00f6ncelikle Al\u00fcminyum, \u00c7elik, Bak\u0131r, G\u00fcm\u00fc\u015f, Alt\u0131n, Krom, Paslanmaz \u00c7elik, Eloksall\u0131 Al\u00fcminyum ve Silikon Gofret gibi metal ve ala\u015f\u0131ml\u0131 malzemelerle kullan\u0131lmak \u00fczere tasarlanm\u0131\u015ft\u0131r.<\/p>\n<p><iframe title=\"Lazer Nedir ve Prensipleri Nelerdir? | JPT MOPA Lazer Kayna\u011f\u0131\" width=\"1290\" height=\"726\" src=\"https:\/\/www.youtube.com\/embed\/_gj7K4OJcks?feature=oembed\" frameborder=\"0\" allow=\"accelerometer; autoplay; clipboard-write; encrypted-media; gyroscope; picture-in-picture; web-share\" referrerpolicy=\"strict-origin-when-cross-origin\" allowfullscreen><\/iframe><\/p>\n<p>Fiber Lazer Kayna\u011f\u0131 Nedir?<\/p>\n<p>Fiber lazer Kayna\u011f\u0131, lazer cihaz\u0131n\u0131n i\u00e7indeki en \u00f6nemli par\u00e7ad\u0131r, lazerin \u00e7\u0131kt\u0131\u011f\u0131 bile\u015fendir, Fiber lazer kayna\u011f\u0131, kazan\u00e7 ortam\u0131 olarak fiber optik kablo kullanan bir lazer t\u00fcr\u00fcd\u00fcr. Bu teknolojide fiber, ytterbium, erbium veya neodim gibi nadir toprak elementleri ile katk\u0131lan\u0131r ve bu da fiberin lazer \u0131\u015f\u0131\u011f\u0131 \u00fcretme yetene\u011fini art\u0131r\u0131r.<\/p>\n<p>Fiber Lazer Grav\u00fcr Makinesi Nas\u0131l Kurulur ve \u00c7al\u0131\u015ft\u0131r\u0131l\u0131r?<br \/>\nMakine ile birlikte ayr\u0131nt\u0131l\u0131 e\u011fitim videolar\u0131 ve bir kullan\u0131m k\u0131lavuzu sa\u011flayaca\u011f\u0131z. M\u00fc\u015fterilerimizin yakla\u015f\u0131k 95%'si makineyi ba\u011f\u0131ms\u0131z olarak nas\u0131l kullanacaklar\u0131n\u0131 \u00f6\u011frenebilmektedir.<\/p>\n<p>Ne Yapmal\u0131y\u0131m?<a href=\"https:\/\/bogonglaser.com\/tr\/laser-engraving-machine\/\"> Fiber Lazer Grav\u00fcr Makinesi<\/a> Ar\u0131za m\u0131?<br \/>\nHerhangi bir sorunla kar\u015f\u0131la\u015f\u0131rsan\u0131z, l\u00fctfen hemen bizimle ileti\u015fime ge\u00e7in ve kendi ba\u015f\u0131n\u0131za onar\u0131m yapmaya \u00e7al\u0131\u015fmaktan ka\u00e7\u0131n\u0131n. Sorunu m\u00fcmk\u00fcn olan en k\u0131sa s\u00fcrede \u00e7\u00f6zmeye yard\u0131mc\u0131 olmak i\u00e7in yan\u0131t verece\u011fiz.<\/p>\n<p><iframe title=\"ALTIN G\u00dcM\u00dc\u015e TAKI LAZER GRAV\u00dcR KESME MAK\u0130NES\u0130 Fiyat | Lazer Ad\u0131 nacklace yapma sistemi\" width=\"1290\" height=\"726\" src=\"https:\/\/www.youtube.com\/embed\/8Y2bktvX_A8?feature=oembed\" frameborder=\"0\" allow=\"accelerometer; autoplay; clipboard-write; encrypted-media; gyroscope; picture-in-picture; web-share\" referrerpolicy=\"strict-origin-when-cross-origin\" allowfullscreen><\/iframe><\/p>\n<h3>Do\u011fru M\u00fccevher Lazer Grav\u00fcr Kesme Makinesi Nas\u0131l Se\u00e7ilir<\/h3>\n<p>Alt\u0131n, g\u00fcm\u00fc\u015f, pirin\u00e7 veya di\u011fer metalleri kaz\u0131mak i\u00e7in bir makine se\u00e7erken, hangi lazer g\u00fcc\u00fcne ihtiyac\u0131n\u0131z oldu\u011funu, hangi lazer kayna\u011f\u0131n\u0131 ve lazer kafas\u0131n\u0131 kullanaca\u011f\u0131n\u0131z\u0131, \u00e7al\u0131\u015faca\u011f\u0131n\u0131z malzemeyi ve i\u015faretin boyutunu g\u00f6z \u00f6n\u00fcnde bulundurman\u0131z \u00f6nemlidir.<\/p>\n<p>Her bir fakt\u00f6r\u00fc inceleyelim ve \u00f6nemini anlayal\u0131m...<\/p>\n<p><strong>G\u00fc\u00e7<\/strong><br \/>\nDaha y\u00fcksek g\u00fc\u00e7, lazer kayna\u011f\u0131n\u0131n daha yo\u011fun enerji anlam\u0131na gelir, bu da kesme ve derin grav\u00fcrlere yol a\u00e7abilir. 50W 60W 80W 100W 200W 300W var, kuyumculuk i\u015fi i\u00e7in, b\u00fct\u00e7e s\u0131n\u0131rl\u0131ysa 50W minimum g\u00fc\u00e7 olacakt\u0131r, g\u00fc\u00e7l\u00fc bir makine istiyorsan\u0131z, 60W veya 100W lazer se\u00e7in. 50W lazer makinesi ile neler yapabilece\u011finizi a\u015fa\u011f\u0131daki video ba\u011flant\u0131s\u0131ndan g\u00f6rebilirsiniz, 60W 100W, 50W'\u0131n yapt\u0131\u011f\u0131 t\u00fcm lazer i\u015flerini yapabilir, 60W 100W daha g\u00fc\u00e7l\u00fc lazer \u0131\u015f\u0131n\u0131 d\u00fc\u015f\u00fcnebilirsiniz.<\/p>\n<p><strong>Kesim S\u00fcresi<\/strong><br \/>\nKesme ve Derin kaz\u0131ma daha fazla zaman al\u0131r. Lazerin malzemenin daha derinlerini buharla\u015ft\u0131rmas\u0131 i\u00e7in enerjiyi hedefe daha uzun s\u00fcre y\u00f6nlendirmesi gerekir. Bunu bir tahta par\u00e7as\u0131n\u0131 kesmek gibi d\u00fc\u015f\u00fcn\u00fcn; ne kadar uzun s\u00fcre keserseniz o kadar derine inebilirsiniz.<\/p>\n<p><iframe title=\"50W Lazer Grav\u00fcr Kesici Ne Yapabilir? | Sat\u0131l\u0131k en iyi 50 watt Raycus fiber lazer markalama makinesi\" width=\"1290\" height=\"968\" src=\"https:\/\/www.youtube.com\/embed\/1DLnYH3dJXQ?feature=oembed\" frameborder=\"0\" allow=\"accelerometer; autoplay; clipboard-write; encrypted-media; gyroscope; picture-in-picture; web-share\" referrerpolicy=\"strict-origin-when-cross-origin\" allowfullscreen><\/iframe><\/p>\n<p><iframe title=\"\u0130sim Kolye Kolye i\u00e7in 60W MOPA Lazer Grav\u00fcr Kesme Makinesi | 1.5mm Metal Alt\u0131n G\u00fcm\u00fc\u015f Pirin\u00e7\" width=\"1290\" height=\"726\" src=\"https:\/\/www.youtube.com\/embed\/WlkmcSoll90?feature=oembed\" frameborder=\"0\" allow=\"accelerometer; autoplay; clipboard-write; encrypted-media; gyroscope; picture-in-picture; web-share\" referrerpolicy=\"strict-origin-when-cross-origin\" allowfullscreen><\/iframe><\/p>\n<h2>Sizin i\u00e7in ne yapabiliriz?<\/h2>\n<ul>\n<li><span class=\"magic-19\"><b class=\"magic-19\"><span class=\"magic-18\">\u00dccretsiz test \u00f6rnekleri -<\/span><\/b><span class=\"magic-20\" data-spm-anchor-id=\"a2700.details.0.i41.41d82402R4aegi\">\u00dcr\u00fcn malzemenize g\u00f6re \u00fccretsiz markalama efekti testleri ger\u00e7ekle\u015ftirebiliriz<\/span><\/span><\/li>\n<li><span class=\"magic-19\"><b class=\"magic-19\"><span class=\"magic-18\">Video Canl\u0131-<\/span><\/b><span class=\"magic-20\">Makinenin \u00fcretim s\u00fcrecini ve \u00e7al\u0131\u015fmas\u0131n\u0131 \u00e7evrimi\u00e7i videoda izlemek i\u00e7in sat\u0131\u015f dan\u0131\u015fmanlar\u0131m\u0131zla ba\u011flant\u0131 kurabilirsiniz.<\/span><\/span><\/li>\n<li><span class=\"magic-19\"><b class=\"magic-19\"><span class=\"magic-18\">\u00d6zelle\u015ftirilmi\u015f \/OEM-<\/span><\/b><span class=\"magic-20\" data-spm-anchor-id=\"a2700.details.0.i40.41d82402R4aegi\">\u0130stek \u00fczerine \u00f6zelle\u015ftirilmi\u015f makineler \uff0c Bize ula\u015f\u0131n<\/span><\/span><\/li>\n<\/ul>\n<p>&nbsp;<\/p>\n<h3>Tak\u0131 Lazer Grav\u00fcr Kesme Makinesi i\u00e7in Hangi Par\u00e7alar\u0131 se\u00e7mem gerekiyor<\/h3>\n<ul>\n<li>D\u00f6ner Cihaz: 50D 65D 80D gibi farkl\u0131 stil ve kelep\u00e7e \u00e7ap\u0131na sahip birka\u00e7 d\u00f6ner cihaz vard\u0131r<\/li>\n<li>Alt\u0131n G\u00fcm\u00fc\u015f Tutucu: Alt\u0131n g\u00fcm\u00fc\u015f metal sac\u0131n\u0131z\u0131 kesmek i\u00e7in kelep\u00e7elemek i\u00e7in, \u00e7\u00fcnk\u00fc kesme i\u015fi s\u0131ras\u0131nda \u00e7ok fazla \u0131s\u0131 vard\u0131r, metal shee kolay deformasyon.<\/li>\n<li>\n<p><figure id=\"attachment_7430\" aria-describedby=\"caption-attachment-7430\" style=\"width: 300px\" class=\"wp-caption alignnone\"><img decoding=\"async\" class=\"size-medium wp-image-7430\" src=\"https:\/\/bogonglaser.com\/wp-content\/uploads\/2024\/10\/gold-silver-holder-and-rotary-1-300x225.png\" alt=\"alt\u0131n g\u00fcm\u00fc\u015f tutucu ve d\u00f6ner\" width=\"300\" height=\"225\" title=\"\" srcset=\"https:\/\/bogonglaser.com\/wp-content\/uploads\/2024\/10\/gold-silver-holder-and-rotary-1-300x225.png 300w, https:\/\/bogonglaser.com\/wp-content\/uploads\/2024\/10\/gold-silver-holder-and-rotary-1-16x12.png 16w, https:\/\/bogonglaser.com\/wp-content\/uploads\/2024\/10\/gold-silver-holder-and-rotary-1.png 400w\" sizes=\"(max-width: 300px) 100vw, 300px\" \/><figcaption id=\"caption-attachment-7430\" class=\"wp-caption-text\">alt\u0131n g\u00fcm\u00fc\u015f tutucu ve d\u00f6ner<\/figcaption><\/figure><\/li>\n<\/ul>\n<p>Fiber Lazer Metal Grav\u00fcr Kesici i\u00e7in \u00d6deme Ko\u015fullar\u0131<\/p>\n<p>1. Depozito ve Bakiye: Sevkiyattan \u00f6nce \u00f6denmesi gereken bakiye ile \u00f6nceden bir 30% T \/ T depozitosu gereklidir.<\/p>\n<p>2. Alibaba Ticaret G\u00fcvencesi: \u00d6demeler Alibaba Ticaret G\u00fcvencesi arac\u0131l\u0131\u011f\u0131yla ger\u00e7ekle\u015ftirilebilir.<\/p>\n<p>Fiber Lazer Metal Grav\u00fcr Kesici i\u00e7in SSS<\/p>\n<p>Fiber Lazer Markalama Makinesi i\u00e7in Ambalaj Nedir?<br \/>\nMakinelerimiz \u00fc\u00e7 katmanl\u0131 bir d\u00fczende paketlenir. D\u0131\u015f katman ah\u015fap bir kasadan olu\u015fur, orta katmanda sars\u0131nt\u0131ya kar\u015f\u0131 koruma sa\u011flamak i\u00e7in k\u00f6p\u00fck dolgu bulunur ve i\u00e7 katman su ge\u00e7irmezlik i\u00e7in kal\u0131n bir plastik torba i\u00e7erir.<\/p>\n<p>Paket Ta\u015f\u0131ma S\u0131ras\u0131nda Zarar G\u00f6recek mi?<br \/>\nAmbalajlar\u0131m\u0131z\u0131 t\u00fcm olas\u0131 hasar fakt\u00f6rlerini ele alacak \u015fekilde titizlikle tasarl\u0131yoruz ve nakliye acentelerimiz g\u00fcvenli ta\u015f\u0131mac\u0131l\u0131k konusunda deneyimlidir. Ba\u015far\u0131l\u0131 bir \u015fekilde 180 \u00fclkeye ihracat yapt\u0131k, bu nedenle paketinizin m\u00fckemmel durumda ula\u015faca\u011f\u0131ndan emin olabilirsiniz.<\/p>\n<figure id=\"attachment_7458\" aria-describedby=\"caption-attachment-7458\" style=\"width: 300px\" class=\"wp-caption alignnone\"><img decoding=\"async\" class=\"size-medium wp-image-7458\" src=\"https:\/\/bogonglaser.com\/wp-content\/uploads\/2024\/10\/bogong-new-design-1-300x225.png\" alt=\"bogong yeni\u0307 tasarim\" width=\"300\" height=\"225\" title=\"\" srcset=\"https:\/\/bogonglaser.com\/wp-content\/uploads\/2024\/10\/bogong-new-design-1-300x225.png 300w, https:\/\/bogonglaser.com\/wp-content\/uploads\/2024\/10\/bogong-new-design-1-600x450.png 600w, https:\/\/bogonglaser.com\/wp-content\/uploads\/2024\/10\/bogong-new-design-1-768x576.png 768w, https:\/\/bogonglaser.com\/wp-content\/uploads\/2024\/10\/bogong-new-design-1-16x12.png 16w, https:\/\/bogonglaser.com\/wp-content\/uploads\/2024\/10\/bogong-new-design-1.png 800w\" sizes=\"(max-width: 300px) 100vw, 300px\" \/><figcaption id=\"caption-attachment-7458\" class=\"wp-caption-text\">bogong yeni\u0307 tasarim<\/figcaption><\/figure>\n<figure id=\"attachment_7457\" aria-describedby=\"caption-attachment-7457\" style=\"width: 300px\" class=\"wp-caption alignnone\"><img decoding=\"async\" class=\"size-medium wp-image-7457\" src=\"https:\/\/bogonglaser.com\/wp-content\/uploads\/2024\/10\/mini-laser-machine-2-1-300x300.jpg\" alt=\"mini lazer makinesi \" width=\"300\" height=\"300\" title=\"\" srcset=\"https:\/\/bogonglaser.com\/wp-content\/uploads\/2024\/10\/mini-laser-machine-2-1-300x300.jpg 300w, https:\/\/bogonglaser.com\/wp-content\/uploads\/2024\/10\/mini-laser-machine-2-1-100x100.jpg 100w, https:\/\/bogonglaser.com\/wp-content\/uploads\/2024\/10\/mini-laser-machine-2-1-600x600.jpg 600w, https:\/\/bogonglaser.com\/wp-content\/uploads\/2024\/10\/mini-laser-machine-2-1-150x150.jpg 150w, https:\/\/bogonglaser.com\/wp-content\/uploads\/2024\/10\/mini-laser-machine-2-1-768x768.jpg 768w, https:\/\/bogonglaser.com\/wp-content\/uploads\/2024\/10\/mini-laser-machine-2-1-12x12.jpg 12w, https:\/\/bogonglaser.com\/wp-content\/uploads\/2024\/10\/mini-laser-machine-2-1.jpg 1000w\" sizes=\"(max-width: 300px) 100vw, 300px\" \/><figcaption id=\"caption-attachment-7457\" class=\"wp-caption-text\">mini lazer makinesi<\/figcaption><\/figure>\n<p><iframe title=\"Tak\u0131 i\u00e7in BOGONG Lazer Grav\u00fcr Kesici Sat\u0131n Ald\u0131, Ne Yapt\u0131\uff1f LAZER MAK\u0130NES\u0130 NASIL \u00c7ALI\u015eIYOR?\" width=\"1290\" height=\"726\" src=\"https:\/\/www.youtube.com\/embed\/OYi7giXXm38?feature=oembed\" frameborder=\"0\" allow=\"accelerometer; autoplay; clipboard-write; encrypted-media; gyroscope; picture-in-picture; web-share\" referrerpolicy=\"strict-origin-when-cross-origin\" allowfullscreen><\/iframe><\/p>\n<p><iframe title=\"Grenada Kullan\u0131c\u0131 G\u00f6r\u00fc\u015fleri BOGONG Lazer Grav\u00fcr Kesme Makinesi | En \u0130yi M\u00fccevher Alt\u0131n G\u00fcm\u00fc\u015f Lazer\" width=\"1290\" height=\"726\" src=\"https:\/\/www.youtube.com\/embed\/Y25Z0xbP7ZQ?feature=oembed\" frameborder=\"0\" allow=\"accelerometer; autoplay; clipboard-write; encrypted-media; gyroscope; picture-in-picture; web-share\" referrerpolicy=\"strict-origin-when-cross-origin\" allowfullscreen><\/iframe><\/p>\n<p>BOGONG youtube kanal\u0131ndan daha fazla m\u00fc\u015fteri geri bildirimi bulabilirsiniz<\/p>\n<figure id=\"attachment_7426\" aria-describedby=\"caption-attachment-7426\" style=\"width: 300px\" class=\"wp-caption alignnone\"><img decoding=\"async\" class=\"size-full wp-image-7426\" src=\"https:\/\/bogonglaser.com\/wp-content\/uploads\/2024\/10\/mini-laser-machine-2.jpg\" alt=\"mini lazer makinesi\" width=\"300\" height=\"225\" title=\"\" srcset=\"https:\/\/bogonglaser.com\/wp-content\/uploads\/2024\/10\/mini-laser-machine-2.jpg 300w, https:\/\/bogonglaser.com\/wp-content\/uploads\/2024\/10\/mini-laser-machine-2-16x12.jpg 16w\" sizes=\"(max-width: 300px) 100vw, 300px\" \/><figcaption id=\"caption-attachment-7426\" class=\"wp-caption-text\">mini lazer makinesi<\/figcaption><\/figure>\n<figure id=\"attachment_7428\" aria-describedby=\"caption-attachment-7428\" style=\"width: 205px\" class=\"wp-caption alignnone\"><img decoding=\"async\" class=\"size-full wp-image-7428\" src=\"https:\/\/bogonglaser.com\/wp-content\/uploads\/2024\/10\/3d-laser-marker-2-1.jpg\" alt=\"3d lazer i\u015faretleyici\" width=\"205\" height=\"300\" title=\"\" srcset=\"https:\/\/bogonglaser.com\/wp-content\/uploads\/2024\/10\/3d-laser-marker-2-1.jpg 205w, https:\/\/bogonglaser.com\/wp-content\/uploads\/2024\/10\/3d-laser-marker-2-1-8x12.jpg 8w\" sizes=\"(max-width: 205px) 100vw, 205px\" \/><figcaption id=\"caption-attachment-7428\" class=\"wp-caption-text\">3d lazer i\u015faretleyici<\/figcaption><\/figure>\n<p>M\u00fc\u015fterilerin \u00e7o\u011fu UPS \/ DHL express ile ta\u015f\u0131may\u0131 se\u00e7meyi sever, yakla\u015f\u0131k 5-7 g\u00fcn var\u0131\u015f noktas\u0131na ula\u015fabilir, g\u00fcm\u00fc\u015f pirin\u00e7 alt\u0131n bak\u0131r i\u00e7in fiber lazer metal grav\u00fcr makinesi hakk\u0131nda daha fazla ayr\u0131nt\u0131 almak i\u00e7in BOGONG ile ileti\u015fime ge\u00e7in.<\/p>","protected":false},"excerpt":{"rendered":"<h2>Fiber Laser Metal Engraver For Silver, Gold, Brass, Copper<\/h2>\n<p>The 50W &#8211; 100W fiber laser metal engraver cutting machine is designed for creating personalized jewelry, including rings, earrings, bracelets, pendants, necklaces, brooches, cufflinks, etc. It works with a variety of materials, such as stainless steel, titanium, aluminum, copper, brass, alloys, silver, and gold, allowing you to engrave names, logos, signs, letters, numbers, patterns, and photos. This top-quality metal laser cutter and engraving machine is now available for sale at an affordable price, making it a great option for your budget.<\/p>\n<ul class=\"tips\">\n<li>350 Sets \/ Month Waiting for Sale In Stock<\/li>\n<li>2 Years Limited Warranty for Entire Machine<\/li>\n<li>3-5 days prepare laser machine, 3-7days transport.<\/li>\n<li>Online (PayPal) &amp; Offline (T\/T, Debit &amp; Credit Cards)<\/li>\n<\/ul>\n<hr \/>\n<h4><strong>Get a Quote<\/strong><\/h4>\n<p>[contact-form-7 id=&#8221;029fbc1&#8243; title=&#8221;Products Form&#8221;]<\/p>\n","protected":false},"featured_media":1641,"template":"","meta":{"_gspb_post_css":""},"product_brand":[],"product_cat":[97,93,96],"product_tag":[102],"class_list":{"0":"post-1640","1":"product","2":"type-product","3":"status-publish","4":"has-post-thumbnail","6":"product_cat-fiber-laser-marker","7":"product_cat-laser-engraving-machine","8":"product_cat-laser-marking-machine","9":"product_tag-laser-marking-machine","11":"first","12":"instock","13":"shipping-taxable","14":"product-type-simple"},"_links":{"self":[{"href":"https:\/\/bogonglaser.com\/tr\/wp-json\/wp\/v2\/product\/1640","targetHints":{"allow":["GET"]}}],"collection":[{"href":"https:\/\/bogonglaser.com\/tr\/wp-json\/wp\/v2\/product"}],"about":[{"href":"https:\/\/bogonglaser.com\/tr\/wp-json\/wp\/v2\/types\/product"}],"wp:featuredmedia":[{"embeddable":true,"href":"https:\/\/bogonglaser.com\/tr\/wp-json\/wp\/v2\/media\/1641"}],"wp:attachment":[{"href":"https:\/\/bogonglaser.com\/tr\/wp-json\/wp\/v2\/media?parent=1640"}],"wp:term":[{"taxonomy":"product_brand","embeddable":true,"href":"https:\/\/bogonglaser.com\/tr\/wp-json\/wp\/v2\/product_brand?post=1640"},{"taxonomy":"product_cat","embeddable":true,"href":"https:\/\/bogonglaser.com\/tr\/wp-json\/wp\/v2\/product_cat?post=1640"},{"taxonomy":"product_tag","embeddable":true,"href":"https:\/\/bogonglaser.com\/tr\/wp-json\/wp\/v2\/product_tag?post=1640"}],"curies":[{"name":"wp","href":"https:\/\/api.w.org\/{rel}","templated":true}]}}