{"id":1509,"date":"2024-10-16T14:18:38","date_gmt":"2024-10-16T06:18:38","guid":{"rendered":"https:\/\/bogonglaser.com\/?post_type=product&#038;p=1509"},"modified":"2025-12-10T17:20:22","modified_gmt":"2025-12-10T09:20:22","slug":"pulse-laser-cleaning-machine","status":"publish","type":"product","link":"https:\/\/bogonglaser.com\/tr\/pulse-laser-cleaning-machine\/","title":{"rendered":"Sat\u0131l\u0131k Fiber Lazer Derin Metal Grav\u00fcr Makinesi"},"content":{"rendered":"<p>Fiber lazer derin grav\u00fcr makinesi, paslanmaz \u00e7elik, titanyum, al\u00fcminyum, pirin\u00e7 ve daha fazlas\u0131 dahil olmak \u00fczere \u00e7e\u015fitli malzemeler \u00fczerinde derin grav\u00fcr yapmak i\u00e7in harika bir ara\u00e7t\u0131r. <a href=\"https:\/\/bogonglaser.com\/tr\/\">BOGONG<\/a> 50w 60w fiber lazer metal grav\u00fcr makinesi sadece a\u015f\u0131nd\u0131rmada m\u00fckemmel olmakla kalmaz, ayn\u0131 zamanda ince metalleri de kesebilir. Bu geli\u015fmi\u015f lazer metal a\u015f\u0131nd\u0131rma makinesini \u015fimdi uygun bir fiyata sat\u0131n alabilirsiniz.<\/p>\n<figure id=\"attachment_7453\" aria-describedby=\"caption-attachment-7453\" style=\"width: 300px\" class=\"wp-caption alignnone\"><img decoding=\"async\" class=\"size-medium wp-image-7453\" src=\"https:\/\/bogonglaser.com\/wp-content\/uploads\/2024\/10\/deep-engraving-machine-2-300x225.jpg\" alt=\"derin oyma makinesi\" width=\"300\" height=\"225\" title=\"\" srcset=\"https:\/\/bogonglaser.com\/wp-content\/uploads\/2024\/10\/deep-engraving-machine-2-300x225.jpg 300w, https:\/\/bogonglaser.com\/wp-content\/uploads\/2024\/10\/deep-engraving-machine-2-600x450.jpg 600w, https:\/\/bogonglaser.com\/wp-content\/uploads\/2024\/10\/deep-engraving-machine-2-768x576.jpg 768w, https:\/\/bogonglaser.com\/wp-content\/uploads\/2024\/10\/deep-engraving-machine-2-16x12.jpg 16w, https:\/\/bogonglaser.com\/wp-content\/uploads\/2024\/10\/deep-engraving-machine-2.jpg 800w\" sizes=\"(max-width: 300px) 100vw, 300px\" \/><figcaption id=\"caption-attachment-7453\" class=\"wp-caption-text\">derin oyma makinesi<\/figcaption><\/figure>\n<p>\"Grav\u00fcr\" terimi iki ana t\u00fcr\u00fc i\u00e7erir: s\u0131\u011f grav\u00fcr ve derin grav\u00fcr. \u0130nsanlar \"lazer kaz\u0131ma\" hakk\u0131nda konu\u015ftuklar\u0131nda genellikle s\u0131\u011f kaz\u0131may\u0131 kastederler. Derin grav\u00fcr ve lazer grav\u00fcr benzerlikler g\u00f6sterse de ayn\u0131 de\u011fildir.<\/p>\n<p>\u00c7e\u015fitli teknolojik uygulamalarda, kal\u0131plar, ate\u015fli silahlar, m\u00fccevherler, otomotiv par\u00e7alar\u0131 ve \u00e7elik, seramik, alt\u0131n, g\u00fcm\u00fc\u015f, bak\u0131r ve al\u00fcminyum gibi metallerin yan\u0131 s\u0131ra silikon karb\u00fcr ve nikel-krom ala\u015f\u0131mlar\u0131 gibi yeni malzemeler gibi baz\u0131 derin grav\u00fcr gereksinimleri vard\u0131r, d\u0131\u015f tabakay\u0131 derinlemesine soymak esast\u0131r. a\u015fa\u011f\u0131daki makalede daha fazlas\u0131n\u0131 bulabilirsiniz.<\/p>\n<p>Elektriksel veya kimyasal korozyon gibi geleneksel y\u00f6ntemler zahmetli olabilir ve hassasiyet gereksinimlerini kar\u015f\u0131lamakta zorlanabilir. lazer termal i\u015fleme mikron d\u00fczeyinde hassasiyet sunar, y\u00fcksek kaliteli bir lazer kayna\u011f\u0131, lazer galvo kafas\u0131 ve Yaz\u0131l\u0131m ile birlikte \u00f6zelle\u015ftirme hayalinizi ger\u00e7e\u011fe d\u00f6n\u00fc\u015ft\u00fcr\u00fcr.<\/p>\n<figure id=\"attachment_7454\" aria-describedby=\"caption-attachment-7454\" style=\"width: 300px\" class=\"wp-caption alignnone\"><img decoding=\"async\" class=\"size-medium wp-image-7454\" src=\"https:\/\/bogonglaser.com\/wp-content\/uploads\/2024\/10\/deep-engraving-machine-1-300x225.jpg\" alt=\"derin oyma makinesi\" width=\"300\" height=\"225\" title=\"\" srcset=\"https:\/\/bogonglaser.com\/wp-content\/uploads\/2024\/10\/deep-engraving-machine-1-300x225.jpg 300w, https:\/\/bogonglaser.com\/wp-content\/uploads\/2024\/10\/deep-engraving-machine-1-600x450.jpg 600w, https:\/\/bogonglaser.com\/wp-content\/uploads\/2024\/10\/deep-engraving-machine-1-768x576.jpg 768w, https:\/\/bogonglaser.com\/wp-content\/uploads\/2024\/10\/deep-engraving-machine-1-16x12.jpg 16w, https:\/\/bogonglaser.com\/wp-content\/uploads\/2024\/10\/deep-engraving-machine-1.jpg 800w\" sizes=\"(max-width: 300px) 100vw, 300px\" \/><figcaption id=\"caption-attachment-7454\" class=\"wp-caption-text\">derin oyma makinesi<\/figcaption><\/figure>\n<p>Lazerle derin kaz\u0131ma, fiber lazer ve ileri teknoloji kullanan bir markalama i\u015flemidir. Bu, lazerin g\u00fcc\u00fcn\u00fc ve kalitesini art\u0131rarak metali h\u0131zla gaza d\u00f6n\u00fc\u015ft\u00fcrmesini sa\u011flar ve yak\u0131ndaki alanlara \u0131s\u0131 hasar\u0131n\u0131 azalt\u0131r. Y\u00fcksek tekrarlama oran\u0131yla, harflerin ve tasar\u0131mlar\u0131n ana hatlar\u0131 daha az p\u00fcr\u00fcz ve ho\u015f bir alt doku ile daha keskin ve temiz hale gelir. Bu y\u00f6ntem, geleneksel korozyon i\u015flemlerinde genellikle \u00e7ok say\u0131da ad\u0131m gerektiren i\u015flemleri tek seferde tamamlayabilir. Ayr\u0131ca, herhangi bir ekstra malzeme veya kimyasala ihtiya\u00e7 duymaz, bu da onu uygun maliyetli hale getirir.<\/p>\n<p>Grav\u00fcr\u00fcn derinli\u011fi ve h\u0131z\u0131 \u00e7e\u015fitli fakt\u00f6rlere ba\u011fl\u0131d\u0131r:<\/p>\n<ul>\n<li><strong>Metal T\u00fcr\u00fc:<\/strong> Grav\u00fcr s\u0131ras\u0131nda farkl\u0131 metaller farkl\u0131 davran\u0131r. \u00d6rne\u011fin, al\u00fcminyum en d\u00fc\u015f\u00fck erime noktas\u0131na sahiptir, bu nedenle en h\u0131zl\u0131 kaz\u0131n\u0131r.<\/li>\n<li><strong>Darbe Geni\u015fli\u011fi:<\/strong> Daha geni\u015f bir darbe daha h\u0131zl\u0131 kaz\u0131ma ancak daha kaba g\u00f6lgelendirme anlam\u0131na gelir. Daha k\u00fc\u00e7\u00fck bir darbe daha yava\u015f \u00e7al\u0131\u015f\u0131r ancak daha ince g\u00f6lgelendirme sa\u011flar. Do\u011fru darbe geni\u015fli\u011fini se\u00e7mek, h\u0131z ve kaliteyi dengelemek i\u00e7in \u00f6nemlidir.<\/li>\n<li><strong>Lazer Kayna\u011f\u0131:<\/strong> Kullan\u0131lan lazer t\u00fcr\u00fc \u0131\u015f\u0131\u011f\u0131 ne kadar iyi emdi\u011fini etkiler, bu nedenle markay\u0131 ve b\u00fct\u00e7enizi g\u00f6z \u00f6n\u00fcnde bulundurman\u0131z \u00f6nemlidir.<\/li>\n<li><strong>Lazer G\u00fcc\u00fc:<\/strong> Daha y\u00fcksek lazer g\u00fcc\u00fc, di\u011fer ko\u015fullar ayn\u0131 kal\u0131rsa genellikle daha derin kaz\u0131ma anlam\u0131na gelir.<\/li>\n<li><strong>Grav\u00fcr S\u00fcresi:<\/strong> Grav\u00fcr i\u015flemi birden fazla ge\u00e7i\u015f gerektirir. Kaz\u0131ma i\u00e7in ne kadar \u00e7ok zaman harcarsan\u0131z, sonu\u00e7 o kadar derin olur.<\/li>\n<li><strong>Y\u00fczey Durumu:<\/strong> Metal y\u00fczeyin dokusu \u00f6nemlidir. P\u00fcr\u00fczs\u00fcz, parlak veya i\u015flenmi\u015f y\u00fczeyler (anodize veya kaplanm\u0131\u015f olanlar gibi) lazere farkl\u0131 tepki vererek nihai sonu\u00e7lar\u0131 etkiler.<\/li>\n<li><strong>Tarama Aral\u0131\u011f\u0131:<\/strong> Lazerin opti\u011fi tarama aral\u0131\u011f\u0131n\u0131 belirler. Daha geni\u015f bir aral\u0131k, kaz\u0131may\u0131 daha zor ve daha yava\u015f hale getirebilir.<\/li>\n<\/ul>\n<p>&nbsp;<\/p>\n<h3>Lazer kaz\u0131man\u0131n maksimum derinli\u011fi nedir?<\/h3>\n<p>Lazer kaz\u0131ma makinesinin derinli\u011fi, \u00fczerinde daha fazla zaman harcarsan\u0131z 1 mm veya daha fazla olabilir, daha b\u00fcy\u00fck bir lazer g\u00fcc\u00fc makinesi se\u00e7mek daha fazla zaman kazanman\u0131za yard\u0131mc\u0131 olabilir.<\/p>\n<h4>Metali derin kaz\u0131mak i\u00e7in en iyi lazer hangisidir?<\/h4>\n<p>Fiber lazer metal \u00fczerinde derin grav\u00fcr yapabilir, g\u00f6lgelendirmede daha iyi sonu\u00e7 almak istiyorsan\u0131z, bir fiber mopa se\u00e7mek iyi bir fikir olacakt\u0131r.<\/p>\n<p><iframe title=\"\u0130nan\u0131lmaz Dedi 60W MOPA Fiber Lazer Grav\u00fcr Makinesi | Metal \u00dczerine Derin Grav\u00fcr \u00c7al\u0131\u015fmas\u0131\" width=\"1290\" height=\"726\" src=\"https:\/\/www.youtube.com\/embed\/7wAJLwkef5M?feature=oembed\" frameborder=\"0\" allow=\"accelerometer; autoplay; clipboard-write; encrypted-media; gyroscope; picture-in-picture; web-share\" referrerpolicy=\"strict-origin-when-cross-origin\" allowfullscreen><\/iframe><\/p>\n<p><iframe title=\"BOGONG Lazer Grav\u00fcr Makinesi | Fiber Lazer Grav\u00fcr Makinesi ile \u0130nan\u0131lmaz \u00c7al\u0131\u015fma\" width=\"1290\" height=\"726\" src=\"https:\/\/www.youtube.com\/embed\/Y15fta5gyZo?feature=oembed\" frameborder=\"0\" allow=\"accelerometer; autoplay; clipboard-write; encrypted-media; gyroscope; picture-in-picture; web-share\" referrerpolicy=\"strict-origin-when-cross-origin\" allowfullscreen><\/iframe><\/p>\n<h3>Do\u011fru Derin Lazer Grav\u00fcr Makinesi Nas\u0131l Se\u00e7ilir<\/h3>\n<p>Grav\u00fcr projeniz i\u00e7in bir makine se\u00e7erken, grav\u00fcr\u00fcn ne kadar derin olmas\u0131 gerekti\u011fini, \u00e7al\u0131\u015faca\u011f\u0131n\u0131z malzemeyi ve i\u015faretin boyutunu g\u00f6z \u00f6n\u00fcnde bulundurman\u0131z \u00f6nemlidir. \u0130\u015fte ak\u0131lda tutulmas\u0131 gereken 5 temel fakt\u00f6r: h\u0131z, g\u00fc\u00e7, grav\u00fcr s\u00fcresi ve malzeme.<\/p>\n<p>Her bir fakt\u00f6r\u00fc inceleyelim ve \u00f6nemini anlayal\u0131m.<\/p>\n<p><strong>H\u0131z<\/strong><br \/>\nH\u0131z genellikle frekans ile kar\u0131\u015ft\u0131r\u0131l\u0131r, ancak ayn\u0131 de\u011fildirler. Frekans, lazer \u0131\u015f\u0131n\u0131n\u0131n belirli bir zaman diliminde hedefe ka\u00e7 kez \u00e7arpt\u0131\u011f\u0131n\u0131 ifade ederken, h\u0131z \u0131\u015f\u0131n\u0131n hedefe ne kadar s\u00fcre odakland\u0131\u011f\u0131n\u0131 g\u00f6sterir. Genel olarak, daha derin bir kaz\u0131ma istiyorsan\u0131z, daha d\u00fc\u015f\u00fck bir h\u0131za ihtiyac\u0131n\u0131z olacakt\u0131r. Ancak, derinli\u011fi etkileyen tek fakt\u00f6r\u00fcn daha d\u00fc\u015f\u00fck bir h\u0131z olmad\u0131\u011f\u0131n\u0131 unutmay\u0131n.<\/p>\n<p><strong>G\u00fc\u00e7<\/strong><br \/>\nDaha y\u00fcksek g\u00fc\u00e7, lazerin daha yo\u011fun enerji \u00fcretti\u011fi anlam\u0131na gelir ve bu da daha derin kaz\u0131malara yol a\u00e7abilir. Ancak h\u0131za benzer \u015fekilde, bu sonu\u00e7 da oyundaki di\u011fer fakt\u00f6rlere ba\u011fl\u0131 olarak de\u011fi\u015febilir.<\/p>\n<p><strong>Grav\u00fcr S\u00fcresi<\/strong><br \/>\nDerin kaz\u0131ma daha fazla zaman al\u0131r. Lazerin malzemeyi daha derine buharla\u015ft\u0131rmas\u0131 i\u00e7in enerjiyi hedefe daha uzun s\u00fcre y\u00f6nlendirmesi gerekir. Bunu bir tahta par\u00e7as\u0131n\u0131 kesmek gibi d\u00fc\u015f\u00fcn\u00fcn; ne kadar uzun s\u00fcre keserseniz o kadar derine inebilirsiniz.<\/p>\n<p><strong>Malzemeler<\/strong><br \/>\nLazer kaz\u0131ma makinenizi kulland\u0131\u011f\u0131n\u0131z malzemeye g\u00f6re se\u00e7in. Genel bir kural olarak, fiber lazerler metaller i\u00e7in en iyi sonucu verirken, CO2 lazerler ah\u015fap i\u00e7in idealdir. Yanl\u0131\u015f lazer t\u00fcr\u00fcn\u00fcn kullan\u0131lmas\u0131 k\u00f6t\u00fc grav\u00fcr sonu\u00e7lar\u0131na yol a\u00e7abilir.<\/p>\n<h3>Derin Lazer Grav\u00fcr Makinesi Se\u00e7erken Yard\u0131ma m\u0131 \u0130htiyac\u0131n\u0131z Var?<\/h3>\n<p>Derin lazer kaz\u0131ma, standart kaz\u0131maya k\u0131yasla farkl\u0131 ayarlar gerektiren \u00f6zel bir kaz\u0131ma \u015feklidir. Ancak, bu ama\u00e7 i\u00e7in mutlaka farkl\u0131 bir makineye ihtiyac\u0131n\u0131z yoktur. BOGONG LASER'de lazer markalama makinelerimiz, geli\u015fmi\u015f ayarlar\u0131 ve otomatik ayarlanan odak noktas\u0131 sayesinde hem s\u0131\u011f hem de derin grav\u00fcr i\u015flemlerini ger\u00e7ekle\u015ftirecek \u015fekilde tasarlanm\u0131\u015ft\u0131r.<\/p>\n<p>\u0130ster izlenebilirlik, ister logolar veya dolgu i\u00e7in bir makineye ihtiyac\u0131n\u0131z olsun, ekibimiz ihtiya\u00e7lar\u0131n\u0131z\u0131 ve zorluklar\u0131n\u0131z\u0131 dinlemek i\u00e7in burada. Mevcut projenizde \u00fcst\u00fcn performans g\u00f6steren ve gelecekteki projeleriniz i\u00e7in uzun \u00f6m\u00fcrl\u00fc olacak bir lazer makinesi se\u00e7menize yard\u0131mc\u0131 olaca\u011f\u0131z.<\/p>\n<p>\u0130stedi\u011finiz grav\u00fcr derinli\u011fini, proje gereksinimlerini ve malzemeleri g\u00f6r\u00fc\u015fmek i\u00e7in bug\u00fcn ekibimizle ileti\u015fime ge\u00e7in.<\/p>\n<h4>BOGONG cihaz\u0131n\u0131n \u00f6zelli\u011fi:<\/h4>\n<ul>\n<li><strong>Basit ve H\u0131zl\u0131 Kurulum:<\/strong> USB arac\u0131l\u0131\u011f\u0131yla bilgisayar\u0131n\u0131za kolayca ba\u011flan\u0131r.<\/li>\n<li><strong>Uygun Maliyetli:<\/strong> Geleneksel \u0131\u015f\u0131k pompalayan lazerlerin onda biri olan 500W'\u0131n alt\u0131ndaki d\u00fc\u015f\u00fck g\u00fc\u00e7 t\u00fcketimi ile y\u00fcksek yat\u0131r\u0131m getirisinin keyfini \u00e7\u0131kar\u0131n.<\/li>\n<li><strong>Bak\u0131m Gerektirmez:<\/strong> Lazer \u00fczerinde bak\u0131m yap\u0131lmas\u0131na gerek yoktur.<\/li>\n<li><strong>Uzat\u0131lm\u0131\u015f Hizmet \u00d6mr\u00fc:<\/strong> Bu <a href=\"https:\/\/bogonglaser.com\/tr\/laser-engraving-machine\/\">lazer metal kaz\u0131ma makinesi<\/a> pompalama kayna\u011f\u0131 olarak bir lazer diyot kullan\u0131r ve 100.000 saate kadar kullan\u0131m \u00f6mr\u00fc sunar.<\/li>\n<\/ul>\n<p>&nbsp;<\/p>\n<h3>Fiber Lazer Derin Grav\u00fcr Makineleri Uygulamalar\u0131<\/h3>\n<p>Fiber lazer derin kaz\u0131ma makineleri, \u00e7ok \u00e7e\u015fitli malzemeler \u00fczerinde i\u015faretleme ve kaz\u0131ma i\u00e7in kullan\u0131lan \u00e7ok y\u00f6nl\u00fc ara\u00e7lard\u0131r. \u00d6zellikle paslanmaz \u00e7elik, al\u00fcminyum, ala\u015f\u0131mlar, pirin\u00e7, g\u00fcm\u00fc\u015f, alt\u0131n, titanyum ve demir gibi metaller \u00fczerinde etkilidirler. Ayr\u0131ca, bu makineler metal olmayan y\u00fczeylerde de kullan\u0131labilir. Yayg\u0131n uygulamalar \u015funlard\u0131r:<\/p>\n<ul>\n<li>Silahlar ve ate\u015fli silahlar<\/li>\n<li>Y\u00fcz\u00fckler ve tak\u0131lar<\/li>\n<li>Rulmanlar ve di\u015fliler<\/li>\n<li>Otomotiv par\u00e7alar\u0131<\/li>\n<li>Donan\u0131m ve ara\u00e7lar<\/li>\n<li>Havac\u0131l\u0131k ve uzay bile\u015fenleri<\/li>\n<li>Entegre devre \u00e7ipleri<\/li>\n<li>Bilgisayar aksesuarlar\u0131<\/li>\n<li>Saatler<\/li>\n<li>Elektronik ve ileti\u015fim cihazlar\u0131<\/li>\n<li>Ev aletleri<\/li>\n<li>Tel ve kablo<\/li>\n<li>Kolye ve bilezik gibi s\u00fcs e\u015fyalar\u0131<\/li>\n<\/ul>\n<p>These machines are also capable of cutting thin metals such as stainless steel, aluminum, alloys, brass, silver, gold, and titanium.Contact with BOGONG team to get newest price.<\/p>","protected":false},"excerpt":{"rendered":"<h2>Sat\u0131l\u0131k Fiber Lazer Derin Metal Grav\u00fcr Makinesi<\/h2>\n<p>Fiber lazer derin grav\u00fcr makinesi, paslanmaz \u00e7elik, titanyum, al\u00fcminyum, pirin\u00e7 ve daha fazlas\u0131 dahil olmak \u00fczere \u00e7e\u015fitli malzemeler \u00fczerinde derin grav\u00fcr i\u00e7in harika bir ara\u00e7t\u0131r. BOGONG 50w 60w fiber lazer metal grav\u00fcr makinesi sadece a\u015f\u0131nd\u0131rmada m\u00fckemmel olmakla kalmaz, ayn\u0131 zamanda ince metalleri de kesebilir. Bu geli\u015fmi\u015f lazer metal a\u015f\u0131nd\u0131rma makinesini \u015fimdi uygun bir fiyata sat\u0131n alabilirsiniz.<\/p>\n<ul class=\"tips\">\n<li>180 Tak\u0131m \/ Ay Stokta Sat\u0131\u015f Bekliyor<\/li>\n<li>T\u00fcm Makine i\u00e7in 2 Y\u0131l S\u0131n\u0131rl\u0131 Garanti<\/li>\n<li>1-2 G\u00fcn Ta\u015f\u0131ma ve 7-30 G\u00fcn Nakliye<\/li>\n<li>Sat\u0131n Ald\u0131\u011f\u0131n\u0131z \u00dcr\u00fcn \u0130\u00e7in 30 G\u00fcnl\u00fck Para \u0130ade Garantisi<\/li>\n<li>\u00c7evrimi\u00e7i (PayPal) ve \u00c7evrimd\u0131\u015f\u0131 (T \/ T, Banka ve Kredi Kartlar\u0131)<\/li>\n<\/ul>","protected":false},"featured_media":1625,"template":"","meta":{"_gspb_post_css":""},"product_brand":[],"product_cat":[97,93,96],"product_tag":[102],"class_list":{"0":"post-1509","1":"product","2":"type-product","3":"status-publish","4":"has-post-thumbnail","6":"product_cat-fiber-laser-marker","7":"product_cat-laser-engraving-machine","8":"product_cat-laser-marking-machine","9":"product_tag-laser-marking-machine","11":"first","12":"instock","13":"shipping-taxable","14":"product-type-simple"},"_links":{"self":[{"href":"https:\/\/bogonglaser.com\/tr\/wp-json\/wp\/v2\/product\/1509","targetHints":{"allow":["GET"]}}],"collection":[{"href":"https:\/\/bogonglaser.com\/tr\/wp-json\/wp\/v2\/product"}],"about":[{"href":"https:\/\/bogonglaser.com\/tr\/wp-json\/wp\/v2\/types\/product"}],"wp:featuredmedia":[{"embeddable":true,"href":"https:\/\/bogonglaser.com\/tr\/wp-json\/wp\/v2\/media\/1625"}],"wp:attachment":[{"href":"https:\/\/bogonglaser.com\/tr\/wp-json\/wp\/v2\/media?parent=1509"}],"wp:term":[{"taxonomy":"product_brand","embeddable":true,"href":"https:\/\/bogonglaser.com\/tr\/wp-json\/wp\/v2\/product_brand?post=1509"},{"taxonomy":"product_cat","embeddable":true,"href":"https:\/\/bogonglaser.com\/tr\/wp-json\/wp\/v2\/product_cat?post=1509"},{"taxonomy":"product_tag","embeddable":true,"href":"https:\/\/bogonglaser.com\/tr\/wp-json\/wp\/v2\/product_tag?post=1509"}],"curies":[{"name":"wp","href":"https:\/\/api.w.org\/{rel}","templated":true}]}}