{"id":2082,"date":"2024-12-03T20:17:51","date_gmt":"2024-12-03T12:17:51","guid":{"rendered":"https:\/\/bogonglaser.com\/?page_id=2082"},"modified":"2026-01-06T15:59:37","modified_gmt":"2026-01-06T07:59:37","slug":"co2-laser-cutting-machine","status":"publish","type":"page","link":"https:\/\/bogonglaser.com\/tr\/laser-cutting-machine\/co2-laser-cutting-machine\/","title":{"rendered":"CO2 Lazer Kesim Makinesi"},"content":{"rendered":"<div class=\"wp-block-greenshift-blocks-row alignfull gspb_row gspb_row-id-gsbp-7322445\" id=\"gspb_row-id-gsbp-7322445\"><div class=\"gspb_row__content\"> \n<div class=\"wp-block-greenshift-blocks-row-column gspb_row__col--12 gspb_row__col--md-12 gspb_col-id-gsbp-b31fa70\" id=\"gspb_col-id-gsbp-b31fa70\">\n<h1 id=\"gspb_heading-id-gsbp-756666d\" class=\"gspb_heading gspb_heading-id-gsbp-756666d\">CO2 Lazer Kesim Makinesi<\/h1>\n\n\n<\/div>\n <\/div><\/div>\n\n\n\n<div class=\"wp-block-greenshift-blocks-row alignfull gspb_row gspb_row-id-gsbp-0e3373f\" id=\"gspb_row-id-gsbp-0e3373f\"><div class=\"gspb_row__content\"> \n<div class=\"wp-block-greenshift-blocks-row-column gspb_row__col--12 gspb_col-id-gsbp-eb547dc\" id=\"gspb_col-id-gsbp-eb547dc\">\n<div id=\"gspb_text-id-gsbp-4297e85\" class=\"gspb_text gspb_text-id-gsbp-4297e85\">Do\u011fru Grav\u00fcr ve Kesim i\u00e7in CO2 Lazerler<br>Bizim\u00a0<a href=\"https:\/\/bogonglaser.com\/tr\/laser-cutting-machine\/co2-laser-cutting-machine\/\">CO2 lazer kesiciler<\/a>\u00a0akrilik, ince ah\u015fap ve di\u011fer \u00e7e\u015fitli malzemeler \u00fczerine en sevdi\u011finiz tasar\u0131mlar\u0131 karma\u015f\u0131k bir \u015fekilde kaz\u0131mak i\u00e7in idealdir.<\/div>\n\n\n\n<div id=\"gspb_text-id-gsbp-89305d7\" class=\"gspb_text gspb_text-id-gsbp-89305d7\"><strong>CO2 Lazer Kesim Makinesi Nedir?<\/strong><\/div>\n\n\n\n<div id=\"gspb_text-id-gsbp-017ad58\" class=\"gspb_text gspb_text-id-gsbp-017ad58\"><a href=\"https:\/\/bogonglaser.com\/tr\/\">BOGONG Lazer<\/a>\u00a0\u00e7e\u015fitli ama\u00e7lar ve end\u00fcstriler i\u00e7in \u00f6zel olarak tasarlanm\u0131\u015f \u00e7ok \u00e7e\u015fitli Lazer Kesim ve Grav\u00fcr Makineleri sunmaktad\u0131r. \u0130ster lazer kesici ister kaz\u0131y\u0131c\u0131ya ihtiyac\u0131n\u0131z olsun, farkl\u0131 \u00e7al\u0131\u015fma alanlar\u0131na, silindirik \u00fcr\u00fcn kaz\u0131y\u0131c\u0131lara, ayarlanabilir \u00e7al\u0131\u015fma masalar\u0131na, \u00e7ift otomatik de\u011fi\u015ftirilebilir masalara, konvey\u00f6r \u00e7al\u0131\u015fma masalar\u0131na ve tekli, ikili veya d\u00f6rtl\u00fc konfig\u00fcrasyonlarda mevcut CO2 lazer t\u00fcplerine sahip se\u00e7eneklerimiz mevcuttur. Ayr\u0131ca fiber optik i\u015faretleyiciler ve kaz\u0131y\u0131c\u0131lar, lazer metal kesiciler ve ah\u015fap ve \u00e7ok daha fazlas\u0131 i\u00e7in \u00f6zel makineler de dahil olmak \u00fczere hobiler ve ev kullan\u0131m\u0131 i\u00e7in masa\u00fcst\u00fc modelleri sunuyoruz.<br>CO2 teknolojisi serimizde 60W ile 180W aras\u0131nda de\u011fi\u015fen g\u00fc\u00e7 se\u00e7eneklerinin yan\u0131 s\u0131ra 20W, 30W, 50W, 100W, 200W, 300W g\u00fc\u00e7lerinde fiber optik kaz\u0131y\u0131c\u0131lar ve i\u015faretleyiciler ile 500W ile 40000W aras\u0131nda fiber optik metal kesiciler sunuyoruz. Bu kadar geni\u015f bir yelpazede, ihtiya\u00e7lar\u0131n\u0131z\u0131 kar\u015f\u0131layacak do\u011fru makineyi bulaca\u011f\u0131n\u0131zdan emin olabilirsiniz.<\/div>\n\n\n<div class=\"woocommerce columns-4\"><ul class=\"products columns-4\" data-products=\"type-1\">\n<li class=\"product type-product post-2079 status-publish first instock product_cat-co2-laser-cutter product_cat-laser-cutting-machine product_tag-co2-laser-cutting-machine has-post-thumbnail shipping-taxable product-type-simple\">\n\t<a href=\"https:\/\/bogonglaser.com\/tr\/co2-laser-engraver-cutter\/\" class=\"woocommerce-LoopProduct-link woocommerce-loop-product__link\"><img decoding=\"async\" width=\"300\" height=\"300\" src=\"https:\/\/bogonglaser.com\/wp-content\/uploads\/2024\/12\/1290-2--300x300.jpg\" class=\"attachment-woocommerce_thumbnail size-woocommerce_thumbnail\" alt=\"co2 lazer kesici\" srcset=\"https:\/\/bogonglaser.com\/wp-content\/uploads\/2024\/12\/1290-2--300x300.jpg 300w, https:\/\/bogonglaser.com\/wp-content\/uploads\/2024\/12\/1290-2--100x100.jpg 100w, https:\/\/bogonglaser.com\/wp-content\/uploads\/2024\/12\/1290-2--150x150.jpg 150w, https:\/\/bogonglaser.com\/wp-content\/uploads\/2024\/12\/1290-2-.jpg 600w\" sizes=\"(max-width: 300px) 100vw, 300px\" title=\"\"><h2 class=\"woocommerce-loop-product__title\">CO2 Lazer Grav\u00fcr Kesici<\/h2>\n<\/a><a href=\"https:\/\/bogonglaser.com\/tr\/co2-laser-engraver-cutter\/\" aria-describedby=\"woocommerce_loop_add_to_cart_link_describedby_2079\" data-quantity=\"1\" class=\"button product_type_simple\" data-product_id=\"2079\" data-product_sku=\"\" aria-label=\"\u201cCO2 Laser Engraver Cutter\u201d hakk\u0131nda daha fazla bilgi edinin\" rel=\"nofollow\" data-success_message=\"\" data-no-translation=\"\" data-trp-gettext=\"\" data-no-translation-aria-label=\"\">Devam\u0131n\u0131 oku<\/a>\t<span id=\"woocommerce_loop_add_to_cart_link_describedby_2079\" class=\"screen-reader-text\">\n\t\t\t<\/span>\n<\/li>\n<\/ul>\n<\/div>\n\n\n\n<h2 id=\"gspb_heading-id-gsbp-89679cd\" class=\"gspb_heading gspb_heading-id-gsbp-89679cd\">YENI\u0307 BA\u015eLAYANLAR VE PROFESYONELLER I\u0307\u00c7I\u0307N M\u00dcKEMMEL LAZER KAZIMA MAKI\u0307NENI\u0307ZI\u0307 SE\u00c7I\u0307N<\/h2>\n\n\n\n<div id=\"gspb_text-id-gsbp-4671c87\" class=\"gspb_text gspb_text-id-gsbp-4671c87\">\u00dcr\u00fcn Avantajlar\u0131<br>1. Geli\u015fmi\u015f Ruida kontrol sistemi kullan\u0131c\u0131 dostu \u00e7al\u0131\u015fma sa\u011flar ve birden fazla dili destekler.<br>2. \u00dcst d\u00fczey teknolojimiz ola\u011fan\u00fcst\u00fc kaz\u0131ma ve tarama hassasiyeti sunarak 1 mm'lik metinlerin net bir \u015fekilde kaz\u0131nmas\u0131n\u0131 sa\u011flar.<br>3. Tayvan k\u0131lavuz raylar\u0131 ve y\u00fcksek kaliteli kay\u0131\u015flarla donat\u0131lm\u0131\u015f olan makine, m\u00fckemmel hassasiyetle p\u00fcr\u00fczs\u00fcz grav\u00fcr ve kesim sa\u011flar.<br>4. Elektrikli kald\u0131rma masalar\u0131n\u0131 dahil etme se\u00e7ene\u011fiyle birlikte \u00e7e\u015fitli i\u015fleme platformlar\u0131 aras\u0131ndan se\u00e7im yap\u0131n.<br>5. Silindirik nesneleri verimli bir \u015fekilde i\u015flemek i\u00e7in iste\u011fe ba\u011fl\u0131 bir d\u00f6ner ata\u015fman mevcuttur.<\/div>\n<\/div>\n <\/div><\/div>\n\n\n\n<div class=\"wp-block-greenshift-blocks-row gspb_row gspb_row-id-gsbp-ec14372\" id=\"gspb_row-id-gsbp-ec14372\"><div class=\"gspb_row__content\"> \n<div class=\"wp-block-greenshift-blocks-row-column gspb_row__col--6 gspb_col-id-gsbp-6618169\" id=\"gspb_col-id-gsbp-6618169\">\n<div id=\"gspb_text-id-gsbp-fca40fd\" class=\"gspb_text gspb_text-id-gsbp-fca40fd\">I\u0307LETI\u0307\u015eI\u0307ME GE\u00c7I\u0307N<\/div>\n\n\n\n<h2 id=\"gspb_heading-id-gsbp-a8e54c7\" class=\"gspb_heading gspb_heading-id-gsbp-a8e54c7\"><strong>\u0130LET\u0130\u015e\u0130M BOGONG<\/strong><\/h2>\n\n\n\n<div id=\"gspb_text-id-gsbp-519b848\" class=\"gspb_text gspb_text-id-gsbp-519b848\">Whether you are interested in our Fiber Laser Cutting Machine our team at Bogong Laser is here to provide professional consultation and tailored solutions. Get in touch today to discuss your specific laser machine requirements and receive expert support from Bogong Laser.<\/div>\n<\/div>\n\n\n\n<div class=\"wp-block-greenshift-blocks-row-column gspb_row__col--6 gspb_col-id-gsbp-8df49bf\" id=\"gspb_col-id-gsbp-8df49bf\"><div class='fluentform ff-inherit-theme-style fluentform_wrapper_3  ff_guten_block ff_guten_block-3'><form data-form_id=\"3\" id=\"fluentform_3\" class=\"frm-fluent-form fluent_form_3 ff-el-form-top ff_form_instance_3_1 ff-form-loading ffs_inherit_theme\" data-form_instance=\"ff_form_instance_3_1\" method=\"POST\" data-turnstile_key=\"0x4AAAAAACN7Bn4ueLI7W66p\" action=\"\" ><fieldset  style=\"border: none!important;margin: 0!important;padding: 0!important;background-color: transparent!important;box-shadow: none!important;outline: none!important; min-inline-size: 100%;\">\n                    <legend class=\"ff_screen_reader_title\" style=\"display: block; margin: 0!important;padding: 0!important;height: 0!important;text-indent: -999999px;width: 0!important;overflow:hidden;\">Bize Ula\u015f\u0131n<\/legend><input type='hidden' name='__fluent_form_embded_post_id' value='2082' \/><input type=\"hidden\" id=\"_fluentform_3_fluentformnonce\" name=\"_fluentform_3_fluentformnonce\" value=\"486931cd28\" \/><input type=\"hidden\" name=\"_wp_http_referer\" value=\"\/tr\/wp-json\/wp\/v2\/pages\/2082\" \/><div data-name=\"ff_cn_id_1\"  class='ff-t-container ff-column-container ff_columns_total_1'><div class='ff-t-cell ff-t-column-1' style='flex-basis: 100%;'><div class='ff-el-group'><div class=\"ff-el-input--label asterisk-right\"><label for='ff_3_input_text' id='label_ff_3_input_text' aria-label=\"Sizin ad\u0131n\u0131z\">Sizin ad\u0131n\u0131z<\/label><\/div><div class='ff-el-input--content'><input type=\"text\" name=\"input_text\" class=\"ff-el-form-control\" data-name=\"input_text\" id=\"ff_3_input_text\"  aria-invalid=\"false\" aria-required=\"false\"><\/div><\/div><div class='ff-el-group'><div class=\"ff-el-input--label ff-el-is-required asterisk-right\"><label for='ff_3_input_text_3' id='label_ff_3_input_text_3' aria-label=\"E-posta adresiniz\">E-posta adresiniz<\/label><\/div><div class='ff-el-input--content'><input type=\"text\" name=\"input_text_3\" class=\"ff-el-form-control\" data-name=\"input_text_3\" id=\"ff_3_input_text_3\"  aria-invalid=\"false\" aria-required=\"true\"><\/div><\/div><div class='ff-el-group'><div class=\"ff-el-input--label asterisk-right\"><label for='ff_3_input_text_2' id='label_ff_3_input_text_2' aria-label=\"Telefonunuz veya WhatsApp\">Telefonunuz veya WhatsApp<\/label><\/div><div class='ff-el-input--content'><input type=\"text\" name=\"input_text_2\" class=\"ff-el-form-control\" data-name=\"input_text_2\" id=\"ff_3_input_text_2\"  aria-invalid=\"false\" aria-required=\"false\"><\/div><\/div><div class='ff-el-group'><div class=\"ff-el-input--label asterisk-right\"><label for='ff_3_input_text_1' id='label_ff_3_input_text_1' aria-label=\"Konu\">Konu<\/label><\/div><div class='ff-el-input--content'><input type=\"text\" name=\"input_text_1\" class=\"ff-el-form-control\" data-name=\"input_text_1\" id=\"ff_3_input_text_1\"  aria-invalid=\"false\" aria-required=\"false\"><\/div><\/div><\/div><\/div><div data-name=\"ff_cn_id_2\"  class='ff-t-container ff-column-container ff_columns_total_1'><div class='ff-t-cell ff-t-column-1' style='flex-basis: 100%;'><div class='ff-el-group'><div class=\"ff-el-input--label asterisk-right\"><label for='ff_3_description' id='label_ff_3_description' aria-label=\"Mesaj\u0131n\u0131z\">Mesaj\u0131n\u0131z<\/label><\/div><div class='ff-el-input--content'><textarea aria-required=\"false\" aria-labelledby=\"label_ff_3_description\" name=\"description\" id=\"ff_3_description\" class=\"ff-el-form-control\" rows=\"6\" cols=\"2\" data-name=\"description\" ><\/textarea><\/div><\/div><\/div><\/div><div class='ff-el-group' ><div class='ff-el-input--content'><div data-fluent_id='3' name='cf-turnstile-response'><div\n\t\tdata-sitekey='0x4AAAAAACN7Bn4ueLI7W66p'\n\t\tdata-theme='auto'\n\t\tid='fluentform-turnstile-3-1'\n\t\tclass='ff-el-turnstile cf-turnstile'\n\t\tdata-appearance='execute'><\/div><\/div><\/div><\/div><div class='ff-el-group ff-text-left ff_submit_btn_wrapper'><button type=\"submit\" class=\"ff-btn ff-btn-submit ff-btn-md ff_btn_no_style\"  aria-label=\"Form G\u00f6nder\">Form G\u00f6nder<\/button><\/div><\/fieldset><input type=\"hidden\" name=\"trp-form-language\" value=\"tr\"\/><\/form><div id='fluentform_3_errors' class='ff-errors-in-stack ff_form_instance_3_1 ff-form-loading_errors ff_form_instance_3_1_errors'><\/div><\/div>            <script type=\"text\/javascript\">\n                window.fluent_form_ff_form_instance_3_1 = {\"id\":\"3\",\"settings\":{\"layout\":{\"labelPlacement\":\"top\",\"asteriskPlacement\":\"asterisk-right\",\"helpMessagePlacement\":\"with_label\",\"errorMessagePlacement\":\"inline\",\"cssClassName\":\"\"},\"restrictions\":{\"denyEmptySubmission\":{\"enabled\":false}}},\"form_instance\":\"ff_form_instance_3_1\",\"form_id_selector\":\"fluentform_3\",\"rules\":{\"input_text\":{\"required\":{\"value\":false,\"message\":\"This field is required\",\"global_message\":\"\\u8fd9\\u662f\\u5fc5\\u586b\\u680f\",\"global\":true}},\"input_text_3\":{\"required\":{\"value\":true,\"message\":\"This field is required\",\"global_message\":\"\\u8fd9\\u662f\\u5fc5\\u586b\\u680f\",\"global\":true}},\"input_text_2\":{\"required\":{\"value\":false,\"message\":\"This field is required\",\"global_message\":\"\\u8fd9\\u662f\\u5fc5\\u586b\\u680f\",\"global\":true}},\"input_text_1\":{\"required\":{\"value\":false,\"message\":\"This field is required\",\"global_message\":\"\\u8fd9\\u662f\\u5fc5\\u586b\\u680f\",\"global\":true}},\"description\":{\"required\":{\"value\":false,\"message\":\"This field is required\",\"global_message\":\"\\u8fd9\\u662f\\u5fc5\\u586b\\u680f\",\"global\":true}},\"cf-turnstile-response\":[]},\"debounce_time\":300};\n                            <\/script>\n            <\/div>\n <\/div><\/div>\n\n\n\n<p><\/p>","protected":false},"excerpt":{"rendered":"","protected":false},"author":1,"featured_media":2090,"parent":1618,"menu_order":0,"comment_status":"closed","ping_status":"closed","template":"","meta":{"_gspb_post_css":"#gspb_row-id-gsbp-7322445{justify-content:space-between;margin-bottom:0;display:flex;flex-wrap:wrap;margin-top:-50px;padding-top:8rem;padding-right:rem;padding-bottom:10rem;padding-left:rem;overflow:hidden}#gspb_row-id-gsbp-7322445>.gspb_row__content{display:flex;justify-content:space-between;margin:0 auto;width:100%;flex-wrap:wrap}div[id^=gspb_col-id]{box-sizing:border-box;position:relative;padding:var(--gs-row-column-padding, 15px min(3vw, 20px))}body.gspb-bodyfront #gspb_row-id-gsbp-7322445>.gspb_row__content{width:var(--theme-container-width, 1200px);max-width:var(--theme-normal-container-max-width, 1200px)}@media (max-width:991.98px){#gspb_row-id-gsbp-7322445{padding-bottom:15rem}}@media (max-width:575.98px){#gspb_row-id-gsbp-7322445{padding-top:3rem}}#gspb_row-id-gsbp-7322445{color:#fff;background-color:#18181b;background-position:24% 65%;background-image:url(https:\/\/bogonglaser.com\/wp-content\/uploads\/2025\/12\/fiber-laser-cutting-machine-1.jpg);perspective:1000px}#gspb_col-id-gsbp-b31fa70.gspb_row__col--12{width:100%}@media (max-width:991.98px){#gspb_col-id-gsbp-b31fa70.gspb_row__col--12{width:100%}}@media (max-width:575.98px){#gspb_col-id-gsbp-b31fa70.gspb_row__col--12{width:100%}}body.gspb-bodyfront #gspb_col-id-gsbp-b31fa70.gspb_row__col--12{z-index:1000}body #gspb_col-id-gsbp-b31fa70.gspb_row__col--12{display:flex;flex-direction:column;row-gap:2rem}@media (max-width:991.98px){body #gspb_col-id-gsbp-b31fa70.gspb_row__col--12{justify-content:center;align-items:center}}#gspb_heading-id-gsbp-756666d{font-size:clamp(2.2rem,4.3vw,3.2rem);line-height:clamp(2.75rem,4.7vw,3.5rem);text-align:center!important}#gspb_heading-id-gsbp-756666d .gsap-g-line{text-align:center!important}@media (max-width:991.98px){#gspb_heading-id-gsbp-756666d,#gspb_heading-id-gsbp-756666d .gsap-g-line{text-align:center!important}}#gspb_heading-id-gsbp-756666d{color:var(--wp--preset--color--palette-color-6, var(--theme-palette-color-6, #ffffff));margin:0}#gspb_row-id-gsbp-0e3373f,#gspb_row-id-gsbp-ec14372{justify-content:space-between;display:flex;flex-wrap:wrap;margin-top:50px;margin-bottom:0}#gspb_row-id-gsbp-0e3373f>.gspb_row__content{display:flex;justify-content:space-between;margin:0 auto;width:100%;flex-wrap:wrap}#gspb_col-id-gsbp-eb547dc.gspb_row__col--12{width:100%}@media (max-width:575.98px){#gspb_col-id-gsbp-eb547dc.gspb_row__col--12{width:100%}}.gspb_text-id-gsbp-89305d7{font-size:15px;margin-top:20px!important;margin-bottom:10px!important}.gspb_text-id-gsbp-89305d7,.gspb_text-id-gsbp-89305d7 .gsap-g-line{text-align:center!important}#gspb_row-id-gsbp-ec14372{margin-top:30px}#gspb_row-id-gsbp-ec14372>.gspb_row__content{display:flex;justify-content:space-between;margin:0 auto;width:100%;flex-wrap:wrap}.gspb_row{position:relative}body.gspb-bodyfront #gspb_row-id-gsbp-0e3373f>.gspb_row__content,body.gspb-bodyfront #gspb_row-id-gsbp-ec14372>.gspb_row__content{width:var(--theme-container-width, 1200px);max-width:var(--theme-normal-container-max-width, 1200px)}#gspb_col-id-gsbp-6618169.gspb_row__col--6{width:50%}@media (max-width:575.98px){#gspb_col-id-gsbp-6618169.gspb_row__col--6{width:100%}}#gspb_heading-id-gsbp-a8e54c7{font-size:45px}#gspb_col-id-gsbp-8df49bf.gspb_row__col--6{width:50%}@media (max-width:575.98px){#gspb_col-id-gsbp-8df49bf.gspb_row__col--6{width:100%}}","footnotes":""},"class_list":["post-2082","page","type-page","status-publish","has-post-thumbnail","hentry"],"blocksy_meta":[],"_links":{"self":[{"href":"https:\/\/bogonglaser.com\/tr\/wp-json\/wp\/v2\/pages\/2082","targetHints":{"allow":["GET"]}}],"collection":[{"href":"https:\/\/bogonglaser.com\/tr\/wp-json\/wp\/v2\/pages"}],"about":[{"href":"https:\/\/bogonglaser.com\/tr\/wp-json\/wp\/v2\/types\/page"}],"author":[{"embeddable":true,"href":"https:\/\/bogonglaser.com\/tr\/wp-json\/wp\/v2\/users\/1"}],"replies":[{"embeddable":true,"href":"https:\/\/bogonglaser.com\/tr\/wp-json\/wp\/v2\/comments?post=2082"}],"version-history":[{"count":3,"href":"https:\/\/bogonglaser.com\/tr\/wp-json\/wp\/v2\/pages\/2082\/revisions"}],"predecessor-version":[{"id":9064,"href":"https:\/\/bogonglaser.com\/tr\/wp-json\/wp\/v2\/pages\/2082\/revisions\/9064"}],"up":[{"embeddable":true,"href":"https:\/\/bogonglaser.com\/tr\/wp-json\/wp\/v2\/pages\/1618"}],"wp:featuredmedia":[{"embeddable":true,"href":"https:\/\/bogonglaser.com\/tr\/wp-json\/wp\/v2\/media\/2090"}],"wp:attachment":[{"href":"https:\/\/bogonglaser.com\/tr\/wp-json\/wp\/v2\/media?parent=2082"}],"curies":[{"name":"wp","href":"https:\/\/api.w.org\/{rel}","templated":true}]}}