{"id":5192,"date":"2025-07-21T16:49:17","date_gmt":"2025-07-21T08:49:17","guid":{"rendered":"https:\/\/bogonglaser.com\/?post_type=product&#038;p=5192"},"modified":"2025-12-10T16:25:09","modified_gmt":"2025-12-10T08:25:09","slug":"best-metal-cutting-laser-machine","status":"publish","type":"product","link":"https:\/\/bogonglaser.com\/ro\/best-metal-cutting-laser-machine\/","title":{"rendered":"Cel mai bun metal de t\u0103iere cu laser ma\u0219in\u0103"},"content":{"rendered":"<p>O ma\u0219in\u0103 de t\u0103iat metale cu laser este un instrument automat care utilizeaz\u0103 un fascicul laser \u0219i un sistem de control digital pentru a t\u0103ia diverse materiale, cum ar fi metalele (o\u021bel, cupru, alam\u0103, aluminiu, titan, aur, argint, aliaje, fier). P\u0103r\u021bile principale includ baza \u0219i cadrul ma\u0219inii, controlerul CNC, generatorul laser, sursa de alimentare, tubul laser, capul de t\u0103iere, lentila, oglinzile, r\u0103citorul de ap\u0103, servomotoarele, cilindrul de gaz, compresorul de aer, rezervorul de stocare a gazului, filtrul de aer, aspiratorul de praf, usc\u0103torul \u0219i software-ul.<\/p>\n<p>Un sistem de t\u0103iere cu laser este un set complet de piese integrate concepute pentru a face t\u0103ieturi precise pentru produc\u021bia industrial\u0103, educa\u021bie, \u00eentreprinderi mici \u0219i uz casnic. Ofer\u0103 mai mult\u0103 flexibilitate dec\u00e2t ma\u0219inile de t\u0103iat manuale sau mecanice. Acesta poate t\u0103ia multe materiale de diferite grosimi, iar formele pe care le pute\u021bi crea sunt practic nelimitate. Programarea este rapid\u0103 \u0219i u\u0219oar\u0103, astfel \u00eenc\u00e2t ajust\u0103rile pot fi efectuate \u00een orice etap\u0103 a produc\u021biei, cu costuri sau timp suplimentar minim. Sistemul asigur\u0103 o precizie ridicat\u0103, t\u0103ieturi curate \u0219i nicio deformare a materialului. Este o solu\u021bie ideal\u0103 pentru automatizarea \u0219i modularizarea proceselor de fabrica\u021bie, \u00eembun\u0103t\u0103\u021bind eficien\u021ba \u0219i calitatea.<\/p>\n<figure id=\"attachment_7382\" aria-describedby=\"caption-attachment-7382\" style=\"width: 300px\" class=\"wp-caption alignnone\"><img decoding=\"async\" class=\"size-medium wp-image-7382\" src=\"https:\/\/bogonglaser.com\/wp-content\/uploads\/2025\/07\/laser-cutting-1-300x201.jpg\" alt=\"t\u0103iere cu laser\" width=\"300\" height=\"201\" title=\"\" srcset=\"https:\/\/bogonglaser.com\/wp-content\/uploads\/2025\/07\/laser-cutting-1-300x201.jpg 300w, https:\/\/bogonglaser.com\/wp-content\/uploads\/2025\/07\/laser-cutting-1-18x12.jpg 18w, https:\/\/bogonglaser.com\/wp-content\/uploads\/2025\/07\/laser-cutting-1.jpg 600w\" sizes=\"(max-width: 300px) 100vw, 300px\" \/><figcaption id=\"caption-attachment-7382\" class=\"wp-caption-text\">t\u0103iere cu laser<\/figcaption><\/figure>\n<p><strong>Caracteristici principale:<\/strong><\/p>\n<ul>\n<li><strong>T\u0103iere precis\u0103:<\/strong>\u00a0Folose\u0219te tehnologie laser avansat\u0103 pentru t\u0103ieturi curate \u0219i precise, cu distorsiuni termice reduse.<\/li>\n<li><strong>Rapid \u0219i eficient:<\/strong>\u00a0Taie rapid, contribuind la cre\u0219terea vitezei de produc\u021bie.<\/li>\n<li><strong>Potrivit pentru multe industrii:<\/strong>\u00a0Ideal pentru industria auto, construc\u021bii, semnalistic\u0103 \u0219i fabricarea metalelor.<\/li>\n<li><strong>U\u0219or de utilizat:<\/strong>\u00a0Comenzile \u0219i software-ul simple faciliteaz\u0103 operarea de c\u0103tre operatori.<\/li>\n<li><strong>Construc\u021bie durabil\u0103:<\/strong>\u00a0Fabricat din materiale rezistente pentru a dura mult timp cu \u00eentre\u021binere minim\u0103.<\/li>\n<\/ul>\n<p><strong>De ce s\u0103 alege\u021bi ma\u0219ina noastr\u0103 de t\u0103iat metale cu laser?<\/strong><\/p>\n<ul>\n<li><strong>Corp de ma\u0219in\u0103 stabil \u0219i toate detaliile de actualizare. (pute\u021bi vedea videoclipul de mai jos)<\/strong><\/li>\n<li><strong>Economisi\u021bi timp \u0219i materiale:<\/strong>\u00a0Taie eficient, reduc\u00e2nd de\u0219eurile \u0219i consumul de energie.<\/li>\n<li><strong>Flexibil:<\/strong>\u00a0Poate manipula foi de diferite dimensiuni \u0219i grosimi.<\/li>\n<li><strong>Sigur \u0219i fiabil:<\/strong>\u00a0Echipat cu caracteristici de siguran\u021b\u0103 \u0219i \u00eendepline\u0219te standardele interna\u021bionale.<\/li>\n<li><strong>Sprijin:<\/strong>\u00a0Oferim instruire, asisten\u021b\u0103 tehnic\u0103 \u0219i \u00eentre\u021binere pentru ca utilajul dvs. s\u0103 func\u021bioneze f\u0103r\u0103 probleme.<\/li>\n<\/ul>\n<p><iframe title=\"Vede\u021bi cum acest cutter laser este construit diferit de altele!\" width=\"1290\" height=\"726\" src=\"https:\/\/www.youtube.com\/embed\/kv3tNysqvk0?feature=oembed\" frameborder=\"0\" allow=\"accelerometer; autoplay; clipboard-write; encrypted-media; gyroscope; picture-in-picture; web-share\" referrerpolicy=\"strict-origin-when-cross-origin\" allowfullscreen><\/iframe><\/p>\n<h3>Costuri \u0219i pre\u021buri<\/h3>\n<p>Dac\u0103 v\u0103 g\u00e2ndi\u021bi s\u0103 \u00eencepe\u021bi o afacere cu o ma\u0219in\u0103 de t\u0103iat cu laser Metal, s-ar putea s\u0103 v\u0103 \u00eentreba\u021bi care sunt costurile implicate \u0219i pre\u021burile tipice de pe pia\u021b\u0103. Pe baza analizei pie\u021bei, pre\u021bul ma\u0219inilor de t\u0103iat cu laser variaz\u0103 foarte mult:<\/p>\n<ul>\n<li>Cele mai accesibile modele \u00eencep \u00een jurul valorii de\u00a0<strong>$12000<\/strong>.<\/li>\n<li>Ma\u0219inile high-end pot costa p\u00e2n\u0103 la\u00a0<strong>$200,000<\/strong>\u00a0sau mai mult.<\/li>\n<\/ul>\n<p>Aceste pre\u021buri nu includ transportul, taxele, taxele vamale, service-ul sau asisten\u021ba tehnic\u0103. Costul real depinde de factori precum marca, tipul, modelul, puterea \u0219i caracteristicile suplimentare precum mese personalizate, generatoare, ata\u0219amente rotative, software, accesorii, actualiz\u0103ri, configurare \u0219i depanare.<\/p>\n<h4>Pre\u021buri tipice \u00een 2025:<\/h4>\n<ul>\n<li>Gama de ma\u0219ini cu laser pentru t\u0103ierea metalelor de la <strong>$12,000 p\u00e2n\u0103 la peste $900,000<\/strong>.<\/li>\n<\/ul>\n<p>Pentru accesorii \u0219i piese:<\/p>\n<ul>\n<li>Consumabilele \u0219i piesele de baz\u0103 cost\u0103 aproximativ\u00a0<strong>$9<\/strong>.<\/li>\n<li>Generatoarele laser cu fibr\u0103 de mare putere pot fi la fel de scumpe ca\u00a0<strong>$30,000<\/strong>.<\/li>\n<\/ul>\n<p><iframe title=\"T\u0103ietor laser mic, dar PUTERNIC, taie metalul cu precizie\" width=\"1290\" height=\"726\" src=\"https:\/\/www.youtube.com\/embed\/5BStGlyjEOc?feature=oembed\" frameborder=\"0\" allow=\"accelerometer; autoplay; clipboard-write; encrypted-media; gyroscope; picture-in-picture; web-share\" referrerpolicy=\"strict-origin-when-cross-origin\" allowfullscreen><\/iframe><\/p>\n<p><iframe title=\"Ce poate face o ma\u0219in\u0103 de t\u0103iat cu laser cu fibr\u0103 de 2000w?  Spectacol de vitez\u0103 real\u0103 pentru o\u021bel inoxidabil, o\u021bel mediu\" width=\"1290\" height=\"726\" src=\"https:\/\/www.youtube.com\/embed\/nfdBXiTmWwo?feature=oembed\" frameborder=\"0\" allow=\"accelerometer; autoplay; clipboard-write; encrypted-media; gyroscope; picture-in-picture; web-share\" referrerpolicy=\"strict-origin-when-cross-origin\" allowfullscreen><\/iframe><\/p>","protected":false},"excerpt":{"rendered":"<p>Ma\u0219ina de t\u0103iat metale cu laser este un instrument precis utilizat pentru a t\u0103ia metale precum o\u021belul, aluminiul \u0219i alama. Utilizeaz\u0103 o raz\u0103 laser pentru a face t\u0103ieturi curate \u0219i precise. Aceast\u0103 ma\u0219in\u0103 este rapid\u0103, fiabil\u0103 \u0219i ajut\u0103 la reducerea de\u0219eurilor. Este utilizat \u00een industrii precum produc\u021bia, industria auto \u0219i construc\u021biile pentru a \u00eembun\u0103t\u0103\u021bi eficien\u021ba \u0219i calitatea.<\/p>","protected":false},"featured_media":5199,"template":"","meta":{"_gspb_post_css":""},"product_brand":[],"product_cat":[117,118],"product_tag":[105,169],"class_list":{"0":"post-5192","1":"product","2":"type-product","3":"status-publish","4":"has-post-thumbnail","6":"product_cat-fiber-laser-cutting-machine","7":"product_cat-laser-metal-cutting-machine","8":"product_tag-fiber-laser-cutting-machine","9":"product_tag-metal-laser-cutting-machine","11":"first","12":"instock","13":"shipping-taxable","14":"product-type-simple"},"_links":{"self":[{"href":"https:\/\/bogonglaser.com\/ro\/wp-json\/wp\/v2\/product\/5192","targetHints":{"allow":["GET"]}}],"collection":[{"href":"https:\/\/bogonglaser.com\/ro\/wp-json\/wp\/v2\/product"}],"about":[{"href":"https:\/\/bogonglaser.com\/ro\/wp-json\/wp\/v2\/types\/product"}],"wp:featuredmedia":[{"embeddable":true,"href":"https:\/\/bogonglaser.com\/ro\/wp-json\/wp\/v2\/media\/5199"}],"wp:attachment":[{"href":"https:\/\/bogonglaser.com\/ro\/wp-json\/wp\/v2\/media?parent=5192"}],"wp:term":[{"taxonomy":"product_brand","embeddable":true,"href":"https:\/\/bogonglaser.com\/ro\/wp-json\/wp\/v2\/product_brand?post=5192"},{"taxonomy":"product_cat","embeddable":true,"href":"https:\/\/bogonglaser.com\/ro\/wp-json\/wp\/v2\/product_cat?post=5192"},{"taxonomy":"product_tag","embeddable":true,"href":"https:\/\/bogonglaser.com\/ro\/wp-json\/wp\/v2\/product_tag?post=5192"}],"curies":[{"name":"wp","href":"https:\/\/api.w.org\/{rel}","templated":true}]}}