{"id":2129,"date":"2024-12-06T11:26:13","date_gmt":"2024-12-06T03:26:13","guid":{"rendered":"https:\/\/bogonglaser.com\/?post_type=product&#038;p=2129"},"modified":"2025-12-10T17:12:04","modified_gmt":"2025-12-10T09:12:04","slug":"3d-uv-laser-marking-machine-2","status":"publish","type":"product","link":"https:\/\/bogonglaser.com\/ro\/3d-uv-laser-marking-machine-2\/","title":{"rendered":"Ma\u0219in\u0103 de marcat cu laser UV 3D"},"content":{"rendered":"<h2>Ce este o ma\u0219in\u0103 de marcat cu laser UV 3D?<\/h2>\n<p>Ma\u0219in\u0103 de marcat cu laser 3D cu surs\u0103 laser UV, cap laser 3D seria U, software puternic lenmark3ds\/Ezcad3 pentru procesarea imaginilor, exist\u0103 o lentil\u0103 dinamic\u0103 \u00een interiorul capului laser, care poate grava pe form\u0103 neregulat\u0103. Principalele caracteristici sunt prezentate mai jos:<\/p>\n<ul>\n<li>Surs\u0103 laser UV<\/li>\n<li>Software de gravare 3D pentru procesarea imaginilor<\/li>\n<li>Axa R pentru marcarea inelelor \u0219i br\u0103\u021b\u0103rilor<\/li>\n<li>Cap laser dinamic 3D UV<\/li>\n<li>\u00cen\u0103l\u021bime de focalizare reglabil\u0103 de la 15 la 80 mm<\/li>\n<li>Selec\u021bie larg\u0103 de op\u021bionale<\/li>\n<li>2 ani garan\u021bie<\/li>\n<\/ul>\n<figure id=\"attachment_7443\" aria-describedby=\"caption-attachment-7443\" style=\"width: 300px\" class=\"wp-caption alignnone\"><img decoding=\"async\" class=\"size-medium wp-image-7443\" src=\"https:\/\/bogonglaser.com\/wp-content\/uploads\/2024\/12\/3D-UV-Laser-Marking-Machine-1-300x200.jpg\" alt=\"Ma\u0219in\u0103 de marcat cu laser UV 3D\" width=\"300\" height=\"200\" title=\"\" srcset=\"https:\/\/bogonglaser.com\/wp-content\/uploads\/2024\/12\/3D-UV-Laser-Marking-Machine-1-300x200.jpg 300w, https:\/\/bogonglaser.com\/wp-content\/uploads\/2024\/12\/3D-UV-Laser-Marking-Machine-1-18x12.jpg 18w, https:\/\/bogonglaser.com\/wp-content\/uploads\/2024\/12\/3D-UV-Laser-Marking-Machine-1.jpg 600w\" sizes=\"(max-width: 300px) 100vw, 300px\" \/><figcaption id=\"caption-attachment-7443\" class=\"wp-caption-text\">Ma\u0219in\u0103 de marcat cu laser UV 3D<\/figcaption><\/figure>\n<p><iframe title=\"Cel mai bun China 3D Sticl\u0103 Laser Marcare ma\u0219in\u0103 | Sticl\u0103 Laser Gravarea ma\u0219in\u0103 pentru sticl\u0103\" width=\"1290\" height=\"726\" src=\"https:\/\/www.youtube.com\/embed\/Na_1pKoJTMQ?feature=oembed\" frameborder=\"0\" allow=\"accelerometer; autoplay; clipboard-write; encrypted-media; gyroscope; picture-in-picture; web-share\" referrerpolicy=\"strict-origin-when-cross-origin\" allowfullscreen><\/iframe><\/p>\n<h2>Caracteristici ale ma\u0219inii de marcat cu laser UV 3D:<\/h2>\n<p>1. Aplica\u021bii versatile<br \/>\nMa\u0219ina de marcat cu laser 3D este proiectat\u0103 pentru marcarea suprafe\u021belor curbe tridimensionale, capabil\u0103 s\u0103 se concentreze pe puncte fine \u0219i s\u0103 ofere marcaje uniforme \u00eentr-un interval de toleran\u021b\u0103 de \u00een\u0103l\u021bime de la 0 la 80 mm. Nu este necesar\u0103 ajustarea focaliz\u0103rii, ceea ce permite marcarea f\u0103r\u0103 \u00eentreruperi a produselor neregulate, cum ar fi suprafe\u021bele curbe, \u00eenclinate, \u00een trepte, sferele, cilindrii \u0219i conurile, \u00eentr-o singur\u0103 opera\u021biune.<\/p>\n<p>2. Calitate excelent\u0103 a sculpturii ad\u00e2nci<br \/>\nEchipat cu un sistem de marcare de precizie 3D, surs\u0103 laser ultraviolet, aparatul exceleaz\u0103 \u00een diverse nevoi de gravur\u0103, inclusiv relief, gravur\u0103 ad\u00e2nc\u0103 \u0219i gravur\u0103 concav\u0103\/convex\u0103. Acesta ofer\u0103 o precizie ridicat\u0103 \u0219i rezultate atractive din punct de vedere vizual.<\/p>\n<p><iframe title=\"Ma\u0219in\u0103 de gravare \u0219i marcare cu laser pentru sticl\u0103 | 3D UV Laser Marker\" width=\"1290\" height=\"726\" src=\"https:\/\/www.youtube.com\/embed\/F-M4iF703pw?feature=oembed\" frameborder=\"0\" allow=\"accelerometer; autoplay; clipboard-write; encrypted-media; gyroscope; picture-in-picture; web-share\" referrerpolicy=\"strict-origin-when-cross-origin\" allowfullscreen><\/iframe><\/p>\n<p><iframe title=\"Gravur\u0103 laser UV 3D pentru gravur\u0103 \u00een relief pe sticl\u0103 | China 3D UV Laser Marking Machine de v\u00e2nzare\" width=\"1290\" height=\"726\" src=\"https:\/\/www.youtube.com\/embed\/GPWp4Pm7TFI?feature=oembed\" frameborder=\"0\" allow=\"accelerometer; autoplay; clipboard-write; encrypted-media; gyroscope; picture-in-picture; web-share\" referrerpolicy=\"strict-origin-when-cross-origin\" allowfullscreen><\/iframe><\/p>\n<h3>Aplica\u021bii ale ma\u0219inii de marcat cu laser UV 3D<\/h3>\n<ul>\n<li>Marcare pe diferite forme de sticl\u0103, plastic, lemn etc.<\/li>\n<li>Excavare stratificat\u0103 \u0219i gravur\u0103 3D \u00een basorelief pe sticl\u0103.<\/li>\n<li>Gravuri pe suprafe\u021be neuniforme cu o neregularitate de p\u00e2n\u0103 la 80 mm.<\/li>\n<li>Gravarea de fotografii, nume, desene \u0219i logo-uri, inclusiv m\u0103rci comerciale.<\/li>\n<\/ul>\n<figure id=\"attachment_7442\" aria-describedby=\"caption-attachment-7442\" style=\"width: 300px\" class=\"wp-caption alignnone\"><img decoding=\"async\" class=\"size-medium wp-image-7442\" src=\"https:\/\/bogonglaser.com\/wp-content\/uploads\/2024\/12\/3D-uv-laser-for-glass-1-300x169.jpg\" alt=\"Laser uv 3D pentru sticl\u0103\" width=\"300\" height=\"169\" title=\"\" srcset=\"https:\/\/bogonglaser.com\/wp-content\/uploads\/2024\/12\/3D-uv-laser-for-glass-1-300x169.jpg 300w, https:\/\/bogonglaser.com\/wp-content\/uploads\/2024\/12\/3D-uv-laser-for-glass-1-600x338.jpg 600w, https:\/\/bogonglaser.com\/wp-content\/uploads\/2024\/12\/3D-uv-laser-for-glass-1-1024x576.jpg 1024w, https:\/\/bogonglaser.com\/wp-content\/uploads\/2024\/12\/3D-uv-laser-for-glass-1-768x432.jpg 768w, https:\/\/bogonglaser.com\/wp-content\/uploads\/2024\/12\/3D-uv-laser-for-glass-1-18x10.jpg 18w, https:\/\/bogonglaser.com\/wp-content\/uploads\/2024\/12\/3D-uv-laser-for-glass-1.jpg 1280w\" sizes=\"(max-width: 300px) 100vw, 300px\" \/><figcaption id=\"caption-attachment-7442\" class=\"wp-caption-text\">Laser uv 3D pentru sticl\u0103<\/figcaption><\/figure>\n<h3>Cum s\u0103 alege\u021bi produsul potrivit <a href=\"https:\/\/bogonglaser.com\/ro\/laser-marking-machine\/uv-laser-marking-machine-copy\/\">Ma\u0219in\u0103 de marcat cu laser UV 3d<\/a><\/h3>\n<p>Alegerea ma\u0219inii potrivite de gravur\u0103 laser 3D UV va fi important\u0103 pentru afacerea dvs., cum s\u0103 v\u0103 asigura\u021bi c\u0103 ma\u0219ina v\u0103 satisface nevoile specifice. Iat\u0103 un ghid pentru a v\u0103 ajuta s\u0103 lua\u021bi o decizie \u00een cuno\u0219tin\u021b\u0103 de cauz\u0103:<\/p>\n<ol>\n<li><strong>Compatibilitatea materialelor<\/strong>: Determina\u021bi tipurile de materiale pe care inten\u021biona\u021bi s\u0103 le grava\u021bi (de exemplu, lemn, acril, sticl\u0103). Asigura\u021bi-v\u0103 c\u0103 ma\u0219ina pe care o alege\u021bi poate prelucra eficient aceste materiale.<\/li>\n<li><strong>Putere laser:<\/strong>\n<ul>\n<li>5W<\/li>\n<li>10W<\/li>\n<li>15W<\/li>\n<\/ul>\n<\/li>\n<li><strong>U\u0219urin\u021ba de utilizare<\/strong>: C\u0103uta\u021bi ma\u0219ini cu software u\u0219or de utilizat, care s\u0103 permit\u0103 proiectarea \u0219i operarea u\u0219oar\u0103. Lenmark 3DS \u0219i Ezcad3 sugereaz\u0103 pentru lucr\u0103rile de gravur\u0103 \u00een relief 3D.<\/li>\n<li><strong>Asisten\u021b\u0103 pentru clien\u021bi \u0219i garan\u021bie<\/strong>: Cerceta\u021bi op\u021biunile de asisten\u021b\u0103 ale produc\u0103torului \u0219i garan\u021bia oferit\u0103. Un serviciu clien\u021bi fiabil poate fi esen\u021bial pentru depanare \u0219i \u00eentre\u021binere.<\/li>\n<\/ol>\n<h2>Ce putem face pentru tine alege 3D Laser Marking Machine?<\/h2>\n<ul>\n<li><span class=\"magic-19\"><b class=\"magic-19\"><span class=\"magic-18\">Probe de testare gratuite -<\/span><\/b><span class=\"magic-20\" data-spm-anchor-id=\"a2700.details.0.i41.41d82402R4aegi\">Putem efectua teste gratuite privind efectul de marcare \u00een func\u021bie de materialul produsului dvs.<\/span><\/span><\/li>\n<li><span class=\"magic-19\"><b class=\"magic-19\"><span class=\"magic-18\">Video Live-<\/span><\/b><span class=\"magic-20\">V\u0103 pute\u021bi conecta cu consultan\u021bii no\u0219tri de v\u00e2nz\u0103ri pentru a viziona procesul de produc\u021bie \u0219i func\u021bionarea ma\u0219inii \u00een video online.<\/span><\/span><\/li>\n<li><span class=\"magic-19\"><b class=\"magic-19\"><span class=\"magic-18\">Personalizat \/OEM-<\/span><\/b><span class=\"magic-20\" data-spm-anchor-id=\"a2700.details.0.i40.41d82402R4aegi\">Ma\u0219ini personalizate la cerere\uff0cContacta\u021bi-ne<\/span><\/span><\/li>\n<li>\n<figure id=\"attachment_7441\" aria-describedby=\"caption-attachment-7441\" style=\"width: 300px\" class=\"wp-caption alignnone\"><img decoding=\"async\" class=\"size-medium wp-image-7441\" src=\"https:\/\/bogonglaser.com\/wp-content\/uploads\/2024\/12\/bottle-rotary-device-1-300x117.jpg\" alt=\"dispozitiv rotativ pentru sticle\" width=\"300\" height=\"117\" title=\"\" srcset=\"https:\/\/bogonglaser.com\/wp-content\/uploads\/2024\/12\/bottle-rotary-device-1-300x117.jpg 300w, https:\/\/bogonglaser.com\/wp-content\/uploads\/2024\/12\/bottle-rotary-device-1-600x235.jpg 600w, https:\/\/bogonglaser.com\/wp-content\/uploads\/2024\/12\/bottle-rotary-device-1-18x7.jpg 18w, https:\/\/bogonglaser.com\/wp-content\/uploads\/2024\/12\/bottle-rotary-device-1.jpg 608w\" sizes=\"(max-width: 300px) 100vw, 300px\" \/><figcaption id=\"caption-attachment-7441\" class=\"wp-caption-text\">dispozitiv rotativ pentru sticle<\/figcaption><\/figure>\n<p><iframe title=\"HE LIKE BOGONG 3D LASER ENGRAVING MACHINE | CEL MAI BUN CHINA 3D LASER ENGRAVING MACHINE DE V\u00c2NZARE\" width=\"1290\" height=\"726\" src=\"https:\/\/www.youtube.com\/embed\/aoAF09vq8LE?feature=oembed\" frameborder=\"0\" allow=\"accelerometer; autoplay; clipboard-write; encrypted-media; gyroscope; picture-in-picture; web-share\" referrerpolicy=\"strict-origin-when-cross-origin\" allowfullscreen><\/iframe><\/p>\n<p><iframe title=\"Ce p\u0103rere ave\u021bi despre Gravorul Laser 3D BOGONG? | India Clientul a vizitat BOGONG \u0219i a cump\u0103rat 3D Laser Engraver\" width=\"1290\" height=\"726\" src=\"https:\/\/www.youtube.com\/embed\/bq8eli66vTM?feature=oembed\" frameborder=\"0\" allow=\"accelerometer; autoplay; clipboard-write; encrypted-media; gyroscope; picture-in-picture; web-share\" referrerpolicy=\"strict-origin-when-cross-origin\" allowfullscreen><\/iframe><\/li>\n<\/ul>\n<p>Condi\u021bii de plat\u0103<\/p>\n<p>1. Depozit \u0219i sold: Un depozit 30% T \/ T este necesar \u00een avans, cu soldul datorat \u00eenainte de expediere.<\/p>\n<p>2. Alibaba Trade Assurance: Pl\u0103\u021bile pot fi procesate prin Alibaba Trade Assurance.<\/p>\n<p>\u00centreb\u0103ri frecvente pentru ma\u0219ina de marcat cu laser 3D UV<\/p>\n<p>Care este ambalajul pentru ma\u0219ina de marcat cu laser UV 3d?<br \/>\nMa\u0219inile noastre sunt ambalate \u00eentr-o configura\u021bie cu trei straturi. Stratul exterior const\u0103 dintr-o lad\u0103 din lemn, stratul de mijloc este prev\u0103zut cu umplutur\u0103 din spum\u0103 pentru a proteja \u00eempotriva zdruncin\u0103turilor, iar stratul interior include o pung\u0103 groas\u0103 din plastic pentru impermeabilizare.<\/p>\n<p>Pachetul va fi deteriorat \u00een timpul transportului?<br \/>\nNe proiect\u0103m meticulos ambalajul pentru a aborda to\u021bi factorii poten\u021biali de deteriorare, iar agen\u021bii no\u0219tri de expediere au experien\u021b\u0103 \u00een transportul \u00een siguran\u021b\u0103. Am exportat cu succes \u00een 180 de \u021b\u0103ri, astfel \u00eenc\u00e2t pute\u021bi fi siguri c\u0103 coletul dvs. va ajunge \u00een condi\u021bii excelente.<\/p>\n<figure id=\"attachment_7436\" aria-describedby=\"caption-attachment-7436\" style=\"width: 300px\" class=\"wp-caption alignnone\"><img decoding=\"async\" class=\"size-medium wp-image-7436\" src=\"https:\/\/bogonglaser.com\/wp-content\/uploads\/2024\/10\/3df20-marking-machine-factory-pictures-300x225.png\" alt=\"3df20 marking machine factory pictures\" width=\"300\" height=\"225\" title=\"\" srcset=\"https:\/\/bogonglaser.com\/wp-content\/uploads\/2024\/10\/3df20-marking-machine-factory-pictures-300x225.png 300w, https:\/\/bogonglaser.com\/wp-content\/uploads\/2024\/10\/3df20-marking-machine-factory-pictures-600x450.png 600w, https:\/\/bogonglaser.com\/wp-content\/uploads\/2024\/10\/3df20-marking-machine-factory-pictures-768x576.png 768w, https:\/\/bogonglaser.com\/wp-content\/uploads\/2024\/10\/3df20-marking-machine-factory-pictures-16x12.png 16w, https:\/\/bogonglaser.com\/wp-content\/uploads\/2024\/10\/3df20-marking-machine-factory-pictures.png 800w\" sizes=\"(max-width: 300px) 100vw, 300px\" \/><figcaption id=\"caption-attachment-7436\" class=\"wp-caption-text\">3df20 marking machine factory pictures<\/figcaption><\/figure>\n<figure id=\"attachment_7428\" aria-describedby=\"caption-attachment-7428\" style=\"width: 205px\" class=\"wp-caption alignnone\"><img decoding=\"async\" class=\"size-full wp-image-7428\" src=\"https:\/\/bogonglaser.com\/wp-content\/uploads\/2024\/10\/3d-laser-marker-2-1.jpg\" alt=\"marker laser 3d\" width=\"205\" height=\"300\" title=\"\" srcset=\"https:\/\/bogonglaser.com\/wp-content\/uploads\/2024\/10\/3d-laser-marker-2-1.jpg 205w, https:\/\/bogonglaser.com\/wp-content\/uploads\/2024\/10\/3d-laser-marker-2-1-8x12.jpg 8w\" sizes=\"(max-width: 205px) 100vw, 205px\" \/><figcaption id=\"caption-attachment-7428\" class=\"wp-caption-text\">marker laser 3d<\/figcaption><\/figure>\n<p>Majoritatea clien\u021bilor aleg transportul prin UPS\/DHL express, poate ajunge la destina\u021bie \u00een aproximativ 5-7 zile, contacta\u021bi cu <a href=\"https:\/\/bogonglaser.com\/ro\/\">BOGONG<\/a> pentru a ob\u021bine mai multe detalii despre ma\u0219ina de marcat cu laser uv.<\/p>","protected":false},"excerpt":{"rendered":"<h2>Ma\u0219in\u0103 de marcat cu laser UV 3D<\/h2>\n<p>O ma\u0219in\u0103 de marcat cu laser UV 3D utilizeaz\u0103 tehnologia laser 3D pentru a crea desene sau texte complicate pe suprafe\u021be tridimensionale, permite marcarea pe sticl\u0103 \u0219i plastic, Un cap de scanare UV 3D poate regla un fascicul laser \u00een toate cele trei dimensiuni: X, Y \u0219i Z. Acesta adopt\u0103 o combina\u021bie de dispozitive de expansiune a fasciculului \u0219i optic\u0103 de deplasare \u00eenainte de a direc\u021biona fasciculul printr-o lentil\u0103 pentru a \u021binti cu precizie materialul.<\/p>\n<ul class=\"tips\">\n<li>350 Seturi \/ lun\u0103 \u00cen a\u0219teptare pentru v\u00e2nzare \u00cen stoc<\/li>\n<li>Garan\u021bie limitat\u0103 de 2 ani pentru \u00eentreaga ma\u0219in\u0103<\/li>\n<li>3-5 zile preg\u0103tirea ma\u0219inii laser, 3-7 zile transport.<\/li>\n<li>Online (PayPal) \u0219i offline (T\/T, carduri de debit \u0219i de credit)<\/li>\n<\/ul>","protected":false},"featured_media":2130,"template":"","meta":{"_gspb_post_css":""},"product_brand":[],"product_cat":[93,96,99],"product_tag":[125,102,124],"class_list":{"0":"post-2129","1":"product","2":"type-product","3":"status-publish","4":"has-post-thumbnail","6":"product_cat-laser-engraving-machine","7":"product_cat-laser-marking-machine","8":"product_cat-uv-laser-marking-machine","9":"product_tag-3d-laser-marking-machine","10":"product_tag-laser-marking-machine","11":"product_tag-uv-laser-marking-machine","13":"first","14":"instock","15":"shipping-taxable","16":"product-type-simple"},"_links":{"self":[{"href":"https:\/\/bogonglaser.com\/ro\/wp-json\/wp\/v2\/product\/2129","targetHints":{"allow":["GET"]}}],"collection":[{"href":"https:\/\/bogonglaser.com\/ro\/wp-json\/wp\/v2\/product"}],"about":[{"href":"https:\/\/bogonglaser.com\/ro\/wp-json\/wp\/v2\/types\/product"}],"wp:featuredmedia":[{"embeddable":true,"href":"https:\/\/bogonglaser.com\/ro\/wp-json\/wp\/v2\/media\/2130"}],"wp:attachment":[{"href":"https:\/\/bogonglaser.com\/ro\/wp-json\/wp\/v2\/media?parent=2129"}],"wp:term":[{"taxonomy":"product_brand","embeddable":true,"href":"https:\/\/bogonglaser.com\/ro\/wp-json\/wp\/v2\/product_brand?post=2129"},{"taxonomy":"product_cat","embeddable":true,"href":"https:\/\/bogonglaser.com\/ro\/wp-json\/wp\/v2\/product_cat?post=2129"},{"taxonomy":"product_tag","embeddable":true,"href":"https:\/\/bogonglaser.com\/ro\/wp-json\/wp\/v2\/product_tag?post=2129"}],"curies":[{"name":"wp","href":"https:\/\/api.w.org\/{rel}","templated":true}]}}