{"id":2127,"date":"2024-12-06T11:23:53","date_gmt":"2024-12-06T03:23:53","guid":{"rendered":"https:\/\/bogonglaser.com\/?post_type=product&#038;p=2127"},"modified":"2025-12-10T17:31:01","modified_gmt":"2025-12-10T09:31:01","slug":"mini-cabinet-laser-marking-machine","status":"publish","type":"product","link":"https:\/\/bogonglaser.com\/ro\/mini-cabinet-laser-marking-machine\/","title":{"rendered":"Mini Cabinet Laser Marcare ma\u0219in\u0103"},"content":{"rendered":"<p>Ma\u0219ina de marcat cu laser cu fibr\u0103 de acoperire are un cabinet complet \u00eenchis pentru siguran\u021ba lucr\u0103torilor \u0219i are un design compact \u0219i atractiv. Acest dispozitiv de \u00eenalt\u0103 tehnologie combin\u0103 un laser, un computer, un controler automat \u0219i utilaje de precizie, fiind ideal pentru marcarea materialelor metalice.<\/p>\n<p>U\u0219a se deschide \u0219i se \u00eenchide manual.<\/p>\n<p>Pilon electric de ridicare<\/p>\n<p><iframe title=\"Mini Fiber Laser Ma\u0219in\u0103 de gravur\u0103 cu capac de protec\u021bie | Func\u021bionare\" width=\"1290\" height=\"726\" src=\"https:\/\/www.youtube.com\/embed\/buVofWd5OIw?feature=oembed\" frameborder=\"0\" allow=\"accelerometer; autoplay; clipboard-write; encrypted-media; gyroscope; picture-in-picture; web-share\" referrerpolicy=\"strict-origin-when-cross-origin\" allowfullscreen><\/iframe><\/p>\n<p>1. Durat\u0103 lung\u0103 de via\u021b\u0103, peste 100.000 de ore.<\/p>\n<p>2. Surs\u0103 laser compact\u0103 cu r\u0103cire cu aer<\/p>\n<p>3. dulap cu capac complet care pentru lucr\u0103ri de siguran\u021b\u0103<\/p>\n<p>4. Sistem de scanare galvanometric\u0103 de calitate superioar\u0103.<\/p>\n<p>5. Precizie \u0219i repetabilitate ridicate pentru marcaje corecte de fiecare dat\u0103 cu scanere galvanometrice \u0219i controale electronice<\/p>\n<p>6. Performan\u021b\u0103 mai stabil\u0103<\/p>\n<p>7. Panou de control profesional \u0219i software de marcare. Sistemul de control software are o interfa\u021b\u0103 de tip Windows \u0219i cuprinde fi\u0219iere generate de programe precum Coreldraw. AutoCAD.Photoshop etc. Acesta poate suporta diferite formate de fi\u0219iere, cum ar fi PLT, DXF, PCX.BMP etc<\/p>\n<p>8. Puterea de ie\u0219ire este stabil\u0103. modul optic este bun. calitatea bcam este excelent\u0103<\/p>\n<p>9. Viteza de marcare este rapid\u0103, eficient\u0103 \u0219i de mare precizie.<\/p>\n<p>10. Aspectul este profesional, operarea este u\u0219oar\u0103<\/p>\n<h2>Aplica\u021bie Ma\u0219in\u0103 de marcat cu laser cu acoperire complet\u0103 mic\u0103:<\/h2>\n<p>Poate grava metale \u0219i unele materiale nemetalice, ceea ce \u00eel face deosebit de util \u00een domeniile \u00een care precizia \u0219i finisajul neted sunt esen\u021biale.<\/p>\n<p>The <a href=\"https:\/\/bogonglaser.com\/ro\/laser-marking-machine\/fiber-laser-marking-machine\/\">Fiber Laser Marcare ma\u0219in\u0103<\/a> func\u021bioneaz\u0103 bine cu diverse metale, inclusiv o\u021bel, titan, cupru, aur, argint \u0219i chiar metale rare, precum \u0219i plastic industrial, metale acoperite, ceramic\u0103 \u0219i altele.<\/p>\n<p>Este utilizat \u00een mod obi\u0219nuit pentru marcarea articolelor precum butoane pentru telefoane mobile, componente electronice, produse de comunica\u021bii, ochelari, ceasuri, bijuterii, butoane decorative pentru cutii \u0219i pungi \u0219i produse din o\u021bel inoxidabil.<\/p>\n<p><iframe title=\"Mini Cabinet Ma\u0219in\u0103 de gravur\u0103 cu laser Show | EZCAD3 2.5D Laser Marker cu capac de protec\u021bie\" width=\"1290\" height=\"726\" src=\"https:\/\/www.youtube.com\/embed\/tbPKDw-UqR0?feature=oembed\" frameborder=\"0\" allow=\"accelerometer; autoplay; clipboard-write; encrypted-media; gyroscope; picture-in-picture; web-share\" referrerpolicy=\"strict-origin-when-cross-origin\" allowfullscreen><\/iframe><\/p>\n<p>Condi\u021bii de plat\u0103<\/p>\n<p>1. Depozit \u0219i sold: Un depozit 30% T \/ T este necesar \u00een avans, cu soldul datorat \u00eenainte de expediere.<\/p>\n<p>2. Alibaba Trade Assurance: Pl\u0103\u021bile pot fi procesate prin Alibaba Trade Assurance.<\/p>\n<p>\u00centreb\u0103ri frecvente pentru ma\u0219ina de marcat cu laser 3D UV<\/p>\n<p>Care este ambalajul pentru ma\u0219ina de marcat cu laser Mni cabinet?<br \/>\nMa\u0219inile noastre sunt ambalate \u00eentr-o configura\u021bie cu trei straturi. Stratul exterior const\u0103 dintr-o lad\u0103 din lemn, stratul de mijloc este prev\u0103zut cu umplutur\u0103 din spum\u0103 pentru a proteja \u00eempotriva zdruncin\u0103turilor, iar stratul interior include o pung\u0103 groas\u0103 din plastic pentru impermeabilizare.<\/p>\n<p>Pachetul va fi deteriorat \u00een timpul transportului?<br \/>\nNe proiect\u0103m meticulos ambalajul pentru a aborda to\u021bi factorii poten\u021biali de deteriorare, iar agen\u021bii no\u0219tri de expediere au experien\u021b\u0103 \u00een transportul \u00een siguran\u021b\u0103. Am exportat cu succes \u00een 180 de \u021b\u0103ri, astfel \u00eenc\u00e2t pute\u021bi fi siguri c\u0103 coletul dvs. va ajunge \u00een condi\u021bii excelente.<\/p>\n<figure id=\"attachment_7472\" aria-describedby=\"caption-attachment-7472\" style=\"width: 300px\" class=\"wp-caption alignnone\"><img decoding=\"async\" class=\"size-medium wp-image-7472\" src=\"https:\/\/bogonglaser.com\/wp-content\/uploads\/2024\/12\/Small-size-enclosed-marking-machine-300x300.jpg\" alt=\"Small-size enclosed marking machine\" width=\"300\" height=\"300\" title=\"\" srcset=\"https:\/\/bogonglaser.com\/wp-content\/uploads\/2024\/12\/Small-size-enclosed-marking-machine-300x300.jpg 300w, https:\/\/bogonglaser.com\/wp-content\/uploads\/2024\/12\/Small-size-enclosed-marking-machine-100x100.jpg 100w, https:\/\/bogonglaser.com\/wp-content\/uploads\/2024\/12\/Small-size-enclosed-marking-machine-600x600.jpg 600w, https:\/\/bogonglaser.com\/wp-content\/uploads\/2024\/12\/Small-size-enclosed-marking-machine-150x150.jpg 150w, https:\/\/bogonglaser.com\/wp-content\/uploads\/2024\/12\/Small-size-enclosed-marking-machine-768x768.jpg 768w, https:\/\/bogonglaser.com\/wp-content\/uploads\/2024\/12\/Small-size-enclosed-marking-machine-12x12.jpg 12w, https:\/\/bogonglaser.com\/wp-content\/uploads\/2024\/12\/Small-size-enclosed-marking-machine.jpg 1000w\" sizes=\"(max-width: 300px) 100vw, 300px\" \/><figcaption id=\"caption-attachment-7472\" class=\"wp-caption-text\">Small-size enclosed marking machine<\/figcaption><\/figure>\n<p>Majoritatea clien\u021bilor aleg transportul prin UPS \/ DHL expres, poate ajunge la destina\u021bie aproximativ 5-7 zile, contacta\u021bi BOGONG pentru a ob\u021bine mai multe detalii despre ma\u0219ina de marcare cu laser uv.<\/p>","protected":false},"excerpt":{"rendered":"<h2>Ma\u0219in\u0103 de gravur\u0103 cu laser cu acoperire complet\u0103<\/h2>\n<p>Ma\u0219ina are un dulap complet \u00eenchis pentru a men\u021bine lucr\u0103torii \u00een siguran\u021b\u0103, iar designul s\u0103u compact arat\u0103 foarte bine. Este o ma\u0219in\u0103 de \u00eenalt\u0103 tehnologie care combin\u0103 un laser, un computer, un controler automat \u0219i piese precise pentru a func\u021biona eficient.<\/p>\n<ul class=\"tips\">\n<li>350 Seturi \/ lun\u0103 \u00cen a\u0219teptare pentru v\u00e2nzare \u00cen stoc<\/li>\n<li>Garan\u021bie limitat\u0103 de 2 ani pentru \u00eentreaga ma\u0219in\u0103<\/li>\n<li>3-5 zile preg\u0103tirea ma\u0219inii laser, 3-7 zile transport.<\/li>\n<li>Online (PayPal) \u0219i offline (T\/T, carduri de debit \u0219i de credit)<\/li>\n<\/ul>","protected":false},"featured_media":2148,"template":"","meta":{"_gspb_post_css":""},"product_brand":[],"product_cat":[97,93,96],"product_tag":[102],"class_list":{"0":"post-2127","1":"product","2":"type-product","3":"status-publish","4":"has-post-thumbnail","6":"product_cat-fiber-laser-marker","7":"product_cat-laser-engraving-machine","8":"product_cat-laser-marking-machine","9":"product_tag-laser-marking-machine","11":"first","12":"instock","13":"shipping-taxable","14":"product-type-simple"},"_links":{"self":[{"href":"https:\/\/bogonglaser.com\/ro\/wp-json\/wp\/v2\/product\/2127","targetHints":{"allow":["GET"]}}],"collection":[{"href":"https:\/\/bogonglaser.com\/ro\/wp-json\/wp\/v2\/product"}],"about":[{"href":"https:\/\/bogonglaser.com\/ro\/wp-json\/wp\/v2\/types\/product"}],"wp:featuredmedia":[{"embeddable":true,"href":"https:\/\/bogonglaser.com\/ro\/wp-json\/wp\/v2\/media\/2148"}],"wp:attachment":[{"href":"https:\/\/bogonglaser.com\/ro\/wp-json\/wp\/v2\/media?parent=2127"}],"wp:term":[{"taxonomy":"product_brand","embeddable":true,"href":"https:\/\/bogonglaser.com\/ro\/wp-json\/wp\/v2\/product_brand?post=2127"},{"taxonomy":"product_cat","embeddable":true,"href":"https:\/\/bogonglaser.com\/ro\/wp-json\/wp\/v2\/product_cat?post=2127"},{"taxonomy":"product_tag","embeddable":true,"href":"https:\/\/bogonglaser.com\/ro\/wp-json\/wp\/v2\/product_tag?post=2127"}],"curies":[{"name":"wp","href":"https:\/\/api.w.org\/{rel}","templated":true}]}}