{"id":2119,"date":"2024-12-04T17:25:33","date_gmt":"2024-12-04T09:25:33","guid":{"rendered":"https:\/\/bogonglaser.com\/?post_type=product&#038;p=2119"},"modified":"2025-12-10T16:47:52","modified_gmt":"2025-12-10T08:47:52","slug":"30w-fiber-laser-marking-machine","status":"publish","type":"product","link":"https:\/\/bogonglaser.com\/ro\/30w-fiber-laser-marking-machine\/","title":{"rendered":"30W Fiber Laser Marcare ma\u0219in\u0103"},"content":{"rendered":"<p>V\u0103 prezent\u0103m ma\u0219ina de marcat cu laser cu fibr\u0103 optic\u0103 30W, un marker cu laser cu fibr\u0103 optic\u0103 compact \u0219i versatil, all-in-one, proiectat at\u00e2t pentru putere, c\u00e2t \u0219i pentru adaptabilitate. Fie c\u0103 dori\u021bi s\u0103 grava\u021bi logo-uri, coduri de bare, numere de serie sau desene complicate, acest aparat ofer\u0103 rezultate excep\u021bionale pentru o gam\u0103 larg\u0103 de aplica\u021bii.<\/p>\n<p>\u00cen ciuda dimensiunilor sale compacte, acest model all-in-one ofer\u0103 performan\u021be impresionante, fiind perfect pentru spa\u021bii \u00eenguste \u0219i proiecte de marcare mai mici. Designul s\u0103u u\u0219or \u0219i portabil asigur\u0103 o manevrare u\u0219oar\u0103, permi\u021b\u00e2nd marcaje precise \u0219i exacte de fiecare dat\u0103, toate acestea func\u021bion\u00e2nd la viteze mari cu o eficien\u021b\u0103 remarcabil\u0103.<\/p>\n<p>Acest aparat este o alegere excelent\u0103 pentru \u00eentreprinderile mici, atelierele \u0219i pasiona\u021bii de bricolaj care caut\u0103 o solu\u021bie de marcare fiabil\u0103 care nu sacrific\u0103 performan\u021ba din cauza spa\u021biului limitat. Dac\u0103 ave\u021bi nevoie de un marker laser cu fibr\u0103 optic\u0103 eficient care s\u0103 se integreze perfect \u00een spa\u021biul dvs. de lucru, aceasta este op\u021biunea perfect\u0103 pentru dvs.<\/p>\n<p><img decoding=\"async\" class=\"size-medium wp-image-7414\" src=\"https:\/\/bogonglaser.com\/wp-content\/uploads\/2024\/12\/2D-mini-all-in-one-PC-factory-photos-1-300x225.png\" alt=\"2D mini all-in-one PC fotografii din fabric\u0103\" width=\"300\" height=\"225\" title=\"\" srcset=\"https:\/\/bogonglaser.com\/wp-content\/uploads\/2024\/12\/2D-mini-all-in-one-PC-factory-photos-1-300x225.png 300w, https:\/\/bogonglaser.com\/wp-content\/uploads\/2024\/12\/2D-mini-all-in-one-PC-factory-photos-1-600x450.png 600w, https:\/\/bogonglaser.com\/wp-content\/uploads\/2024\/12\/2D-mini-all-in-one-PC-factory-photos-1-768x576.png 768w, https:\/\/bogonglaser.com\/wp-content\/uploads\/2024\/12\/2D-mini-all-in-one-PC-factory-photos-1-16x12.png 16w, https:\/\/bogonglaser.com\/wp-content\/uploads\/2024\/12\/2D-mini-all-in-one-PC-factory-photos-1.png 800w\" sizes=\"(max-width: 300px) 100vw, 300px\" \/><\/p>\n<p>Iat\u0103 principalele caracteristici ale <a href=\"https:\/\/bogonglaser.com\/ro\/laser-marking-machine\/fiber-laser-marking-machine\/\">Fiber Laser Marcare ma\u0219in\u0103<\/a>:<\/p>\n<p>1. Surs\u0103 laser cu fibr\u0103 optic\u0103: 30w surs\u0103 laser cu fibr\u0103, de asemenea, pute\u021bi alege o putere mai mare, cum ar fi 50 sau putere mic\u0103 20w \u00een acest cabinet. surse laser cu fibr\u0103 de \u00eenalt\u0103 calitate de la branduri de renume, cum ar fi JPT, Raycus, sau IPG. V\u0103 ve\u021bi bucura de o claritate excelent\u0103 a fasciculului laser \u0219i de o durat\u0103 lung\u0103 de via\u021b\u0103 de p\u00e2n\u0103 la 100.000 de ore.<\/p>\n<p>2. Sistem de scanare galvanometric\u0103 digital\u0103: Aceast\u0103 ma\u0219in\u0103 este echipat\u0103 cu un sistem de scanare laser importat de mare vitez\u0103, capabil s\u0103 ating\u0103 viteze de marcare de p\u00e2n\u0103 la 8.000 mm\/s, asigur\u00e2nd o func\u021bionare eficient\u0103.<\/p>\n<p>3. Suport pentru afi\u0219aj PC: Axa Z reglabil\u0103 se extinde p\u00e2n\u0103 la 700 mm, ceea ce \u00eel face perfect pentru marcarea pe materiale mai groase sau mai \u00eenalte.<\/p>\n<p>4. Comutator de control: Panoul de control u\u0219or de utilizat are o oprire de urgen\u021b\u0103, un comutator cu cheie \u0219i un comutator de alimentare, facilit\u00e2nd operarea \u0219i identificarea comenzilor.<\/p>\n<p>5. Sistem de ridicare: Ma\u0219ina include o roat\u0103 de m\u00e2n\u0103 pentru reglarea convenabil\u0103 a distan\u021bei de focalizare a laserului, eficientiz\u00e2nd procesul de operare.<\/p>\n<p>6. Indicator cu lumin\u0103 ro\u0219ie: Aceast\u0103 caracteristic\u0103 util\u0103 eviden\u021biaz\u0103 zona de marcare \u00eenainte de \u00eenceperea efectiv\u0103 a marc\u0103rii cu laser, \u00eembun\u0103t\u0103\u021bind precizia \u0219i acurate\u021bea.<\/p>\n<p>7. Software de marcare cu laser: Software-ul de marcare EZCAD este echipat cu instrumente de editare puternice, care v\u0103 permit s\u0103 crea\u021bi coduri QR, numere de serie \u0219i diverse logo-uri. Acesta accept\u0103 formatele de fi\u0219iere DXF \u0219i PLT \u0219i este livrat cu un manual de utilizare detaliat \u00een limba englez\u0103 pentru a v\u0103 ghida la fiecare pas.<\/p>\n<p>8. Lentile de scanare F-theta: Echipat cu o lentil\u0103 Singapore Ronar-Smith F-theta de \u00eenalt\u0103 calitate, acest aparat asigur\u0103 faptul c\u0103 \u00een\u0103l\u021bimea c\u00e2mpului de imagine este aproape propor\u021bional\u0103 cu unghiul de scanare. Aceasta men\u021bine o distorsiune a liniarit\u0103\u021bii mai mic\u0103 de 1% f\u0103r\u0103 a necesita o corec\u021bie software, rezult\u00e2nd o distorsiune minim\u0103 \u0219i rezultate clare, clare. Obiectivul are, de asemenea, acoperiri AR cu transmisie ridicat\u0103 pentru a reduce pierderea de putere \u0219i a maximiza randamentul.<\/p>\n<p>Cu aceste caracteristici avansate, ma\u0219ina de marcat cu laser cu fibre este proiectat\u0103 pentru precizie, eficien\u021b\u0103 \u0219i u\u0219urin\u021b\u0103 \u00een utilizare.<\/p>\n<figure id=\"attachment_7413\" aria-describedby=\"caption-attachment-7413\" style=\"width: 300px\" class=\"wp-caption alignnone\"><img decoding=\"async\" class=\"size-medium wp-image-7413\" src=\"https:\/\/bogonglaser.com\/wp-content\/uploads\/2024\/12\/2D-mini-all-in-one-PC-factory-photos-2-300x225.png\" alt=\"2D mini all-in-one PC fotografii din fabric\u0103\" width=\"300\" height=\"225\" title=\"\" srcset=\"https:\/\/bogonglaser.com\/wp-content\/uploads\/2024\/12\/2D-mini-all-in-one-PC-factory-photos-2-300x225.png 300w, https:\/\/bogonglaser.com\/wp-content\/uploads\/2024\/12\/2D-mini-all-in-one-PC-factory-photos-2-600x450.png 600w, https:\/\/bogonglaser.com\/wp-content\/uploads\/2024\/12\/2D-mini-all-in-one-PC-factory-photos-2-768x576.png 768w, https:\/\/bogonglaser.com\/wp-content\/uploads\/2024\/12\/2D-mini-all-in-one-PC-factory-photos-2-16x12.png 16w, https:\/\/bogonglaser.com\/wp-content\/uploads\/2024\/12\/2D-mini-all-in-one-PC-factory-photos-2.png 800w\" sizes=\"(max-width: 300px) 100vw, 300px\" \/><figcaption id=\"caption-attachment-7413\" class=\"wp-caption-text\">2D mini all-in-one PC fotografii din fabric\u0103<\/figcaption><\/figure>\n<p>Aplica\u021bie: Ma\u0219in\u0103 de marcat cu laser all-in-one pentru metal, plastic \u0219i altele.<\/p>\n<p>Ma\u0219inile noastre de marcat cu laser ofer\u0103 o solu\u021bie versatil\u0103 \u0219i eficient\u0103 pentru marcarea unei variet\u0103\u021bi de materiale precum metalul, plasticul \u0219i altele. Fie c\u0103 trebuie s\u0103 grava\u021bi logo-uri, numere de serie sau desene complicate, laserul nostru adaptabil poate aborda numeroase aplica\u021bii, sporind productivitatea \u0219i asigur\u00e2nd \u00een acela\u0219i timp o calitate constant\u0103 pe diferite suprafe\u021be.<\/p>\n<ul>\n<li><span class=\"magic-19\"><b class=\"magic-19\"><span class=\"magic-18\">Probe de testare gratuite -<\/span><\/b><span class=\"magic-20\" data-spm-anchor-id=\"a2700.details.0.i41.41d82402R4aegi\">Putem efectua teste gratuite privind efectul de marcare \u00een func\u021bie de materialul produsului dvs.<\/span><\/span><\/li>\n<li><span class=\"magic-19\"><b class=\"magic-19\"><span class=\"magic-18\">Video Live-<\/span><\/b><span class=\"magic-20\">V\u0103 pute\u021bi conecta cu consultan\u021bii no\u0219tri de v\u00e2nz\u0103ri pentru a viziona procesul de produc\u021bie \u0219i func\u021bionarea ma\u0219inii \u00een video online.<\/span><\/span><\/li>\n<li><span class=\"magic-19\"><b class=\"magic-19\"><span class=\"magic-18\">Personalizat \/OEM-<\/span><\/b><span class=\"magic-20\" data-spm-anchor-id=\"a2700.details.0.i40.41d82402R4aegi\">Ma\u0219ini personalizate la cerere<\/span><\/span><\/li>\n<\/ul>\n<figure id=\"attachment_7412\" aria-describedby=\"caption-attachment-7412\" style=\"width: 300px\" class=\"wp-caption alignnone\"><img decoding=\"async\" class=\"size-medium wp-image-7412\" src=\"https:\/\/bogonglaser.com\/wp-content\/uploads\/2024\/12\/2D-mini-all-in-one-PC-factory-photos-300x300.jpg\" alt=\"2D mini all-in-one PC fotografii din fabric\u0103\" width=\"300\" height=\"300\" title=\"\" srcset=\"https:\/\/bogonglaser.com\/wp-content\/uploads\/2024\/12\/2D-mini-all-in-one-PC-factory-photos-300x300.jpg 300w, https:\/\/bogonglaser.com\/wp-content\/uploads\/2024\/12\/2D-mini-all-in-one-PC-factory-photos-100x100.jpg 100w, https:\/\/bogonglaser.com\/wp-content\/uploads\/2024\/12\/2D-mini-all-in-one-PC-factory-photos-600x600.jpg 600w, https:\/\/bogonglaser.com\/wp-content\/uploads\/2024\/12\/2D-mini-all-in-one-PC-factory-photos-150x150.jpg 150w, https:\/\/bogonglaser.com\/wp-content\/uploads\/2024\/12\/2D-mini-all-in-one-PC-factory-photos-768x768.jpg 768w, https:\/\/bogonglaser.com\/wp-content\/uploads\/2024\/12\/2D-mini-all-in-one-PC-factory-photos-12x12.jpg 12w, https:\/\/bogonglaser.com\/wp-content\/uploads\/2024\/12\/2D-mini-all-in-one-PC-factory-photos.jpg 1000w\" sizes=\"(max-width: 300px) 100vw, 300px\" \/><figcaption id=\"caption-attachment-7412\" class=\"wp-caption-text\">2D mini all-in-one PC fotografii din fabric\u0103<\/figcaption><\/figure>\n<p><iframe title=\"Ma\u0219in\u0103 de marcat cu laser mic\u0103, all-in-one, de v\u00e2nzare\" width=\"1290\" height=\"726\" src=\"https:\/\/www.youtube.com\/embed\/znNbIXDhuHE?feature=oembed\" frameborder=\"0\" allow=\"accelerometer; autoplay; clipboard-write; encrypted-media; gyroscope; picture-in-picture; web-share\" referrerpolicy=\"strict-origin-when-cross-origin\" allowfullscreen><\/iframe><\/p>\n<p>Condi\u021bii de plat\u0103<\/p>\n<p>1. Depozit \u0219i sold: Un depozit 30% T \/ T este necesar \u00een avans, cu soldul datorat \u00eenainte de expediere.<\/p>\n<p>2. Alibaba Trade Assurance: Pl\u0103\u021bile pot fi procesate prin Alibaba Trade Assurance.<\/p>\n<p>\u00centreb\u0103ri frecvente pentru 30W Fiber Laser Marking Machine<\/p>\n<p>Care este ambalajul pentru ma\u0219ina de marcat cu laser cu fibre?<br \/>\nMa\u0219inile noastre sunt ambalate \u00eentr-o configura\u021bie cu trei straturi. Stratul exterior const\u0103 dintr-o lad\u0103 din lemn, stratul de mijloc este prev\u0103zut cu umplutur\u0103 din spum\u0103 pentru a proteja \u00eempotriva zdruncin\u0103turilor, iar stratul interior include o pung\u0103 groas\u0103 din plastic pentru impermeabilizare.<\/p>\n<p><iframe title=\"Mic All-in-one Fiber Laser Marking Machine | 20W 30W Metal Plastic Laser Marker Printer Engraver\" width=\"1290\" height=\"726\" src=\"https:\/\/www.youtube.com\/embed\/1gUXk1ygblo?feature=oembed\" frameborder=\"0\" allow=\"accelerometer; autoplay; clipboard-write; encrypted-media; gyroscope; picture-in-picture; web-share\" referrerpolicy=\"strict-origin-when-cross-origin\" allowfullscreen><\/iframe><\/p>\n<p>Pachetul va fi deteriorat \u00een timpul transportului?<br \/>\nNe proiect\u0103m meticulos ambalajul pentru a aborda to\u021bi factorii poten\u021biali de deteriorare, iar agen\u021bii no\u0219tri de expediere au experien\u021b\u0103 \u00een transportul \u00een siguran\u021b\u0103. Am exportat cu succes \u00een 180 de \u021b\u0103ri, astfel \u00eenc\u00e2t pute\u021bi fi siguri c\u0103 coletul dvs. va ajunge \u00een condi\u021bii excelente.<\/p>\n<p>&nbsp;<\/p>\n<p>Majoritatea clien\u021bilor aleg transportul prin UPS \/ DHL express, poate ajunge la destina\u021bie aproximativ 5-7 zile, contacta\u021bi BOGONG pentru a ob\u021bine mai multe detalii despre <a href=\"https:\/\/bogonglaser.com\/ro\/laser-marking-machine\/fiber-laser-marking-machine\/\">marcare cu laser cu fibr\u0103 Ma\u0219in\u0103<\/a>.<\/p>\n<p>&nbsp;<\/p>","protected":false},"excerpt":{"rendered":"<h2>30W Fiber Laser Marking Machine<\/h2>\n<p>BOGONG 30W laser marking machine addopt 30W fiber laser and famous laser galvo head, 1064nm laser wavelength, It works with a variety of materials, such as stainless steel, titanium, aluminum, copper, brass, alloys, silver, and gold, allowing you to engrave names, logos, signs, letters, numbers, patterns, and photos. This all ine one laser marking machine is now available for sale at an affordable price, making it a great option for your budget.<\/p>\n<ul class=\"tips\">\n<li>350 Sets \/ Month Waiting for Sale In Stock<\/li>\n<li>2 Years Limited Warranty for Entire Machine<\/li>\n<li>3-5 days prepare laser machine, 3-7days transport.<\/li>\n<li>Online (PayPal) &amp; Offline (T\/T, Debit &amp; Credit Cards)<\/li>\n<\/ul>\n<hr \/>\n<h4><strong>Get a Quote<\/strong><\/h4>\n<p>[contact-form-7 id=&#8221;029fbc1&#8243; title=&#8221;Products Form&#8221;]<\/p>\n","protected":false},"featured_media":1966,"template":"","meta":{"_gspb_post_css":""},"product_brand":[],"product_cat":[97,93,96],"product_tag":[104,102],"class_list":{"0":"post-2119","1":"product","2":"type-product","3":"status-publish","4":"has-post-thumbnail","6":"product_cat-fiber-laser-marker","7":"product_cat-laser-engraving-machine","8":"product_cat-laser-marking-machine","9":"product_tag-laser-marker","10":"product_tag-laser-marking-machine","12":"first","13":"instock","14":"shipping-taxable","15":"product-type-simple"},"_links":{"self":[{"href":"https:\/\/bogonglaser.com\/ro\/wp-json\/wp\/v2\/product\/2119","targetHints":{"allow":["GET"]}}],"collection":[{"href":"https:\/\/bogonglaser.com\/ro\/wp-json\/wp\/v2\/product"}],"about":[{"href":"https:\/\/bogonglaser.com\/ro\/wp-json\/wp\/v2\/types\/product"}],"wp:featuredmedia":[{"embeddable":true,"href":"https:\/\/bogonglaser.com\/ro\/wp-json\/wp\/v2\/media\/1966"}],"wp:attachment":[{"href":"https:\/\/bogonglaser.com\/ro\/wp-json\/wp\/v2\/media?parent=2119"}],"wp:term":[{"taxonomy":"product_brand","embeddable":true,"href":"https:\/\/bogonglaser.com\/ro\/wp-json\/wp\/v2\/product_brand?post=2119"},{"taxonomy":"product_cat","embeddable":true,"href":"https:\/\/bogonglaser.com\/ro\/wp-json\/wp\/v2\/product_cat?post=2119"},{"taxonomy":"product_tag","embeddable":true,"href":"https:\/\/bogonglaser.com\/ro\/wp-json\/wp\/v2\/product_tag?post=2119"}],"curies":[{"name":"wp","href":"https:\/\/api.w.org\/{rel}","templated":true}]}}