{"id":2118,"date":"2024-12-04T15:48:23","date_gmt":"2024-12-04T07:48:23","guid":{"rendered":"https:\/\/bogonglaser.com\/?post_type=product&#038;p=2118"},"modified":"2025-12-10T17:33:56","modified_gmt":"2025-12-10T09:33:56","slug":"50w-split-fiber-laser-engraving-machine","status":"publish","type":"product","link":"https:\/\/bogonglaser.com\/ro\/50w-split-fiber-laser-engraving-machine\/","title":{"rendered":"Mini Split Fiber Laser ma\u0219in\u0103 de gravur\u0103"},"content":{"rendered":"<p>Solu\u021bii personalizate: Fie c\u0103 dori\u021bi cadouri sau gravuri profesionale, gravura cu laser BOGONG Mini split v\u0103 permite s\u0103 v\u0103 realiza\u021bi cu u\u0219urin\u021b\u0103 viziunile creative, oferind o platform\u0103 pentru posibilit\u0103\u021bi nelimitate.<\/p>\n<p>Suprafa\u021ba de gravare: Suprafa\u021ba de lucru standard: 100 * 100 mm, 7.9 \u00d7 7.9 inch (200 \u00d7 200 mm) \u0219i 300 * 300 mm suprafa\u021b\u0103 de lucru sunt op\u021bionale,<\/p>\n<p>Puterea laserului pe care o pute\u021bi alege sunt: 20W 30W 50W 60W 100W, \u0219i o vitez\u0103 impresionant\u0103 de gravare de 10.000 mm\/s, aceast\u0103 ma\u0219in\u0103 este ideal\u0103 pentru o gam\u0103 larg\u0103 de proiecte. (lentile de 100*100mm \u0219i 300*300mm op\u021bionale)<\/p>\n<figure id=\"attachment_7458\" aria-describedby=\"caption-attachment-7458\" style=\"width: 300px\" class=\"wp-caption alignnone\"><img decoding=\"async\" class=\"size-medium wp-image-7458\" src=\"https:\/\/bogonglaser.com\/wp-content\/uploads\/2024\/10\/bogong-new-design-1-300x225.png\" alt=\"bogong nou design\" width=\"300\" height=\"225\" title=\"\" srcset=\"https:\/\/bogonglaser.com\/wp-content\/uploads\/2024\/10\/bogong-new-design-1-300x225.png 300w, https:\/\/bogonglaser.com\/wp-content\/uploads\/2024\/10\/bogong-new-design-1-600x450.png 600w, https:\/\/bogonglaser.com\/wp-content\/uploads\/2024\/10\/bogong-new-design-1-768x576.png 768w, https:\/\/bogonglaser.com\/wp-content\/uploads\/2024\/10\/bogong-new-design-1-16x12.png 16w, https:\/\/bogonglaser.com\/wp-content\/uploads\/2024\/10\/bogong-new-design-1.png 800w\" sizes=\"(max-width: 300px) 100vw, 300px\" \/><figcaption id=\"caption-attachment-7458\" class=\"wp-caption-text\">bogong nou design<\/figcaption><\/figure>\n<p><iframe title=\"V\u0103 prezent\u0103m BOOGNG Mini Laser Engraving Machine - Experien\u021ba dvs. final\u0103 de gravare cu laser cu fibr\u0103!\" width=\"1290\" height=\"726\" src=\"https:\/\/www.youtube.com\/embed\/DqvsGNxiQBc?feature=oembed\" frameborder=\"0\" allow=\"accelerometer; autoplay; clipboard-write; encrypted-media; gyroscope; picture-in-picture; web-share\" referrerpolicy=\"strict-origin-when-cross-origin\" allowfullscreen><\/iframe><\/p>\n<p>Interfa\u021b\u0103 de control u\u0219or de utilizat: Acest aparat laser dispune de un panou de control simplu EZCAD2 \u0219i este compatibil cu software-ul LightBurn, ceea ce \u00eel face accesibil at\u00e2t \u00eencep\u0103torilor, c\u00e2t \u0219i utilizatorilor experimenta\u021bi. Pute\u021bi s\u0103 v\u0103 lansa\u021bi imediat \u0219i s\u0103 v\u0103 \u00eembun\u0103t\u0103\u021bi\u021bi eficien\u021ba fluxului de lucru.<\/p>\n<p>Op\u021biuni versatile pentru materiale: Grava\u021bi cu u\u0219urin\u021b\u0103 pe o gam\u0103 larg\u0103 de materiale, cum ar fi alam\u0103, carbur\u0103, granit, o\u021bel inoxidabil, metal \u0219i plastic. Aceast\u0103 flexibilitate v\u0103 permite s\u0103 da\u021bi via\u021b\u0103 proiectelor dvs. DIY unice \u0219i crea\u021biilor realizate manual.<\/p>\n<p>Design eficient din punct de vedere al spa\u021biului: Cu o greutate de 37 kg, aceast\u0103 ma\u0219in\u0103 are un design divizat cu coloane \u00eenalte \u0219i o zon\u0103 de procesare spa\u021bioas\u0103, ceea ce o face ideal\u0103 pentru diverse medii de lucru, chiar \u0219i pentru cele cu spa\u021biu limitat.<\/p>\n<p>Ambalaj de protec\u021bie: Aparatul dvs. este protejat cu spum\u0103 pentru a v\u0103 asigura c\u0103 ajunge la destina\u021bie f\u0103r\u0103 deterior\u0103ri. Dac\u0103 apar probleme \u00een timpul transportului, pute\u021bi fi eligibil pentru desp\u0103gubiri.<\/p>\n<p>Asisten\u021b\u0103 cuprinz\u0103toare \u00eenainte de v\u00e2nzare: Fie c\u0103 prefera\u021bi s\u0103 trimite\u021bi un e-mail, s\u0103 suna\u021bi, s\u0103 discuta\u021bi online sau s\u0103 vizita\u021bi reprezentantul nostru pentru clien\u021bi, echipa noastr\u0103 dedicat\u0103 v\u0103 ofer\u0103 asisten\u021b\u0103 complet\u0103 pentru a v\u0103 ajuta s\u0103 \u00een\u021belege\u021bi fiecare aspect al ma\u0219inii. Suntem aici pentru a v\u0103 r\u0103spunde la \u00eentreb\u0103ri \u0219i pentru a v\u0103 oferi \u00eencrederea de care ave\u021bi nevoie.<\/p>\n<p>Asisten\u021b\u0103 post-v\u00e2nzare: Oferim sesiuni virtuale de instalare \u0219i asisten\u021b\u0103 tehnic\u0103 de specialitate, \u00eempreun\u0103 cu o garan\u021bie de p\u00e2n\u0103 la 2 ani (numai pentru ma\u0219in\u0103) pentru a v\u0103 oferi lini\u0219te sufleteasc\u0103.<\/p>\n<figure id=\"attachment_7459\" aria-describedby=\"caption-attachment-7459\" style=\"width: 300px\" class=\"wp-caption alignnone\"><img decoding=\"async\" class=\"size-medium wp-image-7459\" src=\"https:\/\/bogonglaser.com\/wp-content\/uploads\/2024\/10\/mini-laser-machine-1-1-300x169.jpg\" alt=\"mini ma\u0219in\u0103 laser\" width=\"300\" height=\"169\" title=\"\" srcset=\"https:\/\/bogonglaser.com\/wp-content\/uploads\/2024\/10\/mini-laser-machine-1-1-300x169.jpg 300w, https:\/\/bogonglaser.com\/wp-content\/uploads\/2024\/10\/mini-laser-machine-1-1-600x338.jpg 600w, https:\/\/bogonglaser.com\/wp-content\/uploads\/2024\/10\/mini-laser-machine-1-1-768x432.jpg 768w, https:\/\/bogonglaser.com\/wp-content\/uploads\/2024\/10\/mini-laser-machine-1-1-18x10.jpg 18w, https:\/\/bogonglaser.com\/wp-content\/uploads\/2024\/10\/mini-laser-machine-1-1.jpg 800w\" sizes=\"(max-width: 300px) 100vw, 300px\" \/><figcaption id=\"caption-attachment-7459\" class=\"wp-caption-text\">mini ma\u0219in\u0103 laser<\/figcaption><\/figure>\n<h3>Mini Split Mini Ma\u0219in\u0103 de marcare cu gravur\u0103 laser<\/h3>\n<p>Cre\u0219te\u021bi eficien\u021ba \u0219i confortul, maximiz\u00e2nd \u00een acela\u0219i timp spa\u021biul, ceea ce o face alegerea ideal\u0103 pentru toate cerin\u021bele dvs. de gravur\u0103.<\/p>\n<figure id=\"attachment_7475\" aria-describedby=\"caption-attachment-7475\" style=\"width: 300px\" class=\"wp-caption alignnone\"><img decoding=\"async\" class=\"size-medium wp-image-7475\" src=\"https:\/\/bogonglaser.com\/wp-content\/uploads\/2024\/12\/8099368FDA9E46B0E54E09A3AD53B032-1-300x123.jpg\" alt=\"8099368FDA9E46B0E54E09A3AD53B032\" width=\"300\" height=\"123\" title=\"\" srcset=\"https:\/\/bogonglaser.com\/wp-content\/uploads\/2024\/12\/8099368FDA9E46B0E54E09A3AD53B032-1-300x123.jpg 300w, https:\/\/bogonglaser.com\/wp-content\/uploads\/2024\/12\/8099368FDA9E46B0E54E09A3AD53B032-1-600x245.jpg 600w, https:\/\/bogonglaser.com\/wp-content\/uploads\/2024\/12\/8099368FDA9E46B0E54E09A3AD53B032-1-1024x419.jpg 1024w, https:\/\/bogonglaser.com\/wp-content\/uploads\/2024\/12\/8099368FDA9E46B0E54E09A3AD53B032-1-768x314.jpg 768w, https:\/\/bogonglaser.com\/wp-content\/uploads\/2024\/12\/8099368FDA9E46B0E54E09A3AD53B032-1-18x7.jpg 18w, https:\/\/bogonglaser.com\/wp-content\/uploads\/2024\/12\/8099368FDA9E46B0E54E09A3AD53B032-1.jpg 1247w\" sizes=\"(max-width: 300px) 100vw, 300px\" \/><figcaption id=\"caption-attachment-7475\" class=\"wp-caption-text\">8099368FDA9E46B0E54E09A3AD53B032<\/figcaption><\/figure>\n<h3>Capacitatea materialului<\/h3>\n<div class=\"collapsible-tab__text\">\n<p><strong>Metale:<\/strong>\u00a0O\u021bel inoxidabil, aluminiu, aliaje comune, aluminiu anodizat, alam\u0103, crom, aur \u0219i argint, titan<\/p>\n<p><strong>Nemetale:<\/strong>\u00a0ardezie, materiale plastice dure, piele artificial\u0103, acrilic colorat<\/p>\n<\/div>\n<p><iframe title=\"Ce poate face o ma\u0219in\u0103 de gravat cu laser de 50W? | Cel mai bun 50 watt Raycus fibra laser de marcare ma\u0219in\u0103 de v\u00e2nzare\" width=\"1290\" height=\"968\" src=\"https:\/\/www.youtube.com\/embed\/1DLnYH3dJXQ?feature=oembed\" frameborder=\"0\" allow=\"accelerometer; autoplay; clipboard-write; encrypted-media; gyroscope; picture-in-picture; web-share\" referrerpolicy=\"strict-origin-when-cross-origin\" allowfullscreen><\/iframe><\/p>\n<p class=\"section-header__title\">Tehnologie laser avansat\u0103<br \/>\nSursa laser stabil\u0103 \u0219i renumit\u0103 din aceast\u0103 ma\u0219in\u0103 de marcat cu fibre asigur\u0103 performan\u021be constante \u0219i fiabile, av\u00e2nd un timp mediu p\u00e2n\u0103 la defectare de peste 100.000 de ore.<\/p>\n<p><iframe title=\"Cum s\u0103 utiliza\u021bi o ma\u0219in\u0103 de marcare cu laser cu fibr\u0103 pas cu pas pentru gravur\u0103 | China Laser Engraver\" width=\"1290\" height=\"726\" src=\"https:\/\/www.youtube.com\/embed\/WoOi7mteSzM?feature=oembed\" frameborder=\"0\" allow=\"accelerometer; autoplay; clipboard-write; encrypted-media; gyroscope; picture-in-picture; web-share\" referrerpolicy=\"strict-origin-when-cross-origin\" allowfullscreen><\/iframe><\/p>\n<p>Pachetul include<br \/>\n- 1 x Fiber Laser Marker Machine<br \/>\n- 1 x cablu de alimentare<br \/>\n- 1 x pedal\u0103<br \/>\n- 1 x pereche de ochelari de protec\u021bie cu laser<br \/>\n- 1 x unitate flash USB<br \/>\n- 1 x rigl\u0103<br \/>\n- 1 x Manual de instruc\u021biuni<\/p>\n<p>- 1 x card de testare din aluminiu<\/p>\n<p>- 1 x unelte<\/p>\n<p><iframe title=\"Despachetarea ma\u0219inii de gravur\u0103 cu laser cu fibr\u0103 optic\u0103 BOGONG MINI | Best BOGONG LASER ENGRAVER\" width=\"1290\" height=\"726\" src=\"https:\/\/www.youtube.com\/embed\/_96ZvRvowGE?feature=oembed\" frameborder=\"0\" allow=\"accelerometer; autoplay; clipboard-write; encrypted-media; gyroscope; picture-in-picture; web-share\" referrerpolicy=\"strict-origin-when-cross-origin\" allowfullscreen><\/iframe><\/p>\n<h2>Cum s\u0103 alege\u021bi marca potrivit\u0103<\/h2>\n<p>Investi\u021bia \u00eentr-un <a href=\"https:\/\/bogonglaser.com\/ro\/laser-engraving-machine\/\">ma\u0219in\u0103 de gravur\u0103 cu pistol cu laser cu fibr\u0103<\/a> este o decizie important\u0103, astfel \u00eenc\u00e2t este esen\u021bial s\u0103 alege\u021bi o marc\u0103 care ofer\u0103 valoare \u0219i fiabilitate. Iat\u0103 c\u00e2\u021biva factori importan\u021bi de care trebuie s\u0103 \u021bine\u021bi cont atunci c\u00e2nd selecta\u021bi marca potrivit\u0103 pentru nevoile dvs:<\/p>\n<p>Reputa\u021bia m\u0103rcii: Cerceta\u021bi reputa\u021bia \u0219i fiabilitatea m\u0103rcii \u00een cadrul industriei. C\u0103uta\u021bi companii cunoscute pentru produsele lor de calitate.<\/p>\n<p>Experien\u021ba \u00een domeniu: Evalua\u021bi experien\u021ba \u0219i expertiza m\u0103rcii \u00een domeniul gravurii cu laser.<\/p>\n<p>Calitatea \u0219i inovarea produselor: Lua\u021bi \u00een considerare calitatea produselor \u0219i orice inova\u021bii tehnologice pe care le ofer\u0103.<\/p>\n<p>Varietate de modele: C\u0103uta\u021bi o marc\u0103 care ofer\u0103 o gam\u0103 variat\u0103 de modele cu specifica\u021bii diferite pentru a v\u0103 satisface cerin\u021bele specifice.<\/p>\n<p>Asisten\u021b\u0103 post-v\u00e2nzare: Verifica\u021bi nivelul de asisten\u021b\u0103 post-v\u00e2nzare oferit. Un serviciu clien\u021bi fiabil este esen\u021bial pentru abordarea oric\u0103ror probleme care pot ap\u0103rea.<\/p>\n<p>Garan\u021bie \u0219i garan\u021bie: Examina\u021bi politicile de garan\u021bie asociate cu produsele lor pentru a v\u0103 asigura c\u0103 sunte\u021bi protejat \u00een caz de defecte sau probleme.<\/p>\n<p>\u00cen cele din urm\u0103, pre\u021bul \u0219i valoarea general\u0103 sunt considerente cheie. Asigura\u021bi-v\u0103 c\u0103 analiza\u021bi feedback-ul \u0219i recomand\u0103rile utilizatorilor pentru a lua o decizie \u00een cuno\u0219tin\u021b\u0103 de cauz\u0103.<\/p>\n<p>**De ce s\u0103 alege\u021bi BOGONG LASER**<\/p>\n<p>BOGONG renumit pentru calitatea sa de echipamente laser \u0219i servicii pentru servicii post-v\u00e2nzare, Ma\u0219inile noastre sunt versatile \u0219i u\u0219or de utilizat, concepute cu toate nivelurile de calificare \u00een minte. Mai presus de toate, prioritiz\u0103m satisfac\u021bia clientului. Fie c\u0103 sunte\u021bi un expert experimentat sau un \u00eencep\u0103tor, <a href=\"https:\/\/bogonglaser.com\/ro\/\">LASER BOGONG<\/a> este aici pentru a v\u0103 sprijini la fiecare pas al drumului. Ave\u021bi \u00eencredere \u00een noi \u0219i \u00een serviciile noastre, unde excelen\u021ba \u0219i inova\u021bia se unesc pentru succesul dumneavoastr\u0103.<\/p>","protected":false},"excerpt":{"rendered":"<h2>Mini Split Mini Fiber Laser ma\u0219in\u0103 de gravur\u0103<\/h2>\n<p>Ma\u0219in\u0103 de gravur\u0103 cu laser cu fibre BOGONG cu design \u00eemp\u0103r\u021bit, greutate redus\u0103 \u0219i dimensiuni mici.<\/p>\n<ul class=\"tips\">\n<li>300 seturi \/ lun\u0103 \u00cen a\u0219teptare pentru v\u00e2nzare \u00cen stoc<\/li>\n<li>Garan\u021bie limitat\u0103 de 2 ani pentru \u00eentreaga ma\u0219in\u0103<\/li>\n<li>Online (PayPal) \u0219i offline (T\/T, carduri de debit \u0219i de credit)<\/li>\n<li>Asisten\u021b\u0103 tehnic\u0103 gratuit\u0103 pe via\u021b\u0103 pentru utilizatorii finali \u0219i dealeri<\/li>\n<\/ul>","protected":false},"featured_media":1639,"template":"","meta":{"_gspb_post_css":""},"product_brand":[],"product_cat":[97,93,96],"product_tag":[123,102],"class_list":{"0":"post-2118","1":"product","2":"type-product","3":"status-publish","4":"has-post-thumbnail","6":"product_cat-fiber-laser-marker","7":"product_cat-laser-engraving-machine","8":"product_cat-laser-marking-machine","9":"product_tag-fiber-laser-marking-machine","10":"product_tag-laser-marking-machine","12":"first","13":"instock","14":"shipping-taxable","15":"product-type-simple"},"_links":{"self":[{"href":"https:\/\/bogonglaser.com\/ro\/wp-json\/wp\/v2\/product\/2118","targetHints":{"allow":["GET"]}}],"collection":[{"href":"https:\/\/bogonglaser.com\/ro\/wp-json\/wp\/v2\/product"}],"about":[{"href":"https:\/\/bogonglaser.com\/ro\/wp-json\/wp\/v2\/types\/product"}],"wp:featuredmedia":[{"embeddable":true,"href":"https:\/\/bogonglaser.com\/ro\/wp-json\/wp\/v2\/media\/1639"}],"wp:attachment":[{"href":"https:\/\/bogonglaser.com\/ro\/wp-json\/wp\/v2\/media?parent=2118"}],"wp:term":[{"taxonomy":"product_brand","embeddable":true,"href":"https:\/\/bogonglaser.com\/ro\/wp-json\/wp\/v2\/product_brand?post=2118"},{"taxonomy":"product_cat","embeddable":true,"href":"https:\/\/bogonglaser.com\/ro\/wp-json\/wp\/v2\/product_cat?post=2118"},{"taxonomy":"product_tag","embeddable":true,"href":"https:\/\/bogonglaser.com\/ro\/wp-json\/wp\/v2\/product_tag?post=2118"}],"curies":[{"name":"wp","href":"https:\/\/api.w.org\/{rel}","templated":true}]}}