{"id":2099,"date":"2024-12-04T09:34:52","date_gmt":"2024-12-04T01:34:52","guid":{"rendered":"https:\/\/bogonglaser.com\/?post_type=product&#038;p=2099"},"modified":"2025-12-10T16:19:29","modified_gmt":"2025-12-10T08:19:29","slug":"automatic-loading-laser-tube-cutting-machine","status":"publish","type":"product","link":"https:\/\/bogonglaser.com\/ro\/automatic-loading-laser-tube-cutting-machine\/","title":{"rendered":"Ma\u0219in\u0103 automat\u0103 de t\u0103iere a tuburilor cu laser de \u00eenc\u0103rcare"},"content":{"rendered":"<p>Ma\u0219in\u0103 automat\u0103 de t\u0103iere cu laser a tuburilor<\/p>\n<p>The Automatic Tube Laser Cutting Machine features a unique upper feeding structure that optimizes space efficiency.<\/p>\n<p>1. Trei mandrine sunt fixate \u00een acela\u0219i timp pentru a preveni deformarea \u021bevii.<br \/>\n2. \u021aeava este aliniat\u0103 automat pentru a preveni balansarea \u021bevii.<br \/>\n3. Poate fi echipat cu \u00eenc\u0103rcare \u0219i desc\u0103rcare automat\u0103, economisind for\u021ba de munc\u0103<br \/>\n4. Func\u021bie dubl\u0103 de tragere pentru a realiza procesarea ultra-lung\u0103 a fitingurilor.<br \/>\n5. Suport de plutire intermediar \u0219i suport de obturare de urm\u0103rire<br \/>\n6. Preveni\u021bi curbarea \u021bevii, t\u0103ierea auxiliar\u0103, asigura\u021bi precizia t\u0103ierii.<br \/>\n7. Design \u00eenchis rezistent la praf, \u00eembun\u0103t\u0103\u021be\u0219te durata de via\u021b\u0103 a structurii<br \/>\n8. Acesta poate fi echipat cu un cap special de t\u0103iere cu laser pentru a se adapta la orice proces complex de t\u0103iere a \u021bevilor<br \/>\n9. Evitarea cardului de mijloc, a treia prindere a mandrinei, poate fi convertit\u0103 de la un cap\u0103t la altul, material u\u0219or f\u0103r\u0103 coad\u0103.<\/p>\n<p><img decoding=\"async\" class=\"size-medium wp-image-7380\" src=\"https:\/\/bogonglaser.com\/wp-content\/uploads\/2024\/12\/Automatic-feeding-pipe-cutting-machine-300x300.jpg\" alt=\"Automatic feeding pipe cutting machine\" width=\"300\" height=\"300\" title=\"\" srcset=\"https:\/\/bogonglaser.com\/wp-content\/uploads\/2024\/12\/Automatic-feeding-pipe-cutting-machine-300x300.jpg 300w, https:\/\/bogonglaser.com\/wp-content\/uploads\/2024\/12\/Automatic-feeding-pipe-cutting-machine-100x100.jpg 100w, https:\/\/bogonglaser.com\/wp-content\/uploads\/2024\/12\/Automatic-feeding-pipe-cutting-machine-600x600.jpg 600w, https:\/\/bogonglaser.com\/wp-content\/uploads\/2024\/12\/Automatic-feeding-pipe-cutting-machine-150x150.jpg 150w, https:\/\/bogonglaser.com\/wp-content\/uploads\/2024\/12\/Automatic-feeding-pipe-cutting-machine-12x12.jpg 12w, https:\/\/bogonglaser.com\/wp-content\/uploads\/2024\/12\/Automatic-feeding-pipe-cutting-machine.jpg 750w\" sizes=\"(max-width: 300px) 100vw, 300px\" \/><\/p>\n<p>&nbsp;<\/p>\n<p><strong>Diametrul tubului:<\/strong><\/p>\n<p>Aceast\u0103 ma\u0219in\u0103 proceseaz\u0103 \u021bevi cu diametre cuprinse \u00eentre \u03c6 10 \u0219i \u03c6 180 pentru alimentarea automat\u0103, dac\u0103 \u00eenc\u0103rca\u021bi conducta manual, diametrul maxim al t\u0103ietorului laser este de 240 mm.<\/p>\n<p>&nbsp;<\/p>\n<p>Avantaje:<\/p>\n<p>- Viteza de t\u0103iere rapid\u0103 \u0219i eficien\u021ba ridicat\u0103 asigur\u0103 productivitatea.<br \/>\n- Func\u021bionare sigur\u0103 cu performan\u021b\u0103 stabil\u0103.<br \/>\n- T\u0103ieri de \u00eenalt\u0103 calitate cu deformare minim\u0103, rezult\u00e2nd un finisaj neted \u0219i atr\u0103g\u0103tor.<br \/>\n- Echipat cu servomotoare importate \u0219i \u0219ine de ghidare pentru o precizie de t\u0103iere sporit\u0103.<br \/>\n- Software-ul u\u0219or de utilizat permite procesarea \u00een timp real a diferitelor grafice \u0219i texte, oferind o operare flexibil\u0103 \u0219i simpl\u0103.<\/p>\n<p>&nbsp;<\/p>\n<p>Cutter laser pentru alte tuburi:<\/p>\n<p>Ofer\u0103 moduri de func\u021bionare manual\u0103 \u0219i automat\u0103.<\/p>\n<div class=\"sub-header-divs\">\n<h3>Performan\u021b\u0103<\/h3>\n<\/div>\n<ul>\n<li>Mediu laser - laser cu fibr\u0103 CW 1070nm \u00een stare solid\u0103<\/li>\n<li>Putere laser - 1500W -6000W Op\u021biuni surs\u0103 de fibr\u0103<\/li>\n<li>Putere - <strong>220v monofazat \/ 380V trifazat<\/strong><\/li>\n<li>Precizia pozi\u021bion\u0103rii - \u2264\u00b10.03mm<\/li>\n<li>Precizia repetabilit\u0103\u021bii - \u2264\u00b10,02mm<\/li>\n<\/ul>\n<div class=\"sub-header-divs\">\n<h3>Sistemul<\/h3>\n<\/div>\n<ul>\n<li>Sistem de conducere - Servo cu bucl\u0103 \u00eenchis\u0103<\/li>\n<li>Mod de r\u0103cire - Ap\u0103 refrigerat\u0103<\/li>\n<\/ul>\n<p><iframe title=\"Profesionale Fiber Laser Metal Tube Cutting Machine | Pipe Laser Cutting Machine\" width=\"1290\" height=\"726\" src=\"https:\/\/www.youtube.com\/embed\/P8_Y7zygTnw?feature=oembed\" frameborder=\"0\" allow=\"accelerometer; autoplay; clipboard-write; encrypted-media; gyroscope; picture-in-picture; web-share\" referrerpolicy=\"strict-origin-when-cross-origin\" allowfullscreen><\/iframe><\/p>\n<p>BOGONG renumit pentru calitatea sa de echipamente laser \u0219i servicii pentru servicii post-v\u00e2nzare, Ma\u0219inile noastre sunt versatile \u0219i u\u0219or de utilizat, concepute cu toate nivelurile de calificare \u00een minte. Mai presus de toate, prioritiz\u0103m satisfac\u021bia clientului. Fie c\u0103 sunte\u021bi un expert experimentat sau un \u00eencep\u0103tor, BOGONG LASER este aici pentru a v\u0103 sprijini la fiecare pas al drumului. Ave\u021bi \u00eencredere \u00een noi \u0219i \u00een serviciile noastre, unde excelen\u021ba \u0219i inova\u021bia se unesc pentru succesul dumneavoastr\u0103.<\/p>","protected":false},"excerpt":{"rendered":"<p>Este capabil s\u0103 proceseze o varietate de materiale metalice, inclusiv tuburi din o\u021bel inoxidabil, tuburi din o\u021bel carbon \u0219i tuburi galvanizate. Aceast\u0103 ma\u0219in\u0103 este utilizat\u0103 pe scar\u0103 larg\u0103 \u00een industrii precum fabricarea metalelor, produc\u021bia de articole de buc\u0103t\u0103rie, materiale decorative, dulapuri \u0219i multe altele.<\/p>\n<ul class=\"tips\">\n<li>10 seturi \/ lun\u0103 \u00cen a\u0219teptare pentru v\u00e2nzare \u00cen stoc<\/li>\n<li>Garan\u021bie limitat\u0103 de 2 ani pentru \u00eentreaga ma\u0219in\u0103<\/li>\n<li>Online (PayPal) \u0219i offline (T\/T, carduri de debit \u0219i de credit)<\/li>\n<li>Asisten\u021b\u0103 tehnic\u0103 gratuit\u0103 pe via\u021b\u0103 pentru utilizatorii finali \u0219i dealeri<\/li>\n<\/ul>","protected":false},"featured_media":2101,"template":"","meta":{"_gspb_post_css":""},"product_brand":[],"product_cat":[117,92,118],"product_tag":[122,105],"class_list":{"0":"post-2099","1":"product","2":"type-product","3":"status-publish","4":"has-post-thumbnail","6":"product_cat-fiber-laser-cutting-machine","7":"product_cat-laser-cutting-machine","8":"product_cat-laser-metal-cutting-machine","9":"product_tag-auto-tube-laser-cutting-machine","10":"product_tag-fiber-laser-cutting-machine","12":"first","13":"instock","14":"shipping-taxable","15":"product-type-simple"},"_links":{"self":[{"href":"https:\/\/bogonglaser.com\/ro\/wp-json\/wp\/v2\/product\/2099","targetHints":{"allow":["GET"]}}],"collection":[{"href":"https:\/\/bogonglaser.com\/ro\/wp-json\/wp\/v2\/product"}],"about":[{"href":"https:\/\/bogonglaser.com\/ro\/wp-json\/wp\/v2\/types\/product"}],"wp:featuredmedia":[{"embeddable":true,"href":"https:\/\/bogonglaser.com\/ro\/wp-json\/wp\/v2\/media\/2101"}],"wp:attachment":[{"href":"https:\/\/bogonglaser.com\/ro\/wp-json\/wp\/v2\/media?parent=2099"}],"wp:term":[{"taxonomy":"product_brand","embeddable":true,"href":"https:\/\/bogonglaser.com\/ro\/wp-json\/wp\/v2\/product_brand?post=2099"},{"taxonomy":"product_cat","embeddable":true,"href":"https:\/\/bogonglaser.com\/ro\/wp-json\/wp\/v2\/product_cat?post=2099"},{"taxonomy":"product_tag","embeddable":true,"href":"https:\/\/bogonglaser.com\/ro\/wp-json\/wp\/v2\/product_tag?post=2099"}],"curies":[{"name":"wp","href":"https:\/\/api.w.org\/{rel}","templated":true}]}}