{"id":2075,"date":"2024-12-02T15:16:04","date_gmt":"2024-12-02T07:16:04","guid":{"rendered":"https:\/\/bogonglaser.com\/?post_type=product&#038;p=2075"},"modified":"2025-12-10T16:33:52","modified_gmt":"2025-12-10T08:33:52","slug":"all-in-one-fiber-laser-metal-cutting-machine-tube-and-metal-sheet-laser-cutting-machine","status":"publish","type":"product","link":"https:\/\/bogonglaser.com\/ro\/all-in-one-fiber-laser-metal-cutting-machine-tube-and-metal-sheet-laser-cutting-machine\/","title":{"rendered":"Laser Plate &amp; Tube Combo Fiber Laser Cutting Machine"},"content":{"rendered":"<p>O ma\u0219in\u0103 de t\u0103iat cu laser pentru foi \u0219i tuburi este versatil\u0103, capabil\u0103 s\u0103 taie nu numai foi de metal, ci \u0219i \u021bevi. Acest sistem de t\u0103iere cu laser cu fibr\u0103 optic\u0103 integreaz\u0103 at\u00e2t func\u021biile de prelucrare a tablelor, c\u00e2t \u0219i a \u021bevilor, r\u0103spunz\u00e2nd unei variet\u0103\u021bi de nevoi ale clien\u021bilor, cum ar fi t\u0103ierea oblic\u0103, g\u0103urirea \u0219i fantarea. Aceast\u0103 combina\u021bie economise\u0219te semnificativ costurile \u0219i spa\u021biul, \u00eembun\u0103t\u0103\u021bind \u00een acela\u0219i timp eficien\u021ba produc\u021biei.<\/p>\n<p>Indiferent dac\u0103 lucreaz\u0103 cu materiale metalice sau nemetalice, ma\u0219inile de t\u0103iat cu laser pl\u0103ci \u0219i tuburi pot t\u0103ia cu precizie ridicat\u0103 diverse forme \u0219i dimensiuni de tuburi \u0219i pl\u0103ci. Acestea produc muchii de \u00eenalt\u0103 calitate care, de obicei, nu necesit\u0103 cur\u0103\u021bare, procesare sau finisare suplimentar\u0103, minimiz\u00e2nd astfel nevoia de opera\u021biuni secundare.<\/p>\n<p>Acestea <a href=\"https:\/\/bogonglaser.com\/ro\/fiber-laser-cutter\/\">Ma\u0219ini de t\u0103iat cu laser cu fibre CNC<\/a> pot ajusta cu u\u0219urin\u021b\u0103 set\u0103rile laserului pentru a se potrivi diferitelor tipuri de materiale \u0219i grosimi, de la 1 la 200 mm. Acestea sunt potrivite pentru o gam\u0103 larg\u0103 de materiale metalice, inclusiv o\u021bel inoxidabil, o\u021bel carbon, cupru, aluminiu, alam\u0103, aur, argint, fier, titan, foi galvanizate \u0219i diverse aliaje.<\/p>\n<div class=\"sub-header-divs\">\n<h3>Performan\u021b\u0103<\/h3>\n<\/div>\n<ul>\n<li>Mediu laser - laser cu fibr\u0103 CW 1070nm \u00een stare solid\u0103<\/li>\n<li>Putere laser - 1500W -10000W Op\u021biuni surs\u0103 de fibr\u0103<\/li>\n<li>Putere - <strong>\u00a0380V 3 faze<\/strong><\/li>\n<li>Precizia pozi\u021bion\u0103rii - \u2264\u00b10.03mm<\/li>\n<li>Precizia repetabilit\u0103\u021bii - \u2264\u00b10,02mm<\/li>\n<\/ul>\n<div class=\"sub-header-divs\">\n<h3>Sistemul<\/h3>\n<\/div>\n<ul>\n<li>Sistem de conducere - Servo cu bucl\u0103 \u00eenchis\u0103<\/li>\n<li>Mod de r\u0103cire - Ap\u0103 refrigerat\u0103<\/li>\n<\/ul>\n<p>Cutterele cu laser cu fibr\u0103 optic\u0103 pentru foi \u0219i tuburi ofer\u0103 dou\u0103 func\u021bii \u00eentr-un singur aparat, asigur\u00e2nd eficien\u021ba spa\u021biului \u0219i reducerea costurilor, fiind \u00een acela\u0219i timp flexibile \u0219i versatile. Solicita\u021bi o ofert\u0103 acum!<\/p>\n<p>BOGONG renumit pentru calitatea sa de echipamente laser \u0219i servicii pentru servicii post-v\u00e2nzare, Ma\u0219inile noastre sunt versatile \u0219i u\u0219or de utilizat, concepute cu toate nivelurile de calificare \u00een minte. Mai presus de toate, prioritiz\u0103m satisfac\u021bia clientului. Fie c\u0103 sunte\u021bi un expert experimentat sau un \u00eencep\u0103tor, <a href=\"https:\/\/bogonglaser.com\/ro\/\">LASER BOGONG<\/a> este aici pentru a v\u0103 sprijini la fiecare pas al drumului. Ave\u021bi \u00eencredere \u00een noi \u0219i \u00een serviciile noastre, unde excelen\u021ba \u0219i inova\u021bia se unesc pentru succesul dumneavoastr\u0103.<\/p>","protected":false},"excerpt":{"rendered":"<p>The sheet and tube laser cutting machine is designed to cut a variety of common metal materials, including stainless steel, aluminum alloy, copper, titanium alloy, carbon steel, and various alloy steels. When working with sheet metal, the machine can handle sheet metal. For tube cutting, it can process tubes of various diameters and wall thicknesses, with common diameters ranging from 20 mm to 200 mm. The integrated functionality and high efficiency of this sheet and tube laser cutting machine make it an essential tool in today\u2019s metal processing industry.<\/p>\n<ul class=\"tips\">\n<li>20 Sets \/ Month Waiting for Sale In Stock<\/li>\n<li>2 Years Limited Warranty for Entire Machine<\/li>\n<li>Online (PayPal) &amp; Offline (T\/T, Debit &amp; Credit Cards)<\/li>\n<li>Lifetime Free Technical Support for End-Users &amp; Dealers<\/li>\n<\/ul>\n<hr \/>\n<h4><strong>Get a Quote<\/strong><\/h4>\n<p>[contact-form-7 id=&#8221;029fbc1&#8243; title=&#8221;Products Form&#8221;]<\/p>\n","protected":false},"featured_media":2077,"template":"","meta":{"_gspb_post_css":""},"product_brand":[],"product_cat":[117,92,118],"product_tag":[105,106],"class_list":{"0":"post-2075","1":"product","2":"type-product","3":"status-publish","4":"has-post-thumbnail","6":"product_cat-fiber-laser-cutting-machine","7":"product_cat-laser-cutting-machine","8":"product_cat-laser-metal-cutting-machine","9":"product_tag-fiber-laser-cutting-machine","10":"product_tag-laser-cutting-machine","12":"first","13":"instock","14":"shipping-taxable","15":"product-type-simple"},"_links":{"self":[{"href":"https:\/\/bogonglaser.com\/ro\/wp-json\/wp\/v2\/product\/2075","targetHints":{"allow":["GET"]}}],"collection":[{"href":"https:\/\/bogonglaser.com\/ro\/wp-json\/wp\/v2\/product"}],"about":[{"href":"https:\/\/bogonglaser.com\/ro\/wp-json\/wp\/v2\/types\/product"}],"wp:featuredmedia":[{"embeddable":true,"href":"https:\/\/bogonglaser.com\/ro\/wp-json\/wp\/v2\/media\/2077"}],"wp:attachment":[{"href":"https:\/\/bogonglaser.com\/ro\/wp-json\/wp\/v2\/media?parent=2075"}],"wp:term":[{"taxonomy":"product_brand","embeddable":true,"href":"https:\/\/bogonglaser.com\/ro\/wp-json\/wp\/v2\/product_brand?post=2075"},{"taxonomy":"product_cat","embeddable":true,"href":"https:\/\/bogonglaser.com\/ro\/wp-json\/wp\/v2\/product_cat?post=2075"},{"taxonomy":"product_tag","embeddable":true,"href":"https:\/\/bogonglaser.com\/ro\/wp-json\/wp\/v2\/product_tag?post=2075"}],"curies":[{"name":"wp","href":"https:\/\/api.w.org\/{rel}","templated":true}]}}