{"id":2038,"date":"2024-11-29T15:39:51","date_gmt":"2024-11-29T07:39:51","guid":{"rendered":"https:\/\/bogonglaser.com\/?post_type=product&#038;p=2038"},"modified":"2025-12-10T18:13:03","modified_gmt":"2025-12-10T10:13:03","slug":"trolley-case-type-laser-cleaning-machine","status":"publish","type":"product","link":"https:\/\/bogonglaser.com\/ro\/trolley-case-type-laser-cleaning-machine\/","title":{"rendered":"Ma\u0219in\u0103 de cur\u0103\u021bat cu laser de tip Trolley Case"},"content":{"rendered":"<div class=\"vc_row wpb_row vc_row-fluid\">\n<div class=\"wpb_column vc_column_container vc_col-sm-12\">\n<div class=\"vc_column-inner\">\n<div class=\"wpb_wrapper\">\n<div class=\"wpb_text_column wpb_content_element\">\n<div class=\"wpb_wrapper\">\n<div class=\"Content-module__content___jmKA6 _content_dc5hu_45\">\n<div class=\"react-scroll-to-bottom--css-kubvu-79elbk _chat-scroller_g10pz_99\">\n<div class=\"react-scroll-to-bottom--css-kubvu-1n7m0yu _chat-scroller__scroll_g10pz_102\">\n<div class=\"_message-list_g10pz_92\">\n<div class=\"_container_g10pz_1\">\n<div class=\"_container__content_g10pz_14\">\n<div class=\"_container__message_g10pz_41 _container__message--assistant_g10pz_61\">\n<div class=\"_message_g10pz_27\">\n<div class=\"_message__content_g10pz_53\">\n<div class=\"MessageContent-module__message-content___Am59P MessageContent-module__message-content--markdown___oLH9Y\">\n<p>Ce poate face aceast\u0103 ma\u0219in\u0103?<\/p>\n<p>\u2013 Removing natural oxide films from aluminum alloys before welding.<br \/>\n\u2013 Cleaning black ash oxide after welding battery trays.<br \/>\n\u2013 Preparing train bogie welds for flaw detection.<br \/>\n\u2013 Cleaning automotive sheet metal parts prior to refurbishment.<br \/>\n\u2013 Accessing hard-to-reach areas that traditional wire brushes cannot clean.<\/p>\n<p>Aceast\u0103 versatilitate face din produs un instrument esen\u021bial pentru men\u021binerea integrit\u0103\u021bii structurale \u0219i asigurarea calit\u0103\u021bii \u00een diverse industrii.<\/p>\n<\/div>\n<\/div>\n<\/div>\n<\/div>\n<\/div>\n<\/div>\n<\/div>\n<\/div>\n<\/div>\n<\/div>\n<\/div>\n<\/div>\n<\/div>\n<\/div>\n<\/div>\n<\/div>\n<div class=\"vc_row wpb_row vc_row-fluid\">\n<div class=\"wpb_column vc_column_container vc_col-sm-12\">\n<div class=\"vc_column-inner\">\n<div class=\"wpb_wrapper\">\n<div class=\"wpb_single_image wpb_content_element vc_align_left wpb_content_element\">\n<figure class=\"wpb_wrapper vc_figure\">\n<div class=\"vc_single_image-wrapper   vc_box_border_grey\"><img decoding=\"async\" class=\"vc_single_image-img attachment-full\" title=\"300~500w\u62c9\u7bb1\u5f0f\u6e05\u6d17\u673a6\" src=\"https:\/\/bogonglaser.com\/wp-content\/uploads\/2024\/11\/300500w%E6%8B%89%E7%AE%B1%E5%BC%8F%E6%B8%85%E6%B4%97%E6%9C%BA6.png\" sizes=\"auto, (max-width: 600px) 100vw, 600px\" srcset=\"https:\/\/bogonglaser.com\/wp-content\/uploads\/2024\/11\/300500w\u62c9\u7bb1\u5f0f\u6e05\u6d17\u673a6.png 600w, https:\/\/bogonglaser.com\/wp-content\/uploads\/2024\/11\/300500w\u62c9\u7bb1\u5f0f\u6e05\u6d17\u673a6-300x300.png 300w, https:\/\/bogonglaser.com\/wp-content\/uploads\/2024\/11\/300500w\u62c9\u7bb1\u5f0f\u6e05\u6d17\u673a6-150x150.png 150w, https:\/\/bogonglaser.com\/wp-content\/uploads\/2024\/11\/300500w\u62c9\u7bb1\u5f0f\u6e05\u6d17\u673a6-100x100.png 100w\" alt=\"cur\u0103\u021b\u0103tor laser de tip laggage\" width=\"600\" height=\"600\" \/><\/div>\n<\/figure>\n<\/div>\n<\/div>\n<\/div>\n<\/div>\n<\/div>\n<div class=\"vc_row wpb_row vc_row-fluid\">\n<div class=\"wpb_column vc_column_container vc_col-sm-12\">\n<div class=\"vc_column-inner\">\n<div class=\"wpb_wrapper\">\n<div class=\"wpb_text_column wpb_content_element\">\n<div class=\"wpb_wrapper\">\n<div class=\"Content-module__content___jmKA6 _content_dc5hu_45\">\n<div class=\"react-scroll-to-bottom--css-kubvu-79elbk _chat-scroller_g10pz_99\">\n<div class=\"react-scroll-to-bottom--css-kubvu-1n7m0yu _chat-scroller__scroll_g10pz_102\">\n<div class=\"_message-list_g10pz_92\">\n<div class=\"_container_g10pz_1\">\n<div class=\"_container__content_g10pz_14\">\n<div class=\"_container__message_g10pz_41 _container__message--assistant_g10pz_61\">\n<div class=\"_message_g10pz_27\">\n<div class=\"_message__content_g10pz_53\">\n<div class=\"MessageContent-module__message-content___Am59P MessageContent-module__message-content--markdown___oLH9Y\">\n<h2>Avantajele ma\u0219inii de cur\u0103\u021bat cu laser de tip c\u0103rucior?<\/h2>\n<p>Trolley type laser cleaning machine also belong to Pulse laser cleaning technology, which use 100w\/200w\/300w pulse laser source inside. this kind of laggage type\u00a0laser cleaning machine\u00a0with strong nonmetal case, light weight, and easy move. This method is highly efficient and gentle, ensuring that it doesn\u2019t damage the surfaces of the materials being cleaned, making it perfect for a range of applications.<\/p>\n<\/div>\n<\/div>\n<\/div>\n<\/div>\n<\/div>\n<\/div>\n<\/div>\n<\/div>\n<\/div>\n<\/div>\n<\/div>\n<\/div>\n<\/div>\n<\/div>\n<\/div>\n<\/div>\n<div class=\"vc_row wpb_row vc_row-fluid\">\n<div class=\"wpb_column vc_column_container vc_col-sm-12\">\n<div class=\"vc_column-inner\">\n<div class=\"wpb_wrapper\">\n<div class=\"wpb_text_column wpb_content_element\">\n<div class=\"wpb_wrapper\">\n<div class=\"Content-module__content___jmKA6 _content_dc5hu_45\">\n<div class=\"react-scroll-to-bottom--css-kubvu-79elbk _chat-scroller_g10pz_99\">\n<div class=\"react-scroll-to-bottom--css-kubvu-1n7m0yu _chat-scroller__scroll_g10pz_102\">\n<div class=\"_message-list_g10pz_92\">\n<div class=\"_container_g10pz_1\">\n<div class=\"_container__content_g10pz_14\">\n<div class=\"_container__message_g10pz_41 _container__message--assistant_g10pz_61\">\n<div class=\"_message_g10pz_27\">\n<div class=\"_message__content_g10pz_53\">\n<div class=\"MessageContent-module__message-content___Am59P MessageContent-module__message-content--markdown___oLH9Y\">\n<p>Caracteristica principal\u0103 de mai jos:<\/p>\n<\/div>\n<\/div>\n<\/div>\n<\/div>\n<\/div>\n<\/div>\n<\/div>\n<\/div>\n<\/div>\n<\/div>\n<ul>\n<li>Tip laser: Laser MOPA<br \/>\nPutere laser: 100W\/200W\/300W<br \/>\nIntervalul de ie\u0219ire (dac\u0103 este reglabil): 0-100%<br \/>\nFormarea pulsului: MOPA (factor de calitate)<br \/>\nGenerator laser: JPT<br \/>\nTip de r\u0103cire: R\u0103cire cu aer<br \/>\nDup\u0103 v\u00e2nzare: 2 ani<\/li>\n<\/ul>\n<\/div>\n<\/div>\n<div class=\"wpb_video_widget wpb_content_element vc_clearfix   vc_video-aspect-ratio-169 vc_video-el-width-80 vc_video-align-left\">\n<div class=\"wpb_wrapper\">\n<h2 class=\"wpb_heading wpb_video_heading\">Trolley Case Laser de cur\u0103\u021bare Machine Show<\/h2>\n<div class=\"wpb_video_wrapper\">\n<p><iframe title=\"Trolley Case Pulse Laser Cleaner\" width=\"1290\" height=\"726\" src=\"https:\/\/www.youtube.com\/embed\/5ubKrUXY2Q8?feature=oembed\" frameborder=\"0\" allow=\"accelerometer; autoplay; clipboard-write; encrypted-media; gyroscope; picture-in-picture; web-share\" referrerpolicy=\"strict-origin-when-cross-origin\" allowfullscreen><\/iframe><\/p>\n<\/div>\n<\/div>\n<\/div>\n<\/div>\n<\/div>\n<\/div>\n<\/div>\n<div class=\"vc_row wpb_row vc_row-fluid\">\n<div class=\"wpb_column vc_column_container vc_col-sm-12\">\n<div class=\"vc_column-inner\">\n<div class=\"wpb_wrapper\">\n<div class=\"wpb_text_column wpb_content_element\">\n<div class=\"wpb_wrapper\">\n<div class=\"Content-module__content___jmKA6 _content_dc5hu_45\">\n<div class=\"react-scroll-to-bottom--css-kubvu-79elbk _chat-scroller_g10pz_99\">\n<div class=\"react-scroll-to-bottom--css-kubvu-1n7m0yu _chat-scroller__scroll_g10pz_102\">\n<div class=\"_message-list_g10pz_92\">\n<div class=\"_container_g10pz_1\">\n<div class=\"_container__content_g10pz_14\">\n<div class=\"_container__message_g10pz_41 _container__message--assistant_g10pz_61\">\n<div class=\"_message_g10pz_27\">\n<div class=\"_message__content_g10pz_53\">\n<div class=\"MessageContent-module__message-content___Am59P MessageContent-module__message-content--markdown___oLH9Y\">\n<div class=\"container section-title-container\">\n<h2 class=\"section-title section-title-normal\"><span class=\"section-title-main\">9 Moduri de cur\u0103\u021bare ale acestei ma\u0219ini<\/span><\/h2>\n<\/div>\n<p>Interfa\u021ba de operare a ma\u0219inii ofer\u0103 9 moduri de cur\u0103\u021bare:<\/p>\n<ol>\n<li>Mod linie dreapt\u0103<\/li>\n<li>Mod dreptunghiular 1<\/li>\n<li>Mod dreptunghiular 2<\/li>\n<li>Mod circular<\/li>\n<li>Mod sinusoidal<\/li>\n<li>Modul spiral\u0103<\/li>\n<li>Mod liber<\/li>\n<li>Mod inel<\/li>\n<li>Mod de rotire<\/li>\n<\/ol>\n<div id=\"image_1635238231\" class=\"img has-hover x md-x lg-x y md-y lg-y\">\n<div class=\"Content-module__content___jmKA6 _content_dc5hu_45\">\n<div class=\"react-scroll-to-bottom--css-kubvu-79elbk _chat-scroller_g10pz_99\">\n<div class=\"react-scroll-to-bottom--css-kubvu-1n7m0yu _chat-scroller__scroll_g10pz_102\">\n<div class=\"_message-list_g10pz_92\">\n<div class=\"_container_g10pz_1\">\n<div class=\"_container__content_g10pz_14\">\n<div class=\"_container__message_g10pz_41 _container__message--assistant_g10pz_61\">\n<div class=\"_message_g10pz_27\">\n<div class=\"_message__content_g10pz_53\">\n<div class=\"MessageContent-module__message-content___Am59P MessageContent-module__message-content--markdown___oLH9Y\">\n<p>You can change these modes by \u201cScanning Mode\u201d option in the interface.<\/p>\n<p>Unele moduri de cur\u0103\u021bare sunt mai bl\u00e2nde \u0219i func\u021bioneaz\u0103 bine pe materiale care necesit\u0103 o atingere delicat\u0103, aparatul nostru v\u0103 poate ajuta s\u0103 minimiza\u021bi sau s\u0103 elimina\u021bi complet orice urm\u0103 dup\u0103 cur\u0103\u021bare. Pe de alt\u0103 parte, exist\u0103 moduri mai puternice care sunt perfecte pentru abordarea murd\u0103riei sau a acoperirilor \u00eenc\u0103p\u0103\u021b\u00e2nate.<\/p>\n<p>Alegerea modului corect de cur\u0103\u021bare este esen\u021bial\u0103 pentru a v\u0103 asigura c\u0103 suprafe\u021bele dvs. arat\u0103 bine \u0219i \u00ee\u0219i men\u021bin calitatea. Acest lucru este deosebit de important \u00een industrii precum produc\u021bia de automobile, industria aerospa\u021bial\u0103 \u0219i electronic\u0103. BOGONG v\u0103 ofer\u0103 parametri pentru \u00eendep\u0103rtarea vopselei, ruginei, uleiului, etc. Acestea sunt excelente pentru noii \u00eencep\u0103tori.<\/p>\n<\/div>\n<\/div>\n<\/div>\n<\/div>\n<\/div>\n<\/div>\n<\/div>\n<\/div>\n<\/div>\n<\/div>\n<div class=\"_message-box_1luju_5\">\n<div class=\"_message-box__content_1luju_15\">\n<form action=\"\">\n<div class=\"MessageBox-module__messagebox___n4MAC\">\n<div class=\"MessageBox-module__messagebox__content___-xFbz\">\n<div class=\"MessageBox-module__messagebox__input-container___njanw\"><\/div>\n<\/div>\n<\/div>\n<input type=\"hidden\" name=\"trp-form-language\" value=\"ro\"\/><\/form>\n<\/div>\n<\/div>\n<\/div>\n<\/div>\n<\/div>\n<\/div>\n<\/div>\n<\/div>\n<\/div>\n<\/div>\n<\/div>\n<\/div>\n<\/div>\n<\/div>\n<\/div>\n<\/div>\n<\/div>\n<\/div>\n<\/div>\n<div class=\"vc_row wpb_row vc_row-fluid\">\n<div class=\"wpb_column vc_column_container vc_col-sm-12\">\n<div class=\"vc_column-inner\">\n<div class=\"wpb_wrapper\">\n<div class=\"wpb_single_image wpb_content_element vc_align_left wpb_content_element\">\n<figure class=\"wpb_wrapper vc_figure\">\n<div class=\"vc_single_image-wrapper   vc_box_border_grey\"><img decoding=\"async\" class=\"vc_single_image-img attachment-full\" title=\"Ma\u0219in\u0103 de cur\u0103\u021bat cu laser tip trolley 5\" src=\"https:\/\/bogonglaser.com\/wp-content\/uploads\/2024\/11\/9-cleaning-modes-of-portable-laser-cleaner-1536x616-1.jpg\" sizes=\"auto, (max-width: 1536px) 100vw, 1536px\" srcset=\"https:\/\/bogonglaser.com\/wp-content\/uploads\/2024\/11\/9-cleaning-modes-of-portable-laser-cleaner-1536x616-1.jpg 1536w, https:\/\/bogonglaser.com\/wp-content\/uploads\/2024\/11\/9-cleaning-modes-of-portable-laser-cleaner-1536x616-1-300x120.jpg 300w, https:\/\/bogonglaser.com\/wp-content\/uploads\/2024\/11\/9-cleaning-modes-of-portable-laser-cleaner-1536x616-1-1024x411.jpg 1024w, https:\/\/bogonglaser.com\/wp-content\/uploads\/2024\/11\/9-cleaning-modes-of-portable-laser-cleaner-1536x616-1-768x308.jpg 768w, https:\/\/bogonglaser.com\/wp-content\/uploads\/2024\/11\/9-cleaning-modes-of-portable-laser-cleaner-1536x616-1-600x241.jpg 600w, https:\/\/bogonglaser.com\/wp-content\/uploads\/2024\/11\/9-cleaning-modes-of-portable-laser-cleaner-1536x616-1-1000x401.jpg 1000w\" alt=\"cur\u0103\u021bare 500W LASER\" width=\"1536\" height=\"616\" \/><\/div>\n<\/figure>\n<\/div>\n<\/div>\n<\/div>\n<\/div>\n<\/div>\n<div class=\"vc_row wpb_row vc_row-fluid\">\n<div class=\"wpb_column vc_column_container vc_col-sm-12\">\n<div class=\"vc_column-inner\">\n<div class=\"wpb_wrapper\">\n<div class=\"wpb_text_column wpb_content_element\">\n<div class=\"wpb_wrapper\">\n<h2>Exist\u0103 16 limbi acceptate pentru selectarea dvs.<\/h2>\n<p>Ma\u0219ina de cur\u0103\u021bat cu laser cu puls accept\u0103 \u00een prezent mai multe limbi, inclusiv englez\u0103, rus\u0103, japonez\u0103, spaniol\u0103, german\u0103, coreean\u0103, francez\u0103, polonez\u0103 \u0219i alte 16.<\/p>\n<p>Pute\u021bi comuta cu u\u0219urin\u021b\u0103 \u00eentre aceste limbi pe interfa\u021ba ma\u0219inii. Dac\u0103 ave\u021bi nevoie de limbi suplimentare, oferim, de asemenea, servicii lingvistice personalizate pentru a v\u0103 satisface nevoile.<\/p>\n<\/div>\n<\/div>\n<\/div>\n<\/div>\n<\/div>\n<\/div>\n<div class=\"vc_row wpb_row vc_row-fluid\">\n<div class=\"wpb_column vc_column_container vc_col-sm-12\">\n<div class=\"vc_column-inner\">\n<div class=\"wpb_wrapper\">\n<div class=\"wpb_single_image wpb_content_element vc_align_left wpb_content_element\">\n<figure class=\"wpb_wrapper vc_figure\">\n<div class=\"vc_single_image-wrapper   vc_box_border_grey\"><img decoding=\"async\" class=\"vc_single_image-img attachment-full\" title=\"Sistem laser cu puls de 500W\" src=\"https:\/\/bogonglaser.com\/wp-content\/uploads\/2024\/11\/16-Supported-Languages-for-Laser-Cleaner-768x448-1.webp\" sizes=\"auto, (max-width: 768px) 100vw, 768px\" srcset=\"https:\/\/bogonglaser.com\/wp-content\/uploads\/2024\/11\/16-Supported-Languages-for-Laser-Cleaner-768x448-1.webp 768w, https:\/\/bogonglaser.com\/wp-content\/uploads\/2024\/11\/16-Supported-Languages-for-Laser-Cleaner-768x448-1-300x175.webp 300w, https:\/\/bogonglaser.com\/wp-content\/uploads\/2024\/11\/16-Supported-Languages-for-Laser-Cleaner-768x448-1-600x350.webp 600w\" alt=\"Sistem laser cu puls de 500W\" width=\"768\" height=\"448\" \/><\/div>\n<\/figure>\n<\/div>\n<\/div>\n<\/div>\n<\/div>\n<\/div>\n<div class=\"vc_row wpb_row vc_row-fluid\">\n<div class=\"wpb_column vc_column_container vc_col-sm-12\">\n<div class=\"vc_column-inner\">\n<div class=\"wpb_wrapper\">\n<div class=\"wpb_text_column wpb_content_element\">\n<div class=\"wpb_wrapper\">\n<h2>Diferite \u00eentre ma\u0219ina de cur\u0103\u021bat cu laser cu carcas\u0103 metalic\u0103 \u0219i ma\u0219ina de cur\u0103\u021bat cu laser cu carcas\u0103 de c\u0103rucior<\/h2>\n<\/div>\n<\/div>\n<div class=\"wpb_video_widget wpb_content_element vc_clearfix   vc_video-aspect-ratio-169 vc_video-el-width-80 vc_video-align-left\">\n<div class=\"wpb_wrapper\">\n<div class=\"wpb_video_wrapper\">\n<p><iframe title=\"Compara\u021bie: Carcas\u0103 pentru c\u0103rucior VS Cabinet metalic tip Pulse Laser Cleaning Machine\" width=\"1290\" height=\"726\" src=\"https:\/\/www.youtube.com\/embed\/j_zWa85DlhQ?feature=oembed\" frameborder=\"0\" allow=\"accelerometer; autoplay; clipboard-write; encrypted-media; gyroscope; picture-in-picture; web-share\" referrerpolicy=\"strict-origin-when-cross-origin\" allowfullscreen><\/iframe><\/p>\n<\/div>\n<\/div>\n<\/div>\n<\/div>\n<\/div>\n<\/div>\n<\/div>\n<div class=\"vc_row wpb_row vc_row-fluid\">\n<div class=\"wpb_column vc_column_container vc_col-sm-12\">\n<div class=\"vc_column-inner\">\n<div class=\"wpb_wrapper\">\n<div class=\"wpb_single_image wpb_content_element vc_align_left wpb_content_element\">\n<figure class=\"wpb_wrapper vc_figure\">\n<div class=\"vc_single_image-wrapper   vc_box_border_grey\"><img decoding=\"async\" class=\"vc_single_image-img attachment-full\" title=\"QQ\u56fe\u724720240814100714\" src=\"https:\/\/bogonglaser.com\/wp-content\/uploads\/2024\/11\/QQ%E5%9B%BE%E7%89%8720240814100714.jpg\" sizes=\"auto, (max-width: 790px) 100vw, 790px\" srcset=\"https:\/\/bogonglaser.com\/wp-content\/uploads\/2024\/11\/QQ\u56fe\u724720240814100714.jpg 790w, https:\/\/bogonglaser.com\/wp-content\/uploads\/2024\/11\/QQ\u56fe\u724720240814100714-265x300.jpg 265w, https:\/\/bogonglaser.com\/wp-content\/uploads\/2024\/11\/QQ\u56fe\u724720240814100714-768x870.jpg 768w, https:\/\/bogonglaser.com\/wp-content\/uploads\/2024\/11\/QQ\u56fe\u724720240814100714-600x680.jpg 600w\" alt=\"cur\u0103\u021b\u0103tor laser\" width=\"790\" height=\"895\" \/><\/div>\n<\/figure>\n<\/div>\n<\/div>\n<\/div>\n<\/div>\n<\/div>\n<div class=\"vc_row wpb_row vc_row-fluid\">\n<div class=\"wpb_column vc_column_container vc_col-sm-12\">\n<div class=\"vc_column-inner\">\n<div class=\"wpb_wrapper\">\n<div class=\"wpb_text_column wpb_content_element\">\n<div class=\"wpb_wrapper\">\n<p>Condi\u021bii de plat\u0103<\/p>\n<p>1. Depozit \u0219i sold: Un depozit 30% T \/ T este necesar \u00een avans, cu soldul datorat \u00eenainte de expediere.<\/p>\n<p>2. Alibaba Trade Assurance: Pl\u0103\u021bile pot fi procesate prin Alibaba Trade Assurance.<\/p>\n<p>\u00centreb\u0103ri frecvente pentru ma\u0219ina de cur\u0103\u021bat cu laser cu troler?<\/p>\n<p>Care este ambalajul pentru aparatul laser?<br \/>\nMa\u0219inile noastre sunt ambalate \u00eentr-o configura\u021bie cu trei straturi. Stratul exterior const\u0103 dintr-o lad\u0103 din lemn, stratul de mijloc este prev\u0103zut cu umplutur\u0103 din spum\u0103 pentru a proteja \u00eempotriva zdruncin\u0103turilor, iar stratul interior include o pung\u0103 groas\u0103 din plastic pentru impermeabilizare.<\/p>\n<p>Pachetul va fi deteriorat \u00een timpul transportului?<br \/>\nNe proiect\u0103m meticulos ambalajul pentru a aborda to\u021bi factorii poten\u021biali de deteriorare, iar agen\u021bii no\u0219tri de expediere au experien\u021b\u0103 \u00een transportul \u00een siguran\u021b\u0103. Am exportat cu succes \u00een 180 de \u021b\u0103ri, astfel \u00eenc\u00e2t pute\u021bi fi siguri c\u0103 coletul dvs. va ajunge \u00een condi\u021bii excelente.<\/p>\n<\/div>\n<\/div>\n<\/div>\n<\/div>\n<\/div>\n<\/div>\n<div class=\"vc_row wpb_row vc_row-fluid\">\n<div class=\"wpb_column vc_column_container vc_col-sm-12\">\n<div class=\"vc_column-inner\">\n<div class=\"wpb_wrapper\">\n<div class=\"wpb_text_column wpb_content_element\">\n<div class=\"wpb_wrapper\">\n<p>Most of customers like choose transport by UPS\/DHL express, it can arrive at destination about 5-7 days, contact with BOGONG to get more detail about 1000W pulse\u00a0laser cleaning machine.<\/p>\n<\/div>\n<\/div>\n<\/div>\n<\/div>\n<\/div>\n<\/div>","protected":false},"excerpt":{"rendered":"<p><strong>Ce este ma\u0219ina de cur\u0103\u021bat cu laser cu c\u0103rucior?<\/strong><\/p>\n<p>Ma\u0219ina de cur\u0103\u021bat cu laser cu c\u0103rucior, numit\u0103 \u0219i ma\u0219in\u0103 de cur\u0103\u021bat cu laser de tip laggage, se poate deplasa u\u0219or cu acest design.<\/p>\n<ul class=\"tips\">\n<li>100 seturi \/ lun\u0103 \u00cen a\u0219teptare pentru v\u00e2nzare \u00cen stoc<\/li>\n<li>Garan\u021bie limitat\u0103 de 2 ani pentru \u00eentreaga ma\u0219in\u0103<\/li>\n<li>3-5 zile preg\u0103tirea ma\u0219inii laser, 3-7 zile transport.<\/li>\n<li>Online (PayPal) \u0219i offline (T\/T, carduri de debit \u0219i de credit)<\/li>\n<\/ul>","protected":false},"featured_media":2040,"template":"","meta":{"_gspb_post_css":""},"product_brand":[],"product_cat":[94],"product_tag":[101,100],"class_list":{"0":"post-2038","1":"product","2":"type-product","3":"status-publish","4":"has-post-thumbnail","6":"product_cat-laser-cleaning-machine","7":"product_tag-laser-cleaner","8":"product_tag-laser-cleaning-machine","10":"first","11":"instock","12":"shipping-taxable","13":"product-type-simple"},"_links":{"self":[{"href":"https:\/\/bogonglaser.com\/ro\/wp-json\/wp\/v2\/product\/2038","targetHints":{"allow":["GET"]}}],"collection":[{"href":"https:\/\/bogonglaser.com\/ro\/wp-json\/wp\/v2\/product"}],"about":[{"href":"https:\/\/bogonglaser.com\/ro\/wp-json\/wp\/v2\/types\/product"}],"wp:featuredmedia":[{"embeddable":true,"href":"https:\/\/bogonglaser.com\/ro\/wp-json\/wp\/v2\/media\/2040"}],"wp:attachment":[{"href":"https:\/\/bogonglaser.com\/ro\/wp-json\/wp\/v2\/media?parent=2038"}],"wp:term":[{"taxonomy":"product_brand","embeddable":true,"href":"https:\/\/bogonglaser.com\/ro\/wp-json\/wp\/v2\/product_brand?post=2038"},{"taxonomy":"product_cat","embeddable":true,"href":"https:\/\/bogonglaser.com\/ro\/wp-json\/wp\/v2\/product_cat?post=2038"},{"taxonomy":"product_tag","embeddable":true,"href":"https:\/\/bogonglaser.com\/ro\/wp-json\/wp\/v2\/product_tag?post=2038"}],"curies":[{"name":"wp","href":"https:\/\/api.w.org\/{rel}","templated":true}]}}