{"id":2005,"date":"2024-11-01T11:05:32","date_gmt":"2024-11-01T03:05:32","guid":{"rendered":"https:\/\/bogonglaser.com\/?post_type=product&#038;p=2005"},"modified":"2025-12-10T16:27:16","modified_gmt":"2025-12-10T08:27:16","slug":"bevel-fiber-laser-cutting-machine-groove-cutting-chamfering-by-fiber-laser-cutter","status":"publish","type":"product","link":"https:\/\/bogonglaser.com\/ro\/bevel-fiber-laser-cutting-machine-groove-cutting-chamfering-by-fiber-laser-cutter\/","title":{"rendered":"Bevel Fiber Laser Cutting Machine | Groove Cutting, Chamfering de fibra laser cutter"},"content":{"rendered":"<h1>Ma\u0219in\u0103 de t\u0103iat cu laser Bevel<\/h1>\n<p>T\u0103ierea oblic\u0103 necesit\u0103 o \u00een\u021belegere precis\u0103 at\u00e2t a ma\u0219inii laser, c\u00e2t \u0219i a proceselor de t\u0103iere implicate. Ob\u021binerea calit\u0103\u021bii de precizie necesare necesit\u0103 o aten\u021bie deosebit\u0103 la col\u021buri, intr\u0103ri \u0219i ie\u0219iri, care trebuie executate \u00eentr-o secven\u021b\u0103 specific\u0103. Programarea pieselor t\u0103iate joac\u0103, de asemenea, un rol esen\u021bial \u00een men\u021binerea preciziei, necesit\u00e2nd func\u021bii auxiliare speciale pentru configurarea software-ului \u00een vederea t\u0103ierii oblice de precizie.<\/p>\n<p>Sistemele de t\u0103iere BOGONG ofer\u0103 o gam\u0103 de unit\u0103\u021bi de t\u0103iere \u00een con adaptate pentru diverse aplica\u021bii de t\u0103iere, Sistemele automate sunt complet controlate \u0219i nu necesit\u0103 ajust\u0103ri manuale, asigur\u00e2nd o performan\u021b\u0103 constant\u0103.<\/p>\n<div class=\"sub-header-divs\">\n<h3>Performan\u021b\u0103<\/h3>\n<\/div>\n<ul>\n<li>Mediu laser - laser cu fibr\u0103 CW 1070nm \u00een stare solid\u0103<\/li>\n<li>Putere laser - 6000W -40000W Op\u021biuni surs\u0103 de fibr\u0103<\/li>\n<li>Putere - <strong>\u00a0380V 3 faze<\/strong><\/li>\n<li>Precizia pozi\u021bion\u0103rii - \u2264\u00b10.03mm<\/li>\n<li>Precizia repetabilit\u0103\u021bii - \u2264\u00b10,02mm<\/li>\n<\/ul>\n<div class=\"sub-header-divs\">\n<h3>Sistemul<\/h3>\n<\/div>\n<ul>\n<li>Sistem de conducere - Servo cu bucl\u0103 \u00eenchis\u0103<\/li>\n<li>Mod de r\u0103cire - Ap\u0103 refrigerat\u0103<\/li>\n<\/ul>\n<p>Ma\u0219ina noastr\u0103 de t\u0103iat cu laser a pl\u0103cilor metalice se desprinde de tradi\u021bionala t\u0103iere dreapt\u0103 la 0\u00b0, permi\u021b\u00e2nd t\u0103ieri precise \u00een unghi de p\u00e2n\u0103 la 45\u00b0 pe suprafe\u021be plane. Aceast\u0103 ma\u0219in\u0103 gestioneaz\u0103 eficient diverse modele de conuri, inclusiv formele V, X \u0219i Y, finaliz\u00e2nd procesele de t\u0103iere \u0219i frezare \u00eentr-o singur\u0103 opera\u021biune. Ca rezultat, ob\u021bine\u021bi piese cu o precizie dimensional\u0103 \u0219i o calitate a suprafe\u021bei excep\u021bionale, ceea ce spore\u0219te semnificativ eficien\u021ba, asigur\u0103 o calitate ridicat\u0103 \u0219i economise\u0219te resursele.<\/p>\n<p><iframe title=\"CUTTING BEVEL de Fiber Laser Cutting Machine | Groove Cutting, Chamfering de fibra laser cutter\" width=\"1290\" height=\"726\" src=\"https:\/\/www.youtube.com\/embed\/2ejtVyjr7UY?feature=oembed\" frameborder=\"0\" allow=\"accelerometer; autoplay; clipboard-write; encrypted-media; gyroscope; picture-in-picture; web-share\" referrerpolicy=\"strict-origin-when-cross-origin\" allowfullscreen><\/iframe><\/p>\n<p>If you&#8217;d like more information or want to inquire about the price of our bevel fiber laser cutting machine, feel free to reach out via email!Achieve perfect bevels in a single pass with our advanced cutting technology! Our machine can perform \u00b145\u00b0 bevel cutting, providing an exceptional fit for welding. The cut-offs produced are ideal for zero gap welding, eliminating the need for extra cutting or grinding. This results in a remarkable 75% increase in efficiency compared to traditional metal cutters.<\/p>\n<p>Capul nostru puternic de t\u0103iere oblic\u0103 are un sistem sofisticat de control tridimensional pe cinci axe, permi\u021b\u00e2nd controlul precis al unghiului \u0219i oferind t\u0103ieturi oblice de \u00eenalt\u0103 calitate de fiecare dat\u0103.<\/p>\n<p>Ve\u021bi aprecia, de asemenea, beneficiile perfor\u0103rii oblice, care conduce la o pozi\u021bionare precis\u0103 dup\u0103 perforare \u0219i \u00eembun\u0103t\u0103\u021be\u0219te eficien\u021ba general\u0103 de t\u0103iere.<\/p>\n<p>BOGONG renumit pentru calitatea sa de echipamente laser \u0219i servicii pentru servicii post-v\u00e2nzare, Ma\u0219inile noastre sunt versatile \u0219i u\u0219or de utilizat, concepute cu toate nivelurile de calificare \u00een minte. Mai presus de toate, prioritiz\u0103m satisfac\u021bia clientului. Fie c\u0103 sunte\u021bi un expert experimentat sau un \u00eencep\u0103tor, BOGONG LASER este aici pentru a v\u0103 sprijini la fiecare pas al drumului. Ave\u021bi \u00eencredere \u00een noi \u0219i \u00een serviciile noastre, unde excelen\u021ba \u0219i inova\u021bia se unesc pentru succesul dumneavoastr\u0103.<\/p>","protected":false},"excerpt":{"rendered":"<p>Ma\u0219ina de t\u0103iat cu laser cu fibr\u0103 optic\u0103 simplific\u0103 procesul de t\u0103iere a biselurilor metalice, produc\u00e2nd biseluri perfecte \u00eentr-o singur\u0103 trecere. Cu sistemul s\u0103u avansat de control tridimensional pe cinci axe, capul de t\u0103iere de mare putere al lui BOGONG Laser gestioneaz\u0103 cu precizie unghiurile de t\u0103iere \u00een bisel, asigur\u00e2nd t\u0103ieturi de \u00eenalt\u0103 calitate de fiecare dat\u0103. Ca rezultat, piesele de lucru finite sunt mai potrivite pentru sudarea f\u0103r\u0103 sudur\u0103 \u00een compara\u021bie cu metodele tradi\u021bionale.<\/p>\n<ul class=\"tips\">\n<li>20 seturi \/ lun\u0103 \u00cen a\u0219teptare pentru v\u00e2nzare \u00cen stoc<\/li>\n<li>Garan\u021bie limitat\u0103 de 2 ani pentru \u00eentreaga ma\u0219in\u0103<\/li>\n<li>Online (PayPal) \u0219i offline (T\/T, carduri de debit \u0219i de credit)<\/li>\n<li>Asisten\u021b\u0103 tehnic\u0103 gratuit\u0103 pe via\u021b\u0103 pentru utilizatorii finali \u0219i dealeri<\/li>\n<\/ul>","protected":false},"featured_media":2007,"template":"","meta":{"_gspb_post_css":""},"product_brand":[],"product_cat":[117,92,118],"product_tag":[105,106],"class_list":{"0":"post-2005","1":"product","2":"type-product","3":"status-publish","4":"has-post-thumbnail","6":"product_cat-fiber-laser-cutting-machine","7":"product_cat-laser-cutting-machine","8":"product_cat-laser-metal-cutting-machine","9":"product_tag-fiber-laser-cutting-machine","10":"product_tag-laser-cutting-machine","12":"first","13":"instock","14":"shipping-taxable","15":"product-type-simple"},"_links":{"self":[{"href":"https:\/\/bogonglaser.com\/ro\/wp-json\/wp\/v2\/product\/2005","targetHints":{"allow":["GET"]}}],"collection":[{"href":"https:\/\/bogonglaser.com\/ro\/wp-json\/wp\/v2\/product"}],"about":[{"href":"https:\/\/bogonglaser.com\/ro\/wp-json\/wp\/v2\/types\/product"}],"wp:featuredmedia":[{"embeddable":true,"href":"https:\/\/bogonglaser.com\/ro\/wp-json\/wp\/v2\/media\/2007"}],"wp:attachment":[{"href":"https:\/\/bogonglaser.com\/ro\/wp-json\/wp\/v2\/media?parent=2005"}],"wp:term":[{"taxonomy":"product_brand","embeddable":true,"href":"https:\/\/bogonglaser.com\/ro\/wp-json\/wp\/v2\/product_brand?post=2005"},{"taxonomy":"product_cat","embeddable":true,"href":"https:\/\/bogonglaser.com\/ro\/wp-json\/wp\/v2\/product_cat?post=2005"},{"taxonomy":"product_tag","embeddable":true,"href":"https:\/\/bogonglaser.com\/ro\/wp-json\/wp\/v2\/product_tag?post=2005"}],"curies":[{"name":"wp","href":"https:\/\/api.w.org\/{rel}","templated":true}]}}