{"id":2000,"date":"2024-11-26T10:39:24","date_gmt":"2024-11-26T02:39:24","guid":{"rendered":"https:\/\/bogonglaser.com\/?post_type=product&#038;p=2000"},"modified":"2025-12-10T16:07:48","modified_gmt":"2025-12-10T08:07:48","slug":"6000w-40kw-high-power-fiber-laser-metal-cutting-machine-for-sale","status":"publish","type":"product","link":"https:\/\/bogonglaser.com\/ro\/6000w-40kw-high-power-fiber-laser-metal-cutting-machine-for-sale\/","title":{"rendered":"6000W-40KW de mare putere Fiber Laser Metal Cutting Machine de v\u00e2nzare"},"content":{"rendered":"<p>The BOGONG fiber laser metal cutting machine offers impressive features, including faster cutting speeds and a powerful 6000W laser (with options ranging from 2000W to 40000W). This machine provides exceptional cutting quality that sets it apart from other tools.<\/p>\n<p>Este echipat cu un generator laser IPG de ultim\u0103 genera\u021bie \u0219i un software de t\u0103iere CNC u\u0219or de utilizat, ceea ce \u00eel face u\u0219or de utilizat. Construc\u021bia sa solid\u0103 sudat\u0103, realizat\u0103 din materiale tratate termic \u0219i lucrat\u0103 cu ajutorul unor ma\u0219ini de frezat CNC de mari dimensiuni, asigur\u0103 durabilitatea. \u00cen plus, carcasa de siguran\u021b\u0103 complet \u00eenchis\u0103, rezistent\u0103 la foc \u0219i praf, asigur\u0103 un mediu de lucru sigur.<\/p>\n<p><img decoding=\"async\" class=\"size-medium wp-image-7375\" src=\"https:\/\/bogonglaser.com\/wp-content\/uploads\/2024\/11\/fiber-laser-cutting-machine-sealed-2-300x300.jpg\" alt=\"ma\u0219in\u0103 de t\u0103iere cu laser cu fibre sigilate\" width=\"300\" height=\"300\" title=\"\" srcset=\"https:\/\/bogonglaser.com\/wp-content\/uploads\/2024\/11\/fiber-laser-cutting-machine-sealed-2-300x300.jpg 300w, https:\/\/bogonglaser.com\/wp-content\/uploads\/2024\/11\/fiber-laser-cutting-machine-sealed-2-100x100.jpg 100w, https:\/\/bogonglaser.com\/wp-content\/uploads\/2024\/11\/fiber-laser-cutting-machine-sealed-2-150x150.jpg 150w, https:\/\/bogonglaser.com\/wp-content\/uploads\/2024\/11\/fiber-laser-cutting-machine-sealed-2-12x12.jpg 12w, https:\/\/bogonglaser.com\/wp-content\/uploads\/2024\/11\/fiber-laser-cutting-machine-sealed-2.jpg 600w\" sizes=\"(max-width: 300px) 100vw, 300px\" \/><\/p>\n<div class=\"sub-header-divs\">\n<h3>Performan\u021b\u0103<\/h3>\n<\/div>\n<ul>\n<li>Mediu laser - laser cu fibr\u0103 CW 1070nm \u00een stare solid\u0103<\/li>\n<li>Putere laser - 6000W -40000W Op\u021biuni surs\u0103 de fibr\u0103<\/li>\n<li>Putere - <strong>\u00a0380V 3 faze<\/strong><\/li>\n<li>Precizia pozi\u021bion\u0103rii - \u2264\u00b10.03mm<\/li>\n<li>Precizia repetabilit\u0103\u021bii - \u2264\u00b10,02mm<\/li>\n<\/ul>\n<div class=\"sub-header-divs\">\n<h3>Sistemul<\/h3>\n<\/div>\n<ul>\n<li>Sistem de conducere - Servo cu bucl\u0103 \u00eenchis\u0103<\/li>\n<li>Mod de r\u0103cire - Ap\u0103 refrigerat\u0103<\/li>\n<\/ul>\n<p>Cutterul laser cu fibr\u0103 de 6000W este o ma\u0219in\u0103 de \u00eenalt\u0103 putere, de nivel profesional, proiectat\u0103 pentru t\u0103ierea metalelor cu laser. Dispune de un controler CNC automat, facilit\u00e2nd t\u0103ierea unei variet\u0103\u021bi de metale: o\u021bel carbon de p\u00e2n\u0103 la 25 mm grosime, o\u021bel inoxidabil de p\u00e2n\u0103 la 18 mm, aluminiu de p\u00e2n\u0103 la 16 mm \u0219i cupru \u0219i alam\u0103 de p\u00e2n\u0103 la 10 mm. Cu o vitez\u0103 maxim\u0103 de t\u0103iere de peste 60 de metri pe minut, aceast\u0103 ma\u0219in\u0103 ofer\u0103 putere suficient\u0103 pentru a aborda cu u\u0219urin\u021b\u0103 majoritatea sarcinilor de t\u0103iere a metalelor.<\/p>\n<p><iframe title=\"12KW Fiber Laser Cutting Machine de v\u00e2nzare\" width=\"1290\" height=\"726\" src=\"https:\/\/www.youtube.com\/embed\/xYmsQJZBIpU?feature=oembed\" frameborder=\"0\" allow=\"accelerometer; autoplay; clipboard-write; encrypted-media; gyroscope; picture-in-picture; web-share\" referrerpolicy=\"strict-origin-when-cross-origin\" allowfullscreen><\/iframe><\/p>\n<h4>Fiber Laser Cutting Machine Industrii aplicabile<\/h4>\n<p>Echipamente mecanice \u0219i electrice, fabricarea de tabl\u0103, dulapuri, produse din o\u021bel inoxidabil, corpuri de iluminat, piese auto, sticl\u0103, unelte de feronerie, panouri publicitare, articole decorative \u0219i alte industrii.<\/p>\n<p>BOGONG renumit pentru calitatea sa de echipamente laser \u0219i servicii pentru servicii post-v\u00e2nzare, Ma\u0219inile noastre sunt versatile \u0219i u\u0219or de utilizat, concepute cu toate nivelurile de calificare \u00een minte. Mai presus de toate, prioritiz\u0103m satisfac\u021bia clientului. Fie c\u0103 sunte\u021bi un expert experimentat sau un \u00eencep\u0103tor, BOGONG LASER este aici pentru a v\u0103 sprijini la fiecare pas al drumului. Ave\u021bi \u00eencredere \u00een noi \u0219i \u00een serviciile noastre, unde excelen\u021ba \u0219i inova\u021bia se unesc pentru succesul dumneavoastr\u0103.<\/p>\n<p><img decoding=\"async\" class=\"size-medium wp-image-7376\" src=\"https:\/\/bogonglaser.com\/wp-content\/uploads\/2024\/11\/fiber-laser-cutting-machine-sealed-1-1-300x225.jpg\" alt=\"ma\u0219in\u0103 de t\u0103iere cu laser cu fibre sigilate\" width=\"300\" height=\"225\" title=\"\" srcset=\"https:\/\/bogonglaser.com\/wp-content\/uploads\/2024\/11\/fiber-laser-cutting-machine-sealed-1-1-300x225.jpg 300w, https:\/\/bogonglaser.com\/wp-content\/uploads\/2024\/11\/fiber-laser-cutting-machine-sealed-1-1-600x450.jpg 600w, https:\/\/bogonglaser.com\/wp-content\/uploads\/2024\/11\/fiber-laser-cutting-machine-sealed-1-1-768x576.jpg 768w, https:\/\/bogonglaser.com\/wp-content\/uploads\/2024\/11\/fiber-laser-cutting-machine-sealed-1-1-16x12.jpg 16w, https:\/\/bogonglaser.com\/wp-content\/uploads\/2024\/11\/fiber-laser-cutting-machine-sealed-1-1.jpg 800w\" sizes=\"(max-width: 300px) 100vw, 300px\" \/><\/p>","protected":false},"excerpt":{"rendered":"<p>The 6000W-40KW fiber laser cutting machine is a powerful CNC fiber laser cutter designed for full-size metal cutting, featuring an exchange pallet for automated metalworking. It offers impressive speed and precision, with power options ranging from 2000W to 40000W, making it an excellent choice for commercial applications in industrial metal fabrication.<\/p>\n<ul class=\"tips\">\n<li>20 Sets \/ Month Waiting for Sale In Stock<\/li>\n<li>2 Years Limited Warranty for Entire Machine<\/li>\n<li>Online (PayPal) &amp; Offline (T\/T, Debit &amp; Credit Cards)<\/li>\n<li>Lifetime Free Technical Support for End-Users &amp; Dealers<\/li>\n<\/ul>\n<hr \/>\n<h4><strong>Get a Quote<\/strong><\/h4>\n<p>[contact-form-7 id=&#8221;029fbc1&#8243; title=&#8221;Products Form&#8221;]<\/p>\n","protected":false},"featured_media":2001,"template":"","meta":{"_gspb_post_css":""},"product_brand":[],"product_cat":[117,92,118],"product_tag":[105,106],"class_list":{"0":"post-2000","1":"product","2":"type-product","3":"status-publish","4":"has-post-thumbnail","6":"product_cat-fiber-laser-cutting-machine","7":"product_cat-laser-cutting-machine","8":"product_cat-laser-metal-cutting-machine","9":"product_tag-fiber-laser-cutting-machine","10":"product_tag-laser-cutting-machine","12":"first","13":"instock","14":"shipping-taxable","15":"product-type-simple"},"_links":{"self":[{"href":"https:\/\/bogonglaser.com\/ro\/wp-json\/wp\/v2\/product\/2000","targetHints":{"allow":["GET"]}}],"collection":[{"href":"https:\/\/bogonglaser.com\/ro\/wp-json\/wp\/v2\/product"}],"about":[{"href":"https:\/\/bogonglaser.com\/ro\/wp-json\/wp\/v2\/types\/product"}],"wp:featuredmedia":[{"embeddable":true,"href":"https:\/\/bogonglaser.com\/ro\/wp-json\/wp\/v2\/media\/2001"}],"wp:attachment":[{"href":"https:\/\/bogonglaser.com\/ro\/wp-json\/wp\/v2\/media?parent=2000"}],"wp:term":[{"taxonomy":"product_brand","embeddable":true,"href":"https:\/\/bogonglaser.com\/ro\/wp-json\/wp\/v2\/product_brand?post=2000"},{"taxonomy":"product_cat","embeddable":true,"href":"https:\/\/bogonglaser.com\/ro\/wp-json\/wp\/v2\/product_cat?post=2000"},{"taxonomy":"product_tag","embeddable":true,"href":"https:\/\/bogonglaser.com\/ro\/wp-json\/wp\/v2\/product_tag?post=2000"}],"curies":[{"name":"wp","href":"https:\/\/api.w.org\/{rel}","templated":true}]}}