{"id":1981,"date":"2024-11-25T16:08:24","date_gmt":"2024-11-25T08:08:24","guid":{"rendered":"https:\/\/bogonglaser.com\/?post_type=product&#038;p=1981"},"modified":"2025-12-10T16:38:46","modified_gmt":"2025-12-10T08:38:46","slug":"smallest-fiber-laser-cutting-machine-for-brass-gold-silver","status":"publish","type":"product","link":"https:\/\/bogonglaser.com\/ro\/smallest-fiber-laser-cutting-machine-for-brass-gold-silver\/","title":{"rendered":"Cea mai mic\u0103 ma\u0219in\u0103 de t\u0103iere cu laser cu fibr\u0103 pentru alam\u0103, aur, argint"},"content":{"rendered":"<p>Sunte\u021bi \u00een c\u0103utarea celei mai bune ma\u0219ini de t\u0103iat cu laser de precizie (1500W , 2000W sau 3000W) pentru a crea bijuterii metalice personalizate precum inele, cercei, pandantive, br\u0103\u021b\u0103ri, butoni, coliere, bro\u0219e \u0219i alte ornamente personalizate din argint, aur, cupru sau o\u021bel inoxidabil? Check out top-rated mini compact fibra laser bijuterii t\u0103ietori disponibile pentru v\u00e2nzare la pre\u021b de cost.<\/p>\n<p><img decoding=\"async\" class=\"size-medium wp-image-7399\" src=\"https:\/\/bogonglaser.com\/wp-content\/uploads\/2024\/11\/precision-laser-cutter-1-300x174.jpg\" alt=\"t\u0103ietor laser de precizie\" width=\"300\" height=\"174\" title=\"\" srcset=\"https:\/\/bogonglaser.com\/wp-content\/uploads\/2024\/11\/precision-laser-cutter-1-300x174.jpg 300w, https:\/\/bogonglaser.com\/wp-content\/uploads\/2024\/11\/precision-laser-cutter-1-18x10.jpg 18w, https:\/\/bogonglaser.com\/wp-content\/uploads\/2024\/11\/precision-laser-cutter-1.jpg 432w\" sizes=\"(max-width: 300px) 100vw, 300px\" \/><\/p>\n<div class=\"sub-header-divs\">\n<h3>Performan\u021b\u0103<\/h3>\n<\/div>\n<ul>\n<li>Mediu laser - laser cu fibr\u0103 CW 1070nm \u00een stare solid\u0103<\/li>\n<li>Putere laser - 1000W p\u00e2n\u0103 la 3000W Op\u021biuni surs\u0103 de fibr\u0103<\/li>\n<li>Putere - 220v\u00a0<strong>monofazat\/ 380V trifazat<\/strong><\/li>\n<li>Precizia pozi\u021bion\u0103rii - \u2264\u00b10.03mm<\/li>\n<li>Precizia repetabilit\u0103\u021bii - \u2264\u00b10,02mm<\/li>\n<\/ul>\n<div class=\"sub-header-divs\">\n<h3>Sistemul<\/h3>\n<\/div>\n<ul>\n<li>Sistem de conducere - Servo cu bucl\u0103 \u00eenchis\u0103<\/li>\n<li>Mod de r\u0103cire - Ap\u0103 refrigerat\u0103<\/li>\n<\/ul>\n<p>T\u0103ierea cu laser a bijuteriilor metalice \u00eentr-o varietate de forme este o modalitate simpl\u0103 \u0219i eficient\u0103 de a crea piese personalizate. Aceasta ofer\u0103 t\u0103ieturi rapide, curate \u0219i netede. Cu toate acestea, crearea de bijuterii frumoase din metal necesit\u0103 precizie \u0219i o atingere delicat\u0103. Aici intervine t\u0103ietorul laser mic BOGONG 3030. Acesta ofer\u0103 detalii incredibile \u0219i rezultate care dep\u0103\u0219esc a\u0219tept\u0103rile. \u00cen plus, poate t\u0103ia nu numai aur \u0219i argint, ci \u0219i materiale precum cuprul \u0219i o\u021belul inoxidabil.<\/p>\n<p>Dac\u0103 dori\u021bi s\u0103 realiza\u021bi bijuterii metalice unice, tot ce ave\u021bi nevoie este cutterul laser cu fibr\u0103 3030 de la BOGONG LASER. Este compact, economisind un spa\u021biu de lucru pre\u021bios, \u0219i vine echipat cu un controler CNC automat \u00eempreun\u0103 cu un software intuitiv care este u\u0219or de utilizat, indiferent dac\u0103 sunte\u021bi \u00eencep\u0103tor sau un profesionist experimentat. Se potrive\u0219te perfect at\u00e2t me\u0219te\u0219ugarilor de acas\u0103, c\u00e2t \u0219i proprietarilor de afaceri mici.<\/p>\n<p>Ce sunt bijuteriile din metal?<br \/>\nBijuteriile metalice includ o gam\u0103 larg\u0103 de articole precum inele, cercei, coliere, br\u0103\u021b\u0103ri, bro\u0219e, pandantive \u0219i butoni de man\u0219et\u0103, realizate de obicei din materiale precum aur, argint, cupru \u0219i o\u021bel inoxidabil colorat, printre alte metale pre\u021bioase.<\/p>\n<p>Majoritatea acestor bijuterii constau \u00een piese mici, ceea ce necesit\u0103 un nivel ridicat de precizie a t\u0103ierii \u0219i minimum de de\u0219euri. Metodele tradi\u021bionale de t\u0103iere mecanic\u0103 pur \u0219i simplu nu \u00eendeplinesc cerin\u021bele moderne ale fabric\u0103rii bijuteriilor. T\u0103ierea cu laser este cea mai bun\u0103 solu\u021bie, oferind vitez\u0103, precizie, calitate ridicat\u0103 \u0219i procese nedistructive, ecologice. Deoarece diferitele metale au diferite grade de moliciune, duritate \u0219i reflexie, laserele cu fibr\u0103 sunt deosebit de potrivite pentru a realiza t\u0103ieturi precise \u00een bijuterii metalice.<\/p>\n<p><iframe title=\"Cea mai mic\u0103 ma\u0219in\u0103 de t\u0103iat cu laser cu fibr\u0103 optic\u0103: O descoperire \u00een tehnologia t\u0103ierii metalelor\" width=\"1290\" height=\"726\" src=\"https:\/\/www.youtube.com\/embed\/9jNRk6QalxQ?feature=oembed\" frameborder=\"0\" allow=\"accelerometer; autoplay; clipboard-write; encrypted-media; gyroscope; picture-in-picture; web-share\" referrerpolicy=\"strict-origin-when-cross-origin\" allowfullscreen><\/iframe><\/p>\n<p><img decoding=\"async\" class=\"size-medium wp-image-7401\" src=\"https:\/\/bogonglaser.com\/wp-content\/uploads\/2024\/11\/smart-fiber-laser-cutter-1-300x169.jpg\" alt=\"t\u0103ietor laser inteligent cu fibr\u0103\" width=\"300\" height=\"169\" title=\"\" srcset=\"https:\/\/bogonglaser.com\/wp-content\/uploads\/2024\/11\/smart-fiber-laser-cutter-1-300x169.jpg 300w, https:\/\/bogonglaser.com\/wp-content\/uploads\/2024\/11\/smart-fiber-laser-cutter-1-18x10.jpg 18w, https:\/\/bogonglaser.com\/wp-content\/uploads\/2024\/11\/smart-fiber-laser-cutter-1.jpg 600w\" sizes=\"(max-width: 300px) 100vw, 300px\" \/><\/p>\n<h4><a href=\"https:\/\/bogonglaser.com\/ro\/fiber-laser-cutter\/\">Fiber Laser Cutting Machine<\/a> Industrii aplicabile<\/h4>\n<p>Echipamente mecanice \u0219i electrice, fabricarea de tabl\u0103, dulapuri, produse din o\u021bel inoxidabil, corpuri de iluminat, piese auto, unelte de feronerie, panouri publicitare, articole decorative \u0219i alte industrii.<\/p>\n<p>Cum func\u021bioneaz\u0103?<br \/>\nT\u0103ietorii de bijuterii metalice cu laser utilizeaz\u0103 tehnologie laser avansat\u0103, iar modul \u00een care materialele interac\u021bioneaz\u0103 cu laserul este esen\u021bial pentru proces. Iat\u0103 o descriere simpl\u0103, pas cu pas, a modului \u00een care func\u021bioneaz\u0103:<\/p>\n<p>1. Introducerea proiectului: \u00cen primul r\u00e2nd, v\u0103 crea\u021bi proiectul utiliz\u00e2nd software-ul CAD. Acest proiect este apoi transformat \u00eentr-un format lizibil de ma\u0219in\u0103 cu ajutorul software-ului CAM.<\/p>\n<p>2. Generarea laserului: Cutterul utilizeaz\u0103 un laser cu CO2 sau cu fibr\u0103 optic\u0103 pentru a produce un fascicul concentrat de lumin\u0103 la temperatur\u0103 ridicat\u0103.<\/p>\n<p>3. Focalizarea fasciculului: Sistemul optic direc\u021bioneaz\u0103 acest fascicul laser puternic c\u0103tre un punct specific de pe suprafa\u021ba metalic\u0103 pentru a o t\u0103ia sau grava.<\/p>\n<p>4. Interac\u021biunea cu materialul: C\u0103ldura laserului afecteaz\u0103 diferite metale \u00een moduri diferite, astfel \u00eenc\u00e2t set\u0103rile se pot schimba \u00een func\u021bie de material.<\/p>\n<p>5. Mi\u0219care controlat\u0103: Laserul urmeaz\u0103 modelul pe care l-a\u021bi creat, deplas\u00e2ndu-se exact conform instruc\u021biunilor software-ului.<\/p>\n<p>6. R\u0103cirea: Un sistem de r\u0103cire eficient este esen\u021bial pentru a se asigura c\u0103 produsul finit \u00ee\u0219i p\u0103streaz\u0103 forma \u0219i calitatea ini\u021bial\u0103.<\/p>\n<p>7. \u00cendep\u0103rtarea reziduurilor: Dup\u0103 procesul de t\u0103iere, orice rest de material este cur\u0103\u021bat pentru a oferi piesei un finisaj lustruit.<\/p>\n<p>De ce s\u0103 alege\u021bi un cutter laser de precizie pentru t\u0103ierea bijuteriilor din argint, aur \u0219i cupru? - Avantaje \u0219i avantaje<br \/>\n\u2714 Design compact \u0219i sigur: Cutterul dispune de sticl\u0103 anti-radia\u021bii conform standardului CE, ceea ce \u00eel face mai sigur de utilizat.<\/p>\n<p>\u2714 T\u0103iere de \u00eenalt\u0103 precizie: Utilizeaz\u0103 un sistem japonez importat de ac\u021bionare servo AC pentru t\u0103ieri rapide \u0219i precise.<\/p>\n<p>\u2714 Mi\u0219care precis\u0103: Axa Y este proiectat\u0103 cu o transmisie cu \u0219urub cu bile de mare precizie, asigur\u00e2nd t\u0103ieri drepte chiar \u0219i la viteze mari.<\/p>\n<p>\u2714 Construc\u021bie durabil\u0103: Ma\u0219ina este construit\u0103 pentru a dura \u0219i este rezistent\u0103 la deformare.<\/p>\n<p>\u2714 Pozi\u021bionare eficient\u0103: Clemele pneumatice \u021bin \u00een siguran\u021b\u0103 materialele mai sub\u021biri, \u00een timp ce o mas\u0103 cu lam\u0103 mobil\u0103 acomodeaz\u0103 piesele mai groase, asigur\u00e2nd precizia.<\/p>\n<p>\u2714 Ecranare protectoare: Designul complet \u00eenchis \u00eempiedic\u0103 orice resturi metalice s\u0103 scape \u00een timpul t\u0103ierii.<\/p>\n<p>\u2714 Colectare u\u0219oar\u0103 a resturilor: O tav\u0103 de colectare sub masa de t\u0103iere faciliteaz\u0103 colectarea \u0219i eliminarea rapid\u0103 a resturilor de material.<\/p>\n<p>**De ce s\u0103 alege\u021bi BOGONG LASER**<\/p>\n<p>BOGONG renumit pentru calitatea sa de echipamente laser \u0219i servicii pentru servicii post-v\u00e2nzare, Ma\u0219inile noastre sunt versatile \u0219i u\u0219or de utilizat, concepute cu toate nivelurile de calificare \u00een minte. Mai presus de toate, prioritiz\u0103m satisfac\u021bia clientului. Fie c\u0103 sunte\u021bi un expert experimentat sau un \u00eencep\u0103tor, <a href=\"https:\/\/bogonglaser.com\/ro\/\">LASER BOGONG<\/a> este aici pentru a v\u0103 sprijini la fiecare pas al drumului. Ave\u021bi \u00eencredere \u00een noi \u0219i \u00een serviciile noastre, unde excelen\u021ba \u0219i inova\u021bia se unesc pentru succesul dumneavoastr\u0103.<\/p>\n<figure id=\"attachment_7376\" aria-describedby=\"caption-attachment-7376\" style=\"width: 300px\" class=\"wp-caption alignnone\"><img decoding=\"async\" class=\"size-medium wp-image-7376\" src=\"https:\/\/bogonglaser.com\/wp-content\/uploads\/2024\/11\/fiber-laser-cutting-machine-sealed-1-1-300x225.jpg\" alt=\"ma\u0219in\u0103 de t\u0103iere cu laser cu fibre sigilate\" width=\"300\" height=\"225\" title=\"\" srcset=\"https:\/\/bogonglaser.com\/wp-content\/uploads\/2024\/11\/fiber-laser-cutting-machine-sealed-1-1-300x225.jpg 300w, https:\/\/bogonglaser.com\/wp-content\/uploads\/2024\/11\/fiber-laser-cutting-machine-sealed-1-1-600x450.jpg 600w, https:\/\/bogonglaser.com\/wp-content\/uploads\/2024\/11\/fiber-laser-cutting-machine-sealed-1-1-768x576.jpg 768w, https:\/\/bogonglaser.com\/wp-content\/uploads\/2024\/11\/fiber-laser-cutting-machine-sealed-1-1-16x12.jpg 16w, https:\/\/bogonglaser.com\/wp-content\/uploads\/2024\/11\/fiber-laser-cutting-machine-sealed-1-1.jpg 800w\" sizes=\"(max-width: 300px) 100vw, 300px\" \/><figcaption id=\"caption-attachment-7376\" class=\"wp-caption-text\">ma\u0219in\u0103 de t\u0103iere cu laser cu fibre sigilate<\/figcaption><\/figure>","protected":false},"excerpt":{"rendered":"<h3>Cea mai mic\u0103 ma\u0219in\u0103 de t\u0103iat cu laser cu fibr\u0103 optic\u0103<\/h3>\n<p>BOGONG 3030 Fiber Laser cutting Machine este cea mai mic\u0103 t\u0103iere cu laser pentru metal, este o modalitate fantastic\u0103 de a crea piese unice \u0219i personalizate rapid \u0219i u\u0219or. dimensiunea de t\u0103iere este de 300 * 300mm, cabinet complet cu design sigur, Produce t\u0103ieturi curate \u0219i netede, f\u0103c\u00e2ndu-l o alegere eficient\u0103 pentru me\u0219te\u0219uguri. Cu toate acestea, realizarea de bijuterii frumoase din metal necesit\u0103, de asemenea, precizie \u0219i o atingere de art\u0103. Aici intervine t\u0103ietorul de bijuterii cu laser mic BOGONG. Acest aparat produce detalii excep\u021bionale \u0219i rezultate care adesea dep\u0103\u0219esc a\u0219tept\u0103rile. De asemenea, este versatil, fiind capabil s\u0103 taie nu doar aur \u0219i argint, ci \u0219i materiale precum cuprul \u0219i o\u021belul inoxidabil.<\/p>\n<p>Dac\u0103 sunte\u021bi interesat s\u0103 crea\u021bi bijuterii metalice unice, BOGONG 3030 de la BOGONG LASER este tot ce ave\u021bi nevoie. Designul s\u0103u compact economise\u0219te spa\u021biu \u0219i vine cu un controler CNC automat \u0219i un software u\u0219or de utilizat care \u00eel face accesibil tuturor, indiferent dac\u0103 sunte\u021bi la \u00eenceput sau ave\u021bi ani de experien\u021b\u0103. Este perfect at\u00e2t pentru pasiona\u021bi, c\u00e2t \u0219i pentru proprietarii de afaceri mici.<\/p>\n<ul class=\"tips\">\n<li>200 seturi \/ lun\u0103 \u00cen a\u0219teptare pentru v\u00e2nzare \u00cen stoc<\/li>\n<li>Garan\u021bie limitat\u0103 de 2 ani pentru \u00eentreaga ma\u0219in\u0103<\/li>\n<li>Online (PayPal) \u0219i offline (T\/T, carduri de debit \u0219i de credit)<\/li>\n<li>Asisten\u021b\u0103 tehnic\u0103 gratuit\u0103 pe via\u021b\u0103 pentru utilizatorii finali \u0219i dealeri<\/li>\n<\/ul>","protected":false},"featured_media":1983,"template":"","meta":{"_gspb_post_css":""},"product_brand":[],"product_cat":[117,92,118],"product_tag":[105,106],"class_list":{"0":"post-1981","1":"product","2":"type-product","3":"status-publish","4":"has-post-thumbnail","6":"product_cat-fiber-laser-cutting-machine","7":"product_cat-laser-cutting-machine","8":"product_cat-laser-metal-cutting-machine","9":"product_tag-fiber-laser-cutting-machine","10":"product_tag-laser-cutting-machine","12":"first","13":"instock","14":"shipping-taxable","15":"product-type-simple"},"_links":{"self":[{"href":"https:\/\/bogonglaser.com\/ro\/wp-json\/wp\/v2\/product\/1981","targetHints":{"allow":["GET"]}}],"collection":[{"href":"https:\/\/bogonglaser.com\/ro\/wp-json\/wp\/v2\/product"}],"about":[{"href":"https:\/\/bogonglaser.com\/ro\/wp-json\/wp\/v2\/types\/product"}],"wp:featuredmedia":[{"embeddable":true,"href":"https:\/\/bogonglaser.com\/ro\/wp-json\/wp\/v2\/media\/1983"}],"wp:attachment":[{"href":"https:\/\/bogonglaser.com\/ro\/wp-json\/wp\/v2\/media?parent=1981"}],"wp:term":[{"taxonomy":"product_brand","embeddable":true,"href":"https:\/\/bogonglaser.com\/ro\/wp-json\/wp\/v2\/product_brand?post=1981"},{"taxonomy":"product_cat","embeddable":true,"href":"https:\/\/bogonglaser.com\/ro\/wp-json\/wp\/v2\/product_cat?post=1981"},{"taxonomy":"product_tag","embeddable":true,"href":"https:\/\/bogonglaser.com\/ro\/wp-json\/wp\/v2\/product_tag?post=1981"}],"curies":[{"name":"wp","href":"https:\/\/api.w.org\/{rel}","templated":true}]}}