{"id":1974,"date":"2024-11-25T13:45:44","date_gmt":"2024-11-25T05:45:44","guid":{"rendered":"https:\/\/bogonglaser.com\/?post_type=product&#038;p=1974"},"modified":"2025-12-10T18:12:19","modified_gmt":"2025-12-10T10:12:19","slug":"200w-300w-pulse-laser-cleaning-machine-with-raycus-max-jpt-laser","status":"publish","type":"product","link":"https:\/\/bogonglaser.com\/ro\/200w-300w-pulse-laser-cleaning-machine-with-raycus-max-jpt-laser\/","title":{"rendered":"Ma\u0219in\u0103 de cur\u0103\u021bat cu laser cu puls cu laser Raycus Max JPT"},"content":{"rendered":"<div class=\"vc_row wpb_row vc_row-fluid\">\n<div class=\"wpb_column vc_column_container vc_col-sm-12\">\n<div class=\"vc_column-inner\">\n<div class=\"wpb_wrapper\">\n<div class=\"wpb_text_column wpb_content_element\">\n<div class=\"wpb_wrapper\">\n<p>A pulse\u00a0laser cleaning machine\u00a0is an innovative tool that uses brief, controlled bursts of laser light to effectively remove contaminants from various surfaces. It\u2019s particularly useful for cleaning materials like metal, glass, ceramics, and more. Here are some of its common applications:<\/p>\n<p>\u2013 Removing paint: Effortlessly strip away old paint layers.<br \/>\n\u2013 Rust removal: Eliminate rust to restore surfaces.<br \/>\n\u2013 Oil stains and oxide films: Clean away stubborn oil stains and oxide layers.<br \/>\n\u2013 Weld cleaning: Prepare welds for finishing by removing impurities.<br \/>\n\u2013 Automobile part renovation: Restore and clean auto parts for better performance.<br \/>\n\u2013 Precision parts cleaning: Safeguard the integrity of delicate components.<br \/>\n\u2013 Electronic equipment cleaning: Remove contaminants without damaging sensitive devices.<\/p>\n<p>Aceast\u0103 ma\u0219in\u0103 ofer\u0103 o modalitate eficient\u0103 \u0219i precis\u0103 de \u00eentre\u021binere \u0219i restaurare a diferitelor materiale.<\/p>\n<p>Caracteristica principal\u0103 de mai jos:<\/p>\n<ul>\n<li>Tip laser: Laser cu fibr\u0103<br \/>\nPutere laser: 200W 300W<br \/>\nIntervalul de ie\u0219ire (dac\u0103 este reglabil): 0-100%<br \/>\nFormarea impulsurilor: MOPA Q-Switched (factor de calitate)<br \/>\nGenerator laser: JPT\/Raycus\/Max<br \/>\nZona de cur\u0103\u021bare: 100*100mm (op\u021bional 130x130mm, 150x150mm)<br \/>\nLungimea fibrei: 5m<br \/>\nTip de r\u0103cire: Aer<br \/>\nDup\u0103 v\u00e2nzare: 2 ani<\/li>\n<\/ul>\n<\/div>\n<\/div>\n<\/div>\n<\/div>\n<\/div>\n<\/div>\n<div class=\"vc_row wpb_row vc_row-fluid\">\n<div class=\"wpb_column vc_column_container vc_col-sm-12\">\n<div class=\"vc_column-inner\">\n<div class=\"wpb_wrapper\">\n<div class=\"wpb_single_image wpb_content_element vc_align_left wpb_content_element\">\n<figure class=\"wpb_wrapper vc_figure\">\n<div class=\"vc_single_image-wrapper vc_box_border_grey\"><img decoding=\"async\" class=\"vc_single_image-img attachment-full\" title=\"\u9ed1\u767d300w\u6e05\u6d17\u673a\u73b0\u573a\u5b9e\u62cd3\" src=\"https:\/\/bogonglaser.com\/wp-content\/uploads\/2024\/11\/%E9%BB%91%E7%99%BD300w%E6%B8%85%E6%B4%97%E6%9C%BA%E7%8E%B0%E5%9C%BA%E5%AE%9E%E6%8B%8D3.png\" sizes=\"auto, (max-width: 800px) 100vw, 800px\" srcset=\"https:\/\/bogonglaser.com\/wp-content\/uploads\/2024\/11\/\u9ed1\u767d300w\u6e05\u6d17\u673a\u73b0\u573a\u5b9e\u62cd3.png 800w, https:\/\/bogonglaser.com\/wp-content\/uploads\/2024\/11\/\u9ed1\u767d300w\u6e05\u6d17\u673a\u73b0\u573a\u5b9e\u62cd3-300x225.png 300w, https:\/\/bogonglaser.com\/wp-content\/uploads\/2024\/11\/\u9ed1\u767d300w\u6e05\u6d17\u673a\u73b0\u573a\u5b9e\u62cd3-768x576.png 768w, https:\/\/bogonglaser.com\/wp-content\/uploads\/2024\/11\/\u9ed1\u767d300w\u6e05\u6d17\u673a\u73b0\u573a\u5b9e\u62cd3-600x450.png 600w\" alt=\"Cur\u0103\u021b\u0103tor cu laser cu impulsuri\" width=\"800\" height=\"600\" \/><\/div>\n<\/figure>\n<\/div>\n<\/div>\n<\/div>\n<\/div>\n<\/div>\n<div class=\"vc_row wpb_row vc_row-fluid\">\n<div class=\"wpb_column vc_column_container vc_col-sm-12\">\n<div class=\"vc_column-inner\">\n<div class=\"wpb_wrapper\">\n<div class=\"wpb_video_widget wpb_content_element vc_clearfix vc_video-aspect-ratio-169 vc_video-el-width-80 vc_video-align-left\">\n<div class=\"wpb_wrapper\">\n<h2 class=\"wpb_heading wpb_video_heading\">Introducere Ma\u0219in\u0103 de cur\u0103\u021bat cu puls laser<\/h2>\n<div class=\"wpb_video_wrapper\">\n<p><iframe title=\"Ce poate face o ma\u0219in\u0103 de cur\u0103\u021bat cu laser pulsat 300W? Cur\u0103\u021b\u0103tor cu laser pulsat 300W pentru vopsea, ulei, rugin\u0103 etc.\" width=\"1290\" height=\"968\" src=\"https:\/\/www.youtube.com\/embed\/bSn_4ZrmhzA?feature=oembed\" frameborder=\"0\" allow=\"accelerometer; autoplay; clipboard-write; encrypted-media; gyroscope; picture-in-picture; web-share\" referrerpolicy=\"strict-origin-when-cross-origin\" allowfullscreen><\/iframe><\/p>\n<\/div>\n<\/div>\n<\/div>\n<\/div>\n<\/div>\n<\/div>\n<\/div>\n<div class=\"vc_row wpb_row vc_row-fluid\">\n<div class=\"wpb_column vc_column_container vc_col-sm-12\">\n<div class=\"vc_column-inner\">\n<div class=\"wpb_wrapper\">\n<div class=\"wpb_text_column wpb_content_element\">\n<div class=\"wpb_wrapper\">\n<p>Caracteristici ale aparatului de cur\u0103\u021bat cu puls laser<\/p>\n<p>Dispozitivul de cur\u0103\u021bare cu laser cu impulsuri se deosebe\u0219te de dispozitivele de cur\u0103\u021bare cu laser continuu (CW) prin utilizarea unui cap de cur\u0103\u021bare inteligent cu oscila\u021bie dubl\u0103 \u0219i prin oferirea unei game impresionante de 8 moduri de cur\u0103\u021bare pentru a r\u0103spunde diferitelor aplica\u021bii. Acest sistem gestioneaz\u0103 eficient puterea de intrare prin ajustarea unor parametri precum l\u0103\u021bimea \u0219i frecven\u021ba impulsurilor, men\u021bin\u00e2nd temperaturi optime pentru piesa de prelucrat \u0219i minimiz\u00e2nd \u00een acela\u0219i timp pierderea de energie, ceea ce spore\u0219te eficien\u021ba general\u0103.<\/p>\n<p>Design u\u0219or de utilizat: Proiectat \u021bin\u00e2nd cont de comoditate, acest aparat de cur\u0103\u021bat cu laser include un cablu de fibr\u0103 optic\u0103 lung de 5 metri care ofer\u0103 flexibilitate pentru func\u021bionare f\u0103r\u0103 limit\u0103ri spa\u021biale. Ma\u0219ina cu laser BOGONG dispune de dou\u0103 ecrane tactile - unul pe capul laser \u0219i altul pe cabinetul ma\u0219inii - permi\u021b\u00e2nd reglarea u\u0219oar\u0103 a parametrilor. Interfa\u021ba sa IO extins\u0103 permite integrarea f\u0103r\u0103 probleme cu manipulatoare pentru sarcini de cur\u0103\u021bare automat\u0103. \u00cen plus, sunt incluse manuale cuprinz\u0103toare \u00een limba englez\u0103 \u0219i videoclipuri de instruire pentru a asigura o curb\u0103 de \u00eenv\u0103\u021bare u\u0219oar\u0103 \u0219i rapid\u0103 pentru utilizatorii acestui aparat laser de \u00eendep\u0103rtare a ruginii.<\/p>\n<p>Versatilitate monomodal\u0103: Opera\u021biunea pulsat\u0103 monomodal\u0103, ca \u0219i ma\u0219ina de cur\u0103\u021bat cu laser de 2mJ, este foarte adaptabil\u0103 \u0219i potrivit\u0103 pentru diverse aplica\u021bii, inclusiv cur\u0103\u021barea suprafe\u021belor metalice, a pieselor auto, a pietrei, a lemnului, a plasticului \u0219i a altor materiale care necesit\u0103 cur\u0103\u021bare de mare putere. Este deosebit de eficient \u00een abordarea lucr\u0103rilor dificile cu aderen\u021b\u0103 puternic\u0103, cum ar fi rugina grea, straturile de oxid \u0219i vopseaua groas\u0103.<\/p>\n<p>Precizie multimodal\u0103: Func\u021bionarea multimodal\u0103 pulsat\u0103, cu o capacitate de 15mJ, este perfect\u0103 pentru sarcini de \u00eenalt\u0103 precizie, precum cur\u0103\u021barea pieselor delicate, \u00eentre\u021binerea echipamentelor electronice \u0219i tratarea microcomponentelor. Este special conceput\u0103 pentru a face fa\u021b\u0103 scenariilor care implic\u0103 aderen\u021b\u0103 u\u0219oar\u0103, contaminan\u021bi u\u0219or de \u00eendep\u0103rtat \u0219i rugin\u0103 u\u0219oar\u0103, ceea ce o face o alegere ideal\u0103 pentru aplica\u021bii \u00een care evitarea deterior\u0103rii este esen\u021bial\u0103, cum ar fi cur\u0103\u021barea matri\u021belor.<\/p>\n<\/div>\n<\/div>\n<\/div>\n<\/div>\n<\/div>\n<\/div>\n<div class=\"vc_row wpb_row vc_row-fluid\">\n<div class=\"wpb_column vc_column_container vc_col-sm-12\">\n<div class=\"vc_column-inner\">\n<div class=\"wpb_wrapper\">\n<div class=\"wpb_text_column wpb_content_element\">\n<div class=\"wpb_wrapper\">\n<h3>De ce s\u0103 alege\u021bi Bogong Laser Cleaning Machine<\/h3>\n<ul>\n<li>With extensive experience in laser cleaning technology, we specialize in delivering advanced solutions customized to meet your specific requirements. Our team of expert engineers and technicians possesses deep industry knowledge, ensuring you receive the ideal\u00a0laser cleaning machine\u00a0tailored for your unique applications.<\/li>\n<li>Am salvat deja parametrul pentru \u00eendep\u0103rtarea ruginii, vopsirea etc., pute\u021bi \u00eencepe cur\u0103\u021barea cu laser cu u\u0219urin\u021b\u0103 dup\u0103 ce a\u021bi primit-o.<\/li>\n<li>Bogong nu numai c\u0103 ofer\u0103 dispozitive laser de \u00eenalt\u0103 calitate, dar \u0219i cele mai bune servicii post-v\u00e2nzare \u00een ultimii ani.<\/li>\n<\/ul>\n<\/div>\n<\/div>\n<\/div>\n<\/div>\n<\/div>\n<\/div>\n<div class=\"vc_row wpb_row vc_row-fluid\">\n<div class=\"wpb_column vc_column_container vc_col-sm-12\">\n<div class=\"vc_column-inner\">\n<div class=\"wpb_wrapper\">\n<div class=\"wpb_video_widget wpb_content_element vc_clearfix vc_video-aspect-ratio-169 vc_video-el-width-80 vc_video-align-left\">\n<div class=\"wpb_wrapper\">\n<h2 class=\"wpb_heading wpb_video_heading\">Diferen\u021ba dintre cur\u0103\u021b\u0103torul cu laser cu impulsuri \u0219i cur\u0103\u021b\u0103torul cu laser CW<\/h2>\n<div class=\"wpb_video_wrapper\">\n<p><iframe title=\"300W vs 500W Pulse Laser Cleaner | Diferite \u00eentre 300W \u0219i 500W Laser Cleaning Machine\" width=\"1290\" height=\"726\" src=\"https:\/\/www.youtube.com\/embed\/qm112yLfgfM?feature=oembed\" frameborder=\"0\" allow=\"accelerometer; autoplay; clipboard-write; encrypted-media; gyroscope; picture-in-picture; web-share\" referrerpolicy=\"strict-origin-when-cross-origin\" allowfullscreen><\/iframe><\/p>\n<\/div>\n<\/div>\n<\/div>\n<\/div>\n<\/div>\n<\/div>\n<\/div>\n<div class=\"vc_row wpb_row vc_row-fluid\">\n<div class=\"wpb_column vc_column_container vc_col-sm-12\">\n<div class=\"vc_column-inner\">\n<div class=\"wpb_wrapper\">\n<div class=\"wpb_text_column wpb_content_element\">\n<div class=\"wpb_wrapper\">\n<h2>Cum func\u021bioneaz\u0103 ma\u0219ina de cur\u0103\u021bat cu laser cu puls?<\/h2>\n<p>Ma\u0219ina de cur\u0103\u021bat cu laser cu puls utilizeaz\u0103 tehnologia laser avansat\u0103 pentru a \u00eendep\u0103rta eficient contaminan\u021bii de pe suprafe\u021be. Iat\u0103 o scurt\u0103 prezentare general\u0103 a modului \u00een care func\u021bioneaz\u0103:<\/p>\n<ol>\n<li><strong>Emisie laser<\/strong>: Genereaz\u0103 un fascicul laser pulsat puternic care emite rafale scurte de energie pentru o cur\u0103\u021bare precis\u0103.<\/li>\n<li><strong>Cur\u0103\u021bare direc\u021bionat\u0103<\/strong>: Atunci c\u00e2nd este \u00eendreptat\u0103 c\u0103tre o suprafa\u021b\u0103, energia laserului este absorbit\u0103 de contaminan\u021bi precum rugina sau vopseaua.<\/li>\n<li><strong>Vaporizare<\/strong>: Energia absorbit\u0103 \u00eenc\u0103lze\u0219te rapid contaminan\u021bii, determin\u00e2ndu-i s\u0103 se vaporizeze f\u0103r\u0103 a deteriora materialul de baz\u0103.<\/li>\n<li><strong>Eliminarea selectiv\u0103<\/strong>: Procesul vizeaz\u0103 selectiv numai contaminan\u021bii, p\u0103str\u00e2nd integritatea suprafe\u021bei.<\/li>\n<li><strong>Set\u0103ri reglabile<\/strong>: Dispune de set\u0103ri de putere personalizabile \u0219i op\u021biuni de focalizare pentru diferite suprafe\u021be \u0219i niveluri de contaminare.<\/li>\n<\/ol>\n<p>\u00cen general, ma\u0219ina de cur\u0103\u021bat cu laser cu puls ofer\u0103 o solu\u021bie eficient\u0103, precis\u0103 \u0219i versatil\u0103 pentru aplica\u021biile de cur\u0103\u021bare industrial\u0103.<\/p>\n<\/div>\n<\/div>\n<\/div>\n<\/div>\n<\/div>\n<\/div>\n<div class=\"vc_row wpb_row vc_row-fluid\">\n<div class=\"wpb_column vc_column_container vc_col-sm-12\">\n<div class=\"vc_column-inner\">\n<div class=\"wpb_wrapper\">\n<div class=\"wpb_single_image wpb_content_element vc_align_left wpb_content_element\">\n<figure class=\"wpb_wrapper vc_figure\">\n<div class=\"vc_single_image-wrapper vc_box_border_grey\"><img decoding=\"async\" class=\"vc_single_image-img attachment-full\" title=\"\u9ed1\u767d300w\u6e05\u6d17\u673a\u5de5\u5382\u7167\u7247\" src=\"https:\/\/bogonglaser.com\/wp-content\/uploads\/2024\/11\/%E9%BB%91%E7%99%BD300w%E6%B8%85%E6%B4%97%E6%9C%BA%E5%B7%A5%E5%8E%82%E7%85%A7%E7%89%87.png\" sizes=\"auto, (max-width: 800px) 100vw, 800px\" srcset=\"https:\/\/bogonglaser.com\/wp-content\/uploads\/2024\/11\/\u9ed1\u767d300w\u6e05\u6d17\u673a\u5de5\u5382\u7167\u7247.png 800w, https:\/\/bogonglaser.com\/wp-content\/uploads\/2024\/11\/\u9ed1\u767d300w\u6e05\u6d17\u673a\u5de5\u5382\u7167\u7247-300x225.png 300w, https:\/\/bogonglaser.com\/wp-content\/uploads\/2024\/11\/\u9ed1\u767d300w\u6e05\u6d17\u673a\u5de5\u5382\u7167\u7247-768x576.png 768w, https:\/\/bogonglaser.com\/wp-content\/uploads\/2024\/11\/\u9ed1\u767d300w\u6e05\u6d17\u673a\u5de5\u5382\u7167\u7247-600x450.png 600w\" alt=\"\u9ed1\u767d300w\u6e05\u6d17\u673a\u5de5\u5382\u7167\u7247\" width=\"800\" height=\"600\" \/><\/div>\n<\/figure>\n<\/div>\n<\/div>\n<\/div>\n<\/div>\n<\/div>\n<div class=\"vc_row wpb_row vc_row-fluid\">\n<div class=\"wpb_column vc_column_container vc_col-sm-12\">\n<div class=\"vc_column-inner\">\n<div class=\"wpb_wrapper\">\n<div class=\"wpb_text_column wpb_content_element\">\n<div class=\"wpb_wrapper\">\n<h3>Cum s\u0103 alege\u021bi ma\u0219ina de cur\u0103\u021bare cu laser cu impulsuri potrivit\u0103<\/h3>\n<p>Alegerea ma\u0219inii de cur\u0103\u021bare cu laser cu puls potrivit va fi important\u0103 pentru afacerea dvs., cum s\u0103 v\u0103 asigura\u021bi c\u0103 ma\u0219ina v\u0103 satisface nevoile specifice. Iat\u0103 un ghid pentru a v\u0103 ajuta s\u0103 lua\u021bi o decizie \u00een cuno\u0219tin\u021b\u0103 de cauz\u0103:<\/p>\n<ol>\n<li><strong>Compatibilitatea materialelor<\/strong>: Determina\u021bi tipurile de materiale pe care inten\u021biona\u021bi s\u0103 le cur\u0103\u021ba\u021bi (de exemplu, rugin\u0103, vopsea, pe metal, lemn, acrilic etc.). Asigura\u021bi-v\u0103 c\u0103 ma\u0219ina pe care o alege\u021bi poate manipula eficient aceste materiale.<\/li>\n<li><strong>Tip laser<\/strong>: Diferite tipuri de laser 2mj, 5mj \u0219i 15mj, laser diferit, rezultat diferit.<\/li>\n<li><strong>Dimensiunea zonei de lucru<\/strong>: Evalua\u021bi dimensiunea zonei de cur\u0103\u021bare \u00een func\u021bie de proiectele pe care inten\u021biona\u021bi s\u0103 le \u00eentreprinde\u021bi. Asigura\u021bi-v\u0103 c\u0103 ma\u0219ina are o zon\u0103 de lucru adecvat\u0103 pentru articolele dvs. alege\u021bi obiectivul F-theta corect, v\u0103 rug\u0103m s\u0103 \u00eentreba\u021bi v\u00e2nz\u0103rile noastre despre acest lucru.<\/li>\n<li><strong>U\u0219urin\u021ba de utilizare<\/strong>: C\u0103uta\u021bi ma\u0219ini cu software u\u0219or de utilizat, care s\u0103 permit\u0103 proiectarea \u0219i operarea u\u0219oar\u0103.<\/li>\n<li><strong>Asisten\u021b\u0103 pentru clien\u021bi \u0219i garan\u021bie<\/strong>: Research the manufacturer\u2019s support options and warranty offered. Reliable customer service can be crucial for troubleshooting and maintenance.<\/li>\n<\/ol>\n<\/div>\n<\/div>\n<\/div>\n<\/div>\n<\/div>\n<\/div>\n<div class=\"vc_row wpb_row vc_row-fluid\">\n<div class=\"wpb_column vc_column_container vc_col-sm-12\">\n<div class=\"vc_column-inner\">\n<div class=\"wpb_wrapper\">\n<div class=\"wpb_text_column wpb_content_element\">\n<div class=\"wpb_wrapper\">\n<p>Condi\u021bii de plat\u0103<\/p>\n<p>1. Depozit \u0219i sold: Un depozit 30% T \/ T este necesar \u00een avans, cu soldul datorat \u00eenainte de expediere.<\/p>\n<p>2. Alibaba Trade Assurance: Pl\u0103\u021bile pot fi procesate prin Alibaba Trade Assurance.<\/p>\n<p>\u00centreb\u0103ri frecvente<\/p>\n<p>Ce este ambalajul<br \/>\nMa\u0219inile noastre sunt ambalate \u00eentr-o configura\u021bie cu trei straturi. Stratul exterior const\u0103 dintr-o lad\u0103 din lemn, stratul de mijloc este prev\u0103zut cu umplutur\u0103 din spum\u0103 pentru a proteja \u00eempotriva zdruncin\u0103turilor, iar stratul interior include o pung\u0103 groas\u0103 din plastic pentru impermeabilizare.<\/p>\n<p>Pachetul va fi deteriorat \u00een timpul transportului?<br \/>\nNe proiect\u0103m meticulos ambalajul pentru a aborda to\u021bi factorii poten\u021biali de deteriorare, iar agen\u021bii no\u0219tri de expediere au experien\u021b\u0103 \u00een transportul \u00een siguran\u021b\u0103. Am exportat cu succes \u00een 180 de \u021b\u0103ri, astfel \u00eenc\u00e2t pute\u021bi fi siguri c\u0103 coletul dvs. va ajunge \u00een condi\u021bii excelente.<\/p>\n<\/div>\n<\/div>\n<\/div>\n<\/div>\n<\/div>\n<\/div>\n<div class=\"vc_row wpb_row vc_row-fluid\">\n<div class=\"wpb_column vc_column_container vc_col-sm-12\">\n<div class=\"vc_column-inner\">\n<div class=\"wpb_wrapper\">\n<div class=\"wpb_text_column wpb_content_element\">\n<div class=\"wpb_wrapper\">\n<p>Most of customers like choose transport by UPS\/DHL express, it can arrive at destination about 5-7 days, contact with\u00a0BOGONG Laser\u00a0to get more detail about laser cleaner<\/p>\n<\/div>\n<\/div>\n<\/div>\n<\/div>\n<\/div>\n<\/div>","protected":false},"excerpt":{"rendered":"<h2>Ma\u0219in\u0103 de cur\u0103\u021bat cu laser cu puls cu laser Raycus Max JPT<\/h2>\n<p>V\u0103 prezent\u0103m ma\u0219ina noastr\u0103 de cur\u0103\u021bare cu laser de ultim\u0103 genera\u021bie, conceput\u0103 pentru aplica\u021bii eficiente de cur\u0103\u021bare a suprafe\u021belor materialelor. Este u\u0219or de configurat, utilizat \u0219i automatizat, ceea ce \u00eel face ideal pentru \u00eendep\u0103rtarea cu precizie a contaminan\u021bilor de suprafa\u021b\u0103, cum ar fi rugina, gr\u0103simea, vopseaua, grundul \u0219i altele.<\/p>\n<ul class=\"tips\">\n<li>300 seturi \/ lun\u0103 \u00cen a\u0219teptare pentru v\u00e2nzare \u00cen stoc<\/li>\n<li>Garan\u021bie limitat\u0103 de 2 ani pentru \u00eentreaga ma\u0219in\u0103<\/li>\n<li>3-5 zile preg\u0103tirea ma\u0219inii laser, 3-7 zile transport.<\/li>\n<li>Online (PayPal) \u0219i offline (T\/T, carduri de debit \u0219i de credit)<\/li>\n<\/ul>","protected":false},"featured_media":1975,"template":"","meta":{"_gspb_post_css":""},"product_brand":[],"product_cat":[94],"product_tag":[101,100],"class_list":{"0":"post-1974","1":"product","2":"type-product","3":"status-publish","4":"has-post-thumbnail","6":"product_cat-laser-cleaning-machine","7":"product_tag-laser-cleaner","8":"product_tag-laser-cleaning-machine","10":"first","11":"instock","12":"shipping-taxable","13":"product-type-simple"},"_links":{"self":[{"href":"https:\/\/bogonglaser.com\/ro\/wp-json\/wp\/v2\/product\/1974","targetHints":{"allow":["GET"]}}],"collection":[{"href":"https:\/\/bogonglaser.com\/ro\/wp-json\/wp\/v2\/product"}],"about":[{"href":"https:\/\/bogonglaser.com\/ro\/wp-json\/wp\/v2\/types\/product"}],"wp:featuredmedia":[{"embeddable":true,"href":"https:\/\/bogonglaser.com\/ro\/wp-json\/wp\/v2\/media\/1975"}],"wp:attachment":[{"href":"https:\/\/bogonglaser.com\/ro\/wp-json\/wp\/v2\/media?parent=1974"}],"wp:term":[{"taxonomy":"product_brand","embeddable":true,"href":"https:\/\/bogonglaser.com\/ro\/wp-json\/wp\/v2\/product_brand?post=1974"},{"taxonomy":"product_cat","embeddable":true,"href":"https:\/\/bogonglaser.com\/ro\/wp-json\/wp\/v2\/product_cat?post=1974"},{"taxonomy":"product_tag","embeddable":true,"href":"https:\/\/bogonglaser.com\/ro\/wp-json\/wp\/v2\/product_tag?post=1974"}],"curies":[{"name":"wp","href":"https:\/\/api.w.org\/{rel}","templated":true}]}}