{"id":1965,"date":"2024-11-25T13:11:58","date_gmt":"2024-11-25T05:11:58","guid":{"rendered":"https:\/\/bogonglaser.com\/?post_type=product&#038;p=1965"},"modified":"2025-12-10T17:15:29","modified_gmt":"2025-12-10T09:15:29","slug":"all-in-one-fiber-laser-marking-machine","status":"publish","type":"product","link":"https:\/\/bogonglaser.com\/ro\/all-in-one-fiber-laser-marking-machine\/","title":{"rendered":"Ma\u0219in\u0103 de marcat cu laser cu fibr\u0103 optic\u0103 All-in-One"},"content":{"rendered":"<p>V\u0103 prezent\u0103m ma\u0219ina de marcat cu laser ALL-in-One, un marker compact cu laser cu fibr\u0103 optic\u0103 all-in-one proiectat pentru putere \u0219i versatilitate. Fie c\u0103 trebuie s\u0103 marca\u021bi logo-uri, coduri de bare, numere de serie sau modele complicate, acest aparat ofer\u0103 rezultate remarcabile \u00eentr-o varietate de aplica\u021bii.<\/p>\n<p>\u00cen ciuda dimensiunilor sale mici, modelul all-in-one are o putere mare, fiind ideal pentru spa\u021bii \u00eenguste \u0219i proiecte de marcare mai mici. Designul s\u0103u u\u0219or \u0219i portabil permite o manevrabilitate u\u0219oar\u0103, asigur\u00e2nd marcaje precise \u0219i exacte de fiecare dat\u0103. \u00cen plus, func\u021bioneaz\u0103 la viteze mari, cu o eficien\u021b\u0103 excep\u021bional\u0103.<\/p>\n<p>Acest aparat este o alegere excelent\u0103 pentru \u00eentreprinderile mici, atelierele \u0219i pasiona\u021bii de bricolaj care caut\u0103 o solu\u021bie de marcare fiabil\u0103 care nu compromite performan\u021ba din cauza spa\u021biului limitat. Dac\u0103 ave\u021bi nevoie de un marker laser cu fibr\u0103 eficient\u0103 care s\u0103 se potriveasc\u0103 perfect spa\u021biului dvs. de lucru, aceasta este op\u021biunea ideal\u0103 pentru dvs.<\/p>\n<figure id=\"attachment_7447\" aria-describedby=\"caption-attachment-7447\" style=\"width: 300px\" class=\"wp-caption alignnone\"><img decoding=\"async\" class=\"size-medium wp-image-7447\" src=\"https:\/\/bogonglaser.com\/wp-content\/uploads\/2024\/11\/2D-mini-all-in-one-PC-factory-photos-1-300x300.jpg\" alt=\"2D mini all-in-one PC fotografii din fabric\u0103\" width=\"300\" height=\"300\" title=\"\" srcset=\"https:\/\/bogonglaser.com\/wp-content\/uploads\/2024\/11\/2D-mini-all-in-one-PC-factory-photos-1-300x300.jpg 300w, https:\/\/bogonglaser.com\/wp-content\/uploads\/2024\/11\/2D-mini-all-in-one-PC-factory-photos-1-100x100.jpg 100w, https:\/\/bogonglaser.com\/wp-content\/uploads\/2024\/11\/2D-mini-all-in-one-PC-factory-photos-1-600x600.jpg 600w, https:\/\/bogonglaser.com\/wp-content\/uploads\/2024\/11\/2D-mini-all-in-one-PC-factory-photos-1-150x150.jpg 150w, https:\/\/bogonglaser.com\/wp-content\/uploads\/2024\/11\/2D-mini-all-in-one-PC-factory-photos-1-768x768.jpg 768w, https:\/\/bogonglaser.com\/wp-content\/uploads\/2024\/11\/2D-mini-all-in-one-PC-factory-photos-1-12x12.jpg 12w, https:\/\/bogonglaser.com\/wp-content\/uploads\/2024\/11\/2D-mini-all-in-one-PC-factory-photos-1.jpg 1000w\" sizes=\"(max-width: 300px) 100vw, 300px\" \/><figcaption id=\"caption-attachment-7447\" class=\"wp-caption-text\">2D mini all-in-one PC fotografii din fabric\u0103<\/figcaption><\/figure>\n<p>Iat\u0103 principalele caracteristici ale ma\u0219inii de marcat cu laser cu fibre:<\/p>\n<p>1. Surs\u0103 laser cu fibr\u0103 optic\u0103: Acest aparat este disponibil cu niveluri op\u021bionale de putere de 20W, 30W, 50W sau 60W, folosind surse laser cu fibr\u0103 de \u00eenalt\u0103 calitate de la JPT, Raycus sau IPG. Aceasta ofer\u0103 o claritate excelent\u0103 a fasciculului laser \u0219i o durat\u0103 lung\u0103 de via\u021b\u0103 de p\u00e2n\u0103 la 100 000 de ore.<\/p>\n<p>2. Sistem de scanare galvanometric\u0103 digital\u0103: Echipat cu un sistem de scanare laser importat de mare vitez\u0103, acest aparat poate atinge viteze de marcare de p\u00e2n\u0103 la 8.000 mm\/s, asigur\u00e2nd o func\u021bionare eficient\u0103.<\/p>\n<p>3. Suport pentru afi\u0219aj PC: Axa Z poate fi reglat\u0103 p\u00e2n\u0103 la 700 mm, ceea ce \u00eel face ideal pentru marcarea pe materiale groase sau \u00eenalte.<\/p>\n<p>4. Comutator de control: Panoul de control u\u0219or de utilizat include o oprire de urgen\u021b\u0103, un comutator cu cheie \u0219i un comutator de alimentare, permi\u021b\u00e2nd identificarea \u0219i operarea u\u0219oar\u0103.<\/p>\n<p>5. Sistem de ridicare: Ma\u0219ina are o roti\u021b\u0103 de m\u00e2n\u0103 pentru reglarea u\u0219oar\u0103 a distan\u021bei de focalizare a laserului, simplific\u00e2nd procesul de operare.<\/p>\n<p>6. V\u00e2rf cu lumin\u0103 ro\u0219ie: Aceast\u0103 caracteristic\u0103 util\u0103 indic\u0103 zona de marcare \u00eenainte de \u00eenceperea marc\u0103rii cu laser propriu-zise, \u00eembun\u0103t\u0103\u021bind precizia.<\/p>\n<p>7. Software de marcare cu laser: Software-ul de marcare EZCAD vine cu capacit\u0103\u021bi puternice de editare, permi\u021b\u00e2ndu-v\u0103 s\u0103 marca\u021bi coduri QR, numere de serie \u0219i diverse logo-uri. Acesta accept\u0103 formatele de fi\u0219iere DXF \u0219i PLT \u0219i include un manual de utilizare detaliat \u00een limba englez\u0103 pentru a v\u0103 ghida prin fiecare pas.<\/p>\n<p>8. Lentile de scanare F-theta: Ma\u0219ina este echipat\u0103 cu o lentil\u0103 Singapore Ronar-Smith F-theta, asigur\u00e2nd c\u0103 \u00een\u0103l\u021bimea c\u00e2mpului de imagine este aproape propor\u021bional\u0103 cu unghiul de scanare. Aceasta men\u021bine o distorsiune a liniarit\u0103\u021bii mai mic\u0103 de 1% f\u0103r\u0103 corec\u021bie software, ceea ce \u00eenseamn\u0103 o distorsiune minim\u0103 pentru rezultate clare. \u00cen plus, lentila dispune de acoperiri AR cu transmisie ridicat\u0103 pentru a reduce pierderea de putere \u0219i a cre\u0219te randamentul.<\/p>\n<p>Cu aceste caracteristici avansate, sistemul <a href=\"https:\/\/bogonglaser.com\/ro\/fiber-laser-cutter\/\">Fiber Laser Marcare ma\u0219in\u0103<\/a> este proiectat pentru precizie, eficien\u021b\u0103 \u0219i u\u0219urin\u021b\u0103 \u00een utilizare.<\/p>\n<p><iframe title=\"Ma\u0219in\u0103 de marcat cu laser mic\u0103, all-in-one, de v\u00e2nzare\" width=\"1290\" height=\"726\" src=\"https:\/\/www.youtube.com\/embed\/znNbIXDhuHE?feature=oembed\" frameborder=\"0\" allow=\"accelerometer; autoplay; clipboard-write; encrypted-media; gyroscope; picture-in-picture; web-share\" referrerpolicy=\"strict-origin-when-cross-origin\" allowfullscreen><\/iframe><\/p>\n<p>Aplica\u021bie: Ma\u0219in\u0103 de marcat cu laser All-In-One pentru metal, sticl\u0103, plastic \u0219i altele.<\/p>\n<p>Ma\u0219inile noastre de marcat cu laser ofer\u0103 o solu\u021bie versatil\u0103 \u0219i eficient\u0103 pentru marcarea unei variet\u0103\u021bi de materiale precum metalul, plasticul \u0219i altele. Fie c\u0103 trebuie s\u0103 grava\u021bi logo-uri, numere de serie sau desene complicate, laserul nostru adaptabil poate aborda numeroase aplica\u021bii, sporind productivitatea \u0219i asigur\u00e2nd \u00een acela\u0219i timp o calitate constant\u0103 pe diferite suprafe\u021be.<\/p>\n<p><iframe title=\"Mic All-in-one Fiber Laser Marking Machine | 20W 30W Metal Plastic Laser Marker Printer Engraver\" width=\"1290\" height=\"726\" src=\"https:\/\/www.youtube.com\/embed\/1gUXk1ygblo?feature=oembed\" frameborder=\"0\" allow=\"accelerometer; autoplay; clipboard-write; encrypted-media; gyroscope; picture-in-picture; web-share\" referrerpolicy=\"strict-origin-when-cross-origin\" allowfullscreen><\/iframe><\/p>\n<h2>Ce putem face pentru dumneavoastr\u0103?<\/h2>\n<ul>\n<li><span class=\"magic-19\"><b class=\"magic-19\"><span class=\"magic-18\">Probe de testare gratuite -<\/span><\/b><span class=\"magic-20\" data-spm-anchor-id=\"a2700.details.0.i41.41d82402R4aegi\">Putem efectua teste gratuite privind efectul de marcare \u00een func\u021bie de materialul produsului dvs.<\/span><\/span><\/li>\n<li><span class=\"magic-19\"><b class=\"magic-19\"><span class=\"magic-18\">Video Live-<\/span><\/b><span class=\"magic-20\">V\u0103 pute\u021bi conecta cu consultan\u021bii no\u0219tri de v\u00e2nz\u0103ri pentru a viziona procesul de produc\u021bie \u0219i func\u021bionarea ma\u0219inii \u00een video online.<\/span><\/span><\/li>\n<li><span class=\"magic-19\"><b class=\"magic-19\"><span class=\"magic-18\">Personalizat \/OEM-<\/span><\/b><span class=\"magic-20\" data-spm-anchor-id=\"a2700.details.0.i40.41d82402R4aegi\">Ma\u0219ini personalizate la cerere\uff0cContacta\u021bi-ne<\/span><\/span><\/li>\n<li>\n<p><figure id=\"attachment_7449\" aria-describedby=\"caption-attachment-7449\" style=\"width: 300px\" class=\"wp-caption alignnone\"><img decoding=\"async\" class=\"size-medium wp-image-7449\" src=\"https:\/\/bogonglaser.com\/wp-content\/uploads\/2024\/11\/2D-mini-all-in-one-PC-factory-photos-2-300x225.png\" alt=\"2D mini all-in-one PC fotografii din fabric\u0103\" width=\"300\" height=\"225\" title=\"\" srcset=\"https:\/\/bogonglaser.com\/wp-content\/uploads\/2024\/11\/2D-mini-all-in-one-PC-factory-photos-2-300x225.png 300w, https:\/\/bogonglaser.com\/wp-content\/uploads\/2024\/11\/2D-mini-all-in-one-PC-factory-photos-2-600x450.png 600w, https:\/\/bogonglaser.com\/wp-content\/uploads\/2024\/11\/2D-mini-all-in-one-PC-factory-photos-2-768x576.png 768w, https:\/\/bogonglaser.com\/wp-content\/uploads\/2024\/11\/2D-mini-all-in-one-PC-factory-photos-2-16x12.png 16w, https:\/\/bogonglaser.com\/wp-content\/uploads\/2024\/11\/2D-mini-all-in-one-PC-factory-photos-2.png 800w\" sizes=\"(max-width: 300px) 100vw, 300px\" \/><figcaption id=\"caption-attachment-7449\" class=\"wp-caption-text\">2D mini all-in-one PC fotografii din fabric\u0103<\/figcaption><\/figure><\/li>\n<\/ul>\n<p>Condi\u021bii de plat\u0103<\/p>\n<p>1. Depozit \u0219i sold: Un depozit 30% T \/ T este necesar \u00een avans, cu soldul datorat \u00eenainte de expediere.<\/p>\n<p>2. Alibaba Trade Assurance: Pl\u0103\u021bile pot fi procesate prin Alibaba Trade Assurance.<\/p>\n<p>\u00centreb\u0103ri frecvente pentru <a href=\"https:\/\/bogonglaser.com\/ro\/fiber-laser-cutter\/\">Fiber Laser Marcare ma\u0219in\u0103<\/a><\/p>\n<p>Care este ambalajul pentru ma\u0219ina de marcat cu laser cu fibre?<br \/>\nMa\u0219inile noastre sunt ambalate \u00eentr-o configura\u021bie cu trei straturi. Stratul exterior const\u0103 dintr-o lad\u0103 din lemn, stratul de mijloc este prev\u0103zut cu umplutur\u0103 din spum\u0103 pentru a proteja \u00eempotriva zdruncin\u0103turilor, iar stratul interior include o pung\u0103 groas\u0103 din plastic pentru impermeabilizare.<\/p>\n<p>Pachetul va fi deteriorat \u00een timpul transportului?<br \/>\nWe meticulously design our packaging to address all potential damage factors, and our shipping agents are experienced in safe transportation. We have successfully exported to 180 countries, so you can rest assured that your parcel will arrive in excellent condition<\/p>\n<p>Pute\u021bi g\u0103si mai multe feedback-uri ale clien\u021bilor de pe canalul youtube BOGONG.<\/p>\n<figure id=\"attachment_7448\" aria-describedby=\"caption-attachment-7448\" style=\"width: 300px\" class=\"wp-caption alignnone\"><img decoding=\"async\" class=\"size-medium wp-image-7448\" src=\"https:\/\/bogonglaser.com\/wp-content\/uploads\/2024\/11\/2D-mini-all-in-one-PC-factory-photos-1-300x225.png\" alt=\"2D mini all-in-one PC fotografii din fabric\u0103\" width=\"300\" height=\"225\" title=\"\" srcset=\"https:\/\/bogonglaser.com\/wp-content\/uploads\/2024\/11\/2D-mini-all-in-one-PC-factory-photos-1-300x225.png 300w, https:\/\/bogonglaser.com\/wp-content\/uploads\/2024\/11\/2D-mini-all-in-one-PC-factory-photos-1-600x450.png 600w, https:\/\/bogonglaser.com\/wp-content\/uploads\/2024\/11\/2D-mini-all-in-one-PC-factory-photos-1-768x576.png 768w, https:\/\/bogonglaser.com\/wp-content\/uploads\/2024\/11\/2D-mini-all-in-one-PC-factory-photos-1-16x12.png 16w, https:\/\/bogonglaser.com\/wp-content\/uploads\/2024\/11\/2D-mini-all-in-one-PC-factory-photos-1.png 800w\" sizes=\"(max-width: 300px) 100vw, 300px\" \/><figcaption id=\"caption-attachment-7448\" class=\"wp-caption-text\">2D mini all-in-one PC fotografii din fabric\u0103<\/figcaption><\/figure>\n<p>Majoritatea clien\u021bilor aleg transportul prin UPS\/DHL express, poate ajunge la destina\u021bie \u00een aproximativ 5-7 zile, contacta\u021bi cu <a href=\"https:\/\/bogonglaser.com\/ro\/\">Laser BOGONG<\/a> to get more detail about fiber laser marking Machine.<\/p>","protected":false},"excerpt":{"rendered":"<h2>Ma\u0219in\u0103 de marcat cu laser All-in-One<\/h2>\n<p>Ma\u0219ina de marcat cu laser all-in-one este conceput\u0103 pentru crearea de bijuterii personalizate, inclusiv inele, cercei, br\u0103\u021b\u0103ri, pandantive, coliere, bro\u0219e, butoni, etc. Func\u021bioneaz\u0103 cu o varietate de materiale, cum ar fi o\u021bel inoxidabil, titan, aluminiu, cupru, alam\u0103, aliaje, argint \u0219i aur, permi\u021b\u00e2ndu-v\u0103 s\u0103 grava\u021bi nume, logo-uri, semne, litere, numere, modele \u0219i fotografii. Aceast\u0103 ma\u0219in\u0103 de marcat cu laser all ine one este acum disponibil\u0103 pentru v\u00e2nzare la un pre\u021b accesibil, ceea ce o face o op\u021biune excelent\u0103 pentru bugetul dvs.<\/p>\n<ul class=\"tips\">\n<li>350 Seturi \/ lun\u0103 \u00cen a\u0219teptare pentru v\u00e2nzare \u00cen stoc<\/li>\n<li>Garan\u021bie limitat\u0103 de 2 ani pentru \u00eentreaga ma\u0219in\u0103<\/li>\n<li>3-5 zile preg\u0103tirea ma\u0219inii laser, 3-7 zile transport.<\/li>\n<li>Online (PayPal) \u0219i offline (T\/T, carduri de debit \u0219i de credit)<\/li>\n<\/ul>","protected":false},"featured_media":1966,"template":"","meta":{"_gspb_post_css":""},"product_brand":[],"product_cat":[97,93,96],"product_tag":[104,102],"class_list":{"0":"post-1965","1":"product","2":"type-product","3":"status-publish","4":"has-post-thumbnail","6":"product_cat-fiber-laser-marker","7":"product_cat-laser-engraving-machine","8":"product_cat-laser-marking-machine","9":"product_tag-laser-marker","10":"product_tag-laser-marking-machine","12":"first","13":"instock","14":"shipping-taxable","15":"product-type-simple"},"_links":{"self":[{"href":"https:\/\/bogonglaser.com\/ro\/wp-json\/wp\/v2\/product\/1965","targetHints":{"allow":["GET"]}}],"collection":[{"href":"https:\/\/bogonglaser.com\/ro\/wp-json\/wp\/v2\/product"}],"about":[{"href":"https:\/\/bogonglaser.com\/ro\/wp-json\/wp\/v2\/types\/product"}],"wp:featuredmedia":[{"embeddable":true,"href":"https:\/\/bogonglaser.com\/ro\/wp-json\/wp\/v2\/media\/1966"}],"wp:attachment":[{"href":"https:\/\/bogonglaser.com\/ro\/wp-json\/wp\/v2\/media?parent=1965"}],"wp:term":[{"taxonomy":"product_brand","embeddable":true,"href":"https:\/\/bogonglaser.com\/ro\/wp-json\/wp\/v2\/product_brand?post=1965"},{"taxonomy":"product_cat","embeddable":true,"href":"https:\/\/bogonglaser.com\/ro\/wp-json\/wp\/v2\/product_cat?post=1965"},{"taxonomy":"product_tag","embeddable":true,"href":"https:\/\/bogonglaser.com\/ro\/wp-json\/wp\/v2\/product_tag?post=1965"}],"curies":[{"name":"wp","href":"https:\/\/api.w.org\/{rel}","templated":true}]}}