{"id":1904,"date":"2024-11-21T14:41:07","date_gmt":"2024-11-21T06:41:07","guid":{"rendered":"https:\/\/bogonglaser.com\/?post_type=product&#038;p=1904"},"modified":"2025-12-10T18:07:16","modified_gmt":"2025-12-10T10:07:16","slug":"cw-laser-cleaning-machine","status":"publish","type":"product","link":"https:\/\/bogonglaser.com\/ro\/cw-laser-cleaning-machine\/","title":{"rendered":"Ma\u0219in\u0103 de cur\u0103\u021bare cu laser CW"},"content":{"rendered":"<div class=\"vc_row wpb_row vc_row-fluid\">\n<div class=\"wpb_column vc_column_container vc_col-sm-12\">\n<div class=\"vc_column-inner\">\n<div class=\"wpb_wrapper\">\n<div class=\"wpb_text_column wpb_content_element\">\n<div class=\"wpb_wrapper\">\n<p>The CW fiber\u00a0laser cleaning machine\u00a0makes it easy to remove organic pollutants and inorganic materials like metal corrosion, metal particles, and dust from a variety of surfaces, including metal, plastic, ceramics, glass, stone, and concrete.<\/p>\n<p>It\u2019s perfect for cleaning large areas, such as big steel structures or pipes.<\/p>\n<p>Acest dispozitiv avansat de cur\u0103\u021bare cu laser func\u021bioneaz\u0103 \u00een modul f\u0103r\u0103 contact \u0219i nu necesit\u0103 agen\u021bi chimici, asigur\u00e2nd o cur\u0103\u021bare eficient\u0103 \u0219i ecologic\u0103.<\/p>\n<\/div>\n<\/div>\n<\/div>\n<\/div>\n<\/div>\n<\/div>\n<div class=\"vc_row wpb_row vc_row-fluid\">\n<div class=\"wpb_column vc_column_container vc_col-sm-12\">\n<div class=\"vc_column-inner\">\n<div class=\"wpb_wrapper\">\n<div class=\"wpb_single_image wpb_content_element vc_align_left wpb_content_element\">\n<figure class=\"wpb_wrapper vc_figure\">\n<div class=\"vc_single_image-wrapper   vc_box_border_grey\"><img decoding=\"async\" class=\"vc_single_image-img attachment-full\" title=\"LASER WELDER\" src=\"https:\/\/bogonglaser.com\/wp-content\/uploads\/2024\/11\/LASER-WELDER.jpg\" sizes=\"auto, (max-width: 700px) 100vw, 700px\" srcset=\"https:\/\/bogonglaser.com\/wp-content\/uploads\/2024\/11\/LASER-WELDER.jpg 700w, https:\/\/bogonglaser.com\/wp-content\/uploads\/2024\/11\/LASER-WELDER-300x169.jpg 300w, https:\/\/bogonglaser.com\/wp-content\/uploads\/2024\/11\/LASER-WELDER-600x338.jpg 600w\" alt=\"LASER WELDER\" width=\"700\" height=\"394\" \/><\/div>\n<\/figure>\n<\/div>\n<\/div>\n<\/div>\n<\/div>\n<\/div>\n<div class=\"vc_row wpb_row vc_row-fluid\">\n<div class=\"wpb_column vc_column_container vc_col-sm-12\">\n<div class=\"vc_column-inner\">\n<div class=\"wpb_wrapper\">\n<div class=\"wpb_text_column wpb_content_element\">\n<div class=\"wpb_wrapper\">\n<p>Whether it\u2019s removing rust from bridges or cleaning large metal facilities like stadiums and factories, Bogong 2000W\/3000W laser cleaning machine is perfect for a variety of industrial cleaning tasks. With the latest generation of industrial cleaning technology, you\u2019ll benefit from enhanced efficiency and safety.<\/p>\n<p>BOGONG CW Fiber Laser Rust Removal and Cleaning Machine is designed for durability, it delivers exceptional surface cleaning that can elevate your production processes. invest in the 2000W\/3000W\u00a0CW Fiber Laser Cleaning Machine\u00a0and see how laser cleaning technology can transform your operations. Boost your productivity, maintain safety, and meet environmental standards with this vital tool for any forward-thinking business.<\/p>\n<\/div>\n<\/div>\n<\/div>\n<\/div>\n<\/div>\n<\/div>\n<div class=\"vc_row wpb_row vc_row-fluid\">\n<div class=\"wpb_column vc_column_container vc_col-sm-12\">\n<div class=\"vc_column-inner\">\n<div class=\"wpb_wrapper\">\n<div class=\"wpb_single_image wpb_content_element vc_align_left wpb_content_element\">\n<figure class=\"wpb_wrapper vc_figure\">\n<div class=\"vc_single_image-wrapper   vc_box_border_grey\"><img decoding=\"async\" class=\"vc_single_image-img attachment-full\" title=\"cur\u0103\u021b\u0103tor laser portabil\" src=\"https:\/\/bogonglaser.com\/wp-content\/uploads\/2024\/11\/handheld-laser-cleaner.jpg\" sizes=\"auto, (max-width: 700px) 100vw, 700px\" srcset=\"https:\/\/bogonglaser.com\/wp-content\/uploads\/2024\/11\/handheld-laser-cleaner.jpg 700w, https:\/\/bogonglaser.com\/wp-content\/uploads\/2024\/11\/handheld-laser-cleaner-300x169.jpg 300w, https:\/\/bogonglaser.com\/wp-content\/uploads\/2024\/11\/handheld-laser-cleaner-600x338.jpg 600w\" alt=\"cur\u0103\u021b\u0103tor laser portabil\" width=\"700\" height=\"394\" \/><\/div>\n<\/figure>\n<\/div>\n<\/div>\n<\/div>\n<\/div>\n<\/div>\n<div class=\"vc_row wpb_row vc_row-fluid\">\n<div class=\"wpb_column vc_column_container vc_col-sm-12\">\n<div class=\"vc_column-inner\">\n<div class=\"wpb_wrapper\">\n<div class=\"wpb_text_column wpb_content_element\">\n<div class=\"wpb_wrapper\">\n<p>Aceast\u0103 tehnologie utilizeaz\u0103 o raz\u0103 laser de mare putere. Atunci c\u00e2nd raza atinge o suprafa\u021b\u0103, lumina \u0219i c\u0103ldura sunt absorbite, provoc\u00e2nd o reac\u021bie. Odat\u0103 ce atinge un anumit nivel de energie, acesta rupe leg\u0103turile moleculare din suprafa\u021b\u0103, vaporiz\u00e2nd efectiv materialul.<\/p>\n<p>De obicei, murd\u0103ria sau contaminan\u021bii de pe suprafa\u021b\u0103 au un prag energetic mai sc\u0103zut pentru aceast\u0103 reac\u021bie dec\u00e2t materialul de baz\u0103. Acest lucru \u00eenseamn\u0103 c\u0103 murd\u0103ria se va vaporiza prima, rezult\u00e2nd o deteriorare minim\u0103 a suprafe\u021bei de dedesubt.<\/p>\n<\/div>\n<\/div>\n<\/div>\n<\/div>\n<\/div>\n<\/div>\n<div class=\"vc_row wpb_row vc_row-fluid\">\n<div class=\"wpb_column vc_column_container vc_col-sm-12\">\n<div class=\"vc_column-inner\">\n<div class=\"wpb_wrapper\">\n<div class=\"wpb_single_image wpb_content_element vc_align_left wpb_content_element\">\n<figure class=\"wpb_wrapper vc_figure\">\n<div class=\"vc_single_image-wrapper   vc_box_border_grey\"><img decoding=\"async\" class=\"vc_single_image-img attachment-full\" title=\"sudor laser cw\" src=\"https:\/\/bogonglaser.com\/wp-content\/uploads\/2024\/11\/cw-laser-welder.jpg\" sizes=\"auto, (max-width: 600px) 100vw, 600px\" srcset=\"https:\/\/bogonglaser.com\/wp-content\/uploads\/2024\/11\/cw-laser-welder.jpg 600w, https:\/\/bogonglaser.com\/wp-content\/uploads\/2024\/11\/cw-laser-welder-300x200.jpg 300w\" alt=\"sudor laser cw\" width=\"600\" height=\"400\" \/><\/div>\n<\/figure>\n<\/div>\n<\/div>\n<\/div>\n<\/div>\n<\/div>\n<div class=\"vc_row wpb_row vc_row-fluid\">\n<div class=\"wpb_column vc_column_container vc_col-sm-12\">\n<div class=\"vc_column-inner\">\n<div class=\"wpb_wrapper\">\n<div class=\"wpb_video_widget wpb_content_element vc_clearfix   vc_video-aspect-ratio-169 vc_video-el-width-100 vc_video-align-left\">\n<div class=\"wpb_wrapper\">\n<div class=\"wpb_video_wrapper\">\n<p><iframe title=\"Cea mai mic\u0103 ma\u0219in\u0103 de cur\u0103\u021bare cu laser 1000W 1500W 2000W Rust cu Fiber Raycus Max Reci Laser Source\" width=\"1290\" height=\"968\" src=\"https:\/\/www.youtube.com\/embed\/-or9ILVlGFA?feature=oembed\" frameborder=\"0\" allow=\"accelerometer; autoplay; clipboard-write; encrypted-media; gyroscope; picture-in-picture; web-share\" referrerpolicy=\"strict-origin-when-cross-origin\" allowfullscreen><\/iframe><\/p>\n<\/div>\n<\/div>\n<\/div>\n<\/div>\n<\/div>\n<\/div>\n<\/div>\n<div class=\"vc_row wpb_row vc_row-fluid\">\n<div class=\"wpb_column vc_column_container vc_col-sm-12\">\n<div class=\"vc_column-inner\">\n<div class=\"wpb_wrapper\">\n<div class=\"wpb_text_column wpb_content_element\">\n<div class=\"wpb_wrapper\">\n<p>Avantaje:<\/p>\n<p>\u2013 Non-contact cleaning, which minimizes damage to the base substrate.<br \/>\n\u2013 Precision cleaning: Targets specific areas using customized beam settings.<br \/>\n\u2013 Selective cleaning: Removes different layers of dirt individually based on their ablation thresholds.<br \/>\n\u2013 High cleaning efficiency.<br \/>\n\u2013 Compact and stable design, requiring minimal maintenance.<br \/>\n\u2013 User-friendly operation, or can be integrated with a robotic arm for automated cleaning.<br \/>\n\u2013 No chemicals, dry ice, or other cleaning materials needed. Just a few consumables make it safe and environmentally friendly.<\/p>\n<\/div>\n<\/div>\n<\/div>\n<\/div>\n<\/div>\n<\/div>\n<div class=\"vc_row wpb_row vc_row-fluid\">\n<div class=\"wpb_column vc_column_container vc_col-sm-12\">\n<div class=\"vc_column-inner\">\n<div class=\"wpb_wrapper\">\n<div class=\"wpb_text_column wpb_content_element\">\n<div class=\"wpb_wrapper\">\n<p><strong>E\u0219antioane de sudur\u0103 cu laser<\/strong><\/p>\n<\/div>\n<\/div>\n<div class=\"wpb_single_image wpb_content_element vc_align_left wpb_content_element\">\n<figure class=\"wpb_wrapper vc_figure\">\n<div class=\"vc_single_image-wrapper   vc_box_border_grey\"><img decoding=\"async\" class=\"vc_single_image-img attachment-full\" title=\"Cur\u0103\u021b\u0103tor cu laser cu puls de 500W\" src=\"https:\/\/bogonglaser.com\/wp-content\/uploads\/2024\/11\/%E5%9B%BD%E6%BA%901000w%E6%B8%85%E6%B4%97%E6%9C%BA%E6%A0%B7%E5%93%81%E7%85%A7%E7%89%87-1.png\" sizes=\"auto, (max-width: 800px) 100vw, 800px\" srcset=\"https:\/\/bogonglaser.com\/wp-content\/uploads\/2024\/11\/\u56fd\u6e901000w\u6e05\u6d17\u673a\u6837\u54c1\u7167\u7247-1.png 800w, https:\/\/bogonglaser.com\/wp-content\/uploads\/2024\/11\/\u56fd\u6e901000w\u6e05\u6d17\u673a\u6837\u54c1\u7167\u7247-1-300x225.png 300w, https:\/\/bogonglaser.com\/wp-content\/uploads\/2024\/11\/\u56fd\u6e901000w\u6e05\u6d17\u673a\u6837\u54c1\u7167\u7247-1-768x576.png 768w, https:\/\/bogonglaser.com\/wp-content\/uploads\/2024\/11\/\u56fd\u6e901000w\u6e05\u6d17\u673a\u6837\u54c1\u7167\u7247-1-600x450.png 600w\" alt=\"500W ma\u0219in\u0103 de cur\u0103\u021bat cu laser pusle\" width=\"800\" height=\"600\" \/><\/div>\n<\/figure>\n<\/div>\n<\/div>\n<\/div>\n<\/div>\n<\/div>\n<div class=\"vc_row wpb_row vc_row-fluid\">\n<div class=\"wpb_column vc_column_container vc_col-sm-12\">\n<div class=\"vc_column-inner\">\n<div class=\"wpb_wrapper\">\n<div class=\"wpb_text_column wpb_content_element\">\n<div class=\"wpb_wrapper\">\n<p>De ce tot mai mul\u021bi produc\u0103tori apeleaz\u0103 la cur\u0103\u021barea cu laser pentru preg\u0103tirea materialelor?<\/p>\n<p>Cur\u0103\u021barea cu laser prezint\u0103 mai multe avantaje fa\u021b\u0103 de metodele tradi\u021bionale. \u00cen primul r\u00e2nd, elimin\u0103 nevoia de solven\u021bi \u0219i materiale abrazive, care pot complica eliminarea. Spre deosebire de alte procese care pot fi lipsite de precizie \u0219i care necesit\u0103 adesea interven\u021bie manual\u0103, cur\u0103\u021barea cu laser permite aplicarea controlat\u0103 \u00een zone specifice ale unei piese. Acest proces poate fi u\u0219or automatizat pentru a spori productivitatea \u0219i asigur\u0103 repetabilitatea pe care o cer acum multe standarde de calitate. Ca urmare, produc\u0103torii consider\u0103 cur\u0103\u021barea cu laser o op\u021biune mai eficient\u0103 \u0219i mai fiabil\u0103 pentru preg\u0103tirea materialelor.<\/p>\n<\/div>\n<\/div>\n<\/div>\n<\/div>\n<\/div>\n<\/div>\n<div class=\"vc_row wpb_row vc_row-fluid\">\n<div class=\"wpb_column vc_column_container vc_col-sm-6\">\n<div class=\"vc_column-inner\">\n<div class=\"wpb_wrapper\">\n<div class=\"wpb_text_column wpb_content_element\">\n<div class=\"wpb_wrapper\">\n<h3><strong>Sistem de ma\u0219ini de cur\u0103\u021bat cu laser<\/strong><\/h3>\n<p>Laserele pot asigura cur\u0103\u021barea de mare vitez\u0103 \u0219i preg\u0103tirea suprafe\u021belor \u00een aproape toate industriile. Procesul cu \u00eentre\u021binere redus\u0103 \u0219i u\u0219or de automatizat poate fi utilizat pentru a \u00eendep\u0103rta uleiul \u0219i gr\u0103simea, pentru a \u00eendep\u0103rta vopseaua sau straturile sau pentru a modifica textura suprafe\u021bei, de exemplu prin ad\u0103ugarea de rugozit\u0103\u021bi pentru a cre\u0219te aderen\u021ba.<\/p>\n<p>Nu sunt utilizate materiale abrazive, f\u0103r\u0103 probleme de separare \u0219i eliminare a contaminan\u021bilor<\/p>\n<p>No solvents are used \u2013 chemical-free and environmentally friendly process<\/p>\n<p>Selectiv din punct de vedere spa\u021bial - cur\u0103\u021barea doar a zonei necesare, economisind timp \u0219i costuri prin ignorarea regiunilor care nu conteaz\u0103<\/p>\n<\/div>\n<\/div>\n<\/div>\n<\/div>\n<\/div>\n<div class=\"wpb_column vc_column_container vc_col-sm-6\">\n<div class=\"vc_column-inner\">\n<div class=\"wpb_wrapper\">\n<div class=\"wpb_single_image wpb_content_element vc_align_left wpb_content_element\">\n<figure class=\"wpb_wrapper vc_figure\">\n<div class=\"vc_single_image-wrapper   vc_box_border_grey\"><img decoding=\"async\" class=\"vc_single_image-img attachment-full\" title=\"ma\u0219in\u0103 de cur\u0103\u021bat cu laser cw\" src=\"https:\/\/bogonglaser.com\/wp-content\/uploads\/2024\/11\/laser-cleaning-machine-cw.jpg\" sizes=\"auto, (max-width: 600px) 100vw, 600px\" srcset=\"https:\/\/bogonglaser.com\/wp-content\/uploads\/2024\/11\/laser-cleaning-machine-cw.jpg 600w, https:\/\/bogonglaser.com\/wp-content\/uploads\/2024\/11\/laser-cleaning-machine-cw-300x183.jpg 300w\" alt=\"ma\u0219in\u0103 de cur\u0103\u021bat cu laser cw\" width=\"600\" height=\"366\" \/><\/div>\n<\/figure>\n<\/div>\n<\/div>\n<\/div>\n<\/div>\n<\/div>\n<div class=\"vc_row wpb_row vc_row-fluid\">\n<div class=\"wpb_column vc_column_container vc_col-sm-12\">\n<div class=\"vc_column-inner\">\n<div class=\"wpb_wrapper\">\n<div class=\"wpb_text_column wpb_content_element\">\n<div class=\"wpb_wrapper\">\n<p><strong>Pachet de sudor laser<\/strong><\/p>\n<\/div>\n<\/div>\n<div class=\"wpb_single_image wpb_content_element vc_align_left wpb_content_element\">\n<figure class=\"wpb_wrapper vc_figure\">\n<div class=\"vc_single_image-wrapper   vc_box_border_grey\"><img decoding=\"async\" class=\"vc_single_image-img attachment-full\" title=\"aparat de sudur\u0103 cu laser (1)\" src=\"https:\/\/bogonglaser.com\/wp-content\/uploads\/2024\/11\/laser-welder-machine-1.jpg\" sizes=\"auto, (max-width: 719px) 100vw, 719px\" srcset=\"https:\/\/bogonglaser.com\/wp-content\/uploads\/2024\/11\/laser-welder-machine-1.jpg 719w, https:\/\/bogonglaser.com\/wp-content\/uploads\/2024\/11\/laser-welder-machine-1-300x117.jpg 300w, https:\/\/bogonglaser.com\/wp-content\/uploads\/2024\/11\/laser-welder-machine-1-600x234.jpg 600w\" alt=\"aparat de sudur\u0103 cu laser 1\" width=\"719\" height=\"280\" \/><\/div>\n<\/figure>\n<\/div>\n<\/div>\n<\/div>\n<\/div>\n<\/div>\n<div class=\"vc_row wpb_row vc_row-fluid\">\n<div class=\"wpb_column vc_column_container vc_col-sm-12\">\n<div class=\"vc_column-inner\">\n<div class=\"wpb_wrapper\">\n<div class=\"wpb_text_column wpb_content_element\">\n<div class=\"wpb_wrapper\">\n<p>**De ce s\u0103 alege\u021bi BOGONG LASER**<\/p>\n<p>BOGONG renumit pentru calitatea sa de echipamente laser \u0219i servicii pentru servicii post-v\u00e2nzare, Ma\u0219inile noastre sunt versatile \u0219i u\u0219or de utilizat, concepute cu toate nivelurile de calificare \u00een minte. Mai presus de toate, prioritiz\u0103m satisfac\u021bia clientului. Fie c\u0103 sunte\u021bi un expert experimentat sau un \u00eencep\u0103tor, BOGONG LASER este aici pentru a v\u0103 sprijini la fiecare pas al drumului. Ave\u021bi \u00eencredere \u00een noi \u0219i \u00een serviciile noastre, unde excelen\u021ba \u0219i inova\u021bia se unesc pentru succesul dumneavoastr\u0103.<\/p>\n<\/div>\n<\/div>\n<\/div>\n<\/div>\n<\/div>\n<\/div>","protected":false},"excerpt":{"rendered":"<h2>CW Fiber Laser ma\u0219in\u0103 de cur\u0103\u021bare<\/h2>\n<p>Dac\u0103 dori\u021bi s\u0103 \u00eendep\u0103rta\u021bi rugina de pe un c\u00e2mp mare, o ma\u0219in\u0103 de cur\u0103\u021bat cu laser CW v\u0103 va ajuta foarte mult. Ma\u0219in\u0103 de cur\u0103\u021bat cu laser 1500W 2000W 3000W<\/p>\n<ul class=\"tips\">\n<li>350 Seturi \/ lun\u0103 \u00cen a\u0219teptare pentru v\u00e2nzare \u00cen stoc<\/li>\n<li>Garan\u021bie limitat\u0103 de 2 ani pentru \u00eentreaga ma\u0219in\u0103<\/li>\n<li>Online (PayPal) \u0219i offline (T\/T, carduri de debit \u0219i de credit)<\/li>\n<li>Asisten\u021b\u0103 tehnic\u0103 gratuit\u0103 pe via\u021b\u0103 pentru utilizatorii finali \u0219i dealeri<\/li>\n<\/ul>","protected":false},"featured_media":1821,"template":"","meta":{"_gspb_post_css":""},"product_brand":[],"product_cat":[94],"product_tag":[109,108,107],"class_list":{"0":"post-1904","1":"product","2":"type-product","3":"status-publish","4":"has-post-thumbnail","6":"product_cat-laser-cleaning-machine","7":"product_tag-fiber-laser-welder","8":"product_tag-handheld-laser-welder","9":"product_tag-laser-welding-machine","11":"first","12":"instock","13":"shipping-taxable","14":"product-type-simple"},"_links":{"self":[{"href":"https:\/\/bogonglaser.com\/ro\/wp-json\/wp\/v2\/product\/1904","targetHints":{"allow":["GET"]}}],"collection":[{"href":"https:\/\/bogonglaser.com\/ro\/wp-json\/wp\/v2\/product"}],"about":[{"href":"https:\/\/bogonglaser.com\/ro\/wp-json\/wp\/v2\/types\/product"}],"wp:featuredmedia":[{"embeddable":true,"href":"https:\/\/bogonglaser.com\/ro\/wp-json\/wp\/v2\/media\/1821"}],"wp:attachment":[{"href":"https:\/\/bogonglaser.com\/ro\/wp-json\/wp\/v2\/media?parent=1904"}],"wp:term":[{"taxonomy":"product_brand","embeddable":true,"href":"https:\/\/bogonglaser.com\/ro\/wp-json\/wp\/v2\/product_brand?post=1904"},{"taxonomy":"product_cat","embeddable":true,"href":"https:\/\/bogonglaser.com\/ro\/wp-json\/wp\/v2\/product_cat?post=1904"},{"taxonomy":"product_tag","embeddable":true,"href":"https:\/\/bogonglaser.com\/ro\/wp-json\/wp\/v2\/product_tag?post=1904"}],"curies":[{"name":"wp","href":"https:\/\/api.w.org\/{rel}","templated":true}]}}