{"id":1889,"date":"2024-11-21T11:05:13","date_gmt":"2024-11-21T03:05:13","guid":{"rendered":"https:\/\/bogonglaser.com\/?post_type=product&#038;p=1889"},"modified":"2025-12-10T18:18:45","modified_gmt":"2025-12-10T10:18:45","slug":"200w-popular-mini-laser-welding-machine-with-ccd","status":"publish","type":"product","link":"https:\/\/bogonglaser.com\/ro\/200w-popular-mini-laser-welding-machine-with-ccd\/","title":{"rendered":"200W Popular Mini Laser de sudare ma\u0219in\u0103 cu CCD"},"content":{"rendered":"<div class=\"vc_row wpb_row vc_row-fluid\">\n<div class=\"wpb_column vc_column_container vc_col-sm-12\">\n<div class=\"vc_column-inner\">\n<div class=\"wpb_wrapper\">\n<div class=\"wpb_text_column wpb_content_element\">\n<div class=\"wpb_wrapper\">\n<p>Bijuteria YAG<a href=\"https:\/\/bogonglaser.com\/ro\/laser-welding-machine\/\">\u00a0Ma\u0219in\u0103 de sudur\u0103 cu laser<\/a>\u00a0este un instrument specializat pentru industria bijuteriilor, care utilizeaz\u0103 tehnologia laser pentru sudarea precis\u0103 a metalelor. Acest dispozitiv compact \u0219i precis este conceput pentru diverse aplica\u021bii, inclusiv sudarea prin puncte, piercing, repararea, placarea \u0219i redimensionarea bijuteriilor din aur, argint, titan \u0219i platin\u0103, precum \u0219i pentru rame de ochelari, ceasuri, matri\u021be, sudur\u0103 dentar\u0103 \u0219i umplerea golurilor \u00een accesorii mici.<\/p>\n<\/div>\n<\/div>\n<\/div>\n<\/div>\n<\/div>\n<\/div>\n<div class=\"vc_row wpb_row vc_row-fluid\">\n<div class=\"wpb_column vc_column_container vc_col-sm-12\">\n<div class=\"vc_column-inner\">\n<div class=\"wpb_wrapper\">\n<div class=\"wpb_single_image wpb_content_element vc_align_left wpb_content_element\">\n<figure class=\"wpb_wrapper vc_figure\">\n<div class=\"vc_single_image-wrapper vc_box_border_grey\"><img decoding=\"async\" class=\"vc_single_image-img attachment-full\" title=\"\u6a59\u767d\u73e0\u5b9d\u710a\u73b0\u573a\u62cd\u64443\" src=\"https:\/\/bogonglaser.com\/wp-content\/uploads\/2024\/11\/%E6%A9%99%E7%99%BD%E7%8F%A0%E5%AE%9D%E7%84%8A%E7%8E%B0%E5%9C%BA%E6%8B%8D%E6%91%843.png\" sizes=\"auto, (max-width: 800px) 100vw, 800px\" srcset=\"https:\/\/bogonglaser.com\/wp-content\/uploads\/2024\/11\/\u6a59\u767d\u73e0\u5b9d\u710a\u73b0\u573a\u62cd\u64443.png 800w, https:\/\/bogonglaser.com\/wp-content\/uploads\/2024\/11\/\u6a59\u767d\u73e0\u5b9d\u710a\u73b0\u573a\u62cd\u64443-300x225.png 300w, https:\/\/bogonglaser.com\/wp-content\/uploads\/2024\/11\/\u6a59\u767d\u73e0\u5b9d\u710a\u73b0\u573a\u62cd\u64443-768x576.png 768w, https:\/\/bogonglaser.com\/wp-content\/uploads\/2024\/11\/\u6a59\u767d\u73e0\u5b9d\u710a\u73b0\u573a\u62cd\u64443-600x450.png 600w\" alt=\"Sudor laser pentru bijuterii\" width=\"800\" height=\"600\" \/><\/div>\n<\/figure>\n<\/div>\n<\/div>\n<\/div>\n<\/div>\n<\/div>\n<div class=\"vc_row wpb_row vc_row-fluid\">\n<div class=\"wpb_column vc_column_container vc_col-sm-12\">\n<div class=\"vc_column-inner\">\n<div class=\"wpb_wrapper\">\n<div class=\"wpb_text_column wpb_content_element\">\n<div class=\"wpb_wrapper\">\n<ul class=\"sisma__products--product-features sisma__typography--s1\">\n<li class=\"is-root\">Confort mare pentru operatorul u\u0219ii din fa\u021b\u0103.<\/li>\n<li class=\"is-root\">Tehnologie Smart Spot pentru calitate \u0219i consisten\u021b\u0103 sus\u021binut\u0103 a sudurii.<\/li>\n<li class=\"is-root\">Camer\u0103 CCD (op\u021bional)<\/li>\n<\/ul>\n<\/div>\n<\/div>\n<\/div>\n<\/div>\n<\/div>\n<\/div>\n<div class=\"vc_row wpb_row vc_row-fluid\">\n<div class=\"wpb_column vc_column_container vc_col-sm-12\">\n<div class=\"vc_column-inner\">\n<div class=\"wpb_wrapper\">\n<div class=\"wpb_single_image wpb_content_element vc_align_left wpb_content_element\">\n<figure class=\"wpb_wrapper vc_figure\">\n<div class=\"vc_single_image-wrapper vc_box_border_grey\"><img decoding=\"async\" class=\"vc_single_image-img attachment-full\" title=\"\u6a59\u767d\u73e0\u5b9d\u710a\u73b0\u573a\u62cd\u64442\" src=\"https:\/\/bogonglaser.com\/wp-content\/uploads\/2024\/11\/%E6%A9%99%E7%99%BD%E7%8F%A0%E5%AE%9D%E7%84%8A%E7%8E%B0%E5%9C%BA%E6%8B%8D%E6%91%842.png\" sizes=\"auto, (max-width: 800px) 100vw, 800px\" srcset=\"https:\/\/bogonglaser.com\/wp-content\/uploads\/2024\/11\/\u6a59\u767d\u73e0\u5b9d\u710a\u73b0\u573a\u62cd\u64442.png 800w, https:\/\/bogonglaser.com\/wp-content\/uploads\/2024\/11\/\u6a59\u767d\u73e0\u5b9d\u710a\u73b0\u573a\u62cd\u64442-300x225.png 300w, https:\/\/bogonglaser.com\/wp-content\/uploads\/2024\/11\/\u6a59\u767d\u73e0\u5b9d\u710a\u73b0\u573a\u62cd\u64442-768x576.png 768w, https:\/\/bogonglaser.com\/wp-content\/uploads\/2024\/11\/\u6a59\u767d\u73e0\u5b9d\u710a\u73b0\u573a\u62cd\u64442-600x450.png 600w\" alt=\"aparat de sudur\u0103 cu laser pentru bijuterii\" width=\"800\" height=\"600\" \/><\/div>\n<\/figure>\n<\/div>\n<\/div>\n<\/div>\n<\/div>\n<\/div>\n<div class=\"vc_row wpb_row vc_row-fluid\">\n<div class=\"wpb_column vc_column_container vc_col-sm-12\">\n<div class=\"vc_column-inner\">\n<div class=\"wpb_wrapper\">\n<div class=\"wpb_text_column wpb_content_element\">\n<div class=\"wpb_wrapper\">\n<p>1. Ofer\u0103 o calitate ridicat\u0103 a sudurii cu goluri curate \u0219i elimin\u0103 nevoia de prelucrare secundar\u0103, \u00eembun\u0103t\u0103\u021bind semnificativ rata de trecere a produselor finite.<br \/>\n2. Caracteristici de productivitate ridicat\u0103 cu viteze rapide de sudare \u0219i func\u021bionare silen\u021bioas\u0103, \u00eembun\u0103t\u0103\u021bind considerabil eficien\u021ba \u0219i reduc\u00e2nd timpul de sudare.<br \/>\n3. Se m\u00e2ndre\u0219te cu un design compact \u0219i elegant, care este u\u0219or de utilizat \u0219i ergonomic, permi\u021b\u00e2nd o utilizare confortabil\u0103 pe termen lung, f\u0103r\u0103 oboseal\u0103.<br \/>\n4. Echipat cu un ecran LED de 7 inch disponibil \u00een mai multe limbi, inclusiv chinez\u0103, englez\u0103, rus\u0103 \u0219i spaniol\u0103, \u00eempreun\u0103 cu un dispozitiv de protec\u021bie \u00eempotriva sufl\u0103rii.<br \/>\n5. Un sistem de monitorizare CCD poate fi integrat cu un microscop 10X pentru o precizie sporit\u0103.<br \/>\n6. Design compact al structurii cu un rezervor de ap\u0103 \u00eencorporat<br \/>\n7. Ofer\u0103 op\u021biuni de personalizare pentru a r\u0103spunde nevoilor specifice.<\/p>\n<\/div>\n<\/div>\n<\/div>\n<\/div>\n<\/div>\n<\/div>\n<div class=\"vc_row wpb_row vc_row-fluid\">\n<div class=\"wpb_column vc_column_container vc_col-sm-12\">\n<div class=\"vc_column-inner\">\n<div class=\"wpb_wrapper\">\n<div class=\"wpb_single_image wpb_content_element vc_align_left wpb_content_element\">\n<figure class=\"wpb_wrapper vc_figure\">\n<div class=\"vc_single_image-wrapper vc_box_border_grey\"><img decoding=\"async\" class=\"vc_single_image-img attachment-full\" title=\"\u6a59\u767d\u73e0\u5b9d\u710a\u6837\u54c1\u7167\u7247\" src=\"https:\/\/bogonglaser.com\/wp-content\/uploads\/2024\/11\/%E6%A9%99%E7%99%BD%E7%8F%A0%E5%AE%9D%E7%84%8A%E6%A0%B7%E5%93%81%E7%85%A7%E7%89%87.png\" sizes=\"auto, (max-width: 800px) 100vw, 800px\" srcset=\"https:\/\/bogonglaser.com\/wp-content\/uploads\/2024\/11\/\u6a59\u767d\u73e0\u5b9d\u710a\u6837\u54c1\u7167\u7247.png 800w, https:\/\/bogonglaser.com\/wp-content\/uploads\/2024\/11\/\u6a59\u767d\u73e0\u5b9d\u710a\u6837\u54c1\u7167\u7247-300x225.png 300w, https:\/\/bogonglaser.com\/wp-content\/uploads\/2024\/11\/\u6a59\u767d\u73e0\u5b9d\u710a\u6837\u54c1\u7167\u7247-768x576.png 768w, https:\/\/bogonglaser.com\/wp-content\/uploads\/2024\/11\/\u6a59\u767d\u73e0\u5b9d\u710a\u6837\u54c1\u7167\u7247-600x450.png 600w\" alt=\"sudor laser pentru bijuterii\" width=\"800\" height=\"600\" \/><\/div>\n<\/figure>\n<\/div>\n<\/div>\n<\/div>\n<\/div>\n<\/div>\n<div class=\"vc_row wpb_row vc_row-fluid\">\n<div class=\"wpb_column vc_column_container vc_col-sm-12\">\n<div class=\"vc_column-inner\">\n<div class=\"wpb_wrapper\">\n<div class=\"wpb_video_widget wpb_content_element vc_clearfix vc_video-aspect-ratio-169 vc_video-el-width-70 vc_video-align-left\">\n<div class=\"wpb_wrapper\">\n<div class=\"wpb_video_wrapper\">\n<p><iframe title=\"Cele mai populare Mini 200W bijuterii de sudare cu laser ma\u0219in\u0103 de v\u00e2nzare | Aur argint SS laser sudor\" width=\"1290\" height=\"726\" src=\"https:\/\/www.youtube.com\/embed\/goD9u4uAIak?feature=oembed\" frameborder=\"0\" allow=\"accelerometer; autoplay; clipboard-write; encrypted-media; gyroscope; picture-in-picture; web-share\" referrerpolicy=\"strict-origin-when-cross-origin\" allowfullscreen><\/iframe><\/p>\n<\/div>\n<\/div>\n<\/div>\n<\/div>\n<\/div>\n<\/div>\n<\/div>\n<div class=\"vc_row wpb_row vc_row-fluid\">\n<div class=\"wpb_column vc_column_container vc_col-sm-12\">\n<div class=\"vc_column-inner\">\n<div class=\"wpb_wrapper\">\n<div class=\"wpb_text_column wpb_content_element\">\n<div class=\"wpb_wrapper\">\n<p><strong>E\u0219antioane de sudur\u0103 cu laser<\/strong><\/p>\n<\/div>\n<\/div>\n<div class=\"wpb_single_image wpb_content_element vc_align_left wpb_content_element\">\n<figure class=\"wpb_wrapper vc_figure\">\n<div class=\"vc_single_image-wrapper vc_box_border_grey\"><img decoding=\"async\" class=\"vc_single_image-img attachment-full\" title=\"\u6a59\u767d\u73e0\u5b9d\u710a\u5de5\u5382\u7167\u7247 (1)\" src=\"https:\/\/bogonglaser.com\/wp-content\/uploads\/2024\/11\/%E6%A9%99%E7%99%BD%E7%8F%A0%E5%AE%9D%E7%84%8A%E5%B7%A5%E5%8E%82%E7%85%A7%E7%89%87-1.png\" sizes=\"auto, (max-width: 800px) 100vw, 800px\" srcset=\"https:\/\/bogonglaser.com\/wp-content\/uploads\/2024\/11\/\u6a59\u767d\u73e0\u5b9d\u710a\u5de5\u5382\u7167\u7247-1.png 800w, https:\/\/bogonglaser.com\/wp-content\/uploads\/2024\/11\/\u6a59\u767d\u73e0\u5b9d\u710a\u5de5\u5382\u7167\u7247-1-300x225.png 300w, https:\/\/bogonglaser.com\/wp-content\/uploads\/2024\/11\/\u6a59\u767d\u73e0\u5b9d\u710a\u5de5\u5382\u7167\u7247-1-768x576.png 768w, https:\/\/bogonglaser.com\/wp-content\/uploads\/2024\/11\/\u6a59\u767d\u73e0\u5b9d\u710a\u5de5\u5382\u7167\u7247-1-600x450.png 600w\" alt=\"sudor laser pentru bijuterii\" width=\"800\" height=\"600\" \/><\/div>\n<\/figure>\n<\/div>\n<\/div>\n<\/div>\n<\/div>\n<\/div>\n<div class=\"vc_row wpb_row vc_row-fluid\">\n<div class=\"wpb_column vc_column_container vc_col-sm-12\">\n<div class=\"vc_column-inner\">\n<div class=\"wpb_wrapper\">\n<div class=\"wpb_text_column wpb_content_element\">\n<div class=\"wpb_wrapper\">\n<p><strong>Pachet de sudor laser<\/strong><\/p>\n<\/div>\n<\/div>\n<div class=\"wpb_single_image wpb_content_element vc_align_left wpb_content_element\">\n<figure class=\"wpb_wrapper vc_figure\">\n<div class=\"vc_single_image-wrapper vc_box_border_grey\"><img decoding=\"async\" class=\"vc_single_image-img attachment-full\" title=\"SUDOR LASER BIJUTERII\" src=\"https:\/\/bogonglaser.com\/wp-content\/uploads\/2024\/11\/LASER-WELDER-JEWELRY.jpg\" sizes=\"auto, (max-width: 800px) 100vw, 800px\" srcset=\"https:\/\/bogonglaser.com\/wp-content\/uploads\/2024\/11\/LASER-WELDER-JEWELRY.jpg 800w, https:\/\/bogonglaser.com\/wp-content\/uploads\/2024\/11\/LASER-WELDER-JEWELRY-300x104.jpg 300w, https:\/\/bogonglaser.com\/wp-content\/uploads\/2024\/11\/LASER-WELDER-JEWELRY-768x265.jpg 768w, https:\/\/bogonglaser.com\/wp-content\/uploads\/2024\/11\/LASER-WELDER-JEWELRY-600x207.jpg 600w\" alt=\"SUDOR LASER BIJUTERII\" width=\"800\" height=\"276\" \/><\/div>\n<\/figure>\n<\/div>\n<\/div>\n<\/div>\n<\/div>\n<\/div>\n<div class=\"vc_row wpb_row vc_row-fluid\">\n<div class=\"wpb_column vc_column_container vc_col-sm-12\">\n<div class=\"vc_column-inner\">\n<div class=\"wpb_wrapper\">\n<div class=\"wpb_text_column wpb_content_element\">\n<div class=\"wpb_wrapper\">\n<p>**De ce s\u0103 alege\u021bi BOGONG LASER**<\/p>\n<p>BOGONG famous for it\u2019s quality of laser equipment and service for aftersale service, Our machines are versatile and user-friendly, designed with all skill levels in mind. Above all, we prioritize customer satisfaction. Whether you\u2019re a seasoned expert or a beginner, BOGONG LASER is here to support you every step of the way. Trust us and our service, where excellence and innovation come together for your success.<\/p>\n<\/div>\n<\/div>\n<\/div>\n<\/div>\n<\/div>\n<\/div>","protected":false},"excerpt":{"rendered":"<h2>Hot Selling Bijuterii Laser Welding Machine<\/h2>\n<p>Aceast\u0103 bijuterie Mini 200W cu camer\u0103 CCD \u00een interiorul cel mai popular pe pia\u021b\u0103, pre\u021b competitiv cu performan\u021b\u0103 de \u00eenalt\u0103 calitate.<\/p>\n<ul class=\"tips\">\n<li>350 Seturi \/ lun\u0103 \u00cen a\u0219teptare pentru v\u00e2nzare \u00cen stoc<\/li>\n<li>Garan\u021bie limitat\u0103 de 2 ani pentru \u00eentreaga ma\u0219in\u0103<\/li>\n<li>Online (PayPal) \u0219i offline (T\/T, carduri de debit \u0219i de credit)<\/li>\n<li>Asisten\u021b\u0103 tehnic\u0103 gratuit\u0103 pe via\u021b\u0103 pentru utilizatorii finali \u0219i dealeri<\/li>\n<\/ul>","protected":false},"featured_media":1898,"template":"","meta":{"_gspb_post_css":""},"product_brand":[],"product_cat":[116,95],"product_tag":[114,113,107],"class_list":{"0":"post-1889","1":"product","2":"type-product","3":"status-publish","4":"has-post-thumbnail","6":"product_cat-jewelry-laser-welder","7":"product_cat-laser-welding-machine","8":"product_tag-gold-siver-laser-welder","9":"product_tag-jewelry-laser-welder","10":"product_tag-laser-welding-machine","12":"first","13":"instock","14":"shipping-taxable","15":"product-type-simple"},"_links":{"self":[{"href":"https:\/\/bogonglaser.com\/ro\/wp-json\/wp\/v2\/product\/1889","targetHints":{"allow":["GET"]}}],"collection":[{"href":"https:\/\/bogonglaser.com\/ro\/wp-json\/wp\/v2\/product"}],"about":[{"href":"https:\/\/bogonglaser.com\/ro\/wp-json\/wp\/v2\/types\/product"}],"wp:featuredmedia":[{"embeddable":true,"href":"https:\/\/bogonglaser.com\/ro\/wp-json\/wp\/v2\/media\/1898"}],"wp:attachment":[{"href":"https:\/\/bogonglaser.com\/ro\/wp-json\/wp\/v2\/media?parent=1889"}],"wp:term":[{"taxonomy":"product_brand","embeddable":true,"href":"https:\/\/bogonglaser.com\/ro\/wp-json\/wp\/v2\/product_brand?post=1889"},{"taxonomy":"product_cat","embeddable":true,"href":"https:\/\/bogonglaser.com\/ro\/wp-json\/wp\/v2\/product_cat?post=1889"},{"taxonomy":"product_tag","embeddable":true,"href":"https:\/\/bogonglaser.com\/ro\/wp-json\/wp\/v2\/product_tag?post=1889"}],"curies":[{"name":"wp","href":"https:\/\/api.w.org\/{rel}","templated":true}]}}