{"id":1869,"date":"2024-11-20T16:27:34","date_gmt":"2024-11-20T08:27:34","guid":{"rendered":"https:\/\/bogonglaser.com\/?post_type=product&#038;p=1869"},"modified":"2025-12-10T18:23:35","modified_gmt":"2025-12-10T10:23:35","slug":"air-cooling-handheld-laser-welding-machine-for-sale","status":"publish","type":"product","link":"https:\/\/bogonglaser.com\/ro\/air-cooling-handheld-laser-welding-machine-for-sale\/","title":{"rendered":"Ma\u0219in\u0103 de sudur\u0103 laser portabil\u0103 cu r\u0103cire cu aer de v\u00e2nzare"},"content":{"rendered":"<div class=\"vc_row wpb_row vc_row-fluid\">\n<div class=\"wpb_column vc_column_container vc_col-sm-12\">\n<div class=\"vc_column-inner\">\n<div class=\"wpb_wrapper\">\n<div class=\"wpb_text_column wpb_content_element\">\n<div class=\"wpb_wrapper\">\n<p>Un aparat de sudur\u0103 cu laser r\u0103cit cu aer este un aparat de sudur\u0103 de precizie care utilizeaz\u0103 un fascicul laser cu energie ridicat\u0103 pentru a topi metalele \u0219i a \u00eembina piesele \u00eentre ele. Spre deosebire de sistemele r\u0103cite cu ap\u0103, care necesit\u0103 un fluid de r\u0103cire pentru disiparea c\u0103ldurii, sudorii laser r\u0103ci\u021bi cu aer depind de aerul ambiental pentru r\u0103cire \u00een timpul func\u021bion\u0103rii. Acest design simplific\u0103 \u00eentre\u021binerea, reduce nevoia de componente suplimentare \u0219i permite configura\u021bii mai compacte.<\/p>\n<p>Aparatele de sudur\u0103 cu laser r\u0103cite cu aer sunt deosebit de populare \u00een scenariile \u00een care portabilitatea \u0219i u\u0219urin\u021ba \u00een utilizare sunt esen\u021biale, cum ar fi \u00een atelierele mici sau pentru repara\u021bii la fa\u021ba locului. Acestea sunt, de asemenea, utilizate pe scar\u0103 larg\u0103 \u00een aplica\u021bii industriale care necesit\u0103 o sudare precis\u0103, inclusiv \u00een industria auto, aerospa\u021bial\u0103, naval\u0103 \u0219i electronic\u0103.<\/p>\n<\/div>\n<\/div>\n<\/div>\n<\/div>\n<\/div>\n<\/div>\n<div class=\"vc_row wpb_row vc_row-fluid\">\n<div class=\"wpb_column vc_column_container vc_col-sm-12\">\n<div class=\"vc_column-inner\">\n<div class=\"wpb_wrapper\">\n<div class=\"wpb_video_widget wpb_content_element vc_clearfix   vc_video-aspect-ratio-169 vc_video-el-width-60 vc_video-align-left\">\n<div class=\"wpb_wrapper\">\n<h2 class=\"wpb_heading wpb_video_heading\">R\u0103cire cu aer Laser Welder arat\u0103<\/h2>\n<div class=\"wpb_video_wrapper\">\n<p><iframe title=\"Aparat de sudur\u0103 cu laser portabil cu r\u0103cire cu aer | Cea mai mic\u0103 ma\u0219in\u0103 de sudur\u0103 cu laser portabil\u0103\" width=\"1290\" height=\"726\" src=\"https:\/\/www.youtube.com\/embed\/LVOF1nyCNCs?feature=oembed\" frameborder=\"0\" allow=\"accelerometer; autoplay; clipboard-write; encrypted-media; gyroscope; picture-in-picture; web-share\" referrerpolicy=\"strict-origin-when-cross-origin\" allowfullscreen><\/iframe><\/p>\n<\/div>\n<\/div>\n<\/div>\n<\/div>\n<\/div>\n<\/div>\n<\/div>\n<div class=\"vc_row wpb_row vc_row-fluid\">\n<div class=\"wpb_column vc_column_container vc_col-sm-12\">\n<div class=\"vc_column-inner\">\n<div class=\"wpb_wrapper\">\n<div class=\"wpb_single_image wpb_content_element vc_align_left wpb_content_element\">\n<figure class=\"wpb_wrapper vc_figure\">\n<div class=\"vc_single_image-wrapper   vc_box_border_grey\"><img decoding=\"async\" class=\"vc_single_image-img attachment-full\" title=\"sudor laser cu r\u0103cire cu aer\" src=\"https:\/\/bogonglaser.com\/wp-content\/uploads\/2024\/11\/air-cooling-laser-welder.jpg\" sizes=\"auto, (max-width: 600px) 100vw, 600px\" srcset=\"https:\/\/bogonglaser.com\/wp-content\/uploads\/2024\/11\/air-cooling-laser-welder.jpg 600w, https:\/\/bogonglaser.com\/wp-content\/uploads\/2024\/11\/air-cooling-laser-welder-300x300.jpg 300w, https:\/\/bogonglaser.com\/wp-content\/uploads\/2024\/11\/air-cooling-laser-welder-150x150.jpg 150w, https:\/\/bogonglaser.com\/wp-content\/uploads\/2024\/11\/air-cooling-laser-welder-100x100.jpg 100w\" alt=\"sudor laser cu r\u0103cire cu aer\" width=\"600\" height=\"600\" \/><\/div>\n<\/figure>\n<\/div>\n<\/div>\n<\/div>\n<\/div>\n<\/div>\n<div class=\"vc_row wpb_row vc_row-fluid\">\n<div class=\"wpb_column vc_column_container vc_col-sm-12\">\n<div class=\"vc_column-inner\">\n<div class=\"wpb_wrapper\">\n<div class=\"wpb_text_column wpb_content_element\">\n<div class=\"wpb_wrapper\">\n<p>Portabilitate<br \/>\nThe air-cooled\u00a0handheld laser welder\u00a0has a compact and lightweight design, making it highly portable.<\/p>\n<p>Cablu flexibil cu fibr\u0103 optic\u0103<br \/>\nThe laser beam is transmitted to the workpiece via a flexible fiber optic cable, allowing for precise direction of the laser where it\u2019s needed.<\/p>\n<p>Focalizare reglabil\u0103<br \/>\nRaza laser poate fi focalizat\u0103 p\u00e2n\u0103 la un punct foarte fin, permi\u021b\u00e2nd sudarea de \u00eenalt\u0103 precizie. Ad\u00e2ncimea focaliz\u0103rii este, de asemenea, reglabil\u0103, acomod\u00e2nd materiale de diferite grosimi.<\/p>\n<p>Operare u\u0219oar\u0103<br \/>\nPanoul de control inteligent are o interfa\u021b\u0103 u\u0219or de utilizat pentru ajust\u0103ri rapide \u0219i simple, permi\u021b\u00e2nd utilizatorilor s\u0103 \u00ee\u0219i gestioneze eficient proiectele de sudur\u0103 dintr-o singur\u0103 configurare.<\/p>\n<p>Versatil<br \/>\nSunt incluse duze de cupru pentru diferite nevoi de sudare, oferind o mai mare flexibilitate pentru a aborda diferite unghiuri de sudare, materiale \u0219i efecte dorite.<\/p>\n<\/div>\n<\/div>\n<\/div>\n<\/div>\n<\/div>\n<\/div>\n<div class=\"vc_row wpb_row vc_row-fluid\">\n<div class=\"wpb_column vc_column_container vc_col-sm-12\">\n<div class=\"vc_column-inner\">\n<div class=\"wpb_wrapper\">\n<div class=\"wpb_single_image wpb_content_element vc_align_left wpb_content_element\">\n<figure class=\"wpb_wrapper vc_figure\">\n<div class=\"vc_single_image-wrapper   vc_box_border_grey\"><img decoding=\"async\" class=\"vc_single_image-img attachment-full\" title=\"ma\u0219in\u0103 de sudur\u0103 cu laser cu r\u0103cire cu aer\" src=\"https:\/\/bogonglaser.com\/wp-content\/uploads\/2024\/11\/air-cooling-laser-welding-machine.jpg\" sizes=\"auto, (max-width: 600px) 100vw, 600px\" srcset=\"https:\/\/bogonglaser.com\/wp-content\/uploads\/2024\/11\/air-cooling-laser-welding-machine.jpg 600w, https:\/\/bogonglaser.com\/wp-content\/uploads\/2024\/11\/air-cooling-laser-welding-machine-300x300.jpg 300w, https:\/\/bogonglaser.com\/wp-content\/uploads\/2024\/11\/air-cooling-laser-welding-machine-150x150.jpg 150w, https:\/\/bogonglaser.com\/wp-content\/uploads\/2024\/11\/air-cooling-laser-welding-machine-100x100.jpg 100w\" alt=\"ma\u0219in\u0103 de sudur\u0103 cu laser cu r\u0103cire cu aer\" width=\"600\" height=\"600\" \/><\/div>\n<\/figure>\n<\/div>\n<\/div>\n<\/div>\n<\/div>\n<\/div>\n<div class=\"vc_row wpb_row vc_row-fluid\">\n<div class=\"wpb_column vc_column_container vc_col-sm-12\">\n<div class=\"vc_column-inner\">\n<div class=\"wpb_wrapper\">\n<div class=\"wpb_text_column wpb_content_element\">\n<div class=\"wpb_wrapper\">\n<p>Fiber Laser Generator<br \/>\nAcest generator laser avansat beneficiaz\u0103 de drepturi de proprietate intelectual\u0103 independente. Are un consum redus de energie, nu necesit\u0103 \u00eentre\u021binere \u0219i este u\u0219or de asamblat, ceea ce \u00eel face o surs\u0103 laser ideal\u0103 pentru aplica\u021bii industriale de sudare, t\u0103iere \u0219i cur\u0103\u021bare.<\/p>\n<p>Pistol de sudur\u0103 cu laser<br \/>\nProiectat pentru a fi u\u0219or \u0219i u\u0219or de utilizat, pistolul de sudur\u0103 cu laser are lentile duble de protec\u021bie. Lentila interioar\u0103 este u\u0219or deta\u0219abil\u0103 pentru \u00eenlocuire rapid\u0103, asigur\u00e2nd o performan\u021b\u0103 stabil\u0103 \u0219i fiabil\u0103.<\/p>\n<p>Controler<br \/>\nPanoul de operare intuitiv include comenzi tactile \u0219i ofer\u0103 o gam\u0103 complet\u0103 de func\u021bii, inclusiv moduri de sudare, cur\u0103\u021bare \u0219i t\u0103iere. De asemenea, dispune de o pagin\u0103 dedicat\u0103 pentru monitorizarea datelor sursei laser, \u00eempreun\u0103 cu informa\u021bii tehnice \u0219i asisten\u021b\u0103 \u00een peste 20 de limbi, pentru a r\u0103spunde diferitelor nevoi ale clien\u021bilor.<\/p>\n<p>Alimentator automat de s\u00e2rm\u0103<br \/>\nPentru aplica\u021biile care necesit\u0103 o rezisten\u021b\u0103 mai mare la sudare sau atunci c\u00e2nd exist\u0103 un spa\u021biu mare de sudare, este inclus un dispozitiv automat de alimentare cu s\u00e2rm\u0103.<\/p>\n<p>\u2013 It accommodates various welding wire specifications, including 0.8\/1.0\/1.2\/1.6 mm.<br \/>\n\u2013 The wire feeding speed is adjustable, allowing for quick and convenient operation.<\/p>\n<\/div>\n<\/div>\n<\/div>\n<\/div>\n<\/div>\n<\/div>\n<div class=\"vc_row wpb_row vc_row-fluid\">\n<div class=\"wpb_column vc_column_container vc_col-sm-12\">\n<div class=\"vc_column-inner\">\n<div class=\"wpb_wrapper\">\n<div class=\"wpb_single_image wpb_content_element vc_align_left wpb_content_element\">\n<figure class=\"wpb_wrapper vc_figure\">\n<div class=\"vc_single_image-wrapper   vc_box_border_grey\"><img decoding=\"async\" class=\"vc_single_image-img attachment-full\" title=\"sudor cu r\u0103cire cu aer\" src=\"https:\/\/bogonglaser.com\/wp-content\/uploads\/2024\/11\/air-cooling-welder.jpg\" sizes=\"auto, (max-width: 600px) 100vw, 600px\" srcset=\"https:\/\/bogonglaser.com\/wp-content\/uploads\/2024\/11\/air-cooling-welder.jpg 600w, https:\/\/bogonglaser.com\/wp-content\/uploads\/2024\/11\/air-cooling-welder-300x300.jpg 300w, https:\/\/bogonglaser.com\/wp-content\/uploads\/2024\/11\/air-cooling-welder-150x150.jpg 150w, https:\/\/bogonglaser.com\/wp-content\/uploads\/2024\/11\/air-cooling-welder-100x100.jpg 100w\" alt=\"sudor cu r\u0103cire cu aer\" width=\"600\" height=\"600\" \/><\/div>\n<\/figure>\n<\/div>\n<\/div>\n<\/div>\n<\/div>\n<\/div>\n<div class=\"vc_row wpb_row vc_row-fluid\">\n<div class=\"wpb_column vc_column_container vc_col-sm-12\">\n<div class=\"vc_column-inner\">\n<div class=\"wpb_wrapper\">\n<div class=\"wpb_text_column wpb_content_element\">\n<div class=\"wpb_wrapper\">\n<p>Aplica\u021bii \u0219i utiliz\u0103ri ale sudorului laser cu r\u0103cire cu aer<br \/>\nLaserele cu fibr\u0103 r\u0103cite cu aer sunt capabile s\u0103 sudeze o gam\u0103 larg\u0103 de metale, inclusiv o\u021bel inoxidabil, o\u021bel carbon, aluminiu, titan, cupru \u0219i aliaje de nichel. Eficacitatea sudurii finale depinde de propriet\u0103\u021bile specifice ale metalelor utilizate, de grosimea acestora \u0219i de tipul de \u00eembinare sudat\u0103.<\/p>\n<p>Aceste ma\u0219ini de sudur\u0103 cu laser r\u0103cite cu aer sunt deosebit de valoroase \u00een industriile care necesit\u0103 sarcini de sudur\u0103 complexe \u0219i neregulate, inclusiv produc\u021bia de dulapuri, echipamente de buc\u0103t\u0103rie, lifturi pentru sc\u0103ri, rafturi, cuptoare, balustrade din o\u021bel inoxidabil pentru u\u0219i \u0219i ferestre, cutii de distribu\u021bie \u0219i mobilier din o\u021bel inoxidabil.<\/p>\n<p>Proiecte<br \/>\nAparatele de sudur\u0103 cu laser r\u0103cite cu aer pot func\u021biona la diferite unghiuri, ceea ce le face versatile pentru diferite tipuri de \u00eembin\u0103ri metalice, cum ar fi \u00eembin\u0103rile cap la cap, \u00een poal\u0103, de col\u021b, \u00een T \u0219i de margine. Aceast\u0103 flexibilitate \u00een pozi\u021bionare permite sudarea eficient\u0103 a formelor \u0219i profilelor complexe.<\/p>\n<\/div>\n<\/div>\n<\/div>\n<\/div>\n<\/div>\n<\/div>\n<div class=\"vc_row wpb_row vc_row-fluid\">\n<div class=\"wpb_column vc_column_container vc_col-sm-12\">\n<div class=\"vc_column-inner\">\n<div class=\"wpb_wrapper\">\n<div class=\"wpb_single_image wpb_content_element vc_align_left wpb_content_element\">\n<figure class=\"wpb_wrapper vc_figure\">\n<div class=\"vc_single_image-wrapper   vc_box_border_grey\"><img decoding=\"async\" class=\"vc_single_image-img attachment-full\" title=\"sudare cu laser portabil\" src=\"https:\/\/bogonglaser.com\/wp-content\/uploads\/2024\/11\/handheld-laser-welding.jpg\" sizes=\"auto, (max-width: 600px) 100vw, 600px\" srcset=\"https:\/\/bogonglaser.com\/wp-content\/uploads\/2024\/11\/handheld-laser-welding.jpg 600w, https:\/\/bogonglaser.com\/wp-content\/uploads\/2024\/11\/handheld-laser-welding-243x300.jpg 243w\" alt=\"sudare cu laser portabil\" width=\"600\" height=\"742\" \/><\/div>\n<\/figure>\n<\/div>\n<\/div>\n<\/div>\n<\/div>\n<\/div>\n<div class=\"vc_row wpb_row vc_row-fluid\">\n<div class=\"wpb_column vc_column_container vc_col-sm-12\">\n<div class=\"vc_column-inner\">\n<div class=\"wpb_wrapper\">\n<div class=\"wpb_text_column wpb_content_element\">\n<div class=\"wpb_wrapper\">\n<p><strong>Pachet de sudor laser<\/strong><\/p>\n<\/div>\n<\/div>\n<div class=\"wpb_single_image wpb_content_element vc_align_left wpb_content_element\">\n<figure class=\"wpb_wrapper vc_figure\">\n<div class=\"vc_single_image-wrapper   vc_box_border_grey\"><img decoding=\"async\" class=\"vc_single_image-img attachment-full\" title=\"aparat de sudur\u0103 laser portabil\" src=\"https:\/\/bogonglaser.com\/wp-content\/uploads\/2024\/11\/handheld-laser-welder-machine.jpg\" sizes=\"auto, (max-width: 600px) 100vw, 600px\" srcset=\"https:\/\/bogonglaser.com\/wp-content\/uploads\/2024\/11\/handheld-laser-welder-machine.jpg 600w, https:\/\/bogonglaser.com\/wp-content\/uploads\/2024\/11\/handheld-laser-welder-machine-300x154.jpg 300w\" alt=\"aparat de sudur\u0103 laser portabil\" width=\"600\" height=\"308\" \/><\/div>\n<\/figure>\n<\/div>\n<\/div>\n<\/div>\n<\/div>\n<\/div>\n<div class=\"vc_row wpb_row vc_row-fluid\">\n<div class=\"wpb_column vc_column_container vc_col-sm-12\">\n<div class=\"vc_column-inner\">\n<div class=\"wpb_wrapper\">\n<div class=\"wpb_text_column wpb_content_element\">\n<div class=\"wpb_wrapper\">\n<p>**De ce s\u0103 alege\u021bi BOGONG LASER**<\/p>\n<p>BOGONG renumit pentru calitatea sa de echipamente laser \u0219i servicii pentru servicii post-v\u00e2nzare, Ma\u0219inile noastre sunt versatile \u0219i u\u0219or de utilizat, concepute cu toate nivelurile de calificare \u00een minte. Mai presus de toate, prioritiz\u0103m satisfac\u021bia clientului. Fie c\u0103 sunte\u021bi un expert experimentat sau un \u00eencep\u0103tor, BOGONG LASER este aici pentru a v\u0103 sprijini la fiecare pas al drumului. Ave\u021bi \u00eencredere \u00een noi \u0219i \u00een serviciile noastre, unde excelen\u021ba \u0219i inova\u021bia se unesc pentru succesul dumneavoastr\u0103.<\/p>\n<\/div>\n<\/div>\n<\/div>\n<\/div>\n<\/div>\n<\/div>","protected":false},"excerpt":{"rendered":"<h2>Sudor laser portabil r\u0103cit cu aer cu pistol de sudur\u0103 portabil<\/h2>\n<p>C\u0103uta\u021bi un aparat de sudur\u0103 accesibil pentru \u00eembin\u0103ri metalice de precizie? Consulta\u021bi acest aparat de sudur\u0103 laser portabil, r\u0103cit cu aer, u\u0219or de utilizat de c\u0103tre \u00eencep\u0103tori, prev\u0103zut cu un pistol de sudur\u0103 laser portabil.<\/p>\n<ul class=\"tips\">\n<li>350 Seturi \/ lun\u0103 \u00cen a\u0219teptare pentru v\u00e2nzare \u00cen stoc<\/li>\n<li>Garan\u021bie limitat\u0103 de 2 ani pentru \u00eentreaga ma\u0219in\u0103<\/li>\n<li>Online (PayPal) \u0219i offline (T\/T, carduri de debit \u0219i de credit)<\/li>\n<li>Asisten\u021b\u0103 tehnic\u0103 gratuit\u0103 pe via\u021b\u0103 pentru utilizatorii finali \u0219i dealeri<\/li>\n<\/ul>","protected":false},"featured_media":1870,"template":"","meta":{"_gspb_post_css":""},"product_brand":[],"product_cat":[115,95],"product_tag":[109,108,107],"class_list":{"0":"post-1869","1":"product","2":"type-product","3":"status-publish","4":"has-post-thumbnail","6":"product_cat-handheld-laser-welder","7":"product_cat-laser-welding-machine","8":"product_tag-fiber-laser-welder","9":"product_tag-handheld-laser-welder","10":"product_tag-laser-welding-machine","12":"first","13":"instock","14":"shipping-taxable","15":"product-type-simple"},"_links":{"self":[{"href":"https:\/\/bogonglaser.com\/ro\/wp-json\/wp\/v2\/product\/1869","targetHints":{"allow":["GET"]}}],"collection":[{"href":"https:\/\/bogonglaser.com\/ro\/wp-json\/wp\/v2\/product"}],"about":[{"href":"https:\/\/bogonglaser.com\/ro\/wp-json\/wp\/v2\/types\/product"}],"wp:featuredmedia":[{"embeddable":true,"href":"https:\/\/bogonglaser.com\/ro\/wp-json\/wp\/v2\/media\/1870"}],"wp:attachment":[{"href":"https:\/\/bogonglaser.com\/ro\/wp-json\/wp\/v2\/media?parent=1869"}],"wp:term":[{"taxonomy":"product_brand","embeddable":true,"href":"https:\/\/bogonglaser.com\/ro\/wp-json\/wp\/v2\/product_brand?post=1869"},{"taxonomy":"product_cat","embeddable":true,"href":"https:\/\/bogonglaser.com\/ro\/wp-json\/wp\/v2\/product_cat?post=1869"},{"taxonomy":"product_tag","embeddable":true,"href":"https:\/\/bogonglaser.com\/ro\/wp-json\/wp\/v2\/product_tag?post=1869"}],"curies":[{"name":"wp","href":"https:\/\/api.w.org\/{rel}","templated":true}]}}