{"id":1820,"date":"2024-11-14T09:28:00","date_gmt":"2024-11-14T01:28:00","guid":{"rendered":"https:\/\/bogonglaser.com\/?post_type=product&#038;p=1820"},"modified":"2025-12-10T18:20:27","modified_gmt":"2025-12-10T10:20:27","slug":"2024-popular-portable-handheld-laser-welding-machine-for-sale","status":"publish","type":"product","link":"https:\/\/bogonglaser.com\/ro\/2024-popular-portable-handheld-laser-welding-machine-for-sale\/","title":{"rendered":"2024 Ma\u0219in\u0103 de sudur\u0103 cu laser portabil\u0103 portabil\u0103 popular\u0103 pentru v\u00e2nzare"},"content":{"rendered":"<div class=\"vc_row wpb_row vc_row-fluid\">\n<div class=\"wpb_column vc_column_container vc_col-sm-12\">\n<div class=\"vc_column-inner\">\n<div class=\"wpb_wrapper\">\n<div class=\"wpb_text_column wpb_content_element\">\n<div class=\"wpb_wrapper\">\n<p>Aparatele portabile de sudur\u0103 cu laser sunt instrumente avansate concepute pentru sudarea precis\u0103 \u00een diverse industrii. Aceste aparate utilizeaz\u0103 un fascicul laser cu energie ridicat\u0103, care este transmis printr-o fibr\u0103 optic\u0103. Fasciculul este apoi convertit \u00een lumin\u0103 paralel\u0103 cu ajutorul unei lentile de colimare \u0219i focalizat pe piesele metalice sudabile, gener\u00e2nd c\u0103ldur\u0103 pentru a le lipi \u00eempreun\u0103.<\/p>\n<p>Aceste aparate portabile de sudur\u0103 cu laser sunt u\u0219or de manevrat \u0219i de utilizat cu un pistol portabil de sudur\u0103 cu laser, ceea ce le face potrivite pentru conexiunile \u00eembin\u0103rilor metalice at\u00e2t \u00een interior, c\u00e2t \u0219i \u00een exterior. Designul lor u\u0219or de utilizat se adreseaz\u0103 at\u00e2t \u00eencep\u0103torilor, c\u00e2t \u0219i profesioni\u0219tilor.<\/p>\n<p>Flexibilitatea lor permite sudarea f\u0103r\u0103 contact a componentelor dificile. Sudorul manual cu fascicul laser poate separa eficient spectrul \u00een func\u021bie de timp \u0219i energie, permi\u021b\u00e2nd crearea mai multor suduri simultane. \u00cen compara\u021bie cu sudoarele MIG, TIG \u0219i electrice tradi\u021bionale, aceast\u0103 tehnologie ofer\u0103 o precizie superioar\u0103 \u00een sudare.<\/p>\n<\/div>\n<\/div>\n<\/div>\n<\/div>\n<\/div>\n<\/div>\n<div class=\"vc_row wpb_row vc_row-fluid\">\n<div class=\"wpb_column vc_column_container vc_col-sm-12\">\n<div class=\"vc_column-inner\">\n<div class=\"wpb_wrapper\">\n<div class=\"wpb_single_image wpb_content_element vc_align_left wpb_content_element\">\n<figure class=\"wpb_wrapper vc_figure\">\n<div class=\"vc_single_image-wrapper   vc_box_border_grey\"><img decoding=\"async\" class=\"vc_single_image-img attachment-full\" title=\"LASER WELDER\" src=\"https:\/\/bogonglaser.com\/wp-content\/uploads\/2024\/11\/LASER-WELDER.jpg\" sizes=\"auto, (max-width: 700px) 100vw, 700px\" srcset=\"https:\/\/bogonglaser.com\/wp-content\/uploads\/2024\/11\/LASER-WELDER.jpg 700w, https:\/\/bogonglaser.com\/wp-content\/uploads\/2024\/11\/LASER-WELDER-300x169.jpg 300w, https:\/\/bogonglaser.com\/wp-content\/uploads\/2024\/11\/LASER-WELDER-600x338.jpg 600w\" alt=\"LASER WELDER\" width=\"700\" height=\"394\" \/><\/div>\n<\/figure>\n<\/div>\n<\/div>\n<\/div>\n<\/div>\n<\/div>\n<div class=\"vc_row wpb_row vc_row-fluid\">\n<div class=\"wpb_column vc_column_container vc_col-sm-12\">\n<div class=\"vc_column-inner\">\n<div class=\"wpb_wrapper\">\n<div class=\"wpb_text_column wpb_content_element\">\n<div class=\"wpb_wrapper\">\n<h2>Avantajul sudorului laser portabil:<\/h2>\n<p>\u2714 Ofer\u0103 diferite op\u021biuni de putere laser ( 1500W, 2000W, 3000W) pentru diferite ad\u00e2ncimi de penetrare.<\/p>\n<p>\u2714 Portabil \u0219i u\u0219or de utilizat, ceea ce \u00eel face ideal at\u00e2t pentru proiectele de sudur\u0103 \u00een interior, c\u00e2t \u0219i \u00een exterior.<\/p>\n<p>\u2714 Viteze rapide de sudare - de 2 p\u00e2n\u0103 la 10 ori mai rapide dec\u00e2t sudoarele MMA, TIG \u0219i MIG tradi\u021bionale.<\/p>\n<p>\u2714 Produce cus\u0103turi sudate drepte \u0219i uniforme care sunt netede \u0219i curate, cu penetrare profund\u0103 \u0219i conicitate minim\u0103, elimin\u00e2nd necesitatea lustruirii \u0219i economisind timp \u0219i costuri.<\/p>\n<p>\u2714 Creeaz\u0103 articula\u021bii metalice puternice f\u0103r\u0103 deformare \u0219i reduce cicatricile.<\/p>\n<p>\u2714 Consum redus de materiale \u0219i energie, contribuind la o durat\u0103 de via\u021b\u0103 mai lung\u0103.<\/p>\n<p>\u2714 U\u0219or de utilizat \u0219i sigur, cu func\u021bionare ecologic\u0103.<\/p>\n<\/div>\n<\/div>\n<\/div>\n<\/div>\n<\/div>\n<\/div>\n<div class=\"vc_row wpb_row vc_row-fluid\">\n<div class=\"wpb_column vc_column_container vc_col-sm-12\">\n<div class=\"vc_column-inner\">\n<div class=\"wpb_wrapper\">\n<div class=\"wpb_single_image wpb_content_element vc_align_left wpb_content_element\">\n<figure class=\"wpb_wrapper vc_figure\">\n<div class=\"vc_single_image-wrapper   vc_box_border_grey\"><img decoding=\"async\" class=\"vc_single_image-img attachment-full\" title=\"cur\u0103\u021b\u0103tor laser portabil\" src=\"https:\/\/bogonglaser.com\/wp-content\/uploads\/2024\/11\/handheld-laser-cleaner.jpg\" sizes=\"auto, (max-width: 700px) 100vw, 700px\" srcset=\"https:\/\/bogonglaser.com\/wp-content\/uploads\/2024\/11\/handheld-laser-cleaner.jpg 700w, https:\/\/bogonglaser.com\/wp-content\/uploads\/2024\/11\/handheld-laser-cleaner-300x169.jpg 300w, https:\/\/bogonglaser.com\/wp-content\/uploads\/2024\/11\/handheld-laser-cleaner-600x338.jpg 600w\" alt=\"cur\u0103\u021b\u0103tor laser portabil\" width=\"700\" height=\"394\" \/><\/div>\n<\/figure>\n<\/div>\n<\/div>\n<\/div>\n<\/div>\n<\/div>\n<div class=\"vc_row wpb_row vc_row-fluid\">\n<div class=\"wpb_column vc_column_container vc_col-sm-12\">\n<div class=\"vc_column-inner\">\n<div class=\"wpb_wrapper\">\n<div class=\"wpb_text_column wpb_content_element\">\n<div class=\"wpb_wrapper\">\n<h2>Caracteristici ale ma\u0219inii portabile de sudare cu laser cu fibr\u0103<\/h2>\n<p>\u21f2 Ofer\u0103 o densitate mare de energie laser cu o zon\u0103 minim\u0103 de efect termic, reduc\u00e2nd riscul de deformare \u0219i elimin\u00e2nd necesitatea unei prelucr\u0103ri ulterioare extinse.<\/p>\n<p>\u21f2 Dulap de control compact all-in-one care include generatorul laser, sursa de alimentare, r\u0103citorul industrial de ap\u0103 \u0219i controlerul - puternic, dar u\u0219or de mutat.<\/p>\n<p>\u21f2 Suport\u0103 diverse tehnici de sudare, inclusiv sudarea prin puncte, cus\u0103turi, cuie, cap la cap, poal\u0103, \u00eembinare, margine, stiv\u0103, sertizare \u0219i tee.<\/p>\n<p>\u21f2 Func\u021biile avansate de detectare \u0219i protec\u021bie asigur\u0103 o func\u021bionare stabil\u0103 pe termen lung, minimiz\u00e2nd pierderile poten\u021biale \u0219i riscurile de siguran\u021b\u0103.<\/p>\n<p>\u21f2 Func\u021bionarea f\u0103r\u0103 contact este lipsit\u0103 de stres, f\u0103r\u0103 zgomot \u0219i ecologic\u0103, aliniindu-se standardelor de procesare ecologic\u0103.<\/p>\n<p>\u21f2 Produce suduri de \u00eenalt\u0103 calitate, cu un finisaj neted \u0219i curat.<\/p>\n<p>\u21f2 Capacit\u0103\u021bile de comunicare permit monitorizarea \u00een timp real a tuturor datelor laser.<\/p>\n<p>\u21f2 Echipat cu o fibr\u0103 specializat\u0103 pentru sudarea micilor lovituri de lipire.<\/p>\n<p>\u21f2 Raza laser cu fibr\u0103 de \u00eenalt\u0103 calitate asigur\u0103 o eficien\u021b\u0103 ridicat\u0103 a conversiei, rezult\u00e2nd o vitez\u0103 de procesare rapid\u0103, un raport de aspect ridicat \u0219i suduri puternice.<\/p>\n<p>\u21f2 Un sistem spectral avansat reduce pierderea de energie, asigur\u00e2nd o energie laser uniform\u0103 pe toate fibrele.<\/p>\n<p>\u21f2 Utiliza\u021bi transmisia prin fibr\u0103 optic\u0103 pentru sudarea de la distan\u021b\u0103 \u0219i v\u0103 pute\u021bi integra cu u\u0219urin\u021b\u0103 cu bancuri de lucru automate, manipulatoare \u0219i linii de asamblare, rezult\u00e2nd pete de lumin\u0103 mai uniforme \u0219i \u00eembin\u0103ri de lipit estetice pl\u0103cute.<\/p>\n<p>\u21f2 Semnalele multiple de intrare \u0219i ie\u0219ire faciliteaz\u0103 produc\u021bia automat\u0103 \u0219i integrarea liniei de asamblare.<\/p>\n<p>\u21f2 \u00cembin\u0103rile prin lipire ecologice prezint\u0103 o rezisten\u021b\u0103 \u0219i o duritate comparabile cu sau mai mari dec\u00e2t cele ale metalului de baz\u0103.<\/p>\n<p>\u21f2 Interfa\u021b\u0103 cu ecran tactil u\u0219or de utilizat pentru configurare \u0219i operare simpl\u0103, cu un sistem de operare intuitiv care este u\u0219or de \u00eenv\u0103\u021bat.<\/p>\n<p>\u21f2 O varietate de duze unghiulare \u0219i specifica\u021bii pentru duzele de alimentare cu s\u00e2rm\u0103 sunt disponibile pentru a se potrivi diferitelor cerin\u021be ale proiectelor de sudur\u0103.<\/p>\n<\/div>\n<\/div>\n<\/div>\n<\/div>\n<\/div>\n<\/div>\n<div class=\"vc_row wpb_row vc_row-fluid\">\n<div class=\"wpb_column vc_column_container vc_col-sm-12\">\n<div class=\"vc_column-inner\">\n<div class=\"wpb_wrapper\">\n<div class=\"wpb_single_image wpb_content_element vc_align_left wpb_content_element\">\n<figure class=\"wpb_wrapper vc_figure\">\n<div class=\"vc_single_image-wrapper   vc_box_border_grey\"><img decoding=\"async\" class=\"vc_single_image-img attachment-full\" title=\"sudor laser portabil\" src=\"https:\/\/bogonglaser.com\/wp-content\/uploads\/2024\/11\/laser-welder-handheld.jpg\" sizes=\"auto, (max-width: 700px) 100vw, 700px\" srcset=\"https:\/\/bogonglaser.com\/wp-content\/uploads\/2024\/11\/laser-welder-handheld.jpg 700w, https:\/\/bogonglaser.com\/wp-content\/uploads\/2024\/11\/laser-welder-handheld-300x169.jpg 300w, https:\/\/bogonglaser.com\/wp-content\/uploads\/2024\/11\/laser-welder-handheld-600x338.jpg 600w\" alt=\"sudor laser portabil\" width=\"700\" height=\"394\" \/><\/div>\n<\/figure>\n<\/div>\n<\/div>\n<\/div>\n<\/div>\n<\/div>\n<div class=\"vc_row wpb_row vc_row-fluid\">\n<div class=\"wpb_column vc_column_container vc_col-sm-12\">\n<div class=\"vc_column-inner\">\n<div class=\"wpb_wrapper\">\n<div class=\"wpb_text_column wpb_content_element\">\n<div class=\"wpb_wrapper\">\n<h3>Ce este un pistol de sudur\u0103 laser portabil<\/h3>\n<p>Un pistol portabil de sudur\u0103 cu laser este un aparat de sudur\u0103 portabil care integreaz\u0103 un generator laser, un controler, un sistem de r\u0103cire \u0219i un alimentator automat de s\u00e2rm\u0103. Aceast\u0103 unealt\u0103 versatil\u0103 permite diverse tehnici de sudare, inclusiv sudarea cu copci, cuie, cap la cap, \u00een poal\u0103, pe margine, prin sertizare \u0219i \u00een T, ceea ce o face potrivit\u0103 pentru diverse \u00eembin\u0103ri metalice. Flexibilitatea \u0219i u\u0219urin\u021ba sa de utilizare permit sudarea pe distan\u021be lungi \u0219i \u00een aer liber, permi\u021b\u00e2nd operatorilor s\u0103 lucreze la piese sudabile \u00een orice unghi sau pozi\u021bie, ceea ce este ideal pentru manipularea \u00eembin\u0103rilor metalice complexe.<\/p>\n<p>Construc\u021bia pistolului portabil de sudare cu laser include un corp al pistolului, o camer\u0103 de r\u0103cire \u0219i o camer\u0103 de gaz protector. Designul s\u0103u compact \u0219i simplu \u00eel face u\u0219or de utilizat \u0219i de transportat. Acesta poate fi conectat cu u\u0219urin\u021b\u0103 la un mediu de r\u0103cire \u0219i la o surs\u0103 de gaz protector, r\u0103cind \u00een mod eficient pistolul laser \u0219i cre\u00e2nd o atmosfer\u0103 de gaz protector \u00een jurul zonei de lucru. Aceast\u0103 configura\u021bie asigur\u0103 o calitate fiabil\u0103 a sudurii.<\/p>\n<p>BOGONG v\u0103 ofer\u0103 mai multe m\u0103rci de cap laser pentru op\u021bional, pute\u021bi vedea videoclipul de mai jos<\/p>\n<\/div>\n<\/div>\n<\/div>\n<\/div>\n<\/div>\n<\/div>\n<div class=\"vc_row wpb_row vc_row-fluid\">\n<div class=\"wpb_column vc_column_container vc_col-sm-12\">\n<div class=\"vc_column-inner\">\n<div class=\"wpb_wrapper\">\n<div class=\"wpb_video_widget wpb_content_element vc_clearfix   vc_video-aspect-ratio-169 vc_video-el-width-100 vc_video-align-left\">\n<div class=\"wpb_wrapper\">\n<div class=\"wpb_video_wrapper\">\n<p><iframe title=\"Mai multe m\u0103rci de cap de sudur\u0103 cu laser cu fibr\u0103 portabil arat\u0103 | Care cap de sudur\u0103 cu laser este bun?\" width=\"1290\" height=\"726\" src=\"https:\/\/www.youtube.com\/embed\/NSdcJZEIYs8?feature=oembed\" frameborder=\"0\" allow=\"accelerometer; autoplay; clipboard-write; encrypted-media; gyroscope; picture-in-picture; web-share\" referrerpolicy=\"strict-origin-when-cross-origin\" allowfullscreen><\/iframe><\/p>\n<\/div>\n<\/div>\n<\/div>\n<\/div>\n<\/div>\n<\/div>\n<\/div>\n<div class=\"vc_row wpb_row vc_row-fluid\">\n<div class=\"wpb_column vc_column_container vc_col-sm-12\">\n<div class=\"vc_column-inner\">\n<div class=\"wpb_wrapper\">\n<div class=\"wpb_text_column wpb_content_element\">\n<div class=\"wpb_wrapper\">\n<h2>Aplica\u021bii pentru sudori laser portabili<\/h2>\n<p>Aparatele portabile de sudur\u0103 cu laser sunt instrumente foarte versatile, capabile s\u0103 sudeze o gam\u0103 larg\u0103 de metale \u0219i aliaje, inclusiv o\u021bel inoxidabil, o\u021bel carbon, alam\u0103, cupru, aluminiu, aur, crom, argint, titan, nichel, platin\u0103, rodiu, tantal, niobiu, tungsten, molibden \u0219i altele. Acestea pot face fa\u021b\u0103 diferitelor combina\u021bii de materiale, cum ar fi sudarea alamei cu o\u021belul inoxidabil, a cuprului cu alama, a titanului cu molibdenul, a titanului cu aurul \u0219i a nichelului cu cuprul.<\/p>\n<p>Aparatele portabile de sudur\u0103 cu laser \u00ee\u0219i g\u0103sesc aplica\u021bii \u00een diverse industrii, de la uz casnic la produc\u021bia la scar\u0103 larg\u0103:<\/p>\n<p>Avia\u021bie<br \/>\nFolosit pentru carcase de motoare, distan\u021biere de aripi, piei \u0219i nervuri de fuselaj, panouri de perete \u0219i burdufuri.<\/p>\n<p>Instrumente electronice<br \/>\nSudeaz\u0103 circuite integrate, tunuri electronice pentru tuburi de imagine, condensatori cu tantal, tuburi de control al vitezei \u0219i arcuri de p\u0103r pentru instrumente.<\/p>\n<p>Utilaje<br \/>\nIdeal pentru arcuri de precizie, piese pentru imprimante matriciale, burdufuri metalice cu pere\u021bi sub\u021biri, termocupluri \u0219i servovalve electro-hidraulice.<\/p>\n<p>Metalurgia o\u021belului<br \/>\nEficient\u0103 \u00een sudarea tablelor de o\u021bel siliconic cu grosimi de la 0,2 mm la 8 mm \u0219i l\u0103\u021bimi de la 0,5 mm la 1,8 mm, inclusiv o\u021bel cu con\u021binut ridicat, mediu \u0219i sc\u0103zut de carbon, precum \u0219i o\u021bel inoxidabil, cu viteze de sudare de la 100 cm\/min la 1000 cm\/min.<\/p>\n<p>Automobile<br \/>\nUtilizat pentru sudarea unor piese precum acoperi\u0219uri, panouri de caroserie, cadre laterale, \u0219asiu, componente de transmisie, ansambluri de angrenaje \u0219i piese ale sistemului de aprindere.<\/p>\n<p>C\u0103i ferate de mare vitez\u0103<br \/>\nEficient\u0103 pentru sudarea structurilor din fagure de miere ale caroseriilor vagoanelor de tren.<\/p>\n<p>Construc\u021bii navale<br \/>\nUtilizat pentru lucrul pe pun\u021bi, pere\u021bi etan\u0219i de cabin\u0103, pere\u021bi \u0219i elemente sandwich din pl\u0103ci plate.<\/p>\n<p>Medicale<br \/>\nImplicat \u00een produc\u021bia de stimulatoare cardiace \u0219i baterii litiu-iod utilizate \u00een aceste dispozitive.<\/p>\n<p>Industria alimentar\u0103<br \/>\nSudeaz\u0103 cutii de conserve, \u00eenlocuind metodele tradi\u021bionale de lipire \u0219i de sudare la \u00eenalt\u0103 frecven\u021b\u0103 prin contact. Acest proces nu este toxic, este rapid, eficient din punct de vedere al materialelor \u0219i produce \u00eembin\u0103ri estetice cu performan\u021be excelente.<\/p>\n<p>Alte aplica\u021bii<br \/>\nInclude sudarea pentru turbine cu gaz, schimb\u0103toare de c\u0103ldur\u0103, carcase de zinc \u0219i cupru pentru celule uscate \u0219i componente pentru reactoare nucleare.<\/p>\n<\/div>\n<\/div>\n<\/div>\n<\/div>\n<\/div>\n<\/div>\n<div class=\"vc_row wpb_row vc_row-fluid\">\n<div class=\"wpb_column vc_column_container vc_col-sm-12\">\n<div class=\"vc_column-inner\">\n<div class=\"wpb_wrapper\">\n<div class=\"wpb_text_column wpb_content_element\">\n<div class=\"wpb_wrapper\">\n<p><strong>E\u0219antioane de sudur\u0103 cu laser<\/strong><\/p>\n<\/div>\n<\/div>\n<div class=\"wpb_single_image wpb_content_element vc_align_left wpb_content_element\">\n<figure class=\"wpb_wrapper vc_figure\">\n<div class=\"vc_single_image-wrapper   vc_box_border_grey\"><img decoding=\"async\" class=\"vc_single_image-img attachment-full\" title=\"\u9ed1\u767d1500~2000w\u710a\u63a5\u673a\u710a\u63a5\u6837\u54c12 (1)\" src=\"https:\/\/bogonglaser.com\/wp-content\/uploads\/2024\/11\/%E9%BB%91%E7%99%BD15002000w%E7%84%8A%E6%8E%A5%E6%9C%BA%E7%84%8A%E6%8E%A5%E6%A0%B7%E5%93%812-1.png\" sizes=\"auto, (max-width: 800px) 100vw, 800px\" srcset=\"https:\/\/bogonglaser.com\/wp-content\/uploads\/2024\/11\/\u9ed1\u767d15002000w\u710a\u63a5\u673a\u710a\u63a5\u6837\u54c12-1.png 800w, https:\/\/bogonglaser.com\/wp-content\/uploads\/2024\/11\/\u9ed1\u767d15002000w\u710a\u63a5\u673a\u710a\u63a5\u6837\u54c12-1-300x225.png 300w, https:\/\/bogonglaser.com\/wp-content\/uploads\/2024\/11\/\u9ed1\u767d15002000w\u710a\u63a5\u673a\u710a\u63a5\u6837\u54c12-1-768x576.png 768w, https:\/\/bogonglaser.com\/wp-content\/uploads\/2024\/11\/\u9ed1\u767d15002000w\u710a\u63a5\u673a\u710a\u63a5\u6837\u54c12-1-600x450.png 600w\" alt=\"probe de sudare cu laser\" width=\"800\" height=\"600\" \/><\/div>\n<\/figure>\n<\/div>\n<\/div>\n<\/div>\n<\/div>\n<\/div>\n<div class=\"vc_row wpb_row vc_row-fluid\">\n<div class=\"wpb_column vc_column_container vc_col-sm-12\">\n<div class=\"vc_column-inner\">\n<div class=\"wpb_wrapper\">\n<div class=\"wpb_text_column wpb_content_element\">\n<div class=\"wpb_wrapper\">\n<p>Sudor cu laser vs. Sudor MMA vs. Sudor MIG vs. Sudor TIG<\/p>\n<p>Sudor MMA (Sudor manual cu arc metalic):<br \/>\nCunoscute \u0219i sub numele de MMAW sau SMAW (Shielded Metal Arc Welder), aparatele de sudur\u0103 MMA tind s\u0103 produc\u0103 multe stropi de sudur\u0103 \u0219i au o eficien\u021b\u0103 sc\u0103zut\u0103 \u00een ceea ce prive\u0219te utilizarea metalului de adaos. Acestea necesit\u0103 \u00eendep\u0103rtarea regulat\u0103 a zgurii \u0219i schimbarea frecvent\u0103 a tijei, ceea ce \u00eencetine\u0219te procesul de sudare \u0219i scade eficien\u021ba general\u0103 a produc\u021biei. \u00cen plus, acest tip de sudur\u0103 se bazeaz\u0103 foarte mult pe priceperea \u0219i experien\u021ba sudorului.<\/p>\n<p>Sudor MIG (sudor cu gaz inert metalic):<br \/>\nAparatele de sudur\u0103 MIG au un consum ridicat de s\u00e2rm\u0103 \u0219i genereaz\u0103 o c\u0103ldur\u0103 semnificativ\u0103, ceea ce faciliteaz\u0103 deformarea sau arderea pl\u0103cilor metalice sub\u021biri. Pentru pl\u0103cile de grosime medie, sudarea necesit\u0103 adesea crearea de caneluri, ceea ce duce la cus\u0103turi aspre care trebuie lustruite ulterior.<\/p>\n<p>TIG Welder (Tungsten Inert Gas Welder):<br \/>\nAparatele de sudur\u0103 TIG produc o penetrare superficial\u0103 \u0219i creeaz\u0103 o zon\u0103 larg\u0103 de topire, ceea ce le face potrivite \u00een principal pentru foi sub\u021biri de metal, dar pot provoca deform\u0103ri mari. Dac\u0103 curentul este prea mare, electrodul de tungsten se poate topi \u0219i evapora, iar alimentarea manual\u0103 cu s\u00e2rm\u0103 poate fi dificil\u0103 \u0219i ineficient\u0103.<\/p>\n<p>Sudor laser portabil:<br \/>\n\u00cen schimb, sudorii laser portabili sunt ecologici \u0219i produc suduri curate \u0219i netede, cu penetrare profund\u0103 \u0219i viteze mari, ceea ce duce la o deformare minim\u0103. Acest lucru reduce semnificativ nevoia de \u0219lefuire sau lustruire ulterioar\u0103, rezult\u00e2nd suduri drepte \u0219i uniforme, f\u0103r\u0103 a fi nevoie de operatori foarte califica\u021bi.<\/p>\n<p>\u00cen timp ce sudarea MMA, TIG \u0219i MIG necesit\u0103 de obicei sudori experimenta\u021bi \u0219i o preg\u0103tire considerabil\u0103, sudoarele laser portabile sunt u\u0219or de utilizat \u0219i simple. Acestea sunt predefinite cu parametrii utiliza\u021bi \u00een mod obi\u0219nuit, iar utilizatorii pot personaliza set\u0103rile \u0219i salva preferin\u021bele, ceea ce le permite \u00eencep\u0103torilor s\u0103 \u00eenceap\u0103 cu u\u0219urin\u021b\u0103 dup\u0103 doar c\u00e2teva ore de practic\u0103.<\/p>\n<p>\u00cen ceea ce prive\u0219te viteza, sudorii tradi\u021bionali MMA, TIG \u0219i MIG func\u021bioneaz\u0103 de obicei la o vitez\u0103 maxim\u0103 de 1 centimetru pe secund\u0103, \u00een timp ce sudorii portabili cu laser pot atinge viteze de 2 p\u00e2n\u0103 la 10 centimetri pe secund\u0103, oferind o eficien\u021b\u0103 de 2 p\u00e2n\u0103 la 10 ori mai mare dec\u00e2t cea a sudorilor cu arc manual. Aceste aparate portabile de sudur\u0103 cu laser pot prelucra diferite tipuri de metale, inclusiv o\u021bel carbon, o\u021bel inoxidabil, o\u021bel galvanizat, aliaje de aluminiu \u0219i alam\u0103, ating\u00e2nd ad\u00e2ncimi de penetrare a sudurii de p\u00e2n\u0103 la 8 mm pentru o\u021bel \u0219i 6 mm pentru aluminiu sau alam\u0103.<\/p>\n<\/div>\n<\/div>\n<\/div>\n<\/div>\n<\/div>\n<\/div>\n<div class=\"vc_row wpb_row vc_row-fluid\">\n<div class=\"wpb_column vc_column_container vc_col-sm-12\">\n<div class=\"vc_column-inner\">\n<div class=\"wpb_wrapper\">\n<div class=\"wpb_text_column wpb_content_element\">\n<div class=\"wpb_wrapper\">\n<p><strong>Pachet de sudor laser<\/strong><\/p>\n<\/div>\n<\/div>\n<div class=\"wpb_single_image wpb_content_element vc_align_left wpb_content_element\">\n<figure class=\"wpb_wrapper vc_figure\">\n<div class=\"vc_single_image-wrapper   vc_box_border_grey\"><img decoding=\"async\" class=\"vc_single_image-img attachment-full\" title=\"aparat de sudur\u0103 cu laser (1)\" src=\"https:\/\/bogonglaser.com\/wp-content\/uploads\/2024\/11\/laser-welder-machine-1.jpg\" sizes=\"auto, (max-width: 719px) 100vw, 719px\" srcset=\"https:\/\/bogonglaser.com\/wp-content\/uploads\/2024\/11\/laser-welder-machine-1.jpg 719w, https:\/\/bogonglaser.com\/wp-content\/uploads\/2024\/11\/laser-welder-machine-1-300x117.jpg 300w, https:\/\/bogonglaser.com\/wp-content\/uploads\/2024\/11\/laser-welder-machine-1-600x234.jpg 600w\" alt=\"aparat de sudur\u0103 cu laser 1\" width=\"719\" height=\"280\" \/><\/div>\n<\/figure>\n<\/div>\n<\/div>\n<\/div>\n<\/div>\n<\/div>\n<div class=\"vc_row wpb_row vc_row-fluid\">\n<div class=\"wpb_column vc_column_container vc_col-sm-12\">\n<div class=\"vc_column-inner\">\n<div class=\"wpb_wrapper\">\n<div class=\"wpb_text_column wpb_content_element\">\n<div class=\"wpb_wrapper\">\n<p>**De ce s\u0103 alege\u021bi BOGONG LASER**<\/p>\n<p>BOGONG renumit pentru calitatea sa de echipamente laser \u0219i servicii pentru servicii post-v\u00e2nzare, Ma\u0219inile noastre sunt versatile \u0219i u\u0219or de utilizat, concepute cu toate nivelurile de calificare \u00een minte. Mai presus de toate, prioritiz\u0103m satisfac\u021bia clientului. Fie c\u0103 sunte\u021bi un expert experimentat sau un \u00eencep\u0103tor, BOGONG LASER este aici pentru a v\u0103 sprijini la fiecare pas al drumului. Ave\u021bi \u00eencredere \u00een noi \u0219i \u00een serviciile noastre, unde excelen\u021ba \u0219i inova\u021bia se unesc pentru succesul dumneavoastr\u0103.<\/p>\n<\/div>\n<\/div>\n<\/div>\n<\/div>\n<\/div>\n<\/div>","protected":false},"excerpt":{"rendered":"<h2>2024 Ma\u0219in\u0103 de sudur\u0103 cu laser portabil\u0103 portabil\u0103 popular\u0103 pentru v\u00e2nzare<\/h2>\n<p>Cea mai bun\u0103 ma\u0219in\u0103 de sudur\u0103 cu laser portabil\u0103 2024 cu pistoale de sudur\u0103 cu laser cu fibr\u0103, surs\u0103 laser puternic\u0103 cu op\u021biuni de 1500W, 2000W \u0219i 3000W, \u00eempreun\u0103 cu un alimentator automat de s\u00e2rm\u0103 pentru sudarea diferitelor \u00eembin\u0103ri metalice, inclusiv \u00eembin\u0103ri de margine, fund, tee, col\u021b \u0219i poal\u0103. Acest aparat de sudur\u0103 laser portabil versatil este potrivit pentru sudarea unei game de materiale precum o\u021bel carbon, o\u021bel inoxidabil, aluminiu, alam\u0103, cupru, fier, argint, aur \u0219i multe altele sub form\u0103 de foi, tuburi \u0219i profile. Este preg\u0103tit s\u0103 \u00eenlocuiasc\u0103 metodele tradi\u021bionale de sudare, cum ar fi arc cu argon, MIG, TIG \u0219i sudori electrici pentru \u00eembinarea componentelor metalice.<\/p>\n<ul class=\"tips\">\n<li>350 Seturi \/ lun\u0103 \u00cen a\u0219teptare pentru v\u00e2nzare \u00cen stoc<\/li>\n<li>Garan\u021bie limitat\u0103 de 2 ani pentru \u00eentreaga ma\u0219in\u0103<\/li>\n<li>Online (PayPal) \u0219i offline (T\/T, carduri de debit \u0219i de credit)<\/li>\n<li>Asisten\u021b\u0103 tehnic\u0103 gratuit\u0103 pe via\u021b\u0103 pentru utilizatorii finali \u0219i dealeri<\/li>\n<\/ul>","protected":false},"featured_media":1821,"template":"","meta":{"_gspb_post_css":""},"product_brand":[],"product_cat":[115,95],"product_tag":[109,108,107],"class_list":{"0":"post-1820","1":"product","2":"type-product","3":"status-publish","4":"has-post-thumbnail","6":"product_cat-handheld-laser-welder","7":"product_cat-laser-welding-machine","8":"product_tag-fiber-laser-welder","9":"product_tag-handheld-laser-welder","10":"product_tag-laser-welding-machine","12":"first","13":"instock","14":"shipping-taxable","15":"product-type-simple"},"_links":{"self":[{"href":"https:\/\/bogonglaser.com\/ro\/wp-json\/wp\/v2\/product\/1820","targetHints":{"allow":["GET"]}}],"collection":[{"href":"https:\/\/bogonglaser.com\/ro\/wp-json\/wp\/v2\/product"}],"about":[{"href":"https:\/\/bogonglaser.com\/ro\/wp-json\/wp\/v2\/types\/product"}],"wp:featuredmedia":[{"embeddable":true,"href":"https:\/\/bogonglaser.com\/ro\/wp-json\/wp\/v2\/media\/1821"}],"wp:attachment":[{"href":"https:\/\/bogonglaser.com\/ro\/wp-json\/wp\/v2\/media?parent=1820"}],"wp:term":[{"taxonomy":"product_brand","embeddable":true,"href":"https:\/\/bogonglaser.com\/ro\/wp-json\/wp\/v2\/product_brand?post=1820"},{"taxonomy":"product_cat","embeddable":true,"href":"https:\/\/bogonglaser.com\/ro\/wp-json\/wp\/v2\/product_cat?post=1820"},{"taxonomy":"product_tag","embeddable":true,"href":"https:\/\/bogonglaser.com\/ro\/wp-json\/wp\/v2\/product_tag?post=1820"}],"curies":[{"name":"wp","href":"https:\/\/api.w.org\/{rel}","templated":true}]}}