{"id":1788,"date":"2024-11-12T10:41:34","date_gmt":"2024-11-12T02:41:34","guid":{"rendered":"https:\/\/bogonglaser.com\/?post_type=product&#038;p=1788"},"modified":"2025-12-10T16:33:11","modified_gmt":"2025-12-10T08:33:11","slug":"fiber-laser-cutting-machine","status":"publish","type":"product","link":"https:\/\/bogonglaser.com\/ro\/fiber-laser-cutting-machine\/","title":{"rendered":"Fiber Laser Cutting Machine"},"content":{"rendered":"<p>This popular fiber laser cutting machine with standard cutting size 1500*3000mm, Laser power options ranging from 1000W to 6000W, the BGC3015 delivers outstanding performance through its powerful laser sourced from top manufacturers like Raycus, IPG, or MAX. Its versatility allows for efficient cutting of materials including steel, titanium, aluminum, brass, copper, alloys, gold, silver, and iron, making it easy to tackle any project.<\/p>\n<p>\u00cen ciuda pre\u021bului s\u0103u sc\u0103zut, nu face compromisuri cu privire la caracteristici sau calitate. Echipat cu un cap de t\u0103iere cu laser \u0219i un servomotor Taiwan\/Japonia, acest aparat asigur\u0103 t\u0103ieri precise \u0219i performan\u021be constante, garant\u00e2nd c\u0103 proiectele dvs. \u00eendeplinesc cele mai \u00eenalte standarde.<\/p>\n<p>BGC3015 se m\u00e2ndre\u0219te, de asemenea, cu caracteristici avansate, cum ar fi un sistem automat de cur\u0103\u021bare a uleiului, butoane u\u0219or de utilizat pentru o func\u021bionare f\u0103r\u0103 probleme, oferindu-v\u0103 flexibilitate maxim\u0103 pentru toate nevoile dvs. de produc\u021bie.<\/p>\n<p>BGC3015 este solu\u021bia perfect\u0103 pentru proprietarii de afaceri mici care doresc s\u0103 \u00eembun\u0103t\u0103\u021beasc\u0103 produc\u021bia sau pentru pasiona\u021bii dornici s\u0103 exploreze noi posibilit\u0103\u021bi de prelucrare a metalelor. Cu BGC3015 de la BOGONG LASER, pute\u021bi ob\u021bine o prelucrare precis\u0103 a metalelor f\u0103r\u0103 s\u0103 cheltui\u021bi prea mult.<\/p>\n<div class=\"sub-header-divs\">\n<h3>Performan\u021b\u0103<\/h3>\n<\/div>\n<ul>\n<li>Mediu laser - laser cu fibr\u0103 CW 1070nm \u00een stare solid\u0103<\/li>\n<li>Putere laser - 1000W p\u00e2n\u0103 la 6000W Op\u021biuni de surs\u0103 de fibr\u0103<\/li>\n<li>Putere - 220v\u00a0<strong>monofazat\/ 380V trifazat<\/strong><\/li>\n<li>Precizia pozi\u021bion\u0103rii - \u2264\u00b10.03mm<\/li>\n<li>Precizia repetabilit\u0103\u021bii - \u2264\u00b10,02mm<\/li>\n<\/ul>\n<div class=\"sub-header-divs\">\n<h3>Sistemul<\/h3>\n<\/div>\n<ul>\n<li>Sistem de conducere - Servo cu bucl\u0103 \u00eenchis\u0103<\/li>\n<li>Mod de r\u0103cire - Ap\u0103 refrigerat\u0103<\/li>\n<\/ul>\n<p><img decoding=\"async\" class=\"size-medium wp-image-7393\" src=\"https:\/\/bogonglaser.com\/wp-content\/uploads\/2024\/11\/laser-cutting-machine-fiber-1-300x225.jpg\" alt=\"ma\u0219in\u0103 de t\u0103iat cu laser fibr\u0103\" width=\"300\" height=\"225\" title=\"\" srcset=\"https:\/\/bogonglaser.com\/wp-content\/uploads\/2024\/11\/laser-cutting-machine-fiber-1-300x225.jpg 300w, https:\/\/bogonglaser.com\/wp-content\/uploads\/2024\/11\/laser-cutting-machine-fiber-1-600x450.jpg 600w, https:\/\/bogonglaser.com\/wp-content\/uploads\/2024\/11\/laser-cutting-machine-fiber-1-768x576.jpg 768w, https:\/\/bogonglaser.com\/wp-content\/uploads\/2024\/11\/laser-cutting-machine-fiber-1-16x12.jpg 16w, https:\/\/bogonglaser.com\/wp-content\/uploads\/2024\/11\/laser-cutting-machine-fiber-1.jpg 800w\" sizes=\"(max-width: 300px) 100vw, 300px\" \/><\/p>\n<h4>Ce este Fiber Laser Cutting Machine?<\/h4>\n<p>O ma\u0219in\u0103 de t\u0103iat cu laser cu fibr\u0103 optic\u0103 este un instrument CNC avansat proiectat pentru t\u0103ierea metalelor de \u00eenalt\u0103 calitate, vitez\u0103 mare \u0219i precizie ridicat\u0103. Este un partener ideal pentru oricine este implicat \u00een fabricarea metalelor.<\/p>\n<p>Aceste ma\u0219ini de t\u0103iat cu laser cu fibr\u0103 optime ofer\u0103 diferite op\u021biuni de putere (1000W, 1500W, 2000W, 3000W, 6000W) pentru a t\u0103ia eficient prin foi \u0219i pl\u0103ci metalice. Acestea pot prelucra o gam\u0103 larg\u0103 de materiale, inclusiv o\u021bel inoxidabil, o\u021bel carbon, o\u021bel electric, o\u021bel galvanizat, pl\u0103ci de zinc din aluminiu, aluminiu, aliaje de aluminiu, aliaje de titan, cupru, alam\u0103, fier \u0219i multe altele, acomod\u00e2ndu-se cu diferite grosimi.<\/p>\n<p>Cu modelele lor u\u0219or de utilizat \u0219i capacit\u0103\u021bile puternice de t\u0103iere, aceste ma\u0219ini exceleaz\u0103 cu adev\u0103rat ca instrumente profesionale de t\u0103iere a metalelor. Pute\u021bi descoperi mai multe despre aceste op\u021biuni explor\u00e2nd selec\u021bia noastr\u0103 de ma\u0219ini de t\u0103iat metale cu laser.<\/p>\n<p><iframe title=\"1530 Fiber Laser Cutting Machine | 1000W -6000W Open Tip Laser Cutter pentru metal\" width=\"1290\" height=\"726\" src=\"https:\/\/www.youtube.com\/embed\/yXmwSwHldWo?feature=oembed\" frameborder=\"0\" allow=\"accelerometer; autoplay; clipboard-write; encrypted-media; gyroscope; picture-in-picture; web-share\" referrerpolicy=\"strict-origin-when-cross-origin\" allowfullscreen><\/iframe><\/p>\n<p><img decoding=\"async\" class=\"size-medium wp-image-7392\" src=\"https:\/\/bogonglaser.com\/wp-content\/uploads\/2024\/11\/laser-cutting-machine-fiber-4-300x225.jpg\" alt=\"ma\u0219in\u0103 de t\u0103iat cu laser fibr\u0103\" width=\"300\" height=\"225\" title=\"\" srcset=\"https:\/\/bogonglaser.com\/wp-content\/uploads\/2024\/11\/laser-cutting-machine-fiber-4-300x225.jpg 300w, https:\/\/bogonglaser.com\/wp-content\/uploads\/2024\/11\/laser-cutting-machine-fiber-4-600x450.jpg 600w, https:\/\/bogonglaser.com\/wp-content\/uploads\/2024\/11\/laser-cutting-machine-fiber-4-768x576.jpg 768w, https:\/\/bogonglaser.com\/wp-content\/uploads\/2024\/11\/laser-cutting-machine-fiber-4-16x12.jpg 16w, https:\/\/bogonglaser.com\/wp-content\/uploads\/2024\/11\/laser-cutting-machine-fiber-4.jpg 800w\" sizes=\"(max-width: 300px) 100vw, 300px\" \/><\/p>\n<p><img decoding=\"async\" class=\"size-medium wp-image-7391\" src=\"https:\/\/bogonglaser.com\/wp-content\/uploads\/2024\/11\/laser-cutting-machine-fiber-3-300x225.jpg\" alt=\"ma\u0219in\u0103 de t\u0103iat cu laser fibr\u0103\" width=\"300\" height=\"225\" title=\"\" srcset=\"https:\/\/bogonglaser.com\/wp-content\/uploads\/2024\/11\/laser-cutting-machine-fiber-3-300x225.jpg 300w, https:\/\/bogonglaser.com\/wp-content\/uploads\/2024\/11\/laser-cutting-machine-fiber-3-600x450.jpg 600w, https:\/\/bogonglaser.com\/wp-content\/uploads\/2024\/11\/laser-cutting-machine-fiber-3-768x576.jpg 768w, https:\/\/bogonglaser.com\/wp-content\/uploads\/2024\/11\/laser-cutting-machine-fiber-3-16x12.jpg 16w, https:\/\/bogonglaser.com\/wp-content\/uploads\/2024\/11\/laser-cutting-machine-fiber-3.jpg 800w\" sizes=\"(max-width: 300px) 100vw, 300px\" \/><\/p>\n<p>&nbsp;<\/p>\n<p><img decoding=\"async\" class=\"size-medium wp-image-7390\" src=\"https:\/\/bogonglaser.com\/wp-content\/uploads\/2024\/11\/laser-cutting-machine-fiber-2-300x225.jpg\" alt=\"ma\u0219in\u0103 de t\u0103iat cu laser fibr\u0103\" width=\"300\" height=\"225\" title=\"\" srcset=\"https:\/\/bogonglaser.com\/wp-content\/uploads\/2024\/11\/laser-cutting-machine-fiber-2-300x225.jpg 300w, https:\/\/bogonglaser.com\/wp-content\/uploads\/2024\/11\/laser-cutting-machine-fiber-2-600x450.jpg 600w, https:\/\/bogonglaser.com\/wp-content\/uploads\/2024\/11\/laser-cutting-machine-fiber-2-768x576.jpg 768w, https:\/\/bogonglaser.com\/wp-content\/uploads\/2024\/11\/laser-cutting-machine-fiber-2-16x12.jpg 16w, https:\/\/bogonglaser.com\/wp-content\/uploads\/2024\/11\/laser-cutting-machine-fiber-2.jpg 800w\" sizes=\"(max-width: 300px) 100vw, 300px\" \/><\/p>\n<h4>Fiber Laser Cutting Machine Industrii aplicabile<\/h4>\n<p>Mechanical and electrical equipment, sheet metal fabrication, cabinets, stainless steel products, lighting fixtures, automotive parts, glass, hardware tools, advertising signs, decorative items, and other industries<\/p>\n<p><iframe title=\"Cum func\u021bioneaz\u0103 ma\u0219ina de t\u0103iat cu laser cu fibr\u0103 optic\u0103 CNC? Cel mai bun China Optic Fiber Laser Cutter\" width=\"1290\" height=\"726\" src=\"https:\/\/www.youtube.com\/embed\/gToqINLwTWw?feature=oembed\" frameborder=\"0\" allow=\"accelerometer; autoplay; clipboard-write; encrypted-media; gyroscope; picture-in-picture; web-share\" referrerpolicy=\"strict-origin-when-cross-origin\" allowfullscreen><\/iframe><\/p>\n<p>BOGONG renumit pentru calitatea sa de echipamente laser \u0219i servicii pentru servicii post-v\u00e2nzare, Ma\u0219inile noastre sunt versatile \u0219i u\u0219or de utilizat, concepute cu toate nivelurile de calificare \u00een minte. Mai presus de toate, prioritiz\u0103m satisfac\u021bia clientului. Fie c\u0103 sunte\u021bi un expert experimentat sau un \u00eencep\u0103tor, <a href=\"https:\/\/bogonglaser.com\/ro\/\">LASER BOGONG<\/a> este aici pentru a v\u0103 sprijini la fiecare pas al drumului. Ave\u021bi \u00eencredere \u00een noi \u0219i \u00een serviciile noastre, unde excelen\u021ba \u0219i inova\u021bia se unesc pentru succesul dumneavoastr\u0103.<\/p>\n<p><img decoding=\"async\" class=\"size-medium wp-image-7376\" src=\"https:\/\/bogonglaser.com\/wp-content\/uploads\/2024\/11\/fiber-laser-cutting-machine-sealed-1-1-300x225.jpg\" alt=\"ma\u0219in\u0103 de t\u0103iere cu laser cu fibre sigilate\" width=\"300\" height=\"225\" title=\"\" srcset=\"https:\/\/bogonglaser.com\/wp-content\/uploads\/2024\/11\/fiber-laser-cutting-machine-sealed-1-1-300x225.jpg 300w, https:\/\/bogonglaser.com\/wp-content\/uploads\/2024\/11\/fiber-laser-cutting-machine-sealed-1-1-600x450.jpg 600w, https:\/\/bogonglaser.com\/wp-content\/uploads\/2024\/11\/fiber-laser-cutting-machine-sealed-1-1-768x576.jpg 768w, https:\/\/bogonglaser.com\/wp-content\/uploads\/2024\/11\/fiber-laser-cutting-machine-sealed-1-1-16x12.jpg 16w, https:\/\/bogonglaser.com\/wp-content\/uploads\/2024\/11\/fiber-laser-cutting-machine-sealed-1-1.jpg 800w\" sizes=\"(max-width: 300px) 100vw, 300px\" \/><\/p>","protected":false},"excerpt":{"rendered":"<h3>Cele mai populare Fiber Laser Metal Cutter de v\u00e2nzare<\/h3>\n<p>Ma\u0219ina de t\u0103iere cu laser cu fibr\u0103 de top 2024 capabil\u0103 s\u0103 taie materiale precum o\u021bel, titan, aluminiu, alam\u0103, cupru, aliaje, aur, argint \u0219i fier. Acesta ofer\u0103 op\u021biuni de putere de 1000W, 1500W, 2000W, 3000W \u0219i 6000W. \u00cen prezent, acest cutter laser cu fibr\u0103 optic\u0103 rentabil este disponibil la un pre\u021b atractiv, \u00eenso\u021bit de servicii profesionale \u0219i asisten\u021b\u0103 pentru un sistem superior de t\u0103iere cu laser a metalelor.<\/p>\n<ul class=\"tips\">\n<li>200 seturi \/ lun\u0103 \u00cen a\u0219teptare pentru v\u00e2nzare \u00cen stoc<\/li>\n<li>Garan\u021bie limitat\u0103 de 2 ani pentru \u00eentreaga ma\u0219in\u0103<\/li>\n<li>Online (PayPal) \u0219i offline (T\/T, carduri de debit \u0219i de credit)<\/li>\n<li>Asisten\u021b\u0103 tehnic\u0103 gratuit\u0103 pe via\u021b\u0103 pentru utilizatorii finali \u0219i dealeri<\/li>\n<\/ul>","protected":false},"featured_media":5174,"template":"","meta":{"_gspb_post_css":""},"product_brand":[],"product_cat":[117,92,118],"product_tag":[105,106],"class_list":{"0":"post-1788","1":"product","2":"type-product","3":"status-publish","4":"has-post-thumbnail","6":"product_cat-fiber-laser-cutting-machine","7":"product_cat-laser-cutting-machine","8":"product_cat-laser-metal-cutting-machine","9":"product_tag-fiber-laser-cutting-machine","10":"product_tag-laser-cutting-machine","12":"first","13":"instock","14":"shipping-taxable","15":"product-type-simple"},"_links":{"self":[{"href":"https:\/\/bogonglaser.com\/ro\/wp-json\/wp\/v2\/product\/1788","targetHints":{"allow":["GET"]}}],"collection":[{"href":"https:\/\/bogonglaser.com\/ro\/wp-json\/wp\/v2\/product"}],"about":[{"href":"https:\/\/bogonglaser.com\/ro\/wp-json\/wp\/v2\/types\/product"}],"wp:featuredmedia":[{"embeddable":true,"href":"https:\/\/bogonglaser.com\/ro\/wp-json\/wp\/v2\/media\/5174"}],"wp:attachment":[{"href":"https:\/\/bogonglaser.com\/ro\/wp-json\/wp\/v2\/media?parent=1788"}],"wp:term":[{"taxonomy":"product_brand","embeddable":true,"href":"https:\/\/bogonglaser.com\/ro\/wp-json\/wp\/v2\/product_brand?post=1788"},{"taxonomy":"product_cat","embeddable":true,"href":"https:\/\/bogonglaser.com\/ro\/wp-json\/wp\/v2\/product_cat?post=1788"},{"taxonomy":"product_tag","embeddable":true,"href":"https:\/\/bogonglaser.com\/ro\/wp-json\/wp\/v2\/product_tag?post=1788"}],"curies":[{"name":"wp","href":"https:\/\/api.w.org\/{rel}","templated":true}]}}