{"id":1784,"date":"2024-11-11T16:28:51","date_gmt":"2024-11-11T08:28:51","guid":{"rendered":"https:\/\/bogonglaser.com\/?post_type=product&#038;p=1784"},"modified":"2025-12-10T17:17:38","modified_gmt":"2025-12-10T09:17:38","slug":"co2-laser-marking-machine","status":"publish","type":"product","link":"https:\/\/bogonglaser.com\/ro\/co2-laser-marking-machine\/","title":{"rendered":"Ma\u0219in\u0103 de marcat cu laser CO2"},"content":{"rendered":"<h2>Ce este un laser CO2?<\/h2>\n<p>Laserele CO2 utilizeaz\u0103 ca mediu gazul CO2, care este con\u021binut \u00eentr-un tub echipat cu electrozi pentru desc\u0103rcare electric\u0103. Atunci c\u00e2nd are loc o desc\u0103rcare electric\u0103, aceasta creeaz\u0103 plasm\u0103 \u00een gaz, iar lumina rezultat\u0103 este amplificat\u0103 pe m\u0103sur\u0103 ce sare \u00eentre o oglind\u0103 reflectorizant\u0103 total\u0103 \u0219i un cuplor de ie\u0219ire. Aceast\u0103 lumin\u0103 amplificat\u0103 este apoi emis\u0103 sub form\u0103 de laser.<\/p>\n<p>Marcatoarele laser CO2 au o lungime de und\u0103 de 10 ori mai mare dec\u00e2t cea a laserelor tradi\u021bionale cu fibr\u0103. Acestea sunt deosebit de eficiente pentru marcarea materialelor precum plasticul, h\u00e2rtia, r\u0103\u0219inile, lemnul, cauciucul \u0219i chiar substan\u021bele transparente precum sticla \u0219i PET-ul.<\/p>\n<figure id=\"attachment_7450\" aria-describedby=\"caption-attachment-7450\" style=\"width: 300px\" class=\"wp-caption alignnone\"><img decoding=\"async\" class=\"size-medium wp-image-7450\" src=\"https:\/\/bogonglaser.com\/wp-content\/uploads\/2024\/11\/CO2-Laser-marking-machine-1-300x225.jpg\" alt=\"Ma\u0219in\u0103 de marcat cu laser CO2\" width=\"300\" height=\"225\" title=\"\" srcset=\"https:\/\/bogonglaser.com\/wp-content\/uploads\/2024\/11\/CO2-Laser-marking-machine-1-300x225.jpg 300w, https:\/\/bogonglaser.com\/wp-content\/uploads\/2024\/11\/CO2-Laser-marking-machine-1-600x450.jpg 600w, https:\/\/bogonglaser.com\/wp-content\/uploads\/2024\/11\/CO2-Laser-marking-machine-1-768x576.jpg 768w, https:\/\/bogonglaser.com\/wp-content\/uploads\/2024\/11\/CO2-Laser-marking-machine-1-16x12.jpg 16w, https:\/\/bogonglaser.com\/wp-content\/uploads\/2024\/11\/CO2-Laser-marking-machine-1.jpg 800w\" sizes=\"(max-width: 300px) 100vw, 300px\" \/><figcaption id=\"caption-attachment-7450\" class=\"wp-caption-text\">Ma\u0219in\u0103 de marcat cu laser CO2<\/figcaption><\/figure>\n<p><iframe title=\"Ce poate face o ma\u0219in\u0103 de marcat cu laser CO2?\" width=\"1290\" height=\"726\" src=\"https:\/\/www.youtube.com\/embed\/RFstd3JMNEw?feature=oembed\" frameborder=\"0\" allow=\"accelerometer; autoplay; clipboard-write; encrypted-media; gyroscope; picture-in-picture; web-share\" referrerpolicy=\"strict-origin-when-cross-origin\" allowfullscreen><\/iframe><\/p>\n<p>Ma\u0219in\u0103 de marcat cu laser CO2: Aplica\u021bii de marcare<\/p>\n<p><a href=\"https:\/\/bogonglaser.com\/ro\/laser-marking-machine\/co2-laser-marking-machine\/\">Ma\u0219ini de marcat cu laser CO2<\/a> sunt capabile s\u0103 marcheze o gam\u0103 larg\u0103 de materiale nemetalice. Acestea includ materiale precum bambus, lemn, h\u00e2rtie, ABS, PVC, r\u0103\u0219in\u0103 epoxidic\u0103, acril, piele, sticl\u0103, pl\u0103ci ceramice \u0219i cauciuc. Aplica\u021bie \u00een diverse industrii, inclusiv ambalaje farmaceutice, ambalaje alimentare, ambalaje pentru b\u0103uturi, materiale plastice, textile, piele, artizanat din lemn, electronic\u0103, comunica\u021bii, ceasuri, ochelari, imprimare \u0219i multe altele.<\/p>\n<figure id=\"attachment_7451\" aria-describedby=\"caption-attachment-7451\" style=\"width: 300px\" class=\"wp-caption alignnone\"><img decoding=\"async\" class=\"size-medium wp-image-7451\" src=\"https:\/\/bogonglaser.com\/wp-content\/uploads\/2024\/11\/CO2-Laser-marking-machine-300x225.png\" alt=\"Ma\u0219in\u0103 de marcat cu laser CO2\" width=\"300\" height=\"225\" title=\"\" srcset=\"https:\/\/bogonglaser.com\/wp-content\/uploads\/2024\/11\/CO2-Laser-marking-machine-300x225.png 300w, https:\/\/bogonglaser.com\/wp-content\/uploads\/2024\/11\/CO2-Laser-marking-machine-600x450.png 600w, https:\/\/bogonglaser.com\/wp-content\/uploads\/2024\/11\/CO2-Laser-marking-machine-768x576.png 768w, https:\/\/bogonglaser.com\/wp-content\/uploads\/2024\/11\/CO2-Laser-marking-machine-16x12.png 16w, https:\/\/bogonglaser.com\/wp-content\/uploads\/2024\/11\/CO2-Laser-marking-machine.png 800w\" sizes=\"(max-width: 300px) 100vw, 300px\" \/><figcaption id=\"caption-attachment-7451\" class=\"wp-caption-text\">Ma\u0219in\u0103 de marcat cu laser CO2<\/figcaption><\/figure>\n<h2>Ce putem face pentru dumneavoastr\u0103?<\/h2>\n<ul>\n<li><span class=\"magic-19\"><b class=\"magic-19\"><span class=\"magic-18\">Probe de testare gratuite -<\/span><\/b><span class=\"magic-20\" data-spm-anchor-id=\"a2700.details.0.i41.41d82402R4aegi\">Putem efectua teste gratuite privind efectul de marcare \u00een func\u021bie de materialul produsului dvs.<\/span><\/span><\/li>\n<li><span class=\"magic-19\"><b class=\"magic-19\"><span class=\"magic-18\">Video Live-<\/span><\/b><span class=\"magic-20\">V\u0103 pute\u021bi conecta cu consultan\u021bii no\u0219tri de v\u00e2nz\u0103ri pentru a viziona procesul de produc\u021bie \u0219i func\u021bionarea ma\u0219inii \u00een video online.<\/span><\/span><\/li>\n<li><span class=\"magic-19\"><b class=\"magic-19\"><span class=\"magic-18\">Personalizat \/OEM-<\/span><\/b><span class=\"magic-20\" data-spm-anchor-id=\"a2700.details.0.i40.41d82402R4aegi\">Ma\u0219ini personalizate la cerere\uff0cContacta\u021bi-ne<\/span><\/span><\/li>\n<\/ul>\n<p>&nbsp;<\/p>\n<h3>Ce piese trebuie s\u0103 aleg pentru ma\u0219ina de marcat cu laser CO2<\/h3>\n<ul>\n<li>Dispozitiv rotativ: exist\u0103 mai multe dispozitive rotative cu stil diferit \u0219i diametrul clemei, cum ar fi 50D 65D 80D<\/li>\n<\/ul>\n<p>Condi\u021bii de plat\u0103 pentru ma\u0219ina de marcat cu laser CO2<\/p>\n<p>1. Depozit \u0219i sold: Un depozit 30% T \/ T este necesar \u00een avans, cu soldul datorat \u00eenainte de expediere.<\/p>\n<p>2. Alibaba Trade Assurance: Pl\u0103\u021bile pot fi procesate prin Alibaba Trade Assurance.<\/p>\n<p>\u00centreb\u0103ri frecvente pentru ma\u0219ina de marcat cu laser CO2<\/p>\n<p>Care este ambalajul pentru <a href=\"https:\/\/bogonglaser.com\/ro\/laser-marking-machine\/co2-laser-marking-machine\/\">Ma\u0219in\u0103 de marcat cu laser CO2<\/a>?<br \/>\nMa\u0219inile noastre sunt ambalate \u00eentr-o configura\u021bie cu trei straturi. Stratul exterior const\u0103 dintr-o lad\u0103 din lemn, stratul de mijloc este prev\u0103zut cu umplutur\u0103 din spum\u0103 pentru a proteja \u00eempotriva zdruncin\u0103turilor, iar stratul interior include o pung\u0103 groas\u0103 din plastic pentru impermeabilizare.<\/p>\n<p>Pachetul va fi deteriorat \u00een timpul transportului?<br \/>\nWe meticulously design our packaging to address all potential damage factors, and our shipping agents are experienced in safe transportation. We have successfully exported to 180 countries, so you can rest assured that your parcel will arrive in excellent condition<\/p>\n<p>Majoritatea clien\u021bilor aleg transportul prin UPS\/DHL express, poate ajunge la destina\u021bie \u00een aproximativ 5-7 zile, contacta\u021bi cu <a href=\"https:\/\/bogonglaser.com\/ro\/\">Laser BOGONG<\/a> pentru a ob\u021bine mai multe detalii despre fibra laser metal gravver pentru argint alam\u0103 aur cupru.<\/p>","protected":false},"excerpt":{"rendered":"<h2>Ma\u0219in\u0103 de marcat cu laser CO2<\/h2>\n<p>Gravatoarele cu laser CO\u2082 sunt denumite astfel pentru utilizarea gazului CO\u2082 ca mediu laser. Procesul implic\u0103 generarea de plasm\u0103 din gazul CO\u2082 \u00een interiorul unui tub. Aceast\u0103 lumin\u0103 este apoi amplificat\u0103 \u00eentre o oglind\u0103 reflectorizant\u0103 \u0219i un cuplaj de ie\u0219ire \u00eenainte de a fi eliberat\u0103 sub forma unui fascicul laser. Laserul are o lungime de und\u0103 de 10600 nm, ceea ce \u00eel face foarte dependent de c\u0103ldur\u0103. Laserele CO\u2082 sunt deosebit de eficiente pentru \u00eendep\u0103rtarea materialelor \u0219i pentru marcarea materialelor organice precum cartonul, plasticul, sticla \u0219i lemnul.<\/p>\n<ul class=\"tips\">\n<li>350 Seturi \/ lun\u0103 \u00cen a\u0219teptare pentru v\u00e2nzare \u00cen stoc<\/li>\n<li>Garan\u021bie limitat\u0103 de 2 ani pentru \u00eentreaga ma\u0219in\u0103<\/li>\n<li>3-5 zile preg\u0103tirea ma\u0219inii laser, 3-7 zile transport.<\/li>\n<li>Online (PayPal) \u0219i offline (T\/T, carduri de debit \u0219i de credit)<\/li>\n<\/ul>","protected":false},"featured_media":1800,"template":"","meta":{"_gspb_post_css":""},"product_brand":[],"product_cat":[98,93,96],"product_tag":[102],"class_list":{"0":"post-1784","1":"product","2":"type-product","3":"status-publish","4":"has-post-thumbnail","6":"product_cat-co2-laser-marker","7":"product_cat-laser-engraving-machine","8":"product_cat-laser-marking-machine","9":"product_tag-laser-marking-machine","11":"first","12":"instock","13":"shipping-taxable","14":"product-type-simple"},"_links":{"self":[{"href":"https:\/\/bogonglaser.com\/ro\/wp-json\/wp\/v2\/product\/1784","targetHints":{"allow":["GET"]}}],"collection":[{"href":"https:\/\/bogonglaser.com\/ro\/wp-json\/wp\/v2\/product"}],"about":[{"href":"https:\/\/bogonglaser.com\/ro\/wp-json\/wp\/v2\/types\/product"}],"wp:featuredmedia":[{"embeddable":true,"href":"https:\/\/bogonglaser.com\/ro\/wp-json\/wp\/v2\/media\/1800"}],"wp:attachment":[{"href":"https:\/\/bogonglaser.com\/ro\/wp-json\/wp\/v2\/media?parent=1784"}],"wp:term":[{"taxonomy":"product_brand","embeddable":true,"href":"https:\/\/bogonglaser.com\/ro\/wp-json\/wp\/v2\/product_brand?post=1784"},{"taxonomy":"product_cat","embeddable":true,"href":"https:\/\/bogonglaser.com\/ro\/wp-json\/wp\/v2\/product_cat?post=1784"},{"taxonomy":"product_tag","embeddable":true,"href":"https:\/\/bogonglaser.com\/ro\/wp-json\/wp\/v2\/product_tag?post=1784"}],"curies":[{"name":"wp","href":"https:\/\/api.w.org\/{rel}","templated":true}]}}