{"id":1780,"date":"2024-11-11T14:52:48","date_gmt":"2024-11-11T06:52:48","guid":{"rendered":"https:\/\/bogonglaser.com\/?post_type=product&#038;p=1780"},"modified":"2025-12-10T17:40:40","modified_gmt":"2025-12-10T09:40:40","slug":"1000w-pulse-laser-cleaning-machine-%e5%a4%8d%e5%88%b6","status":"publish","type":"product","link":"https:\/\/bogonglaser.com\/ro\/1000w-pulse-laser-cleaning-machine-%e5%a4%8d%e5%88%b6\/","title":{"rendered":"Ma\u0219in\u0103 de cur\u0103\u021bat cu laser cu puls 1000W"},"content":{"rendered":"<div class=\"Content-module__content___jmKA6 _content_dc5hu_45\">\n<div class=\"react-scroll-to-bottom--css-kubvu-79elbk _chat-scroller_g10pz_99\">\n<div class=\"react-scroll-to-bottom--css-kubvu-1n7m0yu _chat-scroller__scroll_g10pz_102\">\n<div class=\"_message-list_g10pz_92\">\n<div class=\"_container_g10pz_1\">\n<div class=\"_container__content_g10pz_14\">\n<div class=\"_container__message_g10pz_41 _container__message--assistant_g10pz_61\">\n<div class=\"_message_g10pz_27\">\n<div class=\"_message__content_g10pz_53\">\n<div class=\"MessageContent-module__message-content___Am59P MessageContent-module__message-content--markdown___oLH9Y\">\n<h2>Avantajele ma\u0219inii de cur\u0103\u021bat cu laser cu puls de 1000W?<\/h2>\n<p>Tehnologia de cur\u0103\u021bare cu laser cu impulsuri utilizeaz\u0103 un laser cu impulsuri puternice de 1000 W pentru a cur\u0103\u021ba suprafe\u021bele, prin generarea rapid\u0103 de temperaturi ridicate \u0219i expansiune termic\u0103, care ajut\u0103 la \u00eendep\u0103rtarea contaminan\u021bilor. Aceast\u0103 metod\u0103 este extrem de eficient\u0103 \u0219i delicat\u0103, asigur\u00e2ndu-se c\u0103 nu deterioreaz\u0103 suprafe\u021bele materialelor cur\u0103\u021bate, ceea ce o face perfect\u0103 pentru o serie de aplica\u021bii.<\/p>\n<\/div>\n<\/div>\n<\/div>\n<\/div>\n<\/div>\n<\/div>\n<\/div>\n<\/div>\n<\/div>\n<\/div>\n<figure id=\"attachment_7479\" aria-describedby=\"caption-attachment-7479\" style=\"width: 300px\" class=\"wp-caption alignnone\"><img decoding=\"async\" class=\"size-medium wp-image-7479\" src=\"https:\/\/bogonglaser.com\/wp-content\/uploads\/2024\/11\/500w-laser-cleaning-machine-1-300x233.jpg\" alt=\"Ma\u0219in\u0103 de cur\u0103\u021bat cu laser 500w\" width=\"300\" height=\"233\" title=\"\" srcset=\"https:\/\/bogonglaser.com\/wp-content\/uploads\/2024\/11\/500w-laser-cleaning-machine-1-300x233.jpg 300w, https:\/\/bogonglaser.com\/wp-content\/uploads\/2024\/11\/500w-laser-cleaning-machine-1-15x12.jpg 15w, https:\/\/bogonglaser.com\/wp-content\/uploads\/2024\/11\/500w-laser-cleaning-machine-1.jpg 502w\" sizes=\"(max-width: 300px) 100vw, 300px\" \/><figcaption id=\"caption-attachment-7479\" class=\"wp-caption-text\">Ma\u0219in\u0103 de cur\u0103\u021bat cu laser 500w<\/figcaption><\/figure>\n<div class=\"Content-module__content___jmKA6 _content_dc5hu_45\">\n<div class=\"react-scroll-to-bottom--css-kubvu-79elbk _chat-scroller_g10pz_99\">\n<div class=\"react-scroll-to-bottom--css-kubvu-1n7m0yu _chat-scroller__scroll_g10pz_102\">\n<div class=\"_message-list_g10pz_92\">\n<div class=\"_container_g10pz_1\">\n<div class=\"_container__content_g10pz_14\">\n<div class=\"_container__message_g10pz_41 _container__message--assistant_g10pz_61\">\n<div class=\"_message_g10pz_27\">\n<div class=\"_message__content_g10pz_53\">\n<div class=\"MessageContent-module__message-content___Am59P MessageContent-module__message-content--markdown___oLH9Y\">\n<p>Caracteristica principal\u0103 de mai jos:<\/p>\n<\/div>\n<\/div>\n<\/div>\n<\/div>\n<\/div>\n<\/div>\n<\/div>\n<\/div>\n<\/div>\n<\/div>\n<ul>\n<li>Tip laser: Laser MOPA<br \/>\nPutere laser: 1000W<br \/>\nIntervalul de ie\u0219ire (dac\u0103 este reglabil): 0-100%<br \/>\nFormarea pulsului: MOPA (factor de calitate)<br \/>\nGenerator laser: JPT<br \/>\nLungimea fibrei: 5m<br \/>\nTipul de r\u0103cire: R\u0103cire cu ap\u0103, BOGONG v\u0103 ofer\u0103, de asemenea, ma\u0219in\u0103 laser cu r\u0103cire cu aer, o pute\u021bi g\u0103si \u00een articolul de mai jos<br \/>\nDup\u0103 v\u00e2nzare: 2 ani<\/li>\n<\/ul>\n<figure id=\"attachment_7483\" aria-describedby=\"caption-attachment-7483\" style=\"width: 300px\" class=\"wp-caption alignnone\"><img decoding=\"async\" class=\"size-medium wp-image-7483\" src=\"https:\/\/bogonglaser.com\/wp-content\/uploads\/2024\/11\/500w-pulse-laser-cleaning-machine-1-300x181.jpg\" alt=\"Ma\u0219in\u0103 de cur\u0103\u021bat cu laser cu puls de 500w\" width=\"300\" height=\"181\" title=\"\" srcset=\"https:\/\/bogonglaser.com\/wp-content\/uploads\/2024\/11\/500w-pulse-laser-cleaning-machine-1-300x181.jpg 300w, https:\/\/bogonglaser.com\/wp-content\/uploads\/2024\/11\/500w-pulse-laser-cleaning-machine-1-600x362.jpg 600w, https:\/\/bogonglaser.com\/wp-content\/uploads\/2024\/11\/500w-pulse-laser-cleaning-machine-1-18x12.jpg 18w, https:\/\/bogonglaser.com\/wp-content\/uploads\/2024\/11\/500w-pulse-laser-cleaning-machine-1.jpg 732w\" sizes=\"(max-width: 300px) 100vw, 300px\" \/><figcaption id=\"caption-attachment-7483\" class=\"wp-caption-text\">Ma\u0219in\u0103 de cur\u0103\u021bat cu laser cu puls de 500w<\/figcaption><\/figure>\n<div class=\"Content-module__content___jmKA6 _content_dc5hu_45\">\n<div class=\"react-scroll-to-bottom--css-kubvu-79elbk _chat-scroller_g10pz_99\">\n<div class=\"react-scroll-to-bottom--css-kubvu-1n7m0yu _chat-scroller__scroll_g10pz_102\">\n<div class=\"_message-list_g10pz_92\">\n<div class=\"_container_g10pz_1\">\n<div class=\"_container__content_g10pz_14\">\n<div class=\"_container__message_g10pz_41 _container__message--assistant_g10pz_61\">\n<div class=\"_message_g10pz_27\">\n<div class=\"_message__content_g10pz_53\">\n<div class=\"MessageContent-module__message-content___Am59P MessageContent-module__message-content--markdown___oLH9Y\">\n<div class=\"container section-title-container\">\n<p><iframe title=\"Puternic 1000W Pulse Laser Cleaner | Cel mai bun 1kw Laser ma\u0219in\u0103 de cur\u0103\u021bare\" width=\"1290\" height=\"726\" src=\"https:\/\/www.youtube.com\/embed\/KfdLMoQN_kg?feature=oembed\" frameborder=\"0\" allow=\"accelerometer; autoplay; clipboard-write; encrypted-media; gyroscope; picture-in-picture; web-share\" referrerpolicy=\"strict-origin-when-cross-origin\" allowfullscreen><\/iframe><\/p>\n<h2 class=\"section-title section-title-normal\"><span class=\"section-title-main\">9 Moduri de cur\u0103\u021bare a ma\u0219inii de \u00eentindere cu laser<\/span><\/h2>\n<\/div>\n<p>Interfa\u021ba de operare a ma\u0219inii de cur\u0103\u021bat cu laser cu puls BOGONG ofer\u0103 9 moduri de cur\u0103\u021bare:<\/p>\n<ol>\n<li>Mod linie dreapt\u0103<\/li>\n<li>Mod dreptunghiular 1<\/li>\n<li>Mod dreptunghiular 2<\/li>\n<li>Mod circular<\/li>\n<li>Mod sinusoidal<\/li>\n<li>Modul spiral\u0103<\/li>\n<li>Mod liber<\/li>\n<li>Mod inel<\/li>\n<li>Mod de rotire<\/li>\n<\/ol>\n<div id=\"image_1635238231\" class=\"img has-hover x md-x lg-x y md-y lg-y\">\n<div class=\"Content-module__content___jmKA6 _content_dc5hu_45\">\n<div class=\"react-scroll-to-bottom--css-kubvu-79elbk _chat-scroller_g10pz_99\">\n<div class=\"react-scroll-to-bottom--css-kubvu-1n7m0yu _chat-scroller__scroll_g10pz_102\">\n<div class=\"_message-list_g10pz_92\">\n<div class=\"_container_g10pz_1\">\n<div class=\"_container__content_g10pz_14\">\n<div class=\"_container__message_g10pz_41 _container__message--assistant_g10pz_61\">\n<div class=\"_message_g10pz_27\">\n<div class=\"_message__content_g10pz_53\">\n<div class=\"MessageContent-module__message-content___Am59P MessageContent-module__message-content--markdown___oLH9Y\">\n<p>Pute\u021bi schimba aceste moduri prin op\u021biunea \"Mod scanare\" din interfa\u021b\u0103.<\/p>\n<p>Unele moduri de cur\u0103\u021bare sunt mai bl\u00e2nde \u0219i func\u021bioneaz\u0103 bine pe materiale care necesit\u0103 o atingere delicat\u0103, aparatul nostru v\u0103 poate ajuta s\u0103 minimiza\u021bi sau s\u0103 elimina\u021bi complet orice urm\u0103 dup\u0103 cur\u0103\u021bare. Pe de alt\u0103 parte, exist\u0103 moduri mai puternice care sunt perfecte pentru abordarea murd\u0103riei sau a acoperirilor \u00eenc\u0103p\u0103\u021b\u00e2nate.<\/p>\n<p>Alegerea modului corect de cur\u0103\u021bare este esen\u021bial\u0103 pentru a v\u0103 asigura c\u0103 suprafe\u021bele dvs. arat\u0103 bine \u0219i \u00ee\u0219i men\u021bin calitatea. Acest lucru este deosebit de important \u00een industrii precum produc\u021bia de automobile, industria aerospa\u021bial\u0103 \u0219i electronic\u0103. BOGONG v\u0103 ofer\u0103 parametri pentru \u00eendep\u0103rtarea vopselei, ruginei, uleiului, etc. Acestea sunt excelente pentru noii \u00eencep\u0103tori.<\/p>\n<\/div>\n<\/div>\n<\/div>\n<\/div>\n<\/div>\n<\/div>\n<\/div>\n<\/div>\n<\/div>\n<\/div>\n<div class=\"_message-box_1luju_5\">\n<div class=\"_message-box__content_1luju_15\">\n<form action=\"\">\n<div class=\"MessageBox-module__messagebox___n4MAC\">\n<div class=\"MessageBox-module__messagebox__content___-xFbz\">\n<figure id=\"attachment_7482\" aria-describedby=\"caption-attachment-7482\" style=\"width: 300px\" class=\"wp-caption alignnone\"><img decoding=\"async\" class=\"size-medium wp-image-7482\" src=\"https:\/\/bogonglaser.com\/wp-content\/uploads\/2024\/11\/9-cleaning-modes-of-portable-laser-cleaner--300x120.jpg\" alt=\"9 moduri de cur\u0103\u021bare ale cur\u0103\u021b\u0103torului laser portabil\" width=\"300\" height=\"120\" title=\"\" srcset=\"https:\/\/bogonglaser.com\/wp-content\/uploads\/2024\/11\/9-cleaning-modes-of-portable-laser-cleaner--300x120.jpg 300w, https:\/\/bogonglaser.com\/wp-content\/uploads\/2024\/11\/9-cleaning-modes-of-portable-laser-cleaner--600x241.jpg 600w, https:\/\/bogonglaser.com\/wp-content\/uploads\/2024\/11\/9-cleaning-modes-of-portable-laser-cleaner--1024x411.jpg 1024w, https:\/\/bogonglaser.com\/wp-content\/uploads\/2024\/11\/9-cleaning-modes-of-portable-laser-cleaner--768x308.jpg 768w, https:\/\/bogonglaser.com\/wp-content\/uploads\/2024\/11\/9-cleaning-modes-of-portable-laser-cleaner--18x7.jpg 18w, https:\/\/bogonglaser.com\/wp-content\/uploads\/2024\/11\/9-cleaning-modes-of-portable-laser-cleaner-.jpg 1536w\" sizes=\"(max-width: 300px) 100vw, 300px\" \/><figcaption id=\"caption-attachment-7482\" class=\"wp-caption-text\">9 moduri de cur\u0103\u021bare ale cur\u0103\u021b\u0103torului laser portabil<\/figcaption><\/figure>\n<\/div>\n<\/div>\n<input type=\"hidden\" name=\"trp-form-language\" value=\"ro\"\/><\/form>\n<\/div>\n<\/div>\n<\/div>\n<\/div>\n<\/div>\n<\/div>\n<\/div>\n<\/div>\n<\/div>\n<\/div>\n<\/div>\n<\/div>\n<\/div>\n<h2>Exist\u0103 16 limbi acceptate pentru selectarea dvs.<\/h2>\n<p>Pulsul <a href=\"https:\/\/bogonglaser.com\/ro\/laser-cleaning-machine\/\">ma\u0219in\u0103 de cur\u0103\u021bat cu laser<\/a> accept\u0103 \u00een prezent mai multe limbi, inclusiv englez\u0103, rus\u0103, japonez\u0103, spaniol\u0103, german\u0103, coreean\u0103, francez\u0103, polonez\u0103 \u0219i alte 16.<\/p>\n<p>Pute\u021bi comuta cu u\u0219urin\u021b\u0103 \u00eentre aceste limbi pe interfa\u021ba ma\u0219inii. Dac\u0103 ave\u021bi nevoie de limbi suplimentare, oferim, de asemenea, servicii lingvistice personalizate pentru a v\u0103 satisface nevoile.<\/p>\n<figure id=\"attachment_7481\" aria-describedby=\"caption-attachment-7481\" style=\"width: 300px\" class=\"wp-caption alignnone\"><img decoding=\"async\" class=\"size-medium wp-image-7481\" src=\"https:\/\/bogonglaser.com\/wp-content\/uploads\/2024\/11\/16-Supported-Languages-for-Laser-Cleaner--300x175.webp\" alt=\"16 limbi acceptate pentru Laser Cleaner\" width=\"300\" height=\"175\" title=\"\" srcset=\"https:\/\/bogonglaser.com\/wp-content\/uploads\/2024\/11\/16-Supported-Languages-for-Laser-Cleaner--300x175.webp 300w, https:\/\/bogonglaser.com\/wp-content\/uploads\/2024\/11\/16-Supported-Languages-for-Laser-Cleaner--600x350.webp 600w, https:\/\/bogonglaser.com\/wp-content\/uploads\/2024\/11\/16-Supported-Languages-for-Laser-Cleaner--18x12.webp 18w, https:\/\/bogonglaser.com\/wp-content\/uploads\/2024\/11\/16-Supported-Languages-for-Laser-Cleaner-.webp 768w\" sizes=\"(max-width: 300px) 100vw, 300px\" \/><figcaption id=\"caption-attachment-7481\" class=\"wp-caption-text\">16 limbi acceptate pentru Laser Cleaner<\/figcaption><\/figure>\n<h2>Caracteristica ma\u0219inii de cur\u0103\u021bat cu laser cu puls de 1000W<\/h2>\n<ul>\n<li><strong>Tehnologie laser pulsat\u0103 de mare putere 1000W:<\/strong> Ofer\u0103 impulsuri puternice de energie care \u00eendep\u0103rteaz\u0103 rapid \u0219i eficient rugina, uleiul \u0219i reziduurile.<\/li>\n<li><strong>Capacit\u0103\u021bi de cur\u0103\u021bare fin\u0103:<\/strong> Ofer\u0103 rezultate precise de cur\u0103\u021bare, fiind ideal pentru aplica\u021bii care necesit\u0103 o aten\u021bie meticuloas\u0103.<\/li>\n<li><strong>Eficien\u021b\u0103 ridicat\u0103:<\/strong> Reduce drastic timpul de cur\u0103\u021bare \u00een compara\u021bie cu metodele tradi\u021bionale, sporind productivitatea \u0219i reduc\u00e2nd costurile opera\u021bionale.<\/li>\n<li><strong>Cur\u0103\u021bare nedistructiv\u0103:<\/strong> Folose\u0219te o abordare f\u0103r\u0103 contact \u0219i non-abrasiv\u0103 care protejeaz\u0103 materialul de baz\u0103 \u0219i elimin\u0103 riscul de deteriorare.<\/li>\n<li><strong>Func\u021bionare prietenoas\u0103:<\/strong> Dispune de o interfa\u021b\u0103 intuitiv\u0103 \u0219i un design ergonomic pentru o utilizare u\u0219oar\u0103, necesit\u00e2nd o instruire minim\u0103.<\/li>\n<\/ul>\n<p><strong>Beneficii:<\/strong><\/p>\n<ul>\n<li><strong>Performan\u021b\u0103 superioar\u0103 de cur\u0103\u021bare:<\/strong> Atinge\u021bi un nivel ridicat de cur\u0103\u021benie, esen\u021bial pentru performan\u021be optime \u00een diverse medii industriale.<\/li>\n<li><strong>Solu\u021bie rentabil\u0103:<\/strong> Reduce nevoia de consumabile, cum ar fi substan\u021bele chimice \u0219i abrazivele, ceea ce duce la economii pe termen lung.<\/li>\n<li><strong>Ecologic:<\/strong> Genereaz\u0103 de\u0219euri minime \u0219i elimin\u0103 substan\u021bele chimice d\u0103un\u0103toare, contribuind la un loc de munc\u0103 mai sigur \u0219i mai ecologic.<\/li>\n<li><strong>Aplica\u021bii versatile:<\/strong> Eficient pentru cur\u0103\u021barea unei game largi de materiale, inclusiv metale \u0219i materiale compozite, \u00een diferite industrii.<\/li>\n<\/ul>\n<p><strong>Aplica\u021bii:<\/strong><\/p>\n<ul>\n<li><strong>\u00cendep\u0103rtarea ruginii:<\/strong> Elimin\u0103 eficient coroziunea de pe suprafe\u021bele metalice, readuc\u00e2ndu-le la starea lor ini\u021bial\u0103 f\u0103r\u0103 a utiliza metode abrazive.<\/li>\n<li><strong>Cur\u0103\u021barea uleiurilor \u0219i gr\u0103similor:<\/strong> \u00cendep\u0103rteaz\u0103 uleiurile, lubrifian\u021bii \u0219i al\u021bi contaminan\u021bi care pot afecta performan\u021ba sau aderen\u021ba \u00een procesele de fabrica\u021bie.<\/li>\n<li><strong>Preg\u0103tirea suprafe\u021bei:<\/strong> Preg\u0103te\u0219te suprafe\u021bele pentru vopsire, acoperire sau sudare, asigur\u00e2ndu-se c\u0103 acestea sunt curate \u0219i lipsite de contaminan\u021bi.<\/li>\n<li><strong>\u00centre\u021binere \u0219i restaurare:<\/strong> Perfect pentru cur\u0103\u021barea utilajelor, uneltelor \u0219i echipamentelor, prelungindu-le durata de via\u021b\u0103 \u0219i men\u021bin\u00e2ndu-le func\u021bionalitatea maxim\u0103.<\/li>\n<li>\n<p><figure id=\"attachment_7480\" aria-describedby=\"caption-attachment-7480\" style=\"width: 265px\" class=\"wp-caption alignnone\"><img decoding=\"async\" class=\"size-medium wp-image-7480\" src=\"https:\/\/bogonglaser.com\/wp-content\/uploads\/2024\/11\/500w-laser-cleaning-machine-2-265x300.jpg\" alt=\"Ma\u0219in\u0103 de cur\u0103\u021bat cu laser 500w\" width=\"265\" height=\"300\" title=\"\" srcset=\"https:\/\/bogonglaser.com\/wp-content\/uploads\/2024\/11\/500w-laser-cleaning-machine-2-265x300.jpg 265w, https:\/\/bogonglaser.com\/wp-content\/uploads\/2024\/11\/500w-laser-cleaning-machine-2-600x680.jpg 600w, https:\/\/bogonglaser.com\/wp-content\/uploads\/2024\/11\/500w-laser-cleaning-machine-2-768x870.jpg 768w, https:\/\/bogonglaser.com\/wp-content\/uploads\/2024\/11\/500w-laser-cleaning-machine-2-11x12.jpg 11w, https:\/\/bogonglaser.com\/wp-content\/uploads\/2024\/11\/500w-laser-cleaning-machine-2.jpg 790w\" sizes=\"(max-width: 265px) 100vw, 265px\" \/><figcaption id=\"caption-attachment-7480\" class=\"wp-caption-text\">Ma\u0219in\u0103 de cur\u0103\u021bat cu laser 500w<\/figcaption><\/figure><\/li>\n<li><\/li>\n<\/ul>\n<p>Condi\u021bii de plat\u0103<\/p>\n<p>1. Depozit \u0219i sold: Un depozit 30% T \/ T este necesar \u00een avans, cu soldul datorat \u00eenainte de expediere.<\/p>\n<p>2. Alibaba Trade Assurance: Pl\u0103\u021bile pot fi procesate prin Alibaba Trade Assurance.<\/p>\n<p>\u00centreb\u0103ri frecvente pentru ma\u0219ina de cur\u0103\u021bare cu laser cu fibr\u0103 de 1000w<\/p>\n<p>Care este ambalajul pentru aparatul de cur\u0103\u021bat cu laser?<br \/>\nMa\u0219inile noastre sunt ambalate \u00eentr-o configura\u021bie cu trei straturi. Stratul exterior const\u0103 dintr-o lad\u0103 din lemn, stratul de mijloc este prev\u0103zut cu umplutur\u0103 din spum\u0103 pentru a proteja \u00eempotriva zdruncin\u0103turilor, iar stratul interior include o pung\u0103 groas\u0103 din plastic pentru impermeabilizare.<\/p>\n<p>Pachetul va fi deteriorat \u00een timpul transportului?<br \/>\nNe proiect\u0103m meticulos ambalajul pentru a aborda to\u021bi factorii poten\u021biali de deteriorare, iar agen\u021bii no\u0219tri de expediere au experien\u021b\u0103 \u00een transportul \u00een siguran\u021b\u0103. Am exportat cu succes \u00een 180 de \u021b\u0103ri, astfel \u00eenc\u00e2t pute\u021bi fi siguri c\u0103 coletul dvs. va ajunge \u00een condi\u021bii excelente.<\/p>\n<p>Majoritatea clien\u021bilor aleg transportul prin UPS\/DHL express, poate ajunge la destina\u021bie \u00een aproximativ 5-7 zile, contacta\u021bi cu <a href=\"https:\/\/bogonglaser.com\/ro\/\">Laser BOGONG<\/a> pentru a ob\u021bine mai multe detalii despre pulsul 1000W<a href=\"https:\/\/bogonglaser.com\/ro\/laser-cleaning-machine\/\"> ma\u0219in\u0103 de cur\u0103\u021bat cu laser<\/a>.<\/p>\n<p><a class=\"elementor-accordion-title\" tabindex=\"0\">C\u00e2t de mult este pre\u021bul unei ma\u0219ini de cur\u0103\u021bat cu laser cu puls de 1000W?<\/a><\/p>","protected":false},"excerpt":{"rendered":"<h2>Ma\u0219in\u0103 de cur\u0103\u021bat cu laser cu puls 1000W<\/h2>\n<p>Ma\u0219ina de cur\u0103\u021bat cu laser cu impulsuri de 1000 W este special conceput\u0103 pentru cur\u0103\u021barea eficient\u0103 a diferi\u021bilor contaminan\u021bi de pe suprafe\u021bele metalice, inclusiv rugin\u0103, vopsea, acoperiri, pete de ulei \u0219i pelicule de oxid. De asemenea, este potrivit pentru cur\u0103\u021barea substraturilor nemetalice, cum ar fi ceramica, sticla \u0219i materialele compozite.<\/p>\n<p>Printre scenariile comune de aplicare se num\u0103r\u0103:<\/p>\n<p>- \u00cendep\u0103rtarea peliculelor de oxid natural din aliajele de aluminiu \u00eenainte de sudare.<br \/>\n- Cur\u0103\u021barea oxidului de cenu\u0219\u0103 neagr\u0103 dup\u0103 sudarea t\u0103vilor de baterii.<br \/>\n- Preg\u0103tirea sudurilor boghiurilor de tren pentru detectarea defectelor.<br \/>\n- Cur\u0103\u021barea pieselor de tabl\u0103 auto \u00eenainte de recondi\u021bionare.<br \/>\n- Accesarea zonelor greu accesibile pe care periile de s\u00e2rm\u0103 tradi\u021bionale nu le pot cur\u0103\u021ba.<\/p>\n<p>Aceast\u0103 versatilitate face din produs un instrument esen\u021bial pentru men\u021binerea integrit\u0103\u021bii structurale \u0219i asigurarea calit\u0103\u021bii \u00een diverse industrii.<\/p>\n<ul class=\"tips\">\n<li>100 seturi \/ lun\u0103 \u00cen a\u0219teptare pentru v\u00e2nzare \u00cen stoc<\/li>\n<li>Garan\u021bie limitat\u0103 de 2 ani pentru \u00eentreaga ma\u0219in\u0103<\/li>\n<li>3-5 zile preg\u0103tirea ma\u0219inii laser, 3-7 zile transport.<\/li>\n<li>Online (PayPal) \u0219i offline (T\/T, carduri de debit \u0219i de credit)<\/li>\n<\/ul>","protected":false},"featured_media":1761,"template":"","meta":{"_gspb_post_css":""},"product_brand":[],"product_cat":[94],"product_tag":[101,100],"class_list":{"0":"post-1780","1":"product","2":"type-product","3":"status-publish","4":"has-post-thumbnail","6":"product_cat-laser-cleaning-machine","7":"product_tag-laser-cleaner","8":"product_tag-laser-cleaning-machine","10":"first","11":"instock","12":"shipping-taxable","13":"product-type-simple"},"_links":{"self":[{"href":"https:\/\/bogonglaser.com\/ro\/wp-json\/wp\/v2\/product\/1780","targetHints":{"allow":["GET"]}}],"collection":[{"href":"https:\/\/bogonglaser.com\/ro\/wp-json\/wp\/v2\/product"}],"about":[{"href":"https:\/\/bogonglaser.com\/ro\/wp-json\/wp\/v2\/types\/product"}],"wp:featuredmedia":[{"embeddable":true,"href":"https:\/\/bogonglaser.com\/ro\/wp-json\/wp\/v2\/media\/1761"}],"wp:attachment":[{"href":"https:\/\/bogonglaser.com\/ro\/wp-json\/wp\/v2\/media?parent=1780"}],"wp:term":[{"taxonomy":"product_brand","embeddable":true,"href":"https:\/\/bogonglaser.com\/ro\/wp-json\/wp\/v2\/product_brand?post=1780"},{"taxonomy":"product_cat","embeddable":true,"href":"https:\/\/bogonglaser.com\/ro\/wp-json\/wp\/v2\/product_cat?post=1780"},{"taxonomy":"product_tag","embeddable":true,"href":"https:\/\/bogonglaser.com\/ro\/wp-json\/wp\/v2\/product_tag?post=1780"}],"curies":[{"name":"wp","href":"https:\/\/api.w.org\/{rel}","templated":true}]}}