{"id":1746,"date":"2024-11-06T21:16:20","date_gmt":"2024-11-06T13:16:20","guid":{"rendered":"https:\/\/bogonglaser.com\/?post_type=product&#038;p=1746"},"modified":"2026-02-02T18:17:27","modified_gmt":"2026-02-02T10:17:27","slug":"best-200w-pulse-laser-cleaning-machine","status":"publish","type":"product","link":"https:\/\/bogonglaser.com\/ro\/best-200w-pulse-laser-cleaning-machine\/","title":{"rendered":"Cel mai bun 200W Pulse Laser Ma\u0219in\u0103 de cur\u0103\u021bare"},"content":{"rendered":"<h2>Ce este o ma\u0219in\u0103 de cur\u0103\u021bat cu laser cu puls 200W<\/h2>\n<p>Pulsul de 200W<a href=\"https:\/\/bogonglaser.com\/ro\/laser-cleaning-machine\/\"> ma\u0219in\u0103 de cur\u0103\u021bat cu laser<\/a> este un dispozitiv laser care a fost conceput special pentru sarcini de cur\u0103\u021bare industrial\u0103. Acesta utilizeaz\u0103 tehnologia avansat\u0103 de cur\u0103\u021bare cu laser MOPA, care este o metod\u0103 f\u0103r\u0103 contact care \u00eendep\u0103rteaz\u0103 eficient rugina, vopseaua, acoperirea \u0219i al\u021bi contaminan\u021bi de pe suprafe\u021be, protej\u00e2nd \u00een acela\u0219i timp materialul de dedesubt. compara\u021bi cu cur\u0103\u021b\u0103torul laser 300W, energia laser 200w este pu\u021bin mai slab\u0103 dec\u00e2t 300w.<\/p>\n<p>Cu o putere nominal\u0103 de 200 W, acest aparat emite o raz\u0103 laser care poate aborda rapid \u0219i eficient chiar \u0219i cele mai dure straturi de murd\u0103rie. Procesul de cur\u0103\u021bare func\u021bioneaz\u0103 prin direc\u021bionarea energiei laser pe suprafa\u021ba contaminat\u0103. Energia laser absorbit\u0103 de contaminan\u021bi \u00eenc\u0103lze\u0219te rapid suprafa\u021ba, provoc\u00e2nd evaporarea aproape instantanee a contaminan\u021bilor. Acest proces nu deterioreaz\u0103 materialul de baz\u0103, deoarece durata efectului laserului este extrem de scurt\u0103 (de obicei \u00eentre nanosecunde \u0219i microsecunde), l\u0103s\u00e2nd \u00een urm\u0103 o suprafa\u021b\u0103 curat\u0103.<\/p>\n<p>Una dintre caracteristicile deosebite ale acestui aparat sunt set\u0103rile de putere reglabile \u0219i diferitele moduri de scanare, care permit utilizatorilor s\u0103 personalizeze procesul de cur\u0103\u021bare \u00een func\u021bie de suprafa\u021ba specific\u0103 \u0219i de tipul de contaminare. Acest lucru \u00eenseamn\u0103 c\u0103 pute\u021bi ob\u021bine rezultate optime f\u0103r\u0103 a risca s\u0103 deteriora\u021bi materialul de dedesubt. De asemenea, are o interfa\u021b\u0103 intuitiv\u0103 \u0219i set\u0103ri programabile, ceea ce \u00eel face u\u0219or de utilizat \u0219i u\u0219or de operat. \u00cen general, este o solu\u021bie eficient\u0103 pentru oricine are nevoie de cur\u0103\u021bare industrial\u0103 precis\u0103.<\/p>\n<p>Caracteristica principal\u0103 de mai jos:<\/p>\n<ul>\n<li>Tip laser: Laser cu fibr\u0103<br \/>\nPutere laser: 200W<br \/>\nIntervalul de ie\u0219ire (dac\u0103 este reglabil): 0-100%<br \/>\nFormarea impulsurilor: MOPA Q-Switched (factor de calitate)<br \/>\nGenerator laser: JPT<br \/>\nZona de cur\u0103\u021bare: 100*100mm (op\u021bional 130x130mm, 150x150mm)<br \/>\nLungimea fibrei: 5m<br \/>\nTip de r\u0103cire: Aer<br \/>\nDup\u0103 v\u00e2nzare: 2 ani<\/li>\n<\/ul>\n<p><iframe title=\"200W Pulse Laser Cleaner | 200W Pulse Laser Cleaning Machine\" width=\"1290\" height=\"726\" src=\"https:\/\/www.youtube.com\/embed\/K8XqcUOiTa0?feature=oembed\" frameborder=\"0\" allow=\"accelerometer; autoplay; clipboard-write; encrypted-media; gyroscope; picture-in-picture; web-share\" referrerpolicy=\"strict-origin-when-cross-origin\" allowfullscreen><\/iframe><\/p>\n<h2>Caracteristici ale cur\u0103\u021b\u0103torului laser cu puls de 200W:<\/h2>\n<p>Spre deosebire de cur\u0103\u021b\u0103toarele cu laser cu fibr\u0103 continu\u0103 (CW), acest sistem de cur\u0103\u021bare cu laser pulsat utilizeaz\u0103 un cap de cur\u0103\u021bare inteligent cu oscila\u021bie dubl\u0103 \u0219i ofer\u0103 o gam\u0103 versatil\u0103 de 8 moduri de cur\u0103\u021bare pentru a satisface diverse nevoi. Acesta gestioneaz\u0103 eficient puterea de intrare prin ajustarea l\u0103\u021bimii pulsului, frecven\u021bei etc., men\u021bin\u00e2nd temperaturi optime pentru piesa de prelucrat \u0219i minimiz\u00e2nd \u00een acela\u0219i timp pierderea de energie, ceea ce \u00eembun\u0103t\u0103\u021be\u0219te eficien\u021ba general\u0103.<\/p>\n<p><strong>Utiliza\u021bi un software prietenos<\/strong> - Construit pentru confort, acest dispozitiv de cur\u0103\u021bare cu laser este echipat cu un cablu de fibr\u0103 de 5 metri lungime, permi\u021b\u00e2nd o func\u021bionare flexibil\u0103 f\u0103r\u0103 constr\u00e2ngeri spa\u021biale. exist\u0103 2 ecrane tactile cu BOGONG 300W Laser Machine, un ecran tactil pe capul laser, un alt ecran tactil pe cabinetul ma\u0219inii, pute\u021bi ajusta parametrii \u00een mod liber. Interfa\u021ba sa IO extins\u0103 faciliteaz\u0103 integrarea u\u0219oar\u0103 cu manipulatoare pentru procese automate de cur\u0103\u021bare. \u00cen plus, sunt furnizate manuale cuprinz\u0103toare \u00een limba englez\u0103 \u0219i videoclipuri de operare, asigur\u00e2nd o experien\u021b\u0103 de \u00eenv\u0103\u021bare u\u0219oar\u0103 \u0219i rapid\u0103 pentru utilizatorii acestui aparat de \u00eendep\u0103rtare a ruginii cu laser.<\/p>\n<p><strong>Capacitate monomodal\u0103<\/strong> - Ma\u0219ina de cur\u0103\u021bat cu laser pulsat monomod de tip 2mj este extrem de versatil\u0103, potrivit\u0103 pentru o gam\u0103 larg\u0103 de aplica\u021bii, inclusiv cur\u0103\u021barea suprafe\u021belor metalice, piese auto, piatr\u0103, lemn, plastic \u0219i alte materiale care necesit\u0103 cur\u0103\u021bare la putere mare. Acesta exceleaz\u0103 la abordarea lucr\u0103rilor dificile cu aderen\u021b\u0103 puternic\u0103, substan\u021be greu de \u00eendep\u0103rtat, rugin\u0103 grea, straturi de oxid \u0219i vopsea groas\u0103.<\/p>\n<p><strong>Precizie multimodal\u0103<\/strong> - Ma\u0219ina de cur\u0103\u021bat cu laser pulsat multimod 15mj este ideal\u0103 pentru aplica\u021bii care necesit\u0103 o precizie ridicat\u0103, cum ar fi cur\u0103\u021barea pieselor de precizie, \u00eentre\u021binerea echipamentelor electronice \u0219i tratarea microcomponentelor. Este special conceput pentru scenarii care implic\u0103 aderen\u021b\u0103 u\u0219oar\u0103, contaminan\u021bi u\u0219or de \u00eendep\u0103rtat, rugin\u0103 u\u0219oar\u0103 \u0219i aplica\u021bii \u00een care evitarea deterior\u0103rii este critic\u0103, alege\u021bi modul multiplu pentru cur\u0103\u021barea matri\u021belor.<\/p>\n<p><iframe title=\"Diferen\u021ba real\u0103 \u00eentre 2mj 5mj 15mj Pulse Laser Cleaning Machine? Tophat VS Gauss care este cel mai bun?\" width=\"1290\" height=\"726\" src=\"https:\/\/www.youtube.com\/embed\/XWgilh9T0is?feature=oembed\" frameborder=\"0\" allow=\"accelerometer; autoplay; clipboard-write; encrypted-media; gyroscope; picture-in-picture; web-share\" referrerpolicy=\"strict-origin-when-cross-origin\" allowfullscreen><\/iframe><\/p>\n<h3>De ce s\u0103 alege\u021bi <a href=\"https:\/\/bogonglaser.com\/ro\/\">Bogong Laser Cleaner<\/a><\/h3>\n<ul>\n<li>Cu o vast\u0103 experien\u021b\u0103 \u00een tehnologia de cur\u0103\u021bare cu laser, ne specializ\u0103m \u00een furnizarea de solu\u021bii avansate personalizate pentru a v\u0103 satisface cerin\u021bele specifice. Echipa noastr\u0103 de ingineri \u0219i tehnicieni exper\u021bi posed\u0103 cuno\u0219tin\u021be profunde despre industrie, asigur\u00e2ndu-v\u0103 c\u0103 primi\u021bi solu\u021bia ideal\u0103 <a href=\"https:\/\/bogonglaser.com\/ro\/laser-cleaning-machine\/\">ma\u0219in\u0103 de cur\u0103\u021bat cu laser<\/a> adaptate pentru aplica\u021biile dvs. unice.<\/li>\n<li>Am salvat deja parametrul pentru \u00eendep\u0103rtarea ruginii, vopsirea etc., pute\u021bi \u00eencepe cur\u0103\u021barea cu laser cu u\u0219urin\u021b\u0103 dup\u0103 ce a\u021bi primit-o.<\/li>\n<li>Bogong nu numai c\u0103 ofer\u0103 dispozitive laser de \u00eenalt\u0103 calitate, dar \u0219i cele mai bune servicii post-v\u00e2nzare \u00een ultimii ani.<\/li>\n<\/ul>\n<p><iframe title=\"300W Ma\u0219in\u0103 de cur\u0103\u021bare cu laser cu puls | Cel mai bun sistem automat de restaurare a pieselor de afaceri de cur\u0103\u021bare a instrumentelor\" width=\"1290\" height=\"726\" src=\"https:\/\/www.youtube.com\/embed\/iEI1zAgPy5g?feature=oembed\" frameborder=\"0\" allow=\"accelerometer; autoplay; clipboard-write; encrypted-media; gyroscope; picture-in-picture; web-share\" referrerpolicy=\"strict-origin-when-cross-origin\" allowfullscreen><\/iframe><\/p>\n<p><iframe title=\"MOLD LASER CLEANING MACHINE | Mold Laser Cleaning Machine\" width=\"1290\" height=\"726\" src=\"https:\/\/www.youtube.com\/embed\/tspq0apVAt0?feature=oembed\" frameborder=\"0\" allow=\"accelerometer; autoplay; clipboard-write; encrypted-media; gyroscope; picture-in-picture; web-share\" referrerpolicy=\"strict-origin-when-cross-origin\" allowfullscreen><\/iframe><\/p>\n<h2>Cum func\u021bioneaz\u0103 ma\u0219ina de cur\u0103\u021bare cu laser cu 200 de impulsuri?<\/h2>\n<p>Ma\u0219ina de cur\u0103\u021bat cu laser cu puls de 200 W utilizeaz\u0103 tehnologia laser avansat\u0103 pentru a \u00eendep\u0103rta eficient contaminan\u021bii de pe suprafe\u021be. Iat\u0103 o scurt\u0103 prezentare general\u0103 a modului \u00een care func\u021bioneaz\u0103:<\/p>\n<ol>\n<li><strong>Emisie laser<\/strong>: Acesta genereaz\u0103 un fascicul laser pulsat de 200 W care emite rafale scurte de energie pentru o cur\u0103\u021bare precis\u0103.<\/li>\n<li><strong>Cur\u0103\u021bare direc\u021bionat\u0103<\/strong>: Atunci c\u00e2nd este \u00eendreptat\u0103 c\u0103tre o suprafa\u021b\u0103, energia laserului este absorbit\u0103 de contaminan\u021bi precum rugina sau vopseaua.<\/li>\n<li><strong>Vaporizare<\/strong>: Energia absorbit\u0103 \u00eenc\u0103lze\u0219te rapid contaminan\u021bii, determin\u00e2ndu-i s\u0103 se vaporizeze f\u0103r\u0103 a deteriora materialul de baz\u0103.<\/li>\n<li><strong>Eliminarea selectiv\u0103<\/strong>: Procesul vizeaz\u0103 selectiv numai contaminan\u021bii, p\u0103str\u00e2nd integritatea suprafe\u021bei.<\/li>\n<li><strong>Set\u0103ri reglabile<\/strong>: Dispune de set\u0103ri de putere personalizabile \u0219i op\u021biuni de focalizare pentru diferite suprafe\u021be \u0219i niveluri de contaminare.<\/li>\n<\/ol>\n<p>\u00cen general, ma\u0219ina de cur\u0103\u021bat cu laser cu puls de 200W ofer\u0103 o solu\u021bie eficient\u0103, precis\u0103 \u0219i versatil\u0103 pentru aplica\u021biile de cur\u0103\u021bare industrial\u0103.<\/p>\n<p><iframe title=\"200W Pulse Laser de cur\u0103\u021bare ma\u0219in\u0103 Feedback\" width=\"1290\" height=\"726\" src=\"https:\/\/www.youtube.com\/embed\/EpK-C5kgbms?feature=oembed\" frameborder=\"0\" allow=\"accelerometer; autoplay; clipboard-write; encrypted-media; gyroscope; picture-in-picture; web-share\" referrerpolicy=\"strict-origin-when-cross-origin\" allowfullscreen><\/iframe><\/p>\n<h3>Cum s\u0103 alege\u021bi ma\u0219ina de cur\u0103\u021bare cu laser cu impulsuri potrivit\u0103<\/h3>\n<p>Alegerea ma\u0219inii de cur\u0103\u021bare cu laser cu puls potrivit va fi important\u0103 pentru afacerea dvs., cum s\u0103 v\u0103 asigura\u021bi c\u0103 ma\u0219ina v\u0103 satisface nevoile specifice. Iat\u0103 un ghid pentru a v\u0103 ajuta s\u0103 lua\u021bi o decizie \u00een cuno\u0219tin\u021b\u0103 de cauz\u0103:<\/p>\n<ol>\n<li><strong>Compatibilitatea materialelor<\/strong>: Determina\u021bi tipurile de materiale pe care inten\u021biona\u021bi s\u0103 le cur\u0103\u021ba\u021bi (de exemplu, rugin\u0103, vopsea, pe metal, lemn, acrilic etc.). Asigura\u021bi-v\u0103 c\u0103 ma\u0219ina pe care o alege\u021bi poate manipula eficient aceste materiale.<\/li>\n<li><strong>Tip laser<\/strong>: Diferite tipuri de laser 2mj, 5mj \u0219i 15mj, laser diferit, rezultat diferit.<\/li>\n<li><strong>Dimensiunea zonei de lucru<\/strong>: Evalua\u021bi dimensiunea zonei de cur\u0103\u021bare \u00een func\u021bie de proiectele pe care inten\u021biona\u021bi s\u0103 le \u00eentreprinde\u021bi. Asigura\u021bi-v\u0103 c\u0103 ma\u0219ina are o zon\u0103 de lucru adecvat\u0103 pentru articolele dvs. alege\u021bi obiectivul F-theta corect, v\u0103 rug\u0103m s\u0103 \u00eentreba\u021bi v\u00e2nz\u0103rile noastre despre acest lucru.<\/li>\n<li><strong>U\u0219urin\u021ba de utilizare<\/strong>: C\u0103uta\u021bi ma\u0219ini cu software u\u0219or de utilizat, care s\u0103 permit\u0103 proiectarea \u0219i operarea u\u0219oar\u0103.<\/li>\n<li><strong>Asisten\u021b\u0103 pentru clien\u021bi \u0219i garan\u021bie<\/strong>: Cerceta\u021bi op\u021biunile de asisten\u021b\u0103 ale produc\u0103torului \u0219i garan\u021bia oferit\u0103. Un serviciu clien\u021bi fiabil poate fi esen\u021bial pentru depanare \u0219i \u00eentre\u021binere.<\/li>\n<\/ol>\n<p>Pute\u021bi g\u0103si mai multe feedback-uri ale clien\u021bilor de pe canalul youtube BOGONG.<\/p>\n<p>Condi\u021bii de plat\u0103<\/p>\n<p>1. Depozit \u0219i sold: Un depozit 30% T \/ T este necesar \u00een avans, cu soldul datorat \u00eenainte de expediere.<\/p>\n<p>2. Alibaba Trade Assurance: Pl\u0103\u021bile pot fi procesate prin Alibaba Trade Assurance.<\/p>\n<p>\u00centreb\u0103ri frecvente pentru 3D Fiber Laser Metal Engraver Cutter<\/p>\n<p>Care este ambalajul pentru ma\u0219ina de marcat cu laser cu fibr\u0103 3d?<br \/>\nMa\u0219inile noastre sunt ambalate \u00eentr-o configura\u021bie cu trei straturi. Stratul exterior const\u0103 dintr-o lad\u0103 din lemn, stratul de mijloc este prev\u0103zut cu umplutur\u0103 din spum\u0103 pentru a proteja \u00eempotriva zdruncin\u0103turilor, iar stratul interior include o pung\u0103 groas\u0103 din plastic pentru impermeabilizare.<\/p>\n<p>Pachetul va fi deteriorat \u00een timpul transportului?<br \/>\nNe proiect\u0103m meticulos ambalajul pentru a aborda to\u021bi factorii poten\u021biali de deteriorare, iar agen\u021bii no\u0219tri de expediere au experien\u021b\u0103 \u00een transportul \u00een siguran\u021b\u0103. Am exportat cu succes \u00een 180 de \u021b\u0103ri, astfel \u00eenc\u00e2t pute\u021bi fi siguri c\u0103 coletul dvs. va ajunge \u00een condi\u021bii excelente.<\/p>\n<p>Majoritatea clien\u021bilor aleg transportul prin UPS \/ DHL express, poate ajunge la destina\u021bie \u00een aproximativ 5-7 zile, contacta\u021bi BOGONG pentru a ob\u021bine mai multe detalii despre fibra laser de metal gravator pentru argint alam\u0103 aur cupru.<\/p>","protected":false},"excerpt":{"rendered":"<h2>200W Pulse Laser Ma\u0219in\u0103 de cur\u0103\u021bare<\/h2>\n<p>Ma\u0219in\u0103 de cur\u0103\u021bat cu laser BOGONG 200W Pulse cu cea mai bun\u0103 surs\u0103 laser mopa, proiectat\u0103 pentru aplica\u021bii eficiente de cur\u0103\u021bare a suprafe\u021belor materialelor. Este u\u0219or de configurat, operat \u0219i automatizat, ceea ce \u00eel face ideal pentru \u00eendep\u0103rtarea cu precizie a contaminan\u021bilor de suprafa\u021b\u0103, cum ar fi rugina, gr\u0103simea, vopseaua, grundul \u0219i multe altele.<\/p>\n<ul class=\"tips\">\n<li>200 seturi \/ lun\u0103 \u00cen a\u0219teptare pentru v\u00e2nzare \u00cen stoc<\/li>\n<li>Garan\u021bie limitat\u0103 de 2 ani pentru \u00eentreaga ma\u0219in\u0103<\/li>\n<li>3-5 zile preg\u0103tirea ma\u0219inii laser, 3-7 zile transport.<\/li>\n<li>Online (PayPal) \u0219i offline (T\/T, carduri de debit \u0219i de credit)<\/li>\n<\/ul>","protected":false},"featured_media":1741,"template":"","meta":{"_gspb_post_css":""},"product_brand":[],"product_cat":[94],"product_tag":[101,100],"class_list":{"0":"post-1746","1":"product","2":"type-product","3":"status-publish","4":"has-post-thumbnail","6":"product_cat-laser-cleaning-machine","7":"product_tag-laser-cleaner","8":"product_tag-laser-cleaning-machine","10":"first","11":"instock","12":"shipping-taxable","13":"product-type-simple"},"_links":{"self":[{"href":"https:\/\/bogonglaser.com\/ro\/wp-json\/wp\/v2\/product\/1746","targetHints":{"allow":["GET"]}}],"collection":[{"href":"https:\/\/bogonglaser.com\/ro\/wp-json\/wp\/v2\/product"}],"about":[{"href":"https:\/\/bogonglaser.com\/ro\/wp-json\/wp\/v2\/types\/product"}],"wp:featuredmedia":[{"embeddable":true,"href":"https:\/\/bogonglaser.com\/ro\/wp-json\/wp\/v2\/media\/1741"}],"wp:attachment":[{"href":"https:\/\/bogonglaser.com\/ro\/wp-json\/wp\/v2\/media?parent=1746"}],"wp:term":[{"taxonomy":"product_brand","embeddable":true,"href":"https:\/\/bogonglaser.com\/ro\/wp-json\/wp\/v2\/product_brand?post=1746"},{"taxonomy":"product_cat","embeddable":true,"href":"https:\/\/bogonglaser.com\/ro\/wp-json\/wp\/v2\/product_cat?post=1746"},{"taxonomy":"product_tag","embeddable":true,"href":"https:\/\/bogonglaser.com\/ro\/wp-json\/wp\/v2\/product_tag?post=1746"}],"curies":[{"name":"wp","href":"https:\/\/api.w.org\/{rel}","templated":true}]}}