{"id":1668,"date":"2024-10-29T17:30:42","date_gmt":"2024-10-29T09:30:42","guid":{"rendered":"https:\/\/bogonglaser.com\/?post_type=product&#038;p=1668"},"modified":"2025-12-10T16:57:58","modified_gmt":"2025-12-10T08:57:58","slug":"3d-fiber-laser-engraver-for-metal-2","status":"publish","type":"product","link":"https:\/\/bogonglaser.com\/ro\/3d-fiber-laser-engraver-for-metal-2\/","title":{"rendered":"3D Fiber Laser Engraver pentru metal"},"content":{"rendered":"<h2>Ce este o ma\u0219in\u0103 de gravur\u0103 3D cu laser pentru metal?<\/h2>\n<p><a href=\"https:\/\/bogonglaser.com\/ro\/laser-engraving-machine\/\">Ma\u0219in\u0103 de gravur\u0103 cu laser 3D<\/a> cu laser cu fibr\u0103 puls, software 3D lenmark3ds\/Ezcad3 pentru procesarea imaginilor, exist\u0103 o lentil\u0103 dinamic\u0103 \u00een interiorul capului laser, care poate grava pe form\u0103 neregulat\u0103. Caracteristica principal\u0103 ca mai jos:<\/p>\n<ul>\n<li>Laser cu fibr\u0103 pulsat\u0103<\/li>\n<li>Software de gravare 3D pentru procesarea imaginilor<\/li>\n<li>Axa R pentru marcarea inelelor \u0219i br\u0103\u021b\u0103rilor<\/li>\n<li>Cap laser dinamic 3D<\/li>\n<li>\u00cen\u0103l\u021bime de focalizare reglabil\u0103 de la 15 la 80 mm<\/li>\n<li>Selec\u021bie larg\u0103 de op\u021bionale<\/li>\n<li>2 ani garan\u021bie<\/li>\n<\/ul>\n<figure id=\"attachment_7418\" aria-describedby=\"caption-attachment-7418\" style=\"width: 300px\" class=\"wp-caption alignnone\"><img decoding=\"async\" class=\"size-medium wp-image-7418\" src=\"https:\/\/bogonglaser.com\/wp-content\/uploads\/2024\/10\/3d-laser-marker-2-300x227.jpg\" alt=\"marker laser 3d\" width=\"300\" height=\"227\" title=\"\" srcset=\"https:\/\/bogonglaser.com\/wp-content\/uploads\/2024\/10\/3d-laser-marker-2-300x227.jpg 300w, https:\/\/bogonglaser.com\/wp-content\/uploads\/2024\/10\/3d-laser-marker-2-16x12.jpg 16w, https:\/\/bogonglaser.com\/wp-content\/uploads\/2024\/10\/3d-laser-marker-2.jpg 600w\" sizes=\"(max-width: 300px) 100vw, 300px\" \/><figcaption id=\"caption-attachment-7418\" class=\"wp-caption-text\">marker laser 3d<\/figcaption><\/figure>\n<figure id=\"attachment_7417\" aria-describedby=\"caption-attachment-7417\" style=\"width: 300px\" class=\"wp-caption alignnone\"><img decoding=\"async\" class=\"size-medium wp-image-7417\" src=\"https:\/\/bogonglaser.com\/wp-content\/uploads\/2024\/10\/bogong-new-cabinet-1-300x150.png\" alt=\"cabinet nou bogong\" width=\"300\" height=\"150\" title=\"\" srcset=\"https:\/\/bogonglaser.com\/wp-content\/uploads\/2024\/10\/bogong-new-cabinet-1-300x150.png 300w, https:\/\/bogonglaser.com\/wp-content\/uploads\/2024\/10\/bogong-new-cabinet-1-600x300.png 600w, https:\/\/bogonglaser.com\/wp-content\/uploads\/2024\/10\/bogong-new-cabinet-1-768x384.png 768w, https:\/\/bogonglaser.com\/wp-content\/uploads\/2024\/10\/bogong-new-cabinet-1-18x9.png 18w, https:\/\/bogonglaser.com\/wp-content\/uploads\/2024\/10\/bogong-new-cabinet-1.png 800w\" sizes=\"(max-width: 300px) 100vw, 300px\" \/><figcaption id=\"caption-attachment-7417\" class=\"wp-caption-text\">cabinet nou bogong<\/figcaption><\/figure>\n<h2>Caracteristici ale ma\u0219inii de marcat cu laser 3D:<\/h2>\n<p><iframe title=\"2025 Cel mai bun gravor laser 3D | Ce este gravura laser 3D? Cum func\u021bioneaz\u0103 gravura cu laser 3D? Marca 3D\" width=\"1290\" height=\"726\" src=\"https:\/\/www.youtube.com\/embed\/_A-XUjBEmxM?feature=oembed\" frameborder=\"0\" allow=\"accelerometer; autoplay; clipboard-write; encrypted-media; gyroscope; picture-in-picture; web-share\" referrerpolicy=\"strict-origin-when-cross-origin\" allowfullscreen><\/iframe><\/p>\n<p><iframe title=\"2025 Cel mai bun gravor laser 3D | Ce este gravura laser 3D? Cum func\u021bioneaz\u0103 gravura cu laser 3D? Marca 3D\" width=\"1290\" height=\"726\" src=\"https:\/\/www.youtube.com\/embed\/_A-XUjBEmxM?feature=oembed\" frameborder=\"0\" allow=\"accelerometer; autoplay; clipboard-write; encrypted-media; gyroscope; picture-in-picture; web-share\" referrerpolicy=\"strict-origin-when-cross-origin\" allowfullscreen><\/iframe><\/p>\n<p>1. Aplica\u021bii versatile<br \/>\nMa\u0219ina de marcat cu laser 3D este proiectat\u0103 pentru marcarea suprafe\u021belor curbe tridimensionale, capabil\u0103 s\u0103 se concentreze pe puncte fine \u0219i s\u0103 ofere marcaje uniforme \u00eentr-un interval de toleran\u021b\u0103 de \u00een\u0103l\u021bime de la 0 la 80 mm. Nu este necesar\u0103 ajustarea focaliz\u0103rii, ceea ce permite marcarea f\u0103r\u0103 \u00eentreruperi a produselor neregulate, cum ar fi suprafe\u021bele curbe, \u00eenclinate, \u00een trepte, sferele, cilindrii \u0219i conurile, \u00eentr-o singur\u0103 opera\u021biune.<\/p>\n<p>2. Calitate excelent\u0103 a sculpturii ad\u00e2nci<br \/>\nEchipat cu un sistem de marcare fin\u0103 3D, aparatul exceleaz\u0103 \u00een diverse nevoi de gravur\u0103, inclusiv relief, gravur\u0103 ad\u00e2nc\u0103 \u0219i gravur\u0103 concav\u0103\/convex\u0103. Acesta ofer\u0103 o precizie ridicat\u0103 \u0219i rezultate atractive din punct de vedere vizual. Acest aparat accept\u0103 trei surse de lumin\u0103: fibr\u0103, ultraviolete \u0219i dioxid de carbon, permi\u021b\u00e2nd gravarea pe materiale metalice \u0219i nemetalice.<\/p>\n<p>&nbsp;<\/p>\n<p><iframe title=\"China Cel mai bun 3D Ma\u0219in\u0103 de t\u0103iere gravur\u0103 cu laser pentru metal | 3D Laser Engraver de v\u00e2nzare\" width=\"1290\" height=\"726\" src=\"https:\/\/www.youtube.com\/embed\/rdjhRIaqMNM?feature=oembed\" frameborder=\"0\" allow=\"accelerometer; autoplay; clipboard-write; encrypted-media; gyroscope; picture-in-picture; web-share\" referrerpolicy=\"strict-origin-when-cross-origin\" allowfullscreen><\/iframe><\/p>\n<h3>Aplica\u021bii ale ma\u0219inii de gravare cu laser cu fibr\u0103 3D<\/h3>\n<ul>\n<li>Excavare stratificat\u0103 \u0219i gravur\u0103 3D \u00een basorelief.<\/li>\n<li>Gravuri pe suprafe\u021be neuniforme cu o neregularitate de p\u00e2n\u0103 la 80 mm.<\/li>\n<li>Gravuri pe inele, br\u0103\u021b\u0103ri, medalioane \u0219i suprafe\u021be plane.<\/li>\n<li>Gravarea de fotografii, nume, desene \u0219i logo-uri, inclusiv m\u0103rci comerciale.<\/li>\n<li>Gravuri pe cadranele ceasurilor \u0219i pe ochelarii confec\u021biona\u021bi din orice material metalic.<\/li>\n<li>T\u0103ierea manual\u0103 a pieselor individuale sau solu\u021bii automate pentru produc\u021bia \u00een mas\u0103<\/li>\n<\/ul>\n<p><iframe title=\"Ce poate face o MA\u0218IN\u0102 DE GRAVARE 3D CU LASER? | 3D Laser Engraver Cutter pe metal\" width=\"1290\" height=\"726\" src=\"https:\/\/www.youtube.com\/embed\/v_rWKxbDr04?feature=oembed\" frameborder=\"0\" allow=\"accelerometer; autoplay; clipboard-write; encrypted-media; gyroscope; picture-in-picture; web-share\" referrerpolicy=\"strict-origin-when-cross-origin\" allowfullscreen><\/iframe><\/p>\n<p>&nbsp;<\/p>\n<figure id=\"attachment_7419\" aria-describedby=\"caption-attachment-7419\" style=\"width: 300px\" class=\"wp-caption alignnone\"><img decoding=\"async\" class=\"size-medium wp-image-7419\" src=\"https:\/\/bogonglaser.com\/wp-content\/uploads\/2024\/10\/bogong-new-cabinet-300x143.jpg\" alt=\"cabinet nou bogong\" width=\"300\" height=\"143\" title=\"\" srcset=\"https:\/\/bogonglaser.com\/wp-content\/uploads\/2024\/10\/bogong-new-cabinet-300x143.jpg 300w, https:\/\/bogonglaser.com\/wp-content\/uploads\/2024\/10\/bogong-new-cabinet-600x286.jpg 600w, https:\/\/bogonglaser.com\/wp-content\/uploads\/2024\/10\/bogong-new-cabinet-1024x488.jpg 1024w, https:\/\/bogonglaser.com\/wp-content\/uploads\/2024\/10\/bogong-new-cabinet-768x366.jpg 768w, https:\/\/bogonglaser.com\/wp-content\/uploads\/2024\/10\/bogong-new-cabinet-18x9.jpg 18w, https:\/\/bogonglaser.com\/wp-content\/uploads\/2024\/10\/bogong-new-cabinet.jpg 1251w\" sizes=\"(max-width: 300px) 100vw, 300px\" \/><figcaption id=\"caption-attachment-7419\" class=\"wp-caption-text\">cabinet nou bogong<\/figcaption><\/figure>\n<h2>Cum func\u021bioneaz\u0103 gravura 3D cu laser?<\/h2>\n<p>Un sistem laser 3D ajusteaz\u0103 automat spotul laser pentru a minimiza pierderea calit\u0103\u021bii spotului pe suprafe\u021be curbe \u0219i contururi 3D. Aceste sisteme sunt ideale pentru manipularea formelor complexe \u0219i pot grava eficient o varietate de articole.<\/p>\n<p>\u00cen plus, acestea sunt capabile s\u0103 creeze gravuri \u00een relief prin sculptarea profund\u0103 a pieselor cu \u00een\u0103l\u021bimi diferite, ceea ce le face perfecte pentru cadouri personalizate sau bijuterii.<\/p>\n<p><iframe title=\"HE LIKE BOGONG 3D LASER ENGRAVING MACHINE | CEL MAI BUN CHINA 3D LASER ENGRAVING MACHINE DE V\u00c2NZARE\" width=\"1290\" height=\"726\" src=\"https:\/\/www.youtube.com\/embed\/aoAF09vq8LE?feature=oembed\" frameborder=\"0\" allow=\"accelerometer; autoplay; clipboard-write; encrypted-media; gyroscope; picture-in-picture; web-share\" referrerpolicy=\"strict-origin-when-cross-origin\" allowfullscreen><\/iframe><\/p>\n<p><iframe title=\"Ce p\u0103rere ave\u021bi despre Gravorul Laser 3D BOGONG? | India Clientul a vizitat BOGONG \u0219i a cump\u0103rat 3D Laser Engraver\" width=\"1290\" height=\"726\" src=\"https:\/\/www.youtube.com\/embed\/bq8eli66vTM?feature=oembed\" frameborder=\"0\" allow=\"accelerometer; autoplay; clipboard-write; encrypted-media; gyroscope; picture-in-picture; web-share\" referrerpolicy=\"strict-origin-when-cross-origin\" allowfullscreen><\/iframe><\/p>\n<h3>Cum s\u0103 alege\u021bi aparatul laser 3d potrivit<\/h3>\n<p>Alegerea ma\u0219inii potrivite de gravur\u0103 3D cu laser va fi important\u0103 pentru afacerea dvs., cum s\u0103 v\u0103 asigura\u021bi c\u0103 ma\u0219ina v\u0103 satisface nevoile specifice. Iat\u0103 un ghid pentru a v\u0103 ajuta s\u0103 lua\u021bi o decizie \u00een cuno\u0219tin\u021b\u0103 de cauz\u0103:<\/p>\n<ol>\n<li><strong>Compatibilitatea materialelor<\/strong>: Determina\u021bi tipurile de materiale pe care inten\u021biona\u021bi s\u0103 le grava\u021bi (de exemplu, metal, lemn, acril, sticl\u0103). Asigura\u021bi-v\u0103 c\u0103 ma\u0219ina pe care o alege\u021bi poate prelucra eficient aceste materiale.<\/li>\n<li><strong>Tip laser<\/strong>: Diferitele tipuri de laser (fibr\u0103, CO2, UV) servesc unor scopuri diferite.\n<ul>\n<li><strong>Lasere cu fibr\u0103<\/strong>\u00a0sunt potrivite pentru metale \u0219i sunt cunoscute pentru precizia ridicat\u0103.<\/li>\n<li><strong>lasere CO2<\/strong> este pentru materiale nemetalice, utilizate \u00een principal pentru lucr\u0103ri de t\u0103iere de dimensiuni mari, cum ar fi t\u0103ierea etichetelor etc<\/li>\n<li><strong>Lasere UV<\/strong>\u00a0sunt ideale pentru gravarea delicat\u0103 pe materiale precum sticla \u0219i materialele plastice.<\/li>\n<\/ul>\n<\/li>\n<li><strong>Ad\u00e2ncimea \u0219i detaliile gravurii<\/strong>: Lua\u021bi \u00een considerare ad\u00e2ncimea de gravur\u0103 necesar\u0103. unii clien\u021bi doresc gravarea unui design 3D mai mare de 200 * 200mm, doresc s\u0103 utilizeze acest laser pentru a-\u0219i \u00eenlocui routerul CNC, v\u0103 rug\u0103m s\u0103 v\u0103 asigura\u021bi c\u0103 ma\u0219ina cu laser 3D se potrive\u0219te pentru gravarea de precizie a designului mic, cum ar fi 40 * 40mm, 50 * 50mm, 60 * 60mm, etc.<\/li>\n<li><strong>Dimensiunea zonei de lucru<\/strong>: Evalua\u021bi dimensiunea zonei de gravur\u0103 \u00een func\u021bie de proiectele pe care inten\u021biona\u021bi s\u0103 le \u00eentreprinde\u021bi. Asigura\u021bi-v\u0103 c\u0103 ma\u0219ina are o zon\u0103 de lucru adecvat\u0103 pentru obiectele dvs. cele mai mari. Ma\u0219in\u0103 laser 3D BOGONG F10 cu dimensiune de gravare 200*200mm, axa Z poate ajunge p\u00e2n\u0103 la 80mm.<\/li>\n<li><strong>U\u0219urin\u021ba de utilizare<\/strong>: C\u0103uta\u021bi ma\u0219ini cu software u\u0219or de utilizat, care s\u0103 permit\u0103 proiectarea \u0219i operarea u\u0219oar\u0103. Lenmark 3DS \u0219i Ezcad3 sugereaz\u0103 pentru lucr\u0103rile de gravur\u0103 \u00een relief 3D.<\/li>\n<li><strong>Asisten\u021b\u0103 pentru clien\u021bi \u0219i garan\u021bie<\/strong>: Cerceta\u021bi op\u021biunile de asisten\u021b\u0103 ale produc\u0103torului \u0219i garan\u021bia oferit\u0103. Un serviciu clien\u021bi fiabil poate fi esen\u021bial pentru depanare \u0219i \u00eentre\u021binere.<\/li>\n<li><strong>Buget<\/strong>: Stabili\u021bi un buget \u0219i compara\u021bi diferite modele \u00een intervalul respectiv. Lua\u021bi \u00een considerare costurile pe termen lung asociate cu \u00eentre\u021binerea \u0219i accesoriile. Dac\u0103 bugetul este suficient, alege\u021bi un laser MOPA va fi bun pentru lucr\u0103rile de detaliu, deoarece laserul MOPA poate controla l\u0103\u021bimea pulsului \u0219i frecven\u021ba pentru a ob\u021bine un fund neted.<\/li>\n<\/ol>\n<p>&nbsp;<\/p>\n<figure id=\"attachment_7426\" aria-describedby=\"caption-attachment-7426\" style=\"width: 300px\" class=\"wp-caption alignnone\"><img decoding=\"async\" class=\"size-full wp-image-7426\" src=\"https:\/\/bogonglaser.com\/wp-content\/uploads\/2024\/10\/mini-laser-machine-2.jpg\" alt=\"mini ma\u0219in\u0103 laser\" width=\"300\" height=\"225\" title=\"\" srcset=\"https:\/\/bogonglaser.com\/wp-content\/uploads\/2024\/10\/mini-laser-machine-2.jpg 300w, https:\/\/bogonglaser.com\/wp-content\/uploads\/2024\/10\/mini-laser-machine-2-16x12.jpg 16w\" sizes=\"(max-width: 300px) 100vw, 300px\" \/><figcaption id=\"caption-attachment-7426\" class=\"wp-caption-text\">mini ma\u0219in\u0103 laser<\/figcaption><\/figure>\n<figure id=\"attachment_7427\" aria-describedby=\"caption-attachment-7427\" style=\"width: 300px\" class=\"wp-caption alignnone\"><img decoding=\"async\" class=\"size-full wp-image-7427\" src=\"https:\/\/bogonglaser.com\/wp-content\/uploads\/2024\/10\/uv-pro-laser-engraving-machine.jpg\" alt=\"uv pro laser engraving machine\" width=\"300\" height=\"300\" title=\"\" srcset=\"https:\/\/bogonglaser.com\/wp-content\/uploads\/2024\/10\/uv-pro-laser-engraving-machine.jpg 300w, https:\/\/bogonglaser.com\/wp-content\/uploads\/2024\/10\/uv-pro-laser-engraving-machine-100x100.jpg 100w, https:\/\/bogonglaser.com\/wp-content\/uploads\/2024\/10\/uv-pro-laser-engraving-machine-150x150.jpg 150w, https:\/\/bogonglaser.com\/wp-content\/uploads\/2024\/10\/uv-pro-laser-engraving-machine-12x12.jpg 12w\" sizes=\"(max-width: 300px) 100vw, 300px\" \/><figcaption id=\"caption-attachment-7427\" class=\"wp-caption-text\">uv pro laser engraving machine<\/figcaption><\/figure>\n<figure id=\"attachment_7428\" aria-describedby=\"caption-attachment-7428\" style=\"width: 205px\" class=\"wp-caption alignnone\"><img decoding=\"async\" class=\"size-full wp-image-7428\" src=\"https:\/\/bogonglaser.com\/wp-content\/uploads\/2024\/10\/3d-laser-marker-2-1.jpg\" alt=\"marker laser 3d\" width=\"205\" height=\"300\" title=\"\" srcset=\"https:\/\/bogonglaser.com\/wp-content\/uploads\/2024\/10\/3d-laser-marker-2-1.jpg 205w, https:\/\/bogonglaser.com\/wp-content\/uploads\/2024\/10\/3d-laser-marker-2-1-8x12.jpg 8w\" sizes=\"(max-width: 205px) 100vw, 205px\" \/><figcaption id=\"caption-attachment-7428\" class=\"wp-caption-text\">marker laser 3d<\/figcaption><\/figure>\n<figure id=\"attachment_7429\" aria-describedby=\"caption-attachment-7429\" style=\"width: 300px\" class=\"wp-caption alignnone\"><img decoding=\"async\" class=\"size-full wp-image-7429\" src=\"https:\/\/bogonglaser.com\/wp-content\/uploads\/2024\/10\/3d-laser-marker-3.jpg\" alt=\"marker laser 3d\" width=\"300\" height=\"227\" title=\"\" srcset=\"https:\/\/bogonglaser.com\/wp-content\/uploads\/2024\/10\/3d-laser-marker-3.jpg 300w, https:\/\/bogonglaser.com\/wp-content\/uploads\/2024\/10\/3d-laser-marker-3-16x12.jpg 16w\" sizes=\"(max-width: 300px) 100vw, 300px\" \/><figcaption id=\"caption-attachment-7429\" class=\"wp-caption-text\">marker laser 3d<\/figcaption><\/figure>\n<h2>Ce putem face pentru tine alege 3D Laser Engraver?<\/h2>\n<ul>\n<li><span class=\"magic-19\"><b class=\"magic-19\"><span class=\"magic-18\">Probe de testare gratuite -<\/span><\/b><span class=\"magic-20\" data-spm-anchor-id=\"a2700.details.0.i41.41d82402R4aegi\">Putem efectua teste gratuite privind efectul de marcare \u00een func\u021bie de materialul produsului dvs.<\/span><\/span><\/li>\n<li><span class=\"magic-19\"><b class=\"magic-19\"><span class=\"magic-18\">Video Live-<\/span><\/b><span class=\"magic-20\">V\u0103 pute\u021bi conecta cu consultan\u021bii no\u0219tri de v\u00e2nz\u0103ri pentru a viziona procesul de produc\u021bie \u0219i func\u021bionarea ma\u0219inii \u00een video online.<\/span><\/span><\/li>\n<li><span class=\"magic-19\"><b class=\"magic-19\"><span class=\"magic-18\">Personalizat \/OEM-<\/span><\/b><span class=\"magic-20\" data-spm-anchor-id=\"a2700.details.0.i40.41d82402R4aegi\">Ma\u0219ini personalizate la cerere\uff0cContacta\u021bi-ne<\/span><\/span><\/li>\n<\/ul>\n<p>&nbsp;<\/p>\n<h3>Ce piese trebuie s\u0103 aleg pentru ma\u0219ina de t\u0103iat 3D cu gravare laser<\/h3>\n<ul>\n<li>Dispozitiv rotativ: exist\u0103 mai multe dispozitive rotative cu stil diferit \u0219i diametru de prindere, cum ar fi 50D 65D 80D, 100D, etc, dac\u0103 sunte\u021bi, de asemenea, \u00een afaceri de bijuterii, alege\u021bi 50D sau 65D.<\/li>\n<li>Holder de argint de aur: care pentru a v\u0103 fixa foaia de metal de argint de aur pentru t\u0103iere, deoarece exist\u0103 o mul\u021bime de c\u0103ldur\u0103 atunci c\u00e2nd se taie munca, deformarea u\u0219oar\u0103 a metalului shee. Potrivit pentru afaceri bijuterii.<\/li>\n<\/ul>\n<p>&nbsp;<\/p>\n<p>&nbsp;<\/p>\n<p>&nbsp;<\/p>\n<p>Condi\u021bii de plat\u0103<\/p>\n<p>1. Depozit \u0219i sold: Un depozit 30% T \/ T este necesar \u00een avans, cu soldul datorat \u00eenainte de expediere.<\/p>\n<p>2. Alibaba Trade Assurance: Pl\u0103\u021bile pot fi procesate prin Alibaba Trade Assurance.<\/p>\n<p>\u00centreb\u0103ri frecvente pentru 3D Fiber Laser Metal Engraver Cutter<\/p>\n<p>Care este ambalajul pentru ma\u0219ina de marcat cu laser cu fibr\u0103 3d?<br \/>\nMa\u0219inile noastre sunt ambalate \u00eentr-o configura\u021bie cu trei straturi. Stratul exterior const\u0103 dintr-o lad\u0103 din lemn, stratul de mijloc este prev\u0103zut cu umplutur\u0103 din spum\u0103 pentru a proteja \u00eempotriva zdruncin\u0103turilor, iar stratul interior include o pung\u0103 groas\u0103 din plastic pentru impermeabilizare.<\/p>\n<p>Pachetul va fi deteriorat \u00een timpul transportului?<br \/>\nNe proiect\u0103m meticulos ambalajul pentru a aborda to\u021bi factorii poten\u021biali de deteriorare, iar agen\u021bii no\u0219tri de expediere au experien\u021b\u0103 \u00een transportul \u00een siguran\u021b\u0103. Am exportat cu succes \u00een 180 de \u021b\u0103ri, astfel \u00eenc\u00e2t pute\u021bi fi siguri c\u0103 coletul dvs. va ajunge \u00een condi\u021bii excelente.<\/p>\n<p>Majoritatea clien\u021bilor aleg transportul prin UPS \/ DHL express, poate ajunge la destina\u021bie \u00een aproximativ 5-7 zile, contacta\u021bi BOGONG pentru a ob\u021bine mai multe detalii despre fibra laser de metal gravator pentru argint alam\u0103 aur cupru.<\/p>","protected":false},"excerpt":{"rendered":"<h2>Ma\u0219in\u0103 de marcat cu laser cu fibr\u0103 3D pentru relief \u0219i texturare metalic\u0103<\/h2>\n<p>O ma\u0219in\u0103 de marcat cu laser cu fibr\u0103 3D utilizeaz\u0103 tehnologia laser 3D pentru a crea desene sau texte complicate pe suprafe\u021be tridimensionale, permite gravarea profund\u0103 a texturilor \u0219i reliefurilor pe matri\u021be metalice. Un cap de scanare 3D poate regla un fascicul laser \u00een toate cele trei dimensiuni: X, Y \u0219i Z. Acesta adopt\u0103 o combina\u021bie de dispozitive de expansiune a fasciculului \u0219i optic\u0103 de deplasare \u00eenainte de a direc\u021biona fasciculul printr-o lentil\u0103 pentru a \u021binti cu precizie materialul.<\/p>\n<ul class=\"\\&quot;tips\\&quot;\">\n<li>350 Seturi \/ lun\u0103 \u00cen a\u0219teptare pentru v\u00e2nzare \u00cen stoc<\/li>\n<li>Garan\u021bie limitat\u0103 de 2 ani pentru \u00eentreaga ma\u0219in\u0103<\/li>\n<li>3-5 zile preg\u0103tirea ma\u0219inii laser, 3-7 zile transport.<\/li>\n<li>Online (PayPal) \u0219i offline (T\/T, carduri de debit \u0219i de credit)<\/li>\n<\/ul>","protected":false},"featured_media":1660,"template":"","meta":{"_gspb_post_css":""},"product_brand":[],"product_cat":[97,93,96],"product_tag":[102],"class_list":{"0":"post-1668","1":"product","2":"type-product","3":"status-publish","4":"has-post-thumbnail","6":"product_cat-fiber-laser-marker","7":"product_cat-laser-engraving-machine","8":"product_cat-laser-marking-machine","9":"product_tag-laser-marking-machine","11":"first","12":"instock","13":"shipping-taxable","14":"product-type-simple"},"_links":{"self":[{"href":"https:\/\/bogonglaser.com\/ro\/wp-json\/wp\/v2\/product\/1668","targetHints":{"allow":["GET"]}}],"collection":[{"href":"https:\/\/bogonglaser.com\/ro\/wp-json\/wp\/v2\/product"}],"about":[{"href":"https:\/\/bogonglaser.com\/ro\/wp-json\/wp\/v2\/types\/product"}],"wp:featuredmedia":[{"embeddable":true,"href":"https:\/\/bogonglaser.com\/ro\/wp-json\/wp\/v2\/media\/1660"}],"wp:attachment":[{"href":"https:\/\/bogonglaser.com\/ro\/wp-json\/wp\/v2\/media?parent=1668"}],"wp:term":[{"taxonomy":"product_brand","embeddable":true,"href":"https:\/\/bogonglaser.com\/ro\/wp-json\/wp\/v2\/product_brand?post=1668"},{"taxonomy":"product_cat","embeddable":true,"href":"https:\/\/bogonglaser.com\/ro\/wp-json\/wp\/v2\/product_cat?post=1668"},{"taxonomy":"product_tag","embeddable":true,"href":"https:\/\/bogonglaser.com\/ro\/wp-json\/wp\/v2\/product_tag?post=1668"}],"curies":[{"name":"wp","href":"https:\/\/api.w.org\/{rel}","templated":true}]}}