{"id":1653,"date":"2024-10-29T13:11:44","date_gmt":"2024-10-29T05:11:44","guid":{"rendered":"https:\/\/bogonglaser.com\/?post_type=product&#038;p=1653"},"modified":"2025-12-10T17:06:49","modified_gmt":"2025-12-10T09:06:49","slug":"3d-fiber-laser-engraver-for-metal","status":"publish","type":"product","link":"https:\/\/bogonglaser.com\/ro\/3d-fiber-laser-engraver-for-metal\/","title":{"rendered":"Ma\u0219in\u0103 de gravur\u0103 cu laser 3D cu suprafa\u021b\u0103 mare de gravur\u0103"},"content":{"rendered":"<h2>Ce este o ma\u0219in\u0103 de gravur\u0103 cu laser 3D cu suprafa\u021b\u0103 mare?<\/h2>\n<p>3D <a href=\"https:\/\/bogonglaser.com\/ro\/laser-engraving-machine\/\">Ma\u0219in\u0103 de gravur\u0103 cu laser<\/a> cu laser cu fibr\u0103 de puls, software 3D lenmark3ds pentru proiectare \/ procesare text, \u00een cazul \u00een care proiectarea \u00een dimensiuni mari dec\u00e2t 200 * 200mm, atunci v\u0103 pute\u021bi g\u00e2ndi acest 3D Laser Engraver, Dimensiunea de gravur\u0103 poate p\u00e2n\u0103 la 800 * 800mm, exist\u0103 o lentil\u0103 dinamic\u0103 \u00een interiorul capului laser, Caracteristica principal\u0103 ca mai jos:<\/p>\n<ul>\n<li>Laser cu fibr\u0103 pulsat\u0103<\/li>\n<li>Poate face ambele lucr\u0103ri cu laser de relief pe metal, de asemenea, poate face gravur\u0103 \u00een suprafa\u021b\u0103 plan\u0103 cu dimensiuni mari 300 * 300mm - 800mm * 800mm<\/li>\n<li>Software de gravare 3D pentru procesarea imaginilor<\/li>\n<li>Axa R pentru marcarea inelelor \u0219i br\u0103\u021b\u0103rilor (op\u021bional)<\/li>\n<li>Cap laser dinamic 3D F20<\/li>\n<li>Selec\u021bie larg\u0103 de op\u021bionale<\/li>\n<li>2 ani garan\u021bie<\/li>\n<\/ul>\n<figure id=\"attachment_7434\" aria-describedby=\"caption-attachment-7434\" style=\"width: 300px\" class=\"wp-caption alignnone\"><img decoding=\"async\" class=\"size-medium wp-image-7434\" src=\"https:\/\/bogonglaser.com\/wp-content\/uploads\/2024\/10\/F20-3D-Laser-Engraver-1-300x225.jpg\" alt=\"F20 Gravur\u0103 laser 3D\" width=\"300\" height=\"225\" title=\"\" srcset=\"https:\/\/bogonglaser.com\/wp-content\/uploads\/2024\/10\/F20-3D-Laser-Engraver-1-300x225.jpg 300w, https:\/\/bogonglaser.com\/wp-content\/uploads\/2024\/10\/F20-3D-Laser-Engraver-1-16x12.jpg 16w, https:\/\/bogonglaser.com\/wp-content\/uploads\/2024\/10\/F20-3D-Laser-Engraver-1.jpg 400w\" sizes=\"(max-width: 300px) 100vw, 300px\" \/><figcaption id=\"caption-attachment-7434\" class=\"wp-caption-text\">F20 Gravur\u0103 laser 3D<\/figcaption><\/figure>\n<figure id=\"attachment_7433\" aria-describedby=\"caption-attachment-7433\" style=\"width: 300px\" class=\"wp-caption alignnone\"><img decoding=\"async\" class=\"size-medium wp-image-7433\" src=\"https:\/\/bogonglaser.com\/wp-content\/uploads\/2024\/10\/F20-3D-Laser-Marking-Machine-1-300x225.jpg\" alt=\"F20 Ma\u0219in\u0103 de marcat cu laser 3D\" width=\"300\" height=\"225\" title=\"\" srcset=\"https:\/\/bogonglaser.com\/wp-content\/uploads\/2024\/10\/F20-3D-Laser-Marking-Machine-1-300x225.jpg 300w, https:\/\/bogonglaser.com\/wp-content\/uploads\/2024\/10\/F20-3D-Laser-Marking-Machine-1-16x12.jpg 16w, https:\/\/bogonglaser.com\/wp-content\/uploads\/2024\/10\/F20-3D-Laser-Marking-Machine-1.jpg 400w\" sizes=\"(max-width: 300px) 100vw, 300px\" \/><figcaption id=\"caption-attachment-7433\" class=\"wp-caption-text\">F20 Ma\u0219in\u0103 de marcat cu laser 3D<\/figcaption><\/figure>\n<p><iframe title=\"600 * 600mm 3D Fiber Laser Marking Machine | 3D Laser Engraver\" width=\"1290\" height=\"726\" src=\"https:\/\/www.youtube.com\/embed\/8Ecyoll4AF4?feature=oembed\" frameborder=\"0\" allow=\"accelerometer; autoplay; clipboard-write; encrypted-media; gyroscope; picture-in-picture; web-share\" referrerpolicy=\"strict-origin-when-cross-origin\" allowfullscreen><\/iframe><\/p>\n<p><iframe title=\"Ma\u0219in\u0103 de gravur\u0103 cu laser cu oglind\u0103 LED de dimensiuni mari | Ma\u0219in\u0103 inteligent\u0103 de marcare cu laser cu fibr\u0103 de oglind\u0103 inteligent\u0103\" width=\"1290\" height=\"726\" src=\"https:\/\/www.youtube.com\/embed\/-hwYXbbbwH0?feature=oembed\" frameborder=\"0\" allow=\"accelerometer; autoplay; clipboard-write; encrypted-media; gyroscope; picture-in-picture; web-share\" referrerpolicy=\"strict-origin-when-cross-origin\" allowfullscreen><\/iframe><\/p>\n<figure id=\"attachment_7432\" aria-describedby=\"caption-attachment-7432\" style=\"width: 178px\" class=\"wp-caption alignnone\"><img decoding=\"async\" class=\"size-medium wp-image-7432\" src=\"https:\/\/bogonglaser.com\/wp-content\/uploads\/2024\/10\/3d-laser-marking-machine-1-178x300.jpg\" alt=\"Ma\u0219in\u0103 de marcat cu laser 3d\" width=\"178\" height=\"300\" title=\"\" srcset=\"https:\/\/bogonglaser.com\/wp-content\/uploads\/2024\/10\/3d-laser-marking-machine-1-178x300.jpg 178w, https:\/\/bogonglaser.com\/wp-content\/uploads\/2024\/10\/3d-laser-marking-machine-1-7x12.jpg 7w, https:\/\/bogonglaser.com\/wp-content\/uploads\/2024\/10\/3d-laser-marking-machine-1.jpg 500w\" sizes=\"(max-width: 178px) 100vw, 178px\" \/><figcaption id=\"caption-attachment-7432\" class=\"wp-caption-text\">Ma\u0219in\u0103 de marcat cu laser 3d<\/figcaption><\/figure>\n<h2>Caracteristici ale ma\u0219inii de marcat cu laser 3D F20 cu suprafa\u021b\u0103 mare de gravare:<\/h2>\n<p>1. Aplica\u021bii<br \/>\nAparatul de marcat cu laser 3D F20 nu numai c\u0103 realizeaz\u0103 lucr\u0103ri de relief 3D pe metal, dar poate fi marcat \u0219i \u00een format mare pe o suprafa\u021b\u0103 plan\u0103.<\/p>\n<p>2. Calitate excelent\u0103 a gravurii<br \/>\nEchipat cu un sistem de marcare fin\u0103 3D Lenmark3D \u0219i Lenmark3DS, aparatul exceleaz\u0103 \u00een diverse nevoi de gravur\u0103, inclusiv relief, gravur\u0103 ad\u00e2nc\u0103 \u0219i gravur\u0103 concav\u0103\/convex\u0103. Acesta ofer\u0103 o precizie ridicat\u0103 \u0219i rezultate atr\u0103g\u0103toare din punct de vedere vizual. Acest aparat accept\u0103 trei surse de lumin\u0103: fibr\u0103, ultraviolete \u0219i CO2, permi\u021b\u00e2nd gravarea pe materiale metalice \u0219i nemetalice.<\/p>\n<p><iframe title=\"Ma\u0219in\u0103 de gravur\u0103 cu laser cu fibr\u0103 3D F20 Muti-Func\u021bie | Gravur\u0103 plat\u0103 pe suprafa\u021b\u0103 mare \u0219i gravur\u0103 3D \u00een relief\" width=\"1290\" height=\"726\" src=\"https:\/\/www.youtube.com\/embed\/7KuWZRpnRxI?feature=oembed\" frameborder=\"0\" allow=\"accelerometer; autoplay; clipboard-write; encrypted-media; gyroscope; picture-in-picture; web-share\" referrerpolicy=\"strict-origin-when-cross-origin\" allowfullscreen><\/iframe><\/p>\n<h3>Aplica\u021bii ale ma\u0219inii de gravare cu laser 3D cu fibr\u0103 3D-F20<\/h3>\n<ul>\n<li>Excavare stratificat\u0103 \u0219i gravur\u0103 3D \u00een basorelief.<\/li>\n<li>Zona de marcare 300*300mm 400*400mm 500*500mm 600*600mm 800*800mm.<\/li>\n<li>Gravuri pe suprafe\u021be neuniforme cu o neregularitate.<\/li>\n<li>Gravuri pe inele, br\u0103\u021b\u0103ri, medalioane \u0219i suprafe\u021be plane.<\/li>\n<li>Gravarea de fotografii, nume, desene \u0219i logo-uri, inclusiv m\u0103rci comerciale.<\/li>\n<li>Gravuri pe cadranele ceasurilor \u0219i pe ochelarii confec\u021biona\u021bi din orice material metalic.<\/li>\n<li>T\u0103ierea manual\u0103 a pieselor individuale sau solu\u021bii automate pentru produc\u021bia \u00een mas\u0103<\/li>\n<\/ul>\n<figure id=\"attachment_7435\" aria-describedby=\"caption-attachment-7435\" style=\"width: 300px\" class=\"wp-caption alignnone\"><img decoding=\"async\" class=\"size-medium wp-image-7435\" src=\"https:\/\/bogonglaser.com\/wp-content\/uploads\/2024\/10\/F20-3D-Laser-Engraver-2-300x143.jpg\" alt=\"F20 Gravur\u0103 laser 3D\" width=\"300\" height=\"143\" title=\"\" srcset=\"https:\/\/bogonglaser.com\/wp-content\/uploads\/2024\/10\/F20-3D-Laser-Engraver-2-300x143.jpg 300w, https:\/\/bogonglaser.com\/wp-content\/uploads\/2024\/10\/F20-3D-Laser-Engraver-2-600x286.jpg 600w, https:\/\/bogonglaser.com\/wp-content\/uploads\/2024\/10\/F20-3D-Laser-Engraver-2-1024x488.jpg 1024w, https:\/\/bogonglaser.com\/wp-content\/uploads\/2024\/10\/F20-3D-Laser-Engraver-2-768x366.jpg 768w, https:\/\/bogonglaser.com\/wp-content\/uploads\/2024\/10\/F20-3D-Laser-Engraver-2-18x9.jpg 18w, https:\/\/bogonglaser.com\/wp-content\/uploads\/2024\/10\/F20-3D-Laser-Engraver-2.jpg 1251w\" sizes=\"(max-width: 300px) 100vw, 300px\" \/><figcaption id=\"caption-attachment-7435\" class=\"wp-caption-text\">F20 Gravur\u0103 laser 3D<\/figcaption><\/figure>\n<figure id=\"attachment_7431\" aria-describedby=\"caption-attachment-7431\" style=\"width: 300px\" class=\"wp-caption alignnone\"><img decoding=\"async\" class=\"size-medium wp-image-7431\" src=\"https:\/\/bogonglaser.com\/wp-content\/uploads\/2024\/10\/3df20-marking-machine-factory-pictures-2-300x225.png\" alt=\"3df20 marking machine factory pictures\" width=\"300\" height=\"225\" title=\"\" srcset=\"https:\/\/bogonglaser.com\/wp-content\/uploads\/2024\/10\/3df20-marking-machine-factory-pictures-2-300x225.png 300w, https:\/\/bogonglaser.com\/wp-content\/uploads\/2024\/10\/3df20-marking-machine-factory-pictures-2-600x450.png 600w, https:\/\/bogonglaser.com\/wp-content\/uploads\/2024\/10\/3df20-marking-machine-factory-pictures-2-768x576.png 768w, https:\/\/bogonglaser.com\/wp-content\/uploads\/2024\/10\/3df20-marking-machine-factory-pictures-2-16x12.png 16w, https:\/\/bogonglaser.com\/wp-content\/uploads\/2024\/10\/3df20-marking-machine-factory-pictures-2.png 800w\" sizes=\"(max-width: 300px) 100vw, 300px\" \/><figcaption id=\"caption-attachment-7431\" class=\"wp-caption-text\">3df20 marking machine factory pictures<\/figcaption><\/figure>\n<h2>Cum func\u021bioneaz\u0103 gravura 3D cu laser?<\/h2>\n<p>Un sistem laser 3D ajusteaz\u0103 automat spotul laser pentru a minimiza pierderea calit\u0103\u021bii spotului pe suprafe\u021be curbe \u0219i contururi 3D. Aceste sisteme sunt ideale pentru manipularea formelor complexe \u0219i pot grava eficient o varietate de articole.<\/p>\n<p>\u00cen plus, acestea sunt capabile s\u0103 creeze gravuri \u00een relief prin sculptarea profund\u0103 a pieselor cu \u00een\u0103l\u021bimi diferite, ceea ce le face perfecte pentru cadouri personalizate sau bijuterii.<\/p>\n<h3>Cum s\u0103 alege\u021bi aparatul laser 3d potrivit<\/h3>\n<p>Alegerea ma\u0219inii potrivite de gravur\u0103 3D cu laser va fi important\u0103 pentru afacerea dvs., cum s\u0103 v\u0103 asigura\u021bi c\u0103 ma\u0219ina v\u0103 satisface nevoile specifice. Iat\u0103 un ghid pentru a v\u0103 ajuta s\u0103 lua\u021bi o decizie \u00een cuno\u0219tin\u021b\u0103 de cauz\u0103:<\/p>\n<ol>\n<li><strong>Compatibilitatea materialelor<\/strong>: Determina\u021bi tipurile de materiale pe care inten\u021biona\u021bi s\u0103 le grava\u021bi (de exemplu, metal, lemn, acril, sticl\u0103). Asigura\u021bi-v\u0103 c\u0103 ma\u0219ina pe care o alege\u021bi poate prelucra eficient aceste materiale.<\/li>\n<li><strong>Tip laser<\/strong>: Diferitele tipuri de laser (fibr\u0103, CO2, UV) servesc unor scopuri diferite.\n<ul>\n<li><strong>Lasere cu fibr\u0103<\/strong>\u00a0sunt potrivite pentru metale \u0219i sunt cunoscute pentru precizia ridicat\u0103.<\/li>\n<li><strong>lasere CO2<\/strong> este pentru materiale nemetalice, utilizate \u00een principal pentru lucr\u0103ri de t\u0103iere de dimensiuni mari, cum ar fi t\u0103ierea etichetelor etc<\/li>\n<li><strong>Lasere UV<\/strong>\u00a0sunt ideale pentru gravarea delicat\u0103 pe materiale precum sticla \u0219i materialele plastice.<\/li>\n<\/ul>\n<\/li>\n<li><strong>Ad\u00e2ncimea \u0219i detaliile gravurii<\/strong>: Lua\u021bi \u00een considerare ad\u00e2ncimea de gravur\u0103 necesar\u0103. unii clien\u021bi doresc gravarea unui design 3D mai mare de 200 * 200mm, doresc s\u0103 utilizeze acest laser pentru a-\u0219i \u00eenlocui routerul CNC, v\u0103 rug\u0103m s\u0103 v\u0103 asigura\u021bi c\u0103 ma\u0219ina cu laser 3D se potrive\u0219te pentru gravarea de precizie a designului mic, cum ar fi 40 * 40mm, 50 * 50mm, 60 * 60mm, etc.<\/li>\n<li><strong>Dimensiunea zonei de lucru<\/strong>: Evalua\u021bi dimensiunea zonei de gravur\u0103 \u00een func\u021bie de proiectele pe care inten\u021biona\u021bi s\u0103 le \u00eentreprinde\u021bi. Asigura\u021bi-v\u0103 c\u0103 ma\u0219ina are o zon\u0103 de lucru adecvat\u0103 pentru obiectele dvs. cele mai mari. Ma\u0219in\u0103 laser 3D BOGONG F10 cu dimensiune de gravare 200*200mm, axa Z poate ajunge p\u00e2n\u0103 la 80mm.<\/li>\n<li><strong>U\u0219urin\u021ba de utilizare<\/strong>: C\u0103uta\u021bi ma\u0219ini cu software u\u0219or de utilizat, care s\u0103 permit\u0103 proiectarea \u0219i operarea u\u0219oar\u0103. Lenmark 3DS \u0219i Ezcad3 sugereaz\u0103 pentru lucr\u0103rile de gravur\u0103 \u00een relief 3D.<\/li>\n<li><strong>Asisten\u021b\u0103 pentru clien\u021bi \u0219i garan\u021bie<\/strong>: Cerceta\u021bi op\u021biunile de asisten\u021b\u0103 ale produc\u0103torului \u0219i garan\u021bia oferit\u0103. Un serviciu clien\u021bi fiabil poate fi esen\u021bial pentru depanare \u0219i \u00eentre\u021binere.<\/li>\n<li><strong>Buget<\/strong>: Stabili\u021bi un buget \u0219i compara\u021bi diferite modele \u00een intervalul respectiv. Lua\u021bi \u00een considerare costurile pe termen lung asociate cu \u00eentre\u021binerea \u0219i accesoriile. Dac\u0103 bugetul este suficient, alege\u021bi un laser MOPA va fi bun pentru lucr\u0103rile de detaliu, deoarece laserul MOPA poate controla l\u0103\u021bimea pulsului \u0219i frecven\u021ba pentru a ob\u021bine un fund neted.<\/li>\n<\/ol>\n<p>&nbsp;<\/p>\n<h2>Ce putem face pentru tine alege 3D Laser Engraver?<\/h2>\n<ul>\n<li><span class=\"magic-19\"><b class=\"magic-19\"><span class=\"magic-18\">Probe de testare gratuite -<\/span><\/b><span class=\"magic-20\" data-spm-anchor-id=\"a2700.details.0.i41.41d82402R4aegi\">Putem efectua teste gratuite privind efectul de marcare \u00een func\u021bie de materialul produsului dvs.<\/span><\/span><\/li>\n<li><span class=\"magic-19\"><b class=\"magic-19\"><span class=\"magic-18\">Video Live-<\/span><\/b><span class=\"magic-20\">V\u0103 pute\u021bi conecta cu consultan\u021bii no\u0219tri de v\u00e2nz\u0103ri pentru a viziona procesul de produc\u021bie \u0219i func\u021bionarea ma\u0219inii \u00een video online.<\/span><\/span><\/li>\n<li><span class=\"magic-19\"><b class=\"magic-19\"><span class=\"magic-18\">Personalizat \/OEM-<\/span><\/b><span class=\"magic-20\" data-spm-anchor-id=\"a2700.details.0.i40.41d82402R4aegi\">Ma\u0219ini personalizate la cerere\uff0cContacta\u021bi-ne<\/span><\/span><\/li>\n<\/ul>\n<p><iframe title=\"2D 3D Zona de lucru mare Ma\u0219in\u0103 de gravur\u0103 cu laser | 900 * 600mm 1000 * 1000mm 1500 * 1000mm 600 * 600MM\" width=\"1290\" height=\"726\" src=\"https:\/\/www.youtube.com\/embed\/kHkhAKh91mU?feature=oembed\" frameborder=\"0\" allow=\"accelerometer; autoplay; clipboard-write; encrypted-media; gyroscope; picture-in-picture; web-share\" referrerpolicy=\"strict-origin-when-cross-origin\" allowfullscreen><\/iframe><\/p>\n<h3>Ce piese trebuie s\u0103 aleg pentru ma\u0219ina de t\u0103iat 3D cu gravare laser<\/h3>\n<ul>\n<li>Dispozitiv rotativ: exist\u0103 mai multe dispozitive rotative cu stil diferit \u0219i diametru de prindere, cum ar fi 50D 65D 80D, 100D, etc, dac\u0103 sunte\u021bi, de asemenea, \u00een afaceri de bijuterii, alege\u021bi 50D sau 65D.<\/li>\n<li>Holder de argint de aur: care pentru a v\u0103 fixa foaia de metal de argint de aur pentru t\u0103iere, deoarece exist\u0103 o mul\u021bime de c\u0103ldur\u0103 atunci c\u00e2nd se taie munca, deformarea u\u0219oar\u0103 a metalului shee. Potrivit pentru afaceri bijuterii.<\/li>\n<li>\n<figure id=\"attachment_7430\" aria-describedby=\"caption-attachment-7430\" style=\"width: 300px\" class=\"wp-caption alignnone\"><img decoding=\"async\" class=\"size-medium wp-image-7430\" src=\"https:\/\/bogonglaser.com\/wp-content\/uploads\/2024\/10\/gold-silver-holder-and-rotary-1-300x225.png\" alt=\"aur argint titular \u0219i rotativ\" width=\"300\" height=\"225\" title=\"\" srcset=\"https:\/\/bogonglaser.com\/wp-content\/uploads\/2024\/10\/gold-silver-holder-and-rotary-1-300x225.png 300w, https:\/\/bogonglaser.com\/wp-content\/uploads\/2024\/10\/gold-silver-holder-and-rotary-1-16x12.png 16w, https:\/\/bogonglaser.com\/wp-content\/uploads\/2024\/10\/gold-silver-holder-and-rotary-1.png 400w\" sizes=\"(max-width: 300px) 100vw, 300px\" \/><figcaption id=\"caption-attachment-7430\" class=\"wp-caption-text\">aur argint titular \u0219i rotativ<\/figcaption><\/figure>\n<p><iframe title=\"HE LIKE BOGONG 3D LASER ENGRAVING MACHINE | CEL MAI BUN CHINA 3D LASER ENGRAVING MACHINE DE V\u00c2NZARE\" width=\"1290\" height=\"726\" src=\"https:\/\/www.youtube.com\/embed\/aoAF09vq8LE?feature=oembed\" frameborder=\"0\" allow=\"accelerometer; autoplay; clipboard-write; encrypted-media; gyroscope; picture-in-picture; web-share\" referrerpolicy=\"strict-origin-when-cross-origin\" allowfullscreen><\/iframe><\/p>\n<p><iframe title=\"Ce p\u0103rere ave\u021bi despre Gravorul Laser 3D BOGONG? | India Clientul a vizitat BOGONG \u0219i a cump\u0103rat 3D Laser Engraver\" width=\"1290\" height=\"726\" src=\"https:\/\/www.youtube.com\/embed\/bq8eli66vTM?feature=oembed\" frameborder=\"0\" allow=\"accelerometer; autoplay; clipboard-write; encrypted-media; gyroscope; picture-in-picture; web-share\" referrerpolicy=\"strict-origin-when-cross-origin\" allowfullscreen><\/iframe><\/li>\n<\/ul>\n<p>Condi\u021bii de plat\u0103<\/p>\n<p>1. Depozit \u0219i sold: Un depozit 30% T \/ T este necesar \u00een avans, cu soldul datorat \u00eenainte de expediere.<\/p>\n<p>2. Alibaba Trade Assurance: Pl\u0103\u021bile pot fi procesate prin Alibaba Trade Assurance.<\/p>\n<p>\u00centreb\u0103ri frecvente pentru aparatul de marcare cu laser 3D cu dimensiuni mari<\/p>\n<p>Care este ambalajul pentru ma\u0219ina de marcat cu laser cu fibr\u0103 3d?<br \/>\nMa\u0219inile noastre sunt ambalate \u00eentr-o configura\u021bie cu trei straturi. Stratul exterior const\u0103 dintr-o lad\u0103 din lemn, stratul de mijloc este prev\u0103zut cu umplutur\u0103 din spum\u0103 pentru a proteja \u00eempotriva zdruncin\u0103turilor, iar stratul interior include o pung\u0103 groas\u0103 din plastic pentru impermeabilizare.<\/p>\n<p>Pachetul va fi deteriorat \u00een timpul transportului?<br \/>\nNe proiect\u0103m meticulos ambalajul pentru a aborda to\u021bi factorii poten\u021biali de deteriorare, iar agen\u021bii no\u0219tri de expediere au experien\u021b\u0103 \u00een transportul \u00een siguran\u021b\u0103. Am exportat cu succes \u00een 180 de \u021b\u0103ri, astfel \u00eenc\u00e2t pute\u021bi fi siguri c\u0103 coletul dvs. va ajunge \u00een condi\u021bii excelente.<\/p>\n<figure id=\"attachment_7436\" aria-describedby=\"caption-attachment-7436\" style=\"width: 300px\" class=\"wp-caption alignnone\"><img decoding=\"async\" class=\"size-medium wp-image-7436\" src=\"https:\/\/bogonglaser.com\/wp-content\/uploads\/2024\/10\/3df20-marking-machine-factory-pictures-300x225.png\" alt=\"3df20 marking machine factory pictures\" width=\"300\" height=\"225\" title=\"\" srcset=\"https:\/\/bogonglaser.com\/wp-content\/uploads\/2024\/10\/3df20-marking-machine-factory-pictures-300x225.png 300w, https:\/\/bogonglaser.com\/wp-content\/uploads\/2024\/10\/3df20-marking-machine-factory-pictures-600x450.png 600w, https:\/\/bogonglaser.com\/wp-content\/uploads\/2024\/10\/3df20-marking-machine-factory-pictures-768x576.png 768w, https:\/\/bogonglaser.com\/wp-content\/uploads\/2024\/10\/3df20-marking-machine-factory-pictures-16x12.png 16w, https:\/\/bogonglaser.com\/wp-content\/uploads\/2024\/10\/3df20-marking-machine-factory-pictures.png 800w\" sizes=\"(max-width: 300px) 100vw, 300px\" \/><figcaption id=\"caption-attachment-7436\" class=\"wp-caption-text\">3df20 marking machine factory pictures<\/figcaption><\/figure>\n<p>Majoritatea clien\u021bilor aleg transportul prin UPS \/ DHL express, poate ajunge la destina\u021bie \u00een aproximativ 5-7 zile, contacta\u021bi BOGONG pentru a ob\u021bine mai multe detalii despre fibra laser de metal gravator pentru argint alam\u0103 aur cupru.<\/p>","protected":false},"excerpt":{"rendered":"<h2>Ma\u0219in\u0103 de marcare cu laser cu fibr\u0103 3D cu suprafa\u021b\u0103 mare de gravare<\/h2>\n<p>Ma\u0219ina de marcare cu laser cu fibr\u0103 3D face mai ales relief 3D pe metal, dac\u0103 dori\u021bi gravarea unei zone mari, cum ar fi 300 * 300mm 600 * 600mm, atunci alege\u021bi ma\u0219ina de gravur\u0103 cu laser 3D BOGONG F20.<\/p>\n<ul class=\"tips\">\n<li>100 seturi \/ lun\u0103 \u00cen a\u0219teptare pentru v\u00e2nzare \u00cen stoc<\/li>\n<li>Garan\u021bie limitat\u0103 de 2 ani pentru \u00eentreaga ma\u0219in\u0103<\/li>\n<li>5 zile preg\u0103ti\u021bi ma\u0219ina laser, 3-7 zile transport.<\/li>\n<li>Online (PayPal) \u0219i offline (T\/T, carduri de debit \u0219i de credit)<\/li>\n<\/ul>","protected":false},"featured_media":1732,"template":"","meta":{"_gspb_post_css":""},"product_brand":[],"product_cat":[97,93,96],"product_tag":[102],"class_list":{"0":"post-1653","1":"product","2":"type-product","3":"status-publish","4":"has-post-thumbnail","6":"product_cat-fiber-laser-marker","7":"product_cat-laser-engraving-machine","8":"product_cat-laser-marking-machine","9":"product_tag-laser-marking-machine","11":"first","12":"instock","13":"shipping-taxable","14":"product-type-simple"},"_links":{"self":[{"href":"https:\/\/bogonglaser.com\/ro\/wp-json\/wp\/v2\/product\/1653","targetHints":{"allow":["GET"]}}],"collection":[{"href":"https:\/\/bogonglaser.com\/ro\/wp-json\/wp\/v2\/product"}],"about":[{"href":"https:\/\/bogonglaser.com\/ro\/wp-json\/wp\/v2\/types\/product"}],"wp:featuredmedia":[{"embeddable":true,"href":"https:\/\/bogonglaser.com\/ro\/wp-json\/wp\/v2\/media\/1732"}],"wp:attachment":[{"href":"https:\/\/bogonglaser.com\/ro\/wp-json\/wp\/v2\/media?parent=1653"}],"wp:term":[{"taxonomy":"product_brand","embeddable":true,"href":"https:\/\/bogonglaser.com\/ro\/wp-json\/wp\/v2\/product_brand?post=1653"},{"taxonomy":"product_cat","embeddable":true,"href":"https:\/\/bogonglaser.com\/ro\/wp-json\/wp\/v2\/product_cat?post=1653"},{"taxonomy":"product_tag","embeddable":true,"href":"https:\/\/bogonglaser.com\/ro\/wp-json\/wp\/v2\/product_tag?post=1653"}],"curies":[{"name":"wp","href":"https:\/\/api.w.org\/{rel}","templated":true}]}}