{"id":1640,"date":"2024-10-28T16:03:42","date_gmt":"2024-10-28T08:03:42","guid":{"rendered":"https:\/\/bogonglaser.com\/?post_type=product&#038;p=1640"},"modified":"2025-12-10T17:25:15","modified_gmt":"2025-12-10T09:25:15","slug":"fiber-laser-engraving-cutting-machine-for-metal-jewelry","status":"publish","type":"product","link":"https:\/\/bogonglaser.com\/ro\/fiber-laser-engraving-cutting-machine-for-metal-jewelry\/","title":{"rendered":"Fiber Laser Gravur\u0103 Ma\u0219in\u0103 de t\u0103iere pentru bijuterii din metal"},"content":{"rendered":"<h2>Ce este o ma\u0219in\u0103 de gravur\u0103 cu laser a metalelor pentru bijuterii din argint, aur \u0219i cupru?<\/h2>\n<p>O ma\u0219in\u0103 de gravat \u0219i t\u0103iat bijuterii metalice cu laser este un sistem laser CNC, care utilizeaz\u0103 o surs\u0103 laser cu fibr\u0103 pentru a grava \u0219i t\u0103ia diferite tipuri de bijuterii, inclusiv inele, pandantive, cercei, br\u0103\u021b\u0103ri, coliere, butoni, bro\u0219e \u0219i alte ornamente personale. Acesta poate lucra pe multe materiale, cum ar fi o\u021bel inoxidabil, o\u021bel aliat, argint, cupru, alam\u0103, titan, aluminiu anodizat, aluminiu, crom, plachete de siliciu \u0219i aur.<\/p>\n<p>Cele mai bune ma\u0219ini de gravur\u0103 cu laser cu putere laser 50-100W, care permit gravarea profund\u0103 \u0219i t\u0103ierea precis\u0103 a semnelor, modelelor, logo-urilor, literelor, numerelor \u0219i imaginilor pe suprafe\u021be metalice. Aceast\u0103 ma\u0219in\u0103 versatil\u0103 de gravat metale cu laser este ideal\u0103 pentru crearea de bijuterii personalizate, artizanat metalic, art\u0103 metalic\u0103, componente metalice, cadouri metalice, piese electronice, hardware, instrumente, gravuri pentru alimente \u0219i b\u0103uturi, modele de tastaturi, carcase pentru telefoane mobile \u0219i ambalaje.<\/p>\n<figure id=\"attachment_7459\" aria-describedby=\"caption-attachment-7459\" style=\"width: 300px\" class=\"wp-caption alignnone\"><img decoding=\"async\" class=\"size-medium wp-image-7459\" src=\"https:\/\/bogonglaser.com\/wp-content\/uploads\/2024\/10\/mini-laser-machine-1-1-300x169.jpg\" alt=\"mini ma\u0219in\u0103 laser \" width=\"300\" height=\"169\" title=\"\" srcset=\"https:\/\/bogonglaser.com\/wp-content\/uploads\/2024\/10\/mini-laser-machine-1-1-300x169.jpg 300w, https:\/\/bogonglaser.com\/wp-content\/uploads\/2024\/10\/mini-laser-machine-1-1-600x338.jpg 600w, https:\/\/bogonglaser.com\/wp-content\/uploads\/2024\/10\/mini-laser-machine-1-1-768x432.jpg 768w, https:\/\/bogonglaser.com\/wp-content\/uploads\/2024\/10\/mini-laser-machine-1-1-18x10.jpg 18w, https:\/\/bogonglaser.com\/wp-content\/uploads\/2024\/10\/mini-laser-machine-1-1.jpg 800w\" sizes=\"(max-width: 300px) 100vw, 300px\" \/><figcaption id=\"caption-attachment-7459\" class=\"wp-caption-text\">mini ma\u0219in\u0103 laser<\/figcaption><\/figure>\n<p>Caracteristici ale Fiber Laser Metal Engraver Cutter pentru bijuterii din argint, aur \u0219i cupru<\/p>\n<p>1. Fascicul laser de \u00eenalt\u0103 calitate: Cu o conversie fotoelectric\u0103 superioar\u0103, aceast\u0103 ma\u0219in\u0103 de gravur\u0103 ofer\u0103 o calitate \u0219i o precizie de gravur\u0103 excep\u021bionale.<\/p>\n<p>2. \u00centre\u021binere redus\u0103: Proiectat pentru a fi convenabil \u0219i sigur, durata de via\u021b\u0103 a sursei laser poate ajunge la 100.000 de ore.<\/p>\n<p>3. Marcaje durabile: Creeaz\u0103 marcaje permanente, de \u00eenalt\u0103 calitate, care sunt fiabile \u0219i de lung\u0103 durat\u0103.<\/p>\n<p>4. Precizie consecvent\u0103: Capabil\u0103 de repetabilitate ridicat\u0103 \u0219i viteze rapide de gravur\u0103 pentru o produc\u021bie eficient\u0103.<\/p>\n<p>5. U\u0219or de utilizat: Aceast\u0103 ma\u0219in\u0103 de gravur\u0103 metalic\u0103 cu laser este u\u0219or de utilizat, chiar \u0219i pentru cei f\u0103r\u0103 experien\u021b\u0103 anterioar\u0103.<\/p>\n<p>6. Marcarea f\u0103r\u0103 contact: Procesul de gravur\u0103 f\u0103r\u0103 contact previne stresul materialului, asigur\u00e2nd integritatea articolelor dvs.<\/p>\n<p>7. Software versatil: Ma\u0219ina include un software de gravur\u0103 multifunc\u021bional compatibil cu platforma WINDOWS \u0219i dispune de o interfa\u021b\u0103 \u00een limba englez\u0103. Acesta func\u021bioneaz\u0103 perfect cu diverse aplica\u021bii, inclusiv CorelDRAW, AutoCAD \u0219i Photoshop, \u0219i accept\u0103 formate de fi\u0219iere precum PCX, DXF, PLT, BMP, SHX \u0219i fonturi TTF.<\/p>\n<p><iframe title=\"Fiber Laser Gravarea Ma\u0219in\u0103 de t\u0103iere pentru metal | BOGONG LASER MARKING MACHINE de v\u00e2nzare\" width=\"1290\" height=\"726\" src=\"https:\/\/www.youtube.com\/embed\/2a9qdSpo948?feature=oembed\" frameborder=\"0\" allow=\"accelerometer; autoplay; clipboard-write; encrypted-media; gyroscope; picture-in-picture; web-share\" referrerpolicy=\"strict-origin-when-cross-origin\" allowfullscreen><\/iframe><\/p>\n<h3>Aplica\u021bii ale frezei Fiber Laser Metal Engraver Cutter pentru bijuterii din argint, aur \u0219i cupru<\/h3>\n<p>Industrii aplicabile:<\/p>\n<p>Ma\u0219ina de gravur\u0103 metalic\u0103 cu laser cu fibr\u0103 poate face arte metalice, me\u0219te\u0219uguri metalice, cadouri metalice, c\u0103r\u021bi de credit metalice, piese metalice, componente electronice, instrumente \u0219i contoare, hardware, alimente \u0219i b\u0103uturi, bijuterii, tastaturi, ambalaje \u0219i carcase pentru telefoane mobile.<\/p>\n<p>Materiale aplicabile:<\/p>\n<p>Aceast\u0103 ma\u0219in\u0103 de gravat metale cu laser cu fibr\u0103 optic\u0103 este proiectat\u0103 \u00een principal pentru utilizarea cu materiale metalice \u0219i aliate, cum ar fi aluminiu, o\u021bel, cupru, argint, aur, crom, o\u021bel inoxidabil, aluminiu anodizat \u0219i silicon Wafer.<\/p>\n<p><iframe title=\"Ce este laserul \u0219i principiile sale? | JPT MOPA Laser Source\" width=\"1290\" height=\"726\" src=\"https:\/\/www.youtube.com\/embed\/_gj7K4OJcks?feature=oembed\" frameborder=\"0\" allow=\"accelerometer; autoplay; clipboard-write; encrypted-media; gyroscope; picture-in-picture; web-share\" referrerpolicy=\"strict-origin-when-cross-origin\" allowfullscreen><\/iframe><\/p>\n<p>Ce este sursa laser cu fibr\u0103?<\/p>\n<p>Sursa laser cu fibr\u0103 este cea mai important\u0103 parte din interiorul dispozitivului laser, este componenta din care iese laserul, O surs\u0103 laser cu fibr\u0103 este un tip de laser care utilizeaz\u0103 un cablu cu fibr\u0103 optic\u0103 ca mediu de c\u00e2\u0219tig. \u00cen aceast\u0103 tehnologie, fibra este dopat\u0103 cu elemente de p\u0103m\u00e2nturi rare, cum ar fi ytterbium, erbium sau neodim, care sporesc capacitatea fibrei de a genera lumin\u0103 laser.<\/p>\n<p>Cum se instaleaz\u0103 \u0219i se utilizeaz\u0103 dispozitivul de gravare cu laser cu fibre?<br \/>\nvom furniza \u00eempreun\u0103 cu ma\u0219ina videoclipuri de instruire detaliate \u0219i un manual de utilizare. Aproximativ 95% dintre clien\u021bii no\u0219tri sunt capabili s\u0103 \u00eenve\u021be cum s\u0103 \u00eel opereze independent.<\/p>\n<p>Ce ar trebui s\u0103 fac dac\u0103<a href=\"https:\/\/bogonglaser.com\/ro\/laser-engraving-machine\/\"> Ma\u0219in\u0103 de gravur\u0103 cu laser cu fibr\u0103<\/a> Disfunc\u021bionalit\u0103\u021bi?<br \/>\nDac\u0103 \u00eent\u00e2mpina\u021bi probleme, v\u0103 rug\u0103m s\u0103 ne contacta\u021bi imediat \u0219i s\u0103 evita\u021bi s\u0103 \u00eencerca\u021bi s\u0103 repara\u021bi singuri. Vom r\u0103spunde pentru a v\u0103 ajuta s\u0103 rezolva\u021bi problema c\u00e2t mai repede posibil.<\/p>\n<p><iframe title=\"Aur argint bijuterii LASER ENGRAVING CUTTING MA\u0218IN\u0102 Pre\u021b | Nume laser nacklace face sistem\" width=\"1290\" height=\"726\" src=\"https:\/\/www.youtube.com\/embed\/8Y2bktvX_A8?feature=oembed\" frameborder=\"0\" allow=\"accelerometer; autoplay; clipboard-write; encrypted-media; gyroscope; picture-in-picture; web-share\" referrerpolicy=\"strict-origin-when-cross-origin\" allowfullscreen><\/iframe><\/p>\n<h3>Cum s\u0103 alege\u021bi ma\u0219ina potrivit\u0103 de t\u0103iat bijuterii cu gravur\u0103 laser<\/h3>\n<p>Atunci c\u00e2nd selecta\u021bi o ma\u0219in\u0103 pentru t\u0103ierea gravare aur argint alam\u0103 sau alte metale, este important s\u0103 lua\u021bi \u00een considerare ce putere laser ave\u021bi nevoie? ce surs\u0103 de laser \u0219i cap laser? de asemenea, trebuie s\u0103 v\u0103 g\u00e2ndi\u021bi la materialul cu care ve\u021bi lucra \u0219i la dimensiunea m\u0103rcii.<\/p>\n<p>S\u0103 analiz\u0103m fiecare factor \u0219i s\u0103 \u00een\u021belegem importan\u021ba sa..<\/p>\n<p><strong>Putere<\/strong><br \/>\nO putere mai mare \u00eenseamn\u0103 c\u0103 sursa laser are o energie mai intens\u0103, ceea ce poate duce la t\u0103ieri \u0219i gravuri ad\u00e2nci. exist\u0103 50W 60W 80W 100W 200W 300W, pentru afacerea cu bijuterii, 50W va fi puterea minim\u0103 dac\u0103 bugetul este limitat, dac\u0103 dori\u021bi o ma\u0219in\u0103 puternic\u0103, alege\u021bi un laser de 60W sau 100W. pute\u021bi vedea ce pute\u021bi face cu o ma\u0219in\u0103 laser de 50W din link-ul video de mai jos, 60W 100W poate face toate lucr\u0103rile cu laser pe care le face 50W, v\u0103 pute\u021bi g\u00e2ndi la 60W 100W fascicul laser mai puternic.<\/p>\n<p><strong>Timp de t\u0103iere<\/strong><br \/>\nT\u0103ierea \u0219i gravarea profund\u0103 necesit\u0103 mai mult timp. Laserul trebuie s\u0103 direc\u021bioneze energia c\u0103tre \u021bint\u0103 pentru mai mult timp pentru a vaporiza mai ad\u00e2nc \u00een material. G\u00e2ndi\u021bi-v\u0103 c\u0103 este ca \u0219i cum a\u021bi t\u0103ia cu fer\u0103str\u0103ul o bucat\u0103 de lemn; cu c\u00e2t t\u0103ia\u021bi mai mult timp, cu at\u00e2t pute\u021bi ajunge mai ad\u00e2nc.<\/p>\n<p><iframe title=\"Ce poate face o ma\u0219in\u0103 de gravat cu laser de 50W? | Cel mai bun 50 watt Raycus fibra laser de marcare ma\u0219in\u0103 de v\u00e2nzare\" width=\"1290\" height=\"968\" src=\"https:\/\/www.youtube.com\/embed\/1DLnYH3dJXQ?feature=oembed\" frameborder=\"0\" allow=\"accelerometer; autoplay; clipboard-write; encrypted-media; gyroscope; picture-in-picture; web-share\" referrerpolicy=\"strict-origin-when-cross-origin\" allowfullscreen><\/iframe><\/p>\n<p><iframe title=\"60W MOPA Ma\u0219in\u0103 de t\u0103iere cu gravur\u0103 cu laser pentru numele colierului | 1.5mm metal aur argint alam\u0103\" width=\"1290\" height=\"726\" src=\"https:\/\/www.youtube.com\/embed\/WlkmcSoll90?feature=oembed\" frameborder=\"0\" allow=\"accelerometer; autoplay; clipboard-write; encrypted-media; gyroscope; picture-in-picture; web-share\" referrerpolicy=\"strict-origin-when-cross-origin\" allowfullscreen><\/iframe><\/p>\n<h2>Ce putem face pentru dumneavoastr\u0103?<\/h2>\n<ul>\n<li><span class=\"magic-19\"><b class=\"magic-19\"><span class=\"magic-18\">Probe de testare gratuite -<\/span><\/b><span class=\"magic-20\" data-spm-anchor-id=\"a2700.details.0.i41.41d82402R4aegi\">Putem efectua teste gratuite privind efectul de marcare \u00een func\u021bie de materialul produsului dvs.<\/span><\/span><\/li>\n<li><span class=\"magic-19\"><b class=\"magic-19\"><span class=\"magic-18\">Video Live-<\/span><\/b><span class=\"magic-20\">V\u0103 pute\u021bi conecta cu consultan\u021bii no\u0219tri de v\u00e2nz\u0103ri pentru a viziona procesul de produc\u021bie \u0219i func\u021bionarea ma\u0219inii \u00een video online.<\/span><\/span><\/li>\n<li><span class=\"magic-19\"><b class=\"magic-19\"><span class=\"magic-18\">Personalizat \/OEM-<\/span><\/b><span class=\"magic-20\" data-spm-anchor-id=\"a2700.details.0.i40.41d82402R4aegi\">Ma\u0219ini personalizate la cerere\uff0cContacta\u021bi-ne<\/span><\/span><\/li>\n<\/ul>\n<p>&nbsp;<\/p>\n<h3>Ce p\u0103r\u021bi trebuie s\u0103 aleg pentru bijuterii Ma\u0219in\u0103 de t\u0103iat cu gravur\u0103 laser<\/h3>\n<ul>\n<li>Dispozitiv rotativ: exist\u0103 mai multe dispozitive rotative cu stil diferit \u0219i diametrul clemei, cum ar fi 50D 65D 80D<\/li>\n<li>Holder de argint de aur: care pentru a v\u0103 fixa foaia de metal de argint de aur pentru t\u0103iere, deoarece exist\u0103 o mul\u021bime de c\u0103ldur\u0103 atunci c\u00e2nd se taie munca, deformarea u\u0219oar\u0103 a metalului.<\/li>\n<li>\n<p><figure id=\"attachment_7430\" aria-describedby=\"caption-attachment-7430\" style=\"width: 300px\" class=\"wp-caption alignnone\"><img decoding=\"async\" class=\"size-medium wp-image-7430\" src=\"https:\/\/bogonglaser.com\/wp-content\/uploads\/2024\/10\/gold-silver-holder-and-rotary-1-300x225.png\" alt=\"aur argint titular \u0219i rotativ\" width=\"300\" height=\"225\" title=\"\" srcset=\"https:\/\/bogonglaser.com\/wp-content\/uploads\/2024\/10\/gold-silver-holder-and-rotary-1-300x225.png 300w, https:\/\/bogonglaser.com\/wp-content\/uploads\/2024\/10\/gold-silver-holder-and-rotary-1-16x12.png 16w, https:\/\/bogonglaser.com\/wp-content\/uploads\/2024\/10\/gold-silver-holder-and-rotary-1.png 400w\" sizes=\"(max-width: 300px) 100vw, 300px\" \/><figcaption id=\"caption-attachment-7430\" class=\"wp-caption-text\">aur argint titular \u0219i rotativ<\/figcaption><\/figure><\/li>\n<\/ul>\n<p>Condi\u021bii de plat\u0103 pentru Fiber Laser Metal Engraver Cutter<\/p>\n<p>1. Depozit \u0219i sold: Un depozit 30% T \/ T este necesar \u00een avans, cu soldul datorat \u00eenainte de expediere.<\/p>\n<p>2. Alibaba Trade Assurance: Pl\u0103\u021bile pot fi procesate prin Alibaba Trade Assurance.<\/p>\n<p>\u00centreb\u0103ri frecvente pentru Fiber Laser Metal Engraver Cutter<\/p>\n<p>Care este ambalajul pentru ma\u0219ina de marcat cu laser cu fibre?<br \/>\nMa\u0219inile noastre sunt ambalate \u00eentr-o configura\u021bie cu trei straturi. Stratul exterior const\u0103 dintr-o lad\u0103 din lemn, stratul de mijloc este prev\u0103zut cu umplutur\u0103 din spum\u0103 pentru a proteja \u00eempotriva zdruncin\u0103turilor, iar stratul interior include o pung\u0103 groas\u0103 din plastic pentru impermeabilizare.<\/p>\n<p>Pachetul va fi deteriorat \u00een timpul transportului?<br \/>\nNe proiect\u0103m meticulos ambalajul pentru a aborda to\u021bi factorii poten\u021biali de deteriorare, iar agen\u021bii no\u0219tri de expediere au experien\u021b\u0103 \u00een transportul \u00een siguran\u021b\u0103. Am exportat cu succes \u00een 180 de \u021b\u0103ri, astfel \u00eenc\u00e2t pute\u021bi fi siguri c\u0103 coletul dvs. va ajunge \u00een condi\u021bii excelente.<\/p>\n<figure id=\"attachment_7458\" aria-describedby=\"caption-attachment-7458\" style=\"width: 300px\" class=\"wp-caption alignnone\"><img decoding=\"async\" class=\"size-medium wp-image-7458\" src=\"https:\/\/bogonglaser.com\/wp-content\/uploads\/2024\/10\/bogong-new-design-1-300x225.png\" alt=\"bogong nou design\" width=\"300\" height=\"225\" title=\"\" srcset=\"https:\/\/bogonglaser.com\/wp-content\/uploads\/2024\/10\/bogong-new-design-1-300x225.png 300w, https:\/\/bogonglaser.com\/wp-content\/uploads\/2024\/10\/bogong-new-design-1-600x450.png 600w, https:\/\/bogonglaser.com\/wp-content\/uploads\/2024\/10\/bogong-new-design-1-768x576.png 768w, https:\/\/bogonglaser.com\/wp-content\/uploads\/2024\/10\/bogong-new-design-1-16x12.png 16w, https:\/\/bogonglaser.com\/wp-content\/uploads\/2024\/10\/bogong-new-design-1.png 800w\" sizes=\"(max-width: 300px) 100vw, 300px\" \/><figcaption id=\"caption-attachment-7458\" class=\"wp-caption-text\">bogong nou design<\/figcaption><\/figure>\n<figure id=\"attachment_7457\" aria-describedby=\"caption-attachment-7457\" style=\"width: 300px\" class=\"wp-caption alignnone\"><img decoding=\"async\" class=\"size-medium wp-image-7457\" src=\"https:\/\/bogonglaser.com\/wp-content\/uploads\/2024\/10\/mini-laser-machine-2-1-300x300.jpg\" alt=\"mini ma\u0219in\u0103 laser \" width=\"300\" height=\"300\" title=\"\" srcset=\"https:\/\/bogonglaser.com\/wp-content\/uploads\/2024\/10\/mini-laser-machine-2-1-300x300.jpg 300w, https:\/\/bogonglaser.com\/wp-content\/uploads\/2024\/10\/mini-laser-machine-2-1-100x100.jpg 100w, https:\/\/bogonglaser.com\/wp-content\/uploads\/2024\/10\/mini-laser-machine-2-1-600x600.jpg 600w, https:\/\/bogonglaser.com\/wp-content\/uploads\/2024\/10\/mini-laser-machine-2-1-150x150.jpg 150w, https:\/\/bogonglaser.com\/wp-content\/uploads\/2024\/10\/mini-laser-machine-2-1-768x768.jpg 768w, https:\/\/bogonglaser.com\/wp-content\/uploads\/2024\/10\/mini-laser-machine-2-1-12x12.jpg 12w, https:\/\/bogonglaser.com\/wp-content\/uploads\/2024\/10\/mini-laser-machine-2-1.jpg 1000w\" sizes=\"(max-width: 300px) 100vw, 300px\" \/><figcaption id=\"caption-attachment-7457\" class=\"wp-caption-text\">mini ma\u0219in\u0103 laser<\/figcaption><\/figure>\n<p><iframe title=\"El a cump\u0103rat BOGONG Laser Engraver Cutter pentru bijuterii, Ce a f\u0103cut\uff1f CUM FUNC\u021aIONEAZ\u0102 MA\u0218INA LASER?\" width=\"1290\" height=\"726\" src=\"https:\/\/www.youtube.com\/embed\/OYi7giXXm38?feature=oembed\" frameborder=\"0\" allow=\"accelerometer; autoplay; clipboard-write; encrypted-media; gyroscope; picture-in-picture; web-share\" referrerpolicy=\"strict-origin-when-cross-origin\" allowfullscreen><\/iframe><\/p>\n<p><iframe title=\"Grenada Feedback-ul utilizatorului BOGONG Ma\u0219in\u0103 de t\u0103iat \u0219i gravat cu laser | Cel mai bun laser pentru bijuterii din aur \u0219i argint\" width=\"1290\" height=\"726\" src=\"https:\/\/www.youtube.com\/embed\/Y25Z0xbP7ZQ?feature=oembed\" frameborder=\"0\" allow=\"accelerometer; autoplay; clipboard-write; encrypted-media; gyroscope; picture-in-picture; web-share\" referrerpolicy=\"strict-origin-when-cross-origin\" allowfullscreen><\/iframe><\/p>\n<p>You can find more customer feedback from BOGONG youtube channel<\/p>\n<figure id=\"attachment_7426\" aria-describedby=\"caption-attachment-7426\" style=\"width: 300px\" class=\"wp-caption alignnone\"><img decoding=\"async\" class=\"size-full wp-image-7426\" src=\"https:\/\/bogonglaser.com\/wp-content\/uploads\/2024\/10\/mini-laser-machine-2.jpg\" alt=\"mini ma\u0219in\u0103 laser\" width=\"300\" height=\"225\" title=\"\" srcset=\"https:\/\/bogonglaser.com\/wp-content\/uploads\/2024\/10\/mini-laser-machine-2.jpg 300w, https:\/\/bogonglaser.com\/wp-content\/uploads\/2024\/10\/mini-laser-machine-2-16x12.jpg 16w\" sizes=\"(max-width: 300px) 100vw, 300px\" \/><figcaption id=\"caption-attachment-7426\" class=\"wp-caption-text\">mini ma\u0219in\u0103 laser<\/figcaption><\/figure>\n<figure id=\"attachment_7428\" aria-describedby=\"caption-attachment-7428\" style=\"width: 205px\" class=\"wp-caption alignnone\"><img decoding=\"async\" class=\"size-full wp-image-7428\" src=\"https:\/\/bogonglaser.com\/wp-content\/uploads\/2024\/10\/3d-laser-marker-2-1.jpg\" alt=\"marker laser 3d\" width=\"205\" height=\"300\" title=\"\" srcset=\"https:\/\/bogonglaser.com\/wp-content\/uploads\/2024\/10\/3d-laser-marker-2-1.jpg 205w, https:\/\/bogonglaser.com\/wp-content\/uploads\/2024\/10\/3d-laser-marker-2-1-8x12.jpg 8w\" sizes=\"(max-width: 205px) 100vw, 205px\" \/><figcaption id=\"caption-attachment-7428\" class=\"wp-caption-text\">marker laser 3d<\/figcaption><\/figure>\n<p>Majoritatea clien\u021bilor aleg transportul prin UPS \/ DHL express, poate ajunge la destina\u021bie \u00een aproximativ 5-7 zile, contacta\u021bi BOGONG pentru a ob\u021bine mai multe detalii despre fibra laser de metal gravator pentru argint alam\u0103 aur cupru.<\/p>","protected":false},"excerpt":{"rendered":"<h2>Fiber Laser Metal Engraver For Silver, Gold, Brass, Copper<\/h2>\n<p>The 50W &#8211; 100W fiber laser metal engraver cutting machine is designed for creating personalized jewelry, including rings, earrings, bracelets, pendants, necklaces, brooches, cufflinks, etc. It works with a variety of materials, such as stainless steel, titanium, aluminum, copper, brass, alloys, silver, and gold, allowing you to engrave names, logos, signs, letters, numbers, patterns, and photos. This top-quality metal laser cutter and engraving machine is now available for sale at an affordable price, making it a great option for your budget.<\/p>\n<ul class=\"tips\">\n<li>350 Sets \/ Month Waiting for Sale In Stock<\/li>\n<li>2 Years Limited Warranty for Entire Machine<\/li>\n<li>3-5 days prepare laser machine, 3-7days transport.<\/li>\n<li>Online (PayPal) &amp; Offline (T\/T, Debit &amp; Credit Cards)<\/li>\n<\/ul>\n<hr \/>\n<h4><strong>Get a Quote<\/strong><\/h4>\n<p>[contact-form-7 id=&#8221;029fbc1&#8243; title=&#8221;Products Form&#8221;]<\/p>\n","protected":false},"featured_media":1641,"template":"","meta":{"_gspb_post_css":""},"product_brand":[],"product_cat":[97,93,96],"product_tag":[102],"class_list":{"0":"post-1640","1":"product","2":"type-product","3":"status-publish","4":"has-post-thumbnail","6":"product_cat-fiber-laser-marker","7":"product_cat-laser-engraving-machine","8":"product_cat-laser-marking-machine","9":"product_tag-laser-marking-machine","11":"first","12":"instock","13":"shipping-taxable","14":"product-type-simple"},"_links":{"self":[{"href":"https:\/\/bogonglaser.com\/ro\/wp-json\/wp\/v2\/product\/1640","targetHints":{"allow":["GET"]}}],"collection":[{"href":"https:\/\/bogonglaser.com\/ro\/wp-json\/wp\/v2\/product"}],"about":[{"href":"https:\/\/bogonglaser.com\/ro\/wp-json\/wp\/v2\/types\/product"}],"wp:featuredmedia":[{"embeddable":true,"href":"https:\/\/bogonglaser.com\/ro\/wp-json\/wp\/v2\/media\/1641"}],"wp:attachment":[{"href":"https:\/\/bogonglaser.com\/ro\/wp-json\/wp\/v2\/media?parent=1640"}],"wp:term":[{"taxonomy":"product_brand","embeddable":true,"href":"https:\/\/bogonglaser.com\/ro\/wp-json\/wp\/v2\/product_brand?post=1640"},{"taxonomy":"product_cat","embeddable":true,"href":"https:\/\/bogonglaser.com\/ro\/wp-json\/wp\/v2\/product_cat?post=1640"},{"taxonomy":"product_tag","embeddable":true,"href":"https:\/\/bogonglaser.com\/ro\/wp-json\/wp\/v2\/product_tag?post=1640"}],"curies":[{"name":"wp","href":"https:\/\/api.w.org\/{rel}","templated":true}]}}