{"id":1509,"date":"2024-10-16T14:18:38","date_gmt":"2024-10-16T06:18:38","guid":{"rendered":"https:\/\/bogonglaser.com\/?post_type=product&#038;p=1509"},"modified":"2025-12-10T17:20:22","modified_gmt":"2025-12-10T09:20:22","slug":"pulse-laser-cleaning-machine","status":"publish","type":"product","link":"https:\/\/bogonglaser.com\/ro\/pulse-laser-cleaning-machine\/","title":{"rendered":"Fiber Laser Deep Metal Gravarea ma\u0219in\u0103 de v\u00e2nzare"},"content":{"rendered":"<p>Ma\u0219ina de gravur\u0103 profund\u0103 cu laser cu fibre este instrumentul minunat pentru gravarea profund\u0103 pe o varietate de materiale, inclusiv o\u021bel inoxidabil, titan, aluminiu, alam\u0103 \u0219i multe altele. <a href=\"https:\/\/bogonglaser.com\/ro\/\">BOGONG<\/a> 50w 60w fibra laser metal gravator nu numai exceleaz\u0103 la gravur\u0103, dar este, de asemenea, capabil de t\u0103iere metale sub\u021biri. Acum pute\u021bi achizi\u021biona aceast\u0103 ma\u0219in\u0103 avansat\u0103 de gravur\u0103 metalic\u0103 cu laser la un pre\u021b accesibil.<\/p>\n<figure id=\"attachment_7453\" aria-describedby=\"caption-attachment-7453\" style=\"width: 300px\" class=\"wp-caption alignnone\"><img decoding=\"async\" class=\"size-medium wp-image-7453\" src=\"https:\/\/bogonglaser.com\/wp-content\/uploads\/2024\/10\/deep-engraving-machine-2-300x225.jpg\" alt=\"ma\u0219in\u0103 de gravur\u0103 ad\u00e2nc\u0103\" width=\"300\" height=\"225\" title=\"\" srcset=\"https:\/\/bogonglaser.com\/wp-content\/uploads\/2024\/10\/deep-engraving-machine-2-300x225.jpg 300w, https:\/\/bogonglaser.com\/wp-content\/uploads\/2024\/10\/deep-engraving-machine-2-600x450.jpg 600w, https:\/\/bogonglaser.com\/wp-content\/uploads\/2024\/10\/deep-engraving-machine-2-768x576.jpg 768w, https:\/\/bogonglaser.com\/wp-content\/uploads\/2024\/10\/deep-engraving-machine-2-16x12.jpg 16w, https:\/\/bogonglaser.com\/wp-content\/uploads\/2024\/10\/deep-engraving-machine-2.jpg 800w\" sizes=\"(max-width: 300px) 100vw, 300px\" \/><figcaption id=\"caption-attachment-7453\" class=\"wp-caption-text\">ma\u0219in\u0103 de gravur\u0103 ad\u00e2nc\u0103<\/figcaption><\/figure>\n<p>Termenul \"gravur\u0103\" include dou\u0103 tipuri principale: gravur\u0103 superficial\u0103 \u0219i gravur\u0103 profund\u0103. C\u00e2nd oamenii vorbesc despre \"gravur\u0103 cu laser\", se refer\u0103 de obicei la gravur\u0103 superficial\u0103. De\u0219i gravura profund\u0103 \u0219i gravura cu laser au asem\u0103n\u0103ri, ele nu sunt la fel.<\/p>\n<p>\u00cen diverse aplica\u021bii tehnologice, exist\u0103 unele cerin\u021be de gravur\u0103 profund\u0103, cum ar fi matri\u021bele, armele de foc, bijuteriile, piesele auto \u0219i metalul, cum ar fi o\u021belul, ceramica, aurul, argintul, cuprul \u0219i aluminiul, precum \u0219i materiale mai noi, cum ar fi carbura de siliciu \u0219i aliajele de nichel-crom, este esen\u021bial s\u0103 \u00eendep\u0103rta\u021bi profund stratul exterior. pute\u021bi g\u0103si mai multe \u00een articolul de mai jos.<\/p>\n<p>Metodele tradi\u021bionale, cum ar fi coroziunea electric\u0103 sau chimic\u0103, pot fi greoaie \u0219i se pot lupta pentru a \u00eendeplini cerin\u021bele de precizie. prelucrarea termic\u0103 cu laser ofer\u0103 o precizie la nivel de microni, o surs\u0103 laser de \u00eenalt\u0103 calitate, combinat\u0103 cu capul galvo laser \u0219i Software, face visul dvs. personalizat s\u0103 devin\u0103 realitate.<\/p>\n<figure id=\"attachment_7454\" aria-describedby=\"caption-attachment-7454\" style=\"width: 300px\" class=\"wp-caption alignnone\"><img decoding=\"async\" class=\"size-medium wp-image-7454\" src=\"https:\/\/bogonglaser.com\/wp-content\/uploads\/2024\/10\/deep-engraving-machine-1-300x225.jpg\" alt=\"ma\u0219in\u0103 de gravur\u0103 ad\u00e2nc\u0103\" width=\"300\" height=\"225\" title=\"\" srcset=\"https:\/\/bogonglaser.com\/wp-content\/uploads\/2024\/10\/deep-engraving-machine-1-300x225.jpg 300w, https:\/\/bogonglaser.com\/wp-content\/uploads\/2024\/10\/deep-engraving-machine-1-600x450.jpg 600w, https:\/\/bogonglaser.com\/wp-content\/uploads\/2024\/10\/deep-engraving-machine-1-768x576.jpg 768w, https:\/\/bogonglaser.com\/wp-content\/uploads\/2024\/10\/deep-engraving-machine-1-16x12.jpg 16w, https:\/\/bogonglaser.com\/wp-content\/uploads\/2024\/10\/deep-engraving-machine-1.jpg 800w\" sizes=\"(max-width: 300px) 100vw, 300px\" \/><figcaption id=\"caption-attachment-7454\" class=\"wp-caption-text\">ma\u0219in\u0103 de gravur\u0103 ad\u00e2nc\u0103<\/figcaption><\/figure>\n<p>Gravura profund\u0103 cu laser este un proces de marcare care utilizeaz\u0103 un laser cu fibr\u0103 \u0219i o tehnologie avansat\u0103. Aceasta \u00eembun\u0103t\u0103\u021be\u0219te puterea \u0219i calitatea laserului, permi\u021b\u00e2ndu-i s\u0103 transforme rapid metalul \u00een gaz, reduc\u00e2nd deteriorarea termic\u0103 a zonelor din apropiere. Cu o rat\u0103 de repeti\u021bie ridicat\u0103, contururile literelor \u0219i ale desenelor devin mai clare \u0219i mai curate, cu mai pu\u021bine asperit\u0103\u021bi \u0219i o textur\u0103 de fond pl\u0103cut\u0103. Aceast\u0103 metod\u0103 poate finaliza \u00eentr-o singur\u0103 etap\u0103 ceea ce ar necesita de obicei mai multe etape \u00een procesele tradi\u021bionale de coroziune. \u00cen plus, nu necesit\u0103 consumabile sau substan\u021be chimice suplimentare, ceea ce o face rentabil\u0103.<\/p>\n<p>Ad\u00e2ncimea \u0219i viteza de gravur\u0103 depind de mai mul\u021bi factori:<\/p>\n<ul>\n<li><strong>Tip metal:<\/strong> Metalele diferite se comport\u0103 diferit \u00een timpul grav\u0103rii. De exemplu, aluminiul are cel mai sc\u0103zut punct de topire, astfel \u00eenc\u00e2t se graveaz\u0103 cel mai rapid.<\/li>\n<li><strong>L\u0103\u021bimea impulsului:<\/strong> Un puls mai larg \u00eenseamn\u0103 o gravur\u0103 mai rapid\u0103, dar o umbrire mai grosier\u0103. Un puls mai mic lucreaz\u0103 mai lent, dar ofer\u0103 o umbrire mai fin\u0103. Alegerea l\u0103\u021bimii corecte a pulsului este important\u0103 pentru echilibrarea vitezei \u0219i calit\u0103\u021bii.<\/li>\n<li><strong>Surs\u0103 laser:<\/strong> Tipul de laser utilizat afecteaz\u0103 modul \u00een care absoarbe lumina, astfel \u00eenc\u00e2t este important s\u0103 lua\u021bi \u00een considerare marca \u0219i bugetul dumneavoastr\u0103.<\/li>\n<li><strong>Putere laser:<\/strong> O putere mai mare a laserului \u00eenseamn\u0103, \u00een general, o gravur\u0103 mai profund\u0103, dac\u0103 celelalte condi\u021bii r\u0103m\u00e2n acelea\u0219i.<\/li>\n<li><strong>Timp de gravur\u0103:<\/strong> Procesul de gravur\u0103 necesit\u0103 mai multe treceri. Cu c\u00e2t petrece\u021bi mai mult timp grav\u00e2nd, cu at\u00e2t rezultatul este mai profund.<\/li>\n<li><strong>Starea suprafe\u021bei:<\/strong> Textura suprafe\u021bei metalice conteaz\u0103. Suprafe\u021bele netede, lucioase sau tratate (precum cele anodizate sau acoperite) reac\u021bioneaz\u0103 diferit la laser, afect\u00e2nd rezultatele finale.<\/li>\n<li><strong>Gama de scanare:<\/strong> Optica laserului determin\u0103 raza de scanare. O raz\u0103 mai mare poate face gravura mai dificil\u0103 \u0219i mai lent\u0103.<\/li>\n<\/ul>\n<p>&nbsp;<\/p>\n<h3>Care este ad\u00e2ncimea maxim\u0103 a gravurii cu laser?<\/h3>\n<p>Ad\u00e2ncimea ma\u0219inii de gravur\u0103 cu laser poate ajunge p\u00e2n\u0103 la 1 mm sau mai mult dac\u0103 petrece\u021bi mai mult timp pe ea, alege\u021bi o ma\u0219in\u0103 cu putere laser mai mare v\u0103 poate ajuta s\u0103 economisi\u021bi mai mult timp.<\/p>\n<h4>Care este cel mai bun laser pentru gravarea ad\u00e2nc\u0103 a metalului?<\/h4>\n<p>Fiber laser poate face gravur\u0103 profund\u0103 pe metal, dac\u0103 dori\u021bi s\u0103 ob\u021bine\u021bi un rezultat mai bun pe umbrire, alege\u021bi o mopa de fibre va fi o idee bun\u0103.<\/p>\n<p><iframe title=\"He Said It&#039;s Amazing 60W MOPA Fiber Laser Engraver | Gravur\u0103 profund\u0103 pe metal\" width=\"1290\" height=\"726\" src=\"https:\/\/www.youtube.com\/embed\/7wAJLwkef5M?feature=oembed\" frameborder=\"0\" allow=\"accelerometer; autoplay; clipboard-write; encrypted-media; gyroscope; picture-in-picture; web-share\" referrerpolicy=\"strict-origin-when-cross-origin\" allowfullscreen><\/iframe><\/p>\n<p><iframe title=\"Lucrare uimitoare de c\u0103tre ma\u0219ina de gravur\u0103 cu laser BOGONG | Fiber Laser Engraver\" width=\"1290\" height=\"726\" src=\"https:\/\/www.youtube.com\/embed\/Y15fta5gyZo?feature=oembed\" frameborder=\"0\" allow=\"accelerometer; autoplay; clipboard-write; encrypted-media; gyroscope; picture-in-picture; web-share\" referrerpolicy=\"strict-origin-when-cross-origin\" allowfullscreen><\/iframe><\/p>\n<h3>Cum s\u0103 alege\u021bi ma\u0219ina de gravur\u0103 cu laser de ad\u00e2ncime potrivit\u0103<\/h3>\n<p>Atunci c\u00e2nd selecta\u021bi o ma\u0219in\u0103 pentru proiectul dvs. de gravur\u0103, este important s\u0103 lua\u021bi \u00een considerare c\u00e2t de ad\u00e2nc\u0103 trebuie s\u0103 fie gravura, materialul cu care ve\u021bi lucra \u0219i dimensiunea marcajului. Iat\u0103 5 factori cheie de care trebuie s\u0103 \u021bine\u021bi cont: viteza, puterea, timpul de gravur\u0103 \u0219i materialul.<\/p>\n<p>S\u0103 analiz\u0103m fiecare factor \u0219i s\u0103 \u00eei \u00een\u021belegem importan\u021ba.<\/p>\n<p><strong>Viteza<\/strong><br \/>\nViteza este adesea confundat\u0103 cu frecven\u021ba, \u00eens\u0103 acestea nu sunt identice. Frecven\u021ba se refer\u0103 la de c\u00e2te ori fasciculul laser atinge \u021binta \u00eentr-o anumit\u0103 perioad\u0103 de timp, \u00een timp ce viteza indic\u0103 c\u00e2t timp fasciculul r\u0103m\u00e2ne concentrat pe \u021bint\u0103. \u00cen general, dac\u0103 dori\u021bi o gravur\u0103 mai profund\u0103, ve\u021bi avea nevoie de o vitez\u0103 mai mic\u0103. Cu toate acestea, fi\u021bi con\u0219tien\u021bi de faptul c\u0103 o vitez\u0103 mai mic\u0103 nu este singurul factor care afecteaz\u0103 ad\u00e2ncimea.<\/p>\n<p><strong>Putere<\/strong><br \/>\nO putere mai mare \u00eenseamn\u0103 c\u0103 laserul genereaz\u0103 o energie mai intens\u0103, ceea ce poate duce la gravuri mai ad\u00e2nci. Dar, la fel ca \u00een cazul vitezei, acest rezultat se poate schimba \u00een func\u021bie de al\u021bi factori \u00een joc.<\/p>\n<p><strong>Timp de gravur\u0103<\/strong><br \/>\nGravura ad\u00e2nc\u0103 necesit\u0103 mai mult timp. Laserul trebuie s\u0103 direc\u021bioneze energia c\u0103tre \u021bint\u0103 pentru mai mult timp pentru a vaporiza mai ad\u00e2nc \u00een material. G\u00e2ndi\u021bi-v\u0103 c\u0103 este ca \u0219i cum a\u021bi t\u0103ia cu fer\u0103str\u0103ul o bucat\u0103 de lemn; cu c\u00e2t t\u0103ia\u021bi mai mult timp, cu at\u00e2t mai ad\u00e2nc pute\u021bi merge.<\/p>\n<p><strong>Materiale<\/strong><br \/>\nSelecta\u021bi aparatul de gravur\u0103 cu laser \u00een func\u021bie de materialul pe care \u00eel utiliza\u021bi. Ca regul\u0103 general\u0103, laserele cu fibr\u0103 func\u021bioneaz\u0103 cel mai bine pentru metale, \u00een timp ce laserele CO2 sunt ideale pentru lemn. Utilizarea unui tip gre\u0219it de laser poate duce la rezultate slabe de gravur\u0103.<\/p>\n<h3>Ave\u021bi nevoie de ajutor pentru a alege o ma\u0219in\u0103 de gravur\u0103 cu laser de ad\u00e2ncime?<\/h3>\n<p>Gravarea cu laser \u00een ad\u00e2ncime este o form\u0103 specializat\u0103 de gravur\u0103 care necesit\u0103 set\u0103ri diferite fa\u021b\u0103 de gravura standard. Cu toate acestea, nu ave\u021bi neap\u0103rat nevoie de o ma\u0219in\u0103 diferit\u0103 pentru acest scop. La BOGONG LASER, ma\u0219inile noastre de marcat cu laser sunt concepute pentru a face fa\u021b\u0103 at\u00e2t gravurii superficiale, c\u00e2t \u0219i gravurii profunde, datorit\u0103 set\u0103rilor avansate \u0219i punctului focal cu reglare automat\u0103.<\/p>\n<p>Fie c\u0103 ave\u021bi nevoie de o ma\u0219in\u0103 pentru trasabilitate, logo-uri sau umplere, echipa noastr\u0103 este aici pentru a v\u0103 asculta nevoile \u0219i provoc\u0103rile. V\u0103 vom ajuta s\u0103 selecta\u021bi un utilaj laser care exceleaz\u0103 \u00een proiectul dvs. actual \u0219i este construit pentru a dura pentru proiectele dvs. viitoare.<\/p>\n<p>Contacta\u021bi echipa noastr\u0103 ast\u0103zi pentru a discuta despre ad\u00e2ncimea de gravur\u0103 dorit\u0103, cerin\u021bele proiectului \u0219i materialele.<\/p>\n<h4>Caracteristica dispozitivului BOGONG:<\/h4>\n<ul>\n<li><strong>Instalare simpl\u0103 \u0219i rapid\u0103:<\/strong> Se conecteaz\u0103 u\u0219or la computer prin USB.<\/li>\n<li><strong>Rentabil:<\/strong> Bucura\u021bi-v\u0103 de un randament ridicat al investi\u021biei cu un consum redus de energie sub 500W, care este o zecime din cel al laserelor tradi\u021bionale de pompare a luminii.<\/li>\n<li><strong>Nu necesit\u0103 \u00eentre\u021binere:<\/strong> Nu este necesar\u0103 \u00eentre\u021binerea laserului.<\/li>\n<li><strong>Durat\u0103 de via\u021b\u0103 extins\u0103:<\/strong> The <a href=\"https:\/\/bogonglaser.com\/ro\/laser-engraving-machine\/\">ma\u0219in\u0103 de gravur\u0103 cu laser pentru metal<\/a> utilizeaz\u0103 o diod\u0103 laser ca surs\u0103 de pompaj, oferind o durat\u0103 de via\u021b\u0103 de p\u00e2n\u0103 la 100.000 de ore.<\/li>\n<\/ul>\n<p>&nbsp;<\/p>\n<h3>Aplica\u021bii ale ma\u0219inilor de gravur\u0103 profund\u0103 cu laser cu fibre<\/h3>\n<p>Ma\u0219inile de gravur\u0103 ad\u00e2nc\u0103 cu laser cu fibr\u0103 optic\u0103 sunt instrumente versatile utilizate pentru marcarea \u0219i gravarea pe o gam\u0103 larg\u0103 de materiale. Acestea sunt deosebit de eficiente pe metale, inclusiv o\u021bel inoxidabil, aluminiu, aliaje, alam\u0103, argint, aur, titan \u0219i fier. \u00cen plus, aceste ma\u0219ini pot fi utilizate \u0219i pe suprafe\u021be nemetalice. Aplica\u021biile comune includ:<\/p>\n<ul>\n<li>Arme \u0219i arme de foc<\/li>\n<li>Inele \u0219i bijuterii<\/li>\n<li>Rulmen\u021bi \u0219i angrenaje<\/li>\n<li>Piese auto<\/li>\n<li>Hardware \u0219i unelte<\/li>\n<li>Componente aerospa\u021biale<\/li>\n<li>Cipuri pentru circuite integrate<\/li>\n<li>Accesorii pentru calculatoare<\/li>\n<li>Ceasuri<\/li>\n<li>Dispozitive electronice \u0219i de comunicare<\/li>\n<li>Aparate electrocasnice<\/li>\n<li>S\u00e2rm\u0103 \u0219i cablu<\/li>\n<li>Ornamente precum coliere \u0219i br\u0103\u021b\u0103ri<\/li>\n<\/ul>\n<p>These machines are also capable of cutting thin metals such as stainless steel, aluminum, alloys, brass, silver, gold, and titanium.Contact with BOGONG team to get newest price.<\/p>","protected":false},"excerpt":{"rendered":"<h2>Fiber Laser Deep Metal Gravarea ma\u0219in\u0103 de v\u00e2nzare<\/h2>\n<p>Ma\u0219ina de gravur\u0103 profund\u0103 cu laser cu fibr\u0103 este instrumentul minunat pentru gravarea profund\u0103 pe o varietate de materiale, inclusiv o\u021bel inoxidabil, titan, aluminiu, alam\u0103 \u0219i multe altele. Gravatorul de metal cu laser cu fibr\u0103 BOGONG 50w 60w nu numai c\u0103 exceleaz\u0103 la gravur\u0103, dar este, de asemenea, capabil s\u0103 taie metale sub\u021biri. Acum pute\u021bi achizi\u021biona aceast\u0103 ma\u0219in\u0103 avansat\u0103 de gravur\u0103 laser pentru metale la un pre\u021b accesibil.<\/p>\n<ul class=\"tips\">\n<li>180 seturi \/ lun\u0103 \u00cen a\u0219teptare pentru v\u00e2nzare \u00cen stoc<\/li>\n<li>Garan\u021bie limitat\u0103 de 2 ani pentru \u00eentreaga ma\u0219in\u0103<\/li>\n<li>1-2 zile de manipulare \u0219i 7-30 zile de livrare<\/li>\n<li>Garan\u021bie de returnare a banilor \u00een 30 de zile pentru achizi\u021bia dvs.<\/li>\n<li>Online (PayPal) \u0219i offline (T\/T, carduri de debit \u0219i de credit)<\/li>\n<\/ul>","protected":false},"featured_media":1625,"template":"","meta":{"_gspb_post_css":""},"product_brand":[],"product_cat":[97,93,96],"product_tag":[102],"class_list":{"0":"post-1509","1":"product","2":"type-product","3":"status-publish","4":"has-post-thumbnail","6":"product_cat-fiber-laser-marker","7":"product_cat-laser-engraving-machine","8":"product_cat-laser-marking-machine","9":"product_tag-laser-marking-machine","11":"first","12":"instock","13":"shipping-taxable","14":"product-type-simple"},"_links":{"self":[{"href":"https:\/\/bogonglaser.com\/ro\/wp-json\/wp\/v2\/product\/1509","targetHints":{"allow":["GET"]}}],"collection":[{"href":"https:\/\/bogonglaser.com\/ro\/wp-json\/wp\/v2\/product"}],"about":[{"href":"https:\/\/bogonglaser.com\/ro\/wp-json\/wp\/v2\/types\/product"}],"wp:featuredmedia":[{"embeddable":true,"href":"https:\/\/bogonglaser.com\/ro\/wp-json\/wp\/v2\/media\/1625"}],"wp:attachment":[{"href":"https:\/\/bogonglaser.com\/ro\/wp-json\/wp\/v2\/media?parent=1509"}],"wp:term":[{"taxonomy":"product_brand","embeddable":true,"href":"https:\/\/bogonglaser.com\/ro\/wp-json\/wp\/v2\/product_brand?post=1509"},{"taxonomy":"product_cat","embeddable":true,"href":"https:\/\/bogonglaser.com\/ro\/wp-json\/wp\/v2\/product_cat?post=1509"},{"taxonomy":"product_tag","embeddable":true,"href":"https:\/\/bogonglaser.com\/ro\/wp-json\/wp\/v2\/product_tag?post=1509"}],"curies":[{"name":"wp","href":"https:\/\/api.w.org\/{rel}","templated":true}]}}